{"id":2338,"date":"2025-04-26T01:35:43","date_gmt":"2025-04-26T01:35:43","guid":{"rendered":"https:\/\/vitaroma.fi\/?post_type=product&#038;p=2338"},"modified":"2025-11-24T01:26:52","modified_gmt":"2025-11-23T23:26:52","slug":"fusion-meso-repair-cream","status":"publish","type":"product","link":"https:\/\/vitaroma.fi\/tr\/produkt\/fusion-meso-repair-cream\/","title":{"rendered":"Fusion Meso Onar\u0131c\u0131 Krem"},"content":{"rendered":"<p class=\"\" data-start=\"471\" data-end=\"705\"><strong data-start=\"471\" data-end=\"629\">Fusion Meso Repair Cream, mezoterapi gibi estetik i\u015flemlerden sonra cildin etkili bir \u015fekilde iyile\u015fmesi ve onar\u0131lmas\u0131 i\u00e7in \u00f6zel olarak geli\u015ftirilmi\u015ftir.<\/strong><br data-start=\"629\" data-end=\"632\" \/>\u0130\u00e7eri\u011finde bulunan aktif bile\u015fenlerin son derece etkili bir kombinasyonu vard\u0131r:<\/p>\n<ul data-start=\"707\" data-end=\"878\">\n<li class=\"\" data-start=\"707\" data-end=\"745\">\n<p class=\"\" data-start=\"709\" data-end=\"745\"><strong data-start=\"709\" data-end=\"743\">\u0130yile\u015fme s\u00fcrecini h\u0131zland\u0131r\u0131r<\/strong><\/p>\n<\/li>\n<li class=\"\" data-start=\"746\" data-end=\"811\">\n<p class=\"\" data-start=\"748\" data-end=\"811\"><strong data-start=\"748\" data-end=\"809\">48 saat i\u00e7inde k\u0131zar\u0131kl\u0131\u011f\u0131 ve iltihab\u0131 &#039;ye kadar azalt\u0131r<\/strong><\/p>\n<\/li>\n<li class=\"\" data-start=\"812\" data-end=\"878\">\n<p class=\"\" data-start=\"814\" data-end=\"878\"><strong data-start=\"814\" data-end=\"841\">DNA hasar\u0131n\u0131 onar\u0131r<\/strong>\u00f6zellikle UV radyasyonunun neden oldu\u011fu<\/p>\n<\/li>\n<\/ul>\n<p class=\"\" data-start=\"880\" data-end=\"923\"><strong data-start=\"880\" data-end=\"923\">Ba\u015fl\u0131ca \u00f6zellikleri ve etkileri:<\/strong><\/p>\n<ul data-start=\"924\" data-end=\"1282\">\n<li class=\"\" data-start=\"924\" data-end=\"1004\">\n<p class=\"\" data-start=\"926\" data-end=\"1004\"><strong data-start=\"926\" data-end=\"948\">\u0130yile\u015ftirme kompleksi:<\/strong> \u0130ltihapl\u0131 reaksiyonlar\u0131 azalt\u0131r ve cilt yenilenmesini destekler<\/p>\n<\/li>\n<li class=\"\" data-start=\"1005\" data-end=\"1110\">\n<p class=\"\" data-start=\"1007\" data-end=\"1110\"><strong data-start=\"1007\" data-end=\"1031\">DNA onar\u0131m fonksiyonu:<\/strong> G\u00fcne\u015f kaynakl\u0131 ya\u015flanma gibi \u00e7evresel hasarlar\u0131 tersine \u00e7evirir<\/p>\n<\/li>\n<li class=\"\" data-start=\"1111\" data-end=\"1193\">\n<p class=\"\" data-start=\"1113\" data-end=\"1193\"><strong data-start=\"1113\" data-end=\"1139\">Ya\u011fl\u0131 doku:<\/strong> Cilde n\u00fcfuz ederek tahri\u015fi yat\u0131\u015ft\u0131r\u0131r ve serinletir<\/p>\n<\/li>\n<li class=\"\" data-start=\"1194\" data-end=\"1282\">\n<p class=\"\" data-start=\"1196\" data-end=\"1282\"><strong data-start=\"1196\" data-end=\"1216\">Koruyucu mumlar:<\/strong> Cildin y\u00fczeyinde nefes alabilen, g\u00fc\u00e7lendirici bir koruyucu tabaka olu\u015fturur<\/p>\n<\/li>\n<\/ul>\n<p class=\"\" data-start=\"1284\" data-end=\"1303\"><strong data-start=\"1284\" data-end=\"1301\">Kullan\u0131m ipucu:<\/strong><\/p>\n<ul data-start=\"1304\" data-end=\"1419\">\n<li class=\"\" data-start=\"1304\" data-end=\"1419\">\n<p class=\"\" data-start=\"1306\" data-end=\"1419\">Krem, optimum serinlik ve rahatlat\u0131c\u0131 etki i\u00e7in serin bir yerde (7\u201315\u00b0C) saklanabilir.<\/p>\n<\/li>\n<\/ul>\n<p class=\"\" data-start=\"1421\" data-end=\"1451\"><strong data-start=\"1421\" data-end=\"1449\">D\u00fczenli kullan\u0131mda:<\/strong><\/p>\n<ul data-start=\"1452\" data-end=\"1580\">\n<li class=\"\" data-start=\"1452\" data-end=\"1477\">\n<p class=\"\" data-start=\"1454\" data-end=\"1477\">Cilt daha h\u0131zl\u0131 iyile\u015fir<\/p>\n<\/li>\n<li class=\"\" data-start=\"1478\" data-end=\"1521\">\n<p class=\"\" data-start=\"1480\" data-end=\"1521\">K\u0131zar\u0131kl\u0131k ve tahri\u015f g\u00f6zle g\u00f6r\u00fcl\u00fcr \u015fekilde azal\u0131r<\/p>\n<\/li>\n<li class=\"\" data-start=\"1522\" data-end=\"1580\">\n<p class=\"\" data-start=\"1524\" data-end=\"1580\">Cildin yap\u0131s\u0131 ve koruyucu fonksiyonlar\u0131 \u00f6nemli \u00f6l\u00e7\u00fcde g\u00fc\u00e7lenir<\/p>\n<\/li>\n<\/ul>\n<p class=\"\" data-start=\"1582\" data-end=\"1638\">A\u015fa\u011f\u0131daki gibi prosed\u00fcrlerde kullan\u0131m i\u00e7in m\u00fckemmel \u015fekilde uygundur:<\/p>\n<ul data-start=\"1640\" data-end=\"1712\">\n<li class=\"\" data-start=\"1640\" data-end=\"1655\">\n<p class=\"\" data-start=\"1642\" data-end=\"1655\">Mezoterapi<\/p>\n<\/li>\n<li class=\"\" data-start=\"1656\" data-end=\"1672\">\n<p class=\"\" data-start=\"1658\" data-end=\"1672\">Mikroi\u011fneleme<\/p>\n<\/li>\n<li class=\"\" data-start=\"1673\" data-end=\"1688\">\n<p class=\"\" data-start=\"1675\" data-end=\"1688\">Lazer tedavileri<\/p>\n<\/li>\n<li class=\"\" data-start=\"1689\" data-end=\"1712\">\n<p class=\"\" data-start=\"1691\" data-end=\"1712\">Kimyasal peeling<\/p>\n<\/li>\n<\/ul>\n<p class=\"\" data-start=\"1714\" data-end=\"1722\">sonras\u0131nda.<\/p>","protected":false},"excerpt":{"rendered":"<p class=\"\" data-start=\"1778\" data-end=\"1930\"><strong data-start=\"1778\" data-end=\"1930\">Mezoterapinin aktif bile\u015fenleriyle zenginle\u015ftirilmi\u015f, cilt iyile\u015fmesini h\u0131zland\u0131ran, k\u0131zar\u0131kl\u0131klar\u0131 azaltan ve DNA hasar\u0131n\u0131 onaran etkili bir onar\u0131c\u0131 krem.<\/strong><\/p>","protected":false},"featured_media":2339,"comment_status":"open","ping_status":"closed","template":"","meta":{"_surecart_dashboard_logo_width":"180px","_surecart_dashboard_show_logo":true,"_surecart_dashboard_navigation_orders":true,"_surecart_dashboard_navigation_invoices":true,"_surecart_dashboard_navigation_subscriptions":true,"_surecart_dashboard_navigation_downloads":true,"_surecart_dashboard_navigation_billing":true,"_surecart_dashboard_navigation_account":true,"_uag_custom_page_level_css":"","site-sidebar-layout":"default","site-content-layout":"","ast-site-content-layout":"default","site-content-style":"default","site-sidebar-style":"default","ast-global-header-display":"","ast-banner-title-visibility":"","ast-main-header-display":"","ast-hfb-above-header-display":"","ast-hfb-below-header-display":"","ast-hfb-mobile-header-display":"","site-post-title":"","ast-breadcrumbs-content":"","ast-featured-img":"","footer-sml-layout":"","ast-disable-related-posts":"","theme-transparent-header-meta":"default","adv-header-id-meta":"","stick-header-meta":"default","header-above-stick-meta":"","header-main-stick-meta":"","header-below-stick-meta":"","astra-migrate-meta-layouts":"set","ast-page-background-enabled":"default","ast-page-background-meta":{"desktop":{"background-color":"var(--ast-global-color-4)","background-image":"","background-repeat":"repeat","background-position":"center center","background-size":"auto","background-attachment":"scroll","background-type":"","background-media":"","overlay-type":"","overlay-color":"","overlay-opacity":"","overlay-gradient":""},"tablet":{"background-color":"","background-image":"","background-repeat":"repeat","background-position":"center center","background-size":"auto","background-attachment":"scroll","background-type":"","background-media":"","overlay-type":"","overlay-color":"","overlay-opacity":"","overlay-gradient":""},"mobile":{"background-color":"","background-image":"","background-repeat":"repeat","background-position":"center center","background-size":"auto","background-attachment":"scroll","background-type":"","background-media":"","overlay-type":"","overlay-color":"","overlay-opacity":"","overlay-gradient":""}},"ast-content-background-meta":{"desktop":{"background-color":"var(--ast-global-color-5)","background-image":"","background-repeat":"repeat","background-position":"center center","background-size":"auto","background-attachment":"scroll","background-type":"","background-media":"","overlay-type":"","overlay-color":"","overlay-opacity":"","overlay-gradient":""},"tablet":{"background-color":"var(--ast-global-color-5)","background-image":"","background-repeat":"repeat","background-position":"center center","background-size":"auto","background-attachment":"scroll","background-type":"","background-media":"","overlay-type":"","overlay-color":"","overlay-opacity":"","overlay-gradient":""},"mobile":{"background-color":"var(--ast-global-color-5)","background-image":"","background-repeat":"repeat","background-position":"center center","background-size":"auto","background-attachment":"scroll","background-type":"","background-media":"","overlay-type":"","overlay-color":"","overlay-opacity":"","overlay-gradient":""}}},"product_brand":[],"product_cat":[479,97],"product_tag":[483,485,487,480,488,481,482,489,484,486],"class_list":{"0":"post-2338","1":"product","2":"type-product","3":"status-publish","4":"has-post-thumbnail","6":"product_cat-kasvojen-hoito-korjaavat-ja-rauhoittavat-voiteet","7":"product_cat-unkategorisiert","8":"product_tag-dna-vaurioiden-korjaus","9":"product_tag-esteettisten-toimenpiteiden-jalkeinen-voide","10":"product_tag-fusion-meso-repair-cream","11":"product_tag-ihoa-korjaava-voide","12":"product_tag-ihon-paranemisen-nopeuttaminen","13":"product_tag-mesoterapian-jalkihoito","14":"product_tag-punoituksen-vahentaminen","15":"product_tag-suojaava-kasvovoide","16":"product_tag-uv-sateilyn-aiheuttamien-vaurioiden-hoito","17":"product_tag-viilentava-korjausvoide","18":"desktop-align-left","19":"tablet-align-left","20":"mobile-align-left","22":"first","23":"instock","24":"shipping-taxable","25":"purchasable","26":"product-type-simple"},"uagb_featured_image_src":{"full":["https:\/\/vitaroma.fi\/wp-content\/uploads\/2025\/04\/f0c2b5_02a6062f7b8f4427a659215d3b4f2601mv2.png",1080,1080,false],"thumbnail":["https:\/\/vitaroma.fi\/wp-content\/uploads\/2025\/04\/f0c2b5_02a6062f7b8f4427a659215d3b4f2601mv2-150x150.png",150,150,true],"medium":["https:\/\/vitaroma.fi\/wp-content\/uploads\/2025\/04\/f0c2b5_02a6062f7b8f4427a659215d3b4f2601mv2-300x300.png",300,300,true],"medium_large":["https:\/\/vitaroma.fi\/wp-content\/uploads\/2025\/04\/f0c2b5_02a6062f7b8f4427a659215d3b4f2601mv2-768x768.png",768,768,true],"large":["https:\/\/vitaroma.fi\/wp-content\/uploads\/2025\/04\/f0c2b5_02a6062f7b8f4427a659215d3b4f2601mv2-1024x1024.png",1024,1024,true],"1536x1536":["https:\/\/vitaroma.fi\/wp-content\/uploads\/2025\/04\/f0c2b5_02a6062f7b8f4427a659215d3b4f2601mv2.png",1080,1080,false],"2048x2048":["https:\/\/vitaroma.fi\/wp-content\/uploads\/2025\/04\/f0c2b5_02a6062f7b8f4427a659215d3b4f2601mv2.png",1080,1080,false],"trp-custom-language-flag":["https:\/\/vitaroma.fi\/wp-content\/uploads\/2025\/04\/f0c2b5_02a6062f7b8f4427a659215d3b4f2601mv2-12x12.png",12,12,true],"woocommerce_thumbnail":["https:\/\/vitaroma.fi\/wp-content\/uploads\/2025\/04\/f0c2b5_02a6062f7b8f4427a659215d3b4f2601mv2-300x300.png",300,300,true],"woocommerce_single":["https:\/\/vitaroma.fi\/wp-content\/uploads\/2025\/04\/f0c2b5_02a6062f7b8f4427a659215d3b4f2601mv2-600x600.png",600,600,true],"woocommerce_gallery_thumbnail":["https:\/\/vitaroma.fi\/wp-content\/uploads\/2025\/04\/f0c2b5_02a6062f7b8f4427a659215d3b4f2601mv2-100x100.png",100,100,true]},"uagb_author_info":{"display_name":"emilkemal4@gmail.com","author_link":"https:\/\/vitaroma.fi\/tr\/author\/"},"uagb_comment_info":0,"uagb_excerpt":"Mesoterapian aktiivisilla ainesosilla rikastettu tehokas korjausvoide, joka nopeuttaa ihon paranemista, v\u00e4hent\u00e4\u00e4 punoitusta ja korjaa DNA-vaurioita.","_links":{"self":[{"href":"https:\/\/vitaroma.fi\/tr\/wp-json\/wp\/v2\/product\/2338","targetHints":{"allow":["GET"]}}],"collection":[{"href":"https:\/\/vitaroma.fi\/tr\/wp-json\/wp\/v2\/product"}],"about":[{"href":"https:\/\/vitaroma.fi\/tr\/wp-json\/wp\/v2\/types\/product"}],"replies":[{"embeddable":true,"href":"https:\/\/vitaroma.fi\/tr\/wp-json\/wp\/v2\/comments?post=2338"}],"wp:featuredmedia":[{"embeddable":true,"href":"https:\/\/vitaroma.fi\/tr\/wp-json\/wp\/v2\/media\/2339"}],"wp:attachment":[{"href":"https:\/\/vitaroma.fi\/tr\/wp-json\/wp\/v2\/media?parent=2338"}],"wp:term":[{"taxonomy":"product_brand","embeddable":true,"href":"https:\/\/vitaroma.fi\/tr\/wp-json\/wp\/v2\/product_brand?post=2338"},{"taxonomy":"product_cat","embeddable":true,"href":"https:\/\/vitaroma.fi\/tr\/wp-json\/wp\/v2\/product_cat?post=2338"},{"taxonomy":"product_tag","embeddable":true,"href":"https:\/\/vitaroma.fi\/tr\/wp-json\/wp\/v2\/product_tag?post=2338"}],"curies":[{"name":"wp","href":"https:\/\/api.w.org\/{rel}","templated":true}]}}