{"id":2336,"date":"2025-04-26T01:34:03","date_gmt":"2025-04-26T01:34:03","guid":{"rendered":"https:\/\/vitaroma.fi\/?post_type=product&#038;p=2336"},"modified":"2025-12-01T13:25:47","modified_gmt":"2025-12-01T11:25:47","slug":"fusion-ha-deep-filler","status":"publish","type":"product","link":"https:\/\/vitaroma.fi\/tr\/produkt\/fusion-ha-deep-filler\/","title":{"rendered":"Fusion HA Derin Dolgu"},"content":{"rendered":"<p class=\"\" data-start=\"465\" data-end=\"715\"><strong data-start=\"465\" data-end=\"667\">Fusion HA Deep Filler, enjeksiyon gerektirmeden hyaluronik asit dolgular\u0131n\u0131n etkisini uzatmak ve etkili k\u0131r\u0131\u015f\u0131kl\u0131k dolgusu ile cilt nemlendirmesi sa\u011flamak i\u00e7in tasarlanm\u0131\u015f geli\u015fmi\u015f bir serumdur.<\/strong><br data-start=\"667\" data-end=\"670\" \/>Hafif ve ipeksi dokusunda \u015funlar bulunur:<\/p>\n<ul data-start=\"717\" data-end=\"1047\">\n<li class=\"\" data-start=\"717\" data-end=\"882\">\n<p class=\"\" data-start=\"719\" data-end=\"882\"><strong data-start=\"719\" data-end=\"771\">\u00c7apraz ba\u011fl\u0131 hyaluronik asit (\u00e7apraz ba\u011fl\u0131 HA):<\/strong> T\u0131bbi dolgularda kullan\u0131lanlara benzer \u015fekilde, cildin nem dengesini ve hacmini art\u0131r\u0131r<\/p>\n<\/li>\n<li class=\"\" data-start=\"883\" data-end=\"967\">\n<p class=\"\" data-start=\"885\" data-end=\"967\"><strong data-start=\"885\" data-end=\"912\">Yumu\u015fak odaklama teknolojisi:<\/strong> K\u0131r\u0131\u015f\u0131kl\u0131klar\u0131n g\u00f6r\u00fcn\u00fcm\u00fcn\u00fc azalt\u0131r ve cilt tonunu ayd\u0131nlat\u0131r<\/p>\n<\/li>\n<li class=\"\" data-start=\"968\" data-end=\"1047\">\n<p class=\"\" data-start=\"970\" data-end=\"1047\"><strong data-start=\"970\" data-end=\"1006\">Taze narenciye kokusu:<\/strong> Enerji verici ve keyifli kullan\u0131c\u0131 deneyimi<\/p>\n<\/li>\n<\/ul>\n<p class=\"\" data-start=\"1049\" data-end=\"1076\"><strong data-start=\"1049\" data-end=\"1076\">Ana etkiler:<\/strong><\/p>\n<ul data-start=\"1077\" data-end=\"1331\">\n<li class=\"\" data-start=\"1077\" data-end=\"1120\">\n<p class=\"\" data-start=\"1079\" data-end=\"1120\">Hyaluronik asit dolgular\u0131n\u0131n s\u00fcresini uzat\u0131r<\/p>\n<\/li>\n<li class=\"\" data-start=\"1121\" data-end=\"1168\">\n<p class=\"\" data-start=\"1123\" data-end=\"1168\">K\u0131r\u0131\u015f\u0131kl\u0131klar\u0131 doldurur ve cilt hacmini art\u0131r\u0131r<\/p>\n<\/li>\n<li class=\"\" data-start=\"1169\" data-end=\"1257\">\n<p class=\"\" data-start=\"1171\" data-end=\"1257\">Su buharla\u015fmas\u0131n\u0131 azalt\u0131r ve cildi d\u0131\u015f etkenlerden (UV, kirlilik) korur.<\/p>\n<\/li>\n<li class=\"\" data-start=\"1258\" data-end=\"1331\">\n<p class=\"\" data-start=\"1260\" data-end=\"1331\">Ciltte nemi koruyan &quot;3D nefes alabilen koruyucu bir film&quot; olu\u015fturur<\/p>\n<\/li>\n<\/ul>\n<p class=\"\" data-start=\"1333\" data-end=\"1364\"><strong data-start=\"1333\" data-end=\"1362\">Mikrorezervuar etkisi:<\/strong><\/p>\n<ul data-start=\"1365\" data-end=\"1502\">\n<li class=\"\" data-start=\"1365\" data-end=\"1429\">\n<p class=\"\" data-start=\"1367\" data-end=\"1429\">\u00c7apraz ba\u011fl\u0131 yap\u0131 s\u00fcrekli olarak nemi ba\u011flar ve serbest b\u0131rak\u0131r<\/p>\n<\/li>\n<li class=\"\" data-start=\"1430\" data-end=\"1502\">\n<p class=\"\" data-start=\"1432\" data-end=\"1502\">Cilt y\u00fczeyi g\u00fcn boyu dolgun, nemli ve korunmu\u015f kal\u0131r<\/p>\n<\/li>\n<\/ul>\n<p class=\"\" data-start=\"1504\" data-end=\"1540\">D\u00fczenli kullan\u0131mda cilt \u015fu g\u00f6r\u00fcn\u00fcme kavu\u015fur:<\/p>\n<ul data-start=\"1542\" data-end=\"1650\">\n<li class=\"\" data-start=\"1542\" data-end=\"1574\">\n<p class=\"\" data-start=\"1544\" data-end=\"1574\">Daha p\u00fcr\u00fczs\u00fcz ve daha s\u0131k\u0131<\/p>\n<\/li>\n<li class=\"\" data-start=\"1575\" data-end=\"1614\">\n<p class=\"\" data-start=\"1577\" data-end=\"1614\">Daha dolgun ve daha gen\u00e7<\/p>\n<\/li>\n<li class=\"\" data-start=\"1615\" data-end=\"1650\">\n<p class=\"\" data-start=\"1617\" data-end=\"1650\">Daha parlak ve daha nemli<\/p>\n<\/li>\n<\/ul>","protected":false},"excerpt":{"rendered":"<p class=\"\" data-start=\"1706\" data-end=\"1870\"><strong data-start=\"1706\" data-end=\"1870\">Cildi etkili bir \u015fekilde nemlendiren, k\u0131r\u0131\u015f\u0131kl\u0131klar\u0131 dolduran, koruyan ve dolgu uygulamalar\u0131n\u0131n etkisini uzatan \u00e7apraz ba\u011fl\u0131 hyaluronik asit i\u00e7eren dolgu serumu.<\/strong><\/p>","protected":false},"featured_media":2337,"comment_status":"open","ping_status":"closed","template":"","meta":{"_surecart_dashboard_logo_width":"180px","_surecart_dashboard_show_logo":true,"_surecart_dashboard_navigation_orders":true,"_surecart_dashboard_navigation_invoices":true,"_surecart_dashboard_navigation_subscriptions":true,"_surecart_dashboard_navigation_downloads":true,"_surecart_dashboard_navigation_billing":true,"_surecart_dashboard_navigation_account":true,"_uag_custom_page_level_css":"","site-sidebar-layout":"default","site-content-layout":"","ast-site-content-layout":"default","site-content-style":"default","site-sidebar-style":"default","ast-global-header-display":"","ast-banner-title-visibility":"","ast-main-header-display":"","ast-hfb-above-header-display":"","ast-hfb-below-header-display":"","ast-hfb-mobile-header-display":"","site-post-title":"","ast-breadcrumbs-content":"","ast-featured-img":"","footer-sml-layout":"","theme-transparent-header-meta":"default","adv-header-id-meta":"","stick-header-meta":"default","header-above-stick-meta":"","header-main-stick-meta":"","header-below-stick-meta":"","astra-migrate-meta-layouts":"set","ast-page-background-enabled":"default","ast-page-background-meta":{"desktop":{"background-color":"var(--ast-global-color-4)","background-image":"","background-repeat":"repeat","background-position":"center center","background-size":"auto","background-attachment":"scroll","background-type":"","background-media":"","overlay-type":"","overlay-color":"","overlay-opacity":"","overlay-gradient":""},"tablet":{"background-color":"","background-image":"","background-repeat":"repeat","background-position":"center center","background-size":"auto","background-attachment":"scroll","background-type":"","background-media":"","overlay-type":"","overlay-color":"","overlay-opacity":"","overlay-gradient":""},"mobile":{"background-color":"","background-image":"","background-repeat":"repeat","background-position":"center center","background-size":"auto","background-attachment":"scroll","background-type":"","background-media":"","overlay-type":"","overlay-color":"","overlay-opacity":"","overlay-gradient":""}},"ast-content-background-meta":{"desktop":{"background-color":"var(--ast-global-color-5)","background-image":"","background-repeat":"repeat","background-position":"center center","background-size":"auto","background-attachment":"scroll","background-type":"","background-media":"","overlay-type":"","overlay-color":"","overlay-opacity":"","overlay-gradient":""},"tablet":{"background-color":"var(--ast-global-color-5)","background-image":"","background-repeat":"repeat","background-position":"center center","background-size":"auto","background-attachment":"scroll","background-type":"","background-media":"","overlay-type":"","overlay-color":"","overlay-opacity":"","overlay-gradient":""},"mobile":{"background-color":"var(--ast-global-color-5)","background-image":"","background-repeat":"repeat","background-position":"center center","background-size":"auto","background-attachment":"scroll","background-type":"","background-media":"","overlay-type":"","overlay-color":"","overlay-opacity":"","overlay-gradient":""}}},"product_brand":[],"product_cat":[470],"product_tag":[477,471,379,184,476,473,474,475,478,472],"class_list":{"0":"post-2336","1":"product","2":"type-product","3":"status-publish","4":"has-post-thumbnail","6":"product_cat-kasvojen-hoito-seerumit-ja-tayttavat-tuotteet","7":"product_tag-fusion-ha-deep-filler","8":"product_tag-hyaluronihapposeerumi","9":"product_tag-ihon-kosteutuksen-tehostus","10":"product_tag-kosteuttava-seerumi","11":"product_tag-mikroreservuaari-iholle","12":"product_tag-ristisidottu-hyaluronihappo","13":"product_tag-ryppyjen-taytto-ilman-injektioita","14":"product_tag-soft-focus-teknologia","15":"product_tag-taytelaisempi-iho","16":"product_tag-tayttava-seerumi","17":"desktop-align-left","18":"tablet-align-left","19":"mobile-align-left","21":"first","22":"instock","23":"shipping-taxable","24":"purchasable","25":"product-type-simple"},"uagb_featured_image_src":{"full":["https:\/\/vitaroma.fi\/wp-content\/uploads\/2025\/04\/f0c2b5_9a5f253019b4460a90b8123d8123eab0mv2.png",1080,1080,false],"thumbnail":["https:\/\/vitaroma.fi\/wp-content\/uploads\/2025\/04\/f0c2b5_9a5f253019b4460a90b8123d8123eab0mv2-150x150.png",150,150,true],"medium":["https:\/\/vitaroma.fi\/wp-content\/uploads\/2025\/04\/f0c2b5_9a5f253019b4460a90b8123d8123eab0mv2-300x300.png",300,300,true],"medium_large":["https:\/\/vitaroma.fi\/wp-content\/uploads\/2025\/04\/f0c2b5_9a5f253019b4460a90b8123d8123eab0mv2-768x768.png",768,768,true],"large":["https:\/\/vitaroma.fi\/wp-content\/uploads\/2025\/04\/f0c2b5_9a5f253019b4460a90b8123d8123eab0mv2-1024x1024.png",1024,1024,true],"1536x1536":["https:\/\/vitaroma.fi\/wp-content\/uploads\/2025\/04\/f0c2b5_9a5f253019b4460a90b8123d8123eab0mv2.png",1080,1080,false],"2048x2048":["https:\/\/vitaroma.fi\/wp-content\/uploads\/2025\/04\/f0c2b5_9a5f253019b4460a90b8123d8123eab0mv2.png",1080,1080,false],"trp-custom-language-flag":["https:\/\/vitaroma.fi\/wp-content\/uploads\/2025\/04\/f0c2b5_9a5f253019b4460a90b8123d8123eab0mv2-12x12.png",12,12,true],"woocommerce_thumbnail":["https:\/\/vitaroma.fi\/wp-content\/uploads\/2025\/04\/f0c2b5_9a5f253019b4460a90b8123d8123eab0mv2-300x300.png",300,300,true],"woocommerce_single":["https:\/\/vitaroma.fi\/wp-content\/uploads\/2025\/04\/f0c2b5_9a5f253019b4460a90b8123d8123eab0mv2-600x600.png",600,600,true],"woocommerce_gallery_thumbnail":["https:\/\/vitaroma.fi\/wp-content\/uploads\/2025\/04\/f0c2b5_9a5f253019b4460a90b8123d8123eab0mv2-100x100.png",100,100,true]},"uagb_author_info":{"display_name":"emilkemal4@gmail.com","author_link":"https:\/\/vitaroma.fi\/tr\/author\/"},"uagb_comment_info":0,"uagb_excerpt":"Ristisidottua hyaluronihappoa sis\u00e4lt\u00e4v\u00e4 t\u00e4ytt\u00f6seerumi, joka kosteuttaa, t\u00e4ytt\u00e4\u00e4 ryppyj\u00e4 ja suojaa ihoa tehokkaasti, samalla pident\u00e4en t\u00e4ytt\u00f6hoitojen vaikutusta.","_links":{"self":[{"href":"https:\/\/vitaroma.fi\/tr\/wp-json\/wp\/v2\/product\/2336","targetHints":{"allow":["GET"]}}],"collection":[{"href":"https:\/\/vitaroma.fi\/tr\/wp-json\/wp\/v2\/product"}],"about":[{"href":"https:\/\/vitaroma.fi\/tr\/wp-json\/wp\/v2\/types\/product"}],"replies":[{"embeddable":true,"href":"https:\/\/vitaroma.fi\/tr\/wp-json\/wp\/v2\/comments?post=2336"}],"wp:featuredmedia":[{"embeddable":true,"href":"https:\/\/vitaroma.fi\/tr\/wp-json\/wp\/v2\/media\/2337"}],"wp:attachment":[{"href":"https:\/\/vitaroma.fi\/tr\/wp-json\/wp\/v2\/media?parent=2336"}],"wp:term":[{"taxonomy":"product_brand","embeddable":true,"href":"https:\/\/vitaroma.fi\/tr\/wp-json\/wp\/v2\/product_brand?post=2336"},{"taxonomy":"product_cat","embeddable":true,"href":"https:\/\/vitaroma.fi\/tr\/wp-json\/wp\/v2\/product_cat?post=2336"},{"taxonomy":"product_tag","embeddable":true,"href":"https:\/\/vitaroma.fi\/tr\/wp-json\/wp\/v2\/product_tag?post=2336"}],"curies":[{"name":"wp","href":"https:\/\/api.w.org\/{rel}","templated":true}]}}