{"id":2334,"date":"2025-04-26T01:30:31","date_gmt":"2025-04-26T01:30:31","guid":{"rendered":"https:\/\/vitaroma.fi\/?post_type=product&#038;p=2334"},"modified":"2025-10-12T21:27:37","modified_gmt":"2025-10-12T19:27:37","slug":"no75-kollageeni-gold","status":"publish","type":"product","link":"https:\/\/vitaroma.fi\/tr\/produkt\/no75-kolajen-altin\/","title":{"rendered":"NO75 Kolajen Alt\u0131n"},"content":{"rendered":"<p class=\"\" data-start=\"480\" data-end=\"766\"><strong data-start=\"480\" data-end=\"675\">NO75 Collagen Gold, sa\u00e7, t\u0131rnak ve cilt sa\u011fl\u0131\u011f\u0131n\u0131 desteklemek ve doku yenilenmesini do\u011fal bir \u015fekilde te\u015fvik etmek i\u00e7in geli\u015ftirilmi\u015f, y\u00fcksek kaliteli bir Finlandiya besin takviyesidir.<\/strong><br data-start=\"675\" data-end=\"678\" \/>Ya\u015fland\u0131k\u00e7a v\u00fccudun kendi kolajen \u00fcretimi azal\u0131r ve bu durum do\u011frudan \u015funlar\u0131 etkiler:<\/p>\n<ul data-start=\"768\" data-end=\"906\">\n<li class=\"\" data-start=\"768\" data-end=\"820\">\n<p class=\"\" data-start=\"770\" data-end=\"820\"><strong data-start=\"770\" data-end=\"818\">Sa\u00e7 b\u00fcy\u00fcmesinin yava\u015flamas\u0131 ve incelmesi i\u00e7in<\/strong><\/p>\n<\/li>\n<li class=\"\" data-start=\"821\" data-end=\"869\">\n<p class=\"\" data-start=\"823\" data-end=\"869\"><strong data-start=\"823\" data-end=\"867\">K\u0131r\u0131lgan ve zay\u0131flam\u0131\u015f t\u0131rnaklar i\u00e7in<\/strong><\/p>\n<\/li>\n<li class=\"\" data-start=\"870\" data-end=\"906\">\n<p class=\"\" data-start=\"872\" data-end=\"906\"><strong data-start=\"872\" data-end=\"906\">Cilt elastikiyetinin azalmas\u0131<\/strong><\/p>\n<\/li>\n<\/ul>\n<p class=\"\" data-start=\"908\" data-end=\"967\"><strong data-start=\"908\" data-end=\"965\">NO75 Collagen Gold, a\u015fa\u011f\u0131dakilerin sinerjik bir kombinasyonunu i\u00e7erir:<\/strong><\/p>\n<ul data-start=\"968\" data-end=\"1467\">\n<li class=\"\" data-start=\"968\" data-end=\"1044\">\n<p class=\"\" data-start=\"970\" data-end=\"1044\"><strong data-start=\"970\" data-end=\"1000\">Hidrolize kolajen:<\/strong> Cilt, sa\u00e7 ve t\u0131rnak yap\u0131s\u0131n\u0131 destekler<\/p>\n<\/li>\n<li class=\"\" data-start=\"1045\" data-end=\"1143\">\n<p class=\"\" data-start=\"1047\" data-end=\"1143\"><strong data-start=\"1047\" data-end=\"1069\">Demir ve \u00e7inko:<\/strong> Sa\u011fl\u0131kl\u0131 h\u00fccre b\u00f6l\u00fcnmesi ve doku yenilenmesi i\u00e7in gereklidir<\/p>\n<\/li>\n<li class=\"\" data-start=\"1144\" data-end=\"1227\">\n<p class=\"\" data-start=\"1146\" data-end=\"1227\"><strong data-start=\"1146\" data-end=\"1176\">L-sistein ve biotin:<\/strong> Sa\u00e7 ve t\u0131rnaklar\u0131n g\u00fc\u00e7lenmesini ve uzamas\u0131n\u0131 destekler<\/p>\n<\/li>\n<li class=\"\" data-start=\"1228\" data-end=\"1318\">\n<p class=\"\" data-start=\"1230\" data-end=\"1318\"><strong data-start=\"1230\" data-end=\"1267\">Pantotenik asit (B5 vitamini):<\/strong> Enerji metabolizmas\u0131n\u0131 ve cilt sa\u011fl\u0131\u011f\u0131n\u0131 destekler<\/p>\n<\/li>\n<li class=\"\" data-start=\"1319\" data-end=\"1384\">\n<p class=\"\" data-start=\"1321\" data-end=\"1384\"><strong data-start=\"1321\" data-end=\"1338\">C Vitamini:<\/strong> Normal kolajen olu\u015fumunu destekler<\/p>\n<\/li>\n<li class=\"\" data-start=\"1385\" data-end=\"1467\">\n<p class=\"\" data-start=\"1387\" data-end=\"1467\"><strong data-start=\"1387\" data-end=\"1409\">Atkuyru\u011fu \u00f6z\u00fct\u00fc:<\/strong> Sa\u00e7 ve t\u0131rnaklar\u0131 g\u00fc\u00e7lendiren do\u011fal bir silikon kayna\u011f\u0131<\/p>\n<\/li>\n<\/ul>\n<p class=\"\" data-start=\"1469\" data-end=\"1496\"><strong data-start=\"1469\" data-end=\"1496\">Ana etkiler:<\/strong><\/p>\n<ul data-start=\"1497\" data-end=\"1672\">\n<li class=\"\" data-start=\"1497\" data-end=\"1536\">\n<p class=\"\" data-start=\"1499\" data-end=\"1536\"><strong data-start=\"1499\" data-end=\"1534\">Daha g\u00fc\u00e7l\u00fc, daha parlak sa\u00e7lar<\/strong><\/p>\n<\/li>\n<li class=\"\" data-start=\"1537\" data-end=\"1577\">\n<p class=\"\" data-start=\"1539\" data-end=\"1577\"><strong data-start=\"1539\" data-end=\"1575\">Daha g\u00fc\u00e7l\u00fc ve sa\u011fl\u0131kl\u0131 t\u0131rnaklar<\/strong><\/p>\n<\/li>\n<li class=\"\" data-start=\"1578\" data-end=\"1623\">\n<p class=\"\" data-start=\"1580\" data-end=\"1623\"><strong data-start=\"1580\" data-end=\"1621\">Cilt elastikiyeti ve dokusunda iyile\u015fme<\/strong><\/p>\n<\/li>\n<li class=\"\" data-start=\"1624\" data-end=\"1672\">\n<p class=\"\" data-start=\"1626\" data-end=\"1672\"><strong data-start=\"1626\" data-end=\"1672\">Doku ve h\u00fccre yenilenmesini desteklemek<\/strong><\/p>\n<\/li>\n<\/ul>\n<p class=\"\" data-start=\"1674\" data-end=\"1708\"><strong data-start=\"1674\" data-end=\"1706\">100% do\u011fal i\u00e7erikler:<\/strong><\/p>\n<ul data-start=\"1709\" data-end=\"1808\">\n<li class=\"\" data-start=\"1709\" data-end=\"1775\">\n<p class=\"\" data-start=\"1711\" data-end=\"1775\">Hi\u00e7bir yapay katk\u0131 maddesi, dolgu maddesi veya koruyucu madde i\u00e7ermez<\/p>\n<\/li>\n<li class=\"\" data-start=\"1776\" data-end=\"1808\">\n<p class=\"\" data-start=\"1778\" data-end=\"1808\">Tamamen Finlandiya&#039;da \u00fcretilmi\u015ftir<\/p>\n<\/li>\n<\/ul>","protected":false},"excerpt":{"rendered":"<p class=\"\" data-start=\"1864\" data-end=\"2010\"><strong data-start=\"1864\" data-end=\"2010\">Sa\u00e7, t\u0131rnak ve cilt sa\u011fl\u0131\u011f\u0131n\u0131 destekleyen do\u011fal bir kolajen ve besin takviyesidir - yap\u0131y\u0131 g\u00fc\u00e7lendirir ve doku yenilenmesini destekler.<\/strong><\/p>","protected":false},"featured_media":2335,"comment_status":"open","ping_status":"closed","template":"","meta":{"_surecart_dashboard_logo_width":"180px","_surecart_dashboard_show_logo":true,"_surecart_dashboard_navigation_orders":true,"_surecart_dashboard_navigation_invoices":true,"_surecart_dashboard_navigation_subscriptions":true,"_surecart_dashboard_navigation_downloads":true,"_surecart_dashboard_navigation_billing":true,"_surecart_dashboard_navigation_account":true,"_uag_custom_page_level_css":"","site-sidebar-layout":"default","site-content-layout":"","ast-site-content-layout":"default","site-content-style":"default","site-sidebar-style":"default","ast-global-header-display":"","ast-banner-title-visibility":"","ast-main-header-display":"","ast-hfb-above-header-display":"","ast-hfb-below-header-display":"","ast-hfb-mobile-header-display":"","site-post-title":"","ast-breadcrumbs-content":"","ast-featured-img":"","footer-sml-layout":"","theme-transparent-header-meta":"default","adv-header-id-meta":"","stick-header-meta":"default","header-above-stick-meta":"","header-main-stick-meta":"","header-below-stick-meta":"","astra-migrate-meta-layouts":"set","ast-page-background-enabled":"default","ast-page-background-meta":{"desktop":{"background-color":"var(--ast-global-color-4)","background-image":"","background-repeat":"repeat","background-position":"center center","background-size":"auto","background-attachment":"scroll","background-type":"","background-media":"","overlay-type":"","overlay-color":"","overlay-opacity":"","overlay-gradient":""},"tablet":{"background-color":"","background-image":"","background-repeat":"repeat","background-position":"center center","background-size":"auto","background-attachment":"scroll","background-type":"","background-media":"","overlay-type":"","overlay-color":"","overlay-opacity":"","overlay-gradient":""},"mobile":{"background-color":"","background-image":"","background-repeat":"repeat","background-position":"center center","background-size":"auto","background-attachment":"scroll","background-type":"","background-media":"","overlay-type":"","overlay-color":"","overlay-opacity":"","overlay-gradient":""}},"ast-content-background-meta":{"desktop":{"background-color":"var(--ast-global-color-5)","background-image":"","background-repeat":"repeat","background-position":"center center","background-size":"auto","background-attachment":"scroll","background-type":"","background-media":"","overlay-type":"","overlay-color":"","overlay-opacity":"","overlay-gradient":""},"tablet":{"background-color":"var(--ast-global-color-5)","background-image":"","background-repeat":"repeat","background-position":"center center","background-size":"auto","background-attachment":"scroll","background-type":"","background-media":"","overlay-type":"","overlay-color":"","overlay-opacity":"","overlay-gradient":""},"mobile":{"background-color":"var(--ast-global-color-5)","background-image":"","background-repeat":"repeat","background-position":"center center","background-size":"auto","background-attachment":"scroll","background-type":"","background-media":"","overlay-type":"","overlay-color":"","overlay-opacity":"","overlay-gradient":""}}},"product_brand":[],"product_cat":[462],"product_tag":[465,463,452,439,464,468,469,466,467,460],"class_list":{"0":"post-2334","1":"product","2":"type-product","3":"status-publish","4":"has-post-thumbnail","6":"product_cat-kynnet-ja-iho","7":"product_tag-biotiini-hiuksille","8":"product_tag-hiusten-vahvistaminen","9":"product_tag-hydrolysoitu-kollageeni","10":"product_tag-kollageenilisa","11":"product_tag-kynsien-vahvistaminen","12":"product_tag-luonnollinen-lisaravinne","13":"product_tag-no75-kollageeni-gold","14":"product_tag-rauta-ja-sinkki","15":"product_tag-solujen-uusiutumisen-tuki","16":"product_tag-suomalainen-kollageenituote","17":"desktop-align-left","18":"tablet-align-left","19":"mobile-align-left","21":"first","22":"instock","23":"shipping-taxable","24":"purchasable","25":"product-type-simple"},"uagb_featured_image_src":{"full":["https:\/\/vitaroma.fi\/wp-content\/uploads\/2025\/04\/f0c2b5_6547ed7868fa43ce90d8c0aeffbe3e54mv2.png",1080,1080,false],"thumbnail":["https:\/\/vitaroma.fi\/wp-content\/uploads\/2025\/04\/f0c2b5_6547ed7868fa43ce90d8c0aeffbe3e54mv2-150x150.png",150,150,true],"medium":["https:\/\/vitaroma.fi\/wp-content\/uploads\/2025\/04\/f0c2b5_6547ed7868fa43ce90d8c0aeffbe3e54mv2-300x300.png",300,300,true],"medium_large":["https:\/\/vitaroma.fi\/wp-content\/uploads\/2025\/04\/f0c2b5_6547ed7868fa43ce90d8c0aeffbe3e54mv2-768x768.png",768,768,true],"large":["https:\/\/vitaroma.fi\/wp-content\/uploads\/2025\/04\/f0c2b5_6547ed7868fa43ce90d8c0aeffbe3e54mv2-1024x1024.png",1024,1024,true],"1536x1536":["https:\/\/vitaroma.fi\/wp-content\/uploads\/2025\/04\/f0c2b5_6547ed7868fa43ce90d8c0aeffbe3e54mv2.png",1080,1080,false],"2048x2048":["https:\/\/vitaroma.fi\/wp-content\/uploads\/2025\/04\/f0c2b5_6547ed7868fa43ce90d8c0aeffbe3e54mv2.png",1080,1080,false],"trp-custom-language-flag":["https:\/\/vitaroma.fi\/wp-content\/uploads\/2025\/04\/f0c2b5_6547ed7868fa43ce90d8c0aeffbe3e54mv2-12x12.png",12,12,true],"woocommerce_thumbnail":["https:\/\/vitaroma.fi\/wp-content\/uploads\/2025\/04\/f0c2b5_6547ed7868fa43ce90d8c0aeffbe3e54mv2-300x300.png",300,300,true],"woocommerce_single":["https:\/\/vitaroma.fi\/wp-content\/uploads\/2025\/04\/f0c2b5_6547ed7868fa43ce90d8c0aeffbe3e54mv2-600x600.png",600,600,true],"woocommerce_gallery_thumbnail":["https:\/\/vitaroma.fi\/wp-content\/uploads\/2025\/04\/f0c2b5_6547ed7868fa43ce90d8c0aeffbe3e54mv2-100x100.png",100,100,true]},"uagb_author_info":{"display_name":"emilkemal4@gmail.com","author_link":"https:\/\/vitaroma.fi\/tr\/author\/"},"uagb_comment_info":0,"uagb_excerpt":"Luonnollinen kollageeni- ja ravinnelis\u00e4 hiusten, kynsien ja ihon terveyden tukemiseen \u2013 vahvistaa rakennetta ja edist\u00e4\u00e4 kudosten uusiutumista.","_links":{"self":[{"href":"https:\/\/vitaroma.fi\/tr\/wp-json\/wp\/v2\/product\/2334","targetHints":{"allow":["GET"]}}],"collection":[{"href":"https:\/\/vitaroma.fi\/tr\/wp-json\/wp\/v2\/product"}],"about":[{"href":"https:\/\/vitaroma.fi\/tr\/wp-json\/wp\/v2\/types\/product"}],"replies":[{"embeddable":true,"href":"https:\/\/vitaroma.fi\/tr\/wp-json\/wp\/v2\/comments?post=2334"}],"wp:featuredmedia":[{"embeddable":true,"href":"https:\/\/vitaroma.fi\/tr\/wp-json\/wp\/v2\/media\/2335"}],"wp:attachment":[{"href":"https:\/\/vitaroma.fi\/tr\/wp-json\/wp\/v2\/media?parent=2334"}],"wp:term":[{"taxonomy":"product_brand","embeddable":true,"href":"https:\/\/vitaroma.fi\/tr\/wp-json\/wp\/v2\/product_brand?post=2334"},{"taxonomy":"product_cat","embeddable":true,"href":"https:\/\/vitaroma.fi\/tr\/wp-json\/wp\/v2\/product_cat?post=2334"},{"taxonomy":"product_tag","embeddable":true,"href":"https:\/\/vitaroma.fi\/tr\/wp-json\/wp\/v2\/product_tag?post=2334"}],"curies":[{"name":"wp","href":"https:\/\/api.w.org\/{rel}","templated":true}]}}