{"id":2332,"date":"2025-04-26T01:27:52","date_gmt":"2025-04-26T01:27:52","guid":{"rendered":"https:\/\/vitaroma.fi\/?post_type=product&#038;p=2332"},"modified":"2025-11-24T01:22:17","modified_gmt":"2025-11-23T23:22:17","slug":"no75-kollageeni-iholle","status":"publish","type":"product","link":"https:\/\/vitaroma.fi\/tr\/produkt\/no75-kollageeni-iholle\/","title":{"rendered":"NO75 Cilt \u0130\u00e7in Kolajen"},"content":{"rendered":"<p class=\"\" data-start=\"484\" data-end=\"730\"><strong data-start=\"484\" data-end=\"690\">NO75 Collagen for Skin, do\u011fal ve biyolojik olarak aktif bir \u015fekilde cildin elastikiyetini, nemini ve gen\u00e7 g\u00f6r\u00fcn\u00fcm\u00fcn\u00fc destekleyen klinik olarak ara\u015ft\u0131r\u0131lm\u0131\u015f ve etkinli\u011fi kan\u0131tlanm\u0131\u015f bir takviyedir.<\/strong><br data-start=\"690\" data-end=\"693\" \/>\u00dcst\u00fcn kaliteli bile\u015fimi \u015funlar\u0131 sunar:<\/p>\n<ul data-start=\"732\" data-end=\"1062\">\n<li class=\"\" data-start=\"732\" data-end=\"874\">\n<p class=\"\" data-start=\"734\" data-end=\"874\"><strong data-start=\"734\" data-end=\"764\">Hidrolize kolajen:<\/strong> Sadece 2,5 gr g\u00fcnl\u00fck dozla etkili ve verimli bir \u015fekilde emilen patentli ve biyolojik olarak aktif form<\/p>\n<\/li>\n<li class=\"\" data-start=\"875\" data-end=\"979\">\n<p class=\"\" data-start=\"877\" data-end=\"979\"><strong data-start=\"877\" data-end=\"894\">C Vitamini:<\/strong> Kolajenin do\u011fal olu\u015fumunu destekler ve cildi serbest radikallerden korur<\/p>\n<\/li>\n<li class=\"\" data-start=\"980\" data-end=\"1062\">\n<p class=\"\" data-start=\"982\" data-end=\"1062\"><strong data-start=\"982\" data-end=\"1002\">Hyaluronik asit:<\/strong> Cildin nem dengesini iyile\u015ftirir ve dolgunlu\u011funu art\u0131r\u0131r<\/p>\n<\/li>\n<\/ul>\n<p class=\"\" data-start=\"1064\" data-end=\"1091\"><strong data-start=\"1064\" data-end=\"1091\">Ana etkiler:<\/strong><\/p>\n<ul data-start=\"1092\" data-end=\"1339\">\n<li class=\"\" data-start=\"1092\" data-end=\"1140\">\n<p class=\"\" data-start=\"1094\" data-end=\"1140\">Geli\u015ftirmek <strong data-start=\"1103\" data-end=\"1138\">cilt elastikiyeti ve s\u0131k\u0131l\u0131\u011f\u0131<\/strong><\/p>\n<\/li>\n<li class=\"\" data-start=\"1141\" data-end=\"1217\">\n<p class=\"\" data-start=\"1143\" data-end=\"1217\">G\u00f6r\u00fcn\u00fcr \u015fekilde azalt\u0131r <strong data-start=\"1162\" data-end=\"1188\">\u00e7izgiler ve k\u0131r\u0131\u015f\u0131kl\u0131klar<\/strong> miktara kadar <strong data-start=\"1201\" data-end=\"1215\">Haftada 4<\/strong><\/p>\n<\/li>\n<li class=\"\" data-start=\"1218\" data-end=\"1289\">\n<p class=\"\" data-start=\"1220\" data-end=\"1289\">Cildi derinlemesine nemlendirir ve p\u00fcr\u00fczs\u00fczle\u015ftirir <strong data-start=\"1259\" data-end=\"1287\">daha p\u00fcr\u00fczs\u00fcz ve daha parlak<\/strong><\/p>\n<\/li>\n<li class=\"\" data-start=\"1290\" data-end=\"1339\">\n<p class=\"\" data-start=\"1292\" data-end=\"1339\">Cildin gen\u00e7 ve sa\u011fl\u0131kl\u0131 g\u00f6r\u00fcn\u00fcm\u00fcn\u00fc destekler<\/p>\n<\/li>\n<\/ul>\n<p class=\"\" data-start=\"1341\" data-end=\"1385\"><strong data-start=\"1341\" data-end=\"1383\">Di\u011fer piyasa \u00fcr\u00fcnlerine g\u00f6re avantaj\u0131:<\/strong><\/p>\n<ul data-start=\"1386\" data-end=\"1513\">\n<li class=\"\" data-start=\"1386\" data-end=\"1436\">\n<p class=\"\" data-start=\"1388\" data-end=\"1436\">Etkileyici g\u00fc\u00e7 <strong data-start=\"1404\" data-end=\"1434\">sadece g\u00fcnl\u00fck 2,5 gr doz<\/strong><\/p>\n<\/li>\n<li class=\"\" data-start=\"1437\" data-end=\"1513\">\n<p class=\"\" data-start=\"1439\" data-end=\"1513\">Takviyeye gerek yok \u2013 <strong data-start=\"1469\" data-end=\"1513\">tek bir \u00fcr\u00fcnde m\u00fckemmel kompozisyon<\/strong><\/p>\n<\/li>\n<\/ul>\n<p class=\"\" data-start=\"1515\" data-end=\"1554\"><strong data-start=\"1515\" data-end=\"1552\">Tamamen do\u011fal hammaddeler:<\/strong><\/p>\n<ul data-start=\"1555\" data-end=\"1627\">\n<li class=\"\" data-start=\"1555\" data-end=\"1604\">\n<p class=\"\" data-start=\"1557\" data-end=\"1604\">Hi\u00e7bir yapay dolgu maddesi veya katk\u0131 maddesi yok<\/p>\n<\/li>\n<li class=\"\" data-start=\"1605\" data-end=\"1627\">\n<p class=\"\" data-start=\"1607\" data-end=\"1627\">Finlandiya&#039;da \u00fcretildi<\/p>\n<\/li>\n<\/ul>","protected":false},"excerpt":{"rendered":"<p class=\"\" data-start=\"1683\" data-end=\"1846\"><strong data-start=\"1683\" data-end=\"1846\">Finlandiya&#039;da \u00fcretilen, klinik olarak ara\u015ft\u0131r\u0131lm\u0131\u015f bir kolajen takviyesidir. G\u00fcnl\u00fck 2,5 gr&#039;l\u0131k bir dozla cildin elastikiyetini, nemini art\u0131r\u0131r ve k\u0131r\u0131\u015f\u0131kl\u0131klar\u0131 etkili bir \u015fekilde azalt\u0131r.<\/strong><\/p>","protected":false},"featured_media":2333,"comment_status":"open","ping_status":"closed","template":"","meta":{"_surecart_dashboard_logo_width":"180px","_surecart_dashboard_show_logo":true,"_surecart_dashboard_navigation_orders":true,"_surecart_dashboard_navigation_invoices":true,"_surecart_dashboard_navigation_subscriptions":true,"_surecart_dashboard_navigation_downloads":true,"_surecart_dashboard_navigation_billing":true,"_surecart_dashboard_navigation_account":true,"_uag_custom_page_level_css":"","site-sidebar-layout":"default","site-content-layout":"","ast-site-content-layout":"default","site-content-style":"default","site-sidebar-style":"default","ast-global-header-display":"","ast-banner-title-visibility":"","ast-main-header-display":"","ast-hfb-above-header-display":"","ast-hfb-below-header-display":"","ast-hfb-mobile-header-display":"","site-post-title":"","ast-breadcrumbs-content":"","ast-featured-img":"","footer-sml-layout":"","ast-disable-related-posts":"","theme-transparent-header-meta":"default","adv-header-id-meta":"","stick-header-meta":"default","header-above-stick-meta":"","header-main-stick-meta":"","header-below-stick-meta":"","astra-migrate-meta-layouts":"set","ast-page-background-enabled":"default","ast-page-background-meta":{"desktop":{"background-color":"var(--ast-global-color-4)","background-image":"","background-repeat":"repeat","background-position":"center center","background-size":"auto","background-attachment":"scroll","background-type":"","background-media":"","overlay-type":"","overlay-color":"","overlay-opacity":"","overlay-gradient":""},"tablet":{"background-color":"","background-image":"","background-repeat":"repeat","background-position":"center center","background-size":"auto","background-attachment":"scroll","background-type":"","background-media":"","overlay-type":"","overlay-color":"","overlay-opacity":"","overlay-gradient":""},"mobile":{"background-color":"","background-image":"","background-repeat":"repeat","background-position":"center center","background-size":"auto","background-attachment":"scroll","background-type":"","background-media":"","overlay-type":"","overlay-color":"","overlay-opacity":"","overlay-gradient":""}},"ast-content-background-meta":{"desktop":{"background-color":"var(--ast-global-color-5)","background-image":"","background-repeat":"repeat","background-position":"center center","background-size":"auto","background-attachment":"scroll","background-type":"","background-media":"","overlay-type":"","overlay-color":"","overlay-opacity":"","overlay-gradient":""},"tablet":{"background-color":"var(--ast-global-color-5)","background-image":"","background-repeat":"repeat","background-position":"center center","background-size":"auto","background-attachment":"scroll","background-type":"","background-media":"","overlay-type":"","overlay-color":"","overlay-opacity":"","overlay-gradient":""},"mobile":{"background-color":"var(--ast-global-color-5)","background-image":"","background-repeat":"repeat","background-position":"center center","background-size":"auto","background-attachment":"scroll","background-type":"","background-media":"","overlay-type":"","overlay-color":"","overlay-opacity":"","overlay-gradient":""}}},"product_brand":[],"product_cat":[450],"product_tag":[456,455,452,453,458,454,457,451,459,460],"class_list":{"0":"post-2332","1":"product","2":"type-product","3":"status-publish","4":"has-post-thumbnail","6":"product_cat-hiukset-ja-kynnet","7":"product_tag-c-vitamiini-ja-kollageeni","8":"product_tag-hyaluronihappo-iholle","9":"product_tag-hydrolysoitu-kollageeni","10":"product_tag-ihon-kimmoisuuden-parantaminen","11":"product_tag-ihon-kosteutuksen-parantaminen","12":"product_tag-juonteiden-vahentaminen","13":"product_tag-kliinisesti-tutkittu-kollageeni","14":"product_tag-kollageenilisa-iholle","15":"product_tag-no75-kollageeni-iholle","16":"product_tag-suomalainen-kollageenituote","17":"desktop-align-left","18":"tablet-align-left","19":"mobile-align-left","21":"first","22":"instock","23":"shipping-taxable","24":"purchasable","25":"product-type-simple"},"uagb_featured_image_src":{"full":["https:\/\/vitaroma.fi\/wp-content\/uploads\/2025\/04\/f0c2b5_7a73f42606a64150b87f6eae9d92cdf1mv2.png",1080,1080,false],"thumbnail":["https:\/\/vitaroma.fi\/wp-content\/uploads\/2025\/04\/f0c2b5_7a73f42606a64150b87f6eae9d92cdf1mv2-150x150.png",150,150,true],"medium":["https:\/\/vitaroma.fi\/wp-content\/uploads\/2025\/04\/f0c2b5_7a73f42606a64150b87f6eae9d92cdf1mv2-300x300.png",300,300,true],"medium_large":["https:\/\/vitaroma.fi\/wp-content\/uploads\/2025\/04\/f0c2b5_7a73f42606a64150b87f6eae9d92cdf1mv2-768x768.png",768,768,true],"large":["https:\/\/vitaroma.fi\/wp-content\/uploads\/2025\/04\/f0c2b5_7a73f42606a64150b87f6eae9d92cdf1mv2-1024x1024.png",1024,1024,true],"1536x1536":["https:\/\/vitaroma.fi\/wp-content\/uploads\/2025\/04\/f0c2b5_7a73f42606a64150b87f6eae9d92cdf1mv2.png",1080,1080,false],"2048x2048":["https:\/\/vitaroma.fi\/wp-content\/uploads\/2025\/04\/f0c2b5_7a73f42606a64150b87f6eae9d92cdf1mv2.png",1080,1080,false],"trp-custom-language-flag":["https:\/\/vitaroma.fi\/wp-content\/uploads\/2025\/04\/f0c2b5_7a73f42606a64150b87f6eae9d92cdf1mv2-12x12.png",12,12,true],"woocommerce_thumbnail":["https:\/\/vitaroma.fi\/wp-content\/uploads\/2025\/04\/f0c2b5_7a73f42606a64150b87f6eae9d92cdf1mv2-300x300.png",300,300,true],"woocommerce_single":["https:\/\/vitaroma.fi\/wp-content\/uploads\/2025\/04\/f0c2b5_7a73f42606a64150b87f6eae9d92cdf1mv2-600x600.png",600,600,true],"woocommerce_gallery_thumbnail":["https:\/\/vitaroma.fi\/wp-content\/uploads\/2025\/04\/f0c2b5_7a73f42606a64150b87f6eae9d92cdf1mv2-100x100.png",100,100,true]},"uagb_author_info":{"display_name":"emilkemal4@gmail.com","author_link":"https:\/\/vitaroma.fi\/tr\/author\/"},"uagb_comment_info":0,"uagb_excerpt":"Suomessa valmistettu kliinisesti tutkittu kollageenilis\u00e4, joka parantaa ihon kimmoisuutta, kosteutusta ja v\u00e4hent\u00e4\u00e4 juonteita tehokkaasti 2,5 g p\u00e4iv\u00e4annoksella.","_links":{"self":[{"href":"https:\/\/vitaroma.fi\/tr\/wp-json\/wp\/v2\/product\/2332","targetHints":{"allow":["GET"]}}],"collection":[{"href":"https:\/\/vitaroma.fi\/tr\/wp-json\/wp\/v2\/product"}],"about":[{"href":"https:\/\/vitaroma.fi\/tr\/wp-json\/wp\/v2\/types\/product"}],"replies":[{"embeddable":true,"href":"https:\/\/vitaroma.fi\/tr\/wp-json\/wp\/v2\/comments?post=2332"}],"wp:featuredmedia":[{"embeddable":true,"href":"https:\/\/vitaroma.fi\/tr\/wp-json\/wp\/v2\/media\/2333"}],"wp:attachment":[{"href":"https:\/\/vitaroma.fi\/tr\/wp-json\/wp\/v2\/media?parent=2332"}],"wp:term":[{"taxonomy":"product_brand","embeddable":true,"href":"https:\/\/vitaroma.fi\/tr\/wp-json\/wp\/v2\/product_brand?post=2332"},{"taxonomy":"product_cat","embeddable":true,"href":"https:\/\/vitaroma.fi\/tr\/wp-json\/wp\/v2\/product_cat?post=2332"},{"taxonomy":"product_tag","embeddable":true,"href":"https:\/\/vitaroma.fi\/tr\/wp-json\/wp\/v2\/product_tag?post=2332"}],"curies":[{"name":"wp","href":"https:\/\/api.w.org\/{rel}","templated":true}]}}