{"id":2326,"date":"2025-04-26T01:18:58","date_gmt":"2025-04-26T01:18:58","guid":{"rendered":"https:\/\/vitaroma.fi\/?post_type=product&#038;p=2326"},"modified":"2025-11-24T01:23:34","modified_gmt":"2025-11-23T23:23:34","slug":"environ-1","status":"publish","type":"product","link":"https:\/\/vitaroma.fi\/tr\/produkt\/yaklasik-1\/","title":{"rendered":"\u00c7evre 1"},"content":{"rendered":"<p class=\"\" data-start=\"517\" data-end=\"736\"><strong data-start=\"517\" data-end=\"700\">Environ Vita-Antioksidan AVST Nemlendirici 1, Skin EssentiA Vitamin STEP-UP SYSTEM\u2122&#039;in ilk ad\u0131m\u0131d\u0131r; cilt bak\u0131m rutininizde A Vitamini kullanmaya ba\u015flamak i\u00e7in m\u00fckemmel bir ba\u015flang\u0131\u00e7 \u00fcr\u00fcn\u00fcd\u00fcr.<\/strong><br data-start=\"700\" data-end=\"703\" \/>Bu nemlendirici em\u00fclsiyon \u015funlar\u0131 sa\u011flar:<\/p>\n<ul data-start=\"738\" data-end=\"933\">\n<li class=\"\" data-start=\"738\" data-end=\"846\">\n<p class=\"\" data-start=\"740\" data-end=\"846\"><strong data-start=\"740\" data-end=\"778\">En d\u00fc\u015f\u00fck A vitamini i\u00e7eri\u011fi<\/strong> (retinil palmitat formunda) nazik cilt adaptasyonu i\u00e7in<\/p>\n<\/li>\n<li class=\"\" data-start=\"847\" data-end=\"933\">\n<p class=\"\" data-start=\"849\" data-end=\"933\"><strong data-start=\"849\" data-end=\"896\">C vitamini ve g\u00fc\u00e7l\u00fc antioksidanlar<\/strong>cildi koruyan ve ayd\u0131nlatan<\/p>\n<\/li>\n<\/ul>\n<p class=\"\" data-start=\"935\" data-end=\"962\"><strong data-start=\"935\" data-end=\"962\">Ana etkiler:<\/strong><\/p>\n<ul data-start=\"963\" data-end=\"1219\">\n<li class=\"\" data-start=\"963\" data-end=\"1015\">\n<p class=\"\" data-start=\"965\" data-end=\"1015\"><strong data-start=\"965\" data-end=\"1001\">Cildi dengeler ve nemlendirir<\/strong> etkili bir \u015fekilde<\/p>\n<\/li>\n<li class=\"\" data-start=\"1016\" data-end=\"1079\">\n<p class=\"\" data-start=\"1018\" data-end=\"1079\"><strong data-start=\"1018\" data-end=\"1067\">\u0130nce \u00e7izgilerin ve renk bozulmalar\u0131n\u0131n g\u00f6r\u00fcn\u00fcm\u00fcn\u00fc iyile\u015ftirir<\/strong> d\u0131\u015f g\u00f6r\u00fcn\u00fc\u015f<\/p>\n<\/li>\n<li class=\"\" data-start=\"1080\" data-end=\"1141\">\n<p class=\"\" data-start=\"1082\" data-end=\"1141\"><strong data-start=\"1082\" data-end=\"1106\">Cilt tonunu e\u015fitler<\/strong> ve cildin sa\u011fl\u0131kl\u0131 parlakl\u0131\u011f\u0131n\u0131 geri kazand\u0131r\u0131r<\/p>\n<\/li>\n<li class=\"\" data-start=\"1142\" data-end=\"1219\">\n<p class=\"\" data-start=\"1144\" data-end=\"1219\"><strong data-start=\"1144\" data-end=\"1204\">Ya\u015flanmay\u0131 ve g\u00fcne\u015f hasar\u0131n\u0131 en aza indirir<\/strong> g\u00f6r\u00fcn\u00fcr i\u015faretler<\/p>\n<\/li>\n<\/ul>\n<p class=\"\" data-start=\"1221\" data-end=\"1252\">Normal kullan\u0131mda AVST 1:<\/p>\n<ul data-start=\"1254\" data-end=\"1367\">\n<li class=\"\" data-start=\"1254\" data-end=\"1299\">\n<p class=\"\" data-start=\"1256\" data-end=\"1299\">Cildin do\u011fal koruyucu tabakas\u0131n\u0131 g\u00fc\u00e7lendirir<\/p>\n<\/li>\n<li class=\"\" data-start=\"1300\" data-end=\"1367\">\n<p class=\"\" data-start=\"1302\" data-end=\"1367\">Cildi yapar <strong data-start=\"1315\" data-end=\"1367\">daha p\u00fcr\u00fczs\u00fcz, daha parlak ve daha gen\u00e7 g\u00f6r\u00fcn\u00fcml\u00fc bir cilt<\/strong><\/p>\n<\/li>\n<\/ul>\n<p class=\"\" data-start=\"1369\" data-end=\"1390\"><strong data-start=\"1369\" data-end=\"1388\">\u00d6nerilen kullan\u0131m:<\/strong><\/p>\n<ul data-start=\"1391\" data-end=\"1469\">\n<li class=\"\" data-start=\"1391\" data-end=\"1469\">\n<p class=\"\" data-start=\"1393\" data-end=\"1469\">En az\u0131ndan kullan\u0131n <strong data-start=\"1409\" data-end=\"1421\">2 \u015fi\u015fe<\/strong> Bir sonraki seviyeye (AVST 2) ge\u00e7meden \u00f6nce.<\/p>\n<\/li>\n<\/ul>","protected":false},"excerpt":{"rendered":"<p class=\"\" data-start=\"1525\" data-end=\"1690\"><strong data-start=\"1525\" data-end=\"1690\">Cilt tonunu dengeleyen, nemlendiren, dengeleyen ve iyile\u015ftiren, cildi daha ileri vitamin tedavilerine haz\u0131rlayan, A vitamini i\u00e7eri\u011fi en d\u00fc\u015f\u00fck nemlendirici em\u00fclsiyondur.<\/strong><\/p>","protected":false},"featured_media":2327,"comment_status":"open","ping_status":"closed","template":"","meta":{"_surecart_dashboard_logo_width":"180px","_surecart_dashboard_show_logo":true,"_surecart_dashboard_navigation_orders":true,"_surecart_dashboard_navigation_invoices":true,"_surecart_dashboard_navigation_subscriptions":true,"_surecart_dashboard_navigation_downloads":true,"_surecart_dashboard_navigation_billing":true,"_surecart_dashboard_navigation_account":true,"_uag_custom_page_level_css":"","site-sidebar-layout":"default","site-content-layout":"","ast-site-content-layout":"default","site-content-style":"default","site-sidebar-style":"default","ast-global-header-display":"","ast-banner-title-visibility":"","ast-main-header-display":"","ast-hfb-above-header-display":"","ast-hfb-below-header-display":"","ast-hfb-mobile-header-display":"","site-post-title":"","ast-breadcrumbs-content":"","ast-featured-img":"","footer-sml-layout":"","theme-transparent-header-meta":"default","adv-header-id-meta":"","stick-header-meta":"default","header-above-stick-meta":"","header-main-stick-meta":"","header-below-stick-meta":"","astra-migrate-meta-layouts":"set","ast-page-background-enabled":"default","ast-page-background-meta":{"desktop":{"background-color":"var(--ast-global-color-4)","background-image":"","background-repeat":"repeat","background-position":"center center","background-size":"auto","background-attachment":"scroll","background-type":"","background-media":"","overlay-type":"","overlay-color":"","overlay-opacity":"","overlay-gradient":""},"tablet":{"background-color":"","background-image":"","background-repeat":"repeat","background-position":"center center","background-size":"auto","background-attachment":"scroll","background-type":"","background-media":"","overlay-type":"","overlay-color":"","overlay-opacity":"","overlay-gradient":""},"mobile":{"background-color":"","background-image":"","background-repeat":"repeat","background-position":"center center","background-size":"auto","background-attachment":"scroll","background-type":"","background-media":"","overlay-type":"","overlay-color":"","overlay-opacity":"","overlay-gradient":""}},"ast-content-background-meta":{"desktop":{"background-color":"var(--ast-global-color-5)","background-image":"","background-repeat":"repeat","background-position":"center center","background-size":"auto","background-attachment":"scroll","background-type":"","background-media":"","overlay-type":"","overlay-color":"","overlay-opacity":"","overlay-gradient":""},"tablet":{"background-color":"var(--ast-global-color-5)","background-image":"","background-repeat":"repeat","background-position":"center center","background-size":"auto","background-attachment":"scroll","background-type":"","background-media":"","overlay-type":"","overlay-color":"","overlay-opacity":"","overlay-gradient":""},"mobile":{"background-color":"var(--ast-global-color-5)","background-image":"","background-repeat":"repeat","background-position":"center center","background-size":"auto","background-attachment":"scroll","background-type":"","background-media":"","overlay-type":"","overlay-color":"","overlay-opacity":"","overlay-gradient":""}}},"product_brand":[],"product_cat":[396],"product_tag":[424,414,427,426,314,344,425,286,418,428],"class_list":{"0":"post-2326","1":"product","2":"type-product","3":"status-publish","4":"has-post-thumbnail","6":"product_cat-kasvojen-hoito-vitamiinihoidot-ja-anti-age-kosteuttajat","7":"product_tag-a-vitamiinin-aloitustuote","8":"product_tag-antioksidanttinen-kasvohoito","9":"product_tag-environ-avst-moisturiser-1","10":"product_tag-hienojen-juonteiden-vahentaminen","11":"product_tag-ihon-kirkastaminen","12":"product_tag-ihon-savyn-tasoitus","13":"product_tag-kosteuttava-emulsio","14":"product_tag-retinyylipalmitaatti","15":"product_tag-skin-essentia-vitamin-step-up-system","16":"product_tag-terveen-nakoinen-iho","17":"desktop-align-left","18":"tablet-align-left","19":"mobile-align-left","21":"first","22":"instock","23":"shipping-taxable","24":"purchasable","25":"product-type-simple"},"uagb_featured_image_src":{"full":["https:\/\/vitaroma.fi\/wp-content\/uploads\/2025\/04\/f0c2b5_2e252eef0df844e9a98f2f4ccb43e696mv2.png",1080,1080,false],"thumbnail":["https:\/\/vitaroma.fi\/wp-content\/uploads\/2025\/04\/f0c2b5_2e252eef0df844e9a98f2f4ccb43e696mv2-150x150.png",150,150,true],"medium":["https:\/\/vitaroma.fi\/wp-content\/uploads\/2025\/04\/f0c2b5_2e252eef0df844e9a98f2f4ccb43e696mv2-300x300.png",300,300,true],"medium_large":["https:\/\/vitaroma.fi\/wp-content\/uploads\/2025\/04\/f0c2b5_2e252eef0df844e9a98f2f4ccb43e696mv2-768x768.png",768,768,true],"large":["https:\/\/vitaroma.fi\/wp-content\/uploads\/2025\/04\/f0c2b5_2e252eef0df844e9a98f2f4ccb43e696mv2-1024x1024.png",1024,1024,true],"1536x1536":["https:\/\/vitaroma.fi\/wp-content\/uploads\/2025\/04\/f0c2b5_2e252eef0df844e9a98f2f4ccb43e696mv2.png",1080,1080,false],"2048x2048":["https:\/\/vitaroma.fi\/wp-content\/uploads\/2025\/04\/f0c2b5_2e252eef0df844e9a98f2f4ccb43e696mv2.png",1080,1080,false],"trp-custom-language-flag":["https:\/\/vitaroma.fi\/wp-content\/uploads\/2025\/04\/f0c2b5_2e252eef0df844e9a98f2f4ccb43e696mv2-12x12.png",12,12,true],"woocommerce_thumbnail":["https:\/\/vitaroma.fi\/wp-content\/uploads\/2025\/04\/f0c2b5_2e252eef0df844e9a98f2f4ccb43e696mv2-300x300.png",300,300,true],"woocommerce_single":["https:\/\/vitaroma.fi\/wp-content\/uploads\/2025\/04\/f0c2b5_2e252eef0df844e9a98f2f4ccb43e696mv2-600x600.png",600,600,true],"woocommerce_gallery_thumbnail":["https:\/\/vitaroma.fi\/wp-content\/uploads\/2025\/04\/f0c2b5_2e252eef0df844e9a98f2f4ccb43e696mv2-100x100.png",100,100,true]},"uagb_author_info":{"display_name":"emilkemal4@gmail.com","author_link":"https:\/\/vitaroma.fi\/tr\/author\/"},"uagb_comment_info":0,"uagb_excerpt":"Alhaisimman A-vitamiinipitoisuuden kosteuttava emulsio, joka kosteuttaa, tasapainottaa ja parantaa ihon s\u00e4vy\u00e4, valmistellen ihoa edistyneemp\u00e4\u00e4n vitamiinihoitoon.","_links":{"self":[{"href":"https:\/\/vitaroma.fi\/tr\/wp-json\/wp\/v2\/product\/2326","targetHints":{"allow":["GET"]}}],"collection":[{"href":"https:\/\/vitaroma.fi\/tr\/wp-json\/wp\/v2\/product"}],"about":[{"href":"https:\/\/vitaroma.fi\/tr\/wp-json\/wp\/v2\/types\/product"}],"replies":[{"embeddable":true,"href":"https:\/\/vitaroma.fi\/tr\/wp-json\/wp\/v2\/comments?post=2326"}],"wp:featuredmedia":[{"embeddable":true,"href":"https:\/\/vitaroma.fi\/tr\/wp-json\/wp\/v2\/media\/2327"}],"wp:attachment":[{"href":"https:\/\/vitaroma.fi\/tr\/wp-json\/wp\/v2\/media?parent=2326"}],"wp:term":[{"taxonomy":"product_brand","embeddable":true,"href":"https:\/\/vitaroma.fi\/tr\/wp-json\/wp\/v2\/product_brand?post=2326"},{"taxonomy":"product_cat","embeddable":true,"href":"https:\/\/vitaroma.fi\/tr\/wp-json\/wp\/v2\/product_cat?post=2326"},{"taxonomy":"product_tag","embeddable":true,"href":"https:\/\/vitaroma.fi\/tr\/wp-json\/wp\/v2\/product_tag?post=2326"}],"curies":[{"name":"wp","href":"https:\/\/api.w.org\/{rel}","templated":true}]}}