{"id":2324,"date":"2025-04-26T01:15:46","date_gmt":"2025-04-26T01:15:46","guid":{"rendered":"https:\/\/vitaroma.fi\/?post_type=product&#038;p=2324"},"modified":"2026-02-18T12:14:45","modified_gmt":"2026-02-18T10:14:45","slug":"environ-2","status":"publish","type":"product","link":"https:\/\/vitaroma.fi\/tr\/produkt\/yaklasik-2\/","title":{"rendered":"\u00c7evre 2"},"content":{"rendered":"<p class=\"\" data-start=\"534\" data-end=\"806\"><!--more--><\/p>\n<p>Saatavilla vain ihokonsultaation j\u00e4lkeen henkil\u00f6kohtaisella koodilla. Ota yhteytt\u00e4 ennen ostoa.<\/p>\n<p class=\"\" data-start=\"534\" data-end=\"806\"><strong data-start=\"534\" data-end=\"759\">Environ Vita-Antioksidan AVST Nemlendirici 2, Skin EssentiA Vitamin STEP-UP SYSTEM\u2122&#039;in ikinci ad\u0131m\u0131d\u0131r ve cilt sa\u011fl\u0131\u011f\u0131n\u0131 ve canl\u0131l\u0131\u011f\u0131n\u0131 desteklemek i\u00e7in orta konsantrasyonda A ve C vitaminleri sa\u011flar.<\/strong><br data-start=\"759\" data-end=\"762\" \/>Bu nemlendirici ve onar\u0131c\u0131 krem \u015funlar\u0131 i\u00e7erir:<\/p>\n<ul data-start=\"808\" data-end=\"1127\">\n<li class=\"\" data-start=\"808\" data-end=\"882\">\n<p class=\"\" data-start=\"810\" data-end=\"882\"><strong data-start=\"810\" data-end=\"827\">A Vitamini:<\/strong> Cilt yenilenmesini destekler ve yap\u0131s\u0131n\u0131 iyile\u015ftirir<\/p>\n<\/li>\n<li class=\"\" data-start=\"883\" data-end=\"962\">\n<p class=\"\" data-start=\"885\" data-end=\"962\"><strong data-start=\"885\" data-end=\"902\">C Vitamini:<\/strong> Cildi oksidatif stresten korur ve cildi ayd\u0131nlat\u0131r<\/p>\n<\/li>\n<li class=\"\" data-start=\"963\" data-end=\"1057\">\n<p class=\"\" data-start=\"965\" data-end=\"1057\"><strong data-start=\"965\" data-end=\"1013\">G\u00fc\u00e7l\u00fc antioksidanlar ve flavonoidler:<\/strong> Cildin do\u011fal savunmas\u0131n\u0131 g\u00fc\u00e7lendirir<\/p>\n<\/li>\n<li class=\"\" data-start=\"1058\" data-end=\"1127\">\n<p class=\"\" data-start=\"1060\" data-end=\"1127\"><strong data-start=\"1060\" data-end=\"1086\">Bitkisel bazl\u0131 maddeler:<\/strong> Cildin beslenmesini ve nemlenmesini destekler<\/p>\n<\/li>\n<\/ul>\n<p class=\"\" data-start=\"1129\" data-end=\"1156\"><strong data-start=\"1129\" data-end=\"1156\">Ana etkiler:<\/strong><\/p>\n<ul data-start=\"1157\" data-end=\"1348\">\n<li class=\"\" data-start=\"1157\" data-end=\"1204\">\n<p class=\"\" data-start=\"1159\" data-end=\"1204\">Cildi onar\u0131r <strong data-start=\"1174\" data-end=\"1202\">denge ve netlik<\/strong><\/p>\n<\/li>\n<li class=\"\" data-start=\"1205\" data-end=\"1273\">\n<p class=\"\" data-start=\"1207\" data-end=\"1273\">Cildi yapar <strong data-start=\"1220\" data-end=\"1271\">daha p\u00fcr\u00fczs\u00fcz, yumu\u015fak ve daha gen\u00e7 g\u00f6r\u00fcn\u00fcml\u00fc bir cilt<\/strong><\/p>\n<\/li>\n<li class=\"\" data-start=\"1274\" data-end=\"1348\">\n<p class=\"\" data-start=\"1276\" data-end=\"1348\">Cildi korur <strong data-start=\"1288\" data-end=\"1348\">\u00e7evresel hasarlardan ve serbest radikallerden<\/strong><\/p>\n<\/li>\n<\/ul>\n<p class=\"\" data-start=\"1350\" data-end=\"1371\"><strong data-start=\"1350\" data-end=\"1369\">\u00d6nerilen kullan\u0131m:<\/strong><\/p>\n<ul data-start=\"1372\" data-end=\"1485\">\n<li class=\"\" data-start=\"1372\" data-end=\"1485\">\n<p class=\"\" data-start=\"1374\" data-end=\"1485\">Kullanmak <strong data-start=\"1380\" data-end=\"1402\">en az 2 \u015fi\u015fe<\/strong> bir sonraki seviyeye ge\u00e7meden \u00f6nce, yani <strong data-start=\"1445\" data-end=\"1475\">Environ AVST Nemlendirici 3<\/strong> -seviye.<\/p>\n<\/li>\n<\/ul>","protected":false},"excerpt":{"rendered":"<p class=\"\" data-start=\"1541\" data-end=\"1679\"><strong data-start=\"1541\" data-end=\"1679\">Cilt dokusunu iyile\u015ftiren ve do\u011fal parlakl\u0131\u011f\u0131n\u0131 geri kazand\u0131ran, orta konsantrasyonda A ve C vitamini i\u00e7eren nemlendirici ve koruyucu krem.<\/strong><\/p>","protected":false},"featured_media":2325,"comment_status":"open","ping_status":"closed","template":"","meta":{"_surecart_dashboard_logo_width":"180px","_surecart_dashboard_show_logo":true,"_surecart_dashboard_navigation_orders":true,"_surecart_dashboard_navigation_invoices":true,"_surecart_dashboard_navigation_subscriptions":true,"_surecart_dashboard_navigation_downloads":true,"_surecart_dashboard_navigation_billing":true,"_surecart_dashboard_navigation_account":true,"_uag_custom_page_level_css":"","site-sidebar-layout":"default","site-content-layout":"","ast-site-content-layout":"default","site-content-style":"default","site-sidebar-style":"default","ast-global-header-display":"","ast-banner-title-visibility":"","ast-main-header-display":"","ast-hfb-above-header-display":"","ast-hfb-below-header-display":"","ast-hfb-mobile-header-display":"","site-post-title":"","ast-breadcrumbs-content":"","ast-featured-img":"","footer-sml-layout":"","theme-transparent-header-meta":"default","adv-header-id-meta":"","stick-header-meta":"default","header-above-stick-meta":"","header-main-stick-meta":"","header-below-stick-meta":"","astra-migrate-meta-layouts":"set","ast-page-background-enabled":"default","ast-page-background-meta":{"desktop":{"background-color":"var(--ast-global-color-4)","background-image":"","background-repeat":"repeat","background-position":"center center","background-size":"auto","background-attachment":"scroll","background-type":"","background-media":"","overlay-type":"","overlay-color":"","overlay-opacity":"","overlay-gradient":""},"tablet":{"background-color":"","background-image":"","background-repeat":"repeat","background-position":"center center","background-size":"auto","background-attachment":"scroll","background-type":"","background-media":"","overlay-type":"","overlay-color":"","overlay-opacity":"","overlay-gradient":""},"mobile":{"background-color":"","background-image":"","background-repeat":"repeat","background-position":"center center","background-size":"auto","background-attachment":"scroll","background-type":"","background-media":"","overlay-type":"","overlay-color":"","overlay-opacity":"","overlay-gradient":""}},"ast-content-background-meta":{"desktop":{"background-color":"var(--ast-global-color-5)","background-image":"","background-repeat":"repeat","background-position":"center center","background-size":"auto","background-attachment":"scroll","background-type":"","background-media":"","overlay-type":"","overlay-color":"","overlay-opacity":"","overlay-gradient":""},"tablet":{"background-color":"var(--ast-global-color-5)","background-image":"","background-repeat":"repeat","background-position":"center center","background-size":"auto","background-attachment":"scroll","background-type":"","background-media":"","overlay-type":"","overlay-color":"","overlay-opacity":"","overlay-gradient":""},"mobile":{"background-color":"var(--ast-global-color-5)","background-image":"","background-repeat":"repeat","background-position":"center center","background-size":"auto","background-attachment":"scroll","background-type":"","background-media":"","overlay-type":"","overlay-color":"","overlay-opacity":"","overlay-gradient":""}}},"product_brand":[],"product_cat":[396],"product_tag":[397,414,420,421,423,314,419,300,418,422],"class_list":{"0":"post-2324","1":"product","2":"type-product","3":"status-publish","4":"has-post-thumbnail","6":"product_cat-kasvojen-hoito-vitamiinihoidot-ja-anti-age-kosteuttajat","7":"product_tag-a-vitamiinivoide","8":"product_tag-antioksidanttinen-kasvohoito","9":"product_tag-c-vitamiinivoide","10":"product_tag-elinvoimaa-lisaava-kosteutus","11":"product_tag-environ-avst-moisturiser-2","12":"product_tag-ihon-kirkastaminen","13":"product_tag-ihon-rakennetta-parantava-kosteuttaja","14":"product_tag-nuorekkaampi-iho","15":"product_tag-skin-essentia-vitamin-step-up-system","16":"product_tag-vapailta-radikaaleilta-suojaava-voide","17":"desktop-align-left","18":"tablet-align-left","19":"mobile-align-left","21":"first","22":"outofstock","23":"shipping-taxable","24":"purchasable","25":"product-type-simple"},"uagb_featured_image_src":{"full":["https:\/\/vitaroma.fi\/wp-content\/uploads\/2025\/04\/f0c2b5_eab8f1a75bd2418398b49d3a2466f95bmv2.png",1080,1080,false],"thumbnail":["https:\/\/vitaroma.fi\/wp-content\/uploads\/2025\/04\/f0c2b5_eab8f1a75bd2418398b49d3a2466f95bmv2-150x150.png",150,150,true],"medium":["https:\/\/vitaroma.fi\/wp-content\/uploads\/2025\/04\/f0c2b5_eab8f1a75bd2418398b49d3a2466f95bmv2-300x300.png",300,300,true],"medium_large":["https:\/\/vitaroma.fi\/wp-content\/uploads\/2025\/04\/f0c2b5_eab8f1a75bd2418398b49d3a2466f95bmv2-768x768.png",768,768,true],"large":["https:\/\/vitaroma.fi\/wp-content\/uploads\/2025\/04\/f0c2b5_eab8f1a75bd2418398b49d3a2466f95bmv2-1024x1024.png",1024,1024,true],"1536x1536":["https:\/\/vitaroma.fi\/wp-content\/uploads\/2025\/04\/f0c2b5_eab8f1a75bd2418398b49d3a2466f95bmv2.png",1080,1080,false],"2048x2048":["https:\/\/vitaroma.fi\/wp-content\/uploads\/2025\/04\/f0c2b5_eab8f1a75bd2418398b49d3a2466f95bmv2.png",1080,1080,false],"trp-custom-language-flag":["https:\/\/vitaroma.fi\/wp-content\/uploads\/2025\/04\/f0c2b5_eab8f1a75bd2418398b49d3a2466f95bmv2-12x12.png",12,12,true],"woocommerce_thumbnail":["https:\/\/vitaroma.fi\/wp-content\/uploads\/2025\/04\/f0c2b5_eab8f1a75bd2418398b49d3a2466f95bmv2-300x300.png",300,300,true],"woocommerce_single":["https:\/\/vitaroma.fi\/wp-content\/uploads\/2025\/04\/f0c2b5_eab8f1a75bd2418398b49d3a2466f95bmv2-600x600.png",600,600,true],"woocommerce_gallery_thumbnail":["https:\/\/vitaroma.fi\/wp-content\/uploads\/2025\/04\/f0c2b5_eab8f1a75bd2418398b49d3a2466f95bmv2-100x100.png",100,100,true]},"uagb_author_info":{"display_name":"emilkemal4@gmail.com","author_link":"https:\/\/vitaroma.fi\/tr\/author\/"},"uagb_comment_info":0,"uagb_excerpt":"Keskitason A- ja C-vitamiinipitoisuuden kosteuttava ja suojaava voide, joka parantaa ihon rakennetta ja palauttaa luonnollisen hehkun.","_links":{"self":[{"href":"https:\/\/vitaroma.fi\/tr\/wp-json\/wp\/v2\/product\/2324","targetHints":{"allow":["GET"]}}],"collection":[{"href":"https:\/\/vitaroma.fi\/tr\/wp-json\/wp\/v2\/product"}],"about":[{"href":"https:\/\/vitaroma.fi\/tr\/wp-json\/wp\/v2\/types\/product"}],"replies":[{"embeddable":true,"href":"https:\/\/vitaroma.fi\/tr\/wp-json\/wp\/v2\/comments?post=2324"}],"wp:featuredmedia":[{"embeddable":true,"href":"https:\/\/vitaroma.fi\/tr\/wp-json\/wp\/v2\/media\/2325"}],"wp:attachment":[{"href":"https:\/\/vitaroma.fi\/tr\/wp-json\/wp\/v2\/media?parent=2324"}],"wp:term":[{"taxonomy":"product_brand","embeddable":true,"href":"https:\/\/vitaroma.fi\/tr\/wp-json\/wp\/v2\/product_brand?post=2324"},{"taxonomy":"product_cat","embeddable":true,"href":"https:\/\/vitaroma.fi\/tr\/wp-json\/wp\/v2\/product_cat?post=2324"},{"taxonomy":"product_tag","embeddable":true,"href":"https:\/\/vitaroma.fi\/tr\/wp-json\/wp\/v2\/product_tag?post=2324"}],"curies":[{"name":"wp","href":"https:\/\/api.w.org\/{rel}","templated":true}]}}