{"id":2312,"date":"2025-04-26T00:57:42","date_gmt":"2025-04-26T00:57:42","guid":{"rendered":"https:\/\/vitaroma.fi\/?post_type=product&#038;p=2312"},"modified":"2025-12-01T13:38:23","modified_gmt":"2025-12-01T11:38:23","slug":"environ-cleansing-gel","status":"publish","type":"product","link":"https:\/\/vitaroma.fi\/tr\/produkt\/cevre-temizleme-jeli\/","title":{"rendered":"Environ Temizleme Jeli"},"content":{"rendered":"<p class=\"\" data-start=\"482\" data-end=\"665\"><strong data-start=\"482\" data-end=\"625\">Environ Temizleme Jeli, cildi kurutmadan etkili bir \u015fekilde temizleyen, hafif k\u00f6p\u00fcren ve nazik bir temizleme jelidir.<\/strong><br data-start=\"625\" data-end=\"628\" \/>Dengeli yap\u0131s\u0131 sayesinde:<\/p>\n<ul data-start=\"667\" data-end=\"728\">\n<li class=\"\" data-start=\"667\" data-end=\"694\">\n<p class=\"\" data-start=\"669\" data-end=\"694\"><strong data-start=\"669\" data-end=\"692\">A\u015f\u0131r\u0131 ya\u011f<\/strong><\/p>\n<\/li>\n<li class=\"\" data-start=\"695\" data-end=\"709\">\n<p class=\"\" data-start=\"697\" data-end=\"709\"><strong data-start=\"697\" data-end=\"707\">Makyaj yapmak<\/strong><\/p>\n<\/li>\n<li class=\"\" data-start=\"710\" data-end=\"728\">\n<p class=\"\" data-start=\"712\" data-end=\"728\"><strong data-start=\"712\" data-end=\"728\">Kirlilikler<\/strong><\/p>\n<\/li>\n<\/ul>\n<p class=\"\" data-start=\"730\" data-end=\"758\"><strong data-start=\"730\" data-end=\"758\">Ba\u015fl\u0131ca \u00f6zellikleri:<\/strong><\/p>\n<ul data-start=\"759\" data-end=\"983\">\n<li class=\"\" data-start=\"759\" data-end=\"812\">\n<p class=\"\" data-start=\"761\" data-end=\"812\">S\u00fcrd\u00fcrmek <strong data-start=\"771\" data-end=\"810\">Cildin do\u011fal nem dengesi<\/strong><\/p>\n<\/li>\n<li class=\"\" data-start=\"813\" data-end=\"873\">\n<p class=\"\" data-start=\"815\" data-end=\"873\">Cildi b\u0131rak\u0131r <strong data-start=\"827\" data-end=\"859\">taze, yumu\u015fak ve temiz<\/strong> hissetmek<\/p>\n<\/li>\n<li class=\"\" data-start=\"874\" data-end=\"931\">\n<p class=\"\" data-start=\"876\" data-end=\"931\">Uygun <strong data-start=\"882\" data-end=\"907\">t\u00fcm cilt tipleri i\u00e7in<\/strong>, hassas ciltler i\u00e7in de<\/p>\n<\/li>\n<li class=\"\" data-start=\"932\" data-end=\"983\">\n<p class=\"\" data-start=\"934\" data-end=\"983\">Hafif, ho\u015f ve kolay durulanan k\u00f6p\u00fck<\/p>\n<\/li>\n<\/ul>\n<p class=\"\" data-start=\"985\" data-end=\"1023\"><strong data-start=\"985\" data-end=\"1012\">D\u00fczenli kullan\u0131mda<\/strong> deri kal\u0131r:<\/p>\n<ul data-start=\"1025\" data-end=\"1156\">\n<li class=\"\" data-start=\"1025\" data-end=\"1054\">\n<p class=\"\" data-start=\"1027\" data-end=\"1054\">T\u0131kan\u0131kl\u0131klar temizlendi<\/p>\n<\/li>\n<li class=\"\" data-start=\"1055\" data-end=\"1091\">\n<p class=\"\" data-start=\"1057\" data-end=\"1091\">Dengeli ve canl\u0131<\/p>\n<\/li>\n<li class=\"\" data-start=\"1092\" data-end=\"1156\">\n<p class=\"\" data-start=\"1094\" data-end=\"1156\">Di\u011fer cilt bak\u0131m \u00fcr\u00fcnlerini daha etkili bir \u015fekilde almaya haz\u0131r m\u0131s\u0131n\u0131z?<\/p>\n<\/li>\n<\/ul>\n<p class=\"\" data-start=\"1158\" data-end=\"1296\">Environ Temizleme Jeli, g\u00fcnl\u00fck cilt bak\u0131m rutininizin vazge\u00e7ilmez bir par\u00e7as\u0131d\u0131r ve sabah ve ak\u015fam etkili ve nazik bir temizlik sa\u011flar.<\/p>","protected":false},"excerpt":{"rendered":"<p class=\"\" data-start=\"1352\" data-end=\"1491\"><strong data-start=\"1352\" data-end=\"1491\">Cildin nem dengesini ve tazeli\u011fini korurken, ya\u011f\u0131, makyaj\u0131 ve kirleri temizleyen, hafif k\u00f6p\u00fcren temizleme jeli.<\/strong><\/p>","protected":false},"featured_media":2313,"comment_status":"open","ping_status":"closed","template":"","meta":{"_surecart_dashboard_logo_width":"180px","_surecart_dashboard_show_logo":true,"_surecart_dashboard_navigation_orders":true,"_surecart_dashboard_navigation_invoices":true,"_surecart_dashboard_navigation_subscriptions":true,"_surecart_dashboard_navigation_downloads":true,"_surecart_dashboard_navigation_billing":true,"_surecart_dashboard_navigation_account":true,"_uag_custom_page_level_css":"","site-sidebar-layout":"default","site-content-layout":"","ast-site-content-layout":"default","site-content-style":"default","site-sidebar-style":"default","ast-global-header-display":"","ast-banner-title-visibility":"","ast-main-header-display":"","ast-hfb-above-header-display":"","ast-hfb-below-header-display":"","ast-hfb-mobile-header-display":"","site-post-title":"","ast-breadcrumbs-content":"","ast-featured-img":"","footer-sml-layout":"","ast-disable-related-posts":"","theme-transparent-header-meta":"default","adv-header-id-meta":"","stick-header-meta":"default","header-above-stick-meta":"","header-main-stick-meta":"","header-below-stick-meta":"","astra-migrate-meta-layouts":"set","ast-page-background-enabled":"default","ast-page-background-meta":{"desktop":{"background-color":"var(--ast-global-color-4)","background-image":"","background-repeat":"repeat","background-position":"center center","background-size":"auto","background-attachment":"scroll","background-type":"","background-media":"","overlay-type":"","overlay-color":"","overlay-opacity":"","overlay-gradient":""},"tablet":{"background-color":"","background-image":"","background-repeat":"repeat","background-position":"center center","background-size":"auto","background-attachment":"scroll","background-type":"","background-media":"","overlay-type":"","overlay-color":"","overlay-opacity":"","overlay-gradient":""},"mobile":{"background-color":"","background-image":"","background-repeat":"repeat","background-position":"center center","background-size":"auto","background-attachment":"scroll","background-type":"","background-media":"","overlay-type":"","overlay-color":"","overlay-opacity":"","overlay-gradient":""}},"ast-content-background-meta":{"desktop":{"background-color":"var(--ast-global-color-5)","background-image":"","background-repeat":"repeat","background-position":"center center","background-size":"auto","background-attachment":"scroll","background-type":"","background-media":"","overlay-type":"","overlay-color":"","overlay-opacity":"","overlay-gradient":""},"tablet":{"background-color":"var(--ast-global-color-5)","background-image":"","background-repeat":"repeat","background-position":"center center","background-size":"auto","background-attachment":"scroll","background-type":"","background-media":"","overlay-type":"","overlay-color":"","overlay-opacity":"","overlay-gradient":""},"mobile":{"background-color":"var(--ast-global-color-5)","background-image":"","background-repeat":"repeat","background-position":"center center","background-size":"auto","background-attachment":"scroll","background-type":"","background-media":"","overlay-type":"","overlay-color":"","overlay-opacity":"","overlay-gradient":""}}},"product_brand":[],"product_cat":[252],"product_tag":[374,368,372,371,370,375,366,373,367,369],"class_list":{"0":"post-2312","1":"product","2":"type-product","3":"status-publish","4":"has-post-thumbnail","6":"product_cat-kasvojen-hoito-puhdistusaineet","7":"product_tag-environ-cleansing-gel","8":"product_tag-hellavarainen-kasvojen-puhdistus","9":"product_tag-kaikille-ihotyypeille","10":"product_tag-kosteustasapainon-sailyttaminen","11":"product_tag-meikinpoisto","12":"product_tag-paivittainen-kasvojen-puhdistus","13":"product_tag-puhdistusgeeli","14":"product_tag-raikas-ja-puhdas-iho","15":"product_tag-vaahtoava-puhdistusaine","16":"product_tag-ylimaaraisen-rasvan-poisto","17":"desktop-align-left","18":"tablet-align-left","19":"mobile-align-left","21":"first","22":"instock","23":"shipping-taxable","24":"purchasable","25":"product-type-simple"},"uagb_featured_image_src":{"full":["https:\/\/vitaroma.fi\/wp-content\/uploads\/2025\/04\/f0c2b5_c5a5771d97514500a2da78a60f6aab12mv2.png",1080,1080,false],"thumbnail":["https:\/\/vitaroma.fi\/wp-content\/uploads\/2025\/04\/f0c2b5_c5a5771d97514500a2da78a60f6aab12mv2-150x150.png",150,150,true],"medium":["https:\/\/vitaroma.fi\/wp-content\/uploads\/2025\/04\/f0c2b5_c5a5771d97514500a2da78a60f6aab12mv2-300x300.png",300,300,true],"medium_large":["https:\/\/vitaroma.fi\/wp-content\/uploads\/2025\/04\/f0c2b5_c5a5771d97514500a2da78a60f6aab12mv2-768x768.png",768,768,true],"large":["https:\/\/vitaroma.fi\/wp-content\/uploads\/2025\/04\/f0c2b5_c5a5771d97514500a2da78a60f6aab12mv2-1024x1024.png",1024,1024,true],"1536x1536":["https:\/\/vitaroma.fi\/wp-content\/uploads\/2025\/04\/f0c2b5_c5a5771d97514500a2da78a60f6aab12mv2.png",1080,1080,false],"2048x2048":["https:\/\/vitaroma.fi\/wp-content\/uploads\/2025\/04\/f0c2b5_c5a5771d97514500a2da78a60f6aab12mv2.png",1080,1080,false],"trp-custom-language-flag":["https:\/\/vitaroma.fi\/wp-content\/uploads\/2025\/04\/f0c2b5_c5a5771d97514500a2da78a60f6aab12mv2-12x12.png",12,12,true],"woocommerce_thumbnail":["https:\/\/vitaroma.fi\/wp-content\/uploads\/2025\/04\/f0c2b5_c5a5771d97514500a2da78a60f6aab12mv2-300x300.png",300,300,true],"woocommerce_single":["https:\/\/vitaroma.fi\/wp-content\/uploads\/2025\/04\/f0c2b5_c5a5771d97514500a2da78a60f6aab12mv2-600x600.png",600,600,true],"woocommerce_gallery_thumbnail":["https:\/\/vitaroma.fi\/wp-content\/uploads\/2025\/04\/f0c2b5_c5a5771d97514500a2da78a60f6aab12mv2-100x100.png",100,100,true]},"uagb_author_info":{"display_name":"emilkemal4@gmail.com","author_link":"https:\/\/vitaroma.fi\/tr\/author\/"},"uagb_comment_info":0,"uagb_excerpt":"Miedosti vaahtoava puhdistusgeeli, joka poistaa rasvan, meikin ja ep\u00e4puhtaudet samalla s\u00e4ilytt\u00e4en ihon kosteustasapainon ja raikkauden.","_links":{"self":[{"href":"https:\/\/vitaroma.fi\/tr\/wp-json\/wp\/v2\/product\/2312","targetHints":{"allow":["GET"]}}],"collection":[{"href":"https:\/\/vitaroma.fi\/tr\/wp-json\/wp\/v2\/product"}],"about":[{"href":"https:\/\/vitaroma.fi\/tr\/wp-json\/wp\/v2\/types\/product"}],"replies":[{"embeddable":true,"href":"https:\/\/vitaroma.fi\/tr\/wp-json\/wp\/v2\/comments?post=2312"}],"wp:featuredmedia":[{"embeddable":true,"href":"https:\/\/vitaroma.fi\/tr\/wp-json\/wp\/v2\/media\/2313"}],"wp:attachment":[{"href":"https:\/\/vitaroma.fi\/tr\/wp-json\/wp\/v2\/media?parent=2312"}],"wp:term":[{"taxonomy":"product_brand","embeddable":true,"href":"https:\/\/vitaroma.fi\/tr\/wp-json\/wp\/v2\/product_brand?post=2312"},{"taxonomy":"product_cat","embeddable":true,"href":"https:\/\/vitaroma.fi\/tr\/wp-json\/wp\/v2\/product_cat?post=2312"},{"taxonomy":"product_tag","embeddable":true,"href":"https:\/\/vitaroma.fi\/tr\/wp-json\/wp\/v2\/product_tag?post=2312"}],"curies":[{"name":"wp","href":"https:\/\/api.w.org\/{rel}","templated":true}]}}