{"id":2310,"date":"2025-04-26T00:53:26","date_gmt":"2025-04-26T00:53:26","guid":{"rendered":"https:\/\/vitaroma.fi\/?post_type=product&#038;p=2310"},"modified":"2025-10-12T21:31:06","modified_gmt":"2025-10-12T19:31:06","slug":"environ-youth-avance-elixir","status":"publish","type":"product","link":"https:\/\/vitaroma.fi\/tr\/produkt\/cevre-genclik-ilerleme-iksiri\/","title":{"rendered":"Environ Youth Avance \u0130ksiri"},"content":{"rendered":"<p class=\"\" data-start=\"494\" data-end=\"748\"><strong data-start=\"494\" data-end=\"706\">Environ Youth Avance Elixir, ya\u015flanman\u0131n g\u00f6zle g\u00f6r\u00fcl\u00fcr belirtileriyle m\u00fccadele etmek i\u00e7in yenilik\u00e7i M\u0115iritage\u2122 teknolojisi ve \u00fc\u00e7l\u00fc peptit kompleksini kullanan geli\u015fmi\u015f bir ya\u015flanma kar\u015f\u0131t\u0131 serumdur.<\/strong><br data-start=\"706\" data-end=\"709\" \/>Dikkatle se\u00e7ilmi\u015f kompozisyonu \u015funlar\u0131 bir araya getirir:<\/p>\n<ul data-start=\"750\" data-end=\"1052\">\n<li class=\"\" data-start=\"750\" data-end=\"919\">\n<p class=\"\" data-start=\"752\" data-end=\"919\"><strong data-start=\"752\" data-end=\"766\">Meritage\u2122<\/strong> \u2013 \u00dc\u00e7 ya\u015flanma belirtisini hedef alan \u00c7in k\u00f6k\u00fc \u00f6zlerinin e\u015fsiz bir kar\u0131\u015f\u0131m\u0131: <strong data-start=\"868\" data-end=\"917\">kuruluk, k\u0131r\u0131\u015f\u0131kl\u0131klar ve hiperpigmentasyon i\u00e7in<\/strong><\/p>\n<\/li>\n<li class=\"\" data-start=\"920\" data-end=\"1052\">\n<p class=\"\" data-start=\"922\" data-end=\"1052\"><strong data-start=\"922\" data-end=\"959\">\u00dc\u00e7 etkili peptit kompleksi<\/strong>kolajen \u00fcretimini uyaran, cilt elastikiyetini art\u0131ran ve cildi s\u0131k\u0131la\u015ft\u0131ran<\/p>\n<\/li>\n<\/ul>\n<p class=\"\" data-start=\"1054\" data-end=\"1081\"><strong data-start=\"1054\" data-end=\"1081\">Ana etkiler:<\/strong><\/p>\n<ul data-start=\"1082\" data-end=\"1368\">\n<li class=\"\" data-start=\"1082\" data-end=\"1148\">\n<p class=\"\" data-start=\"1084\" data-end=\"1148\">Geli\u015ftirmek <strong data-start=\"1093\" data-end=\"1119\">cilt nem dengesi<\/strong> ve cildi daha yumu\u015fak yapar<\/p>\n<\/li>\n<li class=\"\" data-start=\"1149\" data-end=\"1208\">\n<p class=\"\" data-start=\"1151\" data-end=\"1208\">Azaltmak <strong data-start=\"1160\" data-end=\"1195\">k\u0131r\u0131\u015f\u0131kl\u0131klar ve ince \u00e7izgiler<\/strong> g\u00f6r\u00fcn\u00fcrl\u00fck<\/p>\n<\/li>\n<li class=\"\" data-start=\"1209\" data-end=\"1288\">\n<p class=\"\" data-start=\"1211\" data-end=\"1288\">Etkilemek <strong data-start=\"1221\" data-end=\"1247\">d\u00fczensiz cilt tonu<\/strong> Ve <strong data-start=\"1251\" data-end=\"1272\">pigment lekeleri<\/strong> kesinti<\/p>\n<\/li>\n<li class=\"\" data-start=\"1289\" data-end=\"1368\">\n<p class=\"\" data-start=\"1291\" data-end=\"1368\">Cildi s\u0131k\u0131la\u015ft\u0131r\u0131r ve g\u00fc\u00e7lendirir, <strong data-start=\"1329\" data-end=\"1361\">daha gen\u00e7 ve parlak<\/strong> ifade<\/p>\n<\/li>\n<\/ul>\n<p class=\"\" data-start=\"1370\" data-end=\"1410\"><strong data-start=\"1370\" data-end=\"1397\">D\u00fczenli kullan\u0131mda<\/strong> cilt \u015fu \u015fekilde g\u00f6r\u00fcn\u00fcyor:<\/p>\n<ul data-start=\"1412\" data-end=\"1486\">\n<li class=\"\" data-start=\"1412\" data-end=\"1429\">\n<p class=\"\" data-start=\"1414\" data-end=\"1429\">Daha p\u00fcr\u00fczs\u00fcz<\/p>\n<\/li>\n<li class=\"\" data-start=\"1430\" data-end=\"1450\">\n<p class=\"\" data-start=\"1432\" data-end=\"1450\">Daha dolgun<\/p>\n<\/li>\n<li class=\"\" data-start=\"1451\" data-end=\"1486\">\n<p class=\"\" data-start=\"1453\" data-end=\"1486\">Daha p\u00fcr\u00fczs\u00fcz ve daha canl\u0131<\/p>\n<\/li>\n<\/ul>\n<p class=\"\" data-start=\"1488\" data-end=\"1619\"><strong data-start=\"1488\" data-end=\"1511\">Gen\u00e7lik Avance \u0130ksiri<\/strong> Ya\u015flanma belirtilerine kar\u015f\u0131 kapsaml\u0131 ve etkili bir tedavi arayan herkes i\u00e7in m\u00fckemmel bir se\u00e7imdir.<\/p>","protected":false},"excerpt":{"rendered":"<p class=\"\" data-start=\"1675\" data-end=\"1832\"><strong data-start=\"1675\" data-end=\"1832\">M\u0115iritage\u2122 teknolojisi ve \u00fc\u00e7l\u00fc peptit kompleksi i\u00e7eren, k\u0131r\u0131\u015f\u0131kl\u0131klar\u0131, kurulu\u011fu ve hiperpigmentasyonu hedef alan g\u00fc\u00e7l\u00fc bir ya\u015flanma kar\u015f\u0131t\u0131 serum.<\/strong><\/p>","protected":false},"featured_media":2311,"comment_status":"open","ping_status":"closed","template":"","meta":{"_surecart_dashboard_logo_width":"180px","_surecart_dashboard_show_logo":true,"_surecart_dashboard_navigation_orders":true,"_surecart_dashboard_navigation_invoices":true,"_surecart_dashboard_navigation_subscriptions":true,"_surecart_dashboard_navigation_downloads":true,"_surecart_dashboard_navigation_billing":true,"_surecart_dashboard_navigation_account":true,"_uag_custom_page_level_css":"","site-sidebar-layout":"default","site-content-layout":"","ast-site-content-layout":"default","site-content-style":"default","site-sidebar-style":"default","ast-global-header-display":"","ast-banner-title-visibility":"","ast-main-header-display":"","ast-hfb-above-header-display":"","ast-hfb-below-header-display":"","ast-hfb-mobile-header-display":"","site-post-title":"","ast-breadcrumbs-content":"","ast-featured-img":"","footer-sml-layout":"","ast-disable-related-posts":"","theme-transparent-header-meta":"default","adv-header-id-meta":"","stick-header-meta":"default","header-above-stick-meta":"","header-main-stick-meta":"","header-below-stick-meta":"","astra-migrate-meta-layouts":"set","ast-page-background-enabled":"default","ast-page-background-meta":{"desktop":{"background-color":"var(--ast-global-color-4)","background-image":"","background-repeat":"repeat","background-position":"center center","background-size":"auto","background-attachment":"scroll","background-type":"","background-media":"","overlay-type":"","overlay-color":"","overlay-opacity":"","overlay-gradient":""},"tablet":{"background-color":"","background-image":"","background-repeat":"repeat","background-position":"center center","background-size":"auto","background-attachment":"scroll","background-type":"","background-media":"","overlay-type":"","overlay-color":"","overlay-opacity":"","overlay-gradient":""},"mobile":{"background-color":"","background-image":"","background-repeat":"repeat","background-position":"center center","background-size":"auto","background-attachment":"scroll","background-type":"","background-media":"","overlay-type":"","overlay-color":"","overlay-opacity":"","overlay-gradient":""}},"ast-content-background-meta":{"desktop":{"background-color":"var(--ast-global-color-5)","background-image":"","background-repeat":"repeat","background-position":"center center","background-size":"auto","background-attachment":"scroll","background-type":"","background-media":"","overlay-type":"","overlay-color":"","overlay-opacity":"","overlay-gradient":""},"tablet":{"background-color":"var(--ast-global-color-5)","background-image":"","background-repeat":"repeat","background-position":"center center","background-size":"auto","background-attachment":"scroll","background-type":"","background-media":"","overlay-type":"","overlay-color":"","overlay-opacity":"","overlay-gradient":""},"mobile":{"background-color":"var(--ast-global-color-5)","background-image":"","background-repeat":"repeat","background-position":"center center","background-size":"auto","background-attachment":"scroll","background-type":"","background-media":"","overlay-type":"","overlay-color":"","overlay-opacity":"","overlay-gradient":""}}},"product_brand":[],"product_cat":[358],"product_tag":[336,365,361,364,362,360,363,300,359,330],"class_list":{"0":"post-2310","1":"product","2":"type-product","3":"status-publish","4":"has-post-thumbnail","6":"product_cat-kasvojen-hoito-anti-age-seerumit","7":"product_tag-anti-age-seerumi","8":"product_tag-environ-youth-avance-elixir","9":"product_tag-hyperpigmentaation-hoito","10":"product_tag-kiinalainen-juuriuute","11":"product_tag-kiinteyttava-kasvohoito","12":"product_tag-kosteuttava-anti-age","13":"product_tag-meiritage-teknologia","14":"product_tag-nuorekkaampi-iho","15":"product_tag-peptidiseerumi","16":"product_tag-ryppyja-vahentava-seerumi","17":"desktop-align-left","18":"tablet-align-left","19":"mobile-align-left","21":"first","22":"instock","23":"shipping-taxable","24":"purchasable","25":"product-type-simple"},"uagb_featured_image_src":{"full":["https:\/\/vitaroma.fi\/wp-content\/uploads\/2025\/04\/f0c2b5_5fee2c0042b545df978aeae1627e1283mv2.png",1080,1080,false],"thumbnail":["https:\/\/vitaroma.fi\/wp-content\/uploads\/2025\/04\/f0c2b5_5fee2c0042b545df978aeae1627e1283mv2-150x150.png",150,150,true],"medium":["https:\/\/vitaroma.fi\/wp-content\/uploads\/2025\/04\/f0c2b5_5fee2c0042b545df978aeae1627e1283mv2-300x300.png",300,300,true],"medium_large":["https:\/\/vitaroma.fi\/wp-content\/uploads\/2025\/04\/f0c2b5_5fee2c0042b545df978aeae1627e1283mv2-768x768.png",768,768,true],"large":["https:\/\/vitaroma.fi\/wp-content\/uploads\/2025\/04\/f0c2b5_5fee2c0042b545df978aeae1627e1283mv2-1024x1024.png",1024,1024,true],"1536x1536":["https:\/\/vitaroma.fi\/wp-content\/uploads\/2025\/04\/f0c2b5_5fee2c0042b545df978aeae1627e1283mv2.png",1080,1080,false],"2048x2048":["https:\/\/vitaroma.fi\/wp-content\/uploads\/2025\/04\/f0c2b5_5fee2c0042b545df978aeae1627e1283mv2.png",1080,1080,false],"trp-custom-language-flag":["https:\/\/vitaroma.fi\/wp-content\/uploads\/2025\/04\/f0c2b5_5fee2c0042b545df978aeae1627e1283mv2-12x12.png",12,12,true],"woocommerce_thumbnail":["https:\/\/vitaroma.fi\/wp-content\/uploads\/2025\/04\/f0c2b5_5fee2c0042b545df978aeae1627e1283mv2-300x300.png",300,300,true],"woocommerce_single":["https:\/\/vitaroma.fi\/wp-content\/uploads\/2025\/04\/f0c2b5_5fee2c0042b545df978aeae1627e1283mv2-600x600.png",600,600,true],"woocommerce_gallery_thumbnail":["https:\/\/vitaroma.fi\/wp-content\/uploads\/2025\/04\/f0c2b5_5fee2c0042b545df978aeae1627e1283mv2-100x100.png",100,100,true]},"uagb_author_info":{"display_name":"emilkemal4@gmail.com","author_link":"https:\/\/vitaroma.fi\/tr\/author\/"},"uagb_comment_info":0,"uagb_excerpt":"Tehokas anti-age-seerumi M\u0115iritage\u2122-teknologialla ja kolminkertaisella peptidikompleksilla, joka kohdistuu ryppyihin, kuivumiseen ja hyperpigmentaatioon.","_links":{"self":[{"href":"https:\/\/vitaroma.fi\/tr\/wp-json\/wp\/v2\/product\/2310","targetHints":{"allow":["GET"]}}],"collection":[{"href":"https:\/\/vitaroma.fi\/tr\/wp-json\/wp\/v2\/product"}],"about":[{"href":"https:\/\/vitaroma.fi\/tr\/wp-json\/wp\/v2\/types\/product"}],"replies":[{"embeddable":true,"href":"https:\/\/vitaroma.fi\/tr\/wp-json\/wp\/v2\/comments?post=2310"}],"wp:featuredmedia":[{"embeddable":true,"href":"https:\/\/vitaroma.fi\/tr\/wp-json\/wp\/v2\/media\/2311"}],"wp:attachment":[{"href":"https:\/\/vitaroma.fi\/tr\/wp-json\/wp\/v2\/media?parent=2310"}],"wp:term":[{"taxonomy":"product_brand","embeddable":true,"href":"https:\/\/vitaroma.fi\/tr\/wp-json\/wp\/v2\/product_brand?post=2310"},{"taxonomy":"product_cat","embeddable":true,"href":"https:\/\/vitaroma.fi\/tr\/wp-json\/wp\/v2\/product_cat?post=2310"},{"taxonomy":"product_tag","embeddable":true,"href":"https:\/\/vitaroma.fi\/tr\/wp-json\/wp\/v2\/product_tag?post=2310"}],"curies":[{"name":"wp","href":"https:\/\/api.w.org\/{rel}","templated":true}]}}