{"id":2304,"date":"2025-04-26T00:44:15","date_gmt":"2025-04-26T00:44:15","guid":{"rendered":"https:\/\/vitaroma.fi\/?post_type=product&#038;p=2304"},"modified":"2026-02-18T12:48:16","modified_gmt":"2026-02-18T10:48:16","slug":"environ-retinol-serum-2","status":"publish","type":"product","link":"https:\/\/vitaroma.fi\/tr\/produkt\/cevre-retinol-serumu-2\/","title":{"rendered":"Environ Retinol Serum 2"},"content":{"rendered":"<p>Saatavilla vain ihokonsultaation j\u00e4lkeen henkil\u00f6kohtaisella koodilla. Ota yhteytt\u00e4 ennen ostoa.<\/p>\n<p class=\"\" data-start=\"486\" data-end=\"828\"><strong data-start=\"486\" data-end=\"628\">Environ Retinol Serum 2, retinol formunda \u00e7ok y\u00fcksek konsantrasyonda A vitamini i\u00e7eren etkili ve geli\u015fmi\u015f bir serumdur.<\/strong><br data-start=\"628\" data-end=\"631\" \/>\u00d6rne\u011fin, cildi y\u00fcksek A vitamini seviyelerine al\u0131\u015fm\u0131\u015f ileri d\u00fczey kullan\u0131c\u0131lar i\u00e7in \u00f6zel olarak tasarlanm\u0131\u015ft\u0131r. <strong data-start=\"761\" data-end=\"809\">Skin EssentiA\u00ae veya Youth EssentiA\u00ae serisi<\/strong> \u00dcr\u00fcnler arac\u0131l\u0131\u011f\u0131yla.<\/p>\n<p class=\"\" data-start=\"830\" data-end=\"857\"><strong data-start=\"830\" data-end=\"857\">Ana etkiler:<\/strong><\/p>\n<ul data-start=\"858\" data-end=\"1122\">\n<li class=\"\" data-start=\"858\" data-end=\"902\">\n<p class=\"\" data-start=\"860\" data-end=\"902\">Destekler <strong data-start=\"866\" data-end=\"900\">do\u011fal cilt yenilenmesi<\/strong><\/p>\n<\/li>\n<li class=\"\" data-start=\"903\" data-end=\"962\">\n<p class=\"\" data-start=\"905\" data-end=\"962\">Azaltmak <strong data-start=\"914\" data-end=\"949\">ince \u00e7izgiler ve k\u0131r\u0131\u015f\u0131kl\u0131klar<\/strong> g\u00f6r\u00fcn\u00fcrl\u00fck<\/p>\n<\/li>\n<li class=\"\" data-start=\"963\" data-end=\"1011\">\n<p class=\"\" data-start=\"965\" data-end=\"1011\">Geli\u015ftirmek <strong data-start=\"974\" data-end=\"1009\">cilt dokusu ve elastikiyeti<\/strong><\/p>\n<\/li>\n<li class=\"\" data-start=\"1012\" data-end=\"1064\">\n<p class=\"\" data-start=\"1014\" data-end=\"1064\">Terfi <strong data-start=\"1022\" data-end=\"1062\">daha e\u015fit ve parlak cilt tonu<\/strong><\/p>\n<\/li>\n<li class=\"\" data-start=\"1065\" data-end=\"1122\">\n<p class=\"\" data-start=\"1067\" data-end=\"1122\">Kavgalar <strong data-start=\"1077\" data-end=\"1102\">ya\u015flanma belirtileri<\/strong> etkili bir \u015fekilde yan\u0131t vermek<\/p>\n<\/li>\n<\/ul>\n<p class=\"\" data-start=\"1124\" data-end=\"1145\"><strong data-start=\"1124\" data-end=\"1143\">\u00d6nerilen kullan\u0131m:<\/strong><\/p>\n<ul data-start=\"1146\" data-end=\"1320\">\n<li class=\"\" data-start=\"1146\" data-end=\"1225\">\n<p class=\"\" data-start=\"1148\" data-end=\"1225\">Kullan\u0131lm\u0131\u015f <strong data-start=\"1158\" data-end=\"1167\">her gece<\/strong> Di\u011fer Environ bak\u0131m \u00fcr\u00fcnlerinden sonra temiz bir cilt i\u00e7in<\/p>\n<\/li>\n<li class=\"\" data-start=\"1226\" data-end=\"1320\">\n<p class=\"\" data-start=\"1228\" data-end=\"1320\">Tedavi s\u0131ras\u0131nda tavsiye edilir <strong data-start=\"1255\" data-end=\"1301\">g\u00fcn boyunca en az SPF15 UV korumas\u0131 kullan\u0131m\u0131<\/strong> cildi korumak i\u00e7in<\/p>\n<\/li>\n<\/ul>\n<p class=\"\" data-start=\"1322\" data-end=\"1435\"><strong data-start=\"1322\" data-end=\"1331\">Not:<\/strong> Retinol i\u00e7eren \u00fcr\u00fcnler yaln\u0131zca A vitamini a\u00e7\u0131s\u0131ndan iyi tolere edilen ciltlere sahip ileri d\u00fczey kullan\u0131c\u0131lar i\u00e7in uygundur.<\/p>","protected":false},"excerpt":{"rendered":"<p>T\u00e4m\u00e4 tuote myyd\u00e4\u00e4n Environin hoitoprotokollan mukaisesti vain ihokonsultaation j\u00e4lkeen henkil\u00f6kohtaisella ostokoodilla. Otathan meihin yhteytt\u00e4 ennen tilausta.<\/p>\n<p class=\"\" data-start=\"1491\" data-end=\"1660\"><strong data-start=\"1491\" data-end=\"1660\">Cilt dokusunu iyile\u015ftiren, k\u0131r\u0131\u015f\u0131kl\u0131klar\u0131 azaltan ve gen\u00e7 g\u00f6r\u00fcn\u00fcm\u00fc destekleyen y\u00fcksek A vitamini i\u00e7eri\u011fine sahip g\u00fc\u00e7l\u00fc bir serum \u2013 ileri d\u00fczey kullan\u0131c\u0131lar i\u00e7in tasarlanm\u0131\u015ft\u0131r.<\/strong><\/p>","protected":false},"featured_media":2305,"comment_status":"open","ping_status":"closed","template":"","meta":{"_surecart_dashboard_logo_width":"180px","_surecart_dashboard_show_logo":true,"_surecart_dashboard_navigation_orders":true,"_surecart_dashboard_navigation_invoices":true,"_surecart_dashboard_navigation_subscriptions":true,"_surecart_dashboard_navigation_downloads":true,"_surecart_dashboard_navigation_billing":true,"_surecart_dashboard_navigation_account":true,"_uag_custom_page_level_css":"","site-sidebar-layout":"default","site-content-layout":"","ast-site-content-layout":"default","site-content-style":"default","site-sidebar-style":"default","ast-global-header-display":"","ast-banner-title-visibility":"","ast-main-header-display":"","ast-hfb-above-header-display":"","ast-hfb-below-header-display":"","ast-hfb-mobile-header-display":"","site-post-title":"","ast-breadcrumbs-content":"","ast-featured-img":"","footer-sml-layout":"","theme-transparent-header-meta":"default","adv-header-id-meta":"","stick-header-meta":"default","header-above-stick-meta":"","header-main-stick-meta":"","header-below-stick-meta":"","astra-migrate-meta-layouts":"set","ast-page-background-enabled":"default","ast-page-background-meta":{"desktop":{"background-color":"var(--ast-global-color-4)","background-image":"","background-repeat":"repeat","background-position":"center center","background-size":"auto","background-attachment":"scroll","background-type":"","background-media":"","overlay-type":"","overlay-color":"","overlay-opacity":"","overlay-gradient":""},"tablet":{"background-color":"","background-image":"","background-repeat":"repeat","background-position":"center center","background-size":"auto","background-attachment":"scroll","background-type":"","background-media":"","overlay-type":"","overlay-color":"","overlay-opacity":"","overlay-gradient":""},"mobile":{"background-color":"","background-image":"","background-repeat":"repeat","background-position":"center center","background-size":"auto","background-attachment":"scroll","background-type":"","background-media":"","overlay-type":"","overlay-color":"","overlay-opacity":"","overlay-gradient":""}},"ast-content-background-meta":{"desktop":{"background-color":"var(--ast-global-color-5)","background-image":"","background-repeat":"repeat","background-position":"center center","background-size":"auto","background-attachment":"scroll","background-type":"","background-media":"","overlay-type":"","overlay-color":"","overlay-opacity":"","overlay-gradient":""},"tablet":{"background-color":"var(--ast-global-color-5)","background-image":"","background-repeat":"repeat","background-position":"center center","background-size":"auto","background-attachment":"scroll","background-type":"","background-media":"","overlay-type":"","overlay-color":"","overlay-opacity":"","overlay-gradient":""},"mobile":{"background-color":"var(--ast-global-color-5)","background-image":"","background-repeat":"repeat","background-position":"center center","background-size":"auto","background-attachment":"scroll","background-type":"","background-media":"","overlay-type":"","overlay-color":"","overlay-opacity":"","overlay-gradient":""}}},"product_brand":[],"product_cat":[326],"product_tag":[336,331,335,334,329,328,332,327,330,333],"class_list":{"0":"post-2304","1":"product","2":"type-product","3":"status-publish","4":"has-post-thumbnail","6":"product_cat-kasvojen-hoito-seerumit-ja-a-vitamiinituotteet","7":"product_tag-anti-age-seerumi","8":"product_tag-edistyneen-ihonhoito","9":"product_tag-environ-retinol-serum-2","10":"product_tag-ihon-tasoitus","11":"product_tag-ihon-uudistuminen","12":"product_tag-korkea-a-vitamiini","13":"product_tag-retinoli-yoseerumi","14":"product_tag-retinoliseerumi","15":"product_tag-ryppyja-vahentava-seerumi","16":"product_tag-spf-suoja-suositeltu","17":"desktop-align-left","18":"tablet-align-left","19":"mobile-align-left","21":"first","22":"outofstock","23":"shipping-taxable","24":"purchasable","25":"product-type-simple"},"uagb_featured_image_src":{"full":["https:\/\/vitaroma.fi\/wp-content\/uploads\/2025\/04\/f0c2b5_6c18413c58d645b3b04413c6a6f09fb3mv2.png",1080,1080,false],"thumbnail":["https:\/\/vitaroma.fi\/wp-content\/uploads\/2025\/04\/f0c2b5_6c18413c58d645b3b04413c6a6f09fb3mv2-150x150.png",150,150,true],"medium":["https:\/\/vitaroma.fi\/wp-content\/uploads\/2025\/04\/f0c2b5_6c18413c58d645b3b04413c6a6f09fb3mv2-300x300.png",300,300,true],"medium_large":["https:\/\/vitaroma.fi\/wp-content\/uploads\/2025\/04\/f0c2b5_6c18413c58d645b3b04413c6a6f09fb3mv2-768x768.png",768,768,true],"large":["https:\/\/vitaroma.fi\/wp-content\/uploads\/2025\/04\/f0c2b5_6c18413c58d645b3b04413c6a6f09fb3mv2-1024x1024.png",1024,1024,true],"1536x1536":["https:\/\/vitaroma.fi\/wp-content\/uploads\/2025\/04\/f0c2b5_6c18413c58d645b3b04413c6a6f09fb3mv2.png",1080,1080,false],"2048x2048":["https:\/\/vitaroma.fi\/wp-content\/uploads\/2025\/04\/f0c2b5_6c18413c58d645b3b04413c6a6f09fb3mv2.png",1080,1080,false],"trp-custom-language-flag":["https:\/\/vitaroma.fi\/wp-content\/uploads\/2025\/04\/f0c2b5_6c18413c58d645b3b04413c6a6f09fb3mv2-12x12.png",12,12,true],"woocommerce_thumbnail":["https:\/\/vitaroma.fi\/wp-content\/uploads\/2025\/04\/f0c2b5_6c18413c58d645b3b04413c6a6f09fb3mv2-300x300.png",300,300,true],"woocommerce_single":["https:\/\/vitaroma.fi\/wp-content\/uploads\/2025\/04\/f0c2b5_6c18413c58d645b3b04413c6a6f09fb3mv2-600x600.png",600,600,true],"woocommerce_gallery_thumbnail":["https:\/\/vitaroma.fi\/wp-content\/uploads\/2025\/04\/f0c2b5_6c18413c58d645b3b04413c6a6f09fb3mv2-100x100.png",100,100,true]},"uagb_author_info":{"display_name":"emilkemal4@gmail.com","author_link":"https:\/\/vitaroma.fi\/tr\/author\/"},"uagb_comment_info":0,"uagb_excerpt":"T\u00e4m\u00e4 tuote myyd\u00e4\u00e4n Environin hoitoprotokollan mukaisesti vain ihokonsultaation j\u00e4lkeen henkil\u00f6kohtaisella ostokoodilla. Otathan meihin yhteytt\u00e4 ennen tilausta. Tehokas korkean A-vitamiinipitoisuuden seerumi, joka parantaa ihon rakennetta, v\u00e4hent\u00e4\u00e4 ryppyj\u00e4 ja tukee nuorekasta ulkon\u00e4k\u00f6\u00e4 \u2013 tarkoitettu edistyneille k\u00e4ytt\u00e4jille.","_links":{"self":[{"href":"https:\/\/vitaroma.fi\/tr\/wp-json\/wp\/v2\/product\/2304","targetHints":{"allow":["GET"]}}],"collection":[{"href":"https:\/\/vitaroma.fi\/tr\/wp-json\/wp\/v2\/product"}],"about":[{"href":"https:\/\/vitaroma.fi\/tr\/wp-json\/wp\/v2\/types\/product"}],"replies":[{"embeddable":true,"href":"https:\/\/vitaroma.fi\/tr\/wp-json\/wp\/v2\/comments?post=2304"}],"wp:featuredmedia":[{"embeddable":true,"href":"https:\/\/vitaroma.fi\/tr\/wp-json\/wp\/v2\/media\/2305"}],"wp:attachment":[{"href":"https:\/\/vitaroma.fi\/tr\/wp-json\/wp\/v2\/media?parent=2304"}],"wp:term":[{"taxonomy":"product_brand","embeddable":true,"href":"https:\/\/vitaroma.fi\/tr\/wp-json\/wp\/v2\/product_brand?post=2304"},{"taxonomy":"product_cat","embeddable":true,"href":"https:\/\/vitaroma.fi\/tr\/wp-json\/wp\/v2\/product_cat?post=2304"},{"taxonomy":"product_tag","embeddable":true,"href":"https:\/\/vitaroma.fi\/tr\/wp-json\/wp\/v2\/product_tag?post=2304"}],"curies":[{"name":"wp","href":"https:\/\/api.w.org\/{rel}","templated":true}]}}