{"id":2286,"date":"2025-04-26T00:41:22","date_gmt":"2025-04-26T00:41:22","guid":{"rendered":"https:\/\/vitaroma.fi\/?post_type=product&#038;p=2286"},"modified":"2025-12-01T13:36:44","modified_gmt":"2025-12-01T11:36:44","slug":"environ-revival-masque","status":"publish","type":"product","link":"https:\/\/vitaroma.fi\/tr\/produkt\/cevresel-canlanma-maskesi\/","title":{"rendered":"\u00c7evre Canland\u0131rma Maskesi"},"content":{"rendered":"<p class=\"\" data-start=\"484\" data-end=\"700\"><strong data-start=\"484\" data-end=\"576\">Environ Revival Masque, &quot;kavanozda y\u00fcz germe&quot; olarak biliniyor ve bunun da iyi bir nedeni var.<\/strong><br data-start=\"576\" data-end=\"579\" \/>Bu yenilik\u00e7i ve etkili y\u00fcz maskesi \u015funlar\u0131 kullan\u0131r: <strong data-start=\"632\" data-end=\"657\">nazik asitler<\/strong> benzersiz bir kombinasyon sunuyor:<\/p>\n<ul data-start=\"702\" data-end=\"835\">\n<li class=\"\" data-start=\"702\" data-end=\"743\">\n<p class=\"\" data-start=\"704\" data-end=\"743\">Daha <strong data-start=\"710\" data-end=\"741\">cilt parlakl\u0131\u011f\u0131 ve \u0131\u015f\u0131lt\u0131s\u0131<\/strong><\/p>\n<\/li>\n<li class=\"\" data-start=\"744\" data-end=\"793\">\n<p class=\"\" data-start=\"746\" data-end=\"793\">Geli\u015ftirmek <strong data-start=\"755\" data-end=\"791\">cilt s\u0131k\u0131l\u0131\u011f\u0131 ve elastikiyeti<\/strong><\/p>\n<\/li>\n<li class=\"\" data-start=\"794\" data-end=\"835\">\n<p class=\"\" data-start=\"796\" data-end=\"835\">Onaylamak <strong data-start=\"806\" data-end=\"835\">Cildin gen\u00e7 g\u00f6r\u00fcn\u00fcm\u00fc<\/strong><\/p>\n<\/li>\n<\/ul>\n<p class=\"\" data-start=\"837\" data-end=\"867\"><strong data-start=\"837\" data-end=\"865\">Revival Masque&#039;\u0131n i\u00e7eri\u011fi:<\/strong><\/p>\n<ul data-start=\"868\" data-end=\"1086\">\n<li class=\"\" data-start=\"868\" data-end=\"939\">\n<p class=\"\" data-start=\"870\" data-end=\"939\"><strong data-start=\"870\" data-end=\"885\">Laktik asit<\/strong> \u2013 Do\u011fal eksfoliasyonu destekler ve cildi nemlendirir<\/p>\n<\/li>\n<li class=\"\" data-start=\"940\" data-end=\"1012\">\n<p class=\"\" data-start=\"942\" data-end=\"1012\"><strong data-start=\"942\" data-end=\"960\">Asya asidi<\/strong> \u2013 Cildin yenilenmesini ve yap\u0131s\u0131n\u0131 desteklemeye yard\u0131mc\u0131 olur<\/p>\n<\/li>\n<li class=\"\" data-start=\"1013\" data-end=\"1086\">\n<p class=\"\" data-start=\"1015\" data-end=\"1086\"><strong data-start=\"1015\" data-end=\"1034\">Mandelik asit<\/strong> \u2013 Cilt dokusunu ve tonunu nazik\u00e7e iyile\u015ftirir<\/p>\n<\/li>\n<\/ul>\n<p class=\"\" data-start=\"1088\" data-end=\"1115\"><strong data-start=\"1088\" data-end=\"1115\">Ana etkiler:<\/strong><\/p>\n<ul data-start=\"1116\" data-end=\"1321\">\n<li class=\"\" data-start=\"1116\" data-end=\"1166\">\n<p class=\"\" data-start=\"1118\" data-end=\"1166\">Cildin y\u00fczeyini e\u015fitler ve daha p\u00fcr\u00fczs\u00fcz hale getirir<\/p>\n<\/li>\n<li class=\"\" data-start=\"1167\" data-end=\"1211\">\n<p class=\"\" data-start=\"1169\" data-end=\"1211\">Cildin s\u0131k\u0131l\u0131\u011f\u0131n\u0131 ve elastikiyetini art\u0131r\u0131r<\/p>\n<\/li>\n<li class=\"\" data-start=\"1212\" data-end=\"1267\">\n<p class=\"\" data-start=\"1214\" data-end=\"1267\">Cildi g\u00f6zle g\u00f6r\u00fcl\u00fcr \u015fekilde daha parlak ve daha gen\u00e7 hale getirir<\/p>\n<\/li>\n<li class=\"\" data-start=\"1268\" data-end=\"1321\">\n<p class=\"\" data-start=\"1270\" data-end=\"1321\">Cildin kendi yenilenme s\u00fcrecini tahri\u015fe neden olmadan destekler<\/p>\n<\/li>\n<\/ul>\n<p class=\"\" data-start=\"1323\" data-end=\"1368\"><strong data-start=\"1323\" data-end=\"1366\">Revival Masque&#039;\u0131 d\u00fczenli kulland\u0131\u011f\u0131n\u0131zda:<\/strong><\/p>\n<ul data-start=\"1369\" data-end=\"1474\">\n<li class=\"\" data-start=\"1369\" data-end=\"1410\">\n<p class=\"\" data-start=\"1371\" data-end=\"1410\">Yorgun ve ya\u015flanan cildi canland\u0131r\u0131r<\/p>\n<\/li>\n<li class=\"\" data-start=\"1411\" data-end=\"1474\">\n<p class=\"\" data-start=\"1413\" data-end=\"1474\">\u0130nce \u00e7izgileri azalt\u0131r ve cildin genel g\u00f6r\u00fcn\u00fcm\u00fcn\u00fc iyile\u015ftirir<\/p>\n<\/li>\n<\/ul>","protected":false},"excerpt":{"rendered":"<p class=\"\" data-start=\"1530\" data-end=\"1655\"><strong data-start=\"1530\" data-end=\"1655\">Cildinizi nazik asitlerle ayd\u0131nlatan, s\u0131k\u0131la\u015ft\u0131ran ve gen\u00e7le\u015ftiren etkili bir &quot;kavanozda y\u00fcz germe&quot; maskesi.<\/strong><\/p>","protected":false},"featured_media":2287,"comment_status":"open","ping_status":"closed","template":"","meta":{"_surecart_dashboard_logo_width":"180px","_surecart_dashboard_show_logo":true,"_surecart_dashboard_navigation_orders":true,"_surecart_dashboard_navigation_invoices":true,"_surecart_dashboard_navigation_subscriptions":true,"_surecart_dashboard_navigation_downloads":true,"_surecart_dashboard_navigation_billing":true,"_surecart_dashboard_navigation_account":true,"_uag_custom_page_level_css":"","site-sidebar-layout":"default","site-content-layout":"","ast-site-content-layout":"default","site-content-style":"default","site-sidebar-style":"default","ast-global-header-display":"","ast-banner-title-visibility":"","ast-main-header-display":"","ast-hfb-above-header-display":"","ast-hfb-below-header-display":"","ast-hfb-mobile-header-display":"","site-post-title":"","ast-breadcrumbs-content":"","ast-featured-img":"","footer-sml-layout":"","theme-transparent-header-meta":"default","adv-header-id-meta":"","stick-header-meta":"default","header-above-stick-meta":"","header-main-stick-meta":"","header-below-stick-meta":"","astra-migrate-meta-layouts":"set","ast-page-background-enabled":"default","ast-page-background-meta":{"desktop":{"background-color":"var(--ast-global-color-4)","background-image":"","background-repeat":"repeat","background-position":"center center","background-size":"auto","background-attachment":"scroll","background-type":"","background-media":"","overlay-type":"","overlay-color":"","overlay-opacity":"","overlay-gradient":""},"tablet":{"background-color":"","background-image":"","background-repeat":"repeat","background-position":"center center","background-size":"auto","background-attachment":"scroll","background-type":"","background-media":"","overlay-type":"","overlay-color":"","overlay-opacity":"","overlay-gradient":""},"mobile":{"background-color":"","background-image":"","background-repeat":"repeat","background-position":"center center","background-size":"auto","background-attachment":"scroll","background-type":"","background-media":"","overlay-type":"","overlay-color":"","overlay-opacity":"","overlay-gradient":""}},"ast-content-background-meta":{"desktop":{"background-color":"var(--ast-global-color-5)","background-image":"","background-repeat":"repeat","background-position":"center center","background-size":"auto","background-attachment":"scroll","background-type":"","background-media":"","overlay-type":"","overlay-color":"","overlay-opacity":"","overlay-gradient":""},"tablet":{"background-color":"var(--ast-global-color-5)","background-image":"","background-repeat":"repeat","background-position":"center center","background-size":"auto","background-attachment":"scroll","background-type":"","background-media":"","overlay-type":"","overlay-color":"","overlay-opacity":"","overlay-gradient":""},"mobile":{"background-color":"var(--ast-global-color-5)","background-image":"","background-repeat":"repeat","background-position":"center center","background-size":"auto","background-attachment":"scroll","background-type":"","background-media":"","overlay-type":"","overlay-color":"","overlay-opacity":"","overlay-gradient":""}}},"product_brand":[],"product_cat":[315],"product_tag":[323,321,324,325,318,316,317,319,320,322],"class_list":{"0":"post-2286","1":"product","2":"type-product","3":"status-publish","4":"has-post-thumbnail","6":"product_cat-kasvojen-hoito-naamiot-ja-erikoishoidot","7":"product_tag-anti-ageing-kasvonaamio","8":"product_tag-asiatic-acid","9":"product_tag-environ-revival-masque","10":"product_tag-ihon-kiinteyttaminen-ja-kirkastaminen","11":"product_tag-ihon-napakoittaminen","12":"product_tag-kasvojenkohotusnaamio","13":"product_tag-kirkastava-kasvonaamio","14":"product_tag-maitohapponaamio","15":"product_tag-mandelihappo-ihohoito","16":"product_tag-nuorekkuutta-lisaava-naamio","17":"desktop-align-left","18":"tablet-align-left","19":"mobile-align-left","21":"first","22":"instock","23":"shipping-taxable","24":"purchasable","25":"product-type-simple"},"uagb_featured_image_src":{"full":["https:\/\/vitaroma.fi\/wp-content\/uploads\/2025\/04\/f0c2b5_dc6e208abe14431790edda3d4d1ddcd2mv2.png",1080,1080,false],"thumbnail":["https:\/\/vitaroma.fi\/wp-content\/uploads\/2025\/04\/f0c2b5_dc6e208abe14431790edda3d4d1ddcd2mv2-150x150.png",150,150,true],"medium":["https:\/\/vitaroma.fi\/wp-content\/uploads\/2025\/04\/f0c2b5_dc6e208abe14431790edda3d4d1ddcd2mv2-300x300.png",300,300,true],"medium_large":["https:\/\/vitaroma.fi\/wp-content\/uploads\/2025\/04\/f0c2b5_dc6e208abe14431790edda3d4d1ddcd2mv2-768x768.png",768,768,true],"large":["https:\/\/vitaroma.fi\/wp-content\/uploads\/2025\/04\/f0c2b5_dc6e208abe14431790edda3d4d1ddcd2mv2-1024x1024.png",1024,1024,true],"1536x1536":["https:\/\/vitaroma.fi\/wp-content\/uploads\/2025\/04\/f0c2b5_dc6e208abe14431790edda3d4d1ddcd2mv2.png",1080,1080,false],"2048x2048":["https:\/\/vitaroma.fi\/wp-content\/uploads\/2025\/04\/f0c2b5_dc6e208abe14431790edda3d4d1ddcd2mv2.png",1080,1080,false],"trp-custom-language-flag":["https:\/\/vitaroma.fi\/wp-content\/uploads\/2025\/04\/f0c2b5_dc6e208abe14431790edda3d4d1ddcd2mv2-12x12.png",12,12,true],"woocommerce_thumbnail":["https:\/\/vitaroma.fi\/wp-content\/uploads\/2025\/04\/f0c2b5_dc6e208abe14431790edda3d4d1ddcd2mv2-300x300.png",300,300,true],"woocommerce_single":["https:\/\/vitaroma.fi\/wp-content\/uploads\/2025\/04\/f0c2b5_dc6e208abe14431790edda3d4d1ddcd2mv2-600x600.png",600,600,true],"woocommerce_gallery_thumbnail":["https:\/\/vitaroma.fi\/wp-content\/uploads\/2025\/04\/f0c2b5_dc6e208abe14431790edda3d4d1ddcd2mv2-100x100.png",100,100,true]},"uagb_author_info":{"display_name":"emilkemal4@gmail.com","author_link":"https:\/\/vitaroma.fi\/tr\/author\/"},"uagb_comment_info":0,"uagb_excerpt":"Tehokas \u201ckasvojenkohotus purkissa\u201d -naamio, joka kirkastaa, kiinteytt\u00e4\u00e4 ja nuorentaa ihoa hell\u00e4varaisten happojen avulla.","_links":{"self":[{"href":"https:\/\/vitaroma.fi\/tr\/wp-json\/wp\/v2\/product\/2286","targetHints":{"allow":["GET"]}}],"collection":[{"href":"https:\/\/vitaroma.fi\/tr\/wp-json\/wp\/v2\/product"}],"about":[{"href":"https:\/\/vitaroma.fi\/tr\/wp-json\/wp\/v2\/types\/product"}],"replies":[{"embeddable":true,"href":"https:\/\/vitaroma.fi\/tr\/wp-json\/wp\/v2\/comments?post=2286"}],"wp:featuredmedia":[{"embeddable":true,"href":"https:\/\/vitaroma.fi\/tr\/wp-json\/wp\/v2\/media\/2287"}],"wp:attachment":[{"href":"https:\/\/vitaroma.fi\/tr\/wp-json\/wp\/v2\/media?parent=2286"}],"wp:term":[{"taxonomy":"product_brand","embeddable":true,"href":"https:\/\/vitaroma.fi\/tr\/wp-json\/wp\/v2\/product_brand?post=2286"},{"taxonomy":"product_cat","embeddable":true,"href":"https:\/\/vitaroma.fi\/tr\/wp-json\/wp\/v2\/product_cat?post=2286"},{"taxonomy":"product_tag","embeddable":true,"href":"https:\/\/vitaroma.fi\/tr\/wp-json\/wp\/v2\/product_tag?post=2286"}],"curies":[{"name":"wp","href":"https:\/\/api.w.org\/{rel}","templated":true}]}}