{"id":2272,"date":"2025-04-25T23:56:47","date_gmt":"2025-04-25T23:56:47","guid":{"rendered":"https:\/\/vitaroma.fi\/?post_type=product&#038;p=2272"},"modified":"2025-04-25T23:56:47","modified_gmt":"2025-04-25T23:56:47","slug":"fusion-eye-sorbet","status":"publish","type":"product","link":"https:\/\/vitaroma.fi\/tr\/produkt\/fuzyon-goz-serbeti\/","title":{"rendered":"Fusion G\u00f6z \u015eerbeti"},"content":{"rendered":"<p class=\"\" data-start=\"474\" data-end=\"773\"><strong data-start=\"474\" data-end=\"732\">Fusion Eye Sorbet, estetik t\u0131p alan\u0131nda kullan\u0131lan aktif i\u00e7eriklerle, kullan\u0131m\u0131n ilk dakikas\u0131ndan itibaren k\u0131r\u0131\u015f\u0131kl\u0131klar\u0131 ve ince \u00e7izgileri yumu\u015fatan, son derece ferahlat\u0131c\u0131 ve h\u0131zl\u0131 etkili bir g\u00f6z kremidir.<\/strong><br data-start=\"732\" data-end=\"735\" \/>Benzersiz bile\u015fimi \u015funlar\u0131 i\u00e7erir:<\/p>\n<ul data-start=\"775\" data-end=\"919\">\n<li class=\"\" data-start=\"775\" data-end=\"844\">\n<p class=\"\" data-start=\"777\" data-end=\"844\"><strong data-start=\"777\" data-end=\"803\">Gen\u00e7le\u015ftirici kompleks<\/strong>plasentaya benzeyen bir yap\u0131ya sahip olan<\/p>\n<\/li>\n<li class=\"\" data-start=\"845\" data-end=\"919\">\n<p class=\"\" data-start=\"847\" data-end=\"919\"><strong data-start=\"847\" data-end=\"875\">B\u00fcy\u00fcme fakt\u00f6rleri a\u00e7\u0131s\u0131ndan zengin<\/strong>, <strong data-start=\"877\" data-end=\"892\">folik asit<\/strong> Ve <strong data-start=\"896\" data-end=\"919\">asetilglutamin<\/strong><\/p>\n<\/li>\n<\/ul>\n<p class=\"\" data-start=\"921\" data-end=\"987\"><strong data-start=\"921\" data-end=\"980\">Fusion Eye Sorbet kapsaml\u0131 bir ya\u015flanma kar\u015f\u0131t\u0131 \u00e7\u00f6z\u00fcm sunar<\/strong>, Hangi:<\/p>\n<ul data-start=\"989\" data-end=\"1183\">\n<li class=\"\" data-start=\"989\" data-end=\"1039\">\n<p class=\"\" data-start=\"991\" data-end=\"1039\"><strong data-start=\"991\" data-end=\"1006\">Cildi onar\u0131r<\/strong> ve uyar\u0131r <strong data-start=\"1019\" data-end=\"1037\">h\u00fccre b\u00fcy\u00fcmesi<\/strong><\/p>\n<\/li>\n<li class=\"\" data-start=\"1040\" data-end=\"1095\">\n<p class=\"\" data-start=\"1042\" data-end=\"1095\"><strong data-start=\"1042\" data-end=\"1093\">K\u0131r\u0131\u015f\u0131kl\u0131klar\u0131 ve ince \u00e7izgileri g\u00f6zle g\u00f6r\u00fcl\u00fcr \u015fekilde azalt\u0131r<\/strong><\/p>\n<\/li>\n<li class=\"\" data-start=\"1096\" data-end=\"1138\">\n<p class=\"\" data-start=\"1098\" data-end=\"1138\"><strong data-start=\"1098\" data-end=\"1118\">Cildi s\u0131k\u0131la\u015ft\u0131r\u0131r<\/strong> g\u00f6z \u00e7evresi<\/p>\n<\/li>\n<li class=\"\" data-start=\"1139\" data-end=\"1183\">\n<p class=\"\" data-start=\"1141\" data-end=\"1183\"><strong data-start=\"1141\" data-end=\"1183\">Derinlemesine ve uzun s\u00fcreli nemlendirme sa\u011flar<\/strong><\/p>\n<\/li>\n<\/ul>\n<p class=\"\" data-start=\"1185\" data-end=\"1225\">Ayr\u0131ca bu etkili g\u00f6z kremi:<\/p>\n<ul data-start=\"1227\" data-end=\"1374\">\n<li class=\"\" data-start=\"1227\" data-end=\"1261\">\n<p class=\"\" data-start=\"1229\" data-end=\"1261\"><strong data-start=\"1229\" data-end=\"1259\">Mikro dola\u015f\u0131m\u0131 iyile\u015ftirir<\/strong><\/p>\n<\/li>\n<li class=\"\" data-start=\"1262\" data-end=\"1298\">\n<p class=\"\" data-start=\"1264\" data-end=\"1298\"><strong data-start=\"1264\" data-end=\"1296\">G\u00f6z alt\u0131ndaki koyu halkalar\u0131 azalt\u0131r<\/strong><\/p>\n<\/li>\n<li class=\"\" data-start=\"1299\" data-end=\"1374\">\n<p class=\"\" data-start=\"1301\" data-end=\"1374\"><strong data-start=\"1301\" data-end=\"1332\">S\u0131v\u0131 tutulmas\u0131n\u0131 \u00f6nler<\/strong> ve azaltmak <strong data-start=\"1345\" data-end=\"1361\">\u015fi\u015fman torbalar<\/strong> g\u00f6z alt\u0131nda<\/p>\n<\/li>\n<\/ul>\n<p class=\"\" data-start=\"1376\" data-end=\"1485\">Hafif ve ferah jel k\u0131vam\u0131ndaki yap\u0131s\u0131 sayesinde g\u00fcnl\u00fck kullan\u0131ma uygundur, a\u011f\u0131rl\u0131k hissi yaratmaz.<\/p>","protected":false},"excerpt":{"rendered":"<p class=\"\" data-start=\"1541\" data-end=\"1679\"><strong data-start=\"1541\" data-end=\"1679\">Sadece bir dakika i\u00e7inde k\u0131r\u0131\u015f\u0131kl\u0131klar\u0131 yumu\u015fatan, koyu halkalar\u0131 ayd\u0131nlatan ve \u015fi\u015fkinli\u011fi azaltan etkili ve ferahlat\u0131c\u0131 g\u00f6z kremi.<\/strong><\/p>","protected":false},"featured_media":2273,"comment_status":"open","ping_status":"closed","template":"","meta":{"_surecart_dashboard_logo_width":"180px","_surecart_dashboard_show_logo":true,"_surecart_dashboard_navigation_orders":true,"_surecart_dashboard_navigation_invoices":true,"_surecart_dashboard_navigation_subscriptions":true,"_surecart_dashboard_navigation_downloads":true,"_surecart_dashboard_navigation_billing":true,"_surecart_dashboard_navigation_account":true,"_uag_custom_page_level_css":"","site-sidebar-layout":"default","site-content-layout":"","ast-site-content-layout":"default","site-content-style":"default","site-sidebar-style":"default","ast-global-header-display":"","ast-banner-title-visibility":"","ast-main-header-display":"","ast-hfb-above-header-display":"","ast-hfb-below-header-display":"","ast-hfb-mobile-header-display":"","site-post-title":"","ast-breadcrumbs-content":"","ast-featured-img":"","footer-sml-layout":"","theme-transparent-header-meta":"default","adv-header-id-meta":"","stick-header-meta":"default","header-above-stick-meta":"","header-main-stick-meta":"","header-below-stick-meta":"","astra-migrate-meta-layouts":"set","ast-page-background-enabled":"default","ast-page-background-meta":{"desktop":{"background-color":"var(--ast-global-color-4)","background-image":"","background-repeat":"repeat","background-position":"center center","background-size":"auto","background-attachment":"scroll","background-type":"","background-media":"","overlay-type":"","overlay-color":"","overlay-opacity":"","overlay-gradient":""},"tablet":{"background-color":"","background-image":"","background-repeat":"repeat","background-position":"center center","background-size":"auto","background-attachment":"scroll","background-type":"","background-media":"","overlay-type":"","overlay-color":"","overlay-opacity":"","overlay-gradient":""},"mobile":{"background-color":"","background-image":"","background-repeat":"repeat","background-position":"center center","background-size":"auto","background-attachment":"scroll","background-type":"","background-media":"","overlay-type":"","overlay-color":"","overlay-opacity":"","overlay-gradient":""}},"ast-content-background-meta":{"desktop":{"background-color":"var(--ast-global-color-5)","background-image":"","background-repeat":"repeat","background-position":"center center","background-size":"auto","background-attachment":"scroll","background-type":"","background-media":"","overlay-type":"","overlay-color":"","overlay-opacity":"","overlay-gradient":""},"tablet":{"background-color":"var(--ast-global-color-5)","background-image":"","background-repeat":"repeat","background-position":"center center","background-size":"auto","background-attachment":"scroll","background-type":"","background-media":"","overlay-type":"","overlay-color":"","overlay-opacity":"","overlay-gradient":""},"mobile":{"background-color":"var(--ast-global-color-5)","background-image":"","background-repeat":"repeat","background-position":"center center","background-size":"auto","background-attachment":"scroll","background-type":"","background-media":"","overlay-type":"","overlay-color":"","overlay-opacity":"","overlay-gradient":""}}},"product_brand":[120],"product_cat":[263],"product_tag":[268,267,266,270,265,269,264,122,223,222],"class_list":{"0":"post-2272","1":"product","2":"type-product","3":"status-publish","4":"has-post-thumbnail","6":"product_brand-ekseption","7":"product_cat-silmanymparysihon-hoito-voiteet-ja-geelit","8":"product_tag-anti-age-silmanymparys","9":"product_tag-asetyyliglutamiini","10":"product_tag-foolihappovoide","11":"product_tag-fusion-eye-sorbet","12":"product_tag-kasvutekijoita-sisaltava-voide","13":"product_tag-pitkakestoinen-kosteutus","14":"product_tag-ryppyja-vahentava-silmanymparys","15":"product_tag-silmanymparysvoide","16":"product_tag-silmapussien-vahentaminen","17":"product_tag-tummien-silmanalusten-hoito","18":"desktop-align-left","19":"tablet-align-left","20":"mobile-align-left","22":"first","23":"instock","24":"shipping-taxable","25":"purchasable","26":"product-type-simple"},"uagb_featured_image_src":{"full":["https:\/\/vitaroma.fi\/wp-content\/uploads\/2025\/04\/f0c2b5_39f39cdefeb746caa3f243217495f001mv2.png",1080,1080,false],"thumbnail":["https:\/\/vitaroma.fi\/wp-content\/uploads\/2025\/04\/f0c2b5_39f39cdefeb746caa3f243217495f001mv2-150x150.png",150,150,true],"medium":["https:\/\/vitaroma.fi\/wp-content\/uploads\/2025\/04\/f0c2b5_39f39cdefeb746caa3f243217495f001mv2-300x300.png",300,300,true],"medium_large":["https:\/\/vitaroma.fi\/wp-content\/uploads\/2025\/04\/f0c2b5_39f39cdefeb746caa3f243217495f001mv2-768x768.png",768,768,true],"large":["https:\/\/vitaroma.fi\/wp-content\/uploads\/2025\/04\/f0c2b5_39f39cdefeb746caa3f243217495f001mv2-1024x1024.png",1024,1024,true],"1536x1536":["https:\/\/vitaroma.fi\/wp-content\/uploads\/2025\/04\/f0c2b5_39f39cdefeb746caa3f243217495f001mv2.png",1080,1080,false],"2048x2048":["https:\/\/vitaroma.fi\/wp-content\/uploads\/2025\/04\/f0c2b5_39f39cdefeb746caa3f243217495f001mv2.png",1080,1080,false],"trp-custom-language-flag":["https:\/\/vitaroma.fi\/wp-content\/uploads\/2025\/04\/f0c2b5_39f39cdefeb746caa3f243217495f001mv2-12x12.png",12,12,true],"woocommerce_thumbnail":["https:\/\/vitaroma.fi\/wp-content\/uploads\/2025\/04\/f0c2b5_39f39cdefeb746caa3f243217495f001mv2-300x300.png",300,300,true],"woocommerce_single":["https:\/\/vitaroma.fi\/wp-content\/uploads\/2025\/04\/f0c2b5_39f39cdefeb746caa3f243217495f001mv2-600x600.png",600,600,true],"woocommerce_gallery_thumbnail":["https:\/\/vitaroma.fi\/wp-content\/uploads\/2025\/04\/f0c2b5_39f39cdefeb746caa3f243217495f001mv2-100x100.png",100,100,true]},"uagb_author_info":{"display_name":"emilkemal4@gmail.com","author_link":"https:\/\/vitaroma.fi\/tr\/author\/"},"uagb_comment_info":0,"uagb_excerpt":"Tehokas ja virkist\u00e4v\u00e4 silm\u00e4nymp\u00e4rysvoide, joka silottaa ryppyj\u00e4, kirkastaa tummia silm\u00e4nalusia ja v\u00e4hent\u00e4\u00e4 turvotusta vain minuutissa.","_links":{"self":[{"href":"https:\/\/vitaroma.fi\/tr\/wp-json\/wp\/v2\/product\/2272","targetHints":{"allow":["GET"]}}],"collection":[{"href":"https:\/\/vitaroma.fi\/tr\/wp-json\/wp\/v2\/product"}],"about":[{"href":"https:\/\/vitaroma.fi\/tr\/wp-json\/wp\/v2\/types\/product"}],"replies":[{"embeddable":true,"href":"https:\/\/vitaroma.fi\/tr\/wp-json\/wp\/v2\/comments?post=2272"}],"wp:featuredmedia":[{"embeddable":true,"href":"https:\/\/vitaroma.fi\/tr\/wp-json\/wp\/v2\/media\/2273"}],"wp:attachment":[{"href":"https:\/\/vitaroma.fi\/tr\/wp-json\/wp\/v2\/media?parent=2272"}],"wp:term":[{"taxonomy":"product_brand","embeddable":true,"href":"https:\/\/vitaroma.fi\/tr\/wp-json\/wp\/v2\/product_brand?post=2272"},{"taxonomy":"product_cat","embeddable":true,"href":"https:\/\/vitaroma.fi\/tr\/wp-json\/wp\/v2\/product_cat?post=2272"},{"taxonomy":"product_tag","embeddable":true,"href":"https:\/\/vitaroma.fi\/tr\/wp-json\/wp\/v2\/product_tag?post=2272"}],"curies":[{"name":"wp","href":"https:\/\/api.w.org\/{rel}","templated":true}]}}