{"id":2261,"date":"2025-04-25T23:41:11","date_gmt":"2025-04-25T23:41:11","guid":{"rendered":"https:\/\/vitaroma.fi\/?post_type=product&#038;p=2261"},"modified":"2026-02-18T11:42:39","modified_gmt":"2026-02-18T09:42:39","slug":"environ-derma-lac-lotion","status":"publish","type":"product","link":"https:\/\/vitaroma.fi\/tr\/produkt\/environ-derma-lac-losyonu\/","title":{"rendered":"Environ Derma-Lac Losyonu"},"content":{"rendered":"<p class=\"\" data-start=\"488\" data-end=\"768\"><strong data-start=\"488\" data-end=\"652\">Environ Derma-Lac Losyon, kuru, p\u00fcr\u00fczl\u00fc ve d\u00fczensiz ciltleri tedavi etmek i\u00e7in \u00f6zel olarak tasarlanm\u0131\u015f, laktik asit bazl\u0131, hafif ve etkili bir v\u00fccut losyonudur.<\/strong><br data-start=\"652\" data-end=\"655\" \/>\u00dcr\u00fcn \u015funlar\u0131 i\u00e7erir: <strong data-start=\"670\" data-end=\"760\">g\u00fcvenli ve nazik AHA asitlerinin (alfa hidroksi asitler) orta yo\u011funlukta konsantrasyonu<\/strong>, Hangi:<\/p>\n<ul data-start=\"770\" data-end=\"960\">\n<li class=\"\" data-start=\"770\" data-end=\"823\">\n<p class=\"\" data-start=\"772\" data-end=\"823\">Yard\u0131m <strong data-start=\"779\" data-end=\"821\">\u00f6l\u00fc deri h\u00fccrelerini nazik\u00e7e pul pul d\u00f6kmek i\u00e7in<\/strong><\/p>\n<\/li>\n<li class=\"\" data-start=\"824\" data-end=\"875\">\n<p class=\"\" data-start=\"826\" data-end=\"875\"><strong data-start=\"826\" data-end=\"854\">Cilt dokusunu iyile\u015ftirir<\/strong> ve tonu e\u015fitler<\/p>\n<\/li>\n<li class=\"\" data-start=\"876\" data-end=\"917\">\n<p class=\"\" data-start=\"878\" data-end=\"917\"><strong data-start=\"878\" data-end=\"909\">Nem emilimini art\u0131r\u0131r<\/strong> cilde<\/p>\n<\/li>\n<li class=\"\" data-start=\"918\" data-end=\"960\">\n<p class=\"\" data-start=\"920\" data-end=\"960\">Destekler <strong data-start=\"926\" data-end=\"960\">do\u011fal cilt yenilenmesi<\/strong><\/p>\n<\/li>\n<\/ul>\n<p class=\"\" data-start=\"962\" data-end=\"1068\"><strong data-start=\"962\" data-end=\"1002\">Derma-Lac Losyon koruyucu madde i\u00e7ermez<\/strong> Ve <strong data-start=\"1006\" data-end=\"1027\">hafif kokulu<\/strong>, hassas ciltler i\u00e7in de uygundur.<\/p>\n<p class=\"\" data-start=\"1070\" data-end=\"1098\">D\u00fczenli kullan\u0131mda cilt:<\/p>\n<ul data-start=\"1100\" data-end=\"1242\">\n<li class=\"\" data-start=\"1100\" data-end=\"1145\">\n<p class=\"\" data-start=\"1102\" data-end=\"1145\">Hissediyorum <strong data-start=\"1109\" data-end=\"1143\">daha yumu\u015fak ve daha esnek<\/strong><\/p>\n<\/li>\n<li class=\"\" data-start=\"1146\" data-end=\"1190\">\n<p class=\"\" data-start=\"1148\" data-end=\"1190\">G\u00f6stermek <strong data-start=\"1156\" data-end=\"1188\">daha p\u00fcr\u00fczs\u00fcz ve parlak<\/strong><\/p>\n<\/li>\n<li class=\"\" data-start=\"1191\" data-end=\"1242\">\n<p class=\"\" data-start=\"1193\" data-end=\"1242\">Geri al <strong data-start=\"1206\" data-end=\"1242\">do\u011fal nem dengesi<\/strong><\/p>\n<\/li>\n<\/ul>\n<p class=\"\" data-start=\"1244\" data-end=\"1400\"><strong data-start=\"1244\" data-end=\"1315\">\u00dcr\u00fcn Environ&#039;un V\u00fccut Ya\u011f\u0131 ile birlikte harika \u00e7al\u0131\u015f\u0131yor.<\/strong>, daha etkili bir nemlendirme sa\u011flar ve cilt dokusunu iyile\u015ftirir.<\/p>","protected":false},"excerpt":{"rendered":"<p class=\"\" data-start=\"1456\" data-end=\"1599\"><strong data-start=\"1456\" data-end=\"1599\">Koruyucu madde i\u00e7ermeyen, kuru ve d\u00fczensiz cildi nazik\u00e7e eksfoliye eden, nemlendiren ve dengeleyen hafif laktik asit bazl\u0131 v\u00fccut losyonu.<\/strong><\/p>","protected":false},"featured_media":2262,"comment_status":"open","ping_status":"closed","template":"","meta":{"_surecart_dashboard_logo_width":"180px","_surecart_dashboard_show_logo":true,"_surecart_dashboard_navigation_orders":true,"_surecart_dashboard_navigation_invoices":true,"_surecart_dashboard_navigation_subscriptions":true,"_surecart_dashboard_navigation_downloads":true,"_surecart_dashboard_navigation_billing":true,"_surecart_dashboard_navigation_account":true,"_uag_custom_page_level_css":"","site-sidebar-layout":"default","site-content-layout":"","ast-site-content-layout":"default","site-content-style":"default","site-sidebar-style":"default","ast-global-header-display":"","ast-banner-title-visibility":"","ast-main-header-display":"","ast-hfb-above-header-display":"","ast-hfb-below-header-display":"","ast-hfb-mobile-header-display":"","site-post-title":"","ast-breadcrumbs-content":"","ast-featured-img":"","footer-sml-layout":"","theme-transparent-header-meta":"default","adv-header-id-meta":"","stick-header-meta":"default","header-above-stick-meta":"","header-main-stick-meta":"","header-below-stick-meta":"","astra-migrate-meta-layouts":"set","ast-page-background-enabled":"default","ast-page-background-meta":{"desktop":{"background-color":"var(--ast-global-color-4)","background-image":"","background-repeat":"repeat","background-position":"center center","background-size":"auto","background-attachment":"scroll","background-type":"","background-media":"","overlay-type":"","overlay-color":"","overlay-opacity":"","overlay-gradient":""},"tablet":{"background-color":"","background-image":"","background-repeat":"repeat","background-position":"center center","background-size":"auto","background-attachment":"scroll","background-type":"","background-media":"","overlay-type":"","overlay-color":"","overlay-opacity":"","overlay-gradient":""},"mobile":{"background-color":"","background-image":"","background-repeat":"repeat","background-position":"center center","background-size":"auto","background-attachment":"scroll","background-type":"","background-media":"","overlay-type":"","overlay-color":"","overlay-opacity":"","overlay-gradient":""}},"ast-content-background-meta":{"desktop":{"background-color":"var(--ast-global-color-5)","background-image":"","background-repeat":"repeat","background-position":"center center","background-size":"auto","background-attachment":"scroll","background-type":"","background-media":"","overlay-type":"","overlay-color":"","overlay-opacity":"","overlay-gradient":""},"tablet":{"background-color":"var(--ast-global-color-5)","background-image":"","background-repeat":"repeat","background-position":"center center","background-size":"auto","background-attachment":"scroll","background-type":"","background-media":"","overlay-type":"","overlay-color":"","overlay-opacity":"","overlay-gradient":""},"mobile":{"background-color":"var(--ast-global-color-5)","background-image":"","background-repeat":"repeat","background-position":"center center","background-size":"auto","background-attachment":"scroll","background-type":"","background-media":"","overlay-type":"","overlay-color":"","overlay-opacity":"","overlay-gradient":""}}},"product_brand":[120],"product_cat":[209],"product_tag":[212,216,217,214,219,218,213,211,215,210],"class_list":{"0":"post-2261","1":"product","2":"type-product","3":"status-publish","4":"has-post-thumbnail","6":"product_brand-ekseption","7":"product_cat-vartalon-hoito-kuorinta-ja-kosteutus","8":"product_tag-aha-kuorinta","9":"product_tag-derma-lac-lotion","10":"product_tag-environ-vartalonhoito","11":"product_tag-epatasaisen-ihon-tasoitus","12":"product_tag-kevyesti-kuoriva-voide","13":"product_tag-kosteuttava-vartalovoide","14":"product_tag-kuivan-ihon-hoito","15":"product_tag-maitohappo-vartalolle","16":"product_tag-sailontaaineeton-ihonhoito","17":"product_tag-vartaloneste","18":"desktop-align-left","19":"tablet-align-left","20":"mobile-align-left","22":"first","23":"instock","24":"shipping-taxable","25":"purchasable","26":"product-type-simple"},"uagb_featured_image_src":{"full":["https:\/\/vitaroma.fi\/wp-content\/uploads\/2025\/04\/f0c2b5_cf7a2eb63ae242c5ac898970ce0579cfmv2.png",1080,1080,false],"thumbnail":["https:\/\/vitaroma.fi\/wp-content\/uploads\/2025\/04\/f0c2b5_cf7a2eb63ae242c5ac898970ce0579cfmv2-150x150.png",150,150,true],"medium":["https:\/\/vitaroma.fi\/wp-content\/uploads\/2025\/04\/f0c2b5_cf7a2eb63ae242c5ac898970ce0579cfmv2-300x300.png",300,300,true],"medium_large":["https:\/\/vitaroma.fi\/wp-content\/uploads\/2025\/04\/f0c2b5_cf7a2eb63ae242c5ac898970ce0579cfmv2-768x768.png",768,768,true],"large":["https:\/\/vitaroma.fi\/wp-content\/uploads\/2025\/04\/f0c2b5_cf7a2eb63ae242c5ac898970ce0579cfmv2-1024x1024.png",1024,1024,true],"1536x1536":["https:\/\/vitaroma.fi\/wp-content\/uploads\/2025\/04\/f0c2b5_cf7a2eb63ae242c5ac898970ce0579cfmv2.png",1080,1080,false],"2048x2048":["https:\/\/vitaroma.fi\/wp-content\/uploads\/2025\/04\/f0c2b5_cf7a2eb63ae242c5ac898970ce0579cfmv2.png",1080,1080,false],"trp-custom-language-flag":["https:\/\/vitaroma.fi\/wp-content\/uploads\/2025\/04\/f0c2b5_cf7a2eb63ae242c5ac898970ce0579cfmv2-12x12.png",12,12,true],"woocommerce_thumbnail":["https:\/\/vitaroma.fi\/wp-content\/uploads\/2025\/04\/f0c2b5_cf7a2eb63ae242c5ac898970ce0579cfmv2-300x300.png",300,300,true],"woocommerce_single":["https:\/\/vitaroma.fi\/wp-content\/uploads\/2025\/04\/f0c2b5_cf7a2eb63ae242c5ac898970ce0579cfmv2-600x600.png",600,600,true],"woocommerce_gallery_thumbnail":["https:\/\/vitaroma.fi\/wp-content\/uploads\/2025\/04\/f0c2b5_cf7a2eb63ae242c5ac898970ce0579cfmv2-100x100.png",100,100,true]},"uagb_author_info":{"display_name":"emilkemal4@gmail.com","author_link":"https:\/\/vitaroma.fi\/tr\/author\/"},"uagb_comment_info":0,"uagb_excerpt":"Kevyt maitohappopohjainen vartaloneste, joka kuorii hell\u00e4sti, kosteuttaa ja tasapainottaa kuivaa ja ep\u00e4tasaista ihoa ilman s\u00e4il\u00f6nt\u00e4aineita.","_links":{"self":[{"href":"https:\/\/vitaroma.fi\/tr\/wp-json\/wp\/v2\/product\/2261","targetHints":{"allow":["GET"]}}],"collection":[{"href":"https:\/\/vitaroma.fi\/tr\/wp-json\/wp\/v2\/product"}],"about":[{"href":"https:\/\/vitaroma.fi\/tr\/wp-json\/wp\/v2\/types\/product"}],"replies":[{"embeddable":true,"href":"https:\/\/vitaroma.fi\/tr\/wp-json\/wp\/v2\/comments?post=2261"}],"wp:featuredmedia":[{"embeddable":true,"href":"https:\/\/vitaroma.fi\/tr\/wp-json\/wp\/v2\/media\/2262"}],"wp:attachment":[{"href":"https:\/\/vitaroma.fi\/tr\/wp-json\/wp\/v2\/media?parent=2261"}],"wp:term":[{"taxonomy":"product_brand","embeddable":true,"href":"https:\/\/vitaroma.fi\/tr\/wp-json\/wp\/v2\/product_brand?post=2261"},{"taxonomy":"product_cat","embeddable":true,"href":"https:\/\/vitaroma.fi\/tr\/wp-json\/wp\/v2\/product_cat?post=2261"},{"taxonomy":"product_tag","embeddable":true,"href":"https:\/\/vitaroma.fi\/tr\/wp-json\/wp\/v2\/product_tag?post=2261"}],"curies":[{"name":"wp","href":"https:\/\/api.w.org\/{rel}","templated":true}]}}