{"id":2257,"date":"2025-04-25T23:35:27","date_gmt":"2025-04-25T23:35:27","guid":{"rendered":"https:\/\/vitaroma.fi\/?post_type=product&#038;p=2257"},"modified":"2025-04-25T23:35:27","modified_gmt":"2025-04-25T23:35:27","slug":"fusion-cica-post-care","status":"publish","type":"product","link":"https:\/\/vitaroma.fi\/tr\/produkt\/fuzyon-cica-sonrasi-bakim\/","title":{"rendered":"Fusion Cica Sonras\u0131 Bak\u0131m"},"content":{"rendered":"<p class=\"\" data-start=\"479\" data-end=\"777\"><strong data-start=\"479\" data-end=\"589\">Fusion Cica Post Care, hasarl\u0131 cildin iyile\u015fmesini ve onar\u0131m\u0131n\u0131 desteklemek i\u00e7in \u00f6zel olarak tasarlanm\u0131\u015ft\u0131r.<\/strong><br data-start=\"589\" data-end=\"592\" \/><strong data-start=\"592\" data-end=\"651\">Cilt onar\u0131m s\u00fcreci zaman ve do\u011fru t\u00fcrde destek gerektirir<\/strong>ve \u00f6rne\u011fin hamilelik izlerinin olu\u015fumunda cildin yard\u0131m almadan normale d\u00f6nmemesi gibi zorluklar ortaya \u00e7\u0131kabilir.<\/p>\n<p class=\"\" data-start=\"779\" data-end=\"974\"><strong data-start=\"779\" data-end=\"852\">Bu tedavi \u00fcr\u00fcn\u00fc Centella Asiatica&#039;n\u0131n (CICA) Titre Edilmi\u015f Ekstrakt\u0131n\u0131 i\u00e7erir<\/strong> \u2013 Bitkinin, g\u00fc\u00e7l\u00fc cilt onar\u0131c\u0131 ve rahatlat\u0131c\u0131 \u00f6zellikleriyle bilinen, son derece safla\u015ft\u0131r\u0131lm\u0131\u015f hali.<\/p>\n<p class=\"\" data-start=\"976\" data-end=\"1176\"><strong data-start=\"976\" data-end=\"1073\">Kulland\u0131\u011f\u0131m\u0131z Centella asiatica \u00f6z\u00fct\u00fc Madagaskar&#039;da yabani olarak yeti\u015fen bitkilerden elde edilmektedir.<\/strong>K\u00fclt\u00fcrl\u00fc versiyonlara k\u0131yasla daha y\u00fcksek ve daha kararl\u0131 bir aktif madde konsantrasyonuna sahip olanlard\u0131r.<\/p>\n<p class=\"\" data-start=\"1178\" data-end=\"1205\"><strong data-start=\"1178\" data-end=\"1205\">Ana etkiler:<\/strong><\/p>\n<ul data-start=\"1206\" data-end=\"1375\">\n<li class=\"\" data-start=\"1206\" data-end=\"1252\">\n<p class=\"\" data-start=\"1208\" data-end=\"1252\">Cildin do\u011fal onar\u0131m s\u00fcrecini h\u0131zland\u0131r\u0131r<\/p>\n<\/li>\n<li class=\"\" data-start=\"1253\" data-end=\"1291\">\n<p class=\"\" data-start=\"1255\" data-end=\"1291\">Cildin protein yap\u0131s\u0131n\u0131 g\u00fc\u00e7lendirir<\/p>\n<\/li>\n<li class=\"\" data-start=\"1292\" data-end=\"1341\">\n<p class=\"\" data-start=\"1294\" data-end=\"1341\">Tahri\u015f olmu\u015f ve stresli cildi yat\u0131\u015ft\u0131r\u0131r<\/p>\n<\/li>\n<li class=\"\" data-start=\"1342\" data-end=\"1375\">\n<p class=\"\" data-start=\"1344\" data-end=\"1375\">Cildin nem dengesini iyile\u015ftirir<\/p>\n<\/li>\n<\/ul>\n<p class=\"\" data-start=\"1377\" data-end=\"1447\">Ayr\u0131ca \u00fcr\u00fcn a\u015fa\u011f\u0131dakilerle birle\u015ftirilmi\u015ftir: <strong data-start=\"1411\" data-end=\"1440\">Provitamin B5 (pantenol)<\/strong>, Hangi:<\/p>\n<ul data-start=\"1449\" data-end=\"1592\">\n<li class=\"\" data-start=\"1449\" data-end=\"1502\">\n<p class=\"\" data-start=\"1451\" data-end=\"1502\"><strong data-start=\"1451\" data-end=\"1477\">Etkili bir \u015fekilde nemlendirir<\/strong> kornea katmanlar\u0131<\/p>\n<\/li>\n<li class=\"\" data-start=\"1503\" data-end=\"1545\">\n<p class=\"\" data-start=\"1505\" data-end=\"1545\"><strong data-start=\"1505\" data-end=\"1543\">Cildin hidrolipidik tabakas\u0131n\u0131 g\u00fc\u00e7lendirir<\/strong><\/p>\n<\/li>\n<li class=\"\" data-start=\"1546\" data-end=\"1592\">\n<p class=\"\" data-start=\"1548\" data-end=\"1592\"><strong data-start=\"1548\" data-end=\"1592\">Suyun buharla\u015fmas\u0131n\u0131 ve kurumas\u0131n\u0131 \u00f6nler<\/strong><\/p>\n<\/li>\n<\/ul>\n<p class=\"\" data-start=\"1594\" data-end=\"1722\"><strong data-start=\"1594\" data-end=\"1619\">Fusion Cica Sonras\u0131 Bak\u0131m<\/strong> \u00d6zellikle hasar, tahri\u015f veya yara izlerinden sonra yo\u011fun bak\u0131ma ihtiya\u00e7 duyan ciltler i\u00e7in uygundur.<\/p>","protected":false},"excerpt":{"rendered":"<p class=\"\" data-start=\"1778\" data-end=\"1931\"><strong data-start=\"1778\" data-end=\"1931\">Cilt iyile\u015fmesini h\u0131zland\u0131ran, yap\u0131s\u0131n\u0131 g\u00fc\u00e7lendiren ve etkili bir \u015fekilde nemlendiren CICA ve Provitamin B5 kombinasyonuyla zenginle\u015ftirilmi\u015f etkili bir bak\u0131m kremi.<\/strong><\/p>","protected":false},"featured_media":2258,"comment_status":"open","ping_status":"closed","template":"","meta":{"_surecart_dashboard_logo_width":"180px","_surecart_dashboard_show_logo":true,"_surecart_dashboard_navigation_orders":true,"_surecart_dashboard_navigation_invoices":true,"_surecart_dashboard_navigation_subscriptions":true,"_surecart_dashboard_navigation_downloads":true,"_surecart_dashboard_navigation_billing":true,"_surecart_dashboard_navigation_account":true,"_uag_custom_page_level_css":"","site-sidebar-layout":"default","site-content-layout":"","ast-site-content-layout":"default","site-content-style":"default","site-sidebar-style":"default","ast-global-header-display":"","ast-banner-title-visibility":"","ast-main-header-display":"","ast-hfb-above-header-display":"","ast-hfb-below-header-display":"","ast-hfb-mobile-header-display":"","site-post-title":"","ast-breadcrumbs-content":"","ast-featured-img":"","footer-sml-layout":"","ast-disable-related-posts":"","theme-transparent-header-meta":"default","adv-header-id-meta":"","stick-header-meta":"default","header-above-stick-meta":"","header-main-stick-meta":"","header-below-stick-meta":"","astra-migrate-meta-layouts":"set","ast-page-background-enabled":"default","ast-page-background-meta":{"desktop":{"background-color":"var(--ast-global-color-4)","background-image":"","background-repeat":"repeat","background-position":"center center","background-size":"auto","background-attachment":"scroll","background-type":"","background-media":"","overlay-type":"","overlay-color":"","overlay-opacity":"","overlay-gradient":""},"tablet":{"background-color":"","background-image":"","background-repeat":"repeat","background-position":"center center","background-size":"auto","background-attachment":"scroll","background-type":"","background-media":"","overlay-type":"","overlay-color":"","overlay-opacity":"","overlay-gradient":""},"mobile":{"background-color":"","background-image":"","background-repeat":"repeat","background-position":"center center","background-size":"auto","background-attachment":"scroll","background-type":"","background-media":"","overlay-type":"","overlay-color":"","overlay-opacity":"","overlay-gradient":""}},"ast-content-background-meta":{"desktop":{"background-color":"var(--ast-global-color-5)","background-image":"","background-repeat":"repeat","background-position":"center center","background-size":"auto","background-attachment":"scroll","background-type":"","background-media":"","overlay-type":"","overlay-color":"","overlay-opacity":"","overlay-gradient":""},"tablet":{"background-color":"var(--ast-global-color-5)","background-image":"","background-repeat":"repeat","background-position":"center center","background-size":"auto","background-attachment":"scroll","background-type":"","background-media":"","overlay-type":"","overlay-color":"","overlay-opacity":"","overlay-gradient":""},"mobile":{"background-color":"var(--ast-global-color-5)","background-image":"","background-repeat":"repeat","background-position":"center center","background-size":"auto","background-attachment":"scroll","background-type":"","background-media":"","overlay-type":"","overlay-color":"","overlay-opacity":"","overlay-gradient":""}}},"product_brand":[120],"product_cat":[187],"product_tag":[191,189,188,197,195,196,194,190,193,192],"class_list":{"0":"post-2257","1":"product","2":"type-product","3":"status-publish","4":"has-post-thumbnail","6":"product_brand-ekseption","7":"product_cat-ihon-korjaus-ja-palautus-erikoishoidot","8":"product_tag-arpien-hoito","9":"product_tag-centella-asiatica-ihohoito","10":"product_tag-cica-voide","11":"product_tag-fusion-cica-post-care","12":"product_tag-hydrolipidikerroksen-vahvistus","13":"product_tag-madagaskar-centella","14":"product_tag-pantenoli-kosteuttaja","15":"product_tag-raskausarpien-ehkaisy","16":"product_tag-rauhoittava-ihonhoito","17":"product_tag-vaurioituneen-ihon-palautus","18":"desktop-align-left","19":"tablet-align-left","20":"mobile-align-left","22":"first","23":"instock","24":"shipping-taxable","25":"purchasable","26":"product-type-simple"},"uagb_featured_image_src":{"full":["https:\/\/vitaroma.fi\/wp-content\/uploads\/2025\/04\/f0c2b5_c863aa239bbb4684bbb8409552dbeb33mv2.png",1080,1080,false],"thumbnail":["https:\/\/vitaroma.fi\/wp-content\/uploads\/2025\/04\/f0c2b5_c863aa239bbb4684bbb8409552dbeb33mv2-150x150.png",150,150,true],"medium":["https:\/\/vitaroma.fi\/wp-content\/uploads\/2025\/04\/f0c2b5_c863aa239bbb4684bbb8409552dbeb33mv2-300x300.png",300,300,true],"medium_large":["https:\/\/vitaroma.fi\/wp-content\/uploads\/2025\/04\/f0c2b5_c863aa239bbb4684bbb8409552dbeb33mv2-768x768.png",768,768,true],"large":["https:\/\/vitaroma.fi\/wp-content\/uploads\/2025\/04\/f0c2b5_c863aa239bbb4684bbb8409552dbeb33mv2-1024x1024.png",1024,1024,true],"1536x1536":["https:\/\/vitaroma.fi\/wp-content\/uploads\/2025\/04\/f0c2b5_c863aa239bbb4684bbb8409552dbeb33mv2.png",1080,1080,false],"2048x2048":["https:\/\/vitaroma.fi\/wp-content\/uploads\/2025\/04\/f0c2b5_c863aa239bbb4684bbb8409552dbeb33mv2.png",1080,1080,false],"trp-custom-language-flag":["https:\/\/vitaroma.fi\/wp-content\/uploads\/2025\/04\/f0c2b5_c863aa239bbb4684bbb8409552dbeb33mv2-12x12.png",12,12,true],"woocommerce_thumbnail":["https:\/\/vitaroma.fi\/wp-content\/uploads\/2025\/04\/f0c2b5_c863aa239bbb4684bbb8409552dbeb33mv2-300x300.png",300,300,true],"woocommerce_single":["https:\/\/vitaroma.fi\/wp-content\/uploads\/2025\/04\/f0c2b5_c863aa239bbb4684bbb8409552dbeb33mv2-600x600.png",600,600,true],"woocommerce_gallery_thumbnail":["https:\/\/vitaroma.fi\/wp-content\/uploads\/2025\/04\/f0c2b5_c863aa239bbb4684bbb8409552dbeb33mv2-100x100.png",100,100,true]},"uagb_author_info":{"display_name":"emilkemal4@gmail.com","author_link":"https:\/\/vitaroma.fi\/tr\/author\/"},"uagb_comment_info":0,"uagb_excerpt":"Tehokas CICA- ja Provitamin B5-yhdistelm\u00e4ll\u00e4 rikastettu hoitovoide, joka nopeuttaa ihon palautumista, vahvistaa rakennetta ja kosteuttaa tehokkaasti.","_links":{"self":[{"href":"https:\/\/vitaroma.fi\/tr\/wp-json\/wp\/v2\/product\/2257","targetHints":{"allow":["GET"]}}],"collection":[{"href":"https:\/\/vitaroma.fi\/tr\/wp-json\/wp\/v2\/product"}],"about":[{"href":"https:\/\/vitaroma.fi\/tr\/wp-json\/wp\/v2\/types\/product"}],"replies":[{"embeddable":true,"href":"https:\/\/vitaroma.fi\/tr\/wp-json\/wp\/v2\/comments?post=2257"}],"wp:featuredmedia":[{"embeddable":true,"href":"https:\/\/vitaroma.fi\/tr\/wp-json\/wp\/v2\/media\/2258"}],"wp:attachment":[{"href":"https:\/\/vitaroma.fi\/tr\/wp-json\/wp\/v2\/media?parent=2257"}],"wp:term":[{"taxonomy":"product_brand","embeddable":true,"href":"https:\/\/vitaroma.fi\/tr\/wp-json\/wp\/v2\/product_brand?post=2257"},{"taxonomy":"product_cat","embeddable":true,"href":"https:\/\/vitaroma.fi\/tr\/wp-json\/wp\/v2\/product_cat?post=2257"},{"taxonomy":"product_tag","embeddable":true,"href":"https:\/\/vitaroma.fi\/tr\/wp-json\/wp\/v2\/product_tag?post=2257"}],"curies":[{"name":"wp","href":"https:\/\/api.w.org\/{rel}","templated":true}]}}