{"id":2255,"date":"2025-04-25T23:30:46","date_gmt":"2025-04-25T23:30:46","guid":{"rendered":"https:\/\/vitaroma.fi\/?post_type=product&#038;p=2255"},"modified":"2025-04-25T23:30:46","modified_gmt":"2025-04-25T23:30:46","slug":"ekseption-probio-t-ultraserum","status":"publish","type":"product","link":"https:\/\/vitaroma.fi\/tr\/produkt\/ekseption-probio-t-ultraserum\/","title":{"rendered":"Ekspresyon PROBIO-T ULTRASERUM"},"content":{"rendered":"<p class=\"\" data-start=\"480\" data-end=\"660\"><strong data-start=\"480\" data-end=\"598\">Ekseption PROBIO-T ULTRASERUM, kuru ve hassas ciltlerin tedavisi i\u00e7in \u00f6zel olarak geli\u015ftirilmi\u015f, besleyici bir gece serumudur.<\/strong><br data-start=\"598\" data-end=\"601\" \/>\u0130\u00e7erir <strong data-start=\"613\" data-end=\"645\">pre\/probiyotik kompleks<\/strong>, \u015funlardan olu\u015fur:<\/p>\n<ul data-start=\"662\" data-end=\"944\">\n<li class=\"\" data-start=\"662\" data-end=\"757\">\n<p class=\"\" data-start=\"664\" data-end=\"757\"><strong data-start=\"664\" data-end=\"693\">\u03b1-glukoleigosakkaritler<\/strong> (bitki bazl\u0131 substratlardan enzimatik olarak \u00fcretilir)<\/p>\n<\/li>\n<li class=\"\" data-start=\"758\" data-end=\"836\">\n<p class=\"\" data-start=\"760\" data-end=\"836\"><strong data-start=\"760\" data-end=\"791\">\u03b2-fruktooligosakkaritler<\/strong> (Jicama veya Yacon rizomlar\u0131ndan elde edilir)<\/p>\n<\/li>\n<li class=\"\" data-start=\"837\" data-end=\"944\">\n<p class=\"\" data-start=\"839\" data-end=\"944\"><strong data-start=\"839\" data-end=\"886\">Lactobacillus Probiyotik Bakteriler<\/strong> (tyndallizasyonla inaktive edilmi\u015f ve dondurularak kurutulmu\u015f)<\/p>\n<\/li>\n<\/ul>\n<p class=\"\" data-start=\"946\" data-end=\"1125\"><strong data-start=\"946\" data-end=\"979\">Bu e\u015fsiz kompozisyon<\/strong> planland\u0131 <strong data-start=\"995\" data-end=\"1027\">cilt mikrofloras\u0131n\u0131 optimize etmek i\u00e7in<\/strong>, <strong data-start=\"1029\" data-end=\"1077\">biyolojik savunma mekanizmalar\u0131n\u0131 g\u00fc\u00e7lendirmek<\/strong> Ve <strong data-start=\"1081\" data-end=\"1124\">cilt parlakl\u0131\u011f\u0131n\u0131 ve dokusunu iyile\u015ftirir<\/strong>.<\/p>\n<p class=\"\" data-start=\"1127\" data-end=\"1152\"><strong data-start=\"1127\" data-end=\"1152\">Serumun etkileri:<\/strong><\/p>\n<ul data-start=\"1153\" data-end=\"1423\">\n<li class=\"\" data-start=\"1153\" data-end=\"1190\">\n<p class=\"\" data-start=\"1155\" data-end=\"1190\">Cilt mikrobiyom dengesini destekler<\/p>\n<\/li>\n<li class=\"\" data-start=\"1191\" data-end=\"1250\">\n<p class=\"\" data-start=\"1193\" data-end=\"1250\">Faydal\u0131 komensal bakteriler i\u00e7in besin g\u00f6revi g\u00f6r\u00fcr<\/p>\n<\/li>\n<li class=\"\" data-start=\"1251\" data-end=\"1304\">\n<p class=\"\" data-start=\"1253\" data-end=\"1304\">Cilt kurulu\u011funu ve rahats\u0131zl\u0131\u011f\u0131n\u0131 azalt\u0131r<\/p>\n<\/li>\n<li class=\"\" data-start=\"1305\" data-end=\"1364\">\n<p class=\"\" data-start=\"1307\" data-end=\"1364\">Cilt dokusunu iyile\u015ftirir ve do\u011fal \u0131\u015f\u0131lt\u0131 katar<\/p>\n<\/li>\n<li class=\"\" data-start=\"1365\" data-end=\"1423\">\n<p class=\"\" data-start=\"1367\" data-end=\"1423\">Hassas cildi yat\u0131\u015ft\u0131r\u0131r ve cildin savunmas\u0131n\u0131 g\u00fc\u00e7lendirir<\/p>\n<\/li>\n<\/ul>\n<p class=\"\" data-start=\"1425\" data-end=\"1582\"><strong data-start=\"1425\" data-end=\"1481\">Do\u011fal \u015feker i\u00e7eri\u011fi (GOS ve FOS) sayesinde<\/strong> Serum, cildin g\u00f6r\u00fcn\u00fcm\u00fcn\u00fc g\u00f6zle g\u00f6r\u00fcl\u00fcr \u015fekilde iyile\u015ftirir ve \u00f6zellikle kuru ve hassas ciltlere rahatl\u0131k sa\u011flar.<\/p>","protected":false},"excerpt":{"rendered":"<p class=\"\" data-start=\"1638\" data-end=\"1782\"><strong data-start=\"1638\" data-end=\"1782\">Cildin mikrobiyomunu g\u00fc\u00e7lendiren, nemlendiren, kuru ve hassas ciltlerin parlakl\u0131\u011f\u0131n\u0131 ve konforunu art\u0131ran besleyici pre\/probiyotik gece serumu.<\/strong><\/p>","protected":false},"featured_media":2256,"comment_status":"open","ping_status":"closed","template":"","meta":{"_surecart_dashboard_logo_width":"180px","_surecart_dashboard_show_logo":true,"_surecart_dashboard_navigation_orders":true,"_surecart_dashboard_navigation_invoices":true,"_surecart_dashboard_navigation_subscriptions":true,"_surecart_dashboard_navigation_downloads":true,"_surecart_dashboard_navigation_billing":true,"_surecart_dashboard_navigation_account":true,"_uag_custom_page_level_css":"","site-sidebar-layout":"default","site-content-layout":"","ast-site-content-layout":"default","site-content-style":"default","site-sidebar-style":"default","ast-global-header-display":"","ast-banner-title-visibility":"","ast-main-header-display":"","ast-hfb-above-header-display":"","ast-hfb-below-header-display":"","ast-hfb-mobile-header-display":"","site-post-title":"","ast-breadcrumbs-content":"","ast-featured-img":"","footer-sml-layout":"","theme-transparent-header-meta":"default","adv-header-id-meta":"","stick-header-meta":"default","header-above-stick-meta":"","header-main-stick-meta":"","header-below-stick-meta":"","astra-migrate-meta-layouts":"set","ast-page-background-enabled":"default","ast-page-background-meta":{"desktop":{"background-color":"var(--ast-global-color-4)","background-image":"","background-repeat":"repeat","background-position":"center center","background-size":"auto","background-attachment":"scroll","background-type":"","background-media":"","overlay-type":"","overlay-color":"","overlay-opacity":"","overlay-gradient":""},"tablet":{"background-color":"","background-image":"","background-repeat":"repeat","background-position":"center center","background-size":"auto","background-attachment":"scroll","background-type":"","background-media":"","overlay-type":"","overlay-color":"","overlay-opacity":"","overlay-gradient":""},"mobile":{"background-color":"","background-image":"","background-repeat":"repeat","background-position":"center center","background-size":"auto","background-attachment":"scroll","background-type":"","background-media":"","overlay-type":"","overlay-color":"","overlay-opacity":"","overlay-gradient":""}},"ast-content-background-meta":{"desktop":{"background-color":"var(--ast-global-color-5)","background-image":"","background-repeat":"repeat","background-position":"center center","background-size":"auto","background-attachment":"scroll","background-type":"","background-media":"","overlay-type":"","overlay-color":"","overlay-opacity":"","overlay-gradient":""},"tablet":{"background-color":"var(--ast-global-color-5)","background-image":"","background-repeat":"repeat","background-position":"center center","background-size":"auto","background-attachment":"scroll","background-type":"","background-media":"","overlay-type":"","overlay-color":"","overlay-opacity":"","overlay-gradient":""},"mobile":{"background-color":"var(--ast-global-color-5)","background-image":"","background-repeat":"repeat","background-position":"center center","background-size":"auto","background-attachment":"scroll","background-type":"","background-media":"","overlay-type":"","overlay-color":"","overlay-opacity":"","overlay-gradient":""}}},"product_brand":[120],"product_cat":[176],"product_tag":[186,183,185,180,181,182,184,179,177,178],"class_list":{"0":"post-2255","1":"product","2":"type-product","3":"status-publish","4":"has-post-thumbnail","6":"product_brand-ekseption","7":"product_cat-kasvojen-hoito-seerumit","8":"product_tag-ekseption-probio-t-ultraserum","9":"product_tag-gos-ja-fos-sokerit","10":"product_tag-heleyttava-seerumi","11":"product_tag-herkan-ihon-yoseerumi","12":"product_tag-ihon-mikrobiomin-tasapainotus","13":"product_tag-ihon-puolustusmekanismien-vahvistaminen","14":"product_tag-kosteuttava-seerumi","15":"product_tag-kuivan-ihon-seerumi","16":"product_tag-prebioottinen-seerumi","17":"product_tag-probioottinen-seerumi","18":"desktop-align-left","19":"tablet-align-left","20":"mobile-align-left","22":"first","23":"instock","24":"shipping-taxable","25":"purchasable","26":"product-type-simple"},"uagb_featured_image_src":{"full":["https:\/\/vitaroma.fi\/wp-content\/uploads\/2025\/04\/f0c2b5_76a254ab6a2549608e07cbebd09d8667mv2.png",1080,1080,false],"thumbnail":["https:\/\/vitaroma.fi\/wp-content\/uploads\/2025\/04\/f0c2b5_76a254ab6a2549608e07cbebd09d8667mv2-150x150.png",150,150,true],"medium":["https:\/\/vitaroma.fi\/wp-content\/uploads\/2025\/04\/f0c2b5_76a254ab6a2549608e07cbebd09d8667mv2-300x300.png",300,300,true],"medium_large":["https:\/\/vitaroma.fi\/wp-content\/uploads\/2025\/04\/f0c2b5_76a254ab6a2549608e07cbebd09d8667mv2-768x768.png",768,768,true],"large":["https:\/\/vitaroma.fi\/wp-content\/uploads\/2025\/04\/f0c2b5_76a254ab6a2549608e07cbebd09d8667mv2-1024x1024.png",1024,1024,true],"1536x1536":["https:\/\/vitaroma.fi\/wp-content\/uploads\/2025\/04\/f0c2b5_76a254ab6a2549608e07cbebd09d8667mv2.png",1080,1080,false],"2048x2048":["https:\/\/vitaroma.fi\/wp-content\/uploads\/2025\/04\/f0c2b5_76a254ab6a2549608e07cbebd09d8667mv2.png",1080,1080,false],"trp-custom-language-flag":["https:\/\/vitaroma.fi\/wp-content\/uploads\/2025\/04\/f0c2b5_76a254ab6a2549608e07cbebd09d8667mv2-12x12.png",12,12,true],"woocommerce_thumbnail":["https:\/\/vitaroma.fi\/wp-content\/uploads\/2025\/04\/f0c2b5_76a254ab6a2549608e07cbebd09d8667mv2-300x300.png",300,300,true],"woocommerce_single":["https:\/\/vitaroma.fi\/wp-content\/uploads\/2025\/04\/f0c2b5_76a254ab6a2549608e07cbebd09d8667mv2-600x600.png",600,600,true],"woocommerce_gallery_thumbnail":["https:\/\/vitaroma.fi\/wp-content\/uploads\/2025\/04\/f0c2b5_76a254ab6a2549608e07cbebd09d8667mv2-100x100.png",100,100,true]},"uagb_author_info":{"display_name":"emilkemal4@gmail.com","author_link":"https:\/\/vitaroma.fi\/tr\/author\/"},"uagb_comment_info":0,"uagb_excerpt":"Ravitseva pre\/probioottinen y\u00f6seerumi, joka vahvistaa ihon mikrobiomia, kosteuttaa ja parantaa kuivan ja herk\u00e4n ihon heleytt\u00e4 ja mukavuutta.","_links":{"self":[{"href":"https:\/\/vitaroma.fi\/tr\/wp-json\/wp\/v2\/product\/2255","targetHints":{"allow":["GET"]}}],"collection":[{"href":"https:\/\/vitaroma.fi\/tr\/wp-json\/wp\/v2\/product"}],"about":[{"href":"https:\/\/vitaroma.fi\/tr\/wp-json\/wp\/v2\/types\/product"}],"replies":[{"embeddable":true,"href":"https:\/\/vitaroma.fi\/tr\/wp-json\/wp\/v2\/comments?post=2255"}],"wp:featuredmedia":[{"embeddable":true,"href":"https:\/\/vitaroma.fi\/tr\/wp-json\/wp\/v2\/media\/2256"}],"wp:attachment":[{"href":"https:\/\/vitaroma.fi\/tr\/wp-json\/wp\/v2\/media?parent=2255"}],"wp:term":[{"taxonomy":"product_brand","embeddable":true,"href":"https:\/\/vitaroma.fi\/tr\/wp-json\/wp\/v2\/product_brand?post=2255"},{"taxonomy":"product_cat","embeddable":true,"href":"https:\/\/vitaroma.fi\/tr\/wp-json\/wp\/v2\/product_cat?post=2255"},{"taxonomy":"product_tag","embeddable":true,"href":"https:\/\/vitaroma.fi\/tr\/wp-json\/wp\/v2\/product_tag?post=2255"}],"curies":[{"name":"wp","href":"https:\/\/api.w.org\/{rel}","templated":true}]}}