{"id":2224,"date":"2025-04-25T22:41:59","date_gmt":"2025-04-25T22:41:59","guid":{"rendered":"https:\/\/vitaroma.fi\/?post_type=product&#038;p=2224"},"modified":"2025-04-25T22:41:59","modified_gmt":"2025-04-25T22:41:59","slug":"ekseption-micellar-water-cleanse-peel","status":"publish","type":"product","link":"https:\/\/vitaroma.fi\/tr\/produkt\/ekseption-micellar-water-cleanse-peel\/","title":{"rendered":"\u0130stisna Micellar Su Temizleyici ve Peeling"},"content":{"rendered":"<p class=\"\" data-start=\"529\" data-end=\"737\"><strong data-start=\"529\" data-end=\"607\">Polihidroksi asitler kullan\u0131larak temizlik ve makyaj temizli\u011finde yeni bir konsept.<\/strong><br data-start=\"607\" data-end=\"610\" \/><strong data-start=\"610\" data-end=\"670\">Misel suyu ferahlat\u0131c\u0131 ve nazik bir temizleyicidir<\/strong>\u00f6zel olarak tasarlanm\u0131\u015f olan <strong data-start=\"704\" data-end=\"736\">ya\u011fl\u0131 ve karma ciltler i\u00e7in<\/strong>.<\/p>\n<p class=\"\" data-start=\"739\" data-end=\"986\"><strong data-start=\"739\" data-end=\"826\">Bu yeni nesil misel su, etkili temizleme ve mikro peelingi bir araya getiriyor<\/strong>, geri d\u00f6nerken <strong data-start=\"847\" data-end=\"891\">Cildin do\u011fal asidik pH dengesi<\/strong>.<br data-start=\"892\" data-end=\"895\" \/>Nazik ve uygundur <strong data-start=\"924\" data-end=\"970\">y\u00fcz, g\u00f6z ve dudak temizli\u011fi i\u00e7in<\/strong> ac\u0131tmadan.<\/p>\n<p class=\"\" data-start=\"988\" data-end=\"1172\"><strong data-start=\"988\" data-end=\"1058\">Yumu\u015fak, \u015feker t\u00fcrevi iyonik olmayan y\u00fczey aktif madde<\/strong> T\u0131kan\u0131kl\u0131k kal\u0131nt\u0131lar\u0131 olmadan temiz durulama sa\u011flar.<br data-start=\"1113\" data-end=\"1116\" \/>Ayn\u0131 zamanda cildi korur ve \u00e7evresel refah\u0131 destekler.<\/p>\n<p class=\"\" data-start=\"1174\" data-end=\"1484\"><strong data-start=\"1174\" data-end=\"1217\">Geleneksel temizleyiciler ve sabunlar<\/strong>y\u00fcksek alkali pH&#039;a sahip olan, etkile\u015fime girebilir <strong data-start=\"1265\" data-end=\"1286\">enzim aktivitesi<\/strong> Ve <strong data-start=\"1290\" data-end=\"1310\">cilt mikrobiyomu<\/strong>, kirlili\u011fe ve hassasiyete neden olur.<br data-start=\"1351\" data-end=\"1354\" \/><strong data-start=\"1354\" data-end=\"1397\">\u0130stisna Micellar Su Temizleyici ve Peeling<\/strong> G\u00fcnl\u00fck kullan\u0131mda cildin do\u011fal dengesini ve sa\u011fl\u0131\u011f\u0131n\u0131 korumaya yard\u0131mc\u0131 olur.<\/p>","protected":false},"excerpt":{"rendered":"<p class=\"\" data-start=\"1540\" data-end=\"1705\"><strong data-start=\"1540\" data-end=\"1705\">Cildi temizleyen, mikro eksfoliasyon sa\u011flayan ve cildin do\u011fal pH dengesini destekleyen yeni nesil misel su. Ya\u011fl\u0131 ve karma ciltler i\u00e7in uygundur, yanma ve kal\u0131nt\u0131 b\u0131rakmaz.<\/strong><\/p>","protected":false},"featured_media":2225,"comment_status":"open","ping_status":"closed","template":"","meta":{"_surecart_dashboard_logo_width":"180px","_surecart_dashboard_show_logo":true,"_surecart_dashboard_navigation_orders":true,"_surecart_dashboard_navigation_invoices":true,"_surecart_dashboard_navigation_subscriptions":true,"_surecart_dashboard_navigation_downloads":true,"_surecart_dashboard_navigation_billing":true,"_surecart_dashboard_navigation_account":true,"_uag_custom_page_level_css":"","site-sidebar-layout":"default","site-content-layout":"","ast-site-content-layout":"default","site-content-style":"default","site-sidebar-style":"default","ast-global-header-display":"","ast-banner-title-visibility":"","ast-main-header-display":"","ast-hfb-above-header-display":"","ast-hfb-below-header-display":"","ast-hfb-mobile-header-display":"","site-post-title":"","ast-breadcrumbs-content":"","ast-featured-img":"","footer-sml-layout":"","ast-disable-related-posts":"","theme-transparent-header-meta":"default","adv-header-id-meta":"","stick-header-meta":"default","header-above-stick-meta":"","header-main-stick-meta":"","header-below-stick-meta":"","astra-migrate-meta-layouts":"set","ast-page-background-enabled":"default","ast-page-background-meta":{"desktop":{"background-color":"var(--ast-global-color-4)","background-image":"","background-repeat":"repeat","background-position":"center center","background-size":"auto","background-attachment":"scroll","background-type":"","background-media":"","overlay-type":"","overlay-color":"","overlay-opacity":"","overlay-gradient":""},"tablet":{"background-color":"","background-image":"","background-repeat":"repeat","background-position":"center center","background-size":"auto","background-attachment":"scroll","background-type":"","background-media":"","overlay-type":"","overlay-color":"","overlay-opacity":"","overlay-gradient":""},"mobile":{"background-color":"","background-image":"","background-repeat":"repeat","background-position":"center center","background-size":"auto","background-attachment":"scroll","background-type":"","background-media":"","overlay-type":"","overlay-color":"","overlay-opacity":"","overlay-gradient":""}},"ast-content-background-meta":{"desktop":{"background-color":"var(--ast-global-color-5)","background-image":"","background-repeat":"repeat","background-position":"center center","background-size":"auto","background-attachment":"scroll","background-type":"","background-media":"","overlay-type":"","overlay-color":"","overlay-opacity":"","overlay-gradient":""},"tablet":{"background-color":"var(--ast-global-color-5)","background-image":"","background-repeat":"repeat","background-position":"center center","background-size":"auto","background-attachment":"scroll","background-type":"","background-media":"","overlay-type":"","overlay-color":"","overlay-opacity":"","overlay-gradient":""},"mobile":{"background-color":"var(--ast-global-color-5)","background-image":"","background-repeat":"repeat","background-position":"center center","background-size":"auto","background-attachment":"scroll","background-type":"","background-media":"","overlay-type":"","overlay-color":"","overlay-opacity":"","overlay-gradient":""}}},"product_brand":[120],"product_cat":[100],"product_tag":[140,138,116,135,132,134,133,136,137,139],"class_list":{"0":"post-2224","1":"product","2":"type-product","3":"status-publish","4":"has-post-thumbnail","6":"product_brand-ekseption","7":"product_cat-kasvojen-puhdistus","8":"product_tag-ekseption-micellar-cleanse","9":"product_tag-hellavarainen-meikinpoisto","10":"product_tag-ihon-ph-tasapainottaja","11":"product_tag-kasvojen-puhdistusvesi","12":"product_tag-micellivesi","13":"product_tag-pha-micellar-water","14":"product_tag-polyhydroksihappo-micellar","15":"product_tag-rasvoittuvan-ihon-puhdistusaine","16":"product_tag-sekaihon-puhdistus","17":"product_tag-sokerista-johdettu-puhdistusaine","18":"desktop-align-left","19":"tablet-align-left","20":"mobile-align-left","22":"first","23":"instock","24":"shipping-taxable","25":"purchasable","26":"product-type-simple"},"uagb_featured_image_src":{"full":["https:\/\/vitaroma.fi\/wp-content\/uploads\/2025\/04\/f0c2b5_0db4c3045c0e49b791c3893ebf8ffdefmv2.png",1080,1080,false],"thumbnail":["https:\/\/vitaroma.fi\/wp-content\/uploads\/2025\/04\/f0c2b5_0db4c3045c0e49b791c3893ebf8ffdefmv2-150x150.png",150,150,true],"medium":["https:\/\/vitaroma.fi\/wp-content\/uploads\/2025\/04\/f0c2b5_0db4c3045c0e49b791c3893ebf8ffdefmv2-300x300.png",300,300,true],"medium_large":["https:\/\/vitaroma.fi\/wp-content\/uploads\/2025\/04\/f0c2b5_0db4c3045c0e49b791c3893ebf8ffdefmv2-768x768.png",768,768,true],"large":["https:\/\/vitaroma.fi\/wp-content\/uploads\/2025\/04\/f0c2b5_0db4c3045c0e49b791c3893ebf8ffdefmv2-1024x1024.png",1024,1024,true],"1536x1536":["https:\/\/vitaroma.fi\/wp-content\/uploads\/2025\/04\/f0c2b5_0db4c3045c0e49b791c3893ebf8ffdefmv2.png",1080,1080,false],"2048x2048":["https:\/\/vitaroma.fi\/wp-content\/uploads\/2025\/04\/f0c2b5_0db4c3045c0e49b791c3893ebf8ffdefmv2.png",1080,1080,false],"trp-custom-language-flag":["https:\/\/vitaroma.fi\/wp-content\/uploads\/2025\/04\/f0c2b5_0db4c3045c0e49b791c3893ebf8ffdefmv2-12x12.png",12,12,true],"woocommerce_thumbnail":["https:\/\/vitaroma.fi\/wp-content\/uploads\/2025\/04\/f0c2b5_0db4c3045c0e49b791c3893ebf8ffdefmv2-300x300.png",300,300,true],"woocommerce_single":["https:\/\/vitaroma.fi\/wp-content\/uploads\/2025\/04\/f0c2b5_0db4c3045c0e49b791c3893ebf8ffdefmv2-600x600.png",600,600,true],"woocommerce_gallery_thumbnail":["https:\/\/vitaroma.fi\/wp-content\/uploads\/2025\/04\/f0c2b5_0db4c3045c0e49b791c3893ebf8ffdefmv2-100x100.png",100,100,true]},"uagb_author_info":{"display_name":"emilkemal4@gmail.com","author_link":"https:\/\/vitaroma.fi\/tr\/author\/"},"uagb_comment_info":0,"uagb_excerpt":"Uuden sukupolven micellivesi, joka puhdistaa, mikrokuorii ja tukee ihon luonnollista pH-tasapainoa. Sopii rasvoittuvalle ja sekaiholle ilman kirvely\u00e4 tai j\u00e4\u00e4mi\u00e4.","_links":{"self":[{"href":"https:\/\/vitaroma.fi\/tr\/wp-json\/wp\/v2\/product\/2224","targetHints":{"allow":["GET"]}}],"collection":[{"href":"https:\/\/vitaroma.fi\/tr\/wp-json\/wp\/v2\/product"}],"about":[{"href":"https:\/\/vitaroma.fi\/tr\/wp-json\/wp\/v2\/types\/product"}],"replies":[{"embeddable":true,"href":"https:\/\/vitaroma.fi\/tr\/wp-json\/wp\/v2\/comments?post=2224"}],"wp:featuredmedia":[{"embeddable":true,"href":"https:\/\/vitaroma.fi\/tr\/wp-json\/wp\/v2\/media\/2225"}],"wp:attachment":[{"href":"https:\/\/vitaroma.fi\/tr\/wp-json\/wp\/v2\/media?parent=2224"}],"wp:term":[{"taxonomy":"product_brand","embeddable":true,"href":"https:\/\/vitaroma.fi\/tr\/wp-json\/wp\/v2\/product_brand?post=2224"},{"taxonomy":"product_cat","embeddable":true,"href":"https:\/\/vitaroma.fi\/tr\/wp-json\/wp\/v2\/product_cat?post=2224"},{"taxonomy":"product_tag","embeddable":true,"href":"https:\/\/vitaroma.fi\/tr\/wp-json\/wp\/v2\/product_tag?post=2224"}],"curies":[{"name":"wp","href":"https:\/\/api.w.org\/{rel}","templated":true}]}}