{"id":2577,"date":"2025-07-22T11:01:50","date_gmt":"2025-07-22T09:01:50","guid":{"rendered":"https:\/\/vitaroma.fi\/?page_id=2577"},"modified":"2025-08-28T14:11:34","modified_gmt":"2025-08-28T12:11:34","slug":"eksosomihoidot","status":"publish","type":"page","link":"https:\/\/vitaroma.fi\/tr\/eksosomihoidot\/","title":{"rendered":"Ekzosom terapileri"},"content":{"rendered":"<div class=\"wp-block-uagb-container uagb-block-5451af51 alignfull uagb-is-root-container\"><div class=\"uagb-container-inner-blocks-wrap\">\n<div class=\"wp-block-uagb-advanced-heading uagb-block-f45ed1f8\"><h1 class=\"uagb-heading-text\">Ekzosom terapileri<\/h1><\/div>\n<\/div><\/div>\n\n\n\n<div class=\"wp-block-uagb-container uagb-block-wlmazrwo alignfull uagb-is-root-container\"><div class=\"uagb-container-inner-blocks-wrap\">\n<div class=\"wp-block-uagb-container uagb-block-0btjzulc alignfull uagb-is-root-container\"><div class=\"uagb-container-inner-blocks-wrap\">\n<div class=\"wp-block-uagb-image alignleft uagb-block-6xnwaqpe wp-block-uagb-image--layout-default wp-block-uagb-image--effect-static wp-block-uagb-image--align-left\"><figure class=\"wp-block-uagb-image__figure\"><img decoding=\"async\" srcset=\"https:\/\/vitaroma.fi\/wp-content\/uploads\/2025\/07\/RF-Microneedling-Exosome-Therapy-for-Skin-Rejuvenation-Hair-Loss-Treatment-London-6-1024x683.webp ,https:\/\/vitaroma.fi\/wp-content\/uploads\/2025\/07\/RF-Microneedling-Exosome-Therapy-for-Skin-Rejuvenation-Hair-Loss-Treatment-London-6.webp 780w, https:\/\/vitaroma.fi\/wp-content\/uploads\/2025\/07\/RF-Microneedling-Exosome-Therapy-for-Skin-Rejuvenation-Hair-Loss-Treatment-London-6.webp 360w\" sizes=\"auto, (max-width: 480px) 150px\" src=\"https:\/\/vitaroma.fi\/wp-content\/uploads\/2025\/07\/RF-Microneedling-Exosome-Therapy-for-Skin-Rejuvenation-Hair-Loss-Treatment-London-6-1024x683.webp\" alt=\"\" class=\"uag-image-2588\" width=\"564\" height=\"400\" title=\"RF-Mikroi\u011fneleme-Ekzosom-Terapisi-Cilt Gen\u00e7le\u015ftirme-Sa\u00e7 D\u00f6k\u00fclmesi-Tedavisi-Londra-6\" loading=\"lazy\" role=\"img\"\/><\/figure><\/div>\n\n\n\n<div class=\"wp-block-uagb-container uagb-block-xrkfcv1q\">\n<div class=\"wp-block-uagb-info-box uagb-block-amettuy1 uagb-infobox__content-wrap  uagb-infobox-icon-above-title uagb-infobox-image-valign-top\"><div class=\"uagb-ifb-content\"><div class=\"uagb-ifb-title-wrap\"><h3 class=\"uagb-ifb-title\"><strong><strong>Ekzosom tedavileri \u2013 H\u00fccresel yenilenme ve optimum cilt canlanmas\u0131<\/strong><\/strong><\/h3><\/div><p class=\"uagb-ifb-desc\">Ekzosom tedavisi, b\u00fcy\u00fcme fakt\u00f6rleri, peptitler ve proteinler i\u00e7eren k\u00fc\u00e7\u00fck ama g\u00fc\u00e7l\u00fc h\u00fccresel haberciler olan ekzosomlar\u0131 kullanarak h\u00fccreler aras\u0131 ileti\u015fimi destekleyen, ileri teknolojiye sahip, t\u0131bbi temelli bir cilt bak\u0131m y\u00f6ntemidir. Cildin kendi onar\u0131m s\u00fcre\u00e7lerini harekete ge\u00e7irir ve cildi derinlemesine yeniler; ameliyat veya uzun iyile\u015fme s\u00fcre\u00e7leri gerektirmez.<br>\u00c7o\u011fu cilt tipine uygun olan bu tedavi, ya\u015flanma belirtileri, pigmentasyon de\u011fi\u015fiklikleri, akne, yara izleri ve donuk ve cans\u0131z cilt sorunlar\u0131na \u00e7\u00f6z\u00fcmler sunar. Ekzosomlar, cildin gen\u00e7 ve sa\u011fl\u0131kl\u0131 bir cilt gibi i\u015flev g\u00f6rmesine yard\u0131mc\u0131 olur.<\/p><\/div><\/div>\n<\/div>\n<\/div><\/div>\n<\/div><\/div>\n\n\n\n<div class=\"wp-block-uagb-container uagb-block-onenjlwh alignfull uagb-is-root-container\"><div class=\"uagb-container-inner-blocks-wrap\">\n<div class=\"wp-block-uagb-info-box uagb-block-kdw4sbfe uagb-infobox__content-wrap  uagb-infobox-icon-above-title uagb-infobox-image-valign-top\"><div class=\"uagb-ifb-content\"><div class=\"uagb-ifb-title-wrap\"><h2 class=\"uagb-ifb-title\"><strong><strong>Tedavi s\u00fcresi ve bak\u0131m\u0131<\/strong><\/strong><\/h2><\/div><p class=\"uagb-ifb-desc\">En iyi sonu\u00e7lar i\u00e7in, yakla\u015f\u0131k 2-4 hafta arayla 3-5 seansl\u0131k bir tedavi serisi \u00f6nerilir. Sonras\u0131nda, cildin ihtiya\u00e7lar\u0131na g\u00f6re, \u00f6rne\u011fin y\u0131lda 2-3 kez bireysel seanslarla tedavi sonu\u00e7lar\u0131 s\u00fcrd\u00fcr\u00fclebilir.<br><br><strong>Ekzosom tedavisinin etkileri:<\/strong><br>H\u00fccre yenilenmesini ve cilt onar\u0131m\u0131n\u0131 harekete ge\u00e7irir<br>Kolajen ve elastin \u00fcretimini art\u0131r\u0131r<br>Cilt tonunu ve dokusunu e\u015fitler<br>K\u0131r\u0131\u015f\u0131kl\u0131klar\u0131 ve ince \u00e7izgileri azalt\u0131r<br>\u0130ltihab\u0131 ve k\u0131zar\u0131kl\u0131\u011f\u0131 yat\u0131\u015ft\u0131r\u0131r<br>Yara izlerinin ve di\u011fer yaralanmalar\u0131n iyile\u015fmesini h\u0131zland\u0131r\u0131r<br><br><strong>G\u00fc\u00e7 bilime dayan\u0131r:<\/strong><br>Ekzosomlar, cilt h\u00fccrelerine rejeneratif sinyaller ileten &quot;ak\u0131ll\u0131 haberciler&quot; gibi davran\u0131r. Fibroblastlar\u0131 uyar\u0131r ve cildin kendi iyile\u015fme s\u00fcrecini destekler; bu da sadece birka\u00e7 tedaviden sonra daha p\u00fcr\u00fczs\u00fcz, daha s\u0131k\u0131 ve daha parlak bir cilt olarak g\u00f6r\u00fcl\u00fcr.<\/p><\/div><\/div>\n\n\n\n<div class=\"wp-block-uagb-info-box uagb-block-6e57ece0 uagb-infobox__content-wrap  uagb-infobox-icon-above-title uagb-infobox-image-valign-top\"><div class=\"uagb-ifb-content\"><div class=\"uagb-ifb-title-wrap\"><h2 class=\"uagb-ifb-title\"><strong><strong>Eksozom tedavisi kimler i\u00e7in uygundur?<br><\/strong><\/strong><\/h2><\/div><p class=\"uagb-ifb-desc\"><strong>Ya\u015flanman\u0131n belirtileri<\/strong>: ince \u00e7izgiler, elastikiyet kayb\u0131, donukluk<br><strong>Pigmentasyon de\u011fi\u015fiklikleri ve d\u00fczensiz ton<\/strong><br><strong>Sivilceye meyilli veya kolayca tahri\u015f olan cilt<\/strong>, k\u0131zar\u0131kl\u0131k giderici<br><strong>Yara izleri<\/strong>: \u00f6zellikle akne sonras\u0131 izler (renk\/doku yumu\u015famas\u0131)<br><strong>Geni\u015flemi\u015f g\u00f6zenekler<\/strong> ve d\u00fczensiz y\u00fczey dokusu<br><strong>Cans\u0131z, yorgun cilt<\/strong>, \u0131\u015f\u0131lt\u0131ya ve iyile\u015fmeye ihtiyac\u0131 olan<br><strong>\u00d6nce de\u011ferlendirelim<\/strong>: aktif cilt iltihab\u0131\/enfeksiyonu, yak\u0131n zamanda bronzla\u015fma, g\u00fc\u00e7l\u00fc retinoid veya asit tedavileri, gebelik\/emzirme (vaka \u00f6zelinde de\u011ferlendirme).<\/p><\/div><\/div>\n\n\n\n<div class=\"wp-block-uagb-info-box uagb-block-29b83eb8 uagb-infobox__content-wrap  uagb-infobox-icon-above-title uagb-infobox-image-valign-top\"><div class=\"uagb-ifb-content\"><div class=\"uagb-ifb-title-wrap\"><h2 class=\"uagb-ifb-title\"><strong><strong>Tedavi nas\u0131l i\u015fliyor \u2013 ad\u0131m ad\u0131m (klinik protokol)<br><\/strong><\/strong><\/h2><\/div><p class=\"uagb-ifb-desc\"><strong>Kons\u00fcltasyon ve cilt analizi<\/strong><br>Hedefler, cilt tipi ve olas\u0131 kontrendikasyonlar g\u00f6zden ge\u00e7irilir. Haz\u0131rl\u0131yoruz <strong>bireysel plan<\/strong> (kombinasyonlar, seriler, evde bak\u0131m).<br><strong>Haz\u0131rl\u0131k<\/strong><br><strong>\u00c7ift temizlik<\/strong> ve gerekirse <strong>\u00e7ok hafif soyulma<\/strong> (enzim\/yumu\u015fak AHA) aktif bile\u015fenlerin emilimini art\u0131r\u0131r.<br><strong>Cilt ge\u00e7irgenli\u011fi aktivasyonu (iste\u011fe ba\u011fl\u0131)<\/strong><br>Sonu\u00e7lar\u0131 art\u0131rmak i\u00e7in cildin ihtiyac\u0131na ve hassasiyetine g\u00f6re a\u015fa\u011f\u0131dakilerden biri kullan\u0131labilir:<br><strong>Hydrafacial \/ aqua temizleme<\/strong> (derinlemesine temizlik + inf\u00fczyon),<br><strong>Mikroi\u011fneleme (Dermapen 4)<\/strong> s\u0131\u011f derinliklerde \u2013 mikrokanallar <strong>ekzosom serum emilimini te\u015fvik etmek<\/strong>,<br><strong>LED \u0131\u015f\u0131k<\/strong> (k\u0131rm\u0131z\u0131\/yak\u0131n k\u0131z\u0131l\u00f6tesi) sakinle\u015ftirici ve d\u00fczeltici sinyalleri desteklemek i\u00e7in.<br><strong>Ekzosom serum inf\u00fczyonu<\/strong><br>Yay\u0131l\u0131yor <strong>EV\/ekzosom bazl\u0131 serum<\/strong> Tedavi b\u00f6lgesine uygulan\u0131r ve protokole g\u00f6re masaj yap\u0131l\u0131r\/uygulan\u0131r (i\u011fne kullan\u0131lmadan veya se\u00e7ildi\u011finde s\u0131\u011f derinlikte mikroi\u011fneleme ile).<br><strong>Kapatma ve koruma<\/strong><br><strong>Nemlendirici\/yat\u0131\u015ft\u0131r\u0131c\u0131 maske<\/strong> kilitler aktif. G\u00fcnd\u00fcz eklendi <strong>SPF<\/strong>. Alacaks\u0131n <strong>bireysel evde bak\u0131m talimatlar\u0131<\/strong>.<br><strong>S\u00fcre<\/strong>: genellikle <strong>45\u201375 dakika<\/strong> Kombinasyonlara ba\u011fl\u0131 olarak. Hemen g\u00fcnl\u00fck hayat\u0131n\u0131za d\u00f6n\u00fcn.<\/p><\/div><\/div>\n\n\n\n<div class=\"wp-block-uagb-image uagb-block-2f209433 wp-block-uagb-image--layout-default wp-block-uagb-image--effect-static wp-block-uagb-image--align-none\"><figure class=\"wp-block-uagb-image__figure\"><img decoding=\"async\" srcset=\"https:\/\/vitaroma.fi\/wp-content\/uploads\/2025\/08\/24-188_25.png ,https:\/\/vitaroma.fi\/wp-content\/uploads\/2025\/08\/24-188_25.png 780w, https:\/\/vitaroma.fi\/wp-content\/uploads\/2025\/08\/24-188_25.png 360w\" sizes=\"auto, (max-width: 480px) 150px\" src=\"https:\/\/vitaroma.fi\/wp-content\/uploads\/2025\/08\/24-188_25.png\" alt=\"\" class=\"uag-image-2694\" width=\"700\" height=\"480\" title=\"24-188_25\" loading=\"lazy\" role=\"img\"\/><\/figure><\/div>\n\n\n\n<div class=\"wp-block-uagb-info-box uagb-block-8c787193 uagb-infobox__content-wrap  uagb-infobox-icon-above-title uagb-infobox-image-valign-top\"><div class=\"uagb-ifb-content\"><div class=\"uagb-ifb-title-wrap\"><h2 class=\"uagb-ifb-title\"><strong><strong>Ciltte neler olur \u2013 etki mekanizmalar\u0131 (k\u0131saca)<br><\/strong><\/strong><\/h2><\/div><p class=\"uagb-ifb-desc\"><strong>Bariyer takviyesi:<\/strong> lipid ve peptit sinyalleri koruyucu tabakay\u0131 destekler \u2192 daha az s\u0131k\u0131la\u015fma\/hassasiyet<br><strong>\u0130ltihap kontrol\u00fc:<\/strong> k\u0131zar\u0131kl\u0131k ve tepki zamanla azal\u0131r<br><strong>Yeniden yap\u0131lanma:<\/strong> fibroblast fonksiyonuna destek \u2192 <strong>kolajen\/elastin<\/strong> do\u011fal sentez<br><strong>Kalite iyile\u015ftirme:<\/strong> daha e\u015fit ton, daha yumu\u015fak y\u00fczey, &quot;sa\u011fl\u0131kl\u0131 parlakl\u0131k&quot;\u201c<br><br><\/p><\/div><\/div>\n\n\n\n<div class=\"wp-block-uagb-info-box uagb-block-628c03eb uagb-infobox__content-wrap  uagb-infobox-icon-above-title uagb-infobox-image-valign-top\"><div class=\"uagb-ifb-content\"><div class=\"uagb-ifb-title-wrap\"><h2 class=\"uagb-ifb-title\"><strong><strong>Sonu\u00e7lar ve zaman \u00e7izelgesi<br><\/strong><\/strong><\/h2><\/div><p class=\"uagb-ifb-desc\"><strong>Hemen:<\/strong> daha iyi nem hissi, sakinle\u015fmi\u015f ve \u0131\u015f\u0131lt\u0131l\u0131 cilt<br><strong>2\u20136 hafta:<\/strong> e\u015fit ton, y\u00fczey dokusunun yumu\u015famas\u0131, daha parlak g\u00f6r\u00fcn\u00fcm<br><strong>6\u201312+ hafta:<\/strong> elastikiyet ve \u00e7izgilerde hafif iyile\u015fme, yara izlerinin\/p\u00fcr\u00fczlerin yumu\u015famas\u0131 (bireysel)<br><\/p><\/div><\/div>\n\n\n\n<div class=\"wp-block-uagb-info-box uagb-block-c2d3ff70 uagb-infobox__content-wrap  uagb-infobox-icon-above-title uagb-infobox-image-valign-top\"><div class=\"uagb-ifb-content\"><div class=\"uagb-ifb-title-wrap\"><h2 class=\"uagb-ifb-title\"><strong><strong>Tedavi s\u00fcresi ve bak\u0131m\u0131<br><\/strong><\/strong><\/h2><\/div><p class=\"uagb-ifb-desc\">En iyi sonu\u00e7lar i\u00e7in, tavsiye edilir <strong>3\u20135 tedavi<\/strong> <strong>Her 2-4 haftada bir<\/strong>. Bak\u0131m <strong>y\u0131lda 2-3 kez<\/strong> veya cildin mevsimsel de\u011fi\u015fimlerine g\u00f6re. Do\u011fru zamanlamayla birle\u015ftirmek, tepkileri iyile\u015ftirir:<br><strong>Dermapen 4<\/strong>: mikrokanallar ekzosomal emilimi art\u0131r\u0131r<br><strong>Hidrafacial<\/strong>: inf\u00fczyondan \u00f6nce temiz, al\u0131c\u0131 cilt<br><strong>LED \u0131\u015f\u0131k<\/strong>: doku yenilenmesini yat\u0131\u015ft\u0131r\u0131r ve destekler<br><strong>BBL lazer\/so\u011fuk plazma<\/strong>: se\u00e7ici olarak, her zaman bireysel bir plana g\u00f6re<br><br><\/p><\/div><\/div>\n\n\n\n<div class=\"wp-block-uagb-info-box uagb-block-4f59d7fa uagb-infobox__content-wrap  uagb-infobox-icon-above-title uagb-infobox-image-valign-top\"><div class=\"uagb-ifb-content\"><div class=\"uagb-ifb-title-wrap\"><h2 class=\"uagb-ifb-title\"><strong><strong>Tedavi \u00f6ncesi \u2013 haz\u0131rl\u0131k<br><\/strong><\/strong><\/h2><\/div><p class=\"uagb-ifb-desc\">Duraklat <strong>retinoidler, AHA\/BHA soyma i\u015flemleri<\/strong> <strong>3\u20135 g\u00fcn<\/strong> \u00f6nce<br>HAYIR <strong>kendi kendine bronzla\u015fma\/solaryum<\/strong> 1\u20132 hafta<br>Varmak <strong>temiz cilt<\/strong> kay\u0131rma; bir gece \u00f6nce t\u0131ra\u015f olma<br>Rapor <strong>ila\u00e7lar, alerjiler ve \u00f6nceki reaksiyonlar<\/strong><br><\/p><\/div><\/div>\n\n\n\n<div class=\"wp-block-uagb-image uagb-block-da7092ce wp-block-uagb-image--layout-default wp-block-uagb-image--effect-static wp-block-uagb-image--align-none\"><figure class=\"wp-block-uagb-image__figure\"><img decoding=\"async\" srcset=\"https:\/\/vitaroma.fi\/wp-content\/uploads\/2025\/08\/670e592d244fae7c3bdeb15c_Kep34-1024x773.jpg ,https:\/\/vitaroma.fi\/wp-content\/uploads\/2025\/08\/670e592d244fae7c3bdeb15c_Kep34.jpg 780w, https:\/\/vitaroma.fi\/wp-content\/uploads\/2025\/08\/670e592d244fae7c3bdeb15c_Kep34.jpg 360w\" sizes=\"auto, (max-width: 480px) 150px\" src=\"https:\/\/vitaroma.fi\/wp-content\/uploads\/2025\/08\/670e592d244fae7c3bdeb15c_Kep34-1024x773.jpg\" alt=\"\" class=\"uag-image-2693\" width=\"1920\" height=\"1450\" title=\"670e592d244fae7c3bdeb15c_K\u00e9p34\" loading=\"lazy\" role=\"img\"\/><\/figure><\/div>\n\n\n\n<div class=\"wp-block-uagb-info-box uagb-block-fcde575d uagb-infobox__content-wrap  uagb-infobox-icon-above-title uagb-infobox-image-valign-top\"><div class=\"uagb-ifb-content\"><div class=\"uagb-ifb-title-wrap\"><h2 class=\"uagb-ifb-title\"><strong><strong>Tedavi sonras\u0131 \u2013 sonraki bak\u0131m<br><\/strong><\/strong><\/h2><\/div><p class=\"uagb-ifb-desc\"><strong>SPF 30\u201350<\/strong> g\u00fcnl\u00fck; do\u011frudan g\u00fcne\u015f \u0131\u015f\u0131\u011f\u0131ndan ka\u00e7\u0131n\u0131n <strong>1\u20132 hafta<\/strong><br><strong>G\u00fc\u00e7l\u00fc soyma\/retinoid yok<\/strong> 3\u20135 g\u00fcn<br>Nazik temizlik + <strong>nemlendirici, bariyer destekleyici<\/strong> evde bak\u0131m (hyaluronik asit, pantenol, seramidler)<br>0-24 saat boyunca hafif k\u0131zar\u0131kl\u0131k olabilir; cildiniz rahat hissetti\u011finde makyaj yap\u0131n<\/p><\/div><\/div>\n\n\n\n<div class=\"wp-block-uagb-info-box uagb-block-dd49f3e7 uagb-infobox__content-wrap  uagb-infobox-icon-above-title uagb-infobox-image-valign-top\"><div class=\"uagb-ifb-content\"><div class=\"uagb-ifb-title-wrap\"><h2 class=\"uagb-ifb-title\"><strong><strong>S\u0131k\u00e7a Sorulan Sorular (SSS)<br><\/strong><\/strong><\/h2><\/div><p class=\"uagb-ifb-desc\"><strong>Ekzosom tedavisi g\u00fcvenli midir?<\/strong><br>Kozmetik ama\u00e7l\u0131 kullan\u0131m i\u00e7in tasarlanm\u0131\u015ft\u0131r, <strong>h\u00fccresiz EV\/ekzosom form\u00fclasyonlar\u0131<\/strong> steril ve kalite kontroll\u00fcd\u00fcr. Her zaman de\u011ferlendiririz <strong>bireysel kontrendikasyonlar<\/strong>.<br><strong>Tedavi i\u011fnesiz mi?<\/strong><br>Evet \u2013 ekzosomlar olabilir <strong>i\u011fnesiz demlemek<\/strong>. \u0130stenirse <strong>mikroi\u011fneleme<\/strong> Emilimi art\u0131rmak i\u00e7in s\u0131\u011f derinliklerde birle\u015ftirilebilir.<br><strong>Sonu\u00e7lar\u0131 ne zaman g\u00f6rece\u011fim?<\/strong><br>S\u0131kl\u0131kla <strong>ilk tedaviden sonra<\/strong> Par\u0131lt\u0131 ve p\u00fcr\u00fczs\u00fczle\u015fme g\u00f6r\u00fcl\u00fcr; daha fazla yap\u0131sal de\u011fi\u015fiklik geli\u015fir <strong>haftalar i\u00e7inde<\/strong> seri tedavide.<br><strong>Tedavi di\u011fer hizmetlerle birle\u015ftirilebilir mi?<\/strong><br>Evet; planl\u0131yoruz <strong>g\u00fcvenli bir program<\/strong> (\u00d6rne\u011fin Dermapen 4, Hydrafacial, LED, BBL, so\u011fuk plazma).<br><strong>Hassas ciltler i\u00e7in uygun mudur?<\/strong><br>\u00c7o\u011fu zaman evet, \u00e7\u00fcnk\u00fc planl\u0131yoruz <strong>bariyer destekleyici protokol<\/strong>. Aktif d\u00f6k\u00fcnt\u00fcler\/cihaz tedavileri sonras\u0131nda zamanlama konusunda anla\u015fmaya var\u0131l\u0131r.<\/p><\/div><\/div>\n\n\n\n<div class=\"wp-block-uagb-info-box uagb-block-98135f7a uagb-infobox__content-wrap  uagb-infobox-icon-above-title uagb-infobox-image-valign-top\"><div class=\"uagb-ifb-content\"><div class=\"uagb-ifb-title-wrap\"><h2 class=\"uagb-ifb-title\"><strong><strong>Neden Vitaroma&#039;y\u0131 se\u00e7melisiniz?<br><\/strong><\/strong><\/h2><\/div><p class=\"uagb-ifb-desc\"><strong>\u00d6zelle\u015ftirilmi\u015f protokoller<\/strong>: cilt analizi, do\u011fru kombinasyonlar ve ger\u00e7ek\u00e7i hedefler<br><strong>\u0130nvaziv olmayan yol<\/strong> kar\u015f\u0131 <strong>daha dengeli, daha parlak ve daha dayan\u0131kl\u0131<\/strong> deri<br><strong>Net evde bak\u0131m talimatlar\u0131<\/strong> ve izleme \u2013 sonu\u00e7lar\u0131 korumak i\u00e7in<br><strong>Ekzosom tedavisi i\u00e7in randevu al\u0131n \u2192<\/strong><br><br><\/p><\/div><\/div>\n<\/div><\/div>\n\n\n\n<div class=\"wp-block-uagb-container uagb-block-9caa1a47 alignfull uagb-is-root-container\"><div class=\"uagb-container-inner-blocks-wrap\">\n<div class=\"wp-block-uagb-advanced-heading uagb-block-1ed0e64e\"><div class=\"uagb-heading-text\">Yard\u0131m edelim.<\/div><\/div>\n\n\n\n<div class=\"wp-block-uagb-advanced-heading uagb-block-3a57683f\"><h2 class=\"uagb-heading-text\">Bize Ula\u015f\u0131n<\/h2><\/div>\n\n\n\n<div class=\"wp-block-uagb-buttons uagb-buttons__outer-wrap uagb-btn__default-btn uagb-btn-tablet__default-btn uagb-btn-mobile__default-btn uagb-block-9979be0d\"><div class=\"uagb-buttons__wrap uagb-buttons-layout-wrap\">\n<div class=\"wp-block-uagb-buttons-child uagb-buttons__outer-wrap uagb-block-84fd34e5 wp-block-button\"><div class=\"uagb-button__wrapper\"><a class=\"uagb-buttons-repeater wp-block-button__link\" aria-label=\"\" href=\"https:\/\/timma.fi\/yritys\/kauneuskeskus-vitaroma\" rel=\"follow noopener\" target=\"_self\" role=\"button\"><div class=\"uagb-button__link\">Randevu Al\u0131n<\/div><\/a><\/div><\/div>\n<\/div><\/div>\n\n\n\n<div class=\"wp-block-uagb-buttons uagb-buttons__outer-wrap uagb-btn__default-btn uagb-btn-tablet__default-btn uagb-btn-mobile__default-btn uagb-block-f7add131\"><div class=\"uagb-buttons__wrap uagb-buttons-layout-wrap\">\n<div class=\"wp-block-uagb-buttons-child uagb-buttons__outer-wrap uagb-block-0c11dd62 wp-block-button\"><div class=\"uagb-button__wrapper\"><a class=\"uagb-buttons-repeater wp-block-button__link\" aria-label=\"\" href=\"https:\/\/vitaroma.fi\/tr\/iletisime-gecin\/\" rel=\"follow noopener\" target=\"_self\" role=\"button\"><div class=\"uagb-button__link\">Bize Ula\u015f\u0131n<\/div><\/a><\/div><\/div>\n<\/div><\/div>\n\n\n\n<div class=\"wp-block-uagb-buttons uagb-buttons__outer-wrap uagb-btn__default-btn uagb-btn-tablet__default-btn uagb-btn-mobile__default-btn uagb-block-69da2b3b\"><div class=\"uagb-buttons__wrap uagb-buttons-layout-wrap\">\n<div class=\"wp-block-uagb-buttons-child uagb-buttons__outer-wrap uagb-block-1018754e wp-block-button\"><div class=\"uagb-button__wrapper\"><a class=\"uagb-buttons-repeater wp-block-button__link\" aria-label=\"\" href=\"https:\/\/vitaroma.fi\/tr\/hakkimizda-bilgi\/\" rel=\"follow noopener\" target=\"_self\" role=\"button\"><div class=\"uagb-button__link\">Hakk\u0131m\u0131zda<\/div><\/a><\/div><\/div>\n<\/div><\/div>\n\n\n\n<div class=\"wp-block-uagb-advanced-heading uagb-block-838a0a13\"><div class=\"uagb-separator\"><\/div><h3 class=\"uagb-heading-text\">\u00dccretsiz tavsiye? 050 365 2103<\/h3><\/div>\n\n\n\n<!-- Font Awesome CDN -->\n<link rel=\"stylesheet\" href=\"https:\/\/cdnjs.cloudflare.com\/ajax\/libs\/font-awesome\/6.4.0\/css\/all.min.css\">\n\n<div class=\"social-links\">\n  <a href=\"https:\/\/www.instagram.com\/kauneuskeskusvitaroma_clinic\/\" target=\"_blank\" rel=\"noopener\" class=\"instagram\">\n    <i class=\"fab fa-instagram\"><\/i> G\u00fczellik merkezi Vitaroma\n  <\/a>\n  <a href=\"https:\/\/www.facebook.com\/61567042467466\/about\/\" target=\"_blank\" rel=\"noopener\" class=\"facebook\">\n    <i class=\"fab fa-facebook\"><\/i> G\u00fczellik merkezi Vitaroma\n  <\/a>\n<\/div>\n\n<style>\n  .social-links {\n    display: flex;\n    justify-content: center;\n    gap: 20px;\n    margin-top: 10px;\n  }\n\n  .social-links a {\n    display: flex;\n    align-items: center;\n    gap: 10px;\n    padding: 12px 20px;\n    font-size: 18px;\n    font-weight: 600;\n    text-decoration: none;\n    color: #fff;\n    background: rgba(0, 0, 0, 0.35);\n    border: 2px solid rgba(255, 255, 255, 0.5);\n    border-radius: 8px;\n    transition: all 0.3s ease;\n    box-shadow: 0 3px 8px rgba(0, 0, 0, 0.2);\n    backdrop-filter: blur(5px);\n  }\n\n  .social-links a i {\n    font-size: 22px;\n  }\n\n  \/* Hover efektleri *\/\n  .social-links a.instagram:hover {\n    background: #E1306C;\n    color: #fff;\n    border-color: #E1306C;\n  }\n\n  .social-links a.facebook:hover {\n    background: #1877F2;\n    color: #fff;\n    border-color: #1877F2;\n  }\n<\/style>\n\n<\/div><\/div>","protected":false},"excerpt":{"rendered":"<p>Ekzosom terapileri<\/p>","protected":false},"author":2,"featured_media":0,"parent":0,"menu_order":0,"comment_status":"closed","ping_status":"closed","template":"","meta":{"_surecart_dashboard_logo_width":"180px","_surecart_dashboard_show_logo":true,"_surecart_dashboard_navigation_orders":true,"_surecart_dashboard_navigation_invoices":true,"_surecart_dashboard_navigation_subscriptions":true,"_surecart_dashboard_navigation_downloads":true,"_surecart_dashboard_navigation_billing":true,"_surecart_dashboard_navigation_account":true,"_uag_custom_page_level_css":"","site-sidebar-layout":"default","site-content-layout":"","ast-site-content-layout":"default","site-content-style":"default","site-sidebar-style":"default","ast-global-header-display":"","ast-banner-title-visibility":"","ast-main-header-display":"","ast-hfb-above-header-display":"","ast-hfb-below-header-display":"","ast-hfb-mobile-header-display":"","site-post-title":"disabled","ast-breadcrumbs-content":"","ast-featured-img":"","footer-sml-layout":"","theme-transparent-header-meta":"","adv-header-id-meta":"","stick-header-meta":"","header-above-stick-meta":"","header-main-stick-meta":"","header-below-stick-meta":"","astra-migrate-meta-layouts":"set","ast-page-background-enabled":"default","ast-page-background-meta":{"desktop":{"background-color":"var(--ast-global-color-4)","background-image":"","background-repeat":"repeat","background-position":"center center","background-size":"auto","background-attachment":"scroll","background-type":"","background-media":"","overlay-type":"","overlay-color":"","overlay-opacity":"","overlay-gradient":""},"tablet":{"background-color":"","background-image":"","background-repeat":"repeat","background-position":"center center","background-size":"auto","background-attachment":"scroll","background-type":"","background-media":"","overlay-type":"","overlay-color":"","overlay-opacity":"","overlay-gradient":""},"mobile":{"background-color":"","background-image":"","background-repeat":"repeat","background-position":"center center","background-size":"auto","background-attachment":"scroll","background-type":"","background-media":"","overlay-type":"","overlay-color":"","overlay-opacity":"","overlay-gradient":""}},"ast-content-background-meta":{"desktop":{"background-color":"var(--ast-global-color-5)","background-image":"","background-repeat":"repeat","background-position":"center center","background-size":"auto","background-attachment":"scroll","background-type":"","background-media":"","overlay-type":"","overlay-color":"","overlay-opacity":"","overlay-gradient":""},"tablet":{"background-color":"var(--ast-global-color-5)","background-image":"","background-repeat":"repeat","background-position":"center center","background-size":"auto","background-attachment":"scroll","background-type":"","background-media":"","overlay-type":"","overlay-color":"","overlay-opacity":"","overlay-gradient":""},"mobile":{"background-color":"var(--ast-global-color-5)","background-image":"","background-repeat":"repeat","background-position":"center center","background-size":"auto","background-attachment":"scroll","background-type":"","background-media":"","overlay-type":"","overlay-color":"","overlay-opacity":"","overlay-gradient":""}},"footnotes":""},"class_list":["post-2577","page","type-page","status-publish","hentry"],"uagb_featured_image_src":{"full":false,"thumbnail":false,"medium":false,"medium_large":false,"large":false,"1536x1536":false,"2048x2048":false,"trp-custom-language-flag":false,"woocommerce_thumbnail":false,"woocommerce_single":false,"woocommerce_gallery_thumbnail":false},"uagb_author_info":{"display_name":"vitaroma.fi","author_link":"https:\/\/vitaroma.fi\/tr\/author\/vitaroma-fi\/"},"uagb_comment_info":0,"uagb_excerpt":"Eksosomihoidot","_links":{"self":[{"href":"https:\/\/vitaroma.fi\/tr\/wp-json\/wp\/v2\/pages\/2577","targetHints":{"allow":["GET"]}}],"collection":[{"href":"https:\/\/vitaroma.fi\/tr\/wp-json\/wp\/v2\/pages"}],"about":[{"href":"https:\/\/vitaroma.fi\/tr\/wp-json\/wp\/v2\/types\/page"}],"author":[{"embeddable":true,"href":"https:\/\/vitaroma.fi\/tr\/wp-json\/wp\/v2\/users\/2"}],"replies":[{"embeddable":true,"href":"https:\/\/vitaroma.fi\/tr\/wp-json\/wp\/v2\/comments?post=2577"}],"version-history":[{"count":6,"href":"https:\/\/vitaroma.fi\/tr\/wp-json\/wp\/v2\/pages\/2577\/revisions"}],"predecessor-version":[{"id":2695,"href":"https:\/\/vitaroma.fi\/tr\/wp-json\/wp\/v2\/pages\/2577\/revisions\/2695"}],"wp:attachment":[{"href":"https:\/\/vitaroma.fi\/tr\/wp-json\/wp\/v2\/media?parent=2577"}],"curies":[{"name":"wp","href":"https:\/\/api.w.org\/{rel}","templated":true}]}}