{"id":2496,"date":"2025-05-04T23:21:10","date_gmt":"2025-05-04T21:21:10","guid":{"rendered":"https:\/\/vitaroma.fi\/?page_id=2496"},"modified":"2025-08-28T17:54:04","modified_gmt":"2025-08-28T15:54:04","slug":"hapotushoidot","status":"publish","type":"page","link":"https:\/\/vitaroma.fi\/tr\/hapotushoidot\/","title":{"rendered":"Asitle\u015ftirme i\u015flemleri"},"content":{"rendered":"<div class=\"wp-block-uagb-container uagb-block-5451af51 alignfull uagb-is-root-container\"><div class=\"uagb-container-inner-blocks-wrap\">\n<div class=\"wp-block-uagb-advanced-heading uagb-block-f45ed1f8\"><h1 class=\"uagb-heading-text\">Asitle\u015ftirme i\u015flemleri<\/h1><\/div>\n<\/div><\/div>\n\n\n\n<div class=\"wp-block-uagb-container uagb-block-wlmazrwo alignfull uagb-is-root-container\"><div class=\"uagb-container-inner-blocks-wrap\">\n<div class=\"wp-block-uagb-container uagb-block-0btjzulc alignfull uagb-is-root-container\"><div class=\"uagb-container-inner-blocks-wrap\">\n<div class=\"wp-block-uagb-image alignleft uagb-block-6xnwaqpe wp-block-uagb-image--layout-default wp-block-uagb-image--effect-static wp-block-uagb-image--align-left\"><figure class=\"wp-block-uagb-image__figure\"><img decoding=\"async\" srcset=\"https:\/\/vitaroma.fi\/wp-content\/uploads\/2025\/05\/Adsiz-tasarim-19-1024x576.png ,https:\/\/vitaroma.fi\/wp-content\/uploads\/2025\/05\/Adsiz-tasarim-19.png 780w, https:\/\/vitaroma.fi\/wp-content\/uploads\/2025\/05\/Adsiz-tasarim-19.png 360w\" sizes=\"auto, (max-width: 480px) 150px\" src=\"https:\/\/vitaroma.fi\/wp-content\/uploads\/2025\/05\/Adsiz-tasarim-19-1024x576.png\" alt=\"\" class=\"uag-image-2503\" width=\"564\" height=\"400\" title=\"Anonim tasar\u0131m (19)\" loading=\"lazy\" role=\"img\"\/><\/figure><\/div>\n\n\n\n<div class=\"wp-block-uagb-container uagb-block-xrkfcv1q\">\n<div class=\"wp-block-uagb-info-box uagb-block-amettuy1 uagb-infobox__content-wrap  uagb-infobox-icon-above-title uagb-infobox-image-valign-top\"><div class=\"uagb-ifb-content\"><div class=\"uagb-ifb-title-wrap\"><h3 class=\"uagb-ifb-title\">Kimyasal peeling \u2013 Cilt gen\u00e7le\u015ftirme ve ayd\u0131nlatma tedavisi<\/h3><\/div><p class=\"uagb-ifb-desc\">Kimyasal peeling, cildin y\u00fczey tabakas\u0131n\u0131 yenileyen ve p\u00fcr\u00fczs\u00fczle\u015ftiren etkili ve g\u00fcvenli bir cilt bak\u0131m y\u00f6ntemidir. Bu tedavi, cildin yap\u0131s\u0131n\u0131 ve g\u00f6r\u00fcn\u00fcm\u00fcn\u00fc iyile\u015ftirebilir, y\u00fczeysel \u00e7izgileri, ya\u011fl\u0131 cildi, lekeleri, akne izlerini, pigmentasyon de\u011fi\u015fikliklerini ve fotohasarlar\u0131 tedavi edebilir.<\/p><\/div><\/div>\n<\/div>\n<\/div><\/div>\n<\/div><\/div>\n\n\n\n<div class=\"wp-block-uagb-container uagb-block-onenjlwh alignfull uagb-is-root-container\"><div class=\"uagb-container-inner-blocks-wrap\">\n<div class=\"wp-block-uagb-info-box uagb-block-kdw4sbfe uagb-infobox__content-wrap  uagb-infobox-icon-above-title uagb-infobox-image-valign-top\"><div class=\"uagb-ifb-content\"><div class=\"uagb-ifb-title-wrap\"><h2 class=\"uagb-ifb-title\">Kimyasal peeling kimler i\u00e7in uygundur ve neye yard\u0131mc\u0131 olur?<br><\/h2><\/div><p class=\"uagb-ifb-desc\"><strong>D\u00fczensiz y\u00fczey dokusu, donukluk, &quot;gri&quot; cilt<\/strong><br><strong>Y\u00fczeysel \u00e7izgiler<\/strong> ve ince k\u0131r\u0131\u015f\u0131kl\u0131klar<br><strong>Ya\u011fl\u0131\/karma cilt, lekeler, siyah noktalar<\/strong><br><strong>Sivilce izleri ve yara izleri<\/strong> (y\u00fczey yumu\u015fatma)<br><strong>Pigment de\u011fi\u015fiklikleri<\/strong> ve \u0131\u015f\u0131k hasar\u0131 (g\u00fcne\u015f lekeleri)<br><strong>Geni\u015flemi\u015f cilt g\u00f6zenekleri<\/strong> ve parla<br>Tedavi derinli\u011fi ve asit kombinasyonlar\u0131 kons\u00fcltasyon s\u0131ras\u0131nda belirlenir. Hassas ciltler i\u00e7in \u015funlar\u0131 se\u00e7ebilirsiniz: <strong>en hafif<\/strong> protokoller (\u00f6rne\u011fin PHA\/enzimler, Environ Cool Peel yakla\u015f\u0131m\u0131).<\/p><\/div><\/div>\n\n\n\n<div class=\"wp-block-uagb-image uagb-block-84f447db wp-block-uagb-image--layout-default wp-block-uagb-image--effect-static wp-block-uagb-image--align-none\"><figure class=\"wp-block-uagb-image__figure\"><img decoding=\"async\" srcset=\"https:\/\/vitaroma.fi\/wp-content\/uploads\/2025\/08\/athena-chemical-peel-1024x410.webp ,https:\/\/vitaroma.fi\/wp-content\/uploads\/2025\/08\/athena-chemical-peel.webp 780w, https:\/\/vitaroma.fi\/wp-content\/uploads\/2025\/08\/athena-chemical-peel.webp 360w\" sizes=\"auto, (max-width: 480px) 150px\" src=\"https:\/\/vitaroma.fi\/wp-content\/uploads\/2025\/08\/athena-chemical-peel-1024x410.webp\" alt=\"\" class=\"uag-image-2713\" width=\"1500\" height=\"600\" title=\"athena-kimyasal-soyma\" loading=\"lazy\" role=\"img\"\/><\/figure><\/div>\n\n\n\n<div class=\"wp-block-uagb-info-box uagb-block-6f18b7a4 uagb-infobox__content-wrap  uagb-infobox-icon-above-title uagb-infobox-image-valign-top\"><div class=\"uagb-ifb-content\"><div class=\"uagb-ifb-title-wrap\"><h2 class=\"uagb-ifb-title\">Hangi asitleri kullan\u0131yoruz - k\u0131sa bir &quot;harita&quot;\u201c<br><\/h2><\/div><p class=\"uagb-ifb-desc\"><strong>AHA<\/strong> (laktik, mandelik, glikolik asit): ayd\u0131nlat\u0131c\u0131, nem ba\u011flay\u0131c\u0131, ince \u00e7izgiler<br><strong>BHA<\/strong> (salisilik asit): sebum\/g\u00f6zenekler, kirler<br><strong>PHA<\/strong> (glukonolakton vb.): <strong>hassas\/tepkisel<\/strong> cilt, bariyer deste\u011fi<br><strong>TCA<\/strong> (s\u0131\u011f-orta derinlik, \u00f6rne\u011fin BioRePeelCl3 protokol\u00fc): dokuyu yumu\u015fatan ve ayd\u0131nlatan bir kombinasyon yakla\u015f\u0131m\u0131<br><strong>Enzimler<\/strong>: \u00e7ok nazik, &quot;parlatma&quot; tipi bir son i\u015flem<br><strong>Markaya g\u00f6re \u00f6rnekler<\/strong><br><strong>BioRePeelCl3<\/strong>: iki fazl\u0131, TCA bazl\u0131 <strong>biyostim\u00fclan<\/strong> peeling ve cildi aktive eden bile\u015fenleri birle\u015ftiren bir protokol \u2013 genellikle <strong>\u00e7ok az iyile\u015fme ile<\/strong>.<br><strong>iS Clinical (Ate\u015f ve Buz)<\/strong>: \u201chafif y\u00fczey yenileme\u201d + sedasyon \u2013 <strong>uzun s\u00fcreli kesinti olmadan parlama<\/strong>.<br><strong>Environ Cool Peel<\/strong>: tekrarlayan <strong>hafif<\/strong> sayg\u0131l\u0131 scrubs <strong>cilt bariyeri<\/strong>.<br><strong>\u0130stisna<\/strong>: Farkl\u0131 endikasyonlara g\u00f6re \u00f6zel olarak tasarlanm\u0131\u015f geni\u015f yelpazede AHA\/BHA\/PHA kombinasyonlar\u0131.<a href=\"https:\/\/nordicmedspa.fi\/ajankohtaista\/kemiallinen-kuorinta-ennen-jalkeen\/?utm_source=chatgpt.com\" target=\"_blank\" rel=\"noreferrer noopener\"><\/a><\/p><\/div><\/div>\n\n\n\n<div class=\"wp-block-uagb-info-box uagb-block-ffaf723f uagb-infobox__content-wrap  uagb-infobox-icon-above-title uagb-infobox-image-valign-top\"><div class=\"uagb-ifb-content\"><div class=\"uagb-ifb-title-wrap\"><h2 class=\"uagb-ifb-title\">Tedavi \u00f6ncesi \u2013 haz\u0131rl\u0131k<br><\/h2><\/div><p class=\"uagb-ifb-desc\"><strong>Duraklat<\/strong> retinoidler ve g\u00fc\u00e7l\u00fc AHA\/BHA \u00fcr\u00fcnleri <strong>3\u20135 g\u00fcn<\/strong> \u00f6ncesi (hassas ciltler i\u00e7in 7 g\u00fcn).<br>HAYIR <strong>yo\u011fun g\u00fcne\u015flenme\/solaryum\/kendi kendine bronzla\u015fma<\/strong> 1\u20132 hafta.<br>\u0130la\u00e7lar\u0131n\u0131z hakk\u0131nda bana bilgi verin (\u00f6rn. <strong>fotosensitize edici<\/strong> (veya akne ilac\u0131), so\u011fuk hassasiyeti\/u\u00e7uk duyarl\u0131l\u0131\u011f\u0131.<br>Varmak <strong>temiz cilt<\/strong> tercihen; bir gece \u00f6nceden t\u0131ra\u015f olmak.<br>Gerekirse, biz <strong>yama testi<\/strong> ve talimatlar\u0131m\u0131z <strong>ileri evde bak\u0131m<\/strong> (ayn\u0131 setler evde = daha iyi tepki).<a href=\"https:\/\/nordicmedspa.fi\/ajankohtaista\/kemiallinen-kuorinta-ennen-jalkeen\/?utm_source=chatgpt.com\" target=\"_blank\" rel=\"noreferrer noopener\"><\/a><\/p><\/div><\/div>\n\n\n\n<div class=\"wp-block-uagb-info-box uagb-block-e4414226 uagb-infobox__content-wrap  uagb-infobox-icon-above-title uagb-infobox-image-valign-top\"><div class=\"uagb-ifb-content\"><div class=\"uagb-ifb-title-wrap\"><h2 class=\"uagb-ifb-title\">Tedavi s\u00fcreci \u2013 resepsiyonda neler oluyor?<br><\/h2><\/div><p class=\"uagb-ifb-desc\"><strong>Cilt analizi ve plan\u0131<\/strong> \u2013 Asit t\u00fcr\u00fc, konsantrasyonu ve katman say\u0131s\u0131 tan\u0131mlan\u0131r.<br><strong>Temizlik ve \u00f6n i\u015flem<\/strong> \u2013 makyaj\/kirlerden ar\u0131nd\u0131r\u0131l\u0131r, cilt dengelenir.<br><strong>Asit s\u0131v\u0131s\u0131<\/strong> \u2013 kontroll\u00fc da\u011f\u0131t\u0131m; bilgi <strong>s\u0131cakl\u0131k\/kar\u0131ncalanma<\/strong>.<br><strong>N\u00f6tralizasyon\/kald\u0131rma<\/strong> (protokole ba\u011fl\u0131 olarak) + <strong>koruma<\/strong> (serum\/maske).<br><strong>Koruma<\/strong> \u2013 <strong>SPF<\/strong> g\u00fcnd\u00fcz ve evde bak\u0131m talimatlar\u0131.<br><strong>S\u00fcre:<\/strong> ile ilgili. <strong>30\u201360 dakika<\/strong> Tedaviye ve alan se\u00e7imine ba\u011fl\u0131 olarak.<a href=\"https:\/\/nordicmedspa.fi\/ajankohtaista\/kemiallinen-kuorinta-ennen-jalkeen\/?utm_source=chatgpt.com\" target=\"_blank\" rel=\"noreferrer noopener\"><\/a><\/p><\/div><\/div>\n\n\n\n<div class=\"wp-block-uagb-image uagb-block-f872a047 wp-block-uagb-image--layout-default wp-block-uagb-image--effect-static wp-block-uagb-image--align-none\"><figure class=\"wp-block-uagb-image__figure\"><img decoding=\"async\" srcset=\"https:\/\/vitaroma.fi\/wp-content\/uploads\/2025\/08\/glow-peels-banner-1024x875.jpg ,https:\/\/vitaroma.fi\/wp-content\/uploads\/2025\/08\/glow-peels-banner.jpg 780w, https:\/\/vitaroma.fi\/wp-content\/uploads\/2025\/08\/glow-peels-banner.jpg 360w\" sizes=\"auto, (max-width: 480px) 150px\" src=\"https:\/\/vitaroma.fi\/wp-content\/uploads\/2025\/08\/glow-peels-banner-1024x875.jpg\" alt=\"\" class=\"uag-image-2714\" width=\"1135\" height=\"970\" title=\"par\u0131lt\u0131l\u0131 soyulma afi\u015fi\" loading=\"lazy\" role=\"img\"\/><\/figure><\/div>\n\n\n\n<div class=\"wp-block-uagb-info-box uagb-block-62687f9b uagb-infobox__content-wrap  uagb-infobox-icon-above-title uagb-infobox-image-valign-top\"><div class=\"uagb-ifb-content\"><div class=\"uagb-ifb-title-wrap\"><h2 class=\"uagb-ifb-title\">Tedavi s\u00fcreci \u2013 resepsiyonda neler oluyor?<br><\/h2><\/div><p class=\"uagb-ifb-desc\"><strong>Cilt analizi ve plan\u0131<\/strong> \u2013 Asit t\u00fcr\u00fc, konsantrasyonu ve katman say\u0131s\u0131 tan\u0131mlan\u0131r.<br><strong>Temizlik ve \u00f6n i\u015flem<\/strong> \u2013 makyaj\/kirlerden ar\u0131nd\u0131r\u0131l\u0131r, cilt dengelenir.<br><strong>Asit s\u0131v\u0131s\u0131<\/strong> \u2013 kontroll\u00fc da\u011f\u0131t\u0131m; bilgi <strong>s\u0131cakl\u0131k\/kar\u0131ncalanma<\/strong>.<br><strong>N\u00f6tralizasyon\/kald\u0131rma<\/strong> (protokole ba\u011fl\u0131 olarak) + <strong>koruma<\/strong> (serum\/maske).<br><strong>Koruma<\/strong> \u2013 <strong>SPF<\/strong> g\u00fcnd\u00fcz ve evde bak\u0131m talimatlar\u0131.<br><strong>S\u00fcre:<\/strong> ile ilgili. <strong>30\u201360 dakika<\/strong> Tedaviye ve alan se\u00e7imine ba\u011fl\u0131 olarak.<a href=\"https:\/\/nordicmedspa.fi\/ajankohtaista\/kemiallinen-kuorinta-ennen-jalkeen\/?utm_source=chatgpt.com\" target=\"_blank\" rel=\"noreferrer noopener\"><\/a><\/p><\/div><\/div>\n\n\n\n<div class=\"wp-block-uagb-info-box uagb-block-05d8f807 uagb-infobox__content-wrap  uagb-infobox-icon-above-title uagb-infobox-image-valign-top\"><div class=\"uagb-ifb-content\"><div class=\"uagb-ifb-title-wrap\"><h2 class=\"uagb-ifb-title\">Tedaviden sonra neler beklenir?<br><\/h2><\/div><p class=\"uagb-ifb-desc\"><strong>0\u201324 saat:<\/strong> Hafif k\u0131zar\u0131kl\u0131k\/s\u0131cakl\u0131k olabilir.<br><strong>1\u20133 g\u00fcn:<\/strong> ciltte hissedilebilir <strong>gergin bir \u015fekilde<\/strong>; hafif soyulmalar ba\u015flayabilir.<br><strong>3\u20137 g\u00fcn:<\/strong> <strong>mikrodermabrazyon<\/strong>\/T\u00fcy d\u00f6k\u00fclmesi normaldir (yolmay\u0131n).<br><strong>7+ g\u00fcn:<\/strong> y\u00fczey genellikle a\u00e7\u0131k\u00e7a g\u00f6sterir <strong>daha p\u00fcr\u00fczs\u00fcz ve parlak<\/strong>.<br><strong>Sonraki Bak\u0131m:<\/strong><br><strong>SPF 30\u201350<\/strong> g\u00fcnl\u00fck; do\u011frudan UV \u0131\u015f\u0131nlar\u0131na maruz kalmaktan ka\u00e7\u0131n\u0131n <strong>1\u20132 hafta<\/strong>.<br><strong>HAYIR<\/strong> sauna, s\u0131cak du\u015flar veya yo\u011fun antrenman <strong>24\u201348 saat<\/strong>.<br><strong>HAYIR<\/strong> retinoidler, AHA\/BHA soyma i\u015flemleri veya gran\u00fcl soyma i\u015flemleri <strong>5\u20137 g\u00fcn<\/strong>.<br><strong>Nemlendirir ve yat\u0131\u015ft\u0131r\u0131r<\/strong> (Hyaluronik asit, pantenol, seramidler).<br>Cildiniz rahat hissetti\u011finde (genellikle ertesi g\u00fcn) makyaj\u0131n\u0131z\u0131 yap\u0131n.<a href=\"https:\/\/nordicmedspa.fi\/ajankohtaista\/kemiallinen-kuorinta-ennen-jalkeen\/?utm_source=chatgpt.com\" target=\"_blank\" rel=\"noreferrer noopener\"><\/a><\/p><\/div><\/div>\n\n\n\n<div class=\"wp-block-uagb-info-box uagb-block-3551b82c uagb-infobox__content-wrap  uagb-infobox-icon-above-title uagb-infobox-image-valign-top\"><div class=\"uagb-ifb-content\"><div class=\"uagb-ifb-title-wrap\"><h2 class=\"uagb-ifb-title\">Kontrendikasyonlar (kons\u00fcltasyon s\u0131ras\u0131nda de\u011ferlendirilecektir)<br><\/h2><\/div><p class=\"uagb-ifb-desc\">Aktif <strong>dermatit\/enfeksiyon<\/strong>, a\u00e7\u0131k yara, <strong>taze bronzluk<\/strong>, <strong>hamilelik\/emzirme<\/strong> (Baz\u0131 protokoller transfer edilebilir), <strong>izotretinoin<\/strong> son aylarda, <strong>keloid e\u011filimi<\/strong>, alevlenme evresinde \u015fiddetli rosacea, <strong>u\u00e7uk<\/strong> aktif fazda (gerekirse \u00f6nlem al\u0131n\u0131r).<br><br><a href=\"https:\/\/nordicmedspa.fi\/ajankohtaista\/kemiallinen-kuorinta-ennen-jalkeen\/?utm_source=chatgpt.com\" target=\"_blank\" rel=\"noreferrer noopener\"><\/a><\/p><\/div><\/div>\n\n\n\n<div class=\"wp-block-uagb-info-box uagb-block-792145f7 uagb-infobox__content-wrap  uagb-infobox-icon-above-title uagb-infobox-image-valign-top\"><div class=\"uagb-ifb-content\"><div class=\"uagb-ifb-title-wrap\"><h2 class=\"uagb-ifb-title\">Tedavi \u00f6nerisi \u2013 seri ve bak\u0131m<br><\/h2><\/div><p class=\"uagb-ifb-desc\"><strong>Seri:<\/strong> genellikle <strong>4\u20136 tedavi<\/strong>, <strong>2 hafta<\/strong> aral\u0131klar (belirtiye ba\u011fl\u0131 olarak).<br><strong>Bak\u0131m:<\/strong> <strong>8\u201312 hafta<\/strong> aral\u0131klarla veya mevsimsel olarak.<br><strong>Kombinasyonlar:<\/strong> LED (sedasyon), Hydrafacial (temiz baz), Dermapen 4 (\u00e7e\u015fitli s\u00fcreler), BBL\/so\u011fuk plazma (ki\u015fiye \u00f6zel program). Kombinasyonlar planlan\u0131r. <strong>g\u00fcvenli bir \u015fekilde<\/strong>.<br><a href=\"https:\/\/nordicmedspa.fi\/ajankohtaista\/kemiallinen-kuorinta-ennen-jalkeen\/?utm_source=chatgpt.com\" target=\"_blank\" rel=\"noreferrer noopener\"><\/a><\/p><\/div><\/div>\n\n\n\n<div class=\"wp-block-uagb-info-box uagb-block-afed5891 uagb-infobox__content-wrap  uagb-infobox-icon-above-title uagb-infobox-image-valign-top\"><div class=\"uagb-ifb-content\"><div class=\"uagb-ifb-title-wrap\"><h2 class=\"uagb-ifb-title\">S\u0131k\u00e7a Sorulan Sorular (SSS)<br><\/h2><\/div><p class=\"uagb-ifb-desc\"><strong>Soyulma i\u015flemi ac\u0131 verir mi?<\/strong><br>Asl\u0131nda de\u011fil - bilirsin <strong>s\u0131cakl\u0131k ve hafif kar\u0131ncalanma<\/strong>. Konsantrasyon ve maruz kalma s\u00fcresinde duyarl\u0131l\u0131k dikkate al\u0131n\u0131r.<br><strong>Cildiniz s\u00fcrekli soyuluyor mu?<\/strong><br>Her zaman de\u011fil. Baz\u0131 protokoller, <strong>asgari<\/strong> \u00f6l\u00e7ekleme, baz\u0131lar\u0131 soyulabilir <strong>daha belirgin bir \u015fekilde<\/strong>. Her ikisi de etkili olabilir.<br><strong>Yaz aylar\u0131nda tedavi olabilir miyim?<\/strong><br>Evet, ne zaman <strong>UV korumas\u0131<\/strong> D\u00fczenli olarak yap\u0131lmas\u0131 ve yeni bronzla\u015fman\u0131n \u00f6nlenmesi gerekmektedir. Detayl\u0131 talimatlar verece\u011fiz.<br><strong>Sonu\u00e7lar\u0131 ne zaman g\u00f6rece\u011fim?<\/strong><br>S\u0131kl\u0131kla <strong>ilk hafta<\/strong> Zamanla parlakl\u0131k ve p\u00fcr\u00fczs\u00fczl\u00fck artar; pigment\/doku de\u011fi\u015fiklikleri geli\u015fir <strong>haftalar-aylar<\/strong> dizi boyunca.<br><a href=\"https:\/\/nordicmedspa.fi\/ajankohtaista\/kemiallinen-kuorinta-ennen-jalkeen\/?utm_source=chatgpt.com\" target=\"_blank\" rel=\"noreferrer noopener\"><\/a><\/p><\/div><\/div>\n\n\n\n<div class=\"wp-block-uagb-info-box uagb-block-7fe08d44 uagb-infobox__content-wrap  uagb-infobox-icon-above-title uagb-infobox-image-valign-top\"><div class=\"uagb-ifb-content\"><div class=\"uagb-ifb-title-wrap\"><h2 class=\"uagb-ifb-title\">Asit tedavisi i\u00e7in neden Vitaroma&#039;y\u0131 se\u00e7melisiniz?<br><\/h2><\/div><p class=\"uagb-ifb-desc\"><strong>Profesyonel seri<\/strong>: BioRePeelCl3, iS Clinical, Environ, Ekseption<br><strong>\u00d6zelle\u015ftirilmi\u015f protokoller<\/strong> farkl\u0131 cilt tipleri i\u00e7in (hassas ciltler i\u00e7in de se\u00e7enekler)<br><strong>\u00d6nce g\u00fcvenlik<\/strong>: do\u011fru analiz, do\u011fru konsantrasyonlar\/s\u00fcreler, net son bak\u0131m<br><strong>Ger\u00e7ek\u00e7i beklentiler<\/strong> ve gerekirse \u00f6ncesi-sonras\u0131 izleme<br><strong>Kimyasal peeling i\u00e7in randevu al\u0131n \u2192<\/strong><br><a href=\"https:\/\/nordicmedspa.fi\/ajankohtaista\/kemiallinen-kuorinta-ennen-jalkeen\/?utm_source=chatgpt.com\" target=\"_blank\" rel=\"noreferrer noopener\"><\/a><\/p><\/div><\/div>\n<\/div><\/div>\n\n\n\n<div class=\"wp-block-uagb-container uagb-block-9caa1a47 alignfull uagb-is-root-container\"><div class=\"uagb-container-inner-blocks-wrap\">\n<div class=\"wp-block-uagb-advanced-heading uagb-block-1ed0e64e\"><div class=\"uagb-heading-text\">Yard\u0131m edelim.<\/div><\/div>\n\n\n\n<div class=\"wp-block-uagb-advanced-heading uagb-block-3a57683f\"><h2 class=\"uagb-heading-text\">Bize Ula\u015f\u0131n<\/h2><\/div>\n\n\n\n<div class=\"wp-block-uagb-buttons uagb-buttons__outer-wrap uagb-btn__default-btn uagb-btn-tablet__default-btn uagb-btn-mobile__default-btn uagb-block-9979be0d\"><div class=\"uagb-buttons__wrap uagb-buttons-layout-wrap\">\n<div class=\"wp-block-uagb-buttons-child uagb-buttons__outer-wrap uagb-block-84fd34e5 wp-block-button\"><div class=\"uagb-button__wrapper\"><a class=\"uagb-buttons-repeater wp-block-button__link\" aria-label=\"\" href=\"https:\/\/timma.fi\/yritys\/kauneuskeskus-vitaroma\" rel=\"follow noopener\" target=\"_self\" role=\"button\"><div class=\"uagb-button__link\">Randevu Al\u0131n<\/div><\/a><\/div><\/div>\n<\/div><\/div>\n\n\n\n<div class=\"wp-block-uagb-buttons uagb-buttons__outer-wrap uagb-btn__default-btn uagb-btn-tablet__default-btn uagb-btn-mobile__default-btn uagb-block-f7add131\"><div class=\"uagb-buttons__wrap uagb-buttons-layout-wrap\">\n<div class=\"wp-block-uagb-buttons-child uagb-buttons__outer-wrap uagb-block-0c11dd62 wp-block-button\"><div class=\"uagb-button__wrapper\"><a class=\"uagb-buttons-repeater wp-block-button__link\" aria-label=\"\" href=\"https:\/\/vitaroma.fi\/tr\/iletisime-gecin\/\" rel=\"follow noopener\" target=\"_self\" role=\"button\"><div class=\"uagb-button__link\">Bize Ula\u015f\u0131n<\/div><\/a><\/div><\/div>\n<\/div><\/div>\n\n\n\n<div class=\"wp-block-uagb-buttons uagb-buttons__outer-wrap uagb-btn__default-btn uagb-btn-tablet__default-btn uagb-btn-mobile__default-btn uagb-block-69da2b3b\"><div class=\"uagb-buttons__wrap uagb-buttons-layout-wrap\">\n<div class=\"wp-block-uagb-buttons-child uagb-buttons__outer-wrap uagb-block-1018754e wp-block-button\"><div class=\"uagb-button__wrapper\"><a class=\"uagb-buttons-repeater wp-block-button__link\" aria-label=\"\" href=\"https:\/\/vitaroma.fi\/tr\/hakkimizda-bilgi\/\" rel=\"follow noopener\" target=\"_self\" role=\"button\"><div class=\"uagb-button__link\">Hakk\u0131m\u0131zda<\/div><\/a><\/div><\/div>\n<\/div><\/div>\n\n\n\n<div class=\"wp-block-uagb-advanced-heading uagb-block-838a0a13\"><div class=\"uagb-separator\"><\/div><h3 class=\"uagb-heading-text\">\u00dccretsiz tavsiye? 050 365 2103<\/h3><\/div>\n\n\n\n<!-- Font Awesome CDN -->\n<link rel=\"stylesheet\" href=\"https:\/\/cdnjs.cloudflare.com\/ajax\/libs\/font-awesome\/6.4.0\/css\/all.min.css\">\n\n<div class=\"social-links\">\n  <a href=\"https:\/\/www.instagram.com\/kauneuskeskusvitaroma_clinic\/\" target=\"_blank\" rel=\"noopener\" class=\"instagram\">\n    <i class=\"fab fa-instagram\"><\/i> G\u00fczellik merkezi Vitaroma\n  <\/a>\n  <a href=\"https:\/\/www.facebook.com\/61567042467466\/about\/\" target=\"_blank\" rel=\"noopener\" class=\"facebook\">\n    <i class=\"fab fa-facebook\"><\/i> G\u00fczellik merkezi Vitaroma\n  <\/a>\n<\/div>\n\n<style>\n  .social-links {\n    display: flex;\n    justify-content: center;\n    gap: 20px;\n    margin-top: 10px;\n  }\n\n  .social-links a {\n    display: flex;\n    align-items: center;\n    gap: 10px;\n    padding: 12px 20px;\n    font-size: 18px;\n    font-weight: 600;\n    text-decoration: none;\n    color: #fff;\n    background: rgba(0, 0, 0, 0.35);\n    border: 2px solid rgba(255, 255, 255, 0.5);\n    border-radius: 8px;\n    transition: all 0.3s ease;\n    box-shadow: 0 3px 8px rgba(0, 0, 0, 0.2);\n    backdrop-filter: blur(5px);\n  }\n\n  .social-links a i {\n    font-size: 22px;\n  }\n\n  \/* Hover efektleri *\/\n  .social-links a.instagram:hover {\n    background: #E1306C;\n    color: #fff;\n    border-color: #E1306C;\n  }\n\n  .social-links a.facebook:hover {\n    background: #1877F2;\n    color: #fff;\n    border-color: #1877F2;\n  }\n<\/style>\n\n<\/div><\/div>","protected":false},"excerpt":{"rendered":"<p>Asitle\u015ftirme i\u015flemleri<\/p>","protected":false},"author":1,"featured_media":0,"parent":0,"menu_order":0,"comment_status":"closed","ping_status":"closed","template":"","meta":{"_surecart_dashboard_logo_width":"180px","_surecart_dashboard_show_logo":true,"_surecart_dashboard_navigation_orders":true,"_surecart_dashboard_navigation_invoices":true,"_surecart_dashboard_navigation_subscriptions":true,"_surecart_dashboard_navigation_downloads":true,"_surecart_dashboard_navigation_billing":true,"_surecart_dashboard_navigation_account":true,"_uag_custom_page_level_css":"","site-sidebar-layout":"default","site-content-layout":"","ast-site-content-layout":"default","site-content-style":"default","site-sidebar-style":"default","ast-global-header-display":"","ast-banner-title-visibility":"","ast-main-header-display":"","ast-hfb-above-header-display":"","ast-hfb-below-header-display":"","ast-hfb-mobile-header-display":"","site-post-title":"disabled","ast-breadcrumbs-content":"","ast-featured-img":"","footer-sml-layout":"","ast-disable-related-posts":"","theme-transparent-header-meta":"","adv-header-id-meta":"","stick-header-meta":"","header-above-stick-meta":"","header-main-stick-meta":"","header-below-stick-meta":"","astra-migrate-meta-layouts":"set","ast-page-background-enabled":"default","ast-page-background-meta":{"desktop":{"background-color":"var(--ast-global-color-4)","background-image":"","background-repeat":"repeat","background-position":"center center","background-size":"auto","background-attachment":"scroll","background-type":"","background-media":"","overlay-type":"","overlay-color":"","overlay-opacity":"","overlay-gradient":""},"tablet":{"background-color":"","background-image":"","background-repeat":"repeat","background-position":"center center","background-size":"auto","background-attachment":"scroll","background-type":"","background-media":"","overlay-type":"","overlay-color":"","overlay-opacity":"","overlay-gradient":""},"mobile":{"background-color":"","background-image":"","background-repeat":"repeat","background-position":"center center","background-size":"auto","background-attachment":"scroll","background-type":"","background-media":"","overlay-type":"","overlay-color":"","overlay-opacity":"","overlay-gradient":""}},"ast-content-background-meta":{"desktop":{"background-color":"var(--ast-global-color-5)","background-image":"","background-repeat":"repeat","background-position":"center center","background-size":"auto","background-attachment":"scroll","background-type":"","background-media":"","overlay-type":"","overlay-color":"","overlay-opacity":"","overlay-gradient":""},"tablet":{"background-color":"var(--ast-global-color-5)","background-image":"","background-repeat":"repeat","background-position":"center center","background-size":"auto","background-attachment":"scroll","background-type":"","background-media":"","overlay-type":"","overlay-color":"","overlay-opacity":"","overlay-gradient":""},"mobile":{"background-color":"var(--ast-global-color-5)","background-image":"","background-repeat":"repeat","background-position":"center center","background-size":"auto","background-attachment":"scroll","background-type":"","background-media":"","overlay-type":"","overlay-color":"","overlay-opacity":"","overlay-gradient":""}},"footnotes":""},"class_list":["post-2496","page","type-page","status-publish","hentry"],"uagb_featured_image_src":{"full":false,"thumbnail":false,"medium":false,"medium_large":false,"large":false,"1536x1536":false,"2048x2048":false,"trp-custom-language-flag":false,"woocommerce_thumbnail":false,"woocommerce_single":false,"woocommerce_gallery_thumbnail":false},"uagb_author_info":{"display_name":"emilkemal4@gmail.com","author_link":"https:\/\/vitaroma.fi\/tr\/author\/emilkemal4gmail-com\/"},"uagb_comment_info":0,"uagb_excerpt":"Hapotushoidot","_links":{"self":[{"href":"https:\/\/vitaroma.fi\/tr\/wp-json\/wp\/v2\/pages\/2496","targetHints":{"allow":["GET"]}}],"collection":[{"href":"https:\/\/vitaroma.fi\/tr\/wp-json\/wp\/v2\/pages"}],"about":[{"href":"https:\/\/vitaroma.fi\/tr\/wp-json\/wp\/v2\/types\/page"}],"author":[{"embeddable":true,"href":"https:\/\/vitaroma.fi\/tr\/wp-json\/wp\/v2\/users\/1"}],"replies":[{"embeddable":true,"href":"https:\/\/vitaroma.fi\/tr\/wp-json\/wp\/v2\/comments?post=2496"}],"version-history":[{"count":8,"href":"https:\/\/vitaroma.fi\/tr\/wp-json\/wp\/v2\/pages\/2496\/revisions"}],"predecessor-version":[{"id":2715,"href":"https:\/\/vitaroma.fi\/tr\/wp-json\/wp\/v2\/pages\/2496\/revisions\/2715"}],"wp:attachment":[{"href":"https:\/\/vitaroma.fi\/tr\/wp-json\/wp\/v2\/media?parent=2496"}],"curies":[{"name":"wp","href":"https:\/\/api.w.org\/{rel}","templated":true}]}}