{"id":2457,"date":"2025-05-04T22:26:33","date_gmt":"2025-05-04T20:26:33","guid":{"rendered":"https:\/\/vitaroma.fi\/?page_id=2457"},"modified":"2025-08-28T17:32:30","modified_gmt":"2025-08-28T15:32:30","slug":"dermalux","status":"publish","type":"page","link":"https:\/\/vitaroma.fi\/tr\/dermalux\/","title":{"rendered":"DERMALUX"},"content":{"rendered":"<div class=\"wp-block-uagb-container uagb-block-5451af51 alignfull uagb-is-root-container\"><div class=\"uagb-container-inner-blocks-wrap\">\n<div class=\"wp-block-uagb-advanced-heading uagb-block-f45ed1f8\"><h1 class=\"uagb-heading-text\">DERMALUX<\/h1><\/div>\n<\/div><\/div>\n\n\n\n<div class=\"wp-block-uagb-container uagb-block-wlmazrwo alignfull uagb-is-root-container\"><div class=\"uagb-container-inner-blocks-wrap\">\n<div class=\"wp-block-uagb-container uagb-block-0btjzulc alignfull uagb-is-root-container\"><div class=\"uagb-container-inner-blocks-wrap\">\n<div class=\"wp-block-uagb-image alignleft uagb-block-6xnwaqpe wp-block-uagb-image--layout-default wp-block-uagb-image--effect-static wp-block-uagb-image--align-left\"><figure class=\"wp-block-uagb-image__figure\"><img decoding=\"async\" srcset=\"https:\/\/vitaroma.fi\/wp-content\/uploads\/2025\/04\/Adsiz7-1024x576.png ,https:\/\/vitaroma.fi\/wp-content\/uploads\/2025\/04\/Adsiz7.png 780w, https:\/\/vitaroma.fi\/wp-content\/uploads\/2025\/04\/Adsiz7.png 360w\" sizes=\"auto, (max-width: 480px) 150px\" src=\"https:\/\/vitaroma.fi\/wp-content\/uploads\/2025\/04\/Adsiz7-1024x576.png\" alt=\"BBL I\u015f\u0131k Terapisi\" class=\"uag-image-2099\" width=\"564\" height=\"400\" title=\"BBL I\u015f\u0131k Terapisi\" loading=\"lazy\" role=\"img\"\/><\/figure><\/div>\n\n\n\n<div class=\"wp-block-uagb-container uagb-block-xrkfcv1q\">\n<div class=\"wp-block-uagb-info-box uagb-block-amettuy1 uagb-infobox__content-wrap  uagb-infobox-icon-above-title uagb-infobox-image-valign-top\"><div class=\"uagb-ifb-content\"><div class=\"uagb-ifb-title-wrap\"><h3 class=\"uagb-ifb-title\"><strong>Dermalux LED \u0131\u015f\u0131k terapisi \u2013 Cilt yenileyici ve cilt tedavi edici \u0131\u015f\u0131k enerjisi<\/strong><\/h3><\/div><p class=\"uagb-ifb-desc\">Dermalux LED \u0131\u015f\u0131k terapisi, cildin do\u011fal yenilenmesini ve onar\u0131m\u0131n\u0131 desteklemek i\u00e7in klinik olarak test edilmi\u015f \u0131\u015f\u0131k enerjisini kullanan, iyile\u015fme s\u00fcresi gerektirmeyen g\u00fcvenli, a\u011fr\u0131s\u0131z ve invaziv olmayan bir tedavidir.<br>Hemen hemen t\u00fcm cilt tipleri i\u00e7in uygun olan bu bak\u0131m, bir\u00e7ok cilt sorununa yard\u0131mc\u0131 olur. Tahri\u015f olmu\u015f cildi yat\u0131\u015ft\u0131r\u0131r, fonksiyonlar\u0131n\u0131 dengeler ve ilk kullan\u0131mdan itibaren do\u011fal \u0131\u015f\u0131lt\u0131s\u0131n\u0131 geri kazand\u0131r\u0131r.<\/p><\/div><\/div>\n<\/div>\n<\/div><\/div>\n<\/div><\/div>\n\n\n\n<div class=\"wp-block-uagb-container uagb-block-onenjlwh alignfull uagb-is-root-container\"><div class=\"uagb-container-inner-blocks-wrap\">\n<div class=\"wp-block-uagb-info-box uagb-block-kdw4sbfe uagb-infobox__content-wrap  uagb-infobox-icon-above-title uagb-infobox-image-valign-top\"><div class=\"uagb-ifb-content\"><div class=\"uagb-ifb-title-wrap\"><h2 class=\"uagb-ifb-title\"><strong>Dermalux nas\u0131l \u00e7al\u0131\u015f\u0131r?<br><\/strong><\/h2><\/div><p class=\"uagb-ifb-desc\">LED \u0131\u015f\u0131k ciltte etkinle\u015fir <strong>fotobiyomod\u00fclasyon<\/strong>: \u0131\u015f\u0131k enerjisi hedef molek\u00fcller taraf\u0131ndan emilir ve <strong>h\u00fccre metabolizmas\u0131n\u0131, ileti\u015fimini ve inflamatuar reaksiyonlar\u0131 d\u00fczenler<\/strong>.<br><strong>Mavi 415nm<\/strong> Akne bakterilerinin (Cutibacterium acnes) porfirinlerini hedef al\u0131r \u2192 \u00fcretilir <strong>reaktif oksijen t\u00fcrleri<\/strong>, Bakterilerin canl\u0131l\u0131\u011f\u0131n\u0131 zay\u0131flatan ve iltihab\u0131n yat\u0131\u015ft\u0131r\u0131lmas\u0131na destek olan. <br><strong>K\u0131rm\u0131z\u0131 633nm<\/strong> terfi <strong>fibroblastlar<\/strong> fonksiyonu ve kolajen olu\u015fumunu destekleyerek cilt dokusunu ve p\u00fcr\u00fczs\u00fczl\u00fc\u011f\u00fcn\u00fc iyile\u015ftirir. <br><strong>Yak\u0131n k\u0131z\u0131l\u00f6tesi 830 nm<\/strong> dokuya daha derin n\u00fcfuz eder ve destekler <strong>iltihab\u0131n azalt\u0131lmas\u0131 ve doku iyile\u015fmesi<\/strong>.<br>Dermalux tedavileri <strong>termal olmayan<\/strong> (lazer\/IPL gibi dokuyu \u0131s\u0131tmaz) ve <strong>t\u00fcm cilt tipleri i\u00e7in uygundur<\/strong> t\u00fcm y\u0131l boyunca. <a href=\"https:\/\/dermaluxled.com\/led-phototherapy-common-questions\/?utm_source=chatgpt.com\" target=\"_blank\" rel=\"noreferrer noopener\"><\/a><\/p><\/div><\/div>\n\n\n\n<div class=\"wp-block-uagb-info-box uagb-block-6f18b7a4 uagb-infobox__content-wrap  uagb-infobox-icon-above-title uagb-infobox-image-valign-top\"><div class=\"uagb-ifb-content\"><div class=\"uagb-ifb-title-wrap\"><h2 class=\"uagb-ifb-title\"><strong>Dermalux neye yard\u0131mc\u0131 olur?<br><\/strong><\/h2><\/div><p class=\"uagb-ifb-desc\"><strong>Akne<\/strong> ve iltihapl\u0131 kirlilikler (mavi + k\u0131rm\u0131z\u0131)<br><strong>K\u0131zar\u0131kl\u0131k, kuperoz ve tahri\u015f olmu\u015f cilt<\/strong> (k\u0131rm\u0131z\u0131 + Yak\u0131n K\u0131z\u0131l\u00f6tesi)<br><strong>Ya\u015fa ba\u011fl\u0131 cilt de\u011fi\u015fiklikleri:<\/strong> ince \u00e7izgiler, donukluk, elastikiyet kayb\u0131 (k\u0131rm\u0131z\u0131 + NIR)<br><strong>Cilt tonunu ve dokusunu e\u015fitler<\/strong>, &quot;sa\u011fl\u0131kl\u0131 \u0131\u015f\u0131lt\u0131&quot;\u201c<br><strong>Yaralar ve tahri\u015f olmu\u015f ciltler i\u00e7in yat\u0131\u015ft\u0131r\u0131c\u0131 destek<\/strong> (Kuzey \u0130rlanda)<br>Not: Etki ve tedavi paketi her zaman ki\u015fiye \u00f6zeldir. <strong>cilt analizi<\/strong> (LED kombinasyonlar\u0131n\u0131n cilt gen\u00e7le\u015ftirmedeki etkinli\u011fi kontroll\u00fc \u00e7al\u0131\u015fmalarda 633\/830 nm aral\u0131\u011f\u0131nda bildirilmi\u015ftir.) <a href=\"https:\/\/www.sciencedirect.com\/science\/article\/pii\/S1011134407000632?utm_source=chatgpt.com\" target=\"_blank\" rel=\"noreferrer noopener\"><\/a><\/p><\/div><\/div>\n\n\n\n<div class=\"wp-block-uagb-info-box uagb-block-ffaf723f uagb-infobox__content-wrap  uagb-infobox-icon-above-title uagb-infobox-image-valign-top\"><div class=\"uagb-ifb-content\"><div class=\"uagb-ifb-title-wrap\"><h2 class=\"uagb-ifb-title\"><strong>I\u015f\u0131\u011f\u0131n dalga boylar\u0131 ve etkileri<br><\/strong><\/h2><\/div><p class=\"uagb-ifb-desc\"><strong>Mavi (415nm):<\/strong> akne bakterisi porfirinler \u2192 <strong>antimikrobiyal<\/strong> etkisi; iltihab\u0131 yat\u0131\u015ft\u0131r\u0131r. <br><strong>K\u0131rm\u0131z\u0131 (633nm):<\/strong> <strong>kollajen sentezi<\/strong> destek, parlatma, y\u00fczey d\u00fczeltme. <br><strong>Yak\u0131n k\u0131z\u0131l\u00f6tesi (830 nm):<\/strong> <strong>antienflamatuvar<\/strong>, terfi <strong>doku rejenerasyonu<\/strong> ve daha derin bir konfor seviyesi. <a href=\"https:\/\/pmc.ncbi.nlm.nih.gov\/articles\/PMC11049838\/?utm_source=chatgpt.com\" target=\"_blank\" rel=\"noreferrer noopener\"><\/a><\/p><\/div><\/div>\n\n\n\n<div class=\"wp-block-uagb-image uagb-block-50f394aa wp-block-uagb-image--layout-default wp-block-uagb-image--effect-static wp-block-uagb-image--align-none\"><figure class=\"wp-block-uagb-image__figure\"><img decoding=\"async\" srcset=\"https:\/\/vitaroma.fi\/wp-content\/uploads\/2025\/08\/Flex-MD-Treatment-Lifestyle-1024x1024.jpg ,https:\/\/vitaroma.fi\/wp-content\/uploads\/2025\/08\/Flex-MD-Treatment-Lifestyle.jpg 780w, https:\/\/vitaroma.fi\/wp-content\/uploads\/2025\/08\/Flex-MD-Treatment-Lifestyle.jpg 360w\" sizes=\"auto, (max-width: 480px) 150px\" src=\"https:\/\/vitaroma.fi\/wp-content\/uploads\/2025\/08\/Flex-MD-Treatment-Lifestyle-1024x1024.jpg\" alt=\"\" class=\"uag-image-2708\" width=\"1080\" height=\"1080\" title=\"Flex-MD-Tedavi-Ya\u015fam Tarz\u0131\" loading=\"lazy\" role=\"img\"\/><\/figure><\/div>\n\n\n\n<div class=\"wp-block-uagb-info-box uagb-block-f7ac1f10 uagb-infobox__content-wrap  uagb-infobox-icon-above-title uagb-infobox-image-valign-top\"><div class=\"uagb-ifb-content\"><div class=\"uagb-ifb-title-wrap\"><h2 class=\"uagb-ifb-title\"><strong>Tedavi ziyareti ve protokol\u00fc<br><\/strong><\/h2><\/div><p class=\"uagb-ifb-desc\"><strong>Cilt analizi ve planlamas\u0131<\/strong> \u2013 dalga boylar\u0131n\u0131 se\u00e7in ve programlay\u0131n (tek veya kombinasyon).<br><strong>Haz\u0131rl\u0131k<\/strong> \u2013 Cilt temizlenir; koruyucu g\u00f6zl\u00fck tak\u0131l\u0131r.<br><strong>LED ayd\u0131nlatma<\/strong> \u2013 cihaz optimum mesafeye yerle\u015ftirilir; <strong>1\u201320 dakika<\/strong> programa ba\u011fl\u0131 olarak.<br><strong>Sona ermek<\/strong> \u2013 g\u00fcn boyunca yat\u0131\u015ft\u0131r\u0131c\u0131 ve nemlendirici \u00fcr\u00fcnler <strong>SPF<\/strong>.<br>Dermalux sistemlerinin teknik \u00f6zelliklerinde genellikle tedavi s\u00fcresi belirtilir. <strong>1\u201320 dakika<\/strong>, ve cihazlar sadece kullan\u0131l\u0131yor <strong>415\/633\/830nm<\/strong> dalga boylar\u0131. <a href=\"https:\/\/dermaluxled.com\/tri-wave-md-led\/?utm_source=chatgpt.com\" target=\"_blank\" rel=\"noreferrer noopener\"><\/a><a href=\"https:\/\/pmc.ncbi.nlm.nih.gov\/articles\/PMC11049838\/?utm_source=chatgpt.com\" target=\"_blank\" rel=\"noreferrer noopener\"><\/a><\/p><\/div><\/div>\n\n\n\n<div class=\"wp-block-uagb-info-box uagb-block-bef938f6 uagb-infobox__content-wrap  uagb-infobox-icon-above-title uagb-infobox-image-valign-top\"><div class=\"uagb-ifb-content\"><div class=\"uagb-ifb-title-wrap\"><h2 class=\"uagb-ifb-title\"><strong>Tedavi s\u00fcresi ve bak\u0131m\u0131<br><\/strong><\/h2><\/div><p class=\"uagb-ifb-desc\">En iyi etkiyi elde edeceksiniz <strong>10\u201312 ba\u015flang\u0131\u00e7 tedavi d\u00f6neminde<\/strong> (\u00f6rne\u011fin haftada 2-3 kez), ard\u0131ndan <strong>Bak\u0131m<\/strong> gerekti\u011finde (\u00f6rne\u011fin her 2-4 haftada bir veya mevsimsel olarak). Dermalux ayr\u0131ca \u015funlar\u0131 da yay\u0131nlar: <strong>sonu\u00e7 galerileri<\/strong> tipik kombinasyonlarla (Mavi\/K\u0131rm\u0131z\u0131\/Yak\u0131n K\u0131z\u0131l\u00f6tesi). <a href=\"https:\/\/dermaluxled.com\/led-treatment-results\/?utm_source=chatgpt.com\" target=\"_blank\" rel=\"noreferrer noopener\"><\/a><a href=\"https:\/\/dermaluxled.com\/tri-wave-md-led\/?utm_source=chatgpt.com\" target=\"_blank\" rel=\"noreferrer noopener\"><\/a><a href=\"https:\/\/pmc.ncbi.nlm.nih.gov\/articles\/PMC11049838\/?utm_source=chatgpt.com\" target=\"_blank\" rel=\"noreferrer noopener\"><\/a><\/p><\/div><\/div>\n\n\n\n<div class=\"wp-block-uagb-info-box uagb-block-0e64e8e7 uagb-infobox__content-wrap  uagb-infobox-icon-above-title uagb-infobox-image-valign-top\"><div class=\"uagb-ifb-content\"><div class=\"uagb-ifb-title-wrap\"><h2 class=\"uagb-ifb-title\"><strong>Kombinasyonlar (do\u011fru zamanlama ile g\u00fc\u00e7lendirme)<br><\/strong><\/h2><\/div><p class=\"uagb-ifb-desc\"><strong>Hydrafacial \/ Hafif Peeling:<\/strong> temizler ve \u0131\u015f\u0131k al\u0131m\u0131n\u0131 iyile\u015ftirir<br><strong>Dermapen 4 (s\u0131\u011f derinlikler):<\/strong> LED, tedaviden hemen sonra doku yan\u0131t\u0131n\u0131 destekler<br><strong>BBL lazer\/so\u011fuk plazma:<\/strong> LED yat\u0131\u015ft\u0131r\u0131r ve iyile\u015fmeyi destekler<br>Kombinasyonlar\u0131n s\u0131ras\u0131 ve zamanlamas\u0131 belirlenir <strong>profesyonel<\/strong> ile.<a href=\"https:\/\/dermaluxled.com\/led-treatment-results\/?utm_source=chatgpt.com\" target=\"_blank\" rel=\"noreferrer noopener\"><\/a><a href=\"https:\/\/dermaluxled.com\/tri-wave-md-led\/?utm_source=chatgpt.com\" target=\"_blank\" rel=\"noreferrer noopener\"><\/a><a href=\"https:\/\/pmc.ncbi.nlm.nih.gov\/articles\/PMC11049838\/?utm_source=chatgpt.com\" target=\"_blank\" rel=\"noreferrer noopener\"><\/a><\/p><\/div><\/div>\n\n\n\n<div class=\"wp-block-uagb-info-box uagb-block-042db52d uagb-infobox__content-wrap  uagb-infobox-icon-above-title uagb-infobox-image-valign-top\"><div class=\"uagb-ifb-content\"><div class=\"uagb-ifb-title-wrap\"><h2 class=\"uagb-ifb-title\"><strong>Tedaviden \u00f6nce<br><\/strong><\/h2><\/div><p class=\"uagb-ifb-desc\">HAYIR <strong>taze bronzluk\/kendinden bronzla\u015ft\u0131r\u0131c\u0131lar<\/strong> tedavi g\u00fcn\u00fc<br>Duraklat <strong>g\u00fc\u00e7l\u00fc AHA\/BHA soyma i\u015flemleri<\/strong> \u00e7ok reaktif bir cilde sahip <strong>1\u20133 g\u00fcn<\/strong><br>Varmak <strong>temiz cilt<\/strong> L\u00fctfen bana ila\u00e7lar\u0131n\u0131z ve hassasiyetleriniz hakk\u0131nda bilgi verin<br>Tedaviden sonra<br><strong>SPF 30\u201350<\/strong> g\u00fcnl\u00fck; do\u011frudan g\u00fcne\u015f \u0131\u015f\u0131\u011f\u0131ndan ka\u00e7\u0131n\u0131n <strong>1\u20132 hafta<\/strong> aktif d\u00f6nemde<br>Nazik temizlik + <strong>nemlendirici<\/strong> evde bak\u0131m; cilt rahat hissetti\u011finde makyaj yap\u0131n<br>LED genellikle <strong>s\u0131f\u0131r risk<\/strong> g\u00fcnl\u00fck hayata d\u00f6n\u00fc\u015f a\u00e7\u0131s\u0131ndan (iyile\u015fme s\u00fcresi yok)<br>Kontrendikasyonlar (bir uzmanla g\u00f6r\u00fc\u015f\u00fcn)<br>Fotosensitivite sendromlar\u0131, baz\u0131 <strong>fotosensitize edici ila\u00e7lar<\/strong>, aktif <strong>dermatit<\/strong> veya <strong>enfeksiyon<\/strong> Tedavi b\u00f6lgesinde \u015f\u00fcpheli malign deri de\u011fi\u015fikli\u011fi; gebelik\/emzirme d\u00f6nemi bireysel olarak de\u011ferlendirilmelidir.<a href=\"https:\/\/dermaluxled.com\/led-treatment-results\/?utm_source=chatgpt.com\" target=\"_blank\" rel=\"noreferrer noopener\"><\/a><a href=\"https:\/\/dermaluxled.com\/tri-wave-md-led\/?utm_source=chatgpt.com\" target=\"_blank\" rel=\"noreferrer noopener\"><\/a><a href=\"https:\/\/pmc.ncbi.nlm.nih.gov\/articles\/PMC11049838\/?utm_source=chatgpt.com\" target=\"_blank\" rel=\"noreferrer noopener\"><\/a><\/p><\/div><\/div>\n\n\n\n<div class=\"wp-block-uagb-image uagb-block-80f6c2b6 wp-block-uagb-image--layout-default wp-block-uagb-image--effect-static wp-block-uagb-image--align-none\"><figure class=\"wp-block-uagb-image__figure\"><img decoding=\"async\" srcset=\"https:\/\/vitaroma.fi\/wp-content\/uploads\/2025\/08\/led-1.png ,https:\/\/vitaroma.fi\/wp-content\/uploads\/2025\/08\/led-1.png 780w, https:\/\/vitaroma.fi\/wp-content\/uploads\/2025\/08\/led-1.png 360w\" sizes=\"auto, (max-width: 480px) 150px\" src=\"https:\/\/vitaroma.fi\/wp-content\/uploads\/2025\/08\/led-1.png\" alt=\"\" class=\"uag-image-2709\" width=\"500\" height=\"500\" title=\"led-1\" loading=\"lazy\" role=\"img\"\/><\/figure><\/div>\n\n\n\n<div class=\"wp-block-uagb-info-box uagb-block-f59c5ec6 uagb-infobox__content-wrap  uagb-infobox-icon-above-title uagb-infobox-image-valign-top\"><div class=\"uagb-ifb-content\"><div class=\"uagb-ifb-title-wrap\"><h2 class=\"uagb-ifb-title\"><strong>S\u0131k\u00e7a Sorulan Sorular (SSS)<br><\/strong><\/h2><\/div><p class=\"uagb-ifb-desc\"><strong>LED tedavisi ac\u0131 verir mi?<\/strong><br>Hay\u0131r \u2013 tedavi <strong>a\u011fr\u0131s\u0131z ve rahatlat\u0131c\u0131<\/strong> (ho\u015f bir s\u0131cakl\u0131k hissi veriyor).<br><strong>Sonu\u00e7lar\u0131 ne zaman g\u00f6rece\u011fim?<\/strong><br>Bir\u00e7ok deneyim <strong>sakinle\u015ftirici ve \u0131\u015f\u0131lt\u0131l\u0131<\/strong> hemen; daha fazla yap\u0131sal de\u011fi\u015fiklik geli\u015fiyor <strong>haftalar<\/strong> dizi boyunca.<br><strong>Yaz aylar\u0131nda tedavi olabilir miyim?<\/strong><br>Evet, LED cilde zarar vermez. <strong>SPF<\/strong> ancak her zaman tavsiye edilir.<br><strong>Cildime uygun mu?<\/strong><br>Genel olarak evet - ayd\u0131nlatma program\u0131 \u00f6zelle\u015ftirilmi\u015ftir <strong>cilt tipi ve hedefler<\/strong> ile.<a href=\"https:\/\/dermaluxled.com\/led-treatment-results\/?utm_source=chatgpt.com\" target=\"_blank\" rel=\"noreferrer noopener\"><\/a><a href=\"https:\/\/dermaluxled.com\/tri-wave-md-led\/?utm_source=chatgpt.com\" target=\"_blank\" rel=\"noreferrer noopener\"><\/a><a href=\"https:\/\/pmc.ncbi.nlm.nih.gov\/articles\/PMC11049838\/?utm_source=chatgpt.com\" target=\"_blank\" rel=\"noreferrer noopener\"><\/a><\/p><\/div><\/div>\n\n\n\n<div class=\"wp-block-uagb-info-box uagb-block-9ffe1ec3 uagb-infobox__content-wrap  uagb-infobox-icon-above-title uagb-infobox-image-valign-top\"><div class=\"uagb-ifb-content\"><div class=\"uagb-ifb-title-wrap\"><h2 class=\"uagb-ifb-title\"><strong>Neden Vitaroma&#039;y\u0131 se\u00e7melisiniz?<br><\/strong><\/h2><\/div><p class=\"uagb-ifb-desc\"><strong>Dermalux \u00dc\u00e7 Dalga<\/strong> -teknoloji: <strong>415\/633\/830nm<\/strong> klinik olarak test edilmi\u015f dalga boylar\u0131<br><strong>Bireysel protokoller<\/strong>: do\u011fru cilt analizi ve kombinasyon planlamas\u0131<br><strong>S\u0131f\u0131r kurtarma s\u00fcresi<\/strong> ve net <strong>evde bak\u0131m talimatlar\u0131<\/strong> sonu\u00e7lar\u0131 korumak i\u00e7in<br><strong>Dermalux LED \u0131\u015f\u0131k terapisi i\u00e7in randevu al\u0131n \u2192<\/strong><br><br><a href=\"https:\/\/dermaluxled.com\/led-treatment-results\/?utm_source=chatgpt.com\" target=\"_blank\" rel=\"noreferrer noopener\"><\/a><a href=\"https:\/\/dermaluxled.com\/tri-wave-md-led\/?utm_source=chatgpt.com\" target=\"_blank\" rel=\"noreferrer noopener\"><\/a><a href=\"https:\/\/pmc.ncbi.nlm.nih.gov\/articles\/PMC11049838\/?utm_source=chatgpt.com\" target=\"_blank\" rel=\"noreferrer noopener\"><\/a><\/p><\/div><\/div>\n<\/div><\/div>\n\n\n\n<div class=\"wp-block-uagb-container uagb-block-9caa1a47 alignfull uagb-is-root-container\"><div class=\"uagb-container-inner-blocks-wrap\">\n<div class=\"wp-block-uagb-advanced-heading uagb-block-1ed0e64e\"><div class=\"uagb-heading-text\">Yard\u0131m edelim.<\/div><\/div>\n\n\n\n<div class=\"wp-block-uagb-advanced-heading uagb-block-3a57683f\"><h2 class=\"uagb-heading-text\">Bize Ula\u015f\u0131n<\/h2><\/div>\n\n\n\n<div class=\"wp-block-uagb-buttons uagb-buttons__outer-wrap uagb-btn__default-btn uagb-btn-tablet__default-btn uagb-btn-mobile__default-btn uagb-block-9979be0d\"><div class=\"uagb-buttons__wrap uagb-buttons-layout-wrap\">\n<div class=\"wp-block-uagb-buttons-child uagb-buttons__outer-wrap uagb-block-84fd34e5 wp-block-button\"><div class=\"uagb-button__wrapper\"><a class=\"uagb-buttons-repeater wp-block-button__link\" aria-label=\"\" href=\"https:\/\/timma.fi\/yritys\/kauneuskeskus-vitaroma\" rel=\"follow noopener\" target=\"_self\" role=\"button\"><div class=\"uagb-button__link\">Randevu Al\u0131n<\/div><\/a><\/div><\/div>\n<\/div><\/div>\n\n\n\n<div class=\"wp-block-uagb-buttons uagb-buttons__outer-wrap uagb-btn__default-btn uagb-btn-tablet__default-btn uagb-btn-mobile__default-btn uagb-block-f7add131\"><div class=\"uagb-buttons__wrap uagb-buttons-layout-wrap\">\n<div class=\"wp-block-uagb-buttons-child uagb-buttons__outer-wrap uagb-block-0c11dd62 wp-block-button\"><div class=\"uagb-button__wrapper\"><a class=\"uagb-buttons-repeater wp-block-button__link\" aria-label=\"\" href=\"https:\/\/vitaroma.fi\/tr\/iletisime-gecin\/\" rel=\"follow noopener\" target=\"_self\" role=\"button\"><div class=\"uagb-button__link\">Bize Ula\u015f\u0131n<\/div><\/a><\/div><\/div>\n<\/div><\/div>\n\n\n\n<div class=\"wp-block-uagb-buttons uagb-buttons__outer-wrap uagb-btn__default-btn uagb-btn-tablet__default-btn uagb-btn-mobile__default-btn uagb-block-69da2b3b\"><div class=\"uagb-buttons__wrap uagb-buttons-layout-wrap\">\n<div class=\"wp-block-uagb-buttons-child uagb-buttons__outer-wrap uagb-block-1018754e wp-block-button\"><div class=\"uagb-button__wrapper\"><a class=\"uagb-buttons-repeater wp-block-button__link\" aria-label=\"\" href=\"https:\/\/vitaroma.fi\/tr\/hakkimizda-bilgi\/\" rel=\"follow noopener\" target=\"_self\" role=\"button\"><div class=\"uagb-button__link\">Hakk\u0131m\u0131zda<\/div><\/a><\/div><\/div>\n<\/div><\/div>\n\n\n\n<div class=\"wp-block-uagb-advanced-heading uagb-block-838a0a13\"><div class=\"uagb-separator\"><\/div><h3 class=\"uagb-heading-text\">\u00dccretsiz tavsiye? 050 365 2103<\/h3><\/div>\n\n\n\n<!-- Font Awesome CDN -->\n<link rel=\"stylesheet\" href=\"https:\/\/cdnjs.cloudflare.com\/ajax\/libs\/font-awesome\/6.4.0\/css\/all.min.css\">\n\n<div class=\"social-links\">\n  <a href=\"https:\/\/www.instagram.com\/kauneuskeskusvitaroma_clinic\/\" target=\"_blank\" rel=\"noopener\" class=\"instagram\">\n    <i class=\"fab fa-instagram\"><\/i> G\u00fczellik merkezi Vitaroma\n  <\/a>\n  <a href=\"https:\/\/www.facebook.com\/61567042467466\/about\/\" target=\"_blank\" rel=\"noopener\" class=\"facebook\">\n    <i class=\"fab fa-facebook\"><\/i> G\u00fczellik merkezi Vitaroma\n  <\/a>\n<\/div>\n\n<style>\n  .social-links {\n    display: flex;\n    justify-content: center;\n    gap: 20px;\n    margin-top: 10px;\n  }\n\n  .social-links a {\n    display: flex;\n    align-items: center;\n    gap: 10px;\n    padding: 12px 20px;\n    font-size: 18px;\n    font-weight: 600;\n    text-decoration: none;\n    color: #fff;\n    background: rgba(0, 0, 0, 0.35);\n    border: 2px solid rgba(255, 255, 255, 0.5);\n    border-radius: 8px;\n    transition: all 0.3s ease;\n    box-shadow: 0 3px 8px rgba(0, 0, 0, 0.2);\n    backdrop-filter: blur(5px);\n  }\n\n  .social-links a i {\n    font-size: 22px;\n  }\n\n  \/* Hover efektleri *\/\n  .social-links a.instagram:hover {\n    background: #E1306C;\n    color: #fff;\n    border-color: #E1306C;\n  }\n\n  .social-links a.facebook:hover {\n    background: #1877F2;\n    color: #fff;\n    border-color: #1877F2;\n  }\n<\/style>\n\n<\/div><\/div>","protected":false},"excerpt":{"rendered":"<p>DERMALUX<\/p>","protected":false},"author":1,"featured_media":0,"parent":0,"menu_order":0,"comment_status":"closed","ping_status":"closed","template":"","meta":{"_surecart_dashboard_logo_width":"180px","_surecart_dashboard_show_logo":true,"_surecart_dashboard_navigation_orders":true,"_surecart_dashboard_navigation_invoices":true,"_surecart_dashboard_navigation_subscriptions":true,"_surecart_dashboard_navigation_downloads":true,"_surecart_dashboard_navigation_billing":true,"_surecart_dashboard_navigation_account":true,"_uag_custom_page_level_css":"","site-sidebar-layout":"default","site-content-layout":"","ast-site-content-layout":"default","site-content-style":"default","site-sidebar-style":"default","ast-global-header-display":"","ast-banner-title-visibility":"","ast-main-header-display":"","ast-hfb-above-header-display":"","ast-hfb-below-header-display":"","ast-hfb-mobile-header-display":"","site-post-title":"disabled","ast-breadcrumbs-content":"","ast-featured-img":"","footer-sml-layout":"","ast-disable-related-posts":"","theme-transparent-header-meta":"","adv-header-id-meta":"","stick-header-meta":"","header-above-stick-meta":"","header-main-stick-meta":"","header-below-stick-meta":"","astra-migrate-meta-layouts":"set","ast-page-background-enabled":"default","ast-page-background-meta":{"desktop":{"background-color":"var(--ast-global-color-4)","background-image":"","background-repeat":"repeat","background-position":"center center","background-size":"auto","background-attachment":"scroll","background-type":"","background-media":"","overlay-type":"","overlay-color":"","overlay-opacity":"","overlay-gradient":""},"tablet":{"background-color":"","background-image":"","background-repeat":"repeat","background-position":"center center","background-size":"auto","background-attachment":"scroll","background-type":"","background-media":"","overlay-type":"","overlay-color":"","overlay-opacity":"","overlay-gradient":""},"mobile":{"background-color":"","background-image":"","background-repeat":"repeat","background-position":"center center","background-size":"auto","background-attachment":"scroll","background-type":"","background-media":"","overlay-type":"","overlay-color":"","overlay-opacity":"","overlay-gradient":""}},"ast-content-background-meta":{"desktop":{"background-color":"var(--ast-global-color-5)","background-image":"","background-repeat":"repeat","background-position":"center center","background-size":"auto","background-attachment":"scroll","background-type":"","background-media":"","overlay-type":"","overlay-color":"","overlay-opacity":"","overlay-gradient":""},"tablet":{"background-color":"var(--ast-global-color-5)","background-image":"","background-repeat":"repeat","background-position":"center center","background-size":"auto","background-attachment":"scroll","background-type":"","background-media":"","overlay-type":"","overlay-color":"","overlay-opacity":"","overlay-gradient":""},"mobile":{"background-color":"var(--ast-global-color-5)","background-image":"","background-repeat":"repeat","background-position":"center center","background-size":"auto","background-attachment":"scroll","background-type":"","background-media":"","overlay-type":"","overlay-color":"","overlay-opacity":"","overlay-gradient":""}},"footnotes":""},"class_list":["post-2457","page","type-page","status-publish","hentry"],"uagb_featured_image_src":{"full":false,"thumbnail":false,"medium":false,"medium_large":false,"large":false,"1536x1536":false,"2048x2048":false,"trp-custom-language-flag":false,"woocommerce_thumbnail":false,"woocommerce_single":false,"woocommerce_gallery_thumbnail":false},"uagb_author_info":{"display_name":"emilkemal4@gmail.com","author_link":"https:\/\/vitaroma.fi\/tr\/author\/emilkemal4gmail-com\/"},"uagb_comment_info":0,"uagb_excerpt":"DERMALUX","_links":{"self":[{"href":"https:\/\/vitaroma.fi\/tr\/wp-json\/wp\/v2\/pages\/2457","targetHints":{"allow":["GET"]}}],"collection":[{"href":"https:\/\/vitaroma.fi\/tr\/wp-json\/wp\/v2\/pages"}],"about":[{"href":"https:\/\/vitaroma.fi\/tr\/wp-json\/wp\/v2\/types\/page"}],"author":[{"embeddable":true,"href":"https:\/\/vitaroma.fi\/tr\/wp-json\/wp\/v2\/users\/1"}],"replies":[{"embeddable":true,"href":"https:\/\/vitaroma.fi\/tr\/wp-json\/wp\/v2\/comments?post=2457"}],"version-history":[{"count":6,"href":"https:\/\/vitaroma.fi\/tr\/wp-json\/wp\/v2\/pages\/2457\/revisions"}],"predecessor-version":[{"id":2710,"href":"https:\/\/vitaroma.fi\/tr\/wp-json\/wp\/v2\/pages\/2457\/revisions\/2710"}],"wp:attachment":[{"href":"https:\/\/vitaroma.fi\/tr\/wp-json\/wp\/v2\/media?parent=2457"}],"curies":[{"name":"wp","href":"https:\/\/api.w.org\/{rel}","templated":true}]}}