{"id":1968,"date":"2025-04-25T16:39:04","date_gmt":"2025-04-25T16:39:04","guid":{"rendered":"https:\/\/vitaroma.fi\/?page_id=1968"},"modified":"2025-08-28T18:28:36","modified_gmt":"2025-08-28T16:28:36","slug":"ripset-ja-kulmat","status":"publish","type":"page","link":"https:\/\/vitaroma.fi\/tr\/kirpikler-ve-kaslar\/","title":{"rendered":"Kirpikler ve ka\u015flar"},"content":{"rendered":"<div class=\"wp-block-uagb-container uagb-block-5451af51 alignfull uagb-is-root-container\"><div class=\"uagb-container-inner-blocks-wrap\">\n<div class=\"wp-block-uagb-advanced-heading uagb-block-f45ed1f8\"><h1 class=\"uagb-heading-text\">Kirpikler ve ka\u015flar<\/h1><\/div>\n<\/div><\/div>\n\n\n\n<div class=\"wp-block-uagb-container uagb-block-wlmazrwo alignfull uagb-is-root-container\"><div class=\"uagb-container-inner-blocks-wrap\">\n<div class=\"wp-block-uagb-container uagb-block-0btjzulc alignfull uagb-is-root-container\"><div class=\"uagb-container-inner-blocks-wrap\">\n<div class=\"wp-block-uagb-image alignleft uagb-block-6xnwaqpe wp-block-uagb-image--layout-default wp-block-uagb-image--effect-static wp-block-uagb-image--align-left\"><figure class=\"wp-block-uagb-image__figure\"><img decoding=\"async\" srcset=\"https:\/\/vitaroma.fi\/wp-content\/uploads\/2025\/04\/Adsiz1-3-1024x576.png ,https:\/\/vitaroma.fi\/wp-content\/uploads\/2025\/04\/Adsiz1-3.png 780w, https:\/\/vitaroma.fi\/wp-content\/uploads\/2025\/04\/Adsiz1-3.png 360w\" sizes=\"auto, (max-width: 480px) 150px\" src=\"https:\/\/vitaroma.fi\/wp-content\/uploads\/2025\/04\/Adsiz1-3-1024x576.png\" alt=\"Kirpikler ve ka\u015flar\" class=\"uag-image-2108\" width=\"564\" height=\"400\" title=\"Kirpikler ve ka\u015flar\" loading=\"lazy\" role=\"img\"\/><\/figure><\/div>\n\n\n\n<div class=\"wp-block-uagb-container uagb-block-xrkfcv1q\">\n<div class=\"wp-block-uagb-info-box uagb-block-amettuy1 uagb-infobox__content-wrap  uagb-infobox-icon-above-title uagb-infobox-image-valign-top\"><div class=\"uagb-ifb-content\"><div class=\"uagb-ifb-title-wrap\"><h3 class=\"uagb-ifb-title\">Bak\u0131ml\u0131 ka\u015flar ve g\u00fczel kirpiklerle g\u00f6r\u00fcn\u00fcm\u00fcn\u00fcz\u00fc tamamlay\u0131n<\/h3><\/div><p class=\"uagb-ifb-desc\"><strong>Kirpikler ve ka\u015flar<\/strong> y\u00fcz\u00fcn \u00e7er\u00e7evesidir \u2013 iyi bak\u0131ld\u0131\u011f\u0131nda g\u00f6zlerinizi vurgular, t\u00fcm g\u00f6r\u00fcn\u00fcm\u00fcn\u00fcze denge ve tazelik katar. G\u00fczellik merkezi Vitaroma Clinic, her m\u00fc\u015fteriye \u00f6zel olarak haz\u0131rlanan, profesyonel olarak uygulanan kirpik ve ka\u015f bak\u0131m\u0131 hizmetleri sunmaktad\u0131r.<br>Do\u011fal bir sonu\u00e7 mu istiyorsunuz yoksa daha dramatik bir \u015fey mi? Arad\u0131\u011f\u0131n\u0131z \u00e7\u00f6z\u00fcm\u00fc bizde bulacaks\u0131n\u0131z.<\/p><\/div><\/div>\n<\/div>\n<\/div><\/div>\n<\/div><\/div>\n\n\n\n<div class=\"wp-block-uagb-container uagb-block-onenjlwh alignfull uagb-is-root-container\"><div class=\"uagb-container-inner-blocks-wrap\">\n<div class=\"wp-block-uagb-info-box uagb-block-kdw4sbfe uagb-infobox__content-wrap  uagb-infobox-icon-above-title uagb-infobox-image-valign-top\"><div class=\"uagb-ifb-content\"><div class=\"uagb-ifb-title-wrap\"><h2 class=\"uagb-ifb-title\">Hizmetler<\/h2><\/div><p class=\"uagb-ifb-desc\">Kirpik Lifting + istenirse kal\u0131c\u0131 kirpik boyama<br>Do\u011fal kirpikler <strong>y\u00fckseltilmi\u015f ve kavisli<\/strong> Uzatmalara gerek kalmadan. Sonu\u00e7 olarak g\u00f6zler a\u00e7\u0131l\u0131r, kirpikler daha belirgin hale gelir ve maskaraya olan ihtiya\u00e7 azal\u0131r.<br><strong>S\u00fcre:<\/strong> 45\u201360 dakika \u00b7 <strong>Rezistans:<\/strong> ile ilgili. <strong>4-6 hafta<\/strong> (bireysel)<br><strong>\u0130\u00e7indekiler:<\/strong> b\u00fckme + <strong>kal\u0131c\u0131 boyama<\/strong> istek \u00fczerine \u00f6zenli bir sonland\u0131rma.<br>Ka\u015f laminasyonu + \u015fekillendirme + kal\u0131c\u0131 boyama<br>Ka\u015flar <strong>istenilen y\u00f6ne ayarlanm\u0131\u015f<\/strong>, o zaman genel ifade \u015fu hale gelir <strong>daha temiz, daha dolgun<\/strong> ve daha simetrik. \u0130nce, seyrek veya &quot;vah\u015fi&quot; uzayan ka\u015flar i\u00e7in uygundur.<br><strong>S\u00fcre:<\/strong> 45\u201360 dakika \u00b7 <strong>Rezistans:<\/strong> ile ilgili. <strong>4-5 hafta<\/strong><br><strong>\u0130\u00e7indekiler:<\/strong> laminasyon, <strong>tasar\u0131m<\/strong> (c\u0131mb\u0131z\/balmumu) ve <strong>kal\u0131c\u0131 renk<\/strong> ihtiya\u00e7 duyuldu\u011funda.<br>Ka\u015f \u015fekillendirme ve kal\u0131c\u0131 boyama<br>Klasik bir hizmet <strong>\u00f6l\u00e7\u00fcyoruz ve \u00e7iziyoruz<\/strong> y\u00fcz\u00fcn\u00fcz\u00fcn oranlar\u0131na uygun olarak fazla t\u00fcyleri al\u0131yoruz ve <strong>bizim tonumuz<\/strong> k\u00f6\u015feleri iste\u011finize g\u00f6re \u015fekillendiriyoruz.<br><strong>S\u00fcre:<\/strong> 20\u201330 dakika \u00b7 <strong>Rezistans:<\/strong> renk n. <strong>3\u20134 hafta<\/strong>.<br><strong>E\u011fer isterseniz<\/strong> Kirpik ve ka\u015f hizmetlerimizi tek seansta birle\u015ftiriyoruz. Sipari\u015fi ve malzeme se\u00e7imini planl\u0131yoruz. <strong>g\u00fcvenli bir \u015fekilde<\/strong>.<\/p><\/div><\/div>\n\n\n\n<div class=\"wp-block-uagb-image uagb-block-2a28442f wp-block-uagb-image--layout-default wp-block-uagb-image--effect-static wp-block-uagb-image--align-none\"><figure class=\"wp-block-uagb-image__figure\"><img decoding=\"async\" srcset=\"https:\/\/vitaroma.fi\/wp-content\/uploads\/2025\/08\/Brow-Lamination.webp ,https:\/\/vitaroma.fi\/wp-content\/uploads\/2025\/08\/Brow-Lamination.webp 780w, https:\/\/vitaroma.fi\/wp-content\/uploads\/2025\/08\/Brow-Lamination.webp 360w\" sizes=\"auto, (max-width: 480px) 150px\" src=\"https:\/\/vitaroma.fi\/wp-content\/uploads\/2025\/08\/Brow-Lamination.webp\" alt=\"\" class=\"uag-image-2727\" width=\"600\" height=\"600\" title=\"Ka\u015f Laminasyonu\" loading=\"lazy\" role=\"img\"\/><\/figure><\/div>\n\n\n\n<div class=\"wp-block-uagb-info-box uagb-block-6f18b7a4 uagb-infobox__content-wrap  uagb-infobox-icon-above-title uagb-infobox-image-valign-top\"><div class=\"uagb-ifb-content\"><div class=\"uagb-ifb-title-wrap\"><h2 class=\"uagb-ifb-title\">Tedaviler kimler i\u00e7in uygundur?<br><\/h2><\/div><p class=\"uagb-ifb-desc\">Do\u011fal ama <strong>bak\u0131ml\u0131<\/strong> bakmak isteyenler i\u00e7in<br><strong>A\u00e7\u0131k, ince veya seyrek sa\u00e7lar i\u00e7in<\/strong> ka\u015flar\/kirpikler i\u00e7in<br>\u0130steyenler i\u00e7in <strong>sabah rutinlerini h\u0131zland\u0131rmak<\/strong> ve makyaj\u0131 azalt\u0131n<br>Foto\u011fraf\/etkinlik haz\u0131rl\u0131\u011f\u0131 yapanlar i\u00e7in (talimatlara g\u00f6re planlay\u0131n)<br><strong>\u00d6ncelikle de\u011ferlendirelim:<\/strong> aktif g\u00f6z kapa\u011f\u0131\/cilt <strong>iltihaplanma<\/strong>, k\u0131r\u0131k cilt, <strong>alerji e\u011filimi<\/strong> boyalar\/kal\u0131c\u0131lar i\u00e7in, \u00f6nceki <strong>g\u00fc\u00e7l\u00fc tepki<\/strong> \u0130lgili tedaviye. Hamilelik\/emzirme d\u00f6neminde <strong>bireysel de\u011ferlendirme<\/strong>.<\/p><\/div><\/div>\n\n\n\n<div class=\"wp-block-uagb-info-box uagb-block-ffaf723f uagb-infobox__content-wrap  uagb-infobox-icon-above-title uagb-infobox-image-valign-top\"><div class=\"uagb-ifb-content\"><div class=\"uagb-ifb-title-wrap\"><h2 class=\"uagb-ifb-title\">Tedavi ziyareti \u2013 neler oluyor?<br><\/h2><\/div><p class=\"uagb-ifb-desc\"><strong>Dan\u0131\u015fmanl\u0131k ve \u00f6l\u00e7\u00fcm<\/strong><br>Dilekleri (do\u011fal ve dramatik), y\u00fcz ifadelerini g\u00f6zden ge\u00e7iriyoruz <strong>oranlar<\/strong> ve \u00f6nceki deneyimler. Biz se\u00e7iyoruz <strong>ton ve yo\u011funluk seviyesi<\/strong>.<br><strong>Haz\u0131rl\u0131k<\/strong><br>Cilt\/kirpikler makyaj ve ya\u011fdan ar\u0131nd\u0131r\u0131l\u0131r. Ka\u015flarda ise <strong>haritalama<\/strong> (boyut \u00e7izgileri\/taslak).<br><strong>Ta\u015f\u0131ma<\/strong><br><strong>Kirpik Lifting:<\/strong> kal\u0131p + b\u00fckme ve sabitleme a\u015famalar\u0131; <strong>kal\u0131c\u0131 renk<\/strong> istek \u00fczerine.<br><strong>Laminasyon:<\/strong> yumu\u015fama ve sertle\u015fme a\u015famas\u0131, <strong>tasar\u0131m<\/strong> (c\u0131mb\u0131z\/balmumu) ve <strong>kal\u0131c\u0131 renk<\/strong>.<br>Bak\u0131m \u00fcr\u00fcnleri se\u00e7ilir <strong>iyi durumda<\/strong> ile.<br><strong>Bitirme ve talimatlar<\/strong><br>Yay\u0131l\u0131yor <strong>besleyici serum\/ya\u011f jeli<\/strong> ve gidelim <strong>sonras\u0131nda bak\u0131m<\/strong> \u0130stenirse, biz de <strong>hafif biti\u015fli makyaj<\/strong> (k\u00f6\u015fe jeli).<br><strong>S\u00fcre:<\/strong> Hizmete ba\u011fl\u0131 olarak 20\u201360 dk \u00b7 <strong>G\u00fcnl\u00fck hayata d\u00f6n\u00fc\u015f:<\/strong> hemen<\/p><\/div><\/div>\n\n\n\n<div class=\"wp-block-uagb-image uagb-block-72db4d16 wp-block-uagb-image--layout-default wp-block-uagb-image--effect-static wp-block-uagb-image--align-none\"><figure class=\"wp-block-uagb-image__figure\"><img decoding=\"async\" srcset=\"https:\/\/vitaroma.fi\/wp-content\/uploads\/2025\/08\/Eyebrows-Dubai_1_55b21079-a0b0-427f-9a80-355f0af905a5-1024x1024.webp ,https:\/\/vitaroma.fi\/wp-content\/uploads\/2025\/08\/Eyebrows-Dubai_1_55b21079-a0b0-427f-9a80-355f0af905a5.webp 780w, https:\/\/vitaroma.fi\/wp-content\/uploads\/2025\/08\/Eyebrows-Dubai_1_55b21079-a0b0-427f-9a80-355f0af905a5.webp 360w\" sizes=\"auto, (max-width: 480px) 150px\" src=\"https:\/\/vitaroma.fi\/wp-content\/uploads\/2025\/08\/Eyebrows-Dubai_1_55b21079-a0b0-427f-9a80-355f0af905a5-1024x1024.webp\" alt=\"\" class=\"uag-image-2728\" width=\"1080\" height=\"1080\" title=\"Ka\u015flar-Dubai_1_55b21079-a0b0-427f-9a80-355f0af905a5\" loading=\"lazy\" role=\"img\"\/><\/figure><\/div>\n\n\n\n<div class=\"wp-block-uagb-info-box uagb-block-e4414226 uagb-infobox__content-wrap  uagb-infobox-icon-above-title uagb-infobox-image-valign-top\"><div class=\"uagb-ifb-content\"><div class=\"uagb-ifb-title-wrap\"><h2 class=\"uagb-ifb-title\">Sonu\u00e7lar ve s\u00fcre<br><\/h2><\/div><p class=\"uagb-ifb-desc\"><strong>Kirpik Lifting:<\/strong> y\u00fckseklik ve yay \u2192 bak\u0131\u015f <strong>a\u00e7\u0131l\u0131r<\/strong>; s\u00fcresi ayr\u0131 ayr\u0131 yakla\u015f\u0131k olarak. <strong>4\u20136 hafta<\/strong>.<br><strong>Laminasyon:<\/strong> k\u00f6\u015feler ayarland\u0131 <strong>daha kal\u0131n ve daha d\u00fczg\u00fcn<\/strong> benzemek; s\u00fcresi yakla\u015f\u0131k. <strong>4\u20135 hafta<\/strong>.<br><strong>Tasar\u0131m ve renk:<\/strong> <strong>daha net bir \u00e7izgi<\/strong> ve g\u00f6lge; renk yakla\u015f\u0131k olarak kal\u0131r. <strong>3\u20134 hafta<\/strong>.<br>S\u00fcre sa\u00e7\u0131n durumuna g\u00f6re de\u011fi\u015fir <strong>b\u00fcy\u00fcme d\u00f6ng\u00fcs\u00fc<\/strong>, cilt\/sa\u00e7 <strong>ya\u011fl\u0131l\u0131k<\/strong>, evde bak\u0131m ve <strong>egzersiz\/sauna<\/strong> s\u0131ras\u0131na g\u00f6re.<\/p><\/div><\/div>\n\n\n\n<div class=\"wp-block-uagb-info-box uagb-block-c675c971 uagb-infobox__content-wrap  uagb-infobox-icon-above-title uagb-infobox-image-valign-top\"><div class=\"uagb-ifb-content\"><div class=\"uagb-ifb-title-wrap\"><h2 class=\"uagb-ifb-title\">Tedaviden \u00f6nce \u2013 bu \u015fekilde haz\u0131rlan\u0131n<br><\/h2><\/div><p class=\"uagb-ifb-desc\">Varmak <strong>temiz kirpikler\/ka\u015flarla<\/strong> (maskara, ya\u011f, sert kremler kullanmay\u0131n).<br>G\u00fc\u00e7 <strong>suya dayan\u0131kl\u0131 maskara<\/strong> ve kirpik serumlar\u0131 <strong>24\u201348 saat<\/strong> \u00f6nce.<br><strong>Kontakt lensler \u00e7\u0131kar\u0131ld\u0131<\/strong> Kirpik Lifting \u0130\u00e7in (K\u0131l\u0131f\u0131n\u0131z\u0131 yan\u0131n\u0131zda getirin).<br>HAYIR <strong>K\u00f6\u015felerin laminasyonu\/renklendirilmesi<\/strong> 7 g\u00fcn i\u00e7inde (farkl\u0131 bir yerde yap\u0131l\u0131rsa).<br>S\u00f6ylemek <strong>hassasiyetler\/alerjiler<\/strong>; gerekirse, biz <strong>test dokunu\u015fu<\/strong>.<\/p><\/div><\/div>\n\n\n\n<div class=\"wp-block-uagb-info-box uagb-block-aa58816b uagb-infobox__content-wrap  uagb-infobox-icon-above-title uagb-infobox-image-valign-top\"><div class=\"uagb-ifb-content\"><div class=\"uagb-ifb-title-wrap\"><h2 class=\"uagb-ifb-title\">Sonraki bak\u0131m \u2013 ilk 24-48 saat en \u00f6nemli olan\u0131d\u0131r<br><\/h2><\/div><p class=\"uagb-ifb-desc\"><strong>Sulamay\u0131n<\/strong> kirpikler\/ka\u015flar 24 saat \u00b7 ka\u00e7\u0131n\u0131n <strong>sauna, terleme, buhar<\/strong>.<br><strong>Makyaj\/ya\u011f yok<\/strong> \u0130lk g\u00fcn tedavi edilen b\u00f6lgeye uygulan\u0131r.<br><strong>F\u0131r\u00e7alamak<\/strong> kirpikler\/ka\u015flar <strong>g\u00fcnl\u00fck<\/strong> kuru (f\u0131r\u00e7a\/spoolie).<br>Kullanmak <strong>besleyici serum\/ya\u011f<\/strong> talimatlara g\u00f6re (laminasyondan sonra, 2. g\u00fcn ba\u015flay\u0131n \u2192 kuruluk \u00f6nleme).<br>G\u00fc\u00e7 <strong>suya dayan\u0131kl\u0131 maskara<\/strong>; makyaj\u0131 \u00e7\u0131karmak <strong>sevgiyle<\/strong> (ilk g\u00fcn ya\u011fl\u0131 olmaz).<br><br><\/p><\/div><\/div>\n\n\n\n<div class=\"wp-block-uagb-info-box uagb-block-09d76247 uagb-infobox__content-wrap  uagb-infobox-icon-above-title uagb-infobox-image-valign-top\"><div class=\"uagb-ifb-content\"><div class=\"uagb-ifb-title-wrap\"><h2 class=\"uagb-ifb-title\">SSS \u2013 s\u0131k sorulan sorular<br><\/h2><\/div><p class=\"uagb-ifb-desc\"><strong>Tedavi ac\u0131 veriyor mu?<\/strong><br>Hay\u0131r. Bilgi <strong>hafif<\/strong>; g\u00f6zler kapal\u0131 tutulur ve b\u00f6lge korunur.<br><strong>Tedaviden sonra spor yapabilir miyim?<\/strong><br>G\u00fc\u00e7 <strong>terleme\/sauna<\/strong> ve buhar <strong>24 saat<\/strong> \u2013 nem sonucu olumsuz etkileyebilir.<br><strong>Peki ya sa\u00e7lar \u00e7ok ince\/seyrekse?<\/strong><br>Tavsiye ediyoruz <strong>laminasyon + renklendirme<\/strong> k\u00f6\u015feler ve <strong>Kirpik Lifting + Renklendirme<\/strong> kirpiklere; vurguluyorlar <strong>mevcut<\/strong> ac\u0131.<br><strong>Hassas ciltler i\u00e7in uygun mudur?<\/strong><br>\u00c7o\u011fu zaman evet, ama gerekti\u011finde yap\u0131yoruz <strong>test dokunu\u015fu<\/strong> ve biz se\u00e7iyoruz <strong>daha hafif<\/strong> protokol.<br><strong>Ne s\u0131kl\u0131kla yenileme yapabilirim?<\/strong><br>Genellikle <strong>4\u20138 hafta<\/strong> aral\u0131klarla. Size veriyoruz <strong>bireysel program<\/strong>.<br><\/p><\/div><\/div>\n\n\n\n<div class=\"wp-block-uagb-image uagb-block-821f5dab wp-block-uagb-image--layout-default wp-block-uagb-image--effect-static wp-block-uagb-image--align-none\"><figure class=\"wp-block-uagb-image__figure\"><img decoding=\"async\" srcset=\"https:\/\/vitaroma.fi\/wp-content\/uploads\/2025\/08\/microblading-kas-23092020-min-1-1024x576.webp ,https:\/\/vitaroma.fi\/wp-content\/uploads\/2025\/08\/microblading-kas-23092020-min-1.webp 780w, https:\/\/vitaroma.fi\/wp-content\/uploads\/2025\/08\/microblading-kas-23092020-min-1.webp 360w\" sizes=\"auto, (max-width: 480px) 150px\" src=\"https:\/\/vitaroma.fi\/wp-content\/uploads\/2025\/08\/microblading-kas-23092020-min-1-1024x576.webp\" alt=\"\" class=\"uag-image-2729\" width=\"1280\" height=\"720\" title=\"microblading-kas-23092020-min\" loading=\"lazy\" role=\"img\"\/><\/figure><\/div>\n\n\n\n<div class=\"wp-block-uagb-info-box uagb-block-d279a481 uagb-infobox__content-wrap  uagb-infobox-icon-above-title uagb-infobox-image-valign-top\"><div class=\"uagb-ifb-content\"><div class=\"uagb-ifb-title-wrap\"><h2 class=\"uagb-ifb-title\">Neden Vitaroma&#039;y\u0131 se\u00e7melisiniz?<br><\/h2><\/div><p class=\"uagb-ifb-desc\"><strong>Bireysel tasar\u0131m<\/strong> (oranlar, tonlar, yo\u011funluk)<br><strong>Hijyenik \u00e7al\u0131\u015fma<\/strong> ve kaliteli \u00fcr\u00fcnler<br><strong>Net bak\u0131m sonras\u0131<\/strong> \u2192 daha uzun s\u00fcre kal\u0131c\u0131 ve daha g\u00fczel sonu\u00e7lar<br>E\u011fer isterseniz <strong>ba\u011flan\u0131yoruz<\/strong> Tek seansta kirpik ve ka\u015f bak\u0131m\u0131<br><strong>Kirpik ve ka\u015f hizmetleri i\u00e7in randevu al\u0131n \u2192<\/strong><\/p><\/div><\/div>\n<\/div><\/div>\n\n\n\n<div class=\"wp-block-uagb-container uagb-block-9caa1a47 alignfull uagb-is-root-container\"><div class=\"uagb-container-inner-blocks-wrap\">\n<div class=\"wp-block-uagb-advanced-heading uagb-block-1ed0e64e\"><div class=\"uagb-heading-text\">Yard\u0131m edelim.<\/div><\/div>\n\n\n\n<div class=\"wp-block-uagb-advanced-heading uagb-block-3a57683f\"><h2 class=\"uagb-heading-text\">Bize Ula\u015f\u0131n<\/h2><\/div>\n\n\n\n<div class=\"wp-block-uagb-buttons uagb-buttons__outer-wrap uagb-btn__default-btn uagb-btn-tablet__default-btn uagb-btn-mobile__default-btn uagb-block-9979be0d\"><div class=\"uagb-buttons__wrap uagb-buttons-layout-wrap\">\n<div class=\"wp-block-uagb-buttons-child uagb-buttons__outer-wrap uagb-block-84fd34e5 wp-block-button\"><div class=\"uagb-button__wrapper\"><a class=\"uagb-buttons-repeater wp-block-button__link\" aria-label=\"\" href=\"https:\/\/timma.fi\/yritys\/kauneuskeskus-vitaroma\" rel=\"follow noopener\" target=\"_self\" role=\"button\"><div class=\"uagb-button__link\">Randevu Al\u0131n<\/div><\/a><\/div><\/div>\n<\/div><\/div>\n\n\n\n<div class=\"wp-block-uagb-buttons uagb-buttons__outer-wrap uagb-btn__default-btn uagb-btn-tablet__default-btn uagb-btn-mobile__default-btn uagb-block-f7add131\"><div class=\"uagb-buttons__wrap uagb-buttons-layout-wrap\">\n<div class=\"wp-block-uagb-buttons-child uagb-buttons__outer-wrap uagb-block-0c11dd62 wp-block-button\"><div class=\"uagb-button__wrapper\"><a class=\"uagb-buttons-repeater wp-block-button__link\" aria-label=\"\" href=\"https:\/\/vitaroma.fi\/tr\/iletisime-gecin\/\" rel=\"follow noopener\" target=\"_self\" role=\"button\"><div class=\"uagb-button__link\">Bize Ula\u015f\u0131n<\/div><\/a><\/div><\/div>\n<\/div><\/div>\n\n\n\n<div class=\"wp-block-uagb-buttons uagb-buttons__outer-wrap uagb-btn__default-btn uagb-btn-tablet__default-btn uagb-btn-mobile__default-btn uagb-block-69da2b3b\"><div class=\"uagb-buttons__wrap uagb-buttons-layout-wrap\">\n<div class=\"wp-block-uagb-buttons-child uagb-buttons__outer-wrap uagb-block-1018754e wp-block-button\"><div class=\"uagb-button__wrapper\"><a class=\"uagb-buttons-repeater wp-block-button__link\" aria-label=\"\" href=\"https:\/\/vitaroma.fi\/tr\/hakkimizda-bilgi\/\" rel=\"follow noopener\" target=\"_self\" role=\"button\"><div class=\"uagb-button__link\">Hakk\u0131m\u0131zda<\/div><\/a><\/div><\/div>\n<\/div><\/div>\n\n\n\n<div class=\"wp-block-uagb-advanced-heading uagb-block-838a0a13\"><div class=\"uagb-separator\"><\/div><h3 class=\"uagb-heading-text\">\u00dccretsiz tavsiye? 050 365 2103<\/h3><\/div>\n\n\n\n<!-- Font Awesome CDN -->\n<link rel=\"stylesheet\" href=\"https:\/\/cdnjs.cloudflare.com\/ajax\/libs\/font-awesome\/6.4.0\/css\/all.min.css\">\n\n<div class=\"social-links\">\n  <a href=\"https:\/\/www.instagram.com\/kauneuskeskusvitaroma_clinic\/\" target=\"_blank\" rel=\"noopener\" class=\"instagram\">\n    <i class=\"fab fa-instagram\"><\/i> G\u00fczellik merkezi Vitaroma\n  <\/a>\n  <a href=\"https:\/\/www.facebook.com\/61567042467466\/about\/\" target=\"_blank\" rel=\"noopener\" class=\"facebook\">\n    <i class=\"fab fa-facebook\"><\/i> G\u00fczellik merkezi Vitaroma\n  <\/a>\n<\/div>\n\n<style>\n  .social-links {\n    display: flex;\n    justify-content: center;\n    gap: 20px;\n    margin-top: 10px;\n  }\n\n  .social-links a {\n    display: flex;\n    align-items: center;\n    gap: 10px;\n    padding: 12px 20px;\n    font-size: 18px;\n    font-weight: 600;\n    text-decoration: none;\n    color: #fff;\n    background: rgba(0, 0, 0, 0.35);\n    border: 2px solid rgba(255, 255, 255, 0.5);\n    border-radius: 8px;\n    transition: all 0.3s ease;\n    box-shadow: 0 3px 8px rgba(0, 0, 0, 0.2);\n    backdrop-filter: blur(5px);\n  }\n\n  .social-links a i {\n    font-size: 22px;\n  }\n\n  \/* Hover efektleri *\/\n  .social-links a.instagram:hover {\n    background: #E1306C;\n    color: #fff;\n    border-color: #E1306C;\n  }\n\n  .social-links a.facebook:hover {\n    background: #1877F2;\n    color: #fff;\n    border-color: #1877F2;\n  }\n<\/style>\n\n<\/div><\/div>","protected":false},"excerpt":{"rendered":"<p>Kirpikler ve ka\u015flar<\/p>","protected":false},"author":1,"featured_media":0,"parent":0,"menu_order":0,"comment_status":"closed","ping_status":"closed","template":"","meta":{"_surecart_dashboard_logo_width":"180px","_surecart_dashboard_show_logo":true,"_surecart_dashboard_navigation_orders":true,"_surecart_dashboard_navigation_invoices":true,"_surecart_dashboard_navigation_subscriptions":true,"_surecart_dashboard_navigation_downloads":true,"_surecart_dashboard_navigation_billing":true,"_surecart_dashboard_navigation_account":true,"_uag_custom_page_level_css":"","site-sidebar-layout":"default","site-content-layout":"","ast-site-content-layout":"default","site-content-style":"default","site-sidebar-style":"default","ast-global-header-display":"","ast-banner-title-visibility":"","ast-main-header-display":"","ast-hfb-above-header-display":"","ast-hfb-below-header-display":"","ast-hfb-mobile-header-display":"","site-post-title":"disabled","ast-breadcrumbs-content":"","ast-featured-img":"","footer-sml-layout":"","theme-transparent-header-meta":"","adv-header-id-meta":"","stick-header-meta":"","header-above-stick-meta":"","header-main-stick-meta":"","header-below-stick-meta":"","astra-migrate-meta-layouts":"set","ast-page-background-enabled":"default","ast-page-background-meta":{"desktop":{"background-color":"var(--ast-global-color-4)","background-image":"","background-repeat":"repeat","background-position":"center center","background-size":"auto","background-attachment":"scroll","background-type":"","background-media":"","overlay-type":"","overlay-color":"","overlay-opacity":"","overlay-gradient":""},"tablet":{"background-color":"","background-image":"","background-repeat":"repeat","background-position":"center center","background-size":"auto","background-attachment":"scroll","background-type":"","background-media":"","overlay-type":"","overlay-color":"","overlay-opacity":"","overlay-gradient":""},"mobile":{"background-color":"","background-image":"","background-repeat":"repeat","background-position":"center center","background-size":"auto","background-attachment":"scroll","background-type":"","background-media":"","overlay-type":"","overlay-color":"","overlay-opacity":"","overlay-gradient":""}},"ast-content-background-meta":{"desktop":{"background-color":"var(--ast-global-color-5)","background-image":"","background-repeat":"repeat","background-position":"center center","background-size":"auto","background-attachment":"scroll","background-type":"","background-media":"","overlay-type":"","overlay-color":"","overlay-opacity":"","overlay-gradient":""},"tablet":{"background-color":"var(--ast-global-color-5)","background-image":"","background-repeat":"repeat","background-position":"center center","background-size":"auto","background-attachment":"scroll","background-type":"","background-media":"","overlay-type":"","overlay-color":"","overlay-opacity":"","overlay-gradient":""},"mobile":{"background-color":"var(--ast-global-color-5)","background-image":"","background-repeat":"repeat","background-position":"center center","background-size":"auto","background-attachment":"scroll","background-type":"","background-media":"","overlay-type":"","overlay-color":"","overlay-opacity":"","overlay-gradient":""}},"footnotes":""},"class_list":["post-1968","page","type-page","status-publish","hentry"],"uagb_featured_image_src":{"full":false,"thumbnail":false,"medium":false,"medium_large":false,"large":false,"1536x1536":false,"2048x2048":false,"trp-custom-language-flag":false,"woocommerce_thumbnail":false,"woocommerce_single":false,"woocommerce_gallery_thumbnail":false},"uagb_author_info":{"display_name":"emilkemal4@gmail.com","author_link":"https:\/\/vitaroma.fi\/tr\/author\/emilkemal4gmail-com\/"},"uagb_comment_info":0,"uagb_excerpt":"Ripset ja kulmat","_links":{"self":[{"href":"https:\/\/vitaroma.fi\/tr\/wp-json\/wp\/v2\/pages\/1968","targetHints":{"allow":["GET"]}}],"collection":[{"href":"https:\/\/vitaroma.fi\/tr\/wp-json\/wp\/v2\/pages"}],"about":[{"href":"https:\/\/vitaroma.fi\/tr\/wp-json\/wp\/v2\/types\/page"}],"author":[{"embeddable":true,"href":"https:\/\/vitaroma.fi\/tr\/wp-json\/wp\/v2\/users\/1"}],"replies":[{"embeddable":true,"href":"https:\/\/vitaroma.fi\/tr\/wp-json\/wp\/v2\/comments?post=1968"}],"version-history":[{"count":8,"href":"https:\/\/vitaroma.fi\/tr\/wp-json\/wp\/v2\/pages\/1968\/revisions"}],"predecessor-version":[{"id":2730,"href":"https:\/\/vitaroma.fi\/tr\/wp-json\/wp\/v2\/pages\/1968\/revisions\/2730"}],"wp:attachment":[{"href":"https:\/\/vitaroma.fi\/tr\/wp-json\/wp\/v2\/media?parent=1968"}],"curies":[{"name":"wp","href":"https:\/\/api.w.org\/{rel}","templated":true}]}}