{"id":1949,"date":"2025-04-25T16:23:21","date_gmt":"2025-04-25T16:23:21","guid":{"rendered":"https:\/\/vitaroma.fi\/?page_id=1949"},"modified":"2025-04-25T21:00:21","modified_gmt":"2025-04-25T21:00:21","slug":"diode-laser-hoito","status":"publish","type":"page","link":"https:\/\/vitaroma.fi\/tr\/diyot-lazer-tedavisi\/","title":{"rendered":"Diyot lazer tedavisi"},"content":{"rendered":"<div class=\"wp-block-uagb-container uagb-block-5451af51 alignfull uagb-is-root-container\"><div class=\"uagb-container-inner-blocks-wrap\">\n<div class=\"wp-block-uagb-advanced-heading uagb-block-f45ed1f8\"><h1 class=\"uagb-heading-text\">Diyot lazer tedavisi<\/h1><\/div>\n<\/div><\/div>\n\n\n\n<div class=\"wp-block-uagb-container uagb-block-wlmazrwo alignfull uagb-is-root-container\"><div class=\"uagb-container-inner-blocks-wrap\">\n<div class=\"wp-block-uagb-container uagb-block-0btjzulc alignfull uagb-is-root-container\"><div class=\"uagb-container-inner-blocks-wrap\">\n<div class=\"wp-block-uagb-image alignleft uagb-block-6xnwaqpe wp-block-uagb-image--layout-default wp-block-uagb-image--effect-static wp-block-uagb-image--align-left\"><figure class=\"wp-block-uagb-image__figure\"><img decoding=\"async\" srcset=\"https:\/\/vitaroma.fi\/wp-content\/uploads\/2025\/04\/Adsiz6-1-1024x576.png ,https:\/\/vitaroma.fi\/wp-content\/uploads\/2025\/04\/Adsiz6-1.png 780w, https:\/\/vitaroma.fi\/wp-content\/uploads\/2025\/04\/Adsiz6-1.png 360w\" sizes=\"auto, (max-width: 480px) 150px\" src=\"https:\/\/vitaroma.fi\/wp-content\/uploads\/2025\/04\/Adsiz6-1-1024x576.png\" alt=\"Diyot lazer tedavisi\" class=\"uag-image-2095\" width=\"564\" height=\"400\" title=\"Diyot lazer tedavisi\" loading=\"lazy\" role=\"img\"\/><\/figure><\/div>\n\n\n\n<div class=\"wp-block-uagb-container uagb-block-xrkfcv1q\">\n<div class=\"wp-block-uagb-info-box uagb-block-amettuy1 uagb-infobox__content-wrap  uagb-infobox-icon-above-title uagb-infobox-image-valign-top\"><div class=\"uagb-ifb-content\"><div class=\"uagb-ifb-title-wrap\"><h3 class=\"uagb-ifb-title\">Yeni nesil epilasyon teknolojisi \u2013 etkili, nazik ve g\u00fcvenli<\/h3><\/div><p class=\"uagb-ifb-desc\"><strong>Diyot lazer tedavisi<\/strong> Kal\u0131c\u0131 epilasyonda en modern ve etkili y\u00f6ntemdir. Bu, \u015funa dayanmaktad\u0131r: <strong>tek frekansl\u0131 lazer enerjisi<\/strong>\u00c7evre dokuya zarar vermeden, k\u0131l k\u00f6k\u00fcn\u00fc hedef alan bir y\u00f6ntemdir. Bu, diyot lazeri daha hassas cilt b\u00f6lgeleri ve daha fazlas\u0131n\u0131 bekleyen daha zorlu m\u00fc\u015fteriler i\u00e7in bile ideal bir se\u00e7im haline getirir. <strong>minimum rahats\u0131zl\u0131kla maksimum g\u00fc\u00e7<\/strong>.<\/p><\/div><\/div>\n<\/div>\n<\/div><\/div>\n<\/div><\/div>\n\n\n\n<div class=\"wp-block-uagb-container uagb-block-onenjlwh alignfull uagb-is-root-container\"><div class=\"uagb-container-inner-blocks-wrap\">\n<div class=\"wp-block-uagb-info-box uagb-block-kdw4sbfe uagb-infobox__content-wrap  uagb-infobox-icon-above-title uagb-infobox-image-valign-top\"><div class=\"uagb-ifb-content\"><div class=\"uagb-ifb-title-wrap\"><h2 class=\"uagb-ifb-title\">Neden diyot lazer tercih edilmeli?<\/h2><\/div><p class=\"uagb-ifb-desc\">IPL (yo\u011fun darbeli \u0131\u015f\u0131k) veya eski lazerlerin aksine, diyot lazeri <strong>tek bir kesin dalga boyunda (genellikle 808 nm)<\/strong>Cildin daha derin katmanlar\u0131n\u0131 hedef alan. \u015eunlara izin verir:<br><strong>Daha hassas t\u00fcy alma i\u00e7in<\/strong><br><strong>Daha az cilt reaksiyonu veya tahri\u015fi<\/strong><br><strong>Daha k\u0131sa tedavi s\u00fcresi<\/strong><br><strong>Bir\u00e7ok cilt tipine uygundur<\/strong> (A\u00e7\u0131k veya hafif koyu ciltler i\u00e7in de)<\/p><\/div><\/div>\n\n\n\n<div class=\"wp-block-uagb-info-box uagb-block-6f18b7a4 uagb-infobox__content-wrap  uagb-infobox-icon-above-title uagb-infobox-image-valign-top\"><div class=\"uagb-ifb-content\"><div class=\"uagb-ifb-title-wrap\"><h2 class=\"uagb-ifb-title\">Tedavi bu \u015fekilde ilerliyor<\/h2><\/div><p class=\"uagb-ifb-desc\"><strong>Diode lazer tedavisi her zaman bir kons\u00fcltasyonla ba\u015flar.<\/strong>Cilt tipini, sa\u00e7 rengini ve b\u00fcy\u00fcme d\u00f6ng\u00fclerini haritalayan. Tedavi s\u00fcreci:<br>Cilt temizli\u011fi ve gerekirse t\u0131ra\u015f<br>Ki\u015fiselle\u015ftirilmi\u015f ayarlar\u0131 se\u00e7me<br>Lazer darbelerinin hassas ve d\u00fczg\u00fcn dozajlanmas\u0131<br>Yat\u0131\u015ft\u0131r\u0131c\u0131 ve nemlendirici bir jel ile bitirin<br>Tedavi sonras\u0131 talimatlar ve takip bak\u0131m plan\u0131<br>Tedavi s\u0131ras\u0131nda \u015funlar\u0131 hissedeceksiniz: <strong>s\u0131cakl\u0131k ve biraz \u00e7imdikleme<\/strong>Ancak diyot lazerin so\u011futma ba\u015fl\u0131\u011f\u0131 rahats\u0131zl\u0131\u011f\u0131 \u00f6nemli \u00f6l\u00e7\u00fcde azalt\u0131r.<\/p><\/div><\/div>\n\n\n\n<div class=\"wp-block-uagb-info-box uagb-block-ffaf723f uagb-infobox__content-wrap  uagb-infobox-icon-above-title uagb-infobox-image-valign-top\"><div class=\"uagb-ifb-content\"><div class=\"uagb-ifb-title-wrap\"><h2 class=\"uagb-ifb-title\">Hangi b\u00f6lgelere uygulanabilir?<\/h2><\/div><p class=\"uagb-ifb-desc\">Diyot lazer v\u00fccudun hemen hemen her b\u00f6lgesine uygulanabilir:<br>\u00dcst dudak, \u00e7ene, yanaklar<br>Koltuk alt\u0131<br>Bikini\/s\u00fctyen alan\u0131<br>Alt bacaklar, uyluklar<br>S\u0131rt, g\u00f6\u011f\u00fcs, kar\u0131n<br>Silahlar<\/p><\/div><\/div>\n\n\n\n<div class=\"wp-block-uagb-info-box uagb-block-e4414226 uagb-infobox__content-wrap  uagb-infobox-icon-above-title uagb-infobox-image-valign-top\"><div class=\"uagb-ifb-content\"><div class=\"uagb-ifb-title-wrap\"><h2 class=\"uagb-ifb-title\">Tedaviden sonra<\/h2><\/div><p class=\"uagb-ifb-desc\"><strong>Ciltte hafif s\u0131cakl\u0131k veya k\u0131zar\u0131kl\u0131k olabilir.<\/strong>Ancak \u00e7o\u011fu zaman bu durum birka\u00e7 saat i\u00e7inde d\u00fczelir. \u00d6nemli olan:<br><strong>G\u00fcne\u015ften ka\u00e7\u0131n\u0131n<\/strong> Tedaviden sonra (SPF 50+ \u00f6nerilir)<br>\u0130lk 48 saat boyunca peeling kullanmay\u0131n<br>24-48 saat boyunca saunaya girmekten, y\u00fczmekten ve terlemekten ka\u00e7\u0131n\u0131n<br>Tedavi s\u00fcresince t\u00fcylerinizi yolmay\u0131n veya a\u011fda yapmay\u0131n - sadece t\u0131ra\u015fa izin verilir<\/p><\/div><\/div>\n\n\n\n<div class=\"wp-block-uagb-info-box uagb-block-e2934bd1 uagb-infobox__content-wrap  uagb-infobox-icon-above-title uagb-infobox-image-valign-top\"><div class=\"uagb-ifb-content\"><div class=\"uagb-ifb-title-wrap\"><h2 class=\"uagb-ifb-title\">Tedavi aral\u0131klar\u0131 ve sonu\u00e7lar\u0131<\/h2><\/div><p class=\"uagb-ifb-desc\">K\u0131llar farkl\u0131 evrelerde (anagen, katagen, telogen) uzar, bu nedenle diyot lazer en etkili y\u00f6ntemdir. <strong>aktif b\u00fcy\u00fcme evresindeki sa\u00e7lar i\u00e7in<\/strong>. Bu nedenle tedavi bir seri halinde yap\u0131l\u0131r:<br><strong>Tedavi \u00f6nerisi:<\/strong> 6\u20138 kez<br><strong>Tedavi aral\u0131\u011f\u0131:<\/strong> B\u00f6lgeye ba\u011fl\u0131 olarak 4\u20138 hafta<br><strong>\u0130lk sonu\u00e7lar 1-2 tedaviden sonra g\u00f6r\u00fcl\u00fcr<\/strong><br>M\u00fckemmel t\u00fcys\u00fczl\u00fck d\u00fczenlilik gerektirir<\/p><\/div><\/div>\n<\/div><\/div>\n\n\n\n<div class=\"wp-block-uagb-container uagb-block-9caa1a47 alignfull uagb-is-root-container\"><div class=\"uagb-container-inner-blocks-wrap\">\n<div class=\"wp-block-uagb-advanced-heading uagb-block-1ed0e64e\"><div class=\"uagb-heading-text\">Yard\u0131m edelim.<\/div><\/div>\n\n\n\n<div class=\"wp-block-uagb-advanced-heading uagb-block-3a57683f\"><h2 class=\"uagb-heading-text\">Bize Ula\u015f\u0131n<\/h2><\/div>\n\n\n\n<div class=\"wp-block-uagb-buttons uagb-buttons__outer-wrap uagb-btn__default-btn uagb-btn-tablet__default-btn uagb-btn-mobile__default-btn uagb-block-9979be0d\"><div class=\"uagb-buttons__wrap uagb-buttons-layout-wrap\">\n<div class=\"wp-block-uagb-buttons-child uagb-buttons__outer-wrap uagb-block-84fd34e5 wp-block-button\"><div class=\"uagb-button__wrapper\"><a class=\"uagb-buttons-repeater wp-block-button__link\" aria-label=\"\" href=\"https:\/\/timma.fi\/yritys\/kauneuskeskus-vitaroma\" rel=\"follow noopener\" target=\"_self\" role=\"button\"><div class=\"uagb-button__link\">Randevu Al\u0131n<\/div><\/a><\/div><\/div>\n<\/div><\/div>\n\n\n\n<div class=\"wp-block-uagb-buttons uagb-buttons__outer-wrap uagb-btn__default-btn uagb-btn-tablet__default-btn uagb-btn-mobile__default-btn uagb-block-f7add131\"><div class=\"uagb-buttons__wrap uagb-buttons-layout-wrap\">\n<div class=\"wp-block-uagb-buttons-child uagb-buttons__outer-wrap uagb-block-0c11dd62 wp-block-button\"><div class=\"uagb-button__wrapper\"><a class=\"uagb-buttons-repeater wp-block-button__link\" aria-label=\"\" href=\"https:\/\/vitaroma.fi\/tr\/iletisime-gecin\/\" rel=\"follow noopener\" target=\"_self\" role=\"button\"><div class=\"uagb-button__link\">Bize Ula\u015f\u0131n<\/div><\/a><\/div><\/div>\n<\/div><\/div>\n\n\n\n<div class=\"wp-block-uagb-buttons uagb-buttons__outer-wrap uagb-btn__default-btn uagb-btn-tablet__default-btn uagb-btn-mobile__default-btn uagb-block-69da2b3b\"><div class=\"uagb-buttons__wrap uagb-buttons-layout-wrap\">\n<div class=\"wp-block-uagb-buttons-child uagb-buttons__outer-wrap uagb-block-1018754e wp-block-button\"><div class=\"uagb-button__wrapper\"><a class=\"uagb-buttons-repeater wp-block-button__link\" aria-label=\"\" href=\"https:\/\/vitaroma.fi\/tr\/hakkimizda-bilgi\/\" rel=\"follow noopener\" target=\"_self\" role=\"button\"><div class=\"uagb-button__link\">Hakk\u0131m\u0131zda<\/div><\/a><\/div><\/div>\n<\/div><\/div>\n\n\n\n<div class=\"wp-block-uagb-advanced-heading uagb-block-838a0a13\"><div class=\"uagb-separator\"><\/div><h3 class=\"uagb-heading-text\">\u00dccretsiz tavsiye? 050 365 2103<\/h3><\/div>\n\n\n\n<!-- Font Awesome CDN -->\n<link rel=\"stylesheet\" href=\"https:\/\/cdnjs.cloudflare.com\/ajax\/libs\/font-awesome\/6.4.0\/css\/all.min.css\">\n\n<div class=\"social-links\">\n  <a href=\"https:\/\/www.instagram.com\/kauneuskeskusvitaroma_clinic\/\" target=\"_blank\" rel=\"noopener\" class=\"instagram\">\n    <i class=\"fab fa-instagram\"><\/i> G\u00fczellik merkezi Vitaroma\n  <\/a>\n  <a href=\"https:\/\/www.facebook.com\/61567042467466\/about\/\" target=\"_blank\" rel=\"noopener\" class=\"facebook\">\n    <i class=\"fab fa-facebook\"><\/i> G\u00fczellik merkezi Vitaroma\n  <\/a>\n<\/div>\n\n<style>\n  .social-links {\n    display: flex;\n    justify-content: center;\n    gap: 20px;\n    margin-top: 10px;\n  }\n\n  .social-links a {\n    display: flex;\n    align-items: center;\n    gap: 10px;\n    padding: 12px 20px;\n    font-size: 18px;\n    font-weight: 600;\n    text-decoration: none;\n    color: #fff;\n    background: rgba(0, 0, 0, 0.35);\n    border: 2px solid rgba(255, 255, 255, 0.5);\n    border-radius: 8px;\n    transition: all 0.3s ease;\n    box-shadow: 0 3px 8px rgba(0, 0, 0, 0.2);\n    backdrop-filter: blur(5px);\n  }\n\n  .social-links a i {\n    font-size: 22px;\n  }\n\n  \/* Hover efektleri *\/\n  .social-links a.instagram:hover {\n    background: #E1306C;\n    color: #fff;\n    border-color: #E1306C;\n  }\n\n  .social-links a.facebook:hover {\n    background: #1877F2;\n    color: #fff;\n    border-color: #1877F2;\n  }\n<\/style>\n\n<\/div><\/div>","protected":false},"excerpt":{"rendered":"<p>Diyot lazer tedavisi<\/p>","protected":false},"author":1,"featured_media":0,"parent":0,"menu_order":0,"comment_status":"closed","ping_status":"closed","template":"","meta":{"_surecart_dashboard_logo_width":"180px","_surecart_dashboard_show_logo":true,"_surecart_dashboard_navigation_orders":true,"_surecart_dashboard_navigation_invoices":true,"_surecart_dashboard_navigation_subscriptions":true,"_surecart_dashboard_navigation_downloads":true,"_surecart_dashboard_navigation_billing":true,"_surecart_dashboard_navigation_account":true,"_uag_custom_page_level_css":"","site-sidebar-layout":"default","site-content-layout":"","ast-site-content-layout":"default","site-content-style":"default","site-sidebar-style":"default","ast-global-header-display":"","ast-banner-title-visibility":"","ast-main-header-display":"","ast-hfb-above-header-display":"","ast-hfb-below-header-display":"","ast-hfb-mobile-header-display":"","site-post-title":"disabled","ast-breadcrumbs-content":"","ast-featured-img":"","footer-sml-layout":"","ast-disable-related-posts":"","theme-transparent-header-meta":"","adv-header-id-meta":"","stick-header-meta":"","header-above-stick-meta":"","header-main-stick-meta":"","header-below-stick-meta":"","astra-migrate-meta-layouts":"set","ast-page-background-enabled":"default","ast-page-background-meta":{"desktop":{"background-color":"var(--ast-global-color-4)","background-image":"","background-repeat":"repeat","background-position":"center center","background-size":"auto","background-attachment":"scroll","background-type":"","background-media":"","overlay-type":"","overlay-color":"","overlay-opacity":"","overlay-gradient":""},"tablet":{"background-color":"","background-image":"","background-repeat":"repeat","background-position":"center center","background-size":"auto","background-attachment":"scroll","background-type":"","background-media":"","overlay-type":"","overlay-color":"","overlay-opacity":"","overlay-gradient":""},"mobile":{"background-color":"","background-image":"","background-repeat":"repeat","background-position":"center center","background-size":"auto","background-attachment":"scroll","background-type":"","background-media":"","overlay-type":"","overlay-color":"","overlay-opacity":"","overlay-gradient":""}},"ast-content-background-meta":{"desktop":{"background-color":"var(--ast-global-color-5)","background-image":"","background-repeat":"repeat","background-position":"center center","background-size":"auto","background-attachment":"scroll","background-type":"","background-media":"","overlay-type":"","overlay-color":"","overlay-opacity":"","overlay-gradient":""},"tablet":{"background-color":"var(--ast-global-color-5)","background-image":"","background-repeat":"repeat","background-position":"center center","background-size":"auto","background-attachment":"scroll","background-type":"","background-media":"","overlay-type":"","overlay-color":"","overlay-opacity":"","overlay-gradient":""},"mobile":{"background-color":"var(--ast-global-color-5)","background-image":"","background-repeat":"repeat","background-position":"center center","background-size":"auto","background-attachment":"scroll","background-type":"","background-media":"","overlay-type":"","overlay-color":"","overlay-opacity":"","overlay-gradient":""}},"footnotes":""},"class_list":["post-1949","page","type-page","status-publish","hentry"],"uagb_featured_image_src":{"full":false,"thumbnail":false,"medium":false,"medium_large":false,"large":false,"1536x1536":false,"2048x2048":false,"trp-custom-language-flag":false,"woocommerce_thumbnail":false,"woocommerce_single":false,"woocommerce_gallery_thumbnail":false},"uagb_author_info":{"display_name":"emilkemal4@gmail.com","author_link":"https:\/\/vitaroma.fi\/tr\/author\/emilkemal4gmail-com\/"},"uagb_comment_info":0,"uagb_excerpt":"Diode-laser hoito","_links":{"self":[{"href":"https:\/\/vitaroma.fi\/tr\/wp-json\/wp\/v2\/pages\/1949","targetHints":{"allow":["GET"]}}],"collection":[{"href":"https:\/\/vitaroma.fi\/tr\/wp-json\/wp\/v2\/pages"}],"about":[{"href":"https:\/\/vitaroma.fi\/tr\/wp-json\/wp\/v2\/types\/page"}],"author":[{"embeddable":true,"href":"https:\/\/vitaroma.fi\/tr\/wp-json\/wp\/v2\/users\/1"}],"replies":[{"embeddable":true,"href":"https:\/\/vitaroma.fi\/tr\/wp-json\/wp\/v2\/comments?post=1949"}],"version-history":[{"count":8,"href":"https:\/\/vitaroma.fi\/tr\/wp-json\/wp\/v2\/pages\/1949\/revisions"}],"predecessor-version":[{"id":2203,"href":"https:\/\/vitaroma.fi\/tr\/wp-json\/wp\/v2\/pages\/1949\/revisions\/2203"}],"wp:attachment":[{"href":"https:\/\/vitaroma.fi\/tr\/wp-json\/wp\/v2\/media?parent=1949"}],"curies":[{"name":"wp","href":"https:\/\/api.w.org\/{rel}","templated":true}]}}