{"id":1924,"date":"2025-04-25T15:40:31","date_gmt":"2025-04-25T15:40:31","guid":{"rendered":"https:\/\/vitaroma.fi\/?page_id=1924"},"modified":"2025-08-29T10:30:07","modified_gmt":"2025-08-29T08:30:07","slug":"syvapuhdistus","status":"publish","type":"page","link":"https:\/\/vitaroma.fi\/tr\/derin-temizlik\/","title":{"rendered":"Derinlemesine temizlik"},"content":{"rendered":"<div class=\"wp-block-uagb-container uagb-block-5451af51 alignfull uagb-is-root-container\"><div class=\"uagb-container-inner-blocks-wrap\">\n<div class=\"wp-block-uagb-advanced-heading uagb-block-f45ed1f8\"><h1 class=\"uagb-heading-text\">Derinlemesine temizlik<\/h1><\/div>\n<\/div><\/div>\n\n\n\n<div class=\"wp-block-uagb-container uagb-block-wlmazrwo alignfull uagb-is-root-container\"><div class=\"uagb-container-inner-blocks-wrap\">\n<div class=\"wp-block-uagb-container uagb-block-0btjzulc alignfull uagb-is-root-container\"><div class=\"uagb-container-inner-blocks-wrap\">\n<div class=\"wp-block-uagb-image alignleft uagb-block-6xnwaqpe wp-block-uagb-image--layout-default wp-block-uagb-image--effect-static wp-block-uagb-image--align-left\"><figure class=\"wp-block-uagb-image__figure\"><img decoding=\"async\" srcset=\"https:\/\/vitaroma.fi\/wp-content\/uploads\/2025\/04\/Adsiz2-2-1024x576.png ,https:\/\/vitaroma.fi\/wp-content\/uploads\/2025\/04\/Adsiz2-2.png 780w, https:\/\/vitaroma.fi\/wp-content\/uploads\/2025\/04\/Adsiz2-2.png 360w\" sizes=\"auto, (max-width: 480px) 150px\" src=\"https:\/\/vitaroma.fi\/wp-content\/uploads\/2025\/04\/Adsiz2-2-1024x576.png\" alt=\"Derinlemesine temizlik\" class=\"uag-image-2077\" width=\"564\" height=\"400\" title=\"Derinlemesine temizlik\" loading=\"lazy\" role=\"img\"\/><\/figure><\/div>\n\n\n\n<div class=\"wp-block-uagb-container uagb-block-xrkfcv1q\">\n<div class=\"wp-block-uagb-info-box uagb-block-amettuy1 uagb-infobox__content-wrap  uagb-infobox-icon-above-title uagb-infobox-image-valign-top\"><div class=\"uagb-ifb-content\"><div class=\"uagb-ifb-title-wrap\"><h3 class=\"uagb-ifb-title\">Kirli ciltler i\u00e7in etkili ve derinlemesine y\u00fcz temizli\u011fi<\/h3><\/div><p class=\"uagb-ifb-desc\"><strong>Derinlemesine temizlik<\/strong> \u00f6zellikle bu hastal\u0131ktan muzdarip olanlar i\u00e7in ideal bir tedavidir. <strong>Kirlerden, t\u0131kal\u0131 g\u00f6zeneklerden veya akneye meyilli ciltlerden<\/strong>. Bu y\u00fcz bak\u0131m\u0131, a\u015f\u0131r\u0131 sebumu, \u00f6l\u00fc deri h\u00fccrelerini ve g\u00f6zenekleri t\u0131kayan kirleri etkili bir \u015fekilde temizlemek, cildin daha rahat nefes almas\u0131n\u0131 ve daha parlak g\u00f6r\u00fcnmesini sa\u011flamak i\u00e7in tasarlanm\u0131\u015ft\u0131r.<\/p><\/div><\/div>\n<\/div>\n<\/div><\/div>\n<\/div><\/div>\n\n\n\n<div class=\"wp-block-uagb-container uagb-block-onenjlwh alignfull uagb-is-root-container\"><div class=\"uagb-container-inner-blocks-wrap\">\n<div class=\"wp-block-uagb-info-box uagb-block-kdw4sbfe uagb-infobox__content-wrap  uagb-infobox-icon-above-title uagb-infobox-image-valign-top\"><div class=\"uagb-ifb-content\"><div class=\"uagb-ifb-title-wrap\"><h2 class=\"uagb-ifb-title\"><strong>Hangi faydalar\u0131 elde edeceksiniz?<br><\/strong><\/h2><\/div><p class=\"uagb-ifb-desc\"><strong>Azalm\u0131\u015f g\u00f6zenek boyutu<\/strong> ve daha p\u00fcr\u00fczs\u00fcz bir y\u00fczey<br><strong>Daha az parlakl\u0131k<\/strong> ve sebum birikimi<br><strong>Daha parlak g\u00f6lge<\/strong> ve daha canl\u0131 bir g\u00f6r\u00fcn\u00fcm<br><strong>Daha az siyah nokta ve komedon<\/strong> \u2013 ayr\u0131ca gelecektekilerin olu\u015fumunu da \u00f6nler<br>Ev bak\u0131m \u00fcr\u00fcnleri <strong>daha iyi emilir<\/strong> temizlenmi\u015f cilt i\u00e7in<br><br><\/p><\/div><\/div>\n\n\n\n<div class=\"wp-block-uagb-info-box uagb-block-a43f7f11 uagb-infobox__content-wrap  uagb-infobox-icon-above-title uagb-infobox-image-valign-top\"><div class=\"uagb-ifb-content\"><div class=\"uagb-ifb-title-wrap\"><h2 class=\"uagb-ifb-title\">Derinlemesine temizlik kimler i\u00e7in uygundur?<br><\/h2><\/div><p class=\"uagb-ifb-desc\"><strong>Karma ve ya\u011fl\u0131 ciltler<\/strong><br><strong>Sivilceye e\u011filimli<\/strong> veya kolayca t\u0131kanan cilt<br><strong>Yeti\u015fkin aknesi<\/strong> ve &quot;gri&quot;, bulutlu genel bir g\u00f6r\u00fcn\u00fcm<br>Zengin <strong>makyaj kullan\u0131m\u0131<\/strong> veya maruz kalma <strong>safs\u0131zl\u0131klar i\u00e7in<\/strong><br><strong>\u00d6ncelikle \u015funlar\u0131 de\u011ferlendiriyoruz:<\/strong> aktif <strong>dermatit\/enfeksiyon<\/strong>, a\u00e7\u0131k yaralar, <strong>taze g\u00fcne\u015f yan\u0131\u011f\u0131<\/strong>, son aylarda isotretinoin, alevlenen \u015fiddetli rozase. Bu durumlarda, ki\u015fiye \u00f6zel bir plan yapaca\u011f\u0131z veya tedaviyi erteleyece\u011fiz.<\/p><\/div><\/div>\n\n\n\n<div class=\"wp-block-uagb-info-box uagb-block-6f18b7a4 uagb-infobox__content-wrap  uagb-infobox-icon-above-title uagb-infobox-image-valign-top\"><div class=\"uagb-ifb-content\"><div class=\"uagb-ifb-title-wrap\"><h2 class=\"uagb-ifb-title\">Tedavinin amac\u0131<br><\/h2><\/div><p class=\"uagb-ifb-desc\">Derinlemesine temizli\u011fin temel ama\u00e7lar\u0131 \u015funlard\u0131r: <strong>g\u00f6zenekleri a\u00e7mak<\/strong>, <strong>sebum salg\u0131s\u0131n\u0131 dengelemek<\/strong> kar\u0131\u015f\u0131k <strong>iltihaplanmaya kar\u015f\u0131 duyarl\u0131l\u0131\u011f\u0131 azaltmak<\/strong>. Tedavi sadece g\u00f6r\u00fcn\u00fcr kirleri gidermekle kalmaz, ayn\u0131 zamanda yard\u0131mc\u0131 olur <strong>yenilerinin ortaya \u00e7\u0131kmas\u0131n\u0131 \u00f6nlemek i\u00e7in<\/strong> Ve <strong>g\u00fcvence vermek<\/strong> tahri\u015f olmu\u015f cilt.<\/p><\/div><\/div>\n\n\n\n<div class=\"wp-block-uagb-info-box uagb-block-ffaf723f uagb-infobox__content-wrap  uagb-infobox-icon-above-title uagb-infobox-image-valign-top\"><div class=\"uagb-ifb-content\"><div class=\"uagb-ifb-title-wrap\"><h2 class=\"uagb-ifb-title\">Tedavi ziyareti \u2013 ad\u0131m ad\u0131m (45\u201375 dk)<br><\/h2><\/div><p class=\"uagb-ifb-desc\"><strong>Cilt analizi ve plan\u0131<\/strong><br>Cilt tipinizi, hassasiyetlerinizi ve t\u0131kan\u0131kl\u0131k ya\u015fayan b\u00f6lgeleri belirliyoruz. <strong>soyma tipi<\/strong> ve \u00e7\u0131karma teknikleri.<br><strong>\u0130lk temizlik<\/strong><br>Sevgi dolu <strong>\u00e7ift temizlik<\/strong> (makyaj\/g\u00fcne\u015f kremi \u2192 su bazl\u0131 temizleyici). Gerekirse, <strong>antibakteriyel jel<\/strong>.<br><strong>Peeling \u2013 g\u00f6zenekleri a\u00e7ma<\/strong><br>Cilt i\u00e7in uygundur <strong>enzim veya BHA peeling<\/strong> Sebum t\u0131ka\u00e7lar\u0131n\u0131 yumu\u015fat\u0131r ve \u00f6l\u00fc deri h\u00fccrelerini temizler.<br><strong>Buharlama\/yumu\u015fatma<\/strong><br>K\u0131sa <strong>buharda pi\u015firme<\/strong> veya \u0131l\u0131k kompres cildi yumu\u015fat\u0131r ve mekanik temizli\u011fi kolayla\u015ft\u0131r\u0131r. Hassas ciltler i\u00e7in tercihimiz <strong>buhars\u0131z<\/strong> yumu\u015fama.<br><strong>Mekanik temizlik<\/strong><br><strong>Siyah noktalar, milia ve komedonlar<\/strong> hijyenik bir \u015fekilde el\/alet kullan\u0131larak, yaln\u0131zca cildin izin verdi\u011fi \u00f6l\u00e7\u00fcde temizlenmelidir.<br><strong>Koruma<\/strong><br><strong>Nemlendirici veya sebum dengeleyici maske<\/strong> (\u00f6rne\u011fin kil + yat\u0131\u015ft\u0131r\u0131c\u0131 \u00f6zler). Gerekirse, yerel <strong>antienflamatuvar<\/strong> yo\u011fun bak\u0131m.<br><strong>Bitirme ve koruma<\/strong><br><strong>Serum + hafif nemlendirici<\/strong>, g\u00fcn boyunca <strong>SPF<\/strong>. Alacaks\u0131n <strong>evde bak\u0131m talimatlar\u0131<\/strong> ve bireysel tavsiyenin tekrar aral\u0131\u011f\u0131.<\/p><\/div><\/div>\n\n\n\n<div class=\"wp-block-uagb-image uagb-block-dc80057c wp-block-uagb-image--layout-default wp-block-uagb-image--effect-static wp-block-uagb-image--align-none\"><figure class=\"wp-block-uagb-image__figure\"><img decoding=\"async\" srcset=\"https:\/\/vitaroma.fi\/wp-content\/uploads\/2025\/08\/deep-1024x514-1.jpg ,https:\/\/vitaroma.fi\/wp-content\/uploads\/2025\/08\/deep-1024x514-1.jpg 780w, https:\/\/vitaroma.fi\/wp-content\/uploads\/2025\/08\/deep-1024x514-1.jpg 360w\" sizes=\"auto, (max-width: 480px) 150px\" src=\"https:\/\/vitaroma.fi\/wp-content\/uploads\/2025\/08\/deep-1024x514-1.jpg\" alt=\"\" class=\"uag-image-2738\" width=\"1024\" height=\"514\" title=\"derin-1024x514\" loading=\"lazy\" role=\"img\"\/><\/figure><\/div>\n\n\n\n<div class=\"wp-block-uagb-info-box uagb-block-e4414226 uagb-infobox__content-wrap  uagb-infobox-icon-above-title uagb-infobox-image-valign-top\"><div class=\"uagb-ifb-content\"><div class=\"uagb-ifb-title-wrap\"><h2 class=\"uagb-ifb-title\">Sonu\u00e7lar ve zaman \u00e7izelgesi<br><\/h2><\/div><p class=\"uagb-ifb-desc\"><strong>Hemen:<\/strong> daha temiz bir his, <strong>daha hafif<\/strong> Ve <strong>daha taze<\/strong> cilt; parlakl\u0131\u011f\u0131 azal\u0131r.<br><strong>1\u20133 g\u00fcn:<\/strong> olas\u0131 <strong>hafif k\u0131zar\u0131kl\u0131k<\/strong> ve \u201cy\u00fczeye \u00e7\u0131kan\u201d bireysel kirlilikler normaldir (cilt i\u00e7eriden temizlenir).<br><strong>1\u20132 hafta:<\/strong> g\u00f6zeneklerin g\u00f6r\u00fcn\u00fcm\u00fc genellikle <strong>temizleyici<\/strong>, tonu daha e\u015fit hale getirir - en iyi sonu\u00e7lar elde edilir <strong>d\u00fczenli bir seriyle<\/strong>.<\/p><\/div><\/div>\n\n\n\n<div class=\"wp-block-uagb-info-box uagb-block-e2934bd1 uagb-infobox__content-wrap  uagb-infobox-icon-above-title uagb-infobox-image-valign-top\"><div class=\"uagb-ifb-content\"><div class=\"uagb-ifb-title-wrap\"><h2 class=\"uagb-ifb-title\">Tedavi ne s\u0131kl\u0131kla yap\u0131lmal\u0131d\u0131r?<br><\/h2><\/div><p class=\"uagb-ifb-desc\">Tavsiye: <strong>4\u20136 hafta<\/strong> aral\u0131klar.<br>Ba\u015flang\u0131\u00e7ta (\u00e7ok say\u0131da t\u0131kan\u0131kl\u0131k): <strong>2\u20134 hafta<\/strong> Arada s\u0131rada birka\u00e7 ziyaret faydal\u0131 olabilir.<br>Bak\u0131m: mevsimsel veya <strong>cilt ihtiya\u00e7lar\u0131<\/strong> ile.<\/p><\/div><\/div>\n\n\n\n<div class=\"wp-block-uagb-info-box uagb-block-bb6d2ade uagb-infobox__content-wrap  uagb-infobox-icon-above-title uagb-infobox-image-valign-top\"><div class=\"uagb-ifb-content\"><div class=\"uagb-ifb-title-wrap\"><h2 class=\"uagb-ifb-title\">Haz\u0131rl\u0131k<br><\/h2><\/div><p class=\"uagb-ifb-desc\">Varmak <strong>temiz cilt<\/strong> (A\u011f\u0131r makyaj yapmamay\u0131) tercih ederim.<br><strong>Retinoidler\/AHA\/BHA&#039;ya ara verin<\/strong> Aksi belirtilmedi\u011fi takdirde 2-3 g\u00fcn \u00f6nce.<br>G\u00fc\u00e7 <strong>solaryum\/g\u00fc\u00e7l\u00fc g\u00fcne\u015f<\/strong> 48 saat \u00f6nce.<br>S\u00f6ylemek <strong>ila\u00e7lar<\/strong> ve \u00f6nceki reaksiyonlar (hassas kuperoz dahil).<br><br><\/p><\/div><\/div>\n\n\n\n<div class=\"wp-block-uagb-info-box uagb-block-c15e3406 uagb-infobox__content-wrap  uagb-infobox-icon-above-title uagb-infobox-image-valign-top\"><div class=\"uagb-ifb-content\"><div class=\"uagb-ifb-title-wrap\"><h2 class=\"uagb-ifb-title\">Sonraki bak\u0131m (ilk 24\u201372 saat)<br><\/h2><\/div><p class=\"uagb-ifb-desc\"><strong>Makyaj ve ter yok<\/strong> 24 saat; 24-48 saat boyunca saunadan\/s\u0131cak du\u015ftan ka\u00e7\u0131n\u0131n.<br><strong>Nazik temizlik<\/strong> Ve <strong>nemlendirici krem<\/strong> Sabah ve ak\u015fam.<br><strong>Asit\/retinol\/peeling gran\u00fclleri yok<\/strong> birka\u00e7 g\u00fcn i\u00e7in.<br><strong>SPF 30\u201350<\/strong> G\u00fcnl\u00fck \u2013 \u00f6zellikle tedavi g\u00fcnd\u00fcz yap\u0131lm\u0131\u015fsa \u00f6nemlidir.<br><strong>S\u0131kmay\u0131n.<\/strong> \u2013 K\u00fc\u00e7\u00fck t\u0131kan\u0131kl\u0131klar\u0131n kendili\u011finden \u00e7\u00f6z\u00fclmesine izin verin.<br><br><br><\/p><\/div><\/div>\n\n\n\n<div class=\"wp-block-uagb-info-box uagb-block-86ac119c uagb-infobox__content-wrap  uagb-infobox-icon-above-title uagb-infobox-image-valign-top\"><div class=\"uagb-ifb-content\"><div class=\"uagb-ifb-title-wrap\"><h2 class=\"uagb-ifb-title\">S\u0131k\u00e7a Sorulan Sorular (SSS)<br><\/h2><\/div><p class=\"uagb-ifb-desc\"><strong>Mekanik temizlik zarar verir mi?<\/strong><br>Bilgi k\u0131sa \u00f6m\u00fcrl\u00fcd\u00fcr <strong>bas\u0131n\u00e7\/kar\u0131ncalanma<\/strong> Gerekirse tutu\u015fu hafifletiriz veya baz\u0131 b\u00f6lgeleri bir sonraki sefere b\u0131rak\u0131r\u0131z.<br><strong>Her seferinde buhar \u00e7\u0131k\u0131yor mu?<\/strong><br>Mutlaka de\u011fil. Hassas\/reaktif ciltler i\u00e7in kullan\u0131yoruz <strong>buhars\u0131z<\/strong> yumu\u015fat\u0131c\u0131 maddeler.<br><strong>LED terapi ile kombine edilebilir mi?<\/strong><br>Evet. <strong>Dermalux LED<\/strong> (mavi\/k\u0131rm\u0131z\u0131) yat\u0131\u015ft\u0131r\u0131r ve iyile\u015fmeyi destekler \u2013 \u00f6zellikle iltihapl\u0131 ciltler i\u00e7in m\u00fckemmel bir katk\u0131d\u0131r.<br><strong>Tedaviden sonra ciltte &quot;k\u0131r\u0131lma&quot; meydana gelirse ne olur?<\/strong><br>K\u0131sa <strong>ar\u0131tma reaksiyonu<\/strong> Derin t\u0131kan\u0131kl\u0131klar tetiklendi\u011finde m\u00fcmk\u00fcnd\u00fcr. Ge\u00e7icidir ve temizleme s\u00fcrecinin bir par\u00e7as\u0131d\u0131r.<br><br><\/p><\/div><\/div>\n\n\n\n<div class=\"wp-block-uagb-image uagb-block-e66243ee wp-block-uagb-image--layout-default wp-block-uagb-image--effect-static wp-block-uagb-image--align-none\"><figure class=\"wp-block-uagb-image__figure\"><img decoding=\"async\" srcset=\"https:\/\/vitaroma.fi\/wp-content\/uploads\/2025\/08\/Hydration-Boost-Deep-Cleansing-Facial-768x1024.jpg ,https:\/\/vitaroma.fi\/wp-content\/uploads\/2025\/08\/Hydration-Boost-Deep-Cleansing-Facial.jpg 780w, https:\/\/vitaroma.fi\/wp-content\/uploads\/2025\/08\/Hydration-Boost-Deep-Cleansing-Facial.jpg 360w\" sizes=\"auto, (max-width: 480px) 150px\" src=\"https:\/\/vitaroma.fi\/wp-content\/uploads\/2025\/08\/Hydration-Boost-Deep-Cleansing-Facial-768x1024.jpg\" alt=\"\" class=\"uag-image-2739\" width=\"1125\" height=\"1500\" title=\"Nemlendirici-Derinlemesine Temizleyici-Y\u00fcz Bak\u0131m\u0131\" loading=\"lazy\" role=\"img\"\/><\/figure><\/div>\n\n\n\n<div class=\"wp-block-uagb-info-box uagb-block-c21a5c8f uagb-infobox__content-wrap  uagb-infobox-icon-above-title uagb-infobox-image-valign-top\"><div class=\"uagb-ifb-content\"><div class=\"uagb-ifb-title-wrap\"><h2 class=\"uagb-ifb-title\">Derinlemesine temizlik i\u00e7in neden Vitaroma&#039;y\u0131 se\u00e7melisiniz?<br><\/h2><\/div><p class=\"uagb-ifb-desc\"><strong>Bireysel protokol<\/strong>: analiz, do\u011fru peeling ve hassas temizlik<br><strong>Nazik ve hijyenik<\/strong> \u00e7al\u0131\u015f\u0131yor - yaln\u0131zca cildinizin izin verdi\u011fi kadar<br><strong>Net bak\u0131m sonras\u0131<\/strong> ve ger\u00e7ek\u00e7i tekrarlama aral\u0131\u011f\u0131 \u2013 kal\u0131c\u0131 sonu\u00e7lar<br><strong>Derinlemesine temizlik randevusu al\u0131n \u2192<\/strong><\/p><\/div><\/div>\n<\/div><\/div>\n\n\n\n<div class=\"wp-block-uagb-container uagb-block-9caa1a47 alignfull uagb-is-root-container\"><div class=\"uagb-container-inner-blocks-wrap\">\n<div class=\"wp-block-uagb-advanced-heading uagb-block-1ed0e64e\"><div class=\"uagb-heading-text\">Yard\u0131m edelim.<\/div><\/div>\n\n\n\n<div class=\"wp-block-uagb-advanced-heading uagb-block-3a57683f\"><h2 class=\"uagb-heading-text\">Bize Ula\u015f\u0131n<\/h2><\/div>\n\n\n\n<div class=\"wp-block-uagb-buttons uagb-buttons__outer-wrap uagb-btn__default-btn uagb-btn-tablet__default-btn uagb-btn-mobile__default-btn uagb-block-9979be0d\"><div class=\"uagb-buttons__wrap uagb-buttons-layout-wrap\">\n<div class=\"wp-block-uagb-buttons-child uagb-buttons__outer-wrap uagb-block-84fd34e5 wp-block-button\"><div class=\"uagb-button__wrapper\"><a class=\"uagb-buttons-repeater wp-block-button__link\" aria-label=\"\" href=\"https:\/\/timma.fi\/yritys\/kauneuskeskus-vitaroma\" rel=\"follow noopener\" target=\"_self\" role=\"button\"><div class=\"uagb-button__link\">Randevu Al\u0131n<\/div><\/a><\/div><\/div>\n<\/div><\/div>\n\n\n\n<div class=\"wp-block-uagb-buttons uagb-buttons__outer-wrap uagb-btn__default-btn uagb-btn-tablet__default-btn uagb-btn-mobile__default-btn uagb-block-f7add131\"><div class=\"uagb-buttons__wrap uagb-buttons-layout-wrap\">\n<div class=\"wp-block-uagb-buttons-child uagb-buttons__outer-wrap uagb-block-0c11dd62 wp-block-button\"><div class=\"uagb-button__wrapper\"><a class=\"uagb-buttons-repeater wp-block-button__link\" aria-label=\"\" href=\"https:\/\/vitaroma.fi\/tr\/iletisime-gecin\/\" rel=\"follow noopener\" target=\"_self\" role=\"button\"><div class=\"uagb-button__link\">Bize Ula\u015f\u0131n<\/div><\/a><\/div><\/div>\n<\/div><\/div>\n\n\n\n<div class=\"wp-block-uagb-buttons uagb-buttons__outer-wrap uagb-btn__default-btn uagb-btn-tablet__default-btn uagb-btn-mobile__default-btn uagb-block-69da2b3b\"><div class=\"uagb-buttons__wrap uagb-buttons-layout-wrap\">\n<div class=\"wp-block-uagb-buttons-child uagb-buttons__outer-wrap uagb-block-1018754e wp-block-button\"><div class=\"uagb-button__wrapper\"><a class=\"uagb-buttons-repeater wp-block-button__link\" aria-label=\"\" href=\"https:\/\/vitaroma.fi\/tr\/hakkimizda-bilgi\/\" rel=\"follow noopener\" target=\"_self\" role=\"button\"><div class=\"uagb-button__link\">Hakk\u0131m\u0131zda<\/div><\/a><\/div><\/div>\n<\/div><\/div>\n\n\n\n<div class=\"wp-block-uagb-advanced-heading uagb-block-838a0a13\"><div class=\"uagb-separator\"><\/div><h3 class=\"uagb-heading-text\">\u00dccretsiz tavsiye? 050 365 2103<\/h3><\/div>\n\n\n\n<!-- Font Awesome CDN -->\n<link rel=\"stylesheet\" href=\"https:\/\/cdnjs.cloudflare.com\/ajax\/libs\/font-awesome\/6.4.0\/css\/all.min.css\">\n\n<div class=\"social-links\">\n  <a href=\"https:\/\/www.instagram.com\/kauneuskeskusvitaroma_clinic\/\" target=\"_blank\" rel=\"noopener\" class=\"instagram\">\n    <i class=\"fab fa-instagram\"><\/i> G\u00fczellik merkezi Vitaroma\n  <\/a>\n  <a href=\"https:\/\/www.facebook.com\/61567042467466\/about\/\" target=\"_blank\" rel=\"noopener\" class=\"facebook\">\n    <i class=\"fab fa-facebook\"><\/i> G\u00fczellik merkezi Vitaroma\n  <\/a>\n<\/div>\n\n<style>\n  .social-links {\n    display: flex;\n    justify-content: center;\n    gap: 20px;\n    margin-top: 10px;\n  }\n\n  .social-links a {\n    display: flex;\n    align-items: center;\n    gap: 10px;\n    padding: 12px 20px;\n    font-size: 18px;\n    font-weight: 600;\n    text-decoration: none;\n    color: #fff;\n    background: rgba(0, 0, 0, 0.35);\n    border: 2px solid rgba(255, 255, 255, 0.5);\n    border-radius: 8px;\n    transition: all 0.3s ease;\n    box-shadow: 0 3px 8px rgba(0, 0, 0, 0.2);\n    backdrop-filter: blur(5px);\n  }\n\n  .social-links a i {\n    font-size: 22px;\n  }\n\n  \/* Hover efektleri *\/\n  .social-links a.instagram:hover {\n    background: #E1306C;\n    color: #fff;\n    border-color: #E1306C;\n  }\n\n  .social-links a.facebook:hover {\n    background: #1877F2;\n    color: #fff;\n    border-color: #1877F2;\n  }\n<\/style>\n\n<\/div><\/div>","protected":false},"excerpt":{"rendered":"<p>Derinlemesine temizlik<\/p>","protected":false},"author":1,"featured_media":0,"parent":0,"menu_order":0,"comment_status":"closed","ping_status":"closed","template":"","meta":{"_surecart_dashboard_logo_width":"180px","_surecart_dashboard_show_logo":true,"_surecart_dashboard_navigation_orders":true,"_surecart_dashboard_navigation_invoices":true,"_surecart_dashboard_navigation_subscriptions":true,"_surecart_dashboard_navigation_downloads":true,"_surecart_dashboard_navigation_billing":true,"_surecart_dashboard_navigation_account":true,"_uag_custom_page_level_css":"","site-sidebar-layout":"default","site-content-layout":"","ast-site-content-layout":"default","site-content-style":"default","site-sidebar-style":"default","ast-global-header-display":"","ast-banner-title-visibility":"","ast-main-header-display":"","ast-hfb-above-header-display":"","ast-hfb-below-header-display":"","ast-hfb-mobile-header-display":"","site-post-title":"disabled","ast-breadcrumbs-content":"","ast-featured-img":"","footer-sml-layout":"","theme-transparent-header-meta":"","adv-header-id-meta":"","stick-header-meta":"","header-above-stick-meta":"","header-main-stick-meta":"","header-below-stick-meta":"","astra-migrate-meta-layouts":"set","ast-page-background-enabled":"default","ast-page-background-meta":{"desktop":{"background-color":"var(--ast-global-color-4)","background-image":"","background-repeat":"repeat","background-position":"center center","background-size":"auto","background-attachment":"scroll","background-type":"","background-media":"","overlay-type":"","overlay-color":"","overlay-opacity":"","overlay-gradient":""},"tablet":{"background-color":"","background-image":"","background-repeat":"repeat","background-position":"center center","background-size":"auto","background-attachment":"scroll","background-type":"","background-media":"","overlay-type":"","overlay-color":"","overlay-opacity":"","overlay-gradient":""},"mobile":{"background-color":"","background-image":"","background-repeat":"repeat","background-position":"center center","background-size":"auto","background-attachment":"scroll","background-type":"","background-media":"","overlay-type":"","overlay-color":"","overlay-opacity":"","overlay-gradient":""}},"ast-content-background-meta":{"desktop":{"background-color":"var(--ast-global-color-5)","background-image":"","background-repeat":"repeat","background-position":"center center","background-size":"auto","background-attachment":"scroll","background-type":"","background-media":"","overlay-type":"","overlay-color":"","overlay-opacity":"","overlay-gradient":""},"tablet":{"background-color":"var(--ast-global-color-5)","background-image":"","background-repeat":"repeat","background-position":"center center","background-size":"auto","background-attachment":"scroll","background-type":"","background-media":"","overlay-type":"","overlay-color":"","overlay-opacity":"","overlay-gradient":""},"mobile":{"background-color":"var(--ast-global-color-5)","background-image":"","background-repeat":"repeat","background-position":"center center","background-size":"auto","background-attachment":"scroll","background-type":"","background-media":"","overlay-type":"","overlay-color":"","overlay-opacity":"","overlay-gradient":""}},"footnotes":""},"class_list":["post-1924","page","type-page","status-publish","hentry"],"uagb_featured_image_src":{"full":false,"thumbnail":false,"medium":false,"medium_large":false,"large":false,"1536x1536":false,"2048x2048":false,"trp-custom-language-flag":false,"woocommerce_thumbnail":false,"woocommerce_single":false,"woocommerce_gallery_thumbnail":false},"uagb_author_info":{"display_name":"emilkemal4@gmail.com","author_link":"https:\/\/vitaroma.fi\/tr\/author\/emilkemal4gmail-com\/"},"uagb_comment_info":0,"uagb_excerpt":"Syv\u00e4puhdistus","_links":{"self":[{"href":"https:\/\/vitaroma.fi\/tr\/wp-json\/wp\/v2\/pages\/1924","targetHints":{"allow":["GET"]}}],"collection":[{"href":"https:\/\/vitaroma.fi\/tr\/wp-json\/wp\/v2\/pages"}],"about":[{"href":"https:\/\/vitaroma.fi\/tr\/wp-json\/wp\/v2\/types\/page"}],"author":[{"embeddable":true,"href":"https:\/\/vitaroma.fi\/tr\/wp-json\/wp\/v2\/users\/1"}],"replies":[{"embeddable":true,"href":"https:\/\/vitaroma.fi\/tr\/wp-json\/wp\/v2\/comments?post=1924"}],"version-history":[{"count":11,"href":"https:\/\/vitaroma.fi\/tr\/wp-json\/wp\/v2\/pages\/1924\/revisions"}],"predecessor-version":[{"id":2740,"href":"https:\/\/vitaroma.fi\/tr\/wp-json\/wp\/v2\/pages\/1924\/revisions\/2740"}],"wp:attachment":[{"href":"https:\/\/vitaroma.fi\/tr\/wp-json\/wp\/v2\/media?parent=1924"}],"curies":[{"name":"wp","href":"https:\/\/api.w.org\/{rel}","templated":true}]}}