{"id":1588,"date":"2025-04-24T16:13:45","date_gmt":"2025-04-24T16:13:45","guid":{"rendered":"https:\/\/vitaroma.fi\/?page_id=1588"},"modified":"2025-08-28T18:37:06","modified_gmt":"2025-08-28T16:37:06","slug":"klassinen-kasvohoito","status":"publish","type":"page","link":"https:\/\/vitaroma.fi\/tr\/klasik-yuz-bakimi\/","title":{"rendered":"Klasik y\u00fcz bak\u0131m\u0131"},"content":{"rendered":"<div class=\"wp-block-uagb-container uagb-block-5451af51 alignfull uagb-is-root-container\"><div class=\"uagb-container-inner-blocks-wrap\">\n<div class=\"wp-block-uagb-advanced-heading uagb-block-f45ed1f8\"><h1 class=\"uagb-heading-text\">Klasik y\u00fcz bak\u0131m\u0131<\/h1><\/div>\n<\/div><\/div>\n\n\n\n<div class=\"wp-block-uagb-container uagb-block-wlmazrwo alignfull uagb-is-root-container\"><div class=\"uagb-container-inner-blocks-wrap\">\n<div class=\"wp-block-uagb-container uagb-block-0btjzulc alignfull uagb-is-root-container\"><div class=\"uagb-container-inner-blocks-wrap\">\n<div class=\"wp-block-uagb-image alignleft uagb-block-6xnwaqpe wp-block-uagb-image--layout-default wp-block-uagb-image--effect-static wp-block-uagb-image--align-left\"><figure class=\"wp-block-uagb-image__figure\"><img decoding=\"async\" srcset=\"https:\/\/vitaroma.fi\/wp-content\/uploads\/2025\/04\/Adsiz-3-1024x576.png ,https:\/\/vitaroma.fi\/wp-content\/uploads\/2025\/04\/Adsiz-3.png 780w, https:\/\/vitaroma.fi\/wp-content\/uploads\/2025\/04\/Adsiz-3.png 360w\" sizes=\"auto, (max-width: 480px) 150px\" src=\"https:\/\/vitaroma.fi\/wp-content\/uploads\/2025\/04\/Adsiz-3-1024x576.png\" alt=\"Klasik y\u00fcz bak\u0131m\u0131\" class=\"uag-image-2073\" width=\"564\" height=\"400\" title=\"Klasik y\u00fcz bak\u0131m\u0131\" loading=\"lazy\" role=\"img\"\/><\/figure><\/div>\n\n\n\n<div class=\"wp-block-uagb-container uagb-block-xrkfcv1q\">\n<div class=\"wp-block-uagb-info-box uagb-block-amettuy1 uagb-infobox__content-wrap  uagb-infobox-icon-above-title uagb-infobox-image-valign-top\"><div class=\"uagb-ifb-content\"><div class=\"uagb-ifb-title-wrap\"><h3 class=\"uagb-ifb-title\">Cildiniz i\u00e7in do\u011fal parlakl\u0131k ve denge<\/h3><\/div><p class=\"uagb-ifb-desc\"><strong>Klasik y\u00fcz bak\u0131m\u0131<\/strong> en pop\u00fcler tedavi y\u00f6ntemlerinden biridir ve bunun hakl\u0131 bir nedeni vard\u0131r. Cilt i\u00e7in kapsaml\u0131 bir tedavi sa\u011flar. <strong>cildi temizler, eksfoliye eder, nemlendirir ve besler<\/strong> etkili ama nazik\u00e7e. Bu tedavi, g\u00fc\u00e7l\u00fc kimyasallar veya cihazlar olmadan, cildinize canl\u0131l\u0131k ve denge kazand\u0131rmak isteyenler i\u00e7in \u00f6zel olarak tasarlanm\u0131\u015ft\u0131r.<\/p><\/div><\/div>\n<\/div>\n<\/div><\/div>\n<\/div><\/div>\n\n\n\n<div class=\"wp-block-uagb-container uagb-block-onenjlwh alignfull uagb-is-root-container\"><div class=\"uagb-container-inner-blocks-wrap\">\n<div class=\"wp-block-uagb-info-box uagb-block-kdw4sbfe uagb-infobox__content-wrap  uagb-infobox-icon-above-title uagb-infobox-image-valign-top\"><div class=\"uagb-ifb-content\"><div class=\"uagb-ifb-title-wrap\"><h2 class=\"uagb-ifb-title\">Hangi faydalar\u0131 elde edeceksiniz?<br><\/h2><\/div><p class=\"uagb-ifb-desc\"><strong>An\u0131nda tazelik ve parlakl\u0131k<\/strong>: bulan\u0131kl\u0131k azal\u0131r, y\u00fczey daha p\u00fcr\u00fczs\u00fcz hale gelir.<br><strong>Azalm\u0131\u015f g\u00f6zenek boyutu<\/strong>: sebum birikimi ve t\u0131kan\u0131kl\u0131klar\u0131 azal\u0131r.<br><strong>Daha iyi nem dengesi<\/strong>: cilt yumu\u015fak ve esnek hissedilir.<br><strong>Rahat g\u00f6r\u00fcn\u00fcm<\/strong>: masaj mikro dola\u015f\u0131m\u0131 uyar\u0131r ve \u015fi\u015fli\u011fi azalt\u0131r.<br><strong>Daha iyi emilim<\/strong>: evde bak\u0131m \u00fcr\u00fcnleri tedaviden sonra daha etkilidir.<\/p><\/div><\/div>\n\n\n\n<div class=\"wp-block-uagb-info-box uagb-block-6f18b7a4 uagb-infobox__content-wrap  uagb-infobox-icon-above-title uagb-infobox-image-valign-top\"><div class=\"uagb-ifb-content\"><div class=\"uagb-ifb-title-wrap\"><h2 class=\"uagb-ifb-title\">Tedavi k\u00fcr\u00fc (60 dk, cildinize \u00f6zel)<br><\/h2><\/div><p class=\"uagb-ifb-desc\"><strong>Cilt analizi ve kons\u00fcltasyonu<\/strong> \u2013 cilt tipi, hassasiyetler ve hedefler.<br><strong>\u00c7ift temizlik<\/strong> \u2013 makyaj\/g\u00fcne\u015f kremi ve kirler temizlenir.<br><strong>Soyulma<\/strong> \u2013 enzim veya ince taneli\/mekanik; y\u00fczeyi ayd\u0131nlat\u0131r.<br><strong>Buharlama<\/strong> \u2013 Sebumu yumu\u015fat\u0131r ve temizli\u011fi kolayla\u015ft\u0131r\u0131r.<br><strong>Mekanik temizlik (gerekirse)<\/strong> \u2013 Siyah noktalar\/komedonlar nazik\u00e7e temizlenir.<br><strong>Y\u00fcz toni\u011fi<\/strong> \u2013 pH dengelidir, rahatlat\u0131c\u0131d\u0131r.<br><strong>Y\u00fcz masaj\u0131<\/strong> \u2013 y\u00fcz-boyun-dekolte; metabolizma ve parlakl\u0131k.<br><strong>Maske<\/strong> \u2013 Cildin ihtiyac\u0131na g\u00f6re nemlendirici\/yat\u0131\u015ft\u0131r\u0131c\u0131\/temizleyici.<br><strong>Serum + nemlendirici<\/strong> - gerekirse nemi hapsedin <strong>SPF<\/strong> g\u00fcnd\u00fczleri.<br><strong>Ek se\u00e7enekler:<\/strong> g\u00f6z \u00e7evresi bak\u0131m\u0131, dudak bak\u0131m\u0131, ek olarak boyun ve omuz masaj\u0131.<\/p><\/div><\/div>\n\n\n\n<div class=\"wp-block-uagb-image uagb-block-3a078b50 wp-block-uagb-image--layout-default wp-block-uagb-image--effect-static wp-block-uagb-image--align-none\"><figure class=\"wp-block-uagb-image__figure\"><img decoding=\"async\" srcset=\"https:\/\/vitaroma.fi\/wp-content\/uploads\/2025\/08\/Depositphotos_16233443_S-Copy.webp ,https:\/\/vitaroma.fi\/wp-content\/uploads\/2025\/08\/Depositphotos_16233443_S-Copy.webp 780w, https:\/\/vitaroma.fi\/wp-content\/uploads\/2025\/08\/Depositphotos_16233443_S-Copy.webp 360w\" sizes=\"auto, (max-width: 480px) 150px\" src=\"https:\/\/vitaroma.fi\/wp-content\/uploads\/2025\/08\/Depositphotos_16233443_S-Copy.webp\" alt=\"\" class=\"uag-image-2732\" width=\"800\" height=\"600\" title=\"Depositphotos_16233443_S-Kopya\" loading=\"lazy\" role=\"img\"\/><\/figure><\/div>\n\n\n\n<div class=\"wp-block-uagb-info-box uagb-block-ffaf723f uagb-infobox__content-wrap  uagb-infobox-icon-above-title uagb-infobox-image-valign-top\"><div class=\"uagb-ifb-content\"><div class=\"uagb-ifb-title-wrap\"><h2 class=\"uagb-ifb-title\">Tedavi kimler i\u00e7in uygundur?<br><\/h2><\/div><p class=\"uagb-ifb-desc\"><strong>\u0130lk kez kullananlar i\u00e7in<\/strong> ve hassas ciltlere uygun tedavi arayanlar<br><strong>Bulutlu, kuru veya t\u0131kal\u0131 ciltler i\u00e7in<\/strong> cilt i\u00e7in<br><strong>Geni\u015flemi\u015f g\u00f6zenekler i\u00e7in<\/strong> ve engebeli bir y\u00fczeyde<br>D\u00fczenli <strong>bak\u0131m i\u00e7in<\/strong>: 1\u00d7 \/ 4\u20136 hafta<br><strong>De\u011ferlendirilecek durumlar:<\/strong> aktif dermatit, a\u00e7\u0131k yaralar, yak\u0131n zamanda ge\u00e7irilmi\u015f g\u00fcne\u015f yan\u0131\u011f\u0131, g\u00fc\u00e7l\u00fc retinoid\/asit tedavileri (ara verilmesi kararla\u015ft\u0131r\u0131lacak).<\/p><\/div><\/div>\n\n\n\n<div class=\"wp-block-uagb-info-box uagb-block-e4414226 uagb-infobox__content-wrap  uagb-infobox-icon-above-title uagb-infobox-image-valign-top\"><div class=\"uagb-ifb-content\"><div class=\"uagb-ifb-title-wrap\"><h2 class=\"uagb-ifb-title\">Gol<\/h2><\/div><p class=\"uagb-ifb-desc\">Tedaviden hemen sonra: <strong>daha yumu\u015fak, daha p\u00fcr\u00fczs\u00fcz ve daha parlak<\/strong> deri.<br>24\u201348 saat: Temizlikten sonra hafif k\u0131zar\u0131kl\u0131k olabilir; kendili\u011finden ge\u00e7ecektir.<br>D\u00fczenli olarak yap\u0131ld\u0131\u011f\u0131nda: <strong>dengeli sebum salg\u0131s\u0131<\/strong>, daha az t\u0131kan\u0131kl\u0131k ve <strong>daha e\u015fit cilt tonu<\/strong>.<\/p><\/div><\/div>\n\n\n\n<div class=\"wp-block-uagb-info-box uagb-block-e2934bd1 uagb-infobox__content-wrap  uagb-infobox-icon-above-title uagb-infobox-image-valign-top\"><div class=\"uagb-ifb-content\"><div class=\"uagb-ifb-title-wrap\"><h2 class=\"uagb-ifb-title\">Tedavi s\u00fcresi ve tekrarlama aral\u0131\u011f\u0131<br><\/h2><\/div><p class=\"uagb-ifb-desc\"><strong>S\u00fcre:<\/strong> ile ilgili. <strong>60 dakika<\/strong> (eklentilerle 75-90 dakikaya kadar uzat\u0131labilir)<br><strong>Tavsiye:<\/strong> tek seferlik bir tedavi olarak \u201cacil bak\u0131m\u201d veya <strong>her 4-6 haftada bir seri olarak<\/strong> bak\u0131m i\u00e7in<\/p><\/div><\/div>\n\n\n\n<div class=\"wp-block-uagb-image uagb-block-55dac747 wp-block-uagb-image--layout-default wp-block-uagb-image--effect-static wp-block-uagb-image--align-none\"><figure class=\"wp-block-uagb-image__figure\"><img decoding=\"async\" srcset=\"https:\/\/vitaroma.fi\/wp-content\/uploads\/2025\/08\/Classic-Facial-1024x1024.webp ,https:\/\/vitaroma.fi\/wp-content\/uploads\/2025\/08\/Classic-Facial.webp 780w, https:\/\/vitaroma.fi\/wp-content\/uploads\/2025\/08\/Classic-Facial.webp 360w\" sizes=\"auto, (max-width: 480px) 150px\" src=\"https:\/\/vitaroma.fi\/wp-content\/uploads\/2025\/08\/Classic-Facial-1024x1024.webp\" alt=\"\" class=\"uag-image-2733\" width=\"1200\" height=\"1200\" title=\"Klasik Y\u00fcz Bak\u0131m\u0131\" loading=\"lazy\" role=\"img\"\/><\/figure><\/div>\n\n\n\n<div class=\"wp-block-uagb-info-box uagb-block-2bce277d uagb-infobox__content-wrap  uagb-infobox-icon-above-title uagb-infobox-image-valign-top\"><div class=\"uagb-ifb-content\"><div class=\"uagb-ifb-title-wrap\"><h2 class=\"uagb-ifb-title\">Haz\u0131rl\u0131k<br><\/h2><\/div><p class=\"uagb-ifb-desc\">Varmak <strong>temiz bir cilt ile<\/strong> (m\u00fcmk\u00fcnse a\u011f\u0131r makyajs\u0131z).<br>G\u00fc\u00e7 <strong>g\u00fc\u00e7l\u00fc asitler\/retinoidler<\/strong> Tedaviden 48 saat \u00f6nce.<br>Rapor <strong>hassasiyetler\/alerjiler<\/strong> ve olas\u0131 ila\u00e7lar (\u00f6rn. isotretinoin).<br>G\u00fc\u00e7 <strong>solaryum\/g\u00fc\u00e7l\u00fc g\u00fcne\u015f<\/strong> 48 saat \u00f6nce.<\/p><\/div><\/div>\n\n\n\n<div class=\"wp-block-uagb-info-box uagb-block-12e1a735 uagb-infobox__content-wrap  uagb-infobox-icon-above-title uagb-infobox-image-valign-top\"><div class=\"uagb-ifb-content\"><div class=\"uagb-ifb-title-wrap\"><h2 class=\"uagb-ifb-title\">Sonraki Bak\u0131m (24\u201372 saat)<br><\/h2><\/div><p class=\"uagb-ifb-desc\">G\u00fc\u00e7 <strong>saunalar, yo\u011fun terleme ve s\u0131cak du\u015flar<\/strong> 7\/24.<br><strong>Hafif nemlendirici<\/strong> sabah ve ak\u015fam; asitlerden\/retinoidlerden ka\u00e7\u0131n\u0131n <strong>2\u20133 g\u00fcn<\/strong>.<br><strong>SPF 30\u201350<\/strong> G\u00fcn boyunca \u2013 cilt UV \u0131\u015f\u0131nlar\u0131na daha duyarl\u0131d\u0131r.<br>Ayn\u0131 g\u00fcn makyaj da yapabilirsiniz, ancak <strong>Cildin nefes i\u00e7in sana te\u015fekk\u00fcr ediyor<\/strong>.<br><br><\/p><\/div><\/div>\n\n\n\n<div class=\"wp-block-uagb-image uagb-block-6c6e5c57 wp-block-uagb-image--layout-default wp-block-uagb-image--effect-static wp-block-uagb-image--align-none\"><figure class=\"wp-block-uagb-image__figure\"><img decoding=\"async\" srcset=\"https:\/\/vitaroma.fi\/wp-content\/uploads\/2025\/08\/Facials_1024x400.webp ,https:\/\/vitaroma.fi\/wp-content\/uploads\/2025\/08\/Facials_1024x400.webp 780w, https:\/\/vitaroma.fi\/wp-content\/uploads\/2025\/08\/Facials_1024x400.webp 360w\" sizes=\"auto, (max-width: 480px) 150px\" src=\"https:\/\/vitaroma.fi\/wp-content\/uploads\/2025\/08\/Facials_1024x400.webp\" alt=\"\" class=\"uag-image-2735\" width=\"800\" height=\"600\" title=\"Y\u00fcz Bak\u0131mlar\u0131_1024x400\" loading=\"lazy\" role=\"img\"\/><\/figure><\/div>\n\n\n\n<div class=\"wp-block-uagb-info-box uagb-block-128170fc uagb-infobox__content-wrap  uagb-infobox-icon-above-title uagb-infobox-image-valign-top\"><div class=\"uagb-ifb-content\"><div class=\"uagb-ifb-title-wrap\"><h2 class=\"uagb-ifb-title\">S\u0131k\u00e7a sorulan sorular<br><\/h2><\/div><p class=\"uagb-ifb-desc\"><strong>Mekanik temizlik zarar verir mi?<\/strong><br>Bilgi <strong>hafif ila orta<\/strong>, ancak k\u0131sa \u00f6m\u00fcrl\u00fcd\u00fcr. Gerekirse bu ad\u0131m\u0131 atlar\u0131z veya k\u0131smen uygular\u0131z.<br><strong>Sivilceye yatk\u0131n ki\u015filer i\u00e7in uygun mudur?<\/strong><br>Evet - <strong>nazik peeling + yat\u0131\u015ft\u0131r\u0131c\u0131 maske<\/strong> ve se\u00e7ici temizlik iyi sonu\u00e7 verir. Aktif inflamasyonda, protokol\u00fc ki\u015fiselle\u015ftiririz.<br><strong>Di\u011fer tedavilerle birle\u015ftirebilir miyim?<\/strong><br>Evet. Pop\u00fcler kombinasyonlar \u015funlard\u0131r:. <strong>LED \u0131\u015f\u0131k (Dermalux)<\/strong> sakinle\u015ftirmek veya <strong>k\u00f6\u015fe \u015fekillendirme<\/strong> ziyaret s\u0131ras\u0131nda.<br><strong>Fark\u0131 ne zaman g\u00f6rece\u011fim?<\/strong><br><strong>Hemen<\/strong>: parlakl\u0131k, p\u00fcr\u00fczs\u00fczl\u00fck ve yumu\u015fakl\u0131k. <strong>En iyi<\/strong> uzun vadeli sonu\u00e7lar yarat\u0131l\u0131r <strong>d\u00fczenli olarak<\/strong>.<br><\/p><\/div><\/div>\n\n\n\n<div class=\"wp-block-uagb-info-box uagb-block-6df04f2c uagb-infobox__content-wrap  uagb-infobox-icon-above-title uagb-infobox-image-valign-top\"><div class=\"uagb-ifb-content\"><div class=\"uagb-ifb-title-wrap\"><h2 class=\"uagb-ifb-title\">Neden Vitaroma&#039;y\u0131 se\u00e7melisiniz?<br><\/h2><\/div><p class=\"uagb-ifb-desc\"><strong>Bireysel protokol<\/strong> cilt tipine ve hassasiyetlere g\u00f6re<br><strong>Nazik, etkili<\/strong> profesyonel \u00fcr\u00fcnler<br><strong>T\u0131bbi hijyen<\/strong>, net bak\u0131m talimatlar\u0131 ve ger\u00e7ek\u00e7i beklentiler<br>Olas\u0131l\u0131k <strong>eklemek<\/strong> LED tedavisi, g\u00f6z tedavisi veya boyun ve omuz masaj\u0131<br><strong>Klasik y\u00fcz bak\u0131m\u0131 i\u00e7in randevu al\u0131n \u2192<\/strong><\/p><\/div><\/div>\n<\/div><\/div>\n\n\n\n<div class=\"wp-block-uagb-container uagb-block-9caa1a47 alignfull uagb-is-root-container\"><div class=\"uagb-container-inner-blocks-wrap\">\n<div class=\"wp-block-uagb-advanced-heading uagb-block-1ed0e64e\"><div class=\"uagb-heading-text\">Yard\u0131m edelim.<\/div><\/div>\n\n\n\n<div class=\"wp-block-uagb-advanced-heading uagb-block-3a57683f\"><h2 class=\"uagb-heading-text\">Bize Ula\u015f\u0131n<\/h2><\/div>\n\n\n\n<div class=\"wp-block-uagb-buttons uagb-buttons__outer-wrap uagb-btn__default-btn uagb-btn-tablet__default-btn uagb-btn-mobile__default-btn uagb-block-9979be0d\"><div class=\"uagb-buttons__wrap uagb-buttons-layout-wrap\">\n<div class=\"wp-block-uagb-buttons-child uagb-buttons__outer-wrap uagb-block-84fd34e5 wp-block-button\"><div class=\"uagb-button__wrapper\"><a class=\"uagb-buttons-repeater wp-block-button__link\" aria-label=\"\" href=\"https:\/\/timma.fi\/yritys\/kauneuskeskus-vitaroma\" rel=\"follow noopener\" target=\"_self\" role=\"button\"><div class=\"uagb-button__link\">Randevu Al\u0131n<\/div><\/a><\/div><\/div>\n<\/div><\/div>\n\n\n\n<div class=\"wp-block-uagb-buttons uagb-buttons__outer-wrap uagb-btn__default-btn uagb-btn-tablet__default-btn uagb-btn-mobile__default-btn uagb-block-f7add131\"><div class=\"uagb-buttons__wrap uagb-buttons-layout-wrap\">\n<div class=\"wp-block-uagb-buttons-child uagb-buttons__outer-wrap uagb-block-0c11dd62 wp-block-button\"><div class=\"uagb-button__wrapper\"><a class=\"uagb-buttons-repeater wp-block-button__link\" aria-label=\"\" href=\"https:\/\/vitaroma.fi\/tr\/iletisime-gecin\/\" rel=\"follow noopener\" target=\"_self\" role=\"button\"><div class=\"uagb-button__link\">Bize Ula\u015f\u0131n<\/div><\/a><\/div><\/div>\n<\/div><\/div>\n\n\n\n<div class=\"wp-block-uagb-buttons uagb-buttons__outer-wrap uagb-btn__default-btn uagb-btn-tablet__default-btn uagb-btn-mobile__default-btn uagb-block-69da2b3b\"><div class=\"uagb-buttons__wrap uagb-buttons-layout-wrap\">\n<div class=\"wp-block-uagb-buttons-child uagb-buttons__outer-wrap uagb-block-1018754e wp-block-button\"><div class=\"uagb-button__wrapper\"><a class=\"uagb-buttons-repeater wp-block-button__link\" aria-label=\"\" href=\"https:\/\/vitaroma.fi\/tr\/hakkimizda-bilgi\/\" rel=\"follow noopener\" target=\"_self\" role=\"button\"><div class=\"uagb-button__link\">Hakk\u0131m\u0131zda<\/div><\/a><\/div><\/div>\n<\/div><\/div>\n\n\n\n<div class=\"wp-block-uagb-advanced-heading uagb-block-838a0a13\"><div class=\"uagb-separator\"><\/div><h3 class=\"uagb-heading-text\">\u00dccretsiz tavsiye? 050 365 2103<\/h3><\/div>\n\n\n\n<!-- Font Awesome CDN -->\n<link rel=\"stylesheet\" href=\"https:\/\/cdnjs.cloudflare.com\/ajax\/libs\/font-awesome\/6.4.0\/css\/all.min.css\">\n\n<div class=\"social-links\">\n  <a href=\"https:\/\/www.instagram.com\/kauneuskeskusvitaroma_clinic\/\" target=\"_blank\" rel=\"noopener\" class=\"instagram\">\n    <i class=\"fab fa-instagram\"><\/i> G\u00fczellik merkezi Vitaroma\n  <\/a>\n  <a href=\"https:\/\/www.facebook.com\/61567042467466\/about\/\" target=\"_blank\" rel=\"noopener\" class=\"facebook\">\n    <i class=\"fab fa-facebook\"><\/i> G\u00fczellik merkezi Vitaroma\n  <\/a>\n<\/div>\n\n<style>\n  .social-links {\n    display: flex;\n    justify-content: center;\n    gap: 20px;\n    margin-top: 10px;\n  }\n\n  .social-links a {\n    display: flex;\n    align-items: center;\n    gap: 10px;\n    padding: 12px 20px;\n    font-size: 18px;\n    font-weight: 600;\n    text-decoration: none;\n    color: #fff;\n    background: rgba(0, 0, 0, 0.35);\n    border: 2px solid rgba(255, 255, 255, 0.5);\n    border-radius: 8px;\n    transition: all 0.3s ease;\n    box-shadow: 0 3px 8px rgba(0, 0, 0, 0.2);\n    backdrop-filter: blur(5px);\n  }\n\n  .social-links a i {\n    font-size: 22px;\n  }\n\n  \/* Hover efektleri *\/\n  .social-links a.instagram:hover {\n    background: #E1306C;\n    color: #fff;\n    border-color: #E1306C;\n  }\n\n  .social-links a.facebook:hover {\n    background: #1877F2;\n    color: #fff;\n    border-color: #1877F2;\n  }\n<\/style>\n\n<\/div><\/div>","protected":false},"excerpt":{"rendered":"<p>Klasik y\u00fcz bak\u0131m\u0131<\/p>","protected":false},"author":1,"featured_media":0,"parent":0,"menu_order":0,"comment_status":"closed","ping_status":"closed","template":"","meta":{"_surecart_dashboard_logo_width":"180px","_surecart_dashboard_show_logo":true,"_surecart_dashboard_navigation_orders":true,"_surecart_dashboard_navigation_invoices":true,"_surecart_dashboard_navigation_subscriptions":true,"_surecart_dashboard_navigation_downloads":true,"_surecart_dashboard_navigation_billing":true,"_surecart_dashboard_navigation_account":true,"_uag_custom_page_level_css":"","site-sidebar-layout":"default","site-content-layout":"","ast-site-content-layout":"default","site-content-style":"default","site-sidebar-style":"default","ast-global-header-display":"","ast-banner-title-visibility":"","ast-main-header-display":"","ast-hfb-above-header-display":"","ast-hfb-below-header-display":"","ast-hfb-mobile-header-display":"","site-post-title":"disabled","ast-breadcrumbs-content":"","ast-featured-img":"","footer-sml-layout":"","ast-disable-related-posts":"","theme-transparent-header-meta":"","adv-header-id-meta":"","stick-header-meta":"","header-above-stick-meta":"","header-main-stick-meta":"","header-below-stick-meta":"","astra-migrate-meta-layouts":"set","ast-page-background-enabled":"default","ast-page-background-meta":{"desktop":{"background-color":"var(--ast-global-color-4)","background-image":"","background-repeat":"repeat","background-position":"center center","background-size":"auto","background-attachment":"scroll","background-type":"","background-media":"","overlay-type":"","overlay-color":"","overlay-opacity":"","overlay-gradient":""},"tablet":{"background-color":"","background-image":"","background-repeat":"repeat","background-position":"center center","background-size":"auto","background-attachment":"scroll","background-type":"","background-media":"","overlay-type":"","overlay-color":"","overlay-opacity":"","overlay-gradient":""},"mobile":{"background-color":"","background-image":"","background-repeat":"repeat","background-position":"center center","background-size":"auto","background-attachment":"scroll","background-type":"","background-media":"","overlay-type":"","overlay-color":"","overlay-opacity":"","overlay-gradient":""}},"ast-content-background-meta":{"desktop":{"background-color":"var(--ast-global-color-5)","background-image":"","background-repeat":"repeat","background-position":"center center","background-size":"auto","background-attachment":"scroll","background-type":"","background-media":"","overlay-type":"","overlay-color":"","overlay-opacity":"","overlay-gradient":""},"tablet":{"background-color":"var(--ast-global-color-5)","background-image":"","background-repeat":"repeat","background-position":"center center","background-size":"auto","background-attachment":"scroll","background-type":"","background-media":"","overlay-type":"","overlay-color":"","overlay-opacity":"","overlay-gradient":""},"mobile":{"background-color":"var(--ast-global-color-5)","background-image":"","background-repeat":"repeat","background-position":"center center","background-size":"auto","background-attachment":"scroll","background-type":"","background-media":"","overlay-type":"","overlay-color":"","overlay-opacity":"","overlay-gradient":""}},"footnotes":""},"class_list":["post-1588","page","type-page","status-publish","hentry"],"uagb_featured_image_src":{"full":false,"thumbnail":false,"medium":false,"medium_large":false,"large":false,"1536x1536":false,"2048x2048":false,"trp-custom-language-flag":false,"woocommerce_thumbnail":false,"woocommerce_single":false,"woocommerce_gallery_thumbnail":false},"uagb_author_info":{"display_name":"emilkemal4@gmail.com","author_link":"https:\/\/vitaroma.fi\/tr\/author\/emilkemal4gmail-com\/"},"uagb_comment_info":0,"uagb_excerpt":"Klassinen kasvohoito","_links":{"self":[{"href":"https:\/\/vitaroma.fi\/tr\/wp-json\/wp\/v2\/pages\/1588","targetHints":{"allow":["GET"]}}],"collection":[{"href":"https:\/\/vitaroma.fi\/tr\/wp-json\/wp\/v2\/pages"}],"about":[{"href":"https:\/\/vitaroma.fi\/tr\/wp-json\/wp\/v2\/types\/page"}],"author":[{"embeddable":true,"href":"https:\/\/vitaroma.fi\/tr\/wp-json\/wp\/v2\/users\/1"}],"replies":[{"embeddable":true,"href":"https:\/\/vitaroma.fi\/tr\/wp-json\/wp\/v2\/comments?post=1588"}],"version-history":[{"count":36,"href":"https:\/\/vitaroma.fi\/tr\/wp-json\/wp\/v2\/pages\/1588\/revisions"}],"predecessor-version":[{"id":2736,"href":"https:\/\/vitaroma.fi\/tr\/wp-json\/wp\/v2\/pages\/1588\/revisions\/2736"}],"wp:attachment":[{"href":"https:\/\/vitaroma.fi\/tr\/wp-json\/wp\/v2\/media?parent=1588"}],"curies":[{"name":"wp","href":"https:\/\/api.w.org\/{rel}","templated":true}]}}