{"id":2330,"date":"2025-04-26T01:24:45","date_gmt":"2025-04-26T01:24:45","guid":{"rendered":"https:\/\/vitaroma.fi\/?post_type=product&#038;p=2330"},"modified":"2025-11-24T01:21:01","modified_gmt":"2025-11-23T23:21:01","slug":"no75-kollageeni-nivelille","status":"publish","type":"product","link":"https:\/\/vitaroma.fi\/sv\/produkt\/no75-kollageeni-nivelille\/","title":{"rendered":"NO75-Kollagen f\u00f6r leder"},"content":{"rendered":"<p class=\"\" data-start=\"490\" data-end=\"857\"><strong data-start=\"490\" data-end=\"666\">NO75-Kollagen f\u00f6r leder \u00e4r ett finskt kosttillskott som har utvecklats specifikt f\u00f6r att st\u00f6dja ledh\u00e4lsa och r\u00f6rlighet med rena och s\u00e4kra r\u00e5varor.<\/strong><br data-start=\"666\" data-end=\"669\" \/>Ledslitage och broskf\u00f6rs\u00e4mring \u00e4r vanliga \u00e5kommor, och eftersom cirka 70 % av ledbrosket best\u00e5r av kollagen \u00e4r ett tillr\u00e4ckligt intag avg\u00f6rande f\u00f6r ledh\u00e4lsan.<\/p>\n<p class=\"\" data-start=\"859\" data-end=\"900\"><strong data-start=\"859\" data-end=\"898\">NO75-Kollagen f\u00f6r leder inneh\u00e5ller:<\/strong><\/p>\n<ul data-start=\"901\" data-end=\"1295\">\n<li class=\"\" data-start=\"901\" data-end=\"1005\">\n<p class=\"\" data-start=\"903\" data-end=\"1005\"><strong data-start=\"903\" data-end=\"933\">Hydrolyserat kollagen:<\/strong> Patenterad och biologiskt aktiv form som absorberas effektivt<\/p>\n<\/li>\n<li class=\"\" data-start=\"1006\" data-end=\"1137\">\n<p class=\"\" data-start=\"1008\" data-end=\"1137\"><strong data-start=\"1008\" data-end=\"1052\">Glukosamin och kondroitinsulfat:<\/strong> Broskbyggstenar som st\u00f6der r\u00f6rlighet och flexibilitet i lederna<\/p>\n<\/li>\n<li class=\"\" data-start=\"1138\" data-end=\"1216\">\n<p class=\"\" data-start=\"1140\" data-end=\"1216\"><strong data-start=\"1140\" data-end=\"1157\">C-vitamin:<\/strong> St\u00f6djer den naturliga bildningen av kollagen i kroppen<\/p>\n<\/li>\n<li class=\"\" data-start=\"1217\" data-end=\"1295\">\n<p class=\"\" data-start=\"1219\" data-end=\"1295\"><strong data-start=\"1219\" data-end=\"1239\">Hyaluronsyra:<\/strong> Hj\u00e4lper till att \u00e5terfukta och bibeh\u00e5lla mjukhet i lederna<\/p>\n<\/li>\n<\/ul>\n<p class=\"\" data-start=\"1297\" data-end=\"1324\"><strong data-start=\"1297\" data-end=\"1324\">Huvudeffekter:<\/strong><\/p>\n<ul data-start=\"1325\" data-end=\"1549\">\n<li class=\"\" data-start=\"1325\" data-end=\"1382\">\n<p class=\"\" data-start=\"1327\" data-end=\"1382\">St\u00f6der <strong data-start=\"1333\" data-end=\"1380\">regenerering och f\u00f6rst\u00e4rkning av ledbrosk<\/strong><\/p>\n<\/li>\n<li class=\"\" data-start=\"1383\" data-end=\"1437\">\n<p class=\"\" data-start=\"1385\" data-end=\"1437\">F\u00f6rb\u00e4ttra <strong data-start=\"1394\" data-end=\"1435\">ledr\u00f6rlighet och flexibilitet<\/strong><\/p>\n<\/li>\n<li class=\"\" data-start=\"1438\" data-end=\"1490\">\n<p class=\"\" data-start=\"1440\" data-end=\"1490\">Minska <strong data-start=\"1449\" data-end=\"1480\">ledproblem och stelhet<\/strong> symtom<\/p>\n<\/li>\n<li class=\"\" data-start=\"1491\" data-end=\"1549\">\n<p class=\"\" data-start=\"1493\" data-end=\"1549\">St\u00f6der <strong data-start=\"1499\" data-end=\"1537\">naturlig produktion av kollagen<\/strong> i kroppen<\/p>\n<\/li>\n<\/ul>\n<p class=\"\" data-start=\"1551\" data-end=\"1674\"><strong data-start=\"1551\" data-end=\"1575\">Tillverkad i Finland<\/strong> h\u00f6g kvalitet, <strong data-start=\"1595\" data-end=\"1630\">100% fr\u00e5n naturliga ingredienser<\/strong>, utan on\u00f6diga tillsatser eller fyllnadsmedel.<\/p>","protected":false},"excerpt":{"rendered":"<p class=\"\" data-start=\"1730\" data-end=\"1889\"><strong data-start=\"1730\" data-end=\"1889\">Ett kosttillskott tillverkat i Finland som st\u00f6djer ledh\u00e4lsa, r\u00f6rlighet och broskregenerering med hydrolyserat kollagen och st\u00f6djande n\u00e4rings\u00e4mnen.<\/strong><\/p>","protected":false},"featured_media":2331,"comment_status":"open","ping_status":"closed","template":"","meta":{"_surecart_dashboard_logo_width":"180px","_surecart_dashboard_show_logo":true,"_surecart_dashboard_navigation_orders":true,"_surecart_dashboard_navigation_invoices":true,"_surecart_dashboard_navigation_subscriptions":true,"_surecart_dashboard_navigation_downloads":true,"_surecart_dashboard_navigation_billing":true,"_surecart_dashboard_navigation_account":true,"_uag_custom_page_level_css":"","site-sidebar-layout":"default","site-content-layout":"","ast-site-content-layout":"default","site-content-style":"default","site-sidebar-style":"default","ast-global-header-display":"","ast-banner-title-visibility":"","ast-main-header-display":"","ast-hfb-above-header-display":"","ast-hfb-below-header-display":"","ast-hfb-mobile-header-display":"","site-post-title":"","ast-breadcrumbs-content":"","ast-featured-img":"","footer-sml-layout":"","theme-transparent-header-meta":"default","adv-header-id-meta":"","stick-header-meta":"default","header-above-stick-meta":"","header-main-stick-meta":"","header-below-stick-meta":"","astra-migrate-meta-layouts":"set","ast-page-background-enabled":"default","ast-page-background-meta":{"desktop":{"background-color":"var(--ast-global-color-4)","background-image":"","background-repeat":"repeat","background-position":"center center","background-size":"auto","background-attachment":"scroll","background-type":"","background-media":"","overlay-type":"","overlay-color":"","overlay-opacity":"","overlay-gradient":""},"tablet":{"background-color":"","background-image":"","background-repeat":"repeat","background-position":"center center","background-size":"auto","background-attachment":"scroll","background-type":"","background-media":"","overlay-type":"","overlay-color":"","overlay-opacity":"","overlay-gradient":""},"mobile":{"background-color":"","background-image":"","background-repeat":"repeat","background-position":"center center","background-size":"auto","background-attachment":"scroll","background-type":"","background-media":"","overlay-type":"","overlay-color":"","overlay-opacity":"","overlay-gradient":""}},"ast-content-background-meta":{"desktop":{"background-color":"var(--ast-global-color-5)","background-image":"","background-repeat":"repeat","background-position":"center center","background-size":"auto","background-attachment":"scroll","background-type":"","background-media":"","overlay-type":"","overlay-color":"","overlay-opacity":"","overlay-gradient":""},"tablet":{"background-color":"var(--ast-global-color-5)","background-image":"","background-repeat":"repeat","background-position":"center center","background-size":"auto","background-attachment":"scroll","background-type":"","background-media":"","overlay-type":"","overlay-color":"","overlay-opacity":"","overlay-gradient":""},"mobile":{"background-color":"var(--ast-global-color-5)","background-image":"","background-repeat":"repeat","background-position":"center center","background-size":"auto","background-attachment":"scroll","background-type":"","background-media":"","overlay-type":"","overlay-color":"","overlay-opacity":"","overlay-gradient":""}}},"product_brand":[],"product_cat":[438],"product_tag":[446,444,442,445,439,443,440,447,441,448],"class_list":{"0":"post-2330","1":"product","2":"type-product","3":"status-publish","4":"has-post-thumbnail","6":"product_cat-lisaravinteet-nivelten-ja-rustojen-tuki","7":"product_tag-biologisesti-aktiivinen-kollageeni","8":"product_tag-c-vitamiini-kollageenille","9":"product_tag-glukosamiini-nivelille","10":"product_tag-hyaluronihappo-nivelille","11":"product_tag-kollageenilisa","12":"product_tag-kondroitiinisulfaatti","13":"product_tag-nivelten-hyvinvointi","14":"product_tag-no75-kollageeni-nivelille","15":"product_tag-rustojen-tuki","16":"product_tag-suomalainen-lisaravinne","17":"desktop-align-left","18":"tablet-align-left","19":"mobile-align-left","21":"first","22":"instock","23":"shipping-taxable","24":"purchasable","25":"product-type-simple"},"uagb_featured_image_src":{"full":["https:\/\/vitaroma.fi\/wp-content\/uploads\/2025\/04\/f0c2b5_ae547b778dd34943a62808b5e23237b1mv2.png",1080,1080,false],"thumbnail":["https:\/\/vitaroma.fi\/wp-content\/uploads\/2025\/04\/f0c2b5_ae547b778dd34943a62808b5e23237b1mv2-150x150.png",150,150,true],"medium":["https:\/\/vitaroma.fi\/wp-content\/uploads\/2025\/04\/f0c2b5_ae547b778dd34943a62808b5e23237b1mv2-300x300.png",300,300,true],"medium_large":["https:\/\/vitaroma.fi\/wp-content\/uploads\/2025\/04\/f0c2b5_ae547b778dd34943a62808b5e23237b1mv2-768x768.png",768,768,true],"large":["https:\/\/vitaroma.fi\/wp-content\/uploads\/2025\/04\/f0c2b5_ae547b778dd34943a62808b5e23237b1mv2-1024x1024.png",1024,1024,true],"1536x1536":["https:\/\/vitaroma.fi\/wp-content\/uploads\/2025\/04\/f0c2b5_ae547b778dd34943a62808b5e23237b1mv2.png",1080,1080,false],"2048x2048":["https:\/\/vitaroma.fi\/wp-content\/uploads\/2025\/04\/f0c2b5_ae547b778dd34943a62808b5e23237b1mv2.png",1080,1080,false],"trp-custom-language-flag":["https:\/\/vitaroma.fi\/wp-content\/uploads\/2025\/04\/f0c2b5_ae547b778dd34943a62808b5e23237b1mv2-12x12.png",12,12,true],"woocommerce_thumbnail":["https:\/\/vitaroma.fi\/wp-content\/uploads\/2025\/04\/f0c2b5_ae547b778dd34943a62808b5e23237b1mv2-300x300.png",300,300,true],"woocommerce_single":["https:\/\/vitaroma.fi\/wp-content\/uploads\/2025\/04\/f0c2b5_ae547b778dd34943a62808b5e23237b1mv2-600x600.png",600,600,true],"woocommerce_gallery_thumbnail":["https:\/\/vitaroma.fi\/wp-content\/uploads\/2025\/04\/f0c2b5_ae547b778dd34943a62808b5e23237b1mv2-100x100.png",100,100,true]},"uagb_author_info":{"display_name":"emilkemal4@gmail.com","author_link":"https:\/\/vitaroma.fi\/sv\/author\/"},"uagb_comment_info":0,"uagb_excerpt":"Suomessa valmistettu lis\u00e4ravinne, joka tukee nivelten terveytt\u00e4, liikkuvuutta ja rustojen uusiutumista hydrolysoidun kollageenin ja tukiravinteiden avulla.","_links":{"self":[{"href":"https:\/\/vitaroma.fi\/sv\/wp-json\/wp\/v2\/product\/2330","targetHints":{"allow":["GET"]}}],"collection":[{"href":"https:\/\/vitaroma.fi\/sv\/wp-json\/wp\/v2\/product"}],"about":[{"href":"https:\/\/vitaroma.fi\/sv\/wp-json\/wp\/v2\/types\/product"}],"replies":[{"embeddable":true,"href":"https:\/\/vitaroma.fi\/sv\/wp-json\/wp\/v2\/comments?post=2330"}],"wp:featuredmedia":[{"embeddable":true,"href":"https:\/\/vitaroma.fi\/sv\/wp-json\/wp\/v2\/media\/2331"}],"wp:attachment":[{"href":"https:\/\/vitaroma.fi\/sv\/wp-json\/wp\/v2\/media?parent=2330"}],"wp:term":[{"taxonomy":"product_brand","embeddable":true,"href":"https:\/\/vitaroma.fi\/sv\/wp-json\/wp\/v2\/product_brand?post=2330"},{"taxonomy":"product_cat","embeddable":true,"href":"https:\/\/vitaroma.fi\/sv\/wp-json\/wp\/v2\/product_cat?post=2330"},{"taxonomy":"product_tag","embeddable":true,"href":"https:\/\/vitaroma.fi\/sv\/wp-json\/wp\/v2\/product_tag?post=2330"}],"curies":[{"name":"wp","href":"https:\/\/api.w.org\/{rel}","templated":true}]}}