{"id":2318,"date":"2025-04-26T01:05:43","date_gmt":"2025-04-26T01:05:43","guid":{"rendered":"https:\/\/vitaroma.fi\/?post_type=product&#038;p=2318"},"modified":"2026-02-18T12:20:34","modified_gmt":"2026-02-18T10:20:34","slug":"environ-5","status":"publish","type":"product","link":"https:\/\/vitaroma.fi\/sv\/produkt\/ungefar-5\/","title":{"rendered":"Ungef\u00e4r 5"},"content":{"rendered":"<p>Saatavilla vain ihokonsultaation j\u00e4lkeen henkil\u00f6kohtaisella koodilla. Ota yhteytt\u00e4 ennen ostoa.<\/p>\n<p class=\"\" data-start=\"483\" data-end=\"749\"><strong data-start=\"483\" data-end=\"706\">Environ 5 (\u00e4ven k\u00e4nd som AVST Moisturiser 5) \u00e4r toppen av Environs mest avancerade vitaminbaserade hudv\u00e5rdssystem \u2013 en ultimat fuktighetskr\u00e4m, \u00e4ven kallad serum p\u00e5 grund av dess effektivitet.<\/strong><br data-start=\"706\" data-end=\"709\" \/>Denna l\u00e4tta men effektiva kr\u00e4m inneh\u00e5ller:<\/p>\n<ul data-start=\"751\" data-end=\"1032\">\n<li class=\"\" data-start=\"751\" data-end=\"862\">\n<p class=\"\" data-start=\"753\" data-end=\"862\"><strong data-start=\"753\" data-end=\"801\">Maximala koncentrationer av vitamin A och C<\/strong> \u2013 Fr\u00e4mjar hudens naturliga f\u00f6rnyelse och ger huden ljusare f\u00e4rg<\/p>\n<\/li>\n<li class=\"\" data-start=\"863\" data-end=\"965\">\n<p class=\"\" data-start=\"865\" data-end=\"965\"><strong data-start=\"865\" data-end=\"895\">Rik p\u00e5 antioxidanter<\/strong> \u2013 Skyddar huden mot milj\u00f6p\u00e5verkan och fria radikaler<\/p>\n<\/li>\n<li class=\"\" data-start=\"966\" data-end=\"1032\">\n<p class=\"\" data-start=\"968\" data-end=\"1032\"><strong data-start=\"968\" data-end=\"989\">Peptidkombination<\/strong> \u2013 F\u00f6rb\u00e4ttrar hudens fasthet och elasticitet<\/p>\n<\/li>\n<\/ul>\n<p class=\"\" data-start=\"1034\" data-end=\"1061\"><strong data-start=\"1034\" data-end=\"1061\">Huvudeffekter:<\/strong><\/p>\n<ul data-start=\"1062\" data-end=\"1297\">\n<li class=\"\" data-start=\"1062\" data-end=\"1114\">\n<p class=\"\" data-start=\"1064\" data-end=\"1114\">\u00c5terupplivar och \u00e5terst\u00e4ller huden <strong data-start=\"1091\" data-end=\"1112\">ungdomlig gl\u00f6d<\/strong><\/p>\n<\/li>\n<li class=\"\" data-start=\"1115\" data-end=\"1159\">\n<p class=\"\" data-start=\"1117\" data-end=\"1159\">F\u00f6rb\u00e4ttrar hudens struktur och elasticitet<\/p>\n<\/li>\n<li class=\"\" data-start=\"1160\" data-end=\"1241\">\n<p class=\"\" data-start=\"1162\" data-end=\"1241\">Balanserar hudens fuktniv\u00e5er och skyddar huden mot f\u00f6r tidigt \u00e5ldrande<\/p>\n<\/li>\n<li class=\"\" data-start=\"1242\" data-end=\"1297\">\n<p class=\"\" data-start=\"1244\" data-end=\"1297\">St\u00f6djer hudens eget f\u00f6rsvar och f\u00f6rnyelseprocess<\/p>\n<\/li>\n<\/ul>\n<p class=\"\" data-start=\"1299\" data-end=\"1320\"><strong data-start=\"1299\" data-end=\"1318\">Rekommenderad anv\u00e4ndning:<\/strong><\/p>\n<ul data-start=\"1321\" data-end=\"1524\">\n<li class=\"\" data-start=\"1321\" data-end=\"1419\">\n<p class=\"\" data-start=\"1323\" data-end=\"1419\">Denna produkt \u00e4r <strong data-start=\"1337\" data-end=\"1353\">femte etappen<\/strong> I Environs progressiva, niv\u00e5indelade AVST-system.<\/p>\n<\/li>\n<li class=\"\" data-start=\"1420\" data-end=\"1524\">\n<p class=\"\" data-start=\"1422\" data-end=\"1524\"><strong data-start=\"1422\" data-end=\"1453\">Anv\u00e4nd i minst 6 m\u00e5nader<\/strong> eller <strong data-start=\"1458\" data-end=\"1482\">tv\u00e5 flaskor v\u00e4rda<\/strong> innan man g\u00e5r vidare till n\u00e4sta v\u00e5rdniv\u00e5.<\/p>\n<\/li>\n<\/ul>","protected":false},"excerpt":{"rendered":"<p class=\"\" data-start=\"1580\" data-end=\"1731\"><strong data-start=\"1580\" data-end=\"1731\">En \u00e5terfuktande kr\u00e4m\/serum med maximal koncentration av vitamin A och C som \u00e5terupplivar huden, f\u00f6rb\u00e4ttrar hudens struktur och \u00e5terst\u00e4ller en ungdomlig lyster.<\/strong><\/p>","protected":false},"featured_media":2319,"comment_status":"open","ping_status":"closed","template":"","meta":{"_surecart_dashboard_logo_width":"180px","_surecart_dashboard_show_logo":true,"_surecart_dashboard_navigation_orders":true,"_surecart_dashboard_navigation_invoices":true,"_surecart_dashboard_navigation_subscriptions":true,"_surecart_dashboard_navigation_downloads":true,"_surecart_dashboard_navigation_billing":true,"_surecart_dashboard_navigation_account":true,"_uag_custom_page_level_css":"","site-sidebar-layout":"default","site-content-layout":"","ast-site-content-layout":"default","site-content-style":"default","site-sidebar-style":"default","ast-global-header-display":"","ast-banner-title-visibility":"","ast-main-header-display":"","ast-hfb-above-header-display":"","ast-hfb-below-header-display":"","ast-hfb-mobile-header-display":"","site-post-title":"","ast-breadcrumbs-content":"","ast-featured-img":"","footer-sml-layout":"","theme-transparent-header-meta":"default","adv-header-id-meta":"","stick-header-meta":"default","header-above-stick-meta":"","header-main-stick-meta":"","header-below-stick-meta":"","astra-migrate-meta-layouts":"set","ast-page-background-enabled":"default","ast-page-background-meta":{"desktop":{"background-color":"var(--ast-global-color-4)","background-image":"","background-repeat":"repeat","background-position":"center center","background-size":"auto","background-attachment":"scroll","background-type":"","background-media":"","overlay-type":"","overlay-color":"","overlay-opacity":"","overlay-gradient":""},"tablet":{"background-color":"","background-image":"","background-repeat":"repeat","background-position":"center center","background-size":"auto","background-attachment":"scroll","background-type":"","background-media":"","overlay-type":"","overlay-color":"","overlay-opacity":"","overlay-gradient":""},"mobile":{"background-color":"","background-image":"","background-repeat":"repeat","background-position":"center center","background-size":"auto","background-attachment":"scroll","background-type":"","background-media":"","overlay-type":"","overlay-color":"","overlay-opacity":"","overlay-gradient":""}},"ast-content-background-meta":{"desktop":{"background-color":"var(--ast-global-color-5)","background-image":"","background-repeat":"repeat","background-position":"center center","background-size":"auto","background-attachment":"scroll","background-type":"","background-media":"","overlay-type":"","overlay-color":"","overlay-opacity":"","overlay-gradient":""},"tablet":{"background-color":"var(--ast-global-color-5)","background-image":"","background-repeat":"repeat","background-position":"center center","background-size":"auto","background-attachment":"scroll","background-type":"","background-media":"","overlay-type":"","overlay-color":"","overlay-opacity":"","overlay-gradient":""},"mobile":{"background-color":"var(--ast-global-color-5)","background-image":"","background-repeat":"repeat","background-position":"center center","background-size":"auto","background-attachment":"scroll","background-type":"","background-media":"","overlay-type":"","overlay-color":"","overlay-opacity":"","overlay-gradient":""}}},"product_brand":[],"product_cat":[396],"product_tag":[397,399,398,400,402,403,401,404,300,405],"class_list":{"0":"post-2318","1":"product","2":"type-product","3":"status-publish","4":"has-post-thumbnail","6":"product_cat-kasvojen-hoito-vitamiinihoidot-ja-anti-age-kosteuttajat","7":"product_tag-a-vitamiinivoide","8":"product_tag-anti-age-kosteuttaja","9":"product_tag-c-vitamiiniseerumi","10":"product_tag-edistyksellinen-vitamiinihoito","11":"product_tag-environ-avst-5","12":"product_tag-environ-moisturiser-5","13":"product_tag-ihon-kiinteyttaminen","14":"product_tag-korkean-tason-ihonhoito","15":"product_tag-nuorekkaampi-iho","16":"product_tag-vapaita-radikaaleja-vastaan-suojaava-voide","17":"desktop-align-left","18":"tablet-align-left","19":"mobile-align-left","21":"first","22":"outofstock","23":"shipping-taxable","24":"purchasable","25":"product-type-simple"},"uagb_featured_image_src":{"full":["https:\/\/vitaroma.fi\/wp-content\/uploads\/2025\/04\/f0c2b5_ba93ad4b92a24755b6204e4b1687d3a8mv2.png",1080,1080,false],"thumbnail":["https:\/\/vitaroma.fi\/wp-content\/uploads\/2025\/04\/f0c2b5_ba93ad4b92a24755b6204e4b1687d3a8mv2-150x150.png",150,150,true],"medium":["https:\/\/vitaroma.fi\/wp-content\/uploads\/2025\/04\/f0c2b5_ba93ad4b92a24755b6204e4b1687d3a8mv2-300x300.png",300,300,true],"medium_large":["https:\/\/vitaroma.fi\/wp-content\/uploads\/2025\/04\/f0c2b5_ba93ad4b92a24755b6204e4b1687d3a8mv2-768x768.png",768,768,true],"large":["https:\/\/vitaroma.fi\/wp-content\/uploads\/2025\/04\/f0c2b5_ba93ad4b92a24755b6204e4b1687d3a8mv2-1024x1024.png",1024,1024,true],"1536x1536":["https:\/\/vitaroma.fi\/wp-content\/uploads\/2025\/04\/f0c2b5_ba93ad4b92a24755b6204e4b1687d3a8mv2.png",1080,1080,false],"2048x2048":["https:\/\/vitaroma.fi\/wp-content\/uploads\/2025\/04\/f0c2b5_ba93ad4b92a24755b6204e4b1687d3a8mv2.png",1080,1080,false],"trp-custom-language-flag":["https:\/\/vitaroma.fi\/wp-content\/uploads\/2025\/04\/f0c2b5_ba93ad4b92a24755b6204e4b1687d3a8mv2-12x12.png",12,12,true],"woocommerce_thumbnail":["https:\/\/vitaroma.fi\/wp-content\/uploads\/2025\/04\/f0c2b5_ba93ad4b92a24755b6204e4b1687d3a8mv2-300x300.png",300,300,true],"woocommerce_single":["https:\/\/vitaroma.fi\/wp-content\/uploads\/2025\/04\/f0c2b5_ba93ad4b92a24755b6204e4b1687d3a8mv2-600x600.png",600,600,true],"woocommerce_gallery_thumbnail":["https:\/\/vitaroma.fi\/wp-content\/uploads\/2025\/04\/f0c2b5_ba93ad4b92a24755b6204e4b1687d3a8mv2-100x100.png",100,100,true]},"uagb_author_info":{"display_name":"emilkemal4@gmail.com","author_link":"https:\/\/vitaroma.fi\/sv\/author\/"},"uagb_comment_info":0,"uagb_excerpt":"Maksimipitoisuuksia A- ja C-vitamiinia sis\u00e4lt\u00e4v\u00e4 kosteuttava voide\/seerumi, joka elvytt\u00e4\u00e4 ihoa, parantaa rakennetta ja palauttaa nuorekkaan hehkun.","_links":{"self":[{"href":"https:\/\/vitaroma.fi\/sv\/wp-json\/wp\/v2\/product\/2318","targetHints":{"allow":["GET"]}}],"collection":[{"href":"https:\/\/vitaroma.fi\/sv\/wp-json\/wp\/v2\/product"}],"about":[{"href":"https:\/\/vitaroma.fi\/sv\/wp-json\/wp\/v2\/types\/product"}],"replies":[{"embeddable":true,"href":"https:\/\/vitaroma.fi\/sv\/wp-json\/wp\/v2\/comments?post=2318"}],"wp:featuredmedia":[{"embeddable":true,"href":"https:\/\/vitaroma.fi\/sv\/wp-json\/wp\/v2\/media\/2319"}],"wp:attachment":[{"href":"https:\/\/vitaroma.fi\/sv\/wp-json\/wp\/v2\/media?parent=2318"}],"wp:term":[{"taxonomy":"product_brand","embeddable":true,"href":"https:\/\/vitaroma.fi\/sv\/wp-json\/wp\/v2\/product_brand?post=2318"},{"taxonomy":"product_cat","embeddable":true,"href":"https:\/\/vitaroma.fi\/sv\/wp-json\/wp\/v2\/product_cat?post=2318"},{"taxonomy":"product_tag","embeddable":true,"href":"https:\/\/vitaroma.fi\/sv\/wp-json\/wp\/v2\/product_tag?post=2318"}],"curies":[{"name":"wp","href":"https:\/\/api.w.org\/{rel}","templated":true}]}}