{"id":2316,"date":"2025-04-26T01:02:49","date_gmt":"2025-04-26T01:02:49","guid":{"rendered":"https:\/\/vitaroma.fi\/?post_type=product&#038;p=2316"},"modified":"2025-04-26T01:02:49","modified_gmt":"2025-04-26T01:02:49","slug":"environ-clay-masque","status":"publish","type":"product","link":"https:\/\/vitaroma.fi\/sv\/produkt\/environ-clay-masque\/","title":{"rendered":"Environ lermask"},"content":{"rendered":"<p class=\"\" data-start=\"461\" data-end=\"680\"><strong data-start=\"461\" data-end=\"629\">Environ AVST Hydrating Clay Masque \u00e4r en ansiktsmask med flera funktioner som \u00e5terfuktar huden samtidigt som den avl\u00e4gsnar \u00f6verfl\u00f6dig olja och orenheter fr\u00e5n hudytan.<\/strong><br data-start=\"629\" data-end=\"632\" \/>Denna effektiva men skonsamma mask erbjuder:<\/p>\n<ul data-start=\"682\" data-end=\"904\">\n<li class=\"\" data-start=\"682\" data-end=\"742\">\n<p class=\"\" data-start=\"684\" data-end=\"742\"><strong data-start=\"684\" data-end=\"704\">Djupreng\u00f6ring<\/strong> utan att uttorka huden<\/p>\n<\/li>\n<li class=\"\" data-start=\"743\" data-end=\"815\">\n<p class=\"\" data-start=\"745\" data-end=\"815\"><strong data-start=\"745\" data-end=\"771\">Effektiv \u00e5terfuktning<\/strong>, vilket g\u00f6r huden mjuk och fr\u00e4sch<\/p>\n<\/li>\n<li class=\"\" data-start=\"816\" data-end=\"904\">\n<p class=\"\" data-start=\"818\" data-end=\"904\"><strong data-start=\"818\" data-end=\"846\">Lugnande effekt<\/strong>, som \u00e4ven \u00e4r l\u00e4mplig f\u00f6r k\u00e4nslig och fuktbristande hud<\/p>\n<\/li>\n<\/ul>\n<p class=\"\" data-start=\"906\" data-end=\"934\"><strong data-start=\"906\" data-end=\"934\">Huvudfunktioner:<\/strong><\/p>\n<ul data-start=\"935\" data-end=\"1128\">\n<li class=\"\" data-start=\"935\" data-end=\"983\">\n<p class=\"\" data-start=\"937\" data-end=\"983\">Avl\u00e4gsnar \u00f6verfl\u00f6dig olja och orenheter<\/p>\n<\/li>\n<li class=\"\" data-start=\"984\" data-end=\"1015\">\n<p class=\"\" data-start=\"986\" data-end=\"1015\">\u00c5terfuktar huden effektivt<\/p>\n<\/li>\n<li class=\"\" data-start=\"1016\" data-end=\"1074\">\n<p class=\"\" data-start=\"1018\" data-end=\"1074\">Hj\u00e4lper till att bibeh\u00e5lla hudens <strong data-start=\"1043\" data-end=\"1072\">h\u00e4lsosam fuktbalans<\/strong><\/p>\n<\/li>\n<li class=\"\" data-start=\"1075\" data-end=\"1128\">\n<p class=\"\" data-start=\"1077\" data-end=\"1128\">F\u00f6rb\u00e4ttrar huden <strong data-start=\"1091\" data-end=\"1128\">sl\u00e4thet, renhet och fr\u00e4sch\u00f6r<\/strong><\/p>\n<\/li>\n<\/ul>\n<p class=\"\" data-start=\"1130\" data-end=\"1178\"><strong data-start=\"1130\" data-end=\"1157\">Vid regelbunden anv\u00e4ndning<\/strong> Environ lermask:<\/p>\n<ul data-start=\"1180\" data-end=\"1326\">\n<li class=\"\" data-start=\"1180\" data-end=\"1226\">\n<p class=\"\" data-start=\"1182\" data-end=\"1226\">G\u00f6r huden <strong data-start=\"1195\" data-end=\"1224\">renare och ljusare<\/strong><\/p>\n<\/li>\n<li class=\"\" data-start=\"1227\" data-end=\"1272\">\n<p class=\"\" data-start=\"1229\" data-end=\"1272\">St\u00f6djer huden <strong data-start=\"1240\" data-end=\"1270\">naturligt skyddande lager<\/strong><\/p>\n<\/li>\n<li class=\"\" data-start=\"1273\" data-end=\"1326\">\n<p class=\"\" data-start=\"1275\" data-end=\"1326\">Minskar hudens glans och f\u00f6rb\u00e4ttrar hudens struktur<\/p>\n<\/li>\n<\/ul>\n<p class=\"\" data-start=\"1328\" data-end=\"1404\">\u00c4ven perfekt som en del av en veckovis djupreng\u00f6ringsrutin.<\/p>","protected":false},"excerpt":{"rendered":"<p class=\"\" data-start=\"1460\" data-end=\"1595\"><strong data-start=\"1460\" data-end=\"1595\">En djupreng\u00f6rande och \u00e5terfuktande lermask som avl\u00e4gsnar \u00f6verfl\u00f6dig olja och orenheter samtidigt som den \u00e5terfuktar och fr\u00e4scherar upp huden.<\/strong><\/p>","protected":false},"featured_media":2317,"comment_status":"open","ping_status":"closed","template":"","meta":{"_surecart_dashboard_logo_width":"180px","_surecart_dashboard_show_logo":true,"_surecart_dashboard_navigation_orders":true,"_surecart_dashboard_navigation_invoices":true,"_surecart_dashboard_navigation_subscriptions":true,"_surecart_dashboard_navigation_downloads":true,"_surecart_dashboard_navigation_billing":true,"_surecart_dashboard_navigation_account":true,"_uag_custom_page_level_css":"","site-sidebar-layout":"default","site-content-layout":"","ast-site-content-layout":"default","site-content-style":"default","site-sidebar-style":"default","ast-global-header-display":"","ast-banner-title-visibility":"","ast-main-header-display":"","ast-hfb-above-header-display":"","ast-hfb-below-header-display":"","ast-hfb-mobile-header-display":"","site-post-title":"","ast-breadcrumbs-content":"","ast-featured-img":"","footer-sml-layout":"","ast-disable-related-posts":"","theme-transparent-header-meta":"default","adv-header-id-meta":"","stick-header-meta":"default","header-above-stick-meta":"","header-main-stick-meta":"","header-below-stick-meta":"","astra-migrate-meta-layouts":"set","ast-page-background-enabled":"default","ast-page-background-meta":{"desktop":{"background-color":"var(--ast-global-color-4)","background-image":"","background-repeat":"repeat","background-position":"center center","background-size":"auto","background-attachment":"scroll","background-type":"","background-media":"","overlay-type":"","overlay-color":"","overlay-opacity":"","overlay-gradient":""},"tablet":{"background-color":"","background-image":"","background-repeat":"repeat","background-position":"center center","background-size":"auto","background-attachment":"scroll","background-type":"","background-media":"","overlay-type":"","overlay-color":"","overlay-opacity":"","overlay-gradient":""},"mobile":{"background-color":"","background-image":"","background-repeat":"repeat","background-position":"center center","background-size":"auto","background-attachment":"scroll","background-type":"","background-media":"","overlay-type":"","overlay-color":"","overlay-opacity":"","overlay-gradient":""}},"ast-content-background-meta":{"desktop":{"background-color":"var(--ast-global-color-5)","background-image":"","background-repeat":"repeat","background-position":"center center","background-size":"auto","background-attachment":"scroll","background-type":"","background-media":"","overlay-type":"","overlay-color":"","overlay-opacity":"","overlay-gradient":""},"tablet":{"background-color":"var(--ast-global-color-5)","background-image":"","background-repeat":"repeat","background-position":"center center","background-size":"auto","background-attachment":"scroll","background-type":"","background-media":"","overlay-type":"","overlay-color":"","overlay-opacity":"","overlay-gradient":""},"mobile":{"background-color":"var(--ast-global-color-5)","background-image":"","background-repeat":"repeat","background-position":"center center","background-size":"auto","background-attachment":"scroll","background-type":"","background-media":"","overlay-type":"","overlay-color":"","overlay-opacity":"","overlay-gradient":""}}},"product_brand":[],"product_cat":[387],"product_tag":[394,393,392,206,389,395,391,388,390,369],"class_list":{"0":"post-2316","1":"product","2":"type-product","3":"status-publish","4":"has-post-thumbnail","6":"product_cat-kasvojen-hoito-naamiot-ja-puhdistustuotteet","7":"product_tag-environ-clay-masque","8":"product_tag-epapuhtauksien-poistaminen","9":"product_tag-herkalle-iholle-sopiva-naamio","10":"product_tag-ihon-kosteustasapaino","11":"product_tag-kosteuttava-kasvonaamio","12":"product_tag-puhdas-ja-kirkas-iho","13":"product_tag-raikastava-kasvohoito","14":"product_tag-savinaamio","15":"product_tag-syvapuhdistava-naamio","16":"product_tag-ylimaaraisen-rasvan-poisto","17":"desktop-align-left","18":"tablet-align-left","19":"mobile-align-left","21":"first","22":"instock","23":"shipping-taxable","24":"purchasable","25":"product-type-simple"},"uagb_featured_image_src":{"full":["https:\/\/vitaroma.fi\/wp-content\/uploads\/2025\/04\/f0c2b5_98ae18d46af24e35a0ff9ff370c0af35mv2.png",1080,1080,false],"thumbnail":["https:\/\/vitaroma.fi\/wp-content\/uploads\/2025\/04\/f0c2b5_98ae18d46af24e35a0ff9ff370c0af35mv2-150x150.png",150,150,true],"medium":["https:\/\/vitaroma.fi\/wp-content\/uploads\/2025\/04\/f0c2b5_98ae18d46af24e35a0ff9ff370c0af35mv2-300x300.png",300,300,true],"medium_large":["https:\/\/vitaroma.fi\/wp-content\/uploads\/2025\/04\/f0c2b5_98ae18d46af24e35a0ff9ff370c0af35mv2-768x768.png",768,768,true],"large":["https:\/\/vitaroma.fi\/wp-content\/uploads\/2025\/04\/f0c2b5_98ae18d46af24e35a0ff9ff370c0af35mv2-1024x1024.png",1024,1024,true],"1536x1536":["https:\/\/vitaroma.fi\/wp-content\/uploads\/2025\/04\/f0c2b5_98ae18d46af24e35a0ff9ff370c0af35mv2.png",1080,1080,false],"2048x2048":["https:\/\/vitaroma.fi\/wp-content\/uploads\/2025\/04\/f0c2b5_98ae18d46af24e35a0ff9ff370c0af35mv2.png",1080,1080,false],"trp-custom-language-flag":["https:\/\/vitaroma.fi\/wp-content\/uploads\/2025\/04\/f0c2b5_98ae18d46af24e35a0ff9ff370c0af35mv2-12x12.png",12,12,true],"woocommerce_thumbnail":["https:\/\/vitaroma.fi\/wp-content\/uploads\/2025\/04\/f0c2b5_98ae18d46af24e35a0ff9ff370c0af35mv2-300x300.png",300,300,true],"woocommerce_single":["https:\/\/vitaroma.fi\/wp-content\/uploads\/2025\/04\/f0c2b5_98ae18d46af24e35a0ff9ff370c0af35mv2-600x600.png",600,600,true],"woocommerce_gallery_thumbnail":["https:\/\/vitaroma.fi\/wp-content\/uploads\/2025\/04\/f0c2b5_98ae18d46af24e35a0ff9ff370c0af35mv2-100x100.png",100,100,true]},"uagb_author_info":{"display_name":"emilkemal4@gmail.com","author_link":"https:\/\/vitaroma.fi\/sv\/author\/"},"uagb_comment_info":0,"uagb_excerpt":"Syv\u00e4puhdistava ja kosteuttava savinaamio, joka poistaa ylim\u00e4\u00e4r\u00e4ist\u00e4 rasvaa ja ep\u00e4puhtauksia samalla kosteuttaen ja raikastaen ihoa.","_links":{"self":[{"href":"https:\/\/vitaroma.fi\/sv\/wp-json\/wp\/v2\/product\/2316","targetHints":{"allow":["GET"]}}],"collection":[{"href":"https:\/\/vitaroma.fi\/sv\/wp-json\/wp\/v2\/product"}],"about":[{"href":"https:\/\/vitaroma.fi\/sv\/wp-json\/wp\/v2\/types\/product"}],"replies":[{"embeddable":true,"href":"https:\/\/vitaroma.fi\/sv\/wp-json\/wp\/v2\/comments?post=2316"}],"wp:featuredmedia":[{"embeddable":true,"href":"https:\/\/vitaroma.fi\/sv\/wp-json\/wp\/v2\/media\/2317"}],"wp:attachment":[{"href":"https:\/\/vitaroma.fi\/sv\/wp-json\/wp\/v2\/media?parent=2316"}],"wp:term":[{"taxonomy":"product_brand","embeddable":true,"href":"https:\/\/vitaroma.fi\/sv\/wp-json\/wp\/v2\/product_brand?post=2316"},{"taxonomy":"product_cat","embeddable":true,"href":"https:\/\/vitaroma.fi\/sv\/wp-json\/wp\/v2\/product_cat?post=2316"},{"taxonomy":"product_tag","embeddable":true,"href":"https:\/\/vitaroma.fi\/sv\/wp-json\/wp\/v2\/product_tag?post=2316"}],"curies":[{"name":"wp","href":"https:\/\/api.w.org\/{rel}","templated":true}]}}