{"id":2312,"date":"2025-04-26T00:57:42","date_gmt":"2025-04-26T00:57:42","guid":{"rendered":"https:\/\/vitaroma.fi\/?post_type=product&#038;p=2312"},"modified":"2025-12-01T13:38:23","modified_gmt":"2025-12-01T11:38:23","slug":"environ-cleansing-gel","status":"publish","type":"product","link":"https:\/\/vitaroma.fi\/sv\/produkt\/miljorengoringsgel\/","title":{"rendered":"Milj\u00f6reng\u00f6ringsgel"},"content":{"rendered":"<p class=\"\" data-start=\"482\" data-end=\"665\"><strong data-start=\"482\" data-end=\"625\">Environ Cleansing Gel \u00e4r en milt skummande och mild reng\u00f6ringsgel som effektivt reng\u00f6r huden utan att torka ut den.<\/strong><br data-start=\"625\" data-end=\"628\" \/>Dess balanserade sammans\u00e4ttning eliminerar:<\/p>\n<ul data-start=\"667\" data-end=\"728\">\n<li class=\"\" data-start=\"667\" data-end=\"694\">\n<p class=\"\" data-start=\"669\" data-end=\"694\"><strong data-start=\"669\" data-end=\"692\">\u00d6verskottsfett<\/strong><\/p>\n<\/li>\n<li class=\"\" data-start=\"695\" data-end=\"709\">\n<p class=\"\" data-start=\"697\" data-end=\"709\"><strong data-start=\"697\" data-end=\"707\">Smink<\/strong><\/p>\n<\/li>\n<li class=\"\" data-start=\"710\" data-end=\"728\">\n<p class=\"\" data-start=\"712\" data-end=\"728\"><strong data-start=\"712\" data-end=\"728\">F\u00f6roreningar<\/strong><\/p>\n<\/li>\n<\/ul>\n<p class=\"\" data-start=\"730\" data-end=\"758\"><strong data-start=\"730\" data-end=\"758\">Huvudfunktioner:<\/strong><\/p>\n<ul data-start=\"759\" data-end=\"983\">\n<li class=\"\" data-start=\"759\" data-end=\"812\">\n<p class=\"\" data-start=\"761\" data-end=\"812\">Beh\u00e5lla <strong data-start=\"771\" data-end=\"810\">hudens naturliga fuktbalans<\/strong><\/p>\n<\/li>\n<li class=\"\" data-start=\"813\" data-end=\"873\">\n<p class=\"\" data-start=\"815\" data-end=\"873\">L\u00e4mnar huden <strong data-start=\"827\" data-end=\"859\">fr\u00e4sch, mjuk och ren<\/strong> att k\u00e4nna<\/p>\n<\/li>\n<li class=\"\" data-start=\"874\" data-end=\"931\">\n<p class=\"\" data-start=\"876\" data-end=\"931\">L\u00e4mplig <strong data-start=\"882\" data-end=\"907\">f\u00f6r alla hudtyper<\/strong>, \u00e4ven f\u00f6r k\u00e4nslig hud<\/p>\n<\/li>\n<li class=\"\" data-start=\"932\" data-end=\"983\">\n<p class=\"\" data-start=\"934\" data-end=\"983\">L\u00e4tt, behagligt och l\u00e4ttsk\u00f6ljbart skum<\/p>\n<\/li>\n<\/ul>\n<p class=\"\" data-start=\"985\" data-end=\"1023\"><strong data-start=\"985\" data-end=\"1012\">Vid regelbunden anv\u00e4ndning<\/strong> huden kvarst\u00e5r:<\/p>\n<ul data-start=\"1025\" data-end=\"1156\">\n<li class=\"\" data-start=\"1025\" data-end=\"1054\">\n<p class=\"\" data-start=\"1027\" data-end=\"1054\">Rensad fr\u00e5n blockeringar<\/p>\n<\/li>\n<li class=\"\" data-start=\"1055\" data-end=\"1091\">\n<p class=\"\" data-start=\"1057\" data-end=\"1091\">Balanserad och livfull<\/p>\n<\/li>\n<li class=\"\" data-start=\"1092\" data-end=\"1156\">\n<p class=\"\" data-start=\"1094\" data-end=\"1156\">Redo att ta emot andra hudv\u00e5rdsprodukter mer effektivt<\/p>\n<\/li>\n<\/ul>\n<p class=\"\" data-start=\"1158\" data-end=\"1296\">Environ Cleansing Gel \u00e4r en viktig del av din dagliga hudv\u00e5rdsrutin och ger effektiv men skonsam reng\u00f6ring morgon och kv\u00e4ll.<\/p>","protected":false},"excerpt":{"rendered":"<p class=\"\" data-start=\"1352\" data-end=\"1491\"><strong data-start=\"1352\" data-end=\"1491\">En milt skummande reng\u00f6ringsgel som avl\u00e4gsnar olja, makeup och orenheter samtidigt som den bibeh\u00e5ller hudens fuktbalans och fr\u00e4sch\u00f6r.<\/strong><\/p>","protected":false},"featured_media":2313,"comment_status":"open","ping_status":"closed","template":"","meta":{"_surecart_dashboard_logo_width":"180px","_surecart_dashboard_show_logo":true,"_surecart_dashboard_navigation_orders":true,"_surecart_dashboard_navigation_invoices":true,"_surecart_dashboard_navigation_subscriptions":true,"_surecart_dashboard_navigation_downloads":true,"_surecart_dashboard_navigation_billing":true,"_surecart_dashboard_navigation_account":true,"_uag_custom_page_level_css":"","site-sidebar-layout":"default","site-content-layout":"","ast-site-content-layout":"default","site-content-style":"default","site-sidebar-style":"default","ast-global-header-display":"","ast-banner-title-visibility":"","ast-main-header-display":"","ast-hfb-above-header-display":"","ast-hfb-below-header-display":"","ast-hfb-mobile-header-display":"","site-post-title":"","ast-breadcrumbs-content":"","ast-featured-img":"","footer-sml-layout":"","ast-disable-related-posts":"","theme-transparent-header-meta":"default","adv-header-id-meta":"","stick-header-meta":"default","header-above-stick-meta":"","header-main-stick-meta":"","header-below-stick-meta":"","astra-migrate-meta-layouts":"set","ast-page-background-enabled":"default","ast-page-background-meta":{"desktop":{"background-color":"var(--ast-global-color-4)","background-image":"","background-repeat":"repeat","background-position":"center center","background-size":"auto","background-attachment":"scroll","background-type":"","background-media":"","overlay-type":"","overlay-color":"","overlay-opacity":"","overlay-gradient":""},"tablet":{"background-color":"","background-image":"","background-repeat":"repeat","background-position":"center center","background-size":"auto","background-attachment":"scroll","background-type":"","background-media":"","overlay-type":"","overlay-color":"","overlay-opacity":"","overlay-gradient":""},"mobile":{"background-color":"","background-image":"","background-repeat":"repeat","background-position":"center center","background-size":"auto","background-attachment":"scroll","background-type":"","background-media":"","overlay-type":"","overlay-color":"","overlay-opacity":"","overlay-gradient":""}},"ast-content-background-meta":{"desktop":{"background-color":"var(--ast-global-color-5)","background-image":"","background-repeat":"repeat","background-position":"center center","background-size":"auto","background-attachment":"scroll","background-type":"","background-media":"","overlay-type":"","overlay-color":"","overlay-opacity":"","overlay-gradient":""},"tablet":{"background-color":"var(--ast-global-color-5)","background-image":"","background-repeat":"repeat","background-position":"center center","background-size":"auto","background-attachment":"scroll","background-type":"","background-media":"","overlay-type":"","overlay-color":"","overlay-opacity":"","overlay-gradient":""},"mobile":{"background-color":"var(--ast-global-color-5)","background-image":"","background-repeat":"repeat","background-position":"center center","background-size":"auto","background-attachment":"scroll","background-type":"","background-media":"","overlay-type":"","overlay-color":"","overlay-opacity":"","overlay-gradient":""}}},"product_brand":[],"product_cat":[252],"product_tag":[374,368,372,371,370,375,366,373,367,369],"class_list":{"0":"post-2312","1":"product","2":"type-product","3":"status-publish","4":"has-post-thumbnail","6":"product_cat-kasvojen-hoito-puhdistusaineet","7":"product_tag-environ-cleansing-gel","8":"product_tag-hellavarainen-kasvojen-puhdistus","9":"product_tag-kaikille-ihotyypeille","10":"product_tag-kosteustasapainon-sailyttaminen","11":"product_tag-meikinpoisto","12":"product_tag-paivittainen-kasvojen-puhdistus","13":"product_tag-puhdistusgeeli","14":"product_tag-raikas-ja-puhdas-iho","15":"product_tag-vaahtoava-puhdistusaine","16":"product_tag-ylimaaraisen-rasvan-poisto","17":"desktop-align-left","18":"tablet-align-left","19":"mobile-align-left","21":"first","22":"instock","23":"shipping-taxable","24":"purchasable","25":"product-type-simple"},"uagb_featured_image_src":{"full":["https:\/\/vitaroma.fi\/wp-content\/uploads\/2025\/04\/f0c2b5_c5a5771d97514500a2da78a60f6aab12mv2.png",1080,1080,false],"thumbnail":["https:\/\/vitaroma.fi\/wp-content\/uploads\/2025\/04\/f0c2b5_c5a5771d97514500a2da78a60f6aab12mv2-150x150.png",150,150,true],"medium":["https:\/\/vitaroma.fi\/wp-content\/uploads\/2025\/04\/f0c2b5_c5a5771d97514500a2da78a60f6aab12mv2-300x300.png",300,300,true],"medium_large":["https:\/\/vitaroma.fi\/wp-content\/uploads\/2025\/04\/f0c2b5_c5a5771d97514500a2da78a60f6aab12mv2-768x768.png",768,768,true],"large":["https:\/\/vitaroma.fi\/wp-content\/uploads\/2025\/04\/f0c2b5_c5a5771d97514500a2da78a60f6aab12mv2-1024x1024.png",1024,1024,true],"1536x1536":["https:\/\/vitaroma.fi\/wp-content\/uploads\/2025\/04\/f0c2b5_c5a5771d97514500a2da78a60f6aab12mv2.png",1080,1080,false],"2048x2048":["https:\/\/vitaroma.fi\/wp-content\/uploads\/2025\/04\/f0c2b5_c5a5771d97514500a2da78a60f6aab12mv2.png",1080,1080,false],"trp-custom-language-flag":["https:\/\/vitaroma.fi\/wp-content\/uploads\/2025\/04\/f0c2b5_c5a5771d97514500a2da78a60f6aab12mv2-12x12.png",12,12,true],"woocommerce_thumbnail":["https:\/\/vitaroma.fi\/wp-content\/uploads\/2025\/04\/f0c2b5_c5a5771d97514500a2da78a60f6aab12mv2-300x300.png",300,300,true],"woocommerce_single":["https:\/\/vitaroma.fi\/wp-content\/uploads\/2025\/04\/f0c2b5_c5a5771d97514500a2da78a60f6aab12mv2-600x600.png",600,600,true],"woocommerce_gallery_thumbnail":["https:\/\/vitaroma.fi\/wp-content\/uploads\/2025\/04\/f0c2b5_c5a5771d97514500a2da78a60f6aab12mv2-100x100.png",100,100,true]},"uagb_author_info":{"display_name":"emilkemal4@gmail.com","author_link":"https:\/\/vitaroma.fi\/sv\/author\/"},"uagb_comment_info":0,"uagb_excerpt":"Miedosti vaahtoava puhdistusgeeli, joka poistaa rasvan, meikin ja ep\u00e4puhtaudet samalla s\u00e4ilytt\u00e4en ihon kosteustasapainon ja raikkauden.","_links":{"self":[{"href":"https:\/\/vitaroma.fi\/sv\/wp-json\/wp\/v2\/product\/2312","targetHints":{"allow":["GET"]}}],"collection":[{"href":"https:\/\/vitaroma.fi\/sv\/wp-json\/wp\/v2\/product"}],"about":[{"href":"https:\/\/vitaroma.fi\/sv\/wp-json\/wp\/v2\/types\/product"}],"replies":[{"embeddable":true,"href":"https:\/\/vitaroma.fi\/sv\/wp-json\/wp\/v2\/comments?post=2312"}],"wp:featuredmedia":[{"embeddable":true,"href":"https:\/\/vitaroma.fi\/sv\/wp-json\/wp\/v2\/media\/2313"}],"wp:attachment":[{"href":"https:\/\/vitaroma.fi\/sv\/wp-json\/wp\/v2\/media?parent=2312"}],"wp:term":[{"taxonomy":"product_brand","embeddable":true,"href":"https:\/\/vitaroma.fi\/sv\/wp-json\/wp\/v2\/product_brand?post=2312"},{"taxonomy":"product_cat","embeddable":true,"href":"https:\/\/vitaroma.fi\/sv\/wp-json\/wp\/v2\/product_cat?post=2312"},{"taxonomy":"product_tag","embeddable":true,"href":"https:\/\/vitaroma.fi\/sv\/wp-json\/wp\/v2\/product_tag?post=2312"}],"curies":[{"name":"wp","href":"https:\/\/api.w.org\/{rel}","templated":true}]}}