{"id":2304,"date":"2025-04-26T00:44:15","date_gmt":"2025-04-26T00:44:15","guid":{"rendered":"https:\/\/vitaroma.fi\/?post_type=product&#038;p=2304"},"modified":"2026-02-18T12:48:16","modified_gmt":"2026-02-18T10:48:16","slug":"environ-retinol-serum-2","status":"publish","type":"product","link":"https:\/\/vitaroma.fi\/sv\/produkt\/miljo-retinol-serum-2\/","title":{"rendered":"Environ Retinol Serum 2"},"content":{"rendered":"<p>Saatavilla vain ihokonsultaation j\u00e4lkeen henkil\u00f6kohtaisella koodilla. Ota yhteytt\u00e4 ennen ostoa.<\/p>\n<p class=\"\" data-start=\"486\" data-end=\"828\"><strong data-start=\"486\" data-end=\"628\">Environ Retinol Serum 2 \u00e4r ett effektivt och avancerat serum som inneh\u00e5ller en mycket h\u00f6g koncentration av vitamin A i form av retinol.<\/strong><br data-start=\"628\" data-end=\"631\" \/>Den \u00e4r speciellt utformad f\u00f6r avancerade anv\u00e4ndare vars hud redan \u00e4r van vid h\u00f6ga niv\u00e5er av vitamin A, till exempel <strong data-start=\"761\" data-end=\"809\">Skin EssentiA\u00ae- eller Youth EssentiA\u00ae-serien<\/strong> genom produkter.<\/p>\n<p class=\"\" data-start=\"830\" data-end=\"857\"><strong data-start=\"830\" data-end=\"857\">Huvudeffekter:<\/strong><\/p>\n<ul data-start=\"858\" data-end=\"1122\">\n<li class=\"\" data-start=\"858\" data-end=\"902\">\n<p class=\"\" data-start=\"860\" data-end=\"902\">St\u00f6der <strong data-start=\"866\" data-end=\"900\">naturlig hudf\u00f6rnyelse<\/strong><\/p>\n<\/li>\n<li class=\"\" data-start=\"903\" data-end=\"962\">\n<p class=\"\" data-start=\"905\" data-end=\"962\">Minska <strong data-start=\"914\" data-end=\"949\">fina linjer och rynkor<\/strong> synlighet<\/p>\n<\/li>\n<li class=\"\" data-start=\"963\" data-end=\"1011\">\n<p class=\"\" data-start=\"965\" data-end=\"1011\">F\u00f6rb\u00e4ttra <strong data-start=\"974\" data-end=\"1009\">hudstruktur och elasticitet<\/strong><\/p>\n<\/li>\n<li class=\"\" data-start=\"1012\" data-end=\"1064\">\n<p class=\"\" data-start=\"1014\" data-end=\"1064\">Fr\u00e4mja <strong data-start=\"1022\" data-end=\"1062\">j\u00e4mnare och ljusare hudton<\/strong><\/p>\n<\/li>\n<li class=\"\" data-start=\"1065\" data-end=\"1122\">\n<p class=\"\" data-start=\"1067\" data-end=\"1122\">Slagsm\u00e5l <strong data-start=\"1077\" data-end=\"1102\">tecken p\u00e5 \u00e5ldrande<\/strong> reagera effektivt<\/p>\n<\/li>\n<\/ul>\n<p class=\"\" data-start=\"1124\" data-end=\"1145\"><strong data-start=\"1124\" data-end=\"1143\">Rekommenderad anv\u00e4ndning:<\/strong><\/p>\n<ul data-start=\"1146\" data-end=\"1320\">\n<li class=\"\" data-start=\"1146\" data-end=\"1225\">\n<p class=\"\" data-start=\"1148\" data-end=\"1225\">Begagnad <strong data-start=\"1158\" data-end=\"1167\">nattlig<\/strong> f\u00f6r ren hud efter andra milj\u00f6v\u00e5rdsprodukter<\/p>\n<\/li>\n<li class=\"\" data-start=\"1226\" data-end=\"1320\">\n<p class=\"\" data-start=\"1228\" data-end=\"1320\">Under behandlingen rekommenderas det <strong data-start=\"1255\" data-end=\"1301\">anv\u00e4ndning av minst SPF15 UV-skydd under dagen<\/strong> f\u00f6r att skydda huden<\/p>\n<\/li>\n<\/ul>\n<p class=\"\" data-start=\"1322\" data-end=\"1435\"><strong data-start=\"1322\" data-end=\"1331\">Notera:<\/strong> Retinolprodukter \u00e4r endast l\u00e4mpliga f\u00f6r avancerade anv\u00e4ndare vars hud tolereras v\u00e4l av vitamin A.<\/p>","protected":false},"excerpt":{"rendered":"<p>T\u00e4m\u00e4 tuote myyd\u00e4\u00e4n Environin hoitoprotokollan mukaisesti vain ihokonsultaation j\u00e4lkeen henkil\u00f6kohtaisella ostokoodilla. Otathan meihin yhteytt\u00e4 ennen tilausta.<\/p>\n<p class=\"\" data-start=\"1491\" data-end=\"1660\"><strong data-start=\"1491\" data-end=\"1660\">Ett kraftfullt serum med h\u00f6gt A-vitamininneh\u00e5ll som f\u00f6rb\u00e4ttrar hudens struktur, minskar rynkor och st\u00f6djer ett ungdomligt utseende \u2013 avsett f\u00f6r avancerade anv\u00e4ndare.<\/strong><\/p>","protected":false},"featured_media":2305,"comment_status":"open","ping_status":"closed","template":"","meta":{"_surecart_dashboard_logo_width":"180px","_surecart_dashboard_show_logo":true,"_surecart_dashboard_navigation_orders":true,"_surecart_dashboard_navigation_invoices":true,"_surecart_dashboard_navigation_subscriptions":true,"_surecart_dashboard_navigation_downloads":true,"_surecart_dashboard_navigation_billing":true,"_surecart_dashboard_navigation_account":true,"_uag_custom_page_level_css":"","site-sidebar-layout":"default","site-content-layout":"","ast-site-content-layout":"default","site-content-style":"default","site-sidebar-style":"default","ast-global-header-display":"","ast-banner-title-visibility":"","ast-main-header-display":"","ast-hfb-above-header-display":"","ast-hfb-below-header-display":"","ast-hfb-mobile-header-display":"","site-post-title":"","ast-breadcrumbs-content":"","ast-featured-img":"","footer-sml-layout":"","theme-transparent-header-meta":"default","adv-header-id-meta":"","stick-header-meta":"default","header-above-stick-meta":"","header-main-stick-meta":"","header-below-stick-meta":"","astra-migrate-meta-layouts":"set","ast-page-background-enabled":"default","ast-page-background-meta":{"desktop":{"background-color":"var(--ast-global-color-4)","background-image":"","background-repeat":"repeat","background-position":"center center","background-size":"auto","background-attachment":"scroll","background-type":"","background-media":"","overlay-type":"","overlay-color":"","overlay-opacity":"","overlay-gradient":""},"tablet":{"background-color":"","background-image":"","background-repeat":"repeat","background-position":"center center","background-size":"auto","background-attachment":"scroll","background-type":"","background-media":"","overlay-type":"","overlay-color":"","overlay-opacity":"","overlay-gradient":""},"mobile":{"background-color":"","background-image":"","background-repeat":"repeat","background-position":"center center","background-size":"auto","background-attachment":"scroll","background-type":"","background-media":"","overlay-type":"","overlay-color":"","overlay-opacity":"","overlay-gradient":""}},"ast-content-background-meta":{"desktop":{"background-color":"var(--ast-global-color-5)","background-image":"","background-repeat":"repeat","background-position":"center center","background-size":"auto","background-attachment":"scroll","background-type":"","background-media":"","overlay-type":"","overlay-color":"","overlay-opacity":"","overlay-gradient":""},"tablet":{"background-color":"var(--ast-global-color-5)","background-image":"","background-repeat":"repeat","background-position":"center center","background-size":"auto","background-attachment":"scroll","background-type":"","background-media":"","overlay-type":"","overlay-color":"","overlay-opacity":"","overlay-gradient":""},"mobile":{"background-color":"var(--ast-global-color-5)","background-image":"","background-repeat":"repeat","background-position":"center center","background-size":"auto","background-attachment":"scroll","background-type":"","background-media":"","overlay-type":"","overlay-color":"","overlay-opacity":"","overlay-gradient":""}}},"product_brand":[],"product_cat":[326],"product_tag":[336,331,335,334,329,328,332,327,330,333],"class_list":{"0":"post-2304","1":"product","2":"type-product","3":"status-publish","4":"has-post-thumbnail","6":"product_cat-kasvojen-hoito-seerumit-ja-a-vitamiinituotteet","7":"product_tag-anti-age-seerumi","8":"product_tag-edistyneen-ihonhoito","9":"product_tag-environ-retinol-serum-2","10":"product_tag-ihon-tasoitus","11":"product_tag-ihon-uudistuminen","12":"product_tag-korkea-a-vitamiini","13":"product_tag-retinoli-yoseerumi","14":"product_tag-retinoliseerumi","15":"product_tag-ryppyja-vahentava-seerumi","16":"product_tag-spf-suoja-suositeltu","17":"desktop-align-left","18":"tablet-align-left","19":"mobile-align-left","21":"first","22":"outofstock","23":"shipping-taxable","24":"purchasable","25":"product-type-simple"},"uagb_featured_image_src":{"full":["https:\/\/vitaroma.fi\/wp-content\/uploads\/2025\/04\/f0c2b5_6c18413c58d645b3b04413c6a6f09fb3mv2.png",1080,1080,false],"thumbnail":["https:\/\/vitaroma.fi\/wp-content\/uploads\/2025\/04\/f0c2b5_6c18413c58d645b3b04413c6a6f09fb3mv2-150x150.png",150,150,true],"medium":["https:\/\/vitaroma.fi\/wp-content\/uploads\/2025\/04\/f0c2b5_6c18413c58d645b3b04413c6a6f09fb3mv2-300x300.png",300,300,true],"medium_large":["https:\/\/vitaroma.fi\/wp-content\/uploads\/2025\/04\/f0c2b5_6c18413c58d645b3b04413c6a6f09fb3mv2-768x768.png",768,768,true],"large":["https:\/\/vitaroma.fi\/wp-content\/uploads\/2025\/04\/f0c2b5_6c18413c58d645b3b04413c6a6f09fb3mv2-1024x1024.png",1024,1024,true],"1536x1536":["https:\/\/vitaroma.fi\/wp-content\/uploads\/2025\/04\/f0c2b5_6c18413c58d645b3b04413c6a6f09fb3mv2.png",1080,1080,false],"2048x2048":["https:\/\/vitaroma.fi\/wp-content\/uploads\/2025\/04\/f0c2b5_6c18413c58d645b3b04413c6a6f09fb3mv2.png",1080,1080,false],"trp-custom-language-flag":["https:\/\/vitaroma.fi\/wp-content\/uploads\/2025\/04\/f0c2b5_6c18413c58d645b3b04413c6a6f09fb3mv2-12x12.png",12,12,true],"woocommerce_thumbnail":["https:\/\/vitaroma.fi\/wp-content\/uploads\/2025\/04\/f0c2b5_6c18413c58d645b3b04413c6a6f09fb3mv2-300x300.png",300,300,true],"woocommerce_single":["https:\/\/vitaroma.fi\/wp-content\/uploads\/2025\/04\/f0c2b5_6c18413c58d645b3b04413c6a6f09fb3mv2-600x600.png",600,600,true],"woocommerce_gallery_thumbnail":["https:\/\/vitaroma.fi\/wp-content\/uploads\/2025\/04\/f0c2b5_6c18413c58d645b3b04413c6a6f09fb3mv2-100x100.png",100,100,true]},"uagb_author_info":{"display_name":"emilkemal4@gmail.com","author_link":"https:\/\/vitaroma.fi\/sv\/author\/"},"uagb_comment_info":0,"uagb_excerpt":"T\u00e4m\u00e4 tuote myyd\u00e4\u00e4n Environin hoitoprotokollan mukaisesti vain ihokonsultaation j\u00e4lkeen henkil\u00f6kohtaisella ostokoodilla. Otathan meihin yhteytt\u00e4 ennen tilausta. Tehokas korkean A-vitamiinipitoisuuden seerumi, joka parantaa ihon rakennetta, v\u00e4hent\u00e4\u00e4 ryppyj\u00e4 ja tukee nuorekasta ulkon\u00e4k\u00f6\u00e4 \u2013 tarkoitettu edistyneille k\u00e4ytt\u00e4jille.","_links":{"self":[{"href":"https:\/\/vitaroma.fi\/sv\/wp-json\/wp\/v2\/product\/2304","targetHints":{"allow":["GET"]}}],"collection":[{"href":"https:\/\/vitaroma.fi\/sv\/wp-json\/wp\/v2\/product"}],"about":[{"href":"https:\/\/vitaroma.fi\/sv\/wp-json\/wp\/v2\/types\/product"}],"replies":[{"embeddable":true,"href":"https:\/\/vitaroma.fi\/sv\/wp-json\/wp\/v2\/comments?post=2304"}],"wp:featuredmedia":[{"embeddable":true,"href":"https:\/\/vitaroma.fi\/sv\/wp-json\/wp\/v2\/media\/2305"}],"wp:attachment":[{"href":"https:\/\/vitaroma.fi\/sv\/wp-json\/wp\/v2\/media?parent=2304"}],"wp:term":[{"taxonomy":"product_brand","embeddable":true,"href":"https:\/\/vitaroma.fi\/sv\/wp-json\/wp\/v2\/product_brand?post=2304"},{"taxonomy":"product_cat","embeddable":true,"href":"https:\/\/vitaroma.fi\/sv\/wp-json\/wp\/v2\/product_cat?post=2304"},{"taxonomy":"product_tag","embeddable":true,"href":"https:\/\/vitaroma.fi\/sv\/wp-json\/wp\/v2\/product_tag?post=2304"}],"curies":[{"name":"wp","href":"https:\/\/api.w.org\/{rel}","templated":true}]}}