{"id":2282,"date":"2025-04-26T00:16:44","date_gmt":"2025-04-26T00:16:44","guid":{"rendered":"https:\/\/vitaroma.fi\/?post_type=product&#038;p=2282"},"modified":"2025-12-01T13:31:27","modified_gmt":"2025-12-01T11:31:27","slug":"environ-moisturising-toner","status":"publish","type":"product","link":"https:\/\/vitaroma.fi\/sv\/produkt\/miljovanlig-aterfuktande-toner\/","title":{"rendered":"Environ \u00e5terfuktande toner"},"content":{"rendered":"<p class=\"\" data-start=\"492\" data-end=\"774\"><strong data-start=\"492\" data-end=\"678\">Environ Moisturising Toner \u00e4r en pH-balanserad, oljefri toner utvecklad f\u00f6r att komplettera effekterna av AVST-vitaminkr\u00e4mer och st\u00f6dja hudens allm\u00e4nna v\u00e4lbefinnande.<\/strong><br data-start=\"678\" data-end=\"681\" \/>Denna l\u00e4tt \u00e5terfuktande toner \u00e4r perfekt f\u00f6r alla hudtyper, s\u00e4rskilt:<\/p>\n<ul data-start=\"776\" data-end=\"905\">\n<li class=\"\" data-start=\"776\" data-end=\"810\">\n<p class=\"\" data-start=\"778\" data-end=\"810\"><strong data-start=\"778\" data-end=\"808\">F\u00f6r oj\u00e4mn hudton<\/strong><\/p>\n<\/li>\n<li class=\"\" data-start=\"811\" data-end=\"850\">\n<p class=\"\" data-start=\"813\" data-end=\"850\"><strong data-start=\"813\" data-end=\"848\">F\u00f6r torr eller livl\u00f6s hud<\/strong><\/p>\n<\/li>\n<li class=\"\" data-start=\"851\" data-end=\"905\">\n<p class=\"\" data-start=\"853\" data-end=\"905\"><strong data-start=\"853\" data-end=\"905\">F\u00f6r hud som beh\u00f6ver mer lyster och balans<\/strong><\/p>\n<\/li>\n<\/ul>\n<p class=\"\" data-start=\"907\" data-end=\"935\"><strong data-start=\"907\" data-end=\"935\">Huvudfunktioner:<\/strong><\/p>\n<ul data-start=\"936\" data-end=\"1243\">\n<li class=\"\" data-start=\"936\" data-end=\"975\">\n<p class=\"\" data-start=\"938\" data-end=\"975\">F\u00f6rb\u00e4ttra <strong data-start=\"947\" data-end=\"973\">j\u00e4mn hudton<\/strong><\/p>\n<\/li>\n<li class=\"\" data-start=\"976\" data-end=\"1012\">\n<p class=\"\" data-start=\"978\" data-end=\"1012\">St\u00f6der <strong data-start=\"984\" data-end=\"1010\">hudens fuktbalans<\/strong><\/p>\n<\/li>\n<li class=\"\" data-start=\"1013\" data-end=\"1090\">\n<p class=\"\" data-start=\"1015\" data-end=\"1090\">Inneh\u00e5lla <strong data-start=\"1024\" data-end=\"1041\">v\u00e4xtextrakt<\/strong>, som hj\u00e4lper till att skydda och ge n\u00e4ring \u00e5t huden<\/p>\n<\/li>\n<li class=\"\" data-start=\"1091\" data-end=\"1193\">\n<p class=\"\" data-start=\"1093\" data-end=\"1193\">F\u00f6rbereder huden effektivt <strong data-start=\"1120\" data-end=\"1147\">AVST vitaminkr\u00e4mer<\/strong> och andra v\u00e5rdprodukter<\/p>\n<\/li>\n<li class=\"\" data-start=\"1194\" data-end=\"1243\">\n<p class=\"\" data-start=\"1196\" data-end=\"1243\"><strong data-start=\"1196\" data-end=\"1217\">Oljefri formula<\/strong>, som inte blockerar hudens porer<\/p>\n<\/li>\n<\/ul>\n<p class=\"\" data-start=\"1245\" data-end=\"1281\">Vid regelbunden anv\u00e4ndning kommer huden att se ut:<\/p>\n<ul data-start=\"1283\" data-end=\"1364\">\n<li class=\"\" data-start=\"1283\" data-end=\"1303\">\n<p class=\"\" data-start=\"1285\" data-end=\"1303\"><strong data-start=\"1285\" data-end=\"1301\">H\u00e4lsosammare<\/strong><\/p>\n<\/li>\n<li class=\"\" data-start=\"1304\" data-end=\"1327\">\n<p class=\"\" data-start=\"1306\" data-end=\"1327\"><strong data-start=\"1306\" data-end=\"1325\">Mer ungdomlig<\/strong><\/p>\n<\/li>\n<li class=\"\" data-start=\"1328\" data-end=\"1364\">\n<p class=\"\" data-start=\"1330\" data-end=\"1364\"><strong data-start=\"1330\" data-end=\"1364\">J\u00e4mnare och ljusare<\/strong><\/p>\n<\/li>\n<\/ul>","protected":false},"excerpt":{"rendered":"<p class=\"\" data-start=\"1420\" data-end=\"1573\"><strong data-start=\"1420\" data-end=\"1573\">En oljefri och pH-balanserad toner som \u00e5terfuktar, balanserar och f\u00f6rb\u00e4ttrar hudtonen, och st\u00f6djer effekterna av AVST-vitaminkr\u00e4mer.<\/strong><\/p>","protected":false},"featured_media":2283,"comment_status":"open","ping_status":"closed","template":"","meta":{"_surecart_dashboard_logo_width":"180px","_surecart_dashboard_show_logo":true,"_surecart_dashboard_navigation_orders":true,"_surecart_dashboard_navigation_invoices":true,"_surecart_dashboard_navigation_subscriptions":true,"_surecart_dashboard_navigation_downloads":true,"_surecart_dashboard_navigation_billing":true,"_surecart_dashboard_navigation_account":true,"_uag_custom_page_level_css":"","site-sidebar-layout":"default","site-content-layout":"","ast-site-content-layout":"default","site-content-style":"default","site-sidebar-style":"default","ast-global-header-display":"","ast-banner-title-visibility":"","ast-main-header-display":"","ast-hfb-above-header-display":"","ast-hfb-below-header-display":"","ast-hfb-mobile-header-display":"","site-post-title":"","ast-breadcrumbs-content":"","ast-featured-img":"","footer-sml-layout":"","ast-disable-related-posts":"","theme-transparent-header-meta":"default","adv-header-id-meta":"","stick-header-meta":"default","header-above-stick-meta":"","header-main-stick-meta":"","header-below-stick-meta":"","astra-migrate-meta-layouts":"set","ast-page-background-enabled":"default","ast-page-background-meta":{"desktop":{"background-color":"var(--ast-global-color-4)","background-image":"","background-repeat":"repeat","background-position":"center center","background-size":"auto","background-attachment":"scroll","background-type":"","background-media":"","overlay-type":"","overlay-color":"","overlay-opacity":"","overlay-gradient":""},"tablet":{"background-color":"","background-image":"","background-repeat":"repeat","background-position":"center center","background-size":"auto","background-attachment":"scroll","background-type":"","background-media":"","overlay-type":"","overlay-color":"","overlay-opacity":"","overlay-gradient":""},"mobile":{"background-color":"","background-image":"","background-repeat":"repeat","background-position":"center center","background-size":"auto","background-attachment":"scroll","background-type":"","background-media":"","overlay-type":"","overlay-color":"","overlay-opacity":"","overlay-gradient":""}},"ast-content-background-meta":{"desktop":{"background-color":"var(--ast-global-color-5)","background-image":"","background-repeat":"repeat","background-position":"center center","background-size":"auto","background-attachment":"scroll","background-type":"","background-media":"","overlay-type":"","overlay-color":"","overlay-opacity":"","overlay-gradient":""},"tablet":{"background-color":"var(--ast-global-color-5)","background-image":"","background-repeat":"repeat","background-position":"center center","background-size":"auto","background-attachment":"scroll","background-type":"","background-media":"","overlay-type":"","overlay-color":"","overlay-opacity":"","overlay-gradient":""},"mobile":{"background-color":"var(--ast-global-color-5)","background-image":"","background-repeat":"repeat","background-position":"center center","background-size":"auto","background-attachment":"scroll","background-type":"","background-media":"","overlay-type":"","overlay-color":"","overlay-opacity":"","overlay-gradient":""}}},"product_brand":[],"product_cat":[293],"product_tag":[298,301,297,299,303,294,300,295,296,302],"class_list":{"0":"post-2282","1":"product","2":"type-product","3":"status-publish","4":"has-post-thumbnail","6":"product_cat-kasvojen-hoito-kasvovedet","7":"product_tag-avst-vitamiinivoiteiden-tuki","8":"product_tag-environ-moisturising-toner","9":"product_tag-epatasaisen-ihon-savyn-parantaminen","10":"product_tag-kasviuutteita-sisaltava-kasvovesi","11":"product_tag-kosteuttava-ihonhoito","12":"product_tag-kosteuttava-kasvovesi","13":"product_tag-nuorekkaampi-iho","14":"product_tag-oljyton-kasvovesi","15":"product_tag-ph-tasapainotettu-kasvovesi","16":"product_tag-tasapainottava-kasvovesi","17":"desktop-align-left","18":"tablet-align-left","19":"mobile-align-left","21":"first","22":"instock","23":"shipping-taxable","24":"purchasable","25":"product-type-simple"},"uagb_featured_image_src":{"full":["https:\/\/vitaroma.fi\/wp-content\/uploads\/2025\/04\/f0c2b5_c7dd3f6cae0b4b7eadf567947ad4d30dmv2.png",1080,1080,false],"thumbnail":["https:\/\/vitaroma.fi\/wp-content\/uploads\/2025\/04\/f0c2b5_c7dd3f6cae0b4b7eadf567947ad4d30dmv2-150x150.png",150,150,true],"medium":["https:\/\/vitaroma.fi\/wp-content\/uploads\/2025\/04\/f0c2b5_c7dd3f6cae0b4b7eadf567947ad4d30dmv2-300x300.png",300,300,true],"medium_large":["https:\/\/vitaroma.fi\/wp-content\/uploads\/2025\/04\/f0c2b5_c7dd3f6cae0b4b7eadf567947ad4d30dmv2-768x768.png",768,768,true],"large":["https:\/\/vitaroma.fi\/wp-content\/uploads\/2025\/04\/f0c2b5_c7dd3f6cae0b4b7eadf567947ad4d30dmv2-1024x1024.png",1024,1024,true],"1536x1536":["https:\/\/vitaroma.fi\/wp-content\/uploads\/2025\/04\/f0c2b5_c7dd3f6cae0b4b7eadf567947ad4d30dmv2.png",1080,1080,false],"2048x2048":["https:\/\/vitaroma.fi\/wp-content\/uploads\/2025\/04\/f0c2b5_c7dd3f6cae0b4b7eadf567947ad4d30dmv2.png",1080,1080,false],"trp-custom-language-flag":["https:\/\/vitaroma.fi\/wp-content\/uploads\/2025\/04\/f0c2b5_c7dd3f6cae0b4b7eadf567947ad4d30dmv2-12x12.png",12,12,true],"woocommerce_thumbnail":["https:\/\/vitaroma.fi\/wp-content\/uploads\/2025\/04\/f0c2b5_c7dd3f6cae0b4b7eadf567947ad4d30dmv2-300x300.png",300,300,true],"woocommerce_single":["https:\/\/vitaroma.fi\/wp-content\/uploads\/2025\/04\/f0c2b5_c7dd3f6cae0b4b7eadf567947ad4d30dmv2-600x600.png",600,600,true],"woocommerce_gallery_thumbnail":["https:\/\/vitaroma.fi\/wp-content\/uploads\/2025\/04\/f0c2b5_c7dd3f6cae0b4b7eadf567947ad4d30dmv2-100x100.png",100,100,true]},"uagb_author_info":{"display_name":"emilkemal4@gmail.com","author_link":"https:\/\/vitaroma.fi\/sv\/author\/"},"uagb_comment_info":0,"uagb_excerpt":"\u00d6ljyt\u00f6n ja pH-tasapainotettu kasvovesi, joka kosteuttaa, tasapainottaa ja parantaa ihon s\u00e4vyn tasaisuutta, tukien AVST-vitamiinivoiteiden vaikutusta.","_links":{"self":[{"href":"https:\/\/vitaroma.fi\/sv\/wp-json\/wp\/v2\/product\/2282","targetHints":{"allow":["GET"]}}],"collection":[{"href":"https:\/\/vitaroma.fi\/sv\/wp-json\/wp\/v2\/product"}],"about":[{"href":"https:\/\/vitaroma.fi\/sv\/wp-json\/wp\/v2\/types\/product"}],"replies":[{"embeddable":true,"href":"https:\/\/vitaroma.fi\/sv\/wp-json\/wp\/v2\/comments?post=2282"}],"wp:featuredmedia":[{"embeddable":true,"href":"https:\/\/vitaroma.fi\/sv\/wp-json\/wp\/v2\/media\/2283"}],"wp:attachment":[{"href":"https:\/\/vitaroma.fi\/sv\/wp-json\/wp\/v2\/media?parent=2282"}],"wp:term":[{"taxonomy":"product_brand","embeddable":true,"href":"https:\/\/vitaroma.fi\/sv\/wp-json\/wp\/v2\/product_brand?post=2282"},{"taxonomy":"product_cat","embeddable":true,"href":"https:\/\/vitaroma.fi\/sv\/wp-json\/wp\/v2\/product_cat?post=2282"},{"taxonomy":"product_tag","embeddable":true,"href":"https:\/\/vitaroma.fi\/sv\/wp-json\/wp\/v2\/product_tag?post=2282"}],"curies":[{"name":"wp","href":"https:\/\/api.w.org\/{rel}","templated":true}]}}