{"id":2280,"date":"2025-04-26T00:14:40","date_gmt":"2025-04-26T00:14:40","guid":{"rendered":"https:\/\/vitaroma.fi\/?post_type=product&#038;p=2280"},"modified":"2025-04-26T00:14:40","modified_gmt":"2025-04-26T00:14:40","slug":"environ-eye-gel","status":"publish","type":"product","link":"https:\/\/vitaroma.fi\/sv\/produkt\/miljovanlig-ogongel\/","title":{"rendered":"Environ \u00f6gongel"},"content":{"rendered":"<p class=\"\" data-start=\"467\" data-end=\"670\"><strong data-start=\"467\" data-end=\"628\">Environ Antioxidant &amp; Peptide Eye Gel \u00e4r en mycket mild men effektiv \u00f6gongel som \u00e4r speciellt utvecklad f\u00f6r den k\u00e4nsliga huden runt \u00f6gonen.<\/strong><br data-start=\"628\" data-end=\"631\" \/>Dess avancerade sammans\u00e4ttning inkluderar:<\/p>\n<ul data-start=\"672\" data-end=\"958\">\n<li class=\"\" data-start=\"672\" data-end=\"751\">\n<p class=\"\" data-start=\"674\" data-end=\"751\"><strong data-start=\"674\" data-end=\"704\">Rik p\u00e5 antioxidanter<\/strong>, som skyddar huden mot fria radikaler<\/p>\n<\/li>\n<li class=\"\" data-start=\"752\" data-end=\"855\">\n<p class=\"\" data-start=\"754\" data-end=\"855\"><strong data-start=\"754\" data-end=\"784\">En mild form av vitamin A<\/strong> (retinylpalmitat), som varsamt st\u00f6djer hudens f\u00f6rnyelse<\/p>\n<\/li>\n<li class=\"\" data-start=\"856\" data-end=\"958\">\n<p class=\"\" data-start=\"858\" data-end=\"958\"><strong data-start=\"858\" data-end=\"890\">Huduppstramande peptider<\/strong>, vilket f\u00f6rb\u00e4ttrar hudens elasticitet och minskar fina linjer<\/p>\n<\/li>\n<\/ul>\n<p class=\"\" data-start=\"960\" data-end=\"987\"><strong data-start=\"960\" data-end=\"987\">Huvudeffekter:<\/strong><\/p>\n<ul data-start=\"988\" data-end=\"1226\">\n<li class=\"\" data-start=\"988\" data-end=\"1026\">\n<p class=\"\" data-start=\"990\" data-end=\"1026\">Skyddar huden mot yttre stressfaktorer<\/p>\n<\/li>\n<li class=\"\" data-start=\"1027\" data-end=\"1071\">\n<p class=\"\" data-start=\"1029\" data-end=\"1071\">St\u00f6djer hudens naturliga reparationsprocess<\/p>\n<\/li>\n<li class=\"\" data-start=\"1072\" data-end=\"1113\">\n<p class=\"\" data-start=\"1074\" data-end=\"1113\">Minskar rynkor och fina linjer<\/p>\n<\/li>\n<li class=\"\" data-start=\"1114\" data-end=\"1163\">\n<p class=\"\" data-start=\"1116\" data-end=\"1163\">Stramar upp och j\u00e4mnar ut \u00f6gonomr\u00e5det<\/p>\n<\/li>\n<li class=\"\" data-start=\"1164\" data-end=\"1226\">\n<p class=\"\" data-start=\"1166\" data-end=\"1226\">S\u00e4rskilt l\u00e4mplig f\u00f6r k\u00e4nslig och tunn hud runt \u00f6gonen<\/p>\n<\/li>\n<\/ul>\n<p class=\"\" data-start=\"1228\" data-end=\"1349\">Den gelliknande, l\u00e4tta konsistensen absorberas snabbt och l\u00e4mnar huden med en fr\u00e4sch och \u00e5terfuktad k\u00e4nsla utan en fet k\u00e4nsla.<\/p>","protected":false},"excerpt":{"rendered":"<p class=\"\" data-start=\"1405\" data-end=\"1572\"><strong data-start=\"1405\" data-end=\"1572\">En mild \u00f6gongel som skyddar huden med antioxidanter, st\u00f6djer f\u00f6rnyelse med mild vitamin A och st\u00e4rker huden med peptider. L\u00e4mplig f\u00f6r k\u00e4nslig hud.<\/strong><\/p>","protected":false},"featured_media":2281,"comment_status":"open","ping_status":"closed","template":"","meta":{"_surecart_dashboard_logo_width":"180px","_surecart_dashboard_show_logo":true,"_surecart_dashboard_navigation_orders":true,"_surecart_dashboard_navigation_invoices":true,"_surecart_dashboard_navigation_subscriptions":true,"_surecart_dashboard_navigation_downloads":true,"_surecart_dashboard_navigation_billing":true,"_surecart_dashboard_navigation_account":true,"_uag_custom_page_level_css":"","site-sidebar-layout":"default","site-content-layout":"","ast-site-content-layout":"default","site-content-style":"default","site-sidebar-style":"default","ast-global-header-display":"","ast-banner-title-visibility":"","ast-main-header-display":"","ast-hfb-above-header-display":"","ast-hfb-below-header-display":"","ast-hfb-mobile-header-display":"","site-post-title":"","ast-breadcrumbs-content":"","ast-featured-img":"","footer-sml-layout":"","theme-transparent-header-meta":"default","adv-header-id-meta":"","stick-header-meta":"default","header-above-stick-meta":"","header-main-stick-meta":"","header-below-stick-meta":"","astra-migrate-meta-layouts":"set","ast-page-background-enabled":"default","ast-page-background-meta":{"desktop":{"background-color":"var(--ast-global-color-4)","background-image":"","background-repeat":"repeat","background-position":"center center","background-size":"auto","background-attachment":"scroll","background-type":"","background-media":"","overlay-type":"","overlay-color":"","overlay-opacity":"","overlay-gradient":""},"tablet":{"background-color":"","background-image":"","background-repeat":"repeat","background-position":"center center","background-size":"auto","background-attachment":"scroll","background-type":"","background-media":"","overlay-type":"","overlay-color":"","overlay-opacity":"","overlay-gradient":""},"mobile":{"background-color":"","background-image":"","background-repeat":"repeat","background-position":"center center","background-size":"auto","background-attachment":"scroll","background-type":"","background-media":"","overlay-type":"","overlay-color":"","overlay-opacity":"","overlay-gradient":""}},"ast-content-background-meta":{"desktop":{"background-color":"var(--ast-global-color-5)","background-image":"","background-repeat":"repeat","background-position":"center center","background-size":"auto","background-attachment":"scroll","background-type":"","background-media":"","overlay-type":"","overlay-color":"","overlay-opacity":"","overlay-gradient":""},"tablet":{"background-color":"var(--ast-global-color-5)","background-image":"","background-repeat":"repeat","background-position":"center center","background-size":"auto","background-attachment":"scroll","background-type":"","background-media":"","overlay-type":"","overlay-color":"","overlay-opacity":"","overlay-gradient":""},"mobile":{"background-color":"var(--ast-global-color-5)","background-image":"","background-repeat":"repeat","background-position":"center center","background-size":"auto","background-attachment":"scroll","background-type":"","background-media":"","overlay-type":"","overlay-color":"","overlay-opacity":"","overlay-gradient":""}}},"product_brand":[],"product_cat":[282],"product_tag":[285,284,291,290,289,292,287,286,288,283],"class_list":{"0":"post-2280","1":"product","2":"type-product","3":"status-publish","4":"has-post-thumbnail","6":"product_cat-silmanymparysihon-hoito-geelit-ja-seerumit","7":"product_tag-a-vitamiini-geeli","8":"product_tag-antioksidanttinen-silmanymparys","9":"product_tag-environ-eye-gel","10":"product_tag-hellavarainen-silmanymparys","11":"product_tag-kiinteyttava-silmanymparysgeeli","12":"product_tag-kosteuttava-silmanymparysgeeli","13":"product_tag-peptidit-silmanymparykselle","14":"product_tag-retinyylipalmitaatti","15":"product_tag-ryppyja-vahentava-geeli","16":"product_tag-silmanymparysgeeli","17":"desktop-align-left","18":"tablet-align-left","19":"mobile-align-left","21":"first","22":"instock","23":"shipping-taxable","24":"purchasable","25":"product-type-simple"},"uagb_featured_image_src":{"full":["https:\/\/vitaroma.fi\/wp-content\/uploads\/2025\/04\/f0c2b5_cc1d2acf3c0f4e3b9962e306314dd00emv2.png",1080,1080,false],"thumbnail":["https:\/\/vitaroma.fi\/wp-content\/uploads\/2025\/04\/f0c2b5_cc1d2acf3c0f4e3b9962e306314dd00emv2-150x150.png",150,150,true],"medium":["https:\/\/vitaroma.fi\/wp-content\/uploads\/2025\/04\/f0c2b5_cc1d2acf3c0f4e3b9962e306314dd00emv2-300x300.png",300,300,true],"medium_large":["https:\/\/vitaroma.fi\/wp-content\/uploads\/2025\/04\/f0c2b5_cc1d2acf3c0f4e3b9962e306314dd00emv2-768x768.png",768,768,true],"large":["https:\/\/vitaroma.fi\/wp-content\/uploads\/2025\/04\/f0c2b5_cc1d2acf3c0f4e3b9962e306314dd00emv2-1024x1024.png",1024,1024,true],"1536x1536":["https:\/\/vitaroma.fi\/wp-content\/uploads\/2025\/04\/f0c2b5_cc1d2acf3c0f4e3b9962e306314dd00emv2.png",1080,1080,false],"2048x2048":["https:\/\/vitaroma.fi\/wp-content\/uploads\/2025\/04\/f0c2b5_cc1d2acf3c0f4e3b9962e306314dd00emv2.png",1080,1080,false],"trp-custom-language-flag":["https:\/\/vitaroma.fi\/wp-content\/uploads\/2025\/04\/f0c2b5_cc1d2acf3c0f4e3b9962e306314dd00emv2-12x12.png",12,12,true],"woocommerce_thumbnail":["https:\/\/vitaroma.fi\/wp-content\/uploads\/2025\/04\/f0c2b5_cc1d2acf3c0f4e3b9962e306314dd00emv2-300x300.png",300,300,true],"woocommerce_single":["https:\/\/vitaroma.fi\/wp-content\/uploads\/2025\/04\/f0c2b5_cc1d2acf3c0f4e3b9962e306314dd00emv2-600x600.png",600,600,true],"woocommerce_gallery_thumbnail":["https:\/\/vitaroma.fi\/wp-content\/uploads\/2025\/04\/f0c2b5_cc1d2acf3c0f4e3b9962e306314dd00emv2-100x100.png",100,100,true]},"uagb_author_info":{"display_name":"emilkemal4@gmail.com","author_link":"https:\/\/vitaroma.fi\/sv\/author\/"},"uagb_comment_info":0,"uagb_excerpt":"Hell\u00e4varainen silm\u00e4nymp\u00e4rysgeeli, joka suojaa ihoa antioksidanteilla, tukee uusiutumista miedolla A-vitamiinilla ja kiinteytt\u00e4\u00e4 peptideill\u00e4. Sopii herk\u00e4lle iholle.","_links":{"self":[{"href":"https:\/\/vitaroma.fi\/sv\/wp-json\/wp\/v2\/product\/2280","targetHints":{"allow":["GET"]}}],"collection":[{"href":"https:\/\/vitaroma.fi\/sv\/wp-json\/wp\/v2\/product"}],"about":[{"href":"https:\/\/vitaroma.fi\/sv\/wp-json\/wp\/v2\/types\/product"}],"replies":[{"embeddable":true,"href":"https:\/\/vitaroma.fi\/sv\/wp-json\/wp\/v2\/comments?post=2280"}],"wp:featuredmedia":[{"embeddable":true,"href":"https:\/\/vitaroma.fi\/sv\/wp-json\/wp\/v2\/media\/2281"}],"wp:attachment":[{"href":"https:\/\/vitaroma.fi\/sv\/wp-json\/wp\/v2\/media?parent=2280"}],"wp:term":[{"taxonomy":"product_brand","embeddable":true,"href":"https:\/\/vitaroma.fi\/sv\/wp-json\/wp\/v2\/product_brand?post=2280"},{"taxonomy":"product_cat","embeddable":true,"href":"https:\/\/vitaroma.fi\/sv\/wp-json\/wp\/v2\/product_cat?post=2280"},{"taxonomy":"product_tag","embeddable":true,"href":"https:\/\/vitaroma.fi\/sv\/wp-json\/wp\/v2\/product_tag?post=2280"}],"curies":[{"name":"wp","href":"https:\/\/api.w.org\/{rel}","templated":true}]}}