{"id":2270,"date":"2025-04-25T23:53:50","date_gmt":"2025-04-25T23:53:50","guid":{"rendered":"https:\/\/vitaroma.fi\/?post_type=product&#038;p=2270"},"modified":"2025-04-25T23:53:50","modified_gmt":"2025-04-25T23:53:50","slug":"fusion-deep-cleanser","status":"publish","type":"product","link":"https:\/\/vitaroma.fi\/sv\/produkt\/fusion-djuprengoring\/","title":{"rendered":"Fusion Djupreng\u00f6ring"},"content":{"rendered":"<p class=\"\" data-start=\"480\" data-end=\"791\"><strong data-start=\"480\" data-end=\"629\">Fusion Deep Cleanser \u00e4r en sm\u00e4ltbar mikroemulsion speciellt utvecklad f\u00f6r att effektivt ta bort smink och orenheter fr\u00e5n alla hudtyper.<\/strong><br data-start=\"629\" data-end=\"632\" \/>Dess <strong data-start=\"636\" data-end=\"674\">n\u00e4rande och \u00e5terfuktande formula<\/strong> g\u00f6r produkten idealisk f\u00f6r b\u00e5da <strong data-start=\"711\" data-end=\"755\">f\u00f6r behandlingar som utf\u00f6rs p\u00e5 v\u00e5rdhem<\/strong> att <strong data-start=\"761\" data-end=\"790\">f\u00f6r daglig hemv\u00e5rd<\/strong>.<\/p>\n<p class=\"\" data-start=\"793\" data-end=\"821\"><strong data-start=\"793\" data-end=\"821\">Huvudfunktioner:<\/strong><\/p>\n<ul data-start=\"822\" data-end=\"1121\">\n<li class=\"\" data-start=\"822\" data-end=\"875\">\n<p class=\"\" data-start=\"824\" data-end=\"875\">I handen <strong data-start=\"838\" data-end=\"873\">p\u00e5 ansiktet, \u00f6gonen och l\u00e4pparna<\/strong><\/p>\n<\/li>\n<li class=\"\" data-start=\"876\" data-end=\"979\">\n<p class=\"\" data-start=\"878\" data-end=\"979\"><strong data-start=\"878\" data-end=\"921\">Hyaluronsyra med l\u00e5g molekylvikt<\/strong> \u00e5terfuktar huden p\u00e5 djupet och minskar uppkomsten av rynkor<\/p>\n<\/li>\n<li class=\"\" data-start=\"980\" data-end=\"1042\">\n<p class=\"\" data-start=\"982\" data-end=\"1042\">Ljus, <strong data-start=\"989\" data-end=\"1019\">kylande och sm\u00e4ltande k\u00e4nsla<\/strong> n\u00e4r den appliceras p\u00e5 huden<\/p>\n<\/li>\n<li class=\"\" data-start=\"1043\" data-end=\"1121\">\n<p class=\"\" data-start=\"1045\" data-end=\"1121\">L\u00f6v p\u00e5 huden <strong data-start=\"1059\" data-end=\"1086\">en tunn skyddande film<\/strong>, som varken \u00e4r fet eller klibbig<\/p>\n<\/li>\n<\/ul>\n<p class=\"\" data-start=\"1123\" data-end=\"1270\"><strong data-start=\"1123\" data-end=\"1141\">Hyaluronsyra<\/strong>, den mest \u00e5terfuktande biopolymeren som \u00e4r k\u00e4nd, verkar i levande v\u00e4vnader <strong data-start=\"1206\" data-end=\"1269\">som bindv\u00e4vsorganisator och effektivt v\u00e4tskeretentionsmedel<\/strong>.<\/p>\n<p class=\"\" data-start=\"1272\" data-end=\"1507\"><strong data-start=\"1272\" data-end=\"1305\">Natriumhyaluronat som anv\u00e4nds<\/strong> erh\u00e5llen <strong data-start=\"1314\" data-end=\"1374\">med en biotekniskt s\u00e4ker och ren process<\/strong>, vilket \u00e4r <strong data-start=\"1384\" data-end=\"1397\">GMO-fri<\/strong>.<br data-start=\"1398\" data-end=\"1401\" \/><strong data-start=\"1401\" data-end=\"1455\">XS hyaluronsyra med ultral\u00e5g molekylvikt<\/strong> m\u00f6jligg\u00f6r djupare absorption i huden, vilket f\u00f6rb\u00e4ttrar:<\/p>\n<ul data-start=\"1509\" data-end=\"1599\">\n<li class=\"\" data-start=\"1509\" data-end=\"1546\">\n<p class=\"\" data-start=\"1511\" data-end=\"1546\">Hudens viskoelastiska egenskaper<\/p>\n<\/li>\n<li class=\"\" data-start=\"1547\" data-end=\"1599\">\n<p class=\"\" data-start=\"1549\" data-end=\"1599\">Betydande minskning av uppkomsten av djupa rynkor<\/p>\n<\/li>\n<\/ul>\n<p class=\"\" data-start=\"1601\" data-end=\"1707\">Fusion Deep Cleanser-erbjudanden <strong data-start=\"1630\" data-end=\"1680\">f\u00f6r en fr\u00e4sch, \u00e5terfuktad och mjuk finish<\/strong> med varje anv\u00e4ndning.<\/p>","protected":false},"excerpt":{"rendered":"<p class=\"\" data-start=\"1763\" data-end=\"1929\"><strong data-start=\"1763\" data-end=\"1929\">En sm\u00e4ltande och kylande mikroemulsion som effektivt avl\u00e4gsnar smink och orenheter, samtidigt som den \u00e5terfuktar huden p\u00e5 djupet med l\u00e5gmolekyl\u00e4r hyaluronsyra.<\/strong><\/p>","protected":false},"featured_media":2271,"comment_status":"open","ping_status":"closed","template":"","meta":{"_surecart_dashboard_logo_width":"180px","_surecart_dashboard_show_logo":true,"_surecart_dashboard_navigation_orders":true,"_surecart_dashboard_navigation_invoices":true,"_surecart_dashboard_navigation_subscriptions":true,"_surecart_dashboard_navigation_downloads":true,"_surecart_dashboard_navigation_billing":true,"_surecart_dashboard_navigation_account":true,"_uag_custom_page_level_css":"","site-sidebar-layout":"default","site-content-layout":"","ast-site-content-layout":"default","site-content-style":"default","site-sidebar-style":"default","ast-global-header-display":"","ast-banner-title-visibility":"","ast-main-header-display":"","ast-hfb-above-header-display":"","ast-hfb-below-header-display":"","ast-hfb-mobile-header-display":"","site-post-title":"","ast-breadcrumbs-content":"","ast-featured-img":"","footer-sml-layout":"","ast-disable-related-posts":"","theme-transparent-header-meta":"default","adv-header-id-meta":"","stick-header-meta":"default","header-above-stick-meta":"","header-main-stick-meta":"","header-below-stick-meta":"","astra-migrate-meta-layouts":"set","ast-page-background-enabled":"default","ast-page-background-meta":{"desktop":{"background-color":"var(--ast-global-color-4)","background-image":"","background-repeat":"repeat","background-position":"center center","background-size":"auto","background-attachment":"scroll","background-type":"","background-media":"","overlay-type":"","overlay-color":"","overlay-opacity":"","overlay-gradient":""},"tablet":{"background-color":"","background-image":"","background-repeat":"repeat","background-position":"center center","background-size":"auto","background-attachment":"scroll","background-type":"","background-media":"","overlay-type":"","overlay-color":"","overlay-opacity":"","overlay-gradient":""},"mobile":{"background-color":"","background-image":"","background-repeat":"repeat","background-position":"center center","background-size":"auto","background-attachment":"scroll","background-type":"","background-media":"","overlay-type":"","overlay-color":"","overlay-opacity":"","overlay-gradient":""}},"ast-content-background-meta":{"desktop":{"background-color":"var(--ast-global-color-5)","background-image":"","background-repeat":"repeat","background-position":"center center","background-size":"auto","background-attachment":"scroll","background-type":"","background-media":"","overlay-type":"","overlay-color":"","overlay-opacity":"","overlay-gradient":""},"tablet":{"background-color":"var(--ast-global-color-5)","background-image":"","background-repeat":"repeat","background-position":"center center","background-size":"auto","background-attachment":"scroll","background-type":"","background-media":"","overlay-type":"","overlay-color":"","overlay-opacity":"","overlay-gradient":""},"mobile":{"background-color":"var(--ast-global-color-5)","background-image":"","background-repeat":"repeat","background-position":"center center","background-size":"auto","background-attachment":"scroll","background-type":"","background-media":"","overlay-type":"","overlay-color":"","overlay-opacity":"","overlay-gradient":""}}},"product_brand":[120],"product_cat":[252],"product_tag":[262,259,255,256,253,254,261,257,258,260],"class_list":{"0":"post-2270","1":"product","2":"type-product","3":"status-publish","4":"has-post-thumbnail","6":"product_brand-ekseption","7":"product_cat-kasvojen-hoito-puhdistusaineet","8":"product_tag-fusion-deep-cleanser","9":"product_tag-gmo-vapaa-hyaluronihappo","10":"product_tag-hyaluronihappo-puhdistusaine","11":"product_tag-kosteuttava-kasvojen-puhdistus","12":"product_tag-meikinpoistoaine","13":"product_tag-mikro-emulsio-puhdistaja","14":"product_tag-ryppyja-vahentava-puhdistusaine","15":"product_tag-sulava-puhdistaja","16":"product_tag-viilentava-kasvojen-puhdistus","17":"product_tag-xs-hyaluronihappo","18":"desktop-align-left","19":"tablet-align-left","20":"mobile-align-left","22":"first","23":"instock","24":"shipping-taxable","25":"purchasable","26":"product-type-simple"},"uagb_featured_image_src":{"full":["https:\/\/vitaroma.fi\/wp-content\/uploads\/2025\/04\/f0c2b5_88e692fac59a455ba7114871eaf5b73fmv2.png",1080,1080,false],"thumbnail":["https:\/\/vitaroma.fi\/wp-content\/uploads\/2025\/04\/f0c2b5_88e692fac59a455ba7114871eaf5b73fmv2-150x150.png",150,150,true],"medium":["https:\/\/vitaroma.fi\/wp-content\/uploads\/2025\/04\/f0c2b5_88e692fac59a455ba7114871eaf5b73fmv2-300x300.png",300,300,true],"medium_large":["https:\/\/vitaroma.fi\/wp-content\/uploads\/2025\/04\/f0c2b5_88e692fac59a455ba7114871eaf5b73fmv2-768x768.png",768,768,true],"large":["https:\/\/vitaroma.fi\/wp-content\/uploads\/2025\/04\/f0c2b5_88e692fac59a455ba7114871eaf5b73fmv2-1024x1024.png",1024,1024,true],"1536x1536":["https:\/\/vitaroma.fi\/wp-content\/uploads\/2025\/04\/f0c2b5_88e692fac59a455ba7114871eaf5b73fmv2.png",1080,1080,false],"2048x2048":["https:\/\/vitaroma.fi\/wp-content\/uploads\/2025\/04\/f0c2b5_88e692fac59a455ba7114871eaf5b73fmv2.png",1080,1080,false],"trp-custom-language-flag":["https:\/\/vitaroma.fi\/wp-content\/uploads\/2025\/04\/f0c2b5_88e692fac59a455ba7114871eaf5b73fmv2-12x12.png",12,12,true],"woocommerce_thumbnail":["https:\/\/vitaroma.fi\/wp-content\/uploads\/2025\/04\/f0c2b5_88e692fac59a455ba7114871eaf5b73fmv2-300x300.png",300,300,true],"woocommerce_single":["https:\/\/vitaroma.fi\/wp-content\/uploads\/2025\/04\/f0c2b5_88e692fac59a455ba7114871eaf5b73fmv2-600x600.png",600,600,true],"woocommerce_gallery_thumbnail":["https:\/\/vitaroma.fi\/wp-content\/uploads\/2025\/04\/f0c2b5_88e692fac59a455ba7114871eaf5b73fmv2-100x100.png",100,100,true]},"uagb_author_info":{"display_name":"emilkemal4@gmail.com","author_link":"https:\/\/vitaroma.fi\/sv\/author\/"},"uagb_comment_info":0,"uagb_excerpt":"Sulava ja viilent\u00e4v\u00e4 mikro-emulsio, joka poistaa meikin ja ep\u00e4puhtaudet tehokkaasti, samalla kosteuttaen ihoa syv\u00e4lt\u00e4 matalamolekyylipainoisella hyaluronihapolla.","_links":{"self":[{"href":"https:\/\/vitaroma.fi\/sv\/wp-json\/wp\/v2\/product\/2270","targetHints":{"allow":["GET"]}}],"collection":[{"href":"https:\/\/vitaroma.fi\/sv\/wp-json\/wp\/v2\/product"}],"about":[{"href":"https:\/\/vitaroma.fi\/sv\/wp-json\/wp\/v2\/types\/product"}],"replies":[{"embeddable":true,"href":"https:\/\/vitaroma.fi\/sv\/wp-json\/wp\/v2\/comments?post=2270"}],"wp:featuredmedia":[{"embeddable":true,"href":"https:\/\/vitaroma.fi\/sv\/wp-json\/wp\/v2\/media\/2271"}],"wp:attachment":[{"href":"https:\/\/vitaroma.fi\/sv\/wp-json\/wp\/v2\/media?parent=2270"}],"wp:term":[{"taxonomy":"product_brand","embeddable":true,"href":"https:\/\/vitaroma.fi\/sv\/wp-json\/wp\/v2\/product_brand?post=2270"},{"taxonomy":"product_cat","embeddable":true,"href":"https:\/\/vitaroma.fi\/sv\/wp-json\/wp\/v2\/product_cat?post=2270"},{"taxonomy":"product_tag","embeddable":true,"href":"https:\/\/vitaroma.fi\/sv\/wp-json\/wp\/v2\/product_tag?post=2270"}],"curies":[{"name":"wp","href":"https:\/\/api.w.org\/{rel}","templated":true}]}}