{"id":2266,"date":"2025-04-25T23:48:43","date_gmt":"2025-04-25T23:48:43","guid":{"rendered":"https:\/\/vitaroma.fi\/?post_type=product&#038;p=2266"},"modified":"2025-04-25T23:48:43","modified_gmt":"2025-04-25T23:48:43","slug":"fusion-mela-drops","status":"publish","type":"product","link":"https:\/\/vitaroma.fi\/sv\/produkt\/fusion-paddel-droppar\/","title":{"rendered":"Fusion Paddle Drops"},"content":{"rendered":"<p class=\"\" data-start=\"474\" data-end=\"755\"><strong data-start=\"474\" data-end=\"597\">Upplev den ultimata l\u00f6sningen f\u00f6r huduppljusning med Fusion Mela Drops \u2013 ett kraftfullt och djupverkande hudv\u00e5rdsserum.<\/strong><br data-start=\"597\" data-end=\"600\" \/>Mela Drops \u00e4r specialutvecklade <strong data-start=\"636\" data-end=\"703\">f\u00f6rb\u00e4ttra hudtonen, minska m\u00f6rka fl\u00e4ckar och akne\u00e4rr<\/strong> och att ge helt\u00e4ckande v\u00e5rd och skydd.<\/p>\n<p class=\"\" data-start=\"757\" data-end=\"794\"><strong data-start=\"757\" data-end=\"794\">Huvudsakliga aktiva ingredienser:<\/strong><\/p>\n<ul data-start=\"795\" data-end=\"1134\">\n<li class=\"\" data-start=\"795\" data-end=\"872\">\n<p class=\"\" data-start=\"797\" data-end=\"872\"><strong data-start=\"797\" data-end=\"814\">Glykolsyra:<\/strong> Fr\u00e4mjar naturlig hudexfoliering och f\u00f6rnyelse<\/p>\n<\/li>\n<li class=\"\" data-start=\"873\" data-end=\"966\">\n<p class=\"\" data-start=\"875\" data-end=\"966\"><strong data-start=\"875\" data-end=\"908\">Niacinamid (vitamin B3):<\/strong> Balanserar hudtonen och minskar pigmentf\u00f6r\u00e4ndringar<\/p>\n<\/li>\n<li class=\"\" data-start=\"967\" data-end=\"1055\">\n<p class=\"\" data-start=\"969\" data-end=\"1055\"><strong data-start=\"969\" data-end=\"985\">E-vitamin:<\/strong> Skyddar huden mot fria radikaler och fr\u00e4mjar hudens vitalitet<\/p>\n<\/li>\n<li class=\"\" data-start=\"1056\" data-end=\"1134\">\n<p class=\"\" data-start=\"1058\" data-end=\"1134\"><strong data-start=\"1058\" data-end=\"1072\">Squalan:<\/strong> \u00c5terfuktar och ger n\u00e4ring \u00e5t huden p\u00e5 djupet utan att l\u00e4mna en fet k\u00e4nsla<\/p>\n<\/li>\n<\/ul>\n<p class=\"\" data-start=\"1136\" data-end=\"1239\"><strong data-start=\"1136\" data-end=\"1157\">Fusion Paddle Drops<\/strong> \u00e4r idealisk f\u00f6r alla hudtyper och s\u00e4rskilt de som k\u00e4mpar med:<\/p>\n<ul data-start=\"1241\" data-end=\"1311\">\n<li class=\"\" data-start=\"1241\" data-end=\"1265\">\n<p class=\"\" data-start=\"1243\" data-end=\"1265\"><strong data-start=\"1243\" data-end=\"1263\">M\u00f6rka fl\u00e4ckar<\/strong><\/p>\n<\/li>\n<li class=\"\" data-start=\"1266\" data-end=\"1284\">\n<p class=\"\" data-start=\"1268\" data-end=\"1284\"><strong data-start=\"1268\" data-end=\"1282\">Akne\u00e4rr<\/strong><\/p>\n<\/li>\n<li class=\"\" data-start=\"1285\" data-end=\"1311\">\n<p class=\"\" data-start=\"1287\" data-end=\"1311\"><strong data-start=\"1287\" data-end=\"1304\">Hudmatthet<\/strong> med<\/p>\n<\/li>\n<\/ul>\n<p class=\"\" data-start=\"1313\" data-end=\"1341\">Vid regelbunden anv\u00e4ndning, huden:<\/p>\n<ul data-start=\"1343\" data-end=\"1459\">\n<li class=\"\" data-start=\"1343\" data-end=\"1374\">\n<p class=\"\" data-start=\"1345\" data-end=\"1374\">Visa <strong data-start=\"1353\" data-end=\"1372\">mer str\u00e5lande<\/strong><\/p>\n<\/li>\n<li class=\"\" data-start=\"1375\" data-end=\"1419\">\n<p class=\"\" data-start=\"1377\" data-end=\"1419\">Det k\u00e4nns <strong data-start=\"1384\" data-end=\"1417\">mjukare och mjukare<\/strong><\/p>\n<\/li>\n<li class=\"\" data-start=\"1420\" data-end=\"1459\">\n<p class=\"\" data-start=\"1422\" data-end=\"1459\">V\u00e4der <strong data-start=\"1426\" data-end=\"1459\">ett ungdomligt och str\u00e5lande utseende<\/strong><\/p>\n<\/li>\n<\/ul>","protected":false},"excerpt":{"rendered":"<p class=\"\" data-start=\"1515\" data-end=\"1682\"><strong data-start=\"1515\" data-end=\"1682\">Ett effektivt serum mot m\u00f6rka fl\u00e4ckar och akne\u00e4rr. Glykolsyra, niacinamid, vitamin E och squalan s\u00e4kerst\u00e4ller en ljusare, mer ungdomlig och \u00e5terfuktad hud.<\/strong><\/p>","protected":false},"featured_media":2267,"comment_status":"open","ping_status":"closed","template":"","meta":{"_surecart_dashboard_logo_width":"180px","_surecart_dashboard_show_logo":true,"_surecart_dashboard_navigation_orders":true,"_surecart_dashboard_navigation_invoices":true,"_surecart_dashboard_navigation_subscriptions":true,"_surecart_dashboard_navigation_downloads":true,"_surecart_dashboard_navigation_billing":true,"_surecart_dashboard_navigation_account":true,"_uag_custom_page_level_css":"","site-sidebar-layout":"default","site-content-layout":"","ast-site-content-layout":"default","site-content-style":"default","site-sidebar-style":"default","ast-global-header-display":"","ast-banner-title-visibility":"","ast-main-header-display":"","ast-hfb-above-header-display":"","ast-hfb-below-header-display":"","ast-hfb-mobile-header-display":"","site-post-title":"","ast-breadcrumbs-content":"","ast-featured-img":"","footer-sml-layout":"","ast-disable-related-posts":"","theme-transparent-header-meta":"default","adv-header-id-meta":"","stick-header-meta":"default","header-above-stick-meta":"","header-main-stick-meta":"","header-below-stick-meta":"","astra-migrate-meta-layouts":"set","ast-page-background-enabled":"default","ast-page-background-meta":{"desktop":{"background-color":"var(--ast-global-color-4)","background-image":"","background-repeat":"repeat","background-position":"center center","background-size":"auto","background-attachment":"scroll","background-type":"","background-media":"","overlay-type":"","overlay-color":"","overlay-opacity":"","overlay-gradient":""},"tablet":{"background-color":"","background-image":"","background-repeat":"repeat","background-position":"center center","background-size":"auto","background-attachment":"scroll","background-type":"","background-media":"","overlay-type":"","overlay-color":"","overlay-opacity":"","overlay-gradient":""},"mobile":{"background-color":"","background-image":"","background-repeat":"repeat","background-position":"center center","background-size":"auto","background-attachment":"scroll","background-type":"","background-media":"","overlay-type":"","overlay-color":"","overlay-opacity":"","overlay-gradient":""}},"ast-content-background-meta":{"desktop":{"background-color":"var(--ast-global-color-5)","background-image":"","background-repeat":"repeat","background-position":"center center","background-size":"auto","background-attachment":"scroll","background-type":"","background-media":"","overlay-type":"","overlay-color":"","overlay-opacity":"","overlay-gradient":""},"tablet":{"background-color":"var(--ast-global-color-5)","background-image":"","background-repeat":"repeat","background-position":"center center","background-size":"auto","background-attachment":"scroll","background-type":"","background-media":"","overlay-type":"","overlay-color":"","overlay-opacity":"","overlay-gradient":""},"mobile":{"background-color":"var(--ast-global-color-5)","background-image":"","background-repeat":"repeat","background-position":"center center","background-size":"auto","background-attachment":"scroll","background-type":"","background-media":"","overlay-type":"","overlay-color":"","overlay-opacity":"","overlay-gradient":""}}},"product_brand":[120],"product_cat":[230],"product_tag":[233,236,240,234,239,231,235,238,237,232],"class_list":{"0":"post-2266","1":"product","2":"type-product","3":"status-publish","4":"has-post-thumbnail","6":"product_brand-ekseption","7":"product_cat-kasvojen-hoito-seerumit-ja-kirkastavat-tuotteet","8":"product_tag-aknearpien-vaalennus","9":"product_tag-e-vitamiini-kasvoille","10":"product_tag-fusion-mela-drops","11":"product_tag-glykolihappo-seerumi","12":"product_tag-heleyttava-kasvohoito","13":"product_tag-ihon-kirkastusseerumi","14":"product_tag-niasiiniamidi-seerumi","15":"product_tag-sateileva-iho","16":"product_tag-skvalaani-kosteutus","17":"product_tag-tummien-laiskien-hoito","18":"desktop-align-left","19":"tablet-align-left","20":"mobile-align-left","22":"first","23":"instock","24":"shipping-taxable","25":"purchasable","26":"product-type-simple"},"uagb_featured_image_src":{"full":["https:\/\/vitaroma.fi\/wp-content\/uploads\/2025\/04\/f0c2b5_49deb0fa076b4749a261be225e05276fmv2.png",1080,1080,false],"thumbnail":["https:\/\/vitaroma.fi\/wp-content\/uploads\/2025\/04\/f0c2b5_49deb0fa076b4749a261be225e05276fmv2-150x150.png",150,150,true],"medium":["https:\/\/vitaroma.fi\/wp-content\/uploads\/2025\/04\/f0c2b5_49deb0fa076b4749a261be225e05276fmv2-300x300.png",300,300,true],"medium_large":["https:\/\/vitaroma.fi\/wp-content\/uploads\/2025\/04\/f0c2b5_49deb0fa076b4749a261be225e05276fmv2-768x768.png",768,768,true],"large":["https:\/\/vitaroma.fi\/wp-content\/uploads\/2025\/04\/f0c2b5_49deb0fa076b4749a261be225e05276fmv2-1024x1024.png",1024,1024,true],"1536x1536":["https:\/\/vitaroma.fi\/wp-content\/uploads\/2025\/04\/f0c2b5_49deb0fa076b4749a261be225e05276fmv2.png",1080,1080,false],"2048x2048":["https:\/\/vitaroma.fi\/wp-content\/uploads\/2025\/04\/f0c2b5_49deb0fa076b4749a261be225e05276fmv2.png",1080,1080,false],"trp-custom-language-flag":["https:\/\/vitaroma.fi\/wp-content\/uploads\/2025\/04\/f0c2b5_49deb0fa076b4749a261be225e05276fmv2-12x12.png",12,12,true],"woocommerce_thumbnail":["https:\/\/vitaroma.fi\/wp-content\/uploads\/2025\/04\/f0c2b5_49deb0fa076b4749a261be225e05276fmv2-300x300.png",300,300,true],"woocommerce_single":["https:\/\/vitaroma.fi\/wp-content\/uploads\/2025\/04\/f0c2b5_49deb0fa076b4749a261be225e05276fmv2-600x600.png",600,600,true],"woocommerce_gallery_thumbnail":["https:\/\/vitaroma.fi\/wp-content\/uploads\/2025\/04\/f0c2b5_49deb0fa076b4749a261be225e05276fmv2-100x100.png",100,100,true]},"uagb_author_info":{"display_name":"emilkemal4@gmail.com","author_link":"https:\/\/vitaroma.fi\/sv\/author\/"},"uagb_comment_info":0,"uagb_excerpt":"Tehokas seerumi tummia l\u00e4iski\u00e4 ja aknearpia vastaan. Glykolihappo, niasiiniamidi, E-vitamiini ja skvalaani takaavat kirkkaamman, nuorekkaamman ja kosteutetun ihon.","_links":{"self":[{"href":"https:\/\/vitaroma.fi\/sv\/wp-json\/wp\/v2\/product\/2266","targetHints":{"allow":["GET"]}}],"collection":[{"href":"https:\/\/vitaroma.fi\/sv\/wp-json\/wp\/v2\/product"}],"about":[{"href":"https:\/\/vitaroma.fi\/sv\/wp-json\/wp\/v2\/types\/product"}],"replies":[{"embeddable":true,"href":"https:\/\/vitaroma.fi\/sv\/wp-json\/wp\/v2\/comments?post=2266"}],"wp:featuredmedia":[{"embeddable":true,"href":"https:\/\/vitaroma.fi\/sv\/wp-json\/wp\/v2\/media\/2267"}],"wp:attachment":[{"href":"https:\/\/vitaroma.fi\/sv\/wp-json\/wp\/v2\/media?parent=2266"}],"wp:term":[{"taxonomy":"product_brand","embeddable":true,"href":"https:\/\/vitaroma.fi\/sv\/wp-json\/wp\/v2\/product_brand?post=2266"},{"taxonomy":"product_cat","embeddable":true,"href":"https:\/\/vitaroma.fi\/sv\/wp-json\/wp\/v2\/product_cat?post=2266"},{"taxonomy":"product_tag","embeddable":true,"href":"https:\/\/vitaroma.fi\/sv\/wp-json\/wp\/v2\/product_tag?post=2266"}],"curies":[{"name":"wp","href":"https:\/\/api.w.org\/{rel}","templated":true}]}}