{"id":2257,"date":"2025-04-25T23:35:27","date_gmt":"2025-04-25T23:35:27","guid":{"rendered":"https:\/\/vitaroma.fi\/?post_type=product&#038;p=2257"},"modified":"2025-04-25T23:35:27","modified_gmt":"2025-04-25T23:35:27","slug":"fusion-cica-post-care","status":"publish","type":"product","link":"https:\/\/vitaroma.fi\/sv\/produkt\/fusion-cica-post-care\/","title":{"rendered":"Fusion Cica Post Care"},"content":{"rendered":"<p class=\"\" data-start=\"479\" data-end=\"777\"><strong data-start=\"479\" data-end=\"589\">Fusion Cica Post Care on erityisesti suunniteltu tukemaan vaurioituneen ihon palautumista ja eheytt\u00e4mist\u00e4.<\/strong><br data-start=\"589\" data-end=\"592\" \/><strong data-start=\"592\" data-end=\"651\">Ihon korjausprosessi vaatii aikaa ja oikeanlaista tukea<\/strong>, ja haasteita voi esiinty\u00e4 esimerkiksi raskausarpien muodostumisen yhteydess\u00e4, jolloin iho ei palaudu normaalisti ilman apua.<\/p>\n<p class=\"\" data-start=\"779\" data-end=\"974\"><strong data-start=\"779\" data-end=\"852\">T\u00e4m\u00e4 hoitotuote sis\u00e4lt\u00e4\u00e4 Titrated Extract of Centella Asiatica (CICA)<\/strong> \u2013 kasvin korkeasti puhdistettu muoto, joka on tunnettu voimakkaista ihoa korjaavista ja rauhoittavista ominaisuuksistaan.<\/p>\n<p class=\"\" data-start=\"976\" data-end=\"1176\"><strong data-start=\"976\" data-end=\"1073\">K\u00e4ytt\u00e4m\u00e4mme Centella asiatica -uute on per\u00e4isin villisti Madagaskarilla kasvaneista kasveista<\/strong>, joiden aktiivisten aineiden pitoisuus on korkeampi ja stabiilimpi verrattuna viljeltyihin versioihin.<\/p>\n<p class=\"\" data-start=\"1178\" data-end=\"1205\"><strong data-start=\"1178\" data-end=\"1205\">Huvudeffekter:<\/strong><\/p>\n<ul data-start=\"1206\" data-end=\"1375\">\n<li class=\"\" data-start=\"1206\" data-end=\"1252\">\n<p class=\"\" data-start=\"1208\" data-end=\"1252\">Nopeuttaa ihon luonnollista korjaantumista<\/p>\n<\/li>\n<li class=\"\" data-start=\"1253\" data-end=\"1291\">\n<p class=\"\" data-start=\"1255\" data-end=\"1291\">Vahvistaa ihon proteiinirakennetta<\/p>\n<\/li>\n<li class=\"\" data-start=\"1292\" data-end=\"1341\">\n<p class=\"\" data-start=\"1294\" data-end=\"1341\">Rauhoittaa \u00e4rtynytt\u00e4 ja stressaantunutta ihoa<\/p>\n<\/li>\n<li class=\"\" data-start=\"1342\" data-end=\"1375\">\n<p class=\"\" data-start=\"1344\" data-end=\"1375\">Parantaa ihon kosteustasapainoa<\/p>\n<\/li>\n<\/ul>\n<p class=\"\" data-start=\"1377\" data-end=\"1447\">Lis\u00e4ksi tuotteeseen on yhdistetty <strong data-start=\"1411\" data-end=\"1440\">Provitamin B5 (pantenoli)<\/strong>, vilket:<\/p>\n<ul data-start=\"1449\" data-end=\"1592\">\n<li class=\"\" data-start=\"1449\" data-end=\"1502\">\n<p class=\"\" data-start=\"1451\" data-end=\"1502\"><strong data-start=\"1451\" data-end=\"1477\">Kosteuttaa tehokkaasti<\/strong> sarveiskalvon kerrosta<\/p>\n<\/li>\n<li class=\"\" data-start=\"1503\" data-end=\"1545\">\n<p class=\"\" data-start=\"1505\" data-end=\"1545\"><strong data-start=\"1505\" data-end=\"1543\">Vahvistaa ihon hydrolipidikerrosta<\/strong><\/p>\n<\/li>\n<li class=\"\" data-start=\"1546\" data-end=\"1592\">\n<p class=\"\" data-start=\"1548\" data-end=\"1592\"><strong data-start=\"1548\" data-end=\"1592\">Ehk\u00e4isee veden haihtumista ja kuivumista<\/strong><\/p>\n<\/li>\n<\/ul>\n<p class=\"\" data-start=\"1594\" data-end=\"1722\"><strong data-start=\"1594\" data-end=\"1619\">Fusion Cica Post Care<\/strong> sopii erityisesti iholle, joka tarvitsee tehostettua hoitoa vaurioiden, \u00e4rsytyksen tai arpien j\u00e4lkeen.<\/p>","protected":false},"excerpt":{"rendered":"<p class=\"\" data-start=\"1778\" data-end=\"1931\"><strong data-start=\"1778\" data-end=\"1931\">Tehokas CICA- ja Provitamin B5-yhdistelm\u00e4ll\u00e4 rikastettu hoitovoide, joka nopeuttaa ihon palautumista, vahvistaa rakennetta ja kosteuttaa tehokkaasti.<\/strong><\/p>","protected":false},"featured_media":2258,"comment_status":"open","ping_status":"closed","template":"","meta":{"_surecart_dashboard_logo_width":"180px","_surecart_dashboard_show_logo":true,"_surecart_dashboard_navigation_orders":true,"_surecart_dashboard_navigation_invoices":true,"_surecart_dashboard_navigation_subscriptions":true,"_surecart_dashboard_navigation_downloads":true,"_surecart_dashboard_navigation_billing":true,"_surecart_dashboard_navigation_account":true,"_uag_custom_page_level_css":"","site-sidebar-layout":"default","site-content-layout":"","ast-site-content-layout":"default","site-content-style":"default","site-sidebar-style":"default","ast-global-header-display":"","ast-banner-title-visibility":"","ast-main-header-display":"","ast-hfb-above-header-display":"","ast-hfb-below-header-display":"","ast-hfb-mobile-header-display":"","site-post-title":"","ast-breadcrumbs-content":"","ast-featured-img":"","footer-sml-layout":"","theme-transparent-header-meta":"default","adv-header-id-meta":"","stick-header-meta":"default","header-above-stick-meta":"","header-main-stick-meta":"","header-below-stick-meta":"","astra-migrate-meta-layouts":"set","ast-page-background-enabled":"default","ast-page-background-meta":{"desktop":{"background-color":"var(--ast-global-color-4)","background-image":"","background-repeat":"repeat","background-position":"center center","background-size":"auto","background-attachment":"scroll","background-type":"","background-media":"","overlay-type":"","overlay-color":"","overlay-opacity":"","overlay-gradient":""},"tablet":{"background-color":"","background-image":"","background-repeat":"repeat","background-position":"center center","background-size":"auto","background-attachment":"scroll","background-type":"","background-media":"","overlay-type":"","overlay-color":"","overlay-opacity":"","overlay-gradient":""},"mobile":{"background-color":"","background-image":"","background-repeat":"repeat","background-position":"center center","background-size":"auto","background-attachment":"scroll","background-type":"","background-media":"","overlay-type":"","overlay-color":"","overlay-opacity":"","overlay-gradient":""}},"ast-content-background-meta":{"desktop":{"background-color":"var(--ast-global-color-5)","background-image":"","background-repeat":"repeat","background-position":"center center","background-size":"auto","background-attachment":"scroll","background-type":"","background-media":"","overlay-type":"","overlay-color":"","overlay-opacity":"","overlay-gradient":""},"tablet":{"background-color":"var(--ast-global-color-5)","background-image":"","background-repeat":"repeat","background-position":"center center","background-size":"auto","background-attachment":"scroll","background-type":"","background-media":"","overlay-type":"","overlay-color":"","overlay-opacity":"","overlay-gradient":""},"mobile":{"background-color":"var(--ast-global-color-5)","background-image":"","background-repeat":"repeat","background-position":"center center","background-size":"auto","background-attachment":"scroll","background-type":"","background-media":"","overlay-type":"","overlay-color":"","overlay-opacity":"","overlay-gradient":""}}},"product_brand":[120],"product_cat":[187],"product_tag":[191,189,188,197,195,196,194,190,193,192],"class_list":{"0":"post-2257","1":"product","2":"type-product","3":"status-publish","4":"has-post-thumbnail","6":"product_brand-ekseption","7":"product_cat-ihon-korjaus-ja-palautus-erikoishoidot","8":"product_tag-arpien-hoito","9":"product_tag-centella-asiatica-ihohoito","10":"product_tag-cica-voide","11":"product_tag-fusion-cica-post-care","12":"product_tag-hydrolipidikerroksen-vahvistus","13":"product_tag-madagaskar-centella","14":"product_tag-pantenoli-kosteuttaja","15":"product_tag-raskausarpien-ehkaisy","16":"product_tag-rauhoittava-ihonhoito","17":"product_tag-vaurioituneen-ihon-palautus","18":"desktop-align-left","19":"tablet-align-left","20":"mobile-align-left","22":"first","23":"instock","24":"shipping-taxable","25":"purchasable","26":"product-type-simple"},"uagb_featured_image_src":{"full":["https:\/\/vitaroma.fi\/wp-content\/uploads\/2025\/04\/f0c2b5_c863aa239bbb4684bbb8409552dbeb33mv2.png",1080,1080,false],"thumbnail":["https:\/\/vitaroma.fi\/wp-content\/uploads\/2025\/04\/f0c2b5_c863aa239bbb4684bbb8409552dbeb33mv2-150x150.png",150,150,true],"medium":["https:\/\/vitaroma.fi\/wp-content\/uploads\/2025\/04\/f0c2b5_c863aa239bbb4684bbb8409552dbeb33mv2-300x300.png",300,300,true],"medium_large":["https:\/\/vitaroma.fi\/wp-content\/uploads\/2025\/04\/f0c2b5_c863aa239bbb4684bbb8409552dbeb33mv2-768x768.png",768,768,true],"large":["https:\/\/vitaroma.fi\/wp-content\/uploads\/2025\/04\/f0c2b5_c863aa239bbb4684bbb8409552dbeb33mv2-1024x1024.png",1024,1024,true],"1536x1536":["https:\/\/vitaroma.fi\/wp-content\/uploads\/2025\/04\/f0c2b5_c863aa239bbb4684bbb8409552dbeb33mv2.png",1080,1080,false],"2048x2048":["https:\/\/vitaroma.fi\/wp-content\/uploads\/2025\/04\/f0c2b5_c863aa239bbb4684bbb8409552dbeb33mv2.png",1080,1080,false],"trp-custom-language-flag":["https:\/\/vitaroma.fi\/wp-content\/uploads\/2025\/04\/f0c2b5_c863aa239bbb4684bbb8409552dbeb33mv2-12x12.png",12,12,true],"woocommerce_thumbnail":["https:\/\/vitaroma.fi\/wp-content\/uploads\/2025\/04\/f0c2b5_c863aa239bbb4684bbb8409552dbeb33mv2-300x300.png",300,300,true],"woocommerce_single":["https:\/\/vitaroma.fi\/wp-content\/uploads\/2025\/04\/f0c2b5_c863aa239bbb4684bbb8409552dbeb33mv2-600x600.png",600,600,true],"woocommerce_gallery_thumbnail":["https:\/\/vitaroma.fi\/wp-content\/uploads\/2025\/04\/f0c2b5_c863aa239bbb4684bbb8409552dbeb33mv2-100x100.png",100,100,true]},"uagb_author_info":{"display_name":"emilkemal4@gmail.com","author_link":"https:\/\/vitaroma.fi\/sv\/author\/"},"uagb_comment_info":0,"uagb_excerpt":"Tehokas CICA- ja Provitamin B5-yhdistelm\u00e4ll\u00e4 rikastettu hoitovoide, joka nopeuttaa ihon palautumista, vahvistaa rakennetta ja kosteuttaa tehokkaasti.","_links":{"self":[{"href":"https:\/\/vitaroma.fi\/sv\/wp-json\/wp\/v2\/product\/2257","targetHints":{"allow":["GET"]}}],"collection":[{"href":"https:\/\/vitaroma.fi\/sv\/wp-json\/wp\/v2\/product"}],"about":[{"href":"https:\/\/vitaroma.fi\/sv\/wp-json\/wp\/v2\/types\/product"}],"replies":[{"embeddable":true,"href":"https:\/\/vitaroma.fi\/sv\/wp-json\/wp\/v2\/comments?post=2257"}],"wp:featuredmedia":[{"embeddable":true,"href":"https:\/\/vitaroma.fi\/sv\/wp-json\/wp\/v2\/media\/2258"}],"wp:attachment":[{"href":"https:\/\/vitaroma.fi\/sv\/wp-json\/wp\/v2\/media?parent=2257"}],"wp:term":[{"taxonomy":"product_brand","embeddable":true,"href":"https:\/\/vitaroma.fi\/sv\/wp-json\/wp\/v2\/product_brand?post=2257"},{"taxonomy":"product_cat","embeddable":true,"href":"https:\/\/vitaroma.fi\/sv\/wp-json\/wp\/v2\/product_cat?post=2257"},{"taxonomy":"product_tag","embeddable":true,"href":"https:\/\/vitaroma.fi\/sv\/wp-json\/wp\/v2\/product_tag?post=2257"}],"curies":[{"name":"wp","href":"https:\/\/api.w.org\/{rel}","templated":true}]}}