{"id":2217,"date":"2025-04-25T22:08:22","date_gmt":"2025-04-25T22:08:22","guid":{"rendered":"https:\/\/vitaroma.fi\/?post_type=product&#038;p=2217"},"modified":"2025-12-01T13:46:27","modified_gmt":"2025-12-01T11:46:27","slug":"ekseption-enzyme-powder-cleanse-peel","status":"publish","type":"product","link":"https:\/\/vitaroma.fi\/sv\/produkt\/exception-enzympulver-rengorande-peeling\/","title":{"rendered":"Exception Enzyme Pulver Reng\u00f6ring &amp; Peeling"},"content":{"rendered":"<div class=\"tfRE5M\">\n<section class=\"Jgs2b9\">\n<div class=\"WAZqE7 QfrfFD cell\">\n<section class=\"Va_ZoC\" data-hook=\"description-wrapper\">\n<div class=\"LvOu6J\">\n<div class=\"vaI0UH undefined\" data-hook=\"content-wrapper\">\n<p class=\"\" data-start=\"276\" data-end=\"529\"><strong data-start=\"276\" data-end=\"359\">Skummande ansiktspuder \u00e4r ett bra alternativ att prova av m\u00e5nga anledningar.<\/strong><br data-start=\"359\" data-end=\"362\" \/>Dess <strong data-start=\"366\" data-end=\"402\">utm\u00e4rkt ekologisk profil<\/strong> dessutom \u00e4r det <strong data-start=\"417\" data-end=\"463\">konserveringsmedelsfri, sulfatfri och PEG-fri<\/strong>, och den tar hand om din hud som ingen annan ansiktsreng\u00f6ring.<\/p>\n<p class=\"\" data-start=\"531\" data-end=\"704\"><strong data-start=\"531\" data-end=\"608\">Pudret f\u00f6rvandlas till ett rikt och kr\u00e4migt skum i dina fuktade h\u00e4nder.<\/strong><br data-start=\"608\" data-end=\"611\" \/>Det erbjuder <strong data-start=\"622\" data-end=\"663\">utm\u00e4rkt reng\u00f6ring och exfoliering<\/strong>, l\u00e4mnar huden <strong data-start=\"678\" data-end=\"703\">mjuk som siden<\/strong>.<\/p>\n<p class=\"\" data-start=\"706\" data-end=\"960\">Detta unika reng\u00f6ringsmedel \u00e4r l\u00e4mpligt f\u00f6r <strong data-start=\"746\" data-end=\"771\">f\u00f6r alla hudtyper<\/strong>, <strong data-start=\"773\" data-end=\"810\">fr\u00e5n fet till mycket k\u00e4nslig hud<\/strong> dess mildhet och <strong data-start=\"828\" data-end=\"865\">hudbalanserande formula<\/strong> tack vare.<br data-start=\"875\" data-end=\"878\" \/>Det \u00e4r <strong data-start=\"884\" data-end=\"959\">mycket effektiv, v\u00e4xtbaserad exfolierande kr\u00e4m utan starka ingredienser<\/strong>.<\/p>\n<\/div>\n<\/div>\n<\/section>\n<\/div>\n<\/section>\n<\/div>","protected":false},"excerpt":{"rendered":"<p class=\"\" data-start=\"967\" data-end=\"1311\"><strong data-start=\"967\" data-end=\"1074\">Denna exfolierande reng\u00f6ring hj\u00e4lper till att ljusa upp och j\u00e4mna ut hudtonen utan kemisk n\u00f6tning.<\/strong><br data-start=\"1074\" data-end=\"1077\" \/>Naturlig <strong data-start=\"1090\" data-end=\"1110\">papaya-enzymer<\/strong> ta bort <strong data-start=\"1121\" data-end=\"1174\">celler och gifter fr\u00e5n ytan av torr och gl\u00e5mig hud<\/strong>, avsl\u00f6jande <strong data-start=\"1187\" data-end=\"1213\">mjuk och len hud<\/strong>.<br data-start=\"1214\" data-end=\"1217\" \/><strong data-start=\"1217\" data-end=\"1267\">Det f\u00f6rb\u00e4ttrar absorptionen av andra v\u00e5rdprodukter<\/strong> genom att ta bort <strong data-start=\"1280\" data-end=\"1310\">d\u00f6da ytliga celler<\/strong>.<\/p>","protected":false},"featured_media":2218,"comment_status":"open","ping_status":"closed","template":"","meta":{"_surecart_dashboard_logo_width":"180px","_surecart_dashboard_show_logo":true,"_surecart_dashboard_navigation_orders":true,"_surecart_dashboard_navigation_invoices":true,"_surecart_dashboard_navigation_subscriptions":true,"_surecart_dashboard_navigation_downloads":true,"_surecart_dashboard_navigation_billing":true,"_surecart_dashboard_navigation_account":true,"_uag_custom_page_level_css":"","site-sidebar-layout":"default","site-content-layout":"","ast-site-content-layout":"default","site-content-style":"default","site-sidebar-style":"default","ast-global-header-display":"","ast-banner-title-visibility":"","ast-main-header-display":"","ast-hfb-above-header-display":"","ast-hfb-below-header-display":"","ast-hfb-mobile-header-display":"","site-post-title":"","ast-breadcrumbs-content":"","ast-featured-img":"","footer-sml-layout":"","ast-disable-related-posts":"","theme-transparent-header-meta":"default","adv-header-id-meta":"","stick-header-meta":"default","header-above-stick-meta":"","header-main-stick-meta":"","header-below-stick-meta":"","astra-migrate-meta-layouts":"set","ast-page-background-enabled":"default","ast-page-background-meta":{"desktop":{"background-color":"var(--ast-global-color-4)","background-image":"","background-repeat":"repeat","background-position":"center center","background-size":"auto","background-attachment":"scroll","background-type":"","background-media":"","overlay-type":"","overlay-color":"","overlay-opacity":"","overlay-gradient":""},"tablet":{"background-color":"","background-image":"","background-repeat":"repeat","background-position":"center center","background-size":"auto","background-attachment":"scroll","background-type":"","background-media":"","overlay-type":"","overlay-color":"","overlay-opacity":"","overlay-gradient":""},"mobile":{"background-color":"","background-image":"","background-repeat":"repeat","background-position":"center center","background-size":"auto","background-attachment":"scroll","background-type":"","background-media":"","overlay-type":"","overlay-color":"","overlay-opacity":"","overlay-gradient":""}},"ast-content-background-meta":{"desktop":{"background-color":"var(--ast-global-color-5)","background-image":"","background-repeat":"repeat","background-position":"center center","background-size":"auto","background-attachment":"scroll","background-type":"","background-media":"","overlay-type":"","overlay-color":"","overlay-opacity":"","overlay-gradient":""},"tablet":{"background-color":"var(--ast-global-color-5)","background-image":"","background-repeat":"repeat","background-position":"center center","background-size":"auto","background-attachment":"scroll","background-type":"","background-media":"","overlay-type":"","overlay-color":"","overlay-opacity":"","overlay-gradient":""},"mobile":{"background-color":"var(--ast-global-color-5)","background-image":"","background-repeat":"repeat","background-position":"center center","background-size":"auto","background-attachment":"scroll","background-type":"","background-media":"","overlay-type":"","overlay-color":"","overlay-opacity":"","overlay-gradient":""}}},"product_brand":[120],"product_cat":[100],"product_tag":[110,102,104,103,109,108,105,107,106,101],"class_list":{"0":"post-2217","1":"product","2":"type-product","3":"status-publish","4":"has-post-thumbnail","6":"product_brand-ekseption","7":"product_cat-kasvojen-puhdistus","8":"product_tag-ekseption-enzyme-powder","9":"product_tag-entsymaattinen-puhdistusaine","10":"product_tag-herkan-ihon-puhdistusaine","11":"product_tag-kasvojen-kuorinta","12":"product_tag-kuivan-ihon-kuorinta","13":"product_tag-luonnollinen-kasvojen-puhdistus","14":"product_tag-papaijaentsyymit","15":"product_tag-sailontaaineeton-puhdistus","16":"product_tag-sulfaatiton-puhdistusaine","17":"product_tag-vaahtojauhe","18":"desktop-align-left","19":"tablet-align-left","20":"mobile-align-left","22":"first","23":"instock","24":"shipping-taxable","25":"purchasable","26":"product-type-simple"},"uagb_featured_image_src":{"full":["https:\/\/vitaroma.fi\/wp-content\/uploads\/2025\/04\/f0c2b5_d83505f23b404177a4dbc0accf3381d1mv2.avif",625,625,false],"thumbnail":["https:\/\/vitaroma.fi\/wp-content\/uploads\/2025\/04\/f0c2b5_d83505f23b404177a4dbc0accf3381d1mv2-150x150.avif",150,150,true],"medium":["https:\/\/vitaroma.fi\/wp-content\/uploads\/2025\/04\/f0c2b5_d83505f23b404177a4dbc0accf3381d1mv2-300x300.avif",300,300,true],"medium_large":["https:\/\/vitaroma.fi\/wp-content\/uploads\/2025\/04\/f0c2b5_d83505f23b404177a4dbc0accf3381d1mv2.avif",625,625,false],"large":["https:\/\/vitaroma.fi\/wp-content\/uploads\/2025\/04\/f0c2b5_d83505f23b404177a4dbc0accf3381d1mv2.avif",625,625,false],"1536x1536":["https:\/\/vitaroma.fi\/wp-content\/uploads\/2025\/04\/f0c2b5_d83505f23b404177a4dbc0accf3381d1mv2.avif",625,625,false],"2048x2048":["https:\/\/vitaroma.fi\/wp-content\/uploads\/2025\/04\/f0c2b5_d83505f23b404177a4dbc0accf3381d1mv2.avif",625,625,false],"trp-custom-language-flag":["https:\/\/vitaroma.fi\/wp-content\/uploads\/2025\/04\/f0c2b5_d83505f23b404177a4dbc0accf3381d1mv2-12x12.avif",12,12,true],"woocommerce_thumbnail":["https:\/\/vitaroma.fi\/wp-content\/uploads\/2025\/04\/f0c2b5_d83505f23b404177a4dbc0accf3381d1mv2-300x300.avif",300,300,true],"woocommerce_single":["https:\/\/vitaroma.fi\/wp-content\/uploads\/2025\/04\/f0c2b5_d83505f23b404177a4dbc0accf3381d1mv2-600x600.avif",600,600,true],"woocommerce_gallery_thumbnail":["https:\/\/vitaroma.fi\/wp-content\/uploads\/2025\/04\/f0c2b5_d83505f23b404177a4dbc0accf3381d1mv2-100x100.avif",100,100,true]},"uagb_author_info":{"display_name":"emilkemal4@gmail.com","author_link":"https:\/\/vitaroma.fi\/sv\/author\/"},"uagb_comment_info":0,"uagb_excerpt":"T\u00e4m\u00e4 kuoriva puhdistusaine auttaa kirkastamaan ja tasoittamaan ihon s\u00e4vy\u00e4 ilman kemiallisia hankauksia.Luonnolliset papaijaentsyymit poistavat kuivan ja tyls\u00e4n ihon pinnalta soluja ja myrkkyj\u00e4, paljastaen pehme\u00e4n ja sile\u00e4n ihon.Se parantaa muiden hoitotuotteiden imeytymist\u00e4 poistamalla kuolleet pinnalliset solut.","_links":{"self":[{"href":"https:\/\/vitaroma.fi\/sv\/wp-json\/wp\/v2\/product\/2217","targetHints":{"allow":["GET"]}}],"collection":[{"href":"https:\/\/vitaroma.fi\/sv\/wp-json\/wp\/v2\/product"}],"about":[{"href":"https:\/\/vitaroma.fi\/sv\/wp-json\/wp\/v2\/types\/product"}],"replies":[{"embeddable":true,"href":"https:\/\/vitaroma.fi\/sv\/wp-json\/wp\/v2\/comments?post=2217"}],"wp:featuredmedia":[{"embeddable":true,"href":"https:\/\/vitaroma.fi\/sv\/wp-json\/wp\/v2\/media\/2218"}],"wp:attachment":[{"href":"https:\/\/vitaroma.fi\/sv\/wp-json\/wp\/v2\/media?parent=2217"}],"wp:term":[{"taxonomy":"product_brand","embeddable":true,"href":"https:\/\/vitaroma.fi\/sv\/wp-json\/wp\/v2\/product_brand?post=2217"},{"taxonomy":"product_cat","embeddable":true,"href":"https:\/\/vitaroma.fi\/sv\/wp-json\/wp\/v2\/product_cat?post=2217"},{"taxonomy":"product_tag","embeddable":true,"href":"https:\/\/vitaroma.fi\/sv\/wp-json\/wp\/v2\/product_tag?post=2217"}],"curies":[{"name":"wp","href":"https:\/\/api.w.org\/{rel}","templated":true}]}}