{"id":2577,"date":"2025-07-22T11:01:50","date_gmt":"2025-07-22T09:01:50","guid":{"rendered":"https:\/\/vitaroma.fi\/?page_id=2577"},"modified":"2025-08-28T14:11:34","modified_gmt":"2025-08-28T12:11:34","slug":"eksosomihoidot","status":"publish","type":"page","link":"https:\/\/vitaroma.fi\/sv\/eksosomihoidot\/","title":{"rendered":"Exosomterapier"},"content":{"rendered":"<div class=\"wp-block-uagb-container uagb-block-5451af51 alignfull uagb-is-root-container\"><div class=\"uagb-container-inner-blocks-wrap\">\n<div class=\"wp-block-uagb-advanced-heading uagb-block-f45ed1f8\"><h1 class=\"uagb-heading-text\">Exosomterapier<\/h1><\/div>\n<\/div><\/div>\n\n\n\n<div class=\"wp-block-uagb-container uagb-block-wlmazrwo alignfull uagb-is-root-container\"><div class=\"uagb-container-inner-blocks-wrap\">\n<div class=\"wp-block-uagb-container uagb-block-0btjzulc alignfull uagb-is-root-container\"><div class=\"uagb-container-inner-blocks-wrap\">\n<div class=\"wp-block-uagb-image alignleft uagb-block-6xnwaqpe wp-block-uagb-image--layout-default wp-block-uagb-image--effect-static wp-block-uagb-image--align-left\"><figure class=\"wp-block-uagb-image__figure\"><img decoding=\"async\" srcset=\"https:\/\/vitaroma.fi\/wp-content\/uploads\/2025\/07\/RF-Microneedling-Exosome-Therapy-for-Skin-Rejuvenation-Hair-Loss-Treatment-London-6-1024x683.webp ,https:\/\/vitaroma.fi\/wp-content\/uploads\/2025\/07\/RF-Microneedling-Exosome-Therapy-for-Skin-Rejuvenation-Hair-Loss-Treatment-London-6.webp 780w, https:\/\/vitaroma.fi\/wp-content\/uploads\/2025\/07\/RF-Microneedling-Exosome-Therapy-for-Skin-Rejuvenation-Hair-Loss-Treatment-London-6.webp 360w\" sizes=\"auto, (max-width: 480px) 150px\" src=\"https:\/\/vitaroma.fi\/wp-content\/uploads\/2025\/07\/RF-Microneedling-Exosome-Therapy-for-Skin-Rejuvenation-Hair-Loss-Treatment-London-6-1024x683.webp\" alt=\"\" class=\"uag-image-2588\" width=\"564\" height=\"400\" title=\"RF-Microneedling-Exosomterapi-f\u00f6r-hudf\u00f6ryngring-h\u00e5ravfallsbehandling-London-6\" loading=\"lazy\" role=\"img\"\/><\/figure><\/div>\n\n\n\n<div class=\"wp-block-uagb-container uagb-block-xrkfcv1q\">\n<div class=\"wp-block-uagb-info-box uagb-block-amettuy1 uagb-infobox__content-wrap  uagb-infobox-icon-above-title uagb-infobox-image-valign-top\"><div class=\"uagb-ifb-content\"><div class=\"uagb-ifb-title-wrap\"><h3 class=\"uagb-ifb-title\"><strong><strong>Exosombehandlingar \u2013 Cellf\u00f6rnyelse och optimal hudrevitalisering<\/strong><\/strong><\/h3><\/div><p class=\"uagb-ifb-desc\">Exosomterapi \u00e4r en h\u00f6gteknologisk, medicinskt baserad hudv\u00e5rdsmetod som anv\u00e4nder exosomer \u2013 sm\u00e5 men kraftfulla cellul\u00e4ra budb\u00e4rare som inneh\u00e5ller tillv\u00e4xtfaktorer, peptider och proteiner \u2013 f\u00f6r att st\u00f6dja kommunikationen mellan celler. De aktiverar hudens egna reparationsprocesser och f\u00f6rnyar huden p\u00e5 djupet \u2013 utan kirurgi eller l\u00e5nga \u00e5terh\u00e4mtningstider.<br>Behandlingen passar de flesta hudtyper och erbjuder l\u00f6sningar f\u00f6r \u00e5lderstecken, pigmentf\u00f6r\u00e4ndringar, akne, \u00e4rr och gl\u00e5mig och livl\u00f6s hud. Exosomer hj\u00e4lper huden att fungera som ung, frisk hud.<\/p><\/div><\/div>\n<\/div>\n<\/div><\/div>\n<\/div><\/div>\n\n\n\n<div class=\"wp-block-uagb-container uagb-block-onenjlwh alignfull uagb-is-root-container\"><div class=\"uagb-container-inner-blocks-wrap\">\n<div class=\"wp-block-uagb-info-box uagb-block-kdw4sbfe uagb-infobox__content-wrap  uagb-infobox-icon-above-title uagb-infobox-image-valign-top\"><div class=\"uagb-ifb-content\"><div class=\"uagb-ifb-title-wrap\"><h2 class=\"uagb-ifb-title\"><strong><strong>Behandlingsperiod och underh\u00e5ll<\/strong><\/strong><\/h2><\/div><p class=\"uagb-ifb-desc\">F\u00f6r b\u00e4sta resultat rekommenderas en serie p\u00e5 3\u20135 behandlingar med cirka 2\u20134 veckors mellanrum. D\u00e4refter kan behandlingsresultaten uppr\u00e4tth\u00e5llas med individuella behandlingar enligt hudens behov, till exempel 2\u20133 g\u00e5nger per \u00e5r.<br><br><strong>Effekter av exosomterapi:<\/strong><br>Aktiverar cellf\u00f6rnyelse och hudreparation<br>F\u00f6rb\u00e4ttrar kollagen- och elastinproduktionen<br>J\u00e4mnar ut hudton och textur<br>Minskar rynkor och fina linjer<br>Lindrar inflammation och rodnad<br>P\u00e5skyndar l\u00e4kning av \u00e4rr och andra skador<br><br><strong>Kraften \u00e4r baserad p\u00e5 vetenskap:<\/strong><br>Exosomer fungerar som &quot;smarta budb\u00e4rare&quot; som \u00f6verf\u00f6r regenerativa signaler till hudceller. De stimulerar fibroblaster och fr\u00e4mjar hudens egen l\u00e4kningsprocess, vilket syns som sl\u00e4tare, fastare och ljusare hud efter bara n\u00e5gra f\u00e5 behandlingar.<\/p><\/div><\/div>\n\n\n\n<div class=\"wp-block-uagb-info-box uagb-block-6e57ece0 uagb-infobox__content-wrap  uagb-infobox-icon-above-title uagb-infobox-image-valign-top\"><div class=\"uagb-ifb-content\"><div class=\"uagb-ifb-title-wrap\"><h2 class=\"uagb-ifb-title\"><strong><strong>Vem \u00e4r exosomterapi l\u00e4mplig f\u00f6r?<br><\/strong><\/strong><\/h2><\/div><p class=\"uagb-ifb-desc\"><strong>Tecken p\u00e5 \u00e5ldrande<\/strong>fina linjer, f\u00f6rlust av elasticitet, gl\u00e5mighet<br><strong>Pigmentf\u00f6r\u00e4ndringar och oj\u00e4mn ton<\/strong><br><strong>Akneben\u00e4gen eller l\u00e4ttirriterad hud<\/strong>, lindring av rodnad<br><strong>\u00c4rr<\/strong>s\u00e4rskilt \u00e4rr efter akne (mjukare f\u00e4rg\/struktur)<br><strong>F\u00f6rstorade porer<\/strong> och oj\u00e4mn ytstruktur<br><strong>Livl\u00f6s, tr\u00f6tt hud<\/strong>, vem beh\u00f6ver gl\u00f6d och \u00e5terh\u00e4mtning<br><strong>L\u00e5t oss utv\u00e4rdera f\u00f6rst<\/strong>aktiv hudinflammation\/infektion, nyligen genomg\u00e5tt solbr\u00e4nna, starka retinoid- eller syrabehandlingar, graviditet\/amning (fallspecifik bed\u00f6mning).<\/p><\/div><\/div>\n\n\n\n<div class=\"wp-block-uagb-info-box uagb-block-29b83eb8 uagb-infobox__content-wrap  uagb-infobox-icon-above-title uagb-infobox-image-valign-top\"><div class=\"uagb-ifb-content\"><div class=\"uagb-ifb-title-wrap\"><h2 class=\"uagb-ifb-title\"><strong><strong>Hur behandlingen fungerar \u2013 steg f\u00f6r steg (kliniskt protokoll)<br><\/strong><\/strong><\/h2><\/div><p class=\"uagb-ifb-desc\"><strong>Konsultation och hudanalys<\/strong><br>M\u00e5l, hudtyp och eventuella kontraindikationer granskas. Vi f\u00f6rbereder <strong>individuell plan<\/strong> (kombinationer, serier, hemv\u00e5rd).<br><strong>F\u00f6rberedelse<\/strong><br><strong>Dubbel reng\u00f6ring<\/strong> och om n\u00f6dv\u00e4ndigt <strong>mycket l\u00e4tt fj\u00e4llning<\/strong> (enzym\/mild AHA) f\u00f6rb\u00e4ttrar absorptionen av aktiva ingredienser.<br><strong>Aktivering av hudpermeabilitet (valfritt)<\/strong><br>F\u00f6r att f\u00f6rb\u00e4ttra resultaten kan n\u00e5got av f\u00f6ljande anv\u00e4ndas, beroende p\u00e5 hudens behov och k\u00e4nslighet:<br><strong>Hydrafacial\/vattenreng\u00f6ring<\/strong> (djupreng\u00f6ring + infusion),<br><strong>Microneedling (Dermapen 4)<\/strong> p\u00e5 grunt djup \u2013 mikrokanaler <strong>fr\u00e4mja absorption av exosomserum<\/strong>,<br><strong>LED-ljus<\/strong> (r\u00f6d\/NIR) f\u00f6r att st\u00f6dja lugnande och korrigerande signaler.<br><strong>Exosomseruminfusion<\/strong><br>Spridning <strong>EV\/exosombaserat serum<\/strong> till behandlingsomr\u00e5det och masseras\/infunderas enligt protokollet (utan n\u00e5l eller med mikron\u00e5lning med grunt djup, om s\u00e5 valts).<br><strong>St\u00e4ngning och skydd<\/strong><br><strong>\u00c5terfuktande\/lugnande mask<\/strong> l\u00e5s aktiva. Dagtid l\u00e4ggs till <strong>SPF<\/strong>. Du kommer att f\u00e5 <strong>individuella instruktioner f\u00f6r hemv\u00e5rd<\/strong>.<br><strong>Varaktighet<\/strong>vanligtvis <strong>45\u201375 minuter<\/strong> beroende p\u00e5 kombinationerna. \u00c5terg\u00e5 till vardagen omedelbart.<\/p><\/div><\/div>\n\n\n\n<div class=\"wp-block-uagb-image uagb-block-2f209433 wp-block-uagb-image--layout-default wp-block-uagb-image--effect-static wp-block-uagb-image--align-none\"><figure class=\"wp-block-uagb-image__figure\"><img decoding=\"async\" srcset=\"https:\/\/vitaroma.fi\/wp-content\/uploads\/2025\/08\/24-188_25.png ,https:\/\/vitaroma.fi\/wp-content\/uploads\/2025\/08\/24-188_25.png 780w, https:\/\/vitaroma.fi\/wp-content\/uploads\/2025\/08\/24-188_25.png 360w\" sizes=\"auto, (max-width: 480px) 150px\" src=\"https:\/\/vitaroma.fi\/wp-content\/uploads\/2025\/08\/24-188_25.png\" alt=\"\" class=\"uag-image-2694\" width=\"700\" height=\"480\" title=\"24-188_25\" loading=\"lazy\" role=\"img\"\/><\/figure><\/div>\n\n\n\n<div class=\"wp-block-uagb-info-box uagb-block-8c787193 uagb-infobox__content-wrap  uagb-infobox-icon-above-title uagb-infobox-image-valign-top\"><div class=\"uagb-ifb-content\"><div class=\"uagb-ifb-title-wrap\"><h2 class=\"uagb-ifb-title\"><strong><strong>Vad h\u00e4nder i huden \u2013 verkningsmekanismer (i korthet)<br><\/strong><\/strong><\/h2><\/div><p class=\"uagb-ifb-desc\"><strong>Barri\u00e4rf\u00f6rst\u00e4rkning:<\/strong> lipid- och peptidsignaler st\u00f6djer det skyddande lagret \u2192 mindre \u00e5tstramning\/sensibilisering<br><strong>Inflammationskontroll:<\/strong> Rodnad och reaktivitet lugnar ner sig med tiden<br><strong>Rekonstruktion:<\/strong> st\u00f6d f\u00f6r fibroblastfunktion \u2192 <strong>kollagen\/elastin<\/strong> naturlig syntes<br><strong>Kvalitetsf\u00f6rb\u00e4ttring:<\/strong> j\u00e4mnare ton, mjukare yta, &quot;h\u00e4lsosam lyster&quot;\u201c<br><br><\/p><\/div><\/div>\n\n\n\n<div class=\"wp-block-uagb-info-box uagb-block-628c03eb uagb-infobox__content-wrap  uagb-infobox-icon-above-title uagb-infobox-image-valign-top\"><div class=\"uagb-ifb-content\"><div class=\"uagb-ifb-title-wrap\"><h2 class=\"uagb-ifb-title\"><strong><strong>Resultat och tidslinje<br><\/strong><\/strong><\/h2><\/div><p class=\"uagb-ifb-desc\"><strong>Omedelbart:<\/strong> b\u00e4ttre fuktk\u00e4nsla, lugnad och str\u00e5lande hud<br><strong>2\u20136 veckor:<\/strong> j\u00e4mnare ton, mjukare ytstruktur, ljusare utseende<br><strong>6\u201312+ veckor:<\/strong> subtil f\u00f6rb\u00e4ttring av elasticitet och linjer, mjukg\u00f6rande av \u00e4rr\/oj\u00e4mnheter (individuell)<br><\/p><\/div><\/div>\n\n\n\n<div class=\"wp-block-uagb-info-box uagb-block-c2d3ff70 uagb-infobox__content-wrap  uagb-infobox-icon-above-title uagb-infobox-image-valign-top\"><div class=\"uagb-ifb-content\"><div class=\"uagb-ifb-title-wrap\"><h2 class=\"uagb-ifb-title\"><strong><strong>Behandlingsperiod och underh\u00e5ll<br><\/strong><\/strong><\/h2><\/div><p class=\"uagb-ifb-desc\">F\u00f6r b\u00e4sta resultat rekommenderas det <strong>3\u20135 behandlingar<\/strong> <strong>Varannan\u2013var fj\u00e4rde vecka<\/strong>. Underh\u00e5ll <strong>2\u20133 g\u00e5nger om \u00e5ret<\/strong> eller enligt hudens s\u00e4songsf\u00f6r\u00e4ndringar. Genom att kombinera (med r\u00e4tt timing) f\u00f6rb\u00e4ttras reaktionerna:<br><strong>Dermapen 4<\/strong>mikrokanaler f\u00f6rb\u00e4ttrar exosomalt absorption<br><strong>Hydrafacial<\/strong>ren, mottaglig hud f\u00f6re infusion<br><strong>LED-ljus<\/strong>lugnar och st\u00f6djer v\u00e4vnadsregenerering<br><strong>BBL-laser\/kall plasma<\/strong>selektivt, alltid enligt en individuell plan<br><br><\/p><\/div><\/div>\n\n\n\n<div class=\"wp-block-uagb-info-box uagb-block-4f59d7fa uagb-infobox__content-wrap  uagb-infobox-icon-above-title uagb-infobox-image-valign-top\"><div class=\"uagb-ifb-content\"><div class=\"uagb-ifb-title-wrap\"><h2 class=\"uagb-ifb-title\"><strong><strong>F\u00f6re behandling \u2013 f\u00f6rberedelser<br><\/strong><\/strong><\/h2><\/div><p class=\"uagb-ifb-desc\">Paus <strong>retinoider, AHA\/BHA-peeling<\/strong> <strong>3\u20135 dagar<\/strong> f\u00f6re<br>Inga <strong>brun utan sol\/solarium<\/strong> 1\u20132 veckor<br>Anl\u00e4nda <strong>ren hud<\/strong> gynna; raka sig kv\u00e4llen innan<br>Rapportera <strong>mediciner, allergier och tidigare reaktioner<\/strong><br><\/p><\/div><\/div>\n\n\n\n<div class=\"wp-block-uagb-image uagb-block-da7092ce wp-block-uagb-image--layout-default wp-block-uagb-image--effect-static wp-block-uagb-image--align-none\"><figure class=\"wp-block-uagb-image__figure\"><img decoding=\"async\" srcset=\"https:\/\/vitaroma.fi\/wp-content\/uploads\/2025\/08\/670e592d244fae7c3bdeb15c_Kep34-1024x773.jpg ,https:\/\/vitaroma.fi\/wp-content\/uploads\/2025\/08\/670e592d244fae7c3bdeb15c_Kep34.jpg 780w, https:\/\/vitaroma.fi\/wp-content\/uploads\/2025\/08\/670e592d244fae7c3bdeb15c_Kep34.jpg 360w\" sizes=\"auto, (max-width: 480px) 150px\" src=\"https:\/\/vitaroma.fi\/wp-content\/uploads\/2025\/08\/670e592d244fae7c3bdeb15c_Kep34-1024x773.jpg\" alt=\"\" class=\"uag-image-2693\" width=\"1920\" height=\"1450\" title=\"670e592d244fae7c3bdeb15c_K\u00e9p34\" loading=\"lazy\" role=\"img\"\/><\/figure><\/div>\n\n\n\n<div class=\"wp-block-uagb-info-box uagb-block-fcde575d uagb-infobox__content-wrap  uagb-infobox-icon-above-title uagb-infobox-image-valign-top\"><div class=\"uagb-ifb-content\"><div class=\"uagb-ifb-title-wrap\"><h2 class=\"uagb-ifb-title\"><strong><strong>Efterbehandling \u2013 efterv\u00e5rd<br><\/strong><\/strong><\/h2><\/div><p class=\"uagb-ifb-desc\"><strong>SPF 30\u201350<\/strong> dagligen; undvik direkt solljus <strong>1\u20132 veckor<\/strong><br><strong>Inga starka peelingar\/retinoider<\/strong> 3\u20135 dagar<br>Skonsam reng\u00f6ring + <strong>\u00e5terfuktande, barri\u00e4rst\u00f6djande<\/strong> hemv\u00e5rd (hyaluronsyra, panthenol, ceramider)<br>L\u00e4tt rodnad m\u00f6jlig i 0\u201324 timmar; applicera smink n\u00e4r huden k\u00e4nns bekv\u00e4m<\/p><\/div><\/div>\n\n\n\n<div class=\"wp-block-uagb-info-box uagb-block-dd49f3e7 uagb-infobox__content-wrap  uagb-infobox-icon-above-title uagb-infobox-image-valign-top\"><div class=\"uagb-ifb-content\"><div class=\"uagb-ifb-title-wrap\"><h2 class=\"uagb-ifb-title\"><strong><strong>Vanliga fr\u00e5gor (FAQ)<br><\/strong><\/strong><\/h2><\/div><p class=\"uagb-ifb-desc\"><strong>\u00c4r exosomterapi s\u00e4ker?<\/strong><br>Utformad f\u00f6r kosmetiskt bruk, <strong>cellfria EV\/exosomformuleringar<\/strong> \u00e4r sterila och kvalitetskontrollerade. Vi utv\u00e4rderar alltid <strong>individuella kontraindikationer<\/strong>.<br><strong>\u00c4r behandlingen n\u00e5lfri?<\/strong><br>Ja \u2013 exosomer kan vara <strong>infundera utan n\u00e5l<\/strong>. Om s\u00e5 \u00f6nskas <strong>mikron\u00e5lning<\/strong> kan kombineras p\u00e5 grunt djup f\u00f6r att f\u00f6rb\u00e4ttra absorptionen.<br><strong>N\u00e4r kommer jag att se resultaten?<\/strong><br>Ofta <strong>efter den f\u00f6rsta behandlingen<\/strong> Gl\u00f6d och utj\u00e4mning \u00e4r synliga; fler strukturella f\u00f6r\u00e4ndringar utvecklas <strong>inom n\u00e5gra veckor<\/strong> i seriebehandling.<br><strong>Kan behandlingen kombineras med andra tj\u00e4nster?<\/strong><br>Ja; vi planerar <strong>ett s\u00e4kert schema<\/strong> (t.ex. Dermapen 4, Hydrafacial, LED, BBL, kall plasma).<br><strong>\u00c4r den l\u00e4mplig f\u00f6r k\u00e4nslig hud?<\/strong><br>Ofta ja, eftersom vi planerar <strong>barri\u00e4rst\u00f6djande protokoll<\/strong>. Efter aktiva utslag\/behandlingar med apparater kommer tidpunkten att \u00f6verenskommas.<\/p><\/div><\/div>\n\n\n\n<div class=\"wp-block-uagb-info-box uagb-block-98135f7a uagb-infobox__content-wrap  uagb-infobox-icon-above-title uagb-infobox-image-valign-top\"><div class=\"uagb-ifb-content\"><div class=\"uagb-ifb-title-wrap\"><h2 class=\"uagb-ifb-title\"><strong><strong>Varf\u00f6r v\u00e4lja Vitaroma?<br><\/strong><\/strong><\/h2><\/div><p class=\"uagb-ifb-desc\"><strong>Anpassade protokoll<\/strong>hudanalys, r\u00e4tt kombinationer och realistiska m\u00e5l<br><strong>Icke-invasiv v\u00e4g<\/strong> mot <strong>mer balanserad, ljusare och mer motst\u00e5ndskraftig<\/strong> hud<br><strong>Tydliga instruktioner f\u00f6r hemv\u00e5rd<\/strong> och \u00f6vervakning \u2013 f\u00f6r att uppr\u00e4tth\u00e5lla resultaten<br><strong>Boka tid f\u00f6r exosomterapi \u2192<\/strong><br><br><\/p><\/div><\/div>\n<\/div><\/div>\n\n\n\n<div class=\"wp-block-uagb-container uagb-block-9caa1a47 alignfull uagb-is-root-container\"><div class=\"uagb-container-inner-blocks-wrap\">\n<div class=\"wp-block-uagb-advanced-heading uagb-block-1ed0e64e\"><div class=\"uagb-heading-text\">L\u00e5t oss hj\u00e4lpa till.<\/div><\/div>\n\n\n\n<div class=\"wp-block-uagb-advanced-heading uagb-block-3a57683f\"><h2 class=\"uagb-heading-text\">Kontakta oss<\/h2><\/div>\n\n\n\n<div class=\"wp-block-uagb-buttons uagb-buttons__outer-wrap uagb-btn__default-btn uagb-btn-tablet__default-btn uagb-btn-mobile__default-btn uagb-block-9979be0d\"><div class=\"uagb-buttons__wrap uagb-buttons-layout-wrap\">\n<div class=\"wp-block-uagb-buttons-child uagb-buttons__outer-wrap uagb-block-84fd34e5 wp-block-button\"><div class=\"uagb-button__wrapper\"><a class=\"uagb-buttons-repeater wp-block-button__link\" aria-label=\"\" href=\"https:\/\/timma.fi\/yritys\/kauneuskeskus-vitaroma\" rel=\"follow noopener\" target=\"_self\" role=\"button\"><div class=\"uagb-button__link\">Boka en tid<\/div><\/a><\/div><\/div>\n<\/div><\/div>\n\n\n\n<div class=\"wp-block-uagb-buttons uagb-buttons__outer-wrap uagb-btn__default-btn uagb-btn-tablet__default-btn uagb-btn-mobile__default-btn uagb-block-f7add131\"><div class=\"uagb-buttons__wrap uagb-buttons-layout-wrap\">\n<div class=\"wp-block-uagb-buttons-child uagb-buttons__outer-wrap uagb-block-0c11dd62 wp-block-button\"><div class=\"uagb-button__wrapper\"><a class=\"uagb-buttons-repeater wp-block-button__link\" aria-label=\"\" href=\"https:\/\/vitaroma.fi\/sv\/kontakta-oss\/\" rel=\"follow noopener\" target=\"_self\" role=\"button\"><div class=\"uagb-button__link\">Kontakta oss<\/div><\/a><\/div><\/div>\n<\/div><\/div>\n\n\n\n<div class=\"wp-block-uagb-buttons uagb-buttons__outer-wrap uagb-btn__default-btn uagb-btn-tablet__default-btn uagb-btn-mobile__default-btn uagb-block-69da2b3b\"><div class=\"uagb-buttons__wrap uagb-buttons-layout-wrap\">\n<div class=\"wp-block-uagb-buttons-child uagb-buttons__outer-wrap uagb-block-1018754e wp-block-button\"><div class=\"uagb-button__wrapper\"><a class=\"uagb-buttons-repeater wp-block-button__link\" aria-label=\"\" href=\"https:\/\/vitaroma.fi\/sv\/information-om-oss\/\" rel=\"follow noopener\" target=\"_self\" role=\"button\"><div class=\"uagb-button__link\">Om oss<\/div><\/a><\/div><\/div>\n<\/div><\/div>\n\n\n\n<div class=\"wp-block-uagb-advanced-heading uagb-block-838a0a13\"><div class=\"uagb-separator\"><\/div><h3 class=\"uagb-heading-text\">Gratis r\u00e5d? 050 365 2103<\/h3><\/div>\n\n\n\n<!-- Font Awesome CDN -->\n<link rel=\"stylesheet\" href=\"https:\/\/cdnjs.cloudflare.com\/ajax\/libs\/font-awesome\/6.4.0\/css\/all.min.css\">\n\n<div class=\"social-links\">\n  <a href=\"https:\/\/www.instagram.com\/kauneuskeskusvitaroma_clinic\/\" target=\"_blank\" rel=\"noopener\" class=\"instagram\">\n    <i class=\"fab fa-instagram\"><\/i> Sk\u00f6nhetscenter Vitaroma\n  <\/a>\n  <a href=\"https:\/\/www.facebook.com\/61567042467466\/about\/\" target=\"_blank\" rel=\"noopener\" class=\"facebook\">\n    <i class=\"fab fa-facebook\"><\/i> Sk\u00f6nhetscenter Vitaroma\n  <\/a>\n<\/div>\n\n<style>\n  .social-links {\n    display: flex;\n    justify-content: center;\n    gap: 20px;\n    margin-top: 10px;\n  }\n\n  .social-links a {\n    display: flex;\n    align-items: center;\n    gap: 10px;\n    padding: 12px 20px;\n    font-size: 18px;\n    font-weight: 600;\n    text-decoration: none;\n    color: #fff;\n    background: rgba(0, 0, 0, 0.35);\n    border: 2px solid rgba(255, 255, 255, 0.5);\n    border-radius: 8px;\n    transition: all 0.3s ease;\n    box-shadow: 0 3px 8px rgba(0, 0, 0, 0.2);\n    backdrop-filter: blur(5px);\n  }\n\n  .social-links a i {\n    font-size: 22px;\n  }\n\n  \/* Hover efektleri *\/\n  .social-links a.instagram:hover {\n    background: #E1306C;\n    color: #fff;\n    border-color: #E1306C;\n  }\n\n  .social-links a.facebook:hover {\n    background: #1877F2;\n    color: #fff;\n    border-color: #1877F2;\n  }\n<\/style>\n\n<\/div><\/div>","protected":false},"excerpt":{"rendered":"<p>Exosomterapier<\/p>","protected":false},"author":2,"featured_media":0,"parent":0,"menu_order":0,"comment_status":"closed","ping_status":"closed","template":"","meta":{"_surecart_dashboard_logo_width":"180px","_surecart_dashboard_show_logo":true,"_surecart_dashboard_navigation_orders":true,"_surecart_dashboard_navigation_invoices":true,"_surecart_dashboard_navigation_subscriptions":true,"_surecart_dashboard_navigation_downloads":true,"_surecart_dashboard_navigation_billing":true,"_surecart_dashboard_navigation_account":true,"_uag_custom_page_level_css":"","site-sidebar-layout":"default","site-content-layout":"","ast-site-content-layout":"default","site-content-style":"default","site-sidebar-style":"default","ast-global-header-display":"","ast-banner-title-visibility":"","ast-main-header-display":"","ast-hfb-above-header-display":"","ast-hfb-below-header-display":"","ast-hfb-mobile-header-display":"","site-post-title":"disabled","ast-breadcrumbs-content":"","ast-featured-img":"","footer-sml-layout":"","ast-disable-related-posts":"","theme-transparent-header-meta":"","adv-header-id-meta":"","stick-header-meta":"","header-above-stick-meta":"","header-main-stick-meta":"","header-below-stick-meta":"","astra-migrate-meta-layouts":"set","ast-page-background-enabled":"default","ast-page-background-meta":{"desktop":{"background-color":"var(--ast-global-color-4)","background-image":"","background-repeat":"repeat","background-position":"center center","background-size":"auto","background-attachment":"scroll","background-type":"","background-media":"","overlay-type":"","overlay-color":"","overlay-opacity":"","overlay-gradient":""},"tablet":{"background-color":"","background-image":"","background-repeat":"repeat","background-position":"center center","background-size":"auto","background-attachment":"scroll","background-type":"","background-media":"","overlay-type":"","overlay-color":"","overlay-opacity":"","overlay-gradient":""},"mobile":{"background-color":"","background-image":"","background-repeat":"repeat","background-position":"center center","background-size":"auto","background-attachment":"scroll","background-type":"","background-media":"","overlay-type":"","overlay-color":"","overlay-opacity":"","overlay-gradient":""}},"ast-content-background-meta":{"desktop":{"background-color":"var(--ast-global-color-5)","background-image":"","background-repeat":"repeat","background-position":"center center","background-size":"auto","background-attachment":"scroll","background-type":"","background-media":"","overlay-type":"","overlay-color":"","overlay-opacity":"","overlay-gradient":""},"tablet":{"background-color":"var(--ast-global-color-5)","background-image":"","background-repeat":"repeat","background-position":"center center","background-size":"auto","background-attachment":"scroll","background-type":"","background-media":"","overlay-type":"","overlay-color":"","overlay-opacity":"","overlay-gradient":""},"mobile":{"background-color":"var(--ast-global-color-5)","background-image":"","background-repeat":"repeat","background-position":"center center","background-size":"auto","background-attachment":"scroll","background-type":"","background-media":"","overlay-type":"","overlay-color":"","overlay-opacity":"","overlay-gradient":""}},"footnotes":""},"class_list":["post-2577","page","type-page","status-publish","hentry"],"uagb_featured_image_src":{"full":false,"thumbnail":false,"medium":false,"medium_large":false,"large":false,"1536x1536":false,"2048x2048":false,"trp-custom-language-flag":false,"woocommerce_thumbnail":false,"woocommerce_single":false,"woocommerce_gallery_thumbnail":false},"uagb_author_info":{"display_name":"vitaroma.fi","author_link":"https:\/\/vitaroma.fi\/sv\/author\/vitaroma-fi\/"},"uagb_comment_info":0,"uagb_excerpt":"Eksosomihoidot","_links":{"self":[{"href":"https:\/\/vitaroma.fi\/sv\/wp-json\/wp\/v2\/pages\/2577","targetHints":{"allow":["GET"]}}],"collection":[{"href":"https:\/\/vitaroma.fi\/sv\/wp-json\/wp\/v2\/pages"}],"about":[{"href":"https:\/\/vitaroma.fi\/sv\/wp-json\/wp\/v2\/types\/page"}],"author":[{"embeddable":true,"href":"https:\/\/vitaroma.fi\/sv\/wp-json\/wp\/v2\/users\/2"}],"replies":[{"embeddable":true,"href":"https:\/\/vitaroma.fi\/sv\/wp-json\/wp\/v2\/comments?post=2577"}],"version-history":[{"count":6,"href":"https:\/\/vitaroma.fi\/sv\/wp-json\/wp\/v2\/pages\/2577\/revisions"}],"predecessor-version":[{"id":2695,"href":"https:\/\/vitaroma.fi\/sv\/wp-json\/wp\/v2\/pages\/2577\/revisions\/2695"}],"wp:attachment":[{"href":"https:\/\/vitaroma.fi\/sv\/wp-json\/wp\/v2\/media?parent=2577"}],"curies":[{"name":"wp","href":"https:\/\/api.w.org\/{rel}","templated":true}]}}