{"id":2457,"date":"2025-05-04T22:26:33","date_gmt":"2025-05-04T20:26:33","guid":{"rendered":"https:\/\/vitaroma.fi\/?page_id=2457"},"modified":"2025-08-28T17:32:30","modified_gmt":"2025-08-28T15:32:30","slug":"dermalux","status":"publish","type":"page","link":"https:\/\/vitaroma.fi\/sv\/dermalux\/","title":{"rendered":"DERMALUX"},"content":{"rendered":"<div class=\"wp-block-uagb-container uagb-block-5451af51 alignfull uagb-is-root-container\"><div class=\"uagb-container-inner-blocks-wrap\">\n<div class=\"wp-block-uagb-advanced-heading uagb-block-f45ed1f8\"><h1 class=\"uagb-heading-text\">DERMALUX<\/h1><\/div>\n<\/div><\/div>\n\n\n\n<div class=\"wp-block-uagb-container uagb-block-wlmazrwo alignfull uagb-is-root-container\"><div class=\"uagb-container-inner-blocks-wrap\">\n<div class=\"wp-block-uagb-container uagb-block-0btjzulc alignfull uagb-is-root-container\"><div class=\"uagb-container-inner-blocks-wrap\">\n<div class=\"wp-block-uagb-image alignleft uagb-block-6xnwaqpe wp-block-uagb-image--layout-default wp-block-uagb-image--effect-static wp-block-uagb-image--align-left\"><figure class=\"wp-block-uagb-image__figure\"><img decoding=\"async\" srcset=\"https:\/\/vitaroma.fi\/wp-content\/uploads\/2025\/04\/Adsiz7-1024x576.png ,https:\/\/vitaroma.fi\/wp-content\/uploads\/2025\/04\/Adsiz7.png 780w, https:\/\/vitaroma.fi\/wp-content\/uploads\/2025\/04\/Adsiz7.png 360w\" sizes=\"auto, (max-width: 480px) 150px\" src=\"https:\/\/vitaroma.fi\/wp-content\/uploads\/2025\/04\/Adsiz7-1024x576.png\" alt=\"BBL ljusterapi\" class=\"uag-image-2099\" width=\"564\" height=\"400\" title=\"BBL ljusterapi\" loading=\"lazy\" role=\"img\"\/><\/figure><\/div>\n\n\n\n<div class=\"wp-block-uagb-container uagb-block-xrkfcv1q\">\n<div class=\"wp-block-uagb-info-box uagb-block-amettuy1 uagb-infobox__content-wrap  uagb-infobox-icon-above-title uagb-infobox-image-valign-top\"><div class=\"uagb-ifb-content\"><div class=\"uagb-ifb-title-wrap\"><h3 class=\"uagb-ifb-title\"><strong>Dermalux LED-ljusterapi \u2013 Hudregenererande och hudv\u00e5rdande ljusenergi<\/strong><\/h3><\/div><p class=\"uagb-ifb-desc\">Dermalux LED-ljusterapi \u00e4r en s\u00e4ker, sm\u00e4rtfri och icke-invasiv behandling som anv\u00e4nder kliniskt testad ljusenergi f\u00f6r att st\u00f6dja hudens naturliga f\u00f6rnyelse och reparation \u2013 utan \u00e5terh\u00e4mtningstid.<br>Behandlingen passar n\u00e4stan alla hudtyper och erbjuder hj\u00e4lp med m\u00e5nga hudproblem. Den lugnar irriterad hud, balanserar dess funktioner och \u00e5terst\u00e4ller dess naturliga lyster redan fr\u00e5n f\u00f6rsta anv\u00e4ndningen.<\/p><\/div><\/div>\n<\/div>\n<\/div><\/div>\n<\/div><\/div>\n\n\n\n<div class=\"wp-block-uagb-container uagb-block-onenjlwh alignfull uagb-is-root-container\"><div class=\"uagb-container-inner-blocks-wrap\">\n<div class=\"wp-block-uagb-info-box uagb-block-kdw4sbfe uagb-infobox__content-wrap  uagb-infobox-icon-above-title uagb-infobox-image-valign-top\"><div class=\"uagb-ifb-content\"><div class=\"uagb-ifb-title-wrap\"><h2 class=\"uagb-ifb-title\"><strong>Hur fungerar Dermalux?<br><\/strong><\/h2><\/div><p class=\"uagb-ifb-desc\">LED-ljus aktiveras p\u00e5 huden <strong>fotobiomodulering<\/strong>: ljusenergi absorberas av m\u00e5lmolekylerna och <strong>modulerar cellmetabolism, kommunikation och inflammatoriska reaktioner<\/strong>.<br><strong>Bl\u00e5 415nm<\/strong> riktar sig mot porfyrinerna i aknebakterier (Cutibacterium acnes) \u2192 produceras <strong>reaktiva syrearter<\/strong>, vilket f\u00f6rsvagar bakteriens livskraft och bidrar till att lugna inflammationen. <br><strong>R\u00f6d 633nm<\/strong> fr\u00e4mja <strong>fibroblaster<\/strong> funktion och kollagenbildning, vilket f\u00f6rb\u00e4ttrar hudens struktur och sl\u00e4thet. <br><strong>N\u00e4ra infrar\u00f6tt 830 nm<\/strong> penetrerar djupare in i v\u00e4vnaden och st\u00f6djer <strong>minskning av inflammation och v\u00e4vnads\u00e5terh\u00e4mtning<\/strong>.<br>Dermalux-behandlingar \u00e4r <strong>icke-termisk<\/strong> (v\u00e4rmer inte upp v\u00e4vnad som laser\/IPL) och <strong>l\u00e4mplig f\u00f6r alla hudtyper<\/strong> \u00e5ret runt. <a href=\"https:\/\/dermaluxled.com\/led-phototherapy-common-questions\/?utm_source=chatgpt.com\" target=\"_blank\" rel=\"noreferrer noopener\"><\/a><\/p><\/div><\/div>\n\n\n\n<div class=\"wp-block-uagb-info-box uagb-block-6f18b7a4 uagb-infobox__content-wrap  uagb-infobox-icon-above-title uagb-infobox-image-valign-top\"><div class=\"uagb-ifb-content\"><div class=\"uagb-ifb-title-wrap\"><h2 class=\"uagb-ifb-title\"><strong>Vad hj\u00e4lper Dermalux med?<br><\/strong><\/h2><\/div><p class=\"uagb-ifb-desc\"><strong>Acne<\/strong> och inflammatoriska f\u00f6roreningar (bl\u00e5 + r\u00f6d)<br><strong>Rodnad, couperos och irriterad hud<\/strong> (r\u00f6d + NIR)<br><strong>\u00c5ldersrelaterade f\u00f6r\u00e4ndringar i huden:<\/strong> fina linjer, gl\u00e5mig hud, f\u00f6rlust av elasticitet (r\u00f6d + NIR)<br><strong>J\u00e4mnar ut hudton och textur<\/strong>, &quot;h\u00e4lsosam gl\u00f6d&quot;\u201c<br><strong>Lugnande st\u00f6d f\u00f6r s\u00e5r och irriterad hud<\/strong> (NIR)<br>Obs: Effekt och behandlingspaket \u00e4r alltid anpassade. <strong>hudanalys<\/strong> (Effekten av LED-kombinationer vid hudf\u00f6ryngring har rapporterats i kontrollerade studier i intervallet 633\/830 nm.) <a href=\"https:\/\/www.sciencedirect.com\/science\/article\/pii\/S1011134407000632?utm_source=chatgpt.com\" target=\"_blank\" rel=\"noreferrer noopener\"><\/a><\/p><\/div><\/div>\n\n\n\n<div class=\"wp-block-uagb-info-box uagb-block-ffaf723f uagb-infobox__content-wrap  uagb-infobox-icon-above-title uagb-infobox-image-valign-top\"><div class=\"uagb-ifb-content\"><div class=\"uagb-ifb-title-wrap\"><h2 class=\"uagb-ifb-title\"><strong>Ljusets v\u00e5gl\u00e4ngder och deras effekter<br><\/strong><\/h2><\/div><p class=\"uagb-ifb-desc\"><strong>Bl\u00e5 (415nm):<\/strong> aknebakterier porfyriner \u2192 <strong>antimikrobiell<\/strong> effekt; lindrar inflammation. <br><strong>R\u00f6d (633 nm):<\/strong> <strong>kollagensyntes<\/strong> st\u00f6d, uppljusning, ytj\u00e4mnhet. <br><strong>N\u00e4ra infrar\u00f6tt (830 nm):<\/strong> <strong>antiinflammatorisk<\/strong>, fr\u00e4mja <strong>v\u00e4vnadsregenerering<\/strong> och en djupare niv\u00e5 av komfort. <a href=\"https:\/\/pmc.ncbi.nlm.nih.gov\/articles\/PMC11049838\/?utm_source=chatgpt.com\" target=\"_blank\" rel=\"noreferrer noopener\"><\/a><\/p><\/div><\/div>\n\n\n\n<div class=\"wp-block-uagb-image uagb-block-50f394aa wp-block-uagb-image--layout-default wp-block-uagb-image--effect-static wp-block-uagb-image--align-none\"><figure class=\"wp-block-uagb-image__figure\"><img decoding=\"async\" srcset=\"https:\/\/vitaroma.fi\/wp-content\/uploads\/2025\/08\/Flex-MD-Treatment-Lifestyle-1024x1024.jpg ,https:\/\/vitaroma.fi\/wp-content\/uploads\/2025\/08\/Flex-MD-Treatment-Lifestyle.jpg 780w, https:\/\/vitaroma.fi\/wp-content\/uploads\/2025\/08\/Flex-MD-Treatment-Lifestyle.jpg 360w\" sizes=\"auto, (max-width: 480px) 150px\" src=\"https:\/\/vitaroma.fi\/wp-content\/uploads\/2025\/08\/Flex-MD-Treatment-Lifestyle-1024x1024.jpg\" alt=\"\" class=\"uag-image-2708\" width=\"1080\" height=\"1080\" title=\"Flex-MD-behandling-livsstil\" loading=\"lazy\" role=\"img\"\/><\/figure><\/div>\n\n\n\n<div class=\"wp-block-uagb-info-box uagb-block-f7ac1f10 uagb-infobox__content-wrap  uagb-infobox-icon-above-title uagb-infobox-image-valign-top\"><div class=\"uagb-ifb-content\"><div class=\"uagb-ifb-title-wrap\"><h2 class=\"uagb-ifb-title\"><strong>Behandlingsbes\u00f6k och protokoll<br><\/strong><\/h2><\/div><p class=\"uagb-ifb-desc\"><strong>Hudanalys och plan<\/strong> \u2013 v\u00e4lj v\u00e5gl\u00e4ngder och program (enkel eller kombination).<br><strong>F\u00f6rberedelse<\/strong> \u2013 huden reng\u00f6rs; skyddsglas\u00f6gon s\u00e4tts p\u00e5.<br><strong>LED-belysning<\/strong> \u2013 enheten \u00e4r placerad p\u00e5 ett optimalt avst\u00e5nd; <strong>1\u201320 minuter<\/strong> beroende p\u00e5 programmet.<br><strong>Avsluta<\/strong> \u2013 lugnande och \u00e5terfuktande produkter, under dagen <strong>SPF<\/strong>.<br>Behandlingstiden anges vanligtvis i de tekniska specifikationerna f\u00f6r Dermalux-system. <strong>1\u201320 minuter<\/strong>, och enheterna anv\u00e4nder bara <strong>415\/633\/830nm<\/strong> v\u00e5gl\u00e4ngder. <a href=\"https:\/\/dermaluxled.com\/tri-wave-md-led\/?utm_source=chatgpt.com\" target=\"_blank\" rel=\"noreferrer noopener\"><\/a><a href=\"https:\/\/pmc.ncbi.nlm.nih.gov\/articles\/PMC11049838\/?utm_source=chatgpt.com\" target=\"_blank\" rel=\"noreferrer noopener\"><\/a><\/p><\/div><\/div>\n\n\n\n<div class=\"wp-block-uagb-info-box uagb-block-bef938f6 uagb-infobox__content-wrap  uagb-infobox-icon-above-title uagb-infobox-image-valign-top\"><div class=\"uagb-ifb-content\"><div class=\"uagb-ifb-title-wrap\"><h2 class=\"uagb-ifb-title\"><strong>Behandlingsperiod och underh\u00e5ll<br><\/strong><\/h2><\/div><p class=\"uagb-ifb-desc\">Du kommer att f\u00e5 den b\u00e4sta effekten <strong>10\u201312 under den initiala behandlingsperioden<\/strong> (t.ex. 2\u20133 g\u00e5nger i veckan), varefter <strong>underh\u00e5ll<\/strong> vid behov (t.ex. varannan\u2013var fj\u00e4rde vecka eller s\u00e4songsvis). Dermalux publicerar \u00e4ven <strong>resultatgallerier<\/strong> med typiska kombinationer (Bl\u00e5\/R\u00f6d\/NIR). <a href=\"https:\/\/dermaluxled.com\/led-treatment-results\/?utm_source=chatgpt.com\" target=\"_blank\" rel=\"noreferrer noopener\"><\/a><a href=\"https:\/\/dermaluxled.com\/tri-wave-md-led\/?utm_source=chatgpt.com\" target=\"_blank\" rel=\"noreferrer noopener\"><\/a><a href=\"https:\/\/pmc.ncbi.nlm.nih.gov\/articles\/PMC11049838\/?utm_source=chatgpt.com\" target=\"_blank\" rel=\"noreferrer noopener\"><\/a><\/p><\/div><\/div>\n\n\n\n<div class=\"wp-block-uagb-info-box uagb-block-0e64e8e7 uagb-infobox__content-wrap  uagb-infobox-icon-above-title uagb-infobox-image-valign-top\"><div class=\"uagb-ifb-content\"><div class=\"uagb-ifb-title-wrap\"><h2 class=\"uagb-ifb-title\"><strong>Kombinationer (boostar med r\u00e4tt timing)<br><\/strong><\/h2><\/div><p class=\"uagb-ifb-desc\"><strong>Hydrafacial \/ l\u00e4tt peeling:<\/strong> reng\u00f6r och f\u00f6rb\u00e4ttrar ljusmottagningen<br><strong>Dermapen 4 (grunt djup):<\/strong> LED-st\u00f6djande v\u00e4vnadsrespons omedelbart\/efter behandling<br><strong>BBL-laser\/kall plasma:<\/strong> LED lugnar och st\u00f6djer \u00e5terh\u00e4mtning<br>Ordningen och tidpunkten f\u00f6r kombinationerna best\u00e4ms <strong>professionell<\/strong> med.<a href=\"https:\/\/dermaluxled.com\/led-treatment-results\/?utm_source=chatgpt.com\" target=\"_blank\" rel=\"noreferrer noopener\"><\/a><a href=\"https:\/\/dermaluxled.com\/tri-wave-md-led\/?utm_source=chatgpt.com\" target=\"_blank\" rel=\"noreferrer noopener\"><\/a><a href=\"https:\/\/pmc.ncbi.nlm.nih.gov\/articles\/PMC11049838\/?utm_source=chatgpt.com\" target=\"_blank\" rel=\"noreferrer noopener\"><\/a><\/p><\/div><\/div>\n\n\n\n<div class=\"wp-block-uagb-info-box uagb-block-042db52d uagb-infobox__content-wrap  uagb-infobox-icon-above-title uagb-infobox-image-valign-top\"><div class=\"uagb-ifb-content\"><div class=\"uagb-ifb-title-wrap\"><h2 class=\"uagb-ifb-title\"><strong>F\u00f6re behandling<br><\/strong><\/h2><\/div><p class=\"uagb-ifb-desc\">Inga <strong>ny solbr\u00e4nna\/brun utan sol<\/strong> p\u00e5 behandlingsdagen<br>Paus <strong>starka AHA\/BHA-peelingar<\/strong> med mycket reaktiv hud <strong>1\u20133 dagar<\/strong><br>Anl\u00e4nda <strong>ren hud<\/strong> sn\u00e4lla; ber\u00e4tta om dina mediciner och k\u00e4nsligheter<br>Efter behandling<br><strong>SPF 30\u201350<\/strong> dagligen; undvik direkt solljus <strong>1\u20132 veckor<\/strong> under den aktiva perioden<br>Skonsam reng\u00f6ring + <strong>\u00e5terfuktande<\/strong> hemv\u00e5rd; smink n\u00e4r huden k\u00e4nns bekv\u00e4m<br>LED \u00e4r vanligtvis <strong>nollrisk<\/strong> n\u00e4r det g\u00e4ller att \u00e5terg\u00e5 till vardagen (ingen \u00e5terh\u00e4mtningstid)<br>Kontraindikationer (\u00f6verv\u00e4g med en expert)<br>Ljusk\u00e4nslighetssyndrom, vissa <strong>fotosensibiliseringsmedel<\/strong>, aktiv <strong>dermatit<\/strong> eller <strong>infektion<\/strong> i behandlingsomr\u00e5det, misst\u00e4nkt malign hudf\u00f6r\u00e4ndring; graviditets-\/amningsperioden b\u00f6r beaktas individuellt.<a href=\"https:\/\/dermaluxled.com\/led-treatment-results\/?utm_source=chatgpt.com\" target=\"_blank\" rel=\"noreferrer noopener\"><\/a><a href=\"https:\/\/dermaluxled.com\/tri-wave-md-led\/?utm_source=chatgpt.com\" target=\"_blank\" rel=\"noreferrer noopener\"><\/a><a href=\"https:\/\/pmc.ncbi.nlm.nih.gov\/articles\/PMC11049838\/?utm_source=chatgpt.com\" target=\"_blank\" rel=\"noreferrer noopener\"><\/a><\/p><\/div><\/div>\n\n\n\n<div class=\"wp-block-uagb-image uagb-block-80f6c2b6 wp-block-uagb-image--layout-default wp-block-uagb-image--effect-static wp-block-uagb-image--align-none\"><figure class=\"wp-block-uagb-image__figure\"><img decoding=\"async\" srcset=\"https:\/\/vitaroma.fi\/wp-content\/uploads\/2025\/08\/led-1.png ,https:\/\/vitaroma.fi\/wp-content\/uploads\/2025\/08\/led-1.png 780w, https:\/\/vitaroma.fi\/wp-content\/uploads\/2025\/08\/led-1.png 360w\" sizes=\"auto, (max-width: 480px) 150px\" src=\"https:\/\/vitaroma.fi\/wp-content\/uploads\/2025\/08\/led-1.png\" alt=\"\" class=\"uag-image-2709\" width=\"500\" height=\"500\" title=\"led-1\" loading=\"lazy\" role=\"img\"\/><\/figure><\/div>\n\n\n\n<div class=\"wp-block-uagb-info-box uagb-block-f59c5ec6 uagb-infobox__content-wrap  uagb-infobox-icon-above-title uagb-infobox-image-valign-top\"><div class=\"uagb-ifb-content\"><div class=\"uagb-ifb-title-wrap\"><h2 class=\"uagb-ifb-title\"><strong>Vanliga fr\u00e5gor (FAQ)<br><\/strong><\/h2><\/div><p class=\"uagb-ifb-desc\"><strong>G\u00f6r LED-behandling ont?<\/strong><br>Nej \u2013 behandlingen \u00e4r <strong>sm\u00e4rtfri och avslappnande<\/strong> (k\u00e4nns behagligt varmt).<br><strong>N\u00e4r kommer jag att se resultaten?<\/strong><br>M\u00e5nga erfarenheter <strong>lugnande och gl\u00f6dande<\/strong> omedelbart; fler strukturella f\u00f6r\u00e4ndringar p\u00e5g\u00e5r <strong>veckor<\/strong> under serien.<br><strong>Kan jag f\u00e5 behandlingen p\u00e5 sommaren?<\/strong><br>Ja, LED skadar inte huden. <strong>SPF<\/strong> det rekommenderas dock alltid.<br><strong>\u00c4r den l\u00e4mplig f\u00f6r min hud?<\/strong><br>Generellt sett ja \u2013 belysningsprogrammet \u00e4r anpassat <strong>hudtyp och m\u00e5l<\/strong> av.<a href=\"https:\/\/dermaluxled.com\/led-treatment-results\/?utm_source=chatgpt.com\" target=\"_blank\" rel=\"noreferrer noopener\"><\/a><a href=\"https:\/\/dermaluxled.com\/tri-wave-md-led\/?utm_source=chatgpt.com\" target=\"_blank\" rel=\"noreferrer noopener\"><\/a><a href=\"https:\/\/pmc.ncbi.nlm.nih.gov\/articles\/PMC11049838\/?utm_source=chatgpt.com\" target=\"_blank\" rel=\"noreferrer noopener\"><\/a><\/p><\/div><\/div>\n\n\n\n<div class=\"wp-block-uagb-info-box uagb-block-9ffe1ec3 uagb-infobox__content-wrap  uagb-infobox-icon-above-title uagb-infobox-image-valign-top\"><div class=\"uagb-ifb-content\"><div class=\"uagb-ifb-title-wrap\"><h2 class=\"uagb-ifb-title\"><strong>Varf\u00f6r v\u00e4lja Vitaroma?<br><\/strong><\/h2><\/div><p class=\"uagb-ifb-desc\"><strong>Dermalux Tri-Wave<\/strong> -teknologi: <strong>415\/633\/830nm<\/strong> kliniskt testade v\u00e5gl\u00e4ngder<br><strong>Individuella protokoll<\/strong>noggrann hudanalys och kombinationsplanering<br><strong>Noll \u00e5terh\u00e4mtningstid<\/strong> och tydlig <strong>instruktioner f\u00f6r hemv\u00e5rd<\/strong> f\u00f6r att bibeh\u00e5lla resultaten<br><strong>Boka tid f\u00f6r Dermalux LED-ljusterapi \u2192<\/strong><br><br><a href=\"https:\/\/dermaluxled.com\/led-treatment-results\/?utm_source=chatgpt.com\" target=\"_blank\" rel=\"noreferrer noopener\"><\/a><a href=\"https:\/\/dermaluxled.com\/tri-wave-md-led\/?utm_source=chatgpt.com\" target=\"_blank\" rel=\"noreferrer noopener\"><\/a><a href=\"https:\/\/pmc.ncbi.nlm.nih.gov\/articles\/PMC11049838\/?utm_source=chatgpt.com\" target=\"_blank\" rel=\"noreferrer noopener\"><\/a><\/p><\/div><\/div>\n<\/div><\/div>\n\n\n\n<div class=\"wp-block-uagb-container uagb-block-9caa1a47 alignfull uagb-is-root-container\"><div class=\"uagb-container-inner-blocks-wrap\">\n<div class=\"wp-block-uagb-advanced-heading uagb-block-1ed0e64e\"><div class=\"uagb-heading-text\">L\u00e5t oss hj\u00e4lpa till.<\/div><\/div>\n\n\n\n<div class=\"wp-block-uagb-advanced-heading uagb-block-3a57683f\"><h2 class=\"uagb-heading-text\">Kontakta oss<\/h2><\/div>\n\n\n\n<div class=\"wp-block-uagb-buttons uagb-buttons__outer-wrap uagb-btn__default-btn uagb-btn-tablet__default-btn uagb-btn-mobile__default-btn uagb-block-9979be0d\"><div class=\"uagb-buttons__wrap uagb-buttons-layout-wrap\">\n<div class=\"wp-block-uagb-buttons-child uagb-buttons__outer-wrap uagb-block-84fd34e5 wp-block-button\"><div class=\"uagb-button__wrapper\"><a class=\"uagb-buttons-repeater wp-block-button__link\" aria-label=\"\" href=\"https:\/\/timma.fi\/yritys\/kauneuskeskus-vitaroma\" rel=\"follow noopener\" target=\"_self\" role=\"button\"><div class=\"uagb-button__link\">Boka en tid<\/div><\/a><\/div><\/div>\n<\/div><\/div>\n\n\n\n<div class=\"wp-block-uagb-buttons uagb-buttons__outer-wrap uagb-btn__default-btn uagb-btn-tablet__default-btn uagb-btn-mobile__default-btn uagb-block-f7add131\"><div class=\"uagb-buttons__wrap uagb-buttons-layout-wrap\">\n<div class=\"wp-block-uagb-buttons-child uagb-buttons__outer-wrap uagb-block-0c11dd62 wp-block-button\"><div class=\"uagb-button__wrapper\"><a class=\"uagb-buttons-repeater wp-block-button__link\" aria-label=\"\" href=\"https:\/\/vitaroma.fi\/sv\/kontakta-oss\/\" rel=\"follow noopener\" target=\"_self\" role=\"button\"><div class=\"uagb-button__link\">Kontakta oss<\/div><\/a><\/div><\/div>\n<\/div><\/div>\n\n\n\n<div class=\"wp-block-uagb-buttons uagb-buttons__outer-wrap uagb-btn__default-btn uagb-btn-tablet__default-btn uagb-btn-mobile__default-btn uagb-block-69da2b3b\"><div class=\"uagb-buttons__wrap uagb-buttons-layout-wrap\">\n<div class=\"wp-block-uagb-buttons-child uagb-buttons__outer-wrap uagb-block-1018754e wp-block-button\"><div class=\"uagb-button__wrapper\"><a class=\"uagb-buttons-repeater wp-block-button__link\" aria-label=\"\" href=\"https:\/\/vitaroma.fi\/sv\/information-om-oss\/\" rel=\"follow noopener\" target=\"_self\" role=\"button\"><div class=\"uagb-button__link\">Om oss<\/div><\/a><\/div><\/div>\n<\/div><\/div>\n\n\n\n<div class=\"wp-block-uagb-advanced-heading uagb-block-838a0a13\"><div class=\"uagb-separator\"><\/div><h3 class=\"uagb-heading-text\">Gratis r\u00e5d? 050 365 2103<\/h3><\/div>\n\n\n\n<!-- Font Awesome CDN -->\n<link rel=\"stylesheet\" href=\"https:\/\/cdnjs.cloudflare.com\/ajax\/libs\/font-awesome\/6.4.0\/css\/all.min.css\">\n\n<div class=\"social-links\">\n  <a href=\"https:\/\/www.instagram.com\/kauneuskeskusvitaroma_clinic\/\" target=\"_blank\" rel=\"noopener\" class=\"instagram\">\n    <i class=\"fab fa-instagram\"><\/i> Sk\u00f6nhetscenter Vitaroma\n  <\/a>\n  <a href=\"https:\/\/www.facebook.com\/61567042467466\/about\/\" target=\"_blank\" rel=\"noopener\" class=\"facebook\">\n    <i class=\"fab fa-facebook\"><\/i> Sk\u00f6nhetscenter Vitaroma\n  <\/a>\n<\/div>\n\n<style>\n  .social-links {\n    display: flex;\n    justify-content: center;\n    gap: 20px;\n    margin-top: 10px;\n  }\n\n  .social-links a {\n    display: flex;\n    align-items: center;\n    gap: 10px;\n    padding: 12px 20px;\n    font-size: 18px;\n    font-weight: 600;\n    text-decoration: none;\n    color: #fff;\n    background: rgba(0, 0, 0, 0.35);\n    border: 2px solid rgba(255, 255, 255, 0.5);\n    border-radius: 8px;\n    transition: all 0.3s ease;\n    box-shadow: 0 3px 8px rgba(0, 0, 0, 0.2);\n    backdrop-filter: blur(5px);\n  }\n\n  .social-links a i {\n    font-size: 22px;\n  }\n\n  \/* Hover efektleri *\/\n  .social-links a.instagram:hover {\n    background: #E1306C;\n    color: #fff;\n    border-color: #E1306C;\n  }\n\n  .social-links a.facebook:hover {\n    background: #1877F2;\n    color: #fff;\n    border-color: #1877F2;\n  }\n<\/style>\n\n<\/div><\/div>","protected":false},"excerpt":{"rendered":"<p>DERMALUX<\/p>","protected":false},"author":1,"featured_media":0,"parent":0,"menu_order":0,"comment_status":"closed","ping_status":"closed","template":"","meta":{"_surecart_dashboard_logo_width":"180px","_surecart_dashboard_show_logo":true,"_surecart_dashboard_navigation_orders":true,"_surecart_dashboard_navigation_invoices":true,"_surecart_dashboard_navigation_subscriptions":true,"_surecart_dashboard_navigation_downloads":true,"_surecart_dashboard_navigation_billing":true,"_surecart_dashboard_navigation_account":true,"_uag_custom_page_level_css":"","site-sidebar-layout":"default","site-content-layout":"","ast-site-content-layout":"default","site-content-style":"default","site-sidebar-style":"default","ast-global-header-display":"","ast-banner-title-visibility":"","ast-main-header-display":"","ast-hfb-above-header-display":"","ast-hfb-below-header-display":"","ast-hfb-mobile-header-display":"","site-post-title":"disabled","ast-breadcrumbs-content":"","ast-featured-img":"","footer-sml-layout":"","ast-disable-related-posts":"","theme-transparent-header-meta":"","adv-header-id-meta":"","stick-header-meta":"","header-above-stick-meta":"","header-main-stick-meta":"","header-below-stick-meta":"","astra-migrate-meta-layouts":"set","ast-page-background-enabled":"default","ast-page-background-meta":{"desktop":{"background-color":"var(--ast-global-color-4)","background-image":"","background-repeat":"repeat","background-position":"center center","background-size":"auto","background-attachment":"scroll","background-type":"","background-media":"","overlay-type":"","overlay-color":"","overlay-opacity":"","overlay-gradient":""},"tablet":{"background-color":"","background-image":"","background-repeat":"repeat","background-position":"center center","background-size":"auto","background-attachment":"scroll","background-type":"","background-media":"","overlay-type":"","overlay-color":"","overlay-opacity":"","overlay-gradient":""},"mobile":{"background-color":"","background-image":"","background-repeat":"repeat","background-position":"center center","background-size":"auto","background-attachment":"scroll","background-type":"","background-media":"","overlay-type":"","overlay-color":"","overlay-opacity":"","overlay-gradient":""}},"ast-content-background-meta":{"desktop":{"background-color":"var(--ast-global-color-5)","background-image":"","background-repeat":"repeat","background-position":"center center","background-size":"auto","background-attachment":"scroll","background-type":"","background-media":"","overlay-type":"","overlay-color":"","overlay-opacity":"","overlay-gradient":""},"tablet":{"background-color":"var(--ast-global-color-5)","background-image":"","background-repeat":"repeat","background-position":"center center","background-size":"auto","background-attachment":"scroll","background-type":"","background-media":"","overlay-type":"","overlay-color":"","overlay-opacity":"","overlay-gradient":""},"mobile":{"background-color":"var(--ast-global-color-5)","background-image":"","background-repeat":"repeat","background-position":"center center","background-size":"auto","background-attachment":"scroll","background-type":"","background-media":"","overlay-type":"","overlay-color":"","overlay-opacity":"","overlay-gradient":""}},"footnotes":""},"class_list":["post-2457","page","type-page","status-publish","hentry"],"uagb_featured_image_src":{"full":false,"thumbnail":false,"medium":false,"medium_large":false,"large":false,"1536x1536":false,"2048x2048":false,"trp-custom-language-flag":false,"woocommerce_thumbnail":false,"woocommerce_single":false,"woocommerce_gallery_thumbnail":false},"uagb_author_info":{"display_name":"emilkemal4@gmail.com","author_link":"https:\/\/vitaroma.fi\/sv\/author\/emilkemal4gmail-com\/"},"uagb_comment_info":0,"uagb_excerpt":"DERMALUX","_links":{"self":[{"href":"https:\/\/vitaroma.fi\/sv\/wp-json\/wp\/v2\/pages\/2457","targetHints":{"allow":["GET"]}}],"collection":[{"href":"https:\/\/vitaroma.fi\/sv\/wp-json\/wp\/v2\/pages"}],"about":[{"href":"https:\/\/vitaroma.fi\/sv\/wp-json\/wp\/v2\/types\/page"}],"author":[{"embeddable":true,"href":"https:\/\/vitaroma.fi\/sv\/wp-json\/wp\/v2\/users\/1"}],"replies":[{"embeddable":true,"href":"https:\/\/vitaroma.fi\/sv\/wp-json\/wp\/v2\/comments?post=2457"}],"version-history":[{"count":6,"href":"https:\/\/vitaroma.fi\/sv\/wp-json\/wp\/v2\/pages\/2457\/revisions"}],"predecessor-version":[{"id":2710,"href":"https:\/\/vitaroma.fi\/sv\/wp-json\/wp\/v2\/pages\/2457\/revisions\/2710"}],"wp:attachment":[{"href":"https:\/\/vitaroma.fi\/sv\/wp-json\/wp\/v2\/media?parent=2457"}],"curies":[{"name":"wp","href":"https:\/\/api.w.org\/{rel}","templated":true}]}}