{"id":1968,"date":"2025-04-25T16:39:04","date_gmt":"2025-04-25T16:39:04","guid":{"rendered":"https:\/\/vitaroma.fi\/?page_id=1968"},"modified":"2025-08-28T18:28:36","modified_gmt":"2025-08-28T16:28:36","slug":"ripset-ja-kulmat","status":"publish","type":"page","link":"https:\/\/vitaroma.fi\/sv\/ogonfransar-och-ogonbryn\/","title":{"rendered":"\u00d6gonfransar och \u00f6gonbryn"},"content":{"rendered":"<div class=\"wp-block-uagb-container uagb-block-5451af51 alignfull uagb-is-root-container\"><div class=\"uagb-container-inner-blocks-wrap\">\n<div class=\"wp-block-uagb-advanced-heading uagb-block-f45ed1f8\"><h1 class=\"uagb-heading-text\">\u00d6gonfransar och \u00f6gonbryn<\/h1><\/div>\n<\/div><\/div>\n\n\n\n<div class=\"wp-block-uagb-container uagb-block-wlmazrwo alignfull uagb-is-root-container\"><div class=\"uagb-container-inner-blocks-wrap\">\n<div class=\"wp-block-uagb-container uagb-block-0btjzulc alignfull uagb-is-root-container\"><div class=\"uagb-container-inner-blocks-wrap\">\n<div class=\"wp-block-uagb-image alignleft uagb-block-6xnwaqpe wp-block-uagb-image--layout-default wp-block-uagb-image--effect-static wp-block-uagb-image--align-left\"><figure class=\"wp-block-uagb-image__figure\"><img decoding=\"async\" srcset=\"https:\/\/vitaroma.fi\/wp-content\/uploads\/2025\/04\/Adsiz1-3-1024x576.png ,https:\/\/vitaroma.fi\/wp-content\/uploads\/2025\/04\/Adsiz1-3.png 780w, https:\/\/vitaroma.fi\/wp-content\/uploads\/2025\/04\/Adsiz1-3.png 360w\" sizes=\"auto, (max-width: 480px) 150px\" src=\"https:\/\/vitaroma.fi\/wp-content\/uploads\/2025\/04\/Adsiz1-3-1024x576.png\" alt=\"\u00d6gonfransar och \u00f6gonbryn\" class=\"uag-image-2108\" width=\"564\" height=\"400\" title=\"\u00d6gonfransar och \u00f6gonbryn\" loading=\"lazy\" role=\"img\"\/><\/figure><\/div>\n\n\n\n<div class=\"wp-block-uagb-container uagb-block-xrkfcv1q\">\n<div class=\"wp-block-uagb-info-box uagb-block-amettuy1 uagb-infobox__content-wrap  uagb-infobox-icon-above-title uagb-infobox-image-valign-top\"><div class=\"uagb-ifb-content\"><div class=\"uagb-ifb-title-wrap\"><h3 class=\"uagb-ifb-title\">Komplettera din look med v\u00e4lv\u00e5rdade \u00f6gonbryn och vackra fransar<\/h3><\/div><p class=\"uagb-ifb-desc\"><strong>\u00d6gonfransar och \u00f6gonbryn<\/strong> \u00e4r ansiktets ram \u2013 n\u00e4r de \u00e4r v\u00e4lv\u00e5rdade framh\u00e4ver de dina \u00f6gon, ger balans och fr\u00e4sch\u00f6r till hela ditt utseende. Sk\u00f6nhetscentret Vitaroma Clinic erbjuder professionellt utf\u00f6rda \u00f6gonfrans- och \u00f6gonbrynsbehandlingar som \u00e4r individuellt anpassade f\u00f6r varje klient.<br>Vill du ha ett naturligt resultat eller n\u00e5got mer dramatiskt? Hos oss hittar du precis r\u00e4tt l\u00f6sning.<\/p><\/div><\/div>\n<\/div>\n<\/div><\/div>\n<\/div><\/div>\n\n\n\n<div class=\"wp-block-uagb-container uagb-block-onenjlwh alignfull uagb-is-root-container\"><div class=\"uagb-container-inner-blocks-wrap\">\n<div class=\"wp-block-uagb-info-box uagb-block-kdw4sbfe uagb-infobox__content-wrap  uagb-infobox-icon-above-title uagb-infobox-image-valign-top\"><div class=\"uagb-ifb-content\"><div class=\"uagb-ifb-title-wrap\"><h2 class=\"uagb-ifb-title\">Tj\u00e4nster<\/h2><\/div><p class=\"uagb-ifb-desc\">Lash Lift + permanent \u00f6gonfransf\u00e4rgning om s\u00e5 \u00f6nskas<br>Naturliga \u00f6gonfransar <strong>upph\u00f6jd och b\u00f6jd<\/strong> utan f\u00f6rl\u00e4ngningar. Slutresultatet \u00f6ppnar upp \u00f6gonen, g\u00f6r fransarna mer distinkta och minskar behovet av mascara.<br><strong>Varaktighet:<\/strong> 45\u201360 minuter \u00b7 <strong>Motst\u00e5nd:<\/strong> av. <strong>4\u20136 veckor<\/strong> (enskild)<br><strong>Inneh\u00e5ll:<\/strong> b\u00f6jning + <strong>permanent f\u00e4rgning<\/strong> p\u00e5 beg\u00e4ran, en omsorgsfull finish.<br>\u00d6gonbrynslaminering + formning + permanent f\u00e4rgning<br>\u00d6gonbryn <strong>st\u00e4ll in i \u00f6nskad riktning<\/strong>, d\u00e5 blir det allm\u00e4nna uttrycket <strong>renare, fylligare<\/strong> och mer symmetrisk. L\u00e4mplig f\u00f6r tunna, glesa eller &quot;vilt&quot; v\u00e4xande \u00f6gonbryn.<br><strong>Varaktighet:<\/strong> 45\u201360 minuter \u00b7 <strong>Motst\u00e5nd:<\/strong> av. <strong>4\u20135 veckor<\/strong><br><strong>Inneh\u00e5ll:<\/strong> laminering, <strong>design<\/strong> (pincett\/vax) och <strong>permanent f\u00e4rg<\/strong> efter behov.<br>\u00d6gonbrynsformning och permanent f\u00e4rgning<br>En klassisk tj\u00e4nst d\u00e4r <strong>vi m\u00e4ter och ritar<\/strong> linje till proportionerna i ditt ansikte, tar vi bort \u00f6verfl\u00f6digt h\u00e5r och <strong>v\u00e5r ton<\/strong> h\u00f6rn efter dina \u00f6nskem\u00e5l.<br><strong>Varaktighet:<\/strong> 20\u201330 minuter \u00b7 <strong>Motst\u00e5nd:<\/strong> f\u00e4rg n. <strong>3\u20134 veckor<\/strong>.<br><strong>Om du \u00f6nskar<\/strong> Vi kombinerar \u00f6gonfrans- och \u00f6gonbrynsbehandlingar i ett och samma bes\u00f6k. Vi planerar best\u00e4llning och materialval. <strong>s\u00e4kert<\/strong>.<\/p><\/div><\/div>\n\n\n\n<div class=\"wp-block-uagb-image uagb-block-2a28442f wp-block-uagb-image--layout-default wp-block-uagb-image--effect-static wp-block-uagb-image--align-none\"><figure class=\"wp-block-uagb-image__figure\"><img decoding=\"async\" srcset=\"https:\/\/vitaroma.fi\/wp-content\/uploads\/2025\/08\/Brow-Lamination.webp ,https:\/\/vitaroma.fi\/wp-content\/uploads\/2025\/08\/Brow-Lamination.webp 780w, https:\/\/vitaroma.fi\/wp-content\/uploads\/2025\/08\/Brow-Lamination.webp 360w\" sizes=\"auto, (max-width: 480px) 150px\" src=\"https:\/\/vitaroma.fi\/wp-content\/uploads\/2025\/08\/Brow-Lamination.webp\" alt=\"\" class=\"uag-image-2727\" width=\"600\" height=\"600\" title=\"Brynlaminering\" loading=\"lazy\" role=\"img\"\/><\/figure><\/div>\n\n\n\n<div class=\"wp-block-uagb-info-box uagb-block-6f18b7a4 uagb-infobox__content-wrap  uagb-infobox-icon-above-title uagb-infobox-image-valign-top\"><div class=\"uagb-ifb-content\"><div class=\"uagb-ifb-title-wrap\"><h2 class=\"uagb-ifb-title\">Vilka \u00e4r behandlingarna l\u00e4mpliga f\u00f6r?<br><\/h2><\/div><p class=\"uagb-ifb-desc\">Naturligt men <strong>v\u00e4lv\u00e5rdad<\/strong> f\u00f6r de som vill titta<br><strong>F\u00f6r ljust, tunt eller glest h\u00e5r<\/strong> f\u00f6r \u00f6gonbryn\/\u00f6gonfransar<br>F\u00f6r de som vill <strong>snabba upp morgonrutinerna<\/strong> och minska smink<br>F\u00f6r er som f\u00f6rbereder er f\u00f6r bilder\/evenemang (schemal\u00e4gg enligt instruktioner)<br><strong>L\u00e5t oss f\u00f6rst utv\u00e4rdera:<\/strong> aktivt \u00f6gonlock\/hud <strong>inflammation<\/strong>, skadad hud, <strong>allergitendens<\/strong> f\u00f6r f\u00e4rg\u00e4mnen\/permanent, tidigare <strong>stark reaktion<\/strong> till motsvarande behandling. Under graviditet\/amning g\u00f6r vi <strong>individuell bed\u00f6mning<\/strong>.<\/p><\/div><\/div>\n\n\n\n<div class=\"wp-block-uagb-info-box uagb-block-ffaf723f uagb-infobox__content-wrap  uagb-infobox-icon-above-title uagb-infobox-image-valign-top\"><div class=\"uagb-ifb-content\"><div class=\"uagb-ifb-title-wrap\"><h2 class=\"uagb-ifb-title\">Behandlingsbes\u00f6k \u2013 vad h\u00e4nder?<br><\/h2><\/div><p class=\"uagb-ifb-desc\"><strong>Konsultation och m\u00e4tning<\/strong><br>Vi g\u00e5r igenom \u00f6nskem\u00e5len (naturliga vs. dramatiska), ansiktsbehandlingar <strong>proportioner<\/strong> och tidigare erfarenheter. Vi v\u00e4ljer <strong>ton och intensitetsniv\u00e5<\/strong>.<br><strong>F\u00f6rberedelse<\/strong><br>Huden\/\u00f6gonfransarna reng\u00f6rs fr\u00e5n smink och olja. P\u00e5 \u00f6gonbrynen g\u00f6r vi <strong>kartl\u00e4ggning<\/strong> (m\u00e5ttlinjer\/utkast).<br><strong>Hantering<\/strong><br><strong>Franslyft:<\/strong> form- + b\u00f6jnings- och f\u00e4stningssteg; <strong>permanent f\u00e4rg<\/strong> p\u00e5 beg\u00e4ran.<br><strong>Laminering:<\/strong> mjukg\u00f6rings- och stelningsfas, <strong>design<\/strong> (pincett\/vax) och <strong>permanent f\u00e4rg<\/strong>.<br>Sk\u00f6tselprodukter \u00e4r utvalda <strong>gott skick<\/strong> av.<br><strong>Efterbehandling och instruktioner<\/strong><br>Spridning <strong>n\u00e4rande serum\/oljegel<\/strong> och l\u00e5t oss g\u00e5 <strong>efterv\u00e5rd<\/strong> igenom. Om s\u00e5 \u00f6nskas kommer vi att <strong>l\u00e4tt avslutande makeup<\/strong> (h\u00f6rngel).<br><strong>Varaktighet:<\/strong> 20\u201360 min beroende p\u00e5 tj\u00e4nsten \u00b7 <strong>\u00c5terg\u00e5ng till vardagen:<\/strong> omedelbart<\/p><\/div><\/div>\n\n\n\n<div class=\"wp-block-uagb-image uagb-block-72db4d16 wp-block-uagb-image--layout-default wp-block-uagb-image--effect-static wp-block-uagb-image--align-none\"><figure class=\"wp-block-uagb-image__figure\"><img decoding=\"async\" srcset=\"https:\/\/vitaroma.fi\/wp-content\/uploads\/2025\/08\/Eyebrows-Dubai_1_55b21079-a0b0-427f-9a80-355f0af905a5-1024x1024.webp ,https:\/\/vitaroma.fi\/wp-content\/uploads\/2025\/08\/Eyebrows-Dubai_1_55b21079-a0b0-427f-9a80-355f0af905a5.webp 780w, https:\/\/vitaroma.fi\/wp-content\/uploads\/2025\/08\/Eyebrows-Dubai_1_55b21079-a0b0-427f-9a80-355f0af905a5.webp 360w\" sizes=\"auto, (max-width: 480px) 150px\" src=\"https:\/\/vitaroma.fi\/wp-content\/uploads\/2025\/08\/Eyebrows-Dubai_1_55b21079-a0b0-427f-9a80-355f0af905a5-1024x1024.webp\" alt=\"\" class=\"uag-image-2728\" width=\"1080\" height=\"1080\" title=\"\u00d6gonbryn-Dubai_1_55b21079-a0b0-427f-9a80-355f0af905a5\" loading=\"lazy\" role=\"img\"\/><\/figure><\/div>\n\n\n\n<div class=\"wp-block-uagb-info-box uagb-block-e4414226 uagb-infobox__content-wrap  uagb-infobox-icon-above-title uagb-infobox-image-valign-top\"><div class=\"uagb-ifb-content\"><div class=\"uagb-ifb-title-wrap\"><h2 class=\"uagb-ifb-title\">Resultat och varaktighet<br><\/h2><\/div><p class=\"uagb-ifb-desc\"><strong>Franslyft:<\/strong> elevation och b\u00e5ge \u2192 blick <strong>\u00f6ppnar<\/strong>; varaktighet individuellt ca. <strong>4\u20136 veckor<\/strong>.<br><strong>Laminering:<\/strong> h\u00f6rnen \u00e4r inst\u00e4llda <strong>tjockare och snyggare<\/strong> att se ut som; l\u00e4ngd ca. <strong>4\u20135 veckor<\/strong>.<br><strong>Design och f\u00e4rg:<\/strong> <strong>tydligare linje<\/strong> och nyans; f\u00e4rgen h\u00e5ller sig ca. <strong>3\u20134 veckor<\/strong>.<br>Varaktigheten beror p\u00e5 h\u00e5ret <strong>tillv\u00e4xtcykel<\/strong>, hud\/h\u00e5r <strong>oljighet<\/strong>, hemsjukv\u00e5rd och <strong>tr\u00e4ning\/bastu<\/strong> i ordningen av.<\/p><\/div><\/div>\n\n\n\n<div class=\"wp-block-uagb-info-box uagb-block-c675c971 uagb-infobox__content-wrap  uagb-infobox-icon-above-title uagb-infobox-image-valign-top\"><div class=\"uagb-ifb-content\"><div class=\"uagb-ifb-title-wrap\"><h2 class=\"uagb-ifb-title\">F\u00f6re behandling \u2013 f\u00f6rbered dig s\u00e5 h\u00e4r<br><\/h2><\/div><p class=\"uagb-ifb-desc\">Anl\u00e4nda <strong>med rena \u00f6gonfransar\/\u00f6gonbryn<\/strong> (ingen mascara, oljor, starka kr\u00e4mer).<br>Driva <strong>vattenfast mascara<\/strong> och \u00f6gonfransserum <strong>24\u201348 timmar<\/strong> f\u00f6re.<br><strong>Kontaktlinser av<\/strong> F\u00f6r lashlift (ta med dig fodralet).<br>Inga <strong>Laminering\/f\u00e4rgning av h\u00f6rnen<\/strong> 7 dagar in (om det g\u00f6rs p\u00e5 en annan plats).<br>Ber\u00e4tta <strong>k\u00e4nsligheter\/allergier<\/strong>; om det beh\u00f6vs kommer vi att <strong>testber\u00f6ring<\/strong>.<\/p><\/div><\/div>\n\n\n\n<div class=\"wp-block-uagb-info-box uagb-block-aa58816b uagb-infobox__content-wrap  uagb-infobox-icon-above-title uagb-infobox-image-valign-top\"><div class=\"uagb-ifb-content\"><div class=\"uagb-ifb-title-wrap\"><h2 class=\"uagb-ifb-title\">Efterv\u00e5rd \u2013 de f\u00f6rsta 24\u201348 timmarna \u00e4r de viktigaste<br><\/h2><\/div><p class=\"uagb-ifb-desc\"><strong>Vattna inte<\/strong> \u00f6gonfransar\/\u00f6gonbryn 24 timmar \u00b7 undvik <strong>bastu, svettning, \u00e5nga<\/strong>.<br><strong>Ingen smink\/oljor<\/strong> till det behandlade omr\u00e5det under den f\u00f6rsta dagen.<br><strong>Borsta<\/strong> \u00f6gonfransar\/\u00f6gonbryn <strong>dagligen<\/strong> torr (med spole\/borste).<br>Anv\u00e4nda <strong>n\u00e4rande serum\/olja<\/strong> enligt anvisningarna (efter laminering, b\u00f6rja dag 2 \u2192 torrhetsf\u00f6rebyggande).<br>Driva <strong>vattenfast mascara<\/strong>; ta bort smink <strong>k\u00e4rleksfullt<\/strong> (inte fet under f\u00f6rsta dagen).<br><br><\/p><\/div><\/div>\n\n\n\n<div class=\"wp-block-uagb-info-box uagb-block-09d76247 uagb-infobox__content-wrap  uagb-infobox-icon-above-title uagb-infobox-image-valign-top\"><div class=\"uagb-ifb-content\"><div class=\"uagb-ifb-title-wrap\"><h2 class=\"uagb-ifb-title\">FAQ \u2013 vanliga fr\u00e5gor<br><\/h2><\/div><p class=\"uagb-ifb-desc\"><strong>G\u00f6r behandlingen ont?<\/strong><br>Nej. Kunskap \u00e4r <strong>mild<\/strong>; \u00f6gonen h\u00e5lls slutna och omr\u00e5det \u00e4r skyddat.<br><strong>Kan jag ut\u00f6va sport efter behandlingen?<\/strong><br>Driva <strong>svettning\/bastu<\/strong> och \u00e5nga <strong>24 timmar<\/strong> \u2013 fuktighet kan f\u00f6rs\u00e4mra resultatet.<br><strong>Vad h\u00e4nder om h\u00e5ret \u00e4r v\u00e4ldigt tunt\/glest?<\/strong><br>Vi rekommenderar <strong>laminering + toning<\/strong> h\u00f6rn och <strong>Franslyft + f\u00e4rg<\/strong> till \u00f6gonfransarna; de betonar <strong>existerande<\/strong> bitter.<br><strong>\u00c4r den l\u00e4mplig f\u00f6r k\u00e4nslig hud?<\/strong><br>Ofta ja, men vi g\u00f6r det n\u00e4r det beh\u00f6vs <strong>testber\u00f6ring<\/strong> och vi v\u00e4ljer <strong>mildare<\/strong> protokoll.<br><strong>Hur ofta kan jag f\u00f6rnya?<\/strong><br>Vanligtvis <strong>4\u20138 veckor<\/strong> intervaller. Vi ger dig <strong>individuellt schema<\/strong>.<br><\/p><\/div><\/div>\n\n\n\n<div class=\"wp-block-uagb-image uagb-block-821f5dab wp-block-uagb-image--layout-default wp-block-uagb-image--effect-static wp-block-uagb-image--align-none\"><figure class=\"wp-block-uagb-image__figure\"><img decoding=\"async\" srcset=\"https:\/\/vitaroma.fi\/wp-content\/uploads\/2025\/08\/microblading-kas-23092020-min-1-1024x576.webp ,https:\/\/vitaroma.fi\/wp-content\/uploads\/2025\/08\/microblading-kas-23092020-min-1.webp 780w, https:\/\/vitaroma.fi\/wp-content\/uploads\/2025\/08\/microblading-kas-23092020-min-1.webp 360w\" sizes=\"auto, (max-width: 480px) 150px\" src=\"https:\/\/vitaroma.fi\/wp-content\/uploads\/2025\/08\/microblading-kas-23092020-min-1-1024x576.webp\" alt=\"\" class=\"uag-image-2729\" width=\"1280\" height=\"720\" title=\"microblading-kas-23092020-min\" loading=\"lazy\" role=\"img\"\/><\/figure><\/div>\n\n\n\n<div class=\"wp-block-uagb-info-box uagb-block-d279a481 uagb-infobox__content-wrap  uagb-infobox-icon-above-title uagb-infobox-image-valign-top\"><div class=\"uagb-ifb-content\"><div class=\"uagb-ifb-title-wrap\"><h2 class=\"uagb-ifb-title\">Varf\u00f6r v\u00e4lja Vitaroma?<br><\/h2><\/div><p class=\"uagb-ifb-desc\"><strong>Individuell design<\/strong> (proportioner, toner, intensitet)<br><strong>Hygieniskt arbete<\/strong> och kvalitetsprodukter<br><strong>Tydlig efterv\u00e5rd<\/strong> \u2192 l\u00e4ngre h\u00e5llbart och vackrare resultat<br>Om du \u00f6nskar <strong>vi ansluter<\/strong> \u00d6gonfrans- och \u00f6gonbrynsbehandlingar under ett bes\u00f6k<br><strong>Boka tid f\u00f6r \u00f6gonfrans- och \u00f6gonbrynsbehandlingar \u2192<\/strong><\/p><\/div><\/div>\n<\/div><\/div>\n\n\n\n<div class=\"wp-block-uagb-container uagb-block-9caa1a47 alignfull uagb-is-root-container\"><div class=\"uagb-container-inner-blocks-wrap\">\n<div class=\"wp-block-uagb-advanced-heading uagb-block-1ed0e64e\"><div class=\"uagb-heading-text\">L\u00e5t oss hj\u00e4lpa till.<\/div><\/div>\n\n\n\n<div class=\"wp-block-uagb-advanced-heading uagb-block-3a57683f\"><h2 class=\"uagb-heading-text\">Kontakta oss<\/h2><\/div>\n\n\n\n<div class=\"wp-block-uagb-buttons uagb-buttons__outer-wrap uagb-btn__default-btn uagb-btn-tablet__default-btn uagb-btn-mobile__default-btn uagb-block-9979be0d\"><div class=\"uagb-buttons__wrap uagb-buttons-layout-wrap\">\n<div class=\"wp-block-uagb-buttons-child uagb-buttons__outer-wrap uagb-block-84fd34e5 wp-block-button\"><div class=\"uagb-button__wrapper\"><a class=\"uagb-buttons-repeater wp-block-button__link\" aria-label=\"\" href=\"https:\/\/timma.fi\/yritys\/kauneuskeskus-vitaroma\" rel=\"follow noopener\" target=\"_self\" role=\"button\"><div class=\"uagb-button__link\">Boka en tid<\/div><\/a><\/div><\/div>\n<\/div><\/div>\n\n\n\n<div class=\"wp-block-uagb-buttons uagb-buttons__outer-wrap uagb-btn__default-btn uagb-btn-tablet__default-btn uagb-btn-mobile__default-btn uagb-block-f7add131\"><div class=\"uagb-buttons__wrap uagb-buttons-layout-wrap\">\n<div class=\"wp-block-uagb-buttons-child uagb-buttons__outer-wrap uagb-block-0c11dd62 wp-block-button\"><div class=\"uagb-button__wrapper\"><a class=\"uagb-buttons-repeater wp-block-button__link\" aria-label=\"\" href=\"https:\/\/vitaroma.fi\/sv\/kontakta-oss\/\" rel=\"follow noopener\" target=\"_self\" role=\"button\"><div class=\"uagb-button__link\">Kontakta oss<\/div><\/a><\/div><\/div>\n<\/div><\/div>\n\n\n\n<div class=\"wp-block-uagb-buttons uagb-buttons__outer-wrap uagb-btn__default-btn uagb-btn-tablet__default-btn uagb-btn-mobile__default-btn uagb-block-69da2b3b\"><div class=\"uagb-buttons__wrap uagb-buttons-layout-wrap\">\n<div class=\"wp-block-uagb-buttons-child uagb-buttons__outer-wrap uagb-block-1018754e wp-block-button\"><div class=\"uagb-button__wrapper\"><a class=\"uagb-buttons-repeater wp-block-button__link\" aria-label=\"\" href=\"https:\/\/vitaroma.fi\/sv\/information-om-oss\/\" rel=\"follow noopener\" target=\"_self\" role=\"button\"><div class=\"uagb-button__link\">Om oss<\/div><\/a><\/div><\/div>\n<\/div><\/div>\n\n\n\n<div class=\"wp-block-uagb-advanced-heading uagb-block-838a0a13\"><div class=\"uagb-separator\"><\/div><h3 class=\"uagb-heading-text\">Gratis r\u00e5d? 050 365 2103<\/h3><\/div>\n\n\n\n<!-- Font Awesome CDN -->\n<link rel=\"stylesheet\" href=\"https:\/\/cdnjs.cloudflare.com\/ajax\/libs\/font-awesome\/6.4.0\/css\/all.min.css\">\n\n<div class=\"social-links\">\n  <a href=\"https:\/\/www.instagram.com\/kauneuskeskusvitaroma_clinic\/\" target=\"_blank\" rel=\"noopener\" class=\"instagram\">\n    <i class=\"fab fa-instagram\"><\/i> Sk\u00f6nhetscenter Vitaroma\n  <\/a>\n  <a href=\"https:\/\/www.facebook.com\/61567042467466\/about\/\" target=\"_blank\" rel=\"noopener\" class=\"facebook\">\n    <i class=\"fab fa-facebook\"><\/i> Sk\u00f6nhetscenter Vitaroma\n  <\/a>\n<\/div>\n\n<style>\n  .social-links {\n    display: flex;\n    justify-content: center;\n    gap: 20px;\n    margin-top: 10px;\n  }\n\n  .social-links a {\n    display: flex;\n    align-items: center;\n    gap: 10px;\n    padding: 12px 20px;\n    font-size: 18px;\n    font-weight: 600;\n    text-decoration: none;\n    color: #fff;\n    background: rgba(0, 0, 0, 0.35);\n    border: 2px solid rgba(255, 255, 255, 0.5);\n    border-radius: 8px;\n    transition: all 0.3s ease;\n    box-shadow: 0 3px 8px rgba(0, 0, 0, 0.2);\n    backdrop-filter: blur(5px);\n  }\n\n  .social-links a i {\n    font-size: 22px;\n  }\n\n  \/* Hover efektleri *\/\n  .social-links a.instagram:hover {\n    background: #E1306C;\n    color: #fff;\n    border-color: #E1306C;\n  }\n\n  .social-links a.facebook:hover {\n    background: #1877F2;\n    color: #fff;\n    border-color: #1877F2;\n  }\n<\/style>\n\n<\/div><\/div>","protected":false},"excerpt":{"rendered":"<p>\u00d6gonfransar och \u00f6gonbryn<\/p>","protected":false},"author":1,"featured_media":0,"parent":0,"menu_order":0,"comment_status":"closed","ping_status":"closed","template":"","meta":{"_surecart_dashboard_logo_width":"180px","_surecart_dashboard_show_logo":true,"_surecart_dashboard_navigation_orders":true,"_surecart_dashboard_navigation_invoices":true,"_surecart_dashboard_navigation_subscriptions":true,"_surecart_dashboard_navigation_downloads":true,"_surecart_dashboard_navigation_billing":true,"_surecart_dashboard_navigation_account":true,"_uag_custom_page_level_css":"","site-sidebar-layout":"default","site-content-layout":"","ast-site-content-layout":"default","site-content-style":"default","site-sidebar-style":"default","ast-global-header-display":"","ast-banner-title-visibility":"","ast-main-header-display":"","ast-hfb-above-header-display":"","ast-hfb-below-header-display":"","ast-hfb-mobile-header-display":"","site-post-title":"disabled","ast-breadcrumbs-content":"","ast-featured-img":"","footer-sml-layout":"","theme-transparent-header-meta":"","adv-header-id-meta":"","stick-header-meta":"","header-above-stick-meta":"","header-main-stick-meta":"","header-below-stick-meta":"","astra-migrate-meta-layouts":"set","ast-page-background-enabled":"default","ast-page-background-meta":{"desktop":{"background-color":"var(--ast-global-color-4)","background-image":"","background-repeat":"repeat","background-position":"center center","background-size":"auto","background-attachment":"scroll","background-type":"","background-media":"","overlay-type":"","overlay-color":"","overlay-opacity":"","overlay-gradient":""},"tablet":{"background-color":"","background-image":"","background-repeat":"repeat","background-position":"center center","background-size":"auto","background-attachment":"scroll","background-type":"","background-media":"","overlay-type":"","overlay-color":"","overlay-opacity":"","overlay-gradient":""},"mobile":{"background-color":"","background-image":"","background-repeat":"repeat","background-position":"center center","background-size":"auto","background-attachment":"scroll","background-type":"","background-media":"","overlay-type":"","overlay-color":"","overlay-opacity":"","overlay-gradient":""}},"ast-content-background-meta":{"desktop":{"background-color":"var(--ast-global-color-5)","background-image":"","background-repeat":"repeat","background-position":"center center","background-size":"auto","background-attachment":"scroll","background-type":"","background-media":"","overlay-type":"","overlay-color":"","overlay-opacity":"","overlay-gradient":""},"tablet":{"background-color":"var(--ast-global-color-5)","background-image":"","background-repeat":"repeat","background-position":"center center","background-size":"auto","background-attachment":"scroll","background-type":"","background-media":"","overlay-type":"","overlay-color":"","overlay-opacity":"","overlay-gradient":""},"mobile":{"background-color":"var(--ast-global-color-5)","background-image":"","background-repeat":"repeat","background-position":"center center","background-size":"auto","background-attachment":"scroll","background-type":"","background-media":"","overlay-type":"","overlay-color":"","overlay-opacity":"","overlay-gradient":""}},"footnotes":""},"class_list":["post-1968","page","type-page","status-publish","hentry"],"uagb_featured_image_src":{"full":false,"thumbnail":false,"medium":false,"medium_large":false,"large":false,"1536x1536":false,"2048x2048":false,"trp-custom-language-flag":false,"woocommerce_thumbnail":false,"woocommerce_single":false,"woocommerce_gallery_thumbnail":false},"uagb_author_info":{"display_name":"emilkemal4@gmail.com","author_link":"https:\/\/vitaroma.fi\/sv\/author\/emilkemal4gmail-com\/"},"uagb_comment_info":0,"uagb_excerpt":"Ripset ja kulmat","_links":{"self":[{"href":"https:\/\/vitaroma.fi\/sv\/wp-json\/wp\/v2\/pages\/1968","targetHints":{"allow":["GET"]}}],"collection":[{"href":"https:\/\/vitaroma.fi\/sv\/wp-json\/wp\/v2\/pages"}],"about":[{"href":"https:\/\/vitaroma.fi\/sv\/wp-json\/wp\/v2\/types\/page"}],"author":[{"embeddable":true,"href":"https:\/\/vitaroma.fi\/sv\/wp-json\/wp\/v2\/users\/1"}],"replies":[{"embeddable":true,"href":"https:\/\/vitaroma.fi\/sv\/wp-json\/wp\/v2\/comments?post=1968"}],"version-history":[{"count":8,"href":"https:\/\/vitaroma.fi\/sv\/wp-json\/wp\/v2\/pages\/1968\/revisions"}],"predecessor-version":[{"id":2730,"href":"https:\/\/vitaroma.fi\/sv\/wp-json\/wp\/v2\/pages\/1968\/revisions\/2730"}],"wp:attachment":[{"href":"https:\/\/vitaroma.fi\/sv\/wp-json\/wp\/v2\/media?parent=1968"}],"curies":[{"name":"wp","href":"https:\/\/api.w.org\/{rel}","templated":true}]}}