{"id":1949,"date":"2025-04-25T16:23:21","date_gmt":"2025-04-25T16:23:21","guid":{"rendered":"https:\/\/vitaroma.fi\/?page_id=1949"},"modified":"2025-04-25T21:00:21","modified_gmt":"2025-04-25T21:00:21","slug":"diode-laser-hoito","status":"publish","type":"page","link":"https:\/\/vitaroma.fi\/sv\/diodlaserbehandling\/","title":{"rendered":"Diodlaserbehandling"},"content":{"rendered":"<div class=\"wp-block-uagb-container uagb-block-5451af51 alignfull uagb-is-root-container\"><div class=\"uagb-container-inner-blocks-wrap\">\n<div class=\"wp-block-uagb-advanced-heading uagb-block-f45ed1f8\"><h1 class=\"uagb-heading-text\">Diodlaserbehandling<\/h1><\/div>\n<\/div><\/div>\n\n\n\n<div class=\"wp-block-uagb-container uagb-block-wlmazrwo alignfull uagb-is-root-container\"><div class=\"uagb-container-inner-blocks-wrap\">\n<div class=\"wp-block-uagb-container uagb-block-0btjzulc alignfull uagb-is-root-container\"><div class=\"uagb-container-inner-blocks-wrap\">\n<div class=\"wp-block-uagb-image alignleft uagb-block-6xnwaqpe wp-block-uagb-image--layout-default wp-block-uagb-image--effect-static wp-block-uagb-image--align-left\"><figure class=\"wp-block-uagb-image__figure\"><img decoding=\"async\" srcset=\"https:\/\/vitaroma.fi\/wp-content\/uploads\/2025\/04\/Adsiz6-1-1024x576.png ,https:\/\/vitaroma.fi\/wp-content\/uploads\/2025\/04\/Adsiz6-1.png 780w, https:\/\/vitaroma.fi\/wp-content\/uploads\/2025\/04\/Adsiz6-1.png 360w\" sizes=\"auto, (max-width: 480px) 150px\" src=\"https:\/\/vitaroma.fi\/wp-content\/uploads\/2025\/04\/Adsiz6-1-1024x576.png\" alt=\"Diodlaserbehandling\" class=\"uag-image-2095\" width=\"564\" height=\"400\" title=\"Diodlaserbehandling\" loading=\"lazy\" role=\"img\"\/><\/figure><\/div>\n\n\n\n<div class=\"wp-block-uagb-container uagb-block-xrkfcv1q\">\n<div class=\"wp-block-uagb-info-box uagb-block-amettuy1 uagb-infobox__content-wrap  uagb-infobox-icon-above-title uagb-infobox-image-valign-top\"><div class=\"uagb-ifb-content\"><div class=\"uagb-ifb-title-wrap\"><h3 class=\"uagb-ifb-title\">Ny generation h\u00e5rborttagningsteknik \u2013 effektiv, skonsam och s\u00e4ker<\/h3><\/div><p class=\"uagb-ifb-desc\"><strong>Diodlaserbehandling<\/strong> \u00e4r den mest moderna och effektiva metoden f\u00f6r permanent h\u00e5rborttagning. Den bygger p\u00e5 <strong>enfrekvent laserenergi<\/strong>, som riktar sig exakt mot h\u00e5rs\u00e4cken utan att skada den omgivande v\u00e4vnaden. Detta g\u00f6r diodlasern till ett idealiskt val \u00e4ven f\u00f6r k\u00e4nsligare hudomr\u00e5den och mer kr\u00e4vande kunder som f\u00f6rv\u00e4ntar sig <strong>maximal effekt med minimalt obehag<\/strong>.<\/p><\/div><\/div>\n<\/div>\n<\/div><\/div>\n<\/div><\/div>\n\n\n\n<div class=\"wp-block-uagb-container uagb-block-onenjlwh alignfull uagb-is-root-container\"><div class=\"uagb-container-inner-blocks-wrap\">\n<div class=\"wp-block-uagb-info-box uagb-block-kdw4sbfe uagb-infobox__content-wrap  uagb-infobox-icon-above-title uagb-infobox-image-valign-top\"><div class=\"uagb-ifb-content\"><div class=\"uagb-ifb-title-wrap\"><h2 class=\"uagb-ifb-title\">Varf\u00f6r v\u00e4lja en diodlaser?<\/h2><\/div><p class=\"uagb-ifb-desc\">Till skillnad fr\u00e5n IPL (intensivt pulserande ljus) eller \u00e4ldre lasrar fungerar diodlasern <strong>vid en enda exakt v\u00e5gl\u00e4ngd (vanligtvis 808 nm)<\/strong>, som riktar sig mot hudens djupare lager. Det till\u00e5ter:<br><strong>F\u00f6r mer exakt h\u00e5rborttagning<\/strong><br><strong>F\u00e4rre hudreaktioner eller irritation<\/strong><br><strong>Kortare behandlingstid<\/strong><br><strong>L\u00e4mplig f\u00f6r flera hudtyper<\/strong> (\u00e4ven f\u00f6r ljusare eller n\u00e5got m\u00f6rkare hud)<\/p><\/div><\/div>\n\n\n\n<div class=\"wp-block-uagb-info-box uagb-block-6f18b7a4 uagb-infobox__content-wrap  uagb-infobox-icon-above-title uagb-infobox-image-valign-top\"><div class=\"uagb-ifb-content\"><div class=\"uagb-ifb-title-wrap\"><h2 class=\"uagb-ifb-title\">S\u00e5 h\u00e4r fortskrider behandlingen<\/h2><\/div><p class=\"uagb-ifb-desc\"><strong>Diodlaserbehandling b\u00f6rjar alltid med en konsultation.<\/strong>, som kartl\u00e4gger hudtyp, h\u00e5rf\u00e4rg och tillv\u00e4xtcykler. Kur:<br>Hudreng\u00f6ring och rakning vid behov<br>V\u00e4lja personliga inst\u00e4llningar<br>Exakt och j\u00e4mn dosering av laserpulser<br>Avslutas med en lugnande och \u00e5terfuktande gel<br>Instruktioner efter behandling och uppf\u00f6ljningsplan<br>Under behandlingen kommer du att k\u00e4nna <strong>v\u00e4rme och lite nypande<\/strong>, men diodlaserns kylhuvud minskar obehaget avsev\u00e4rt.<\/p><\/div><\/div>\n\n\n\n<div class=\"wp-block-uagb-info-box uagb-block-ffaf723f uagb-infobox__content-wrap  uagb-infobox-icon-above-title uagb-infobox-image-valign-top\"><div class=\"uagb-ifb-content\"><div class=\"uagb-ifb-title-wrap\"><h2 class=\"uagb-ifb-title\">Vilka omr\u00e5den kan behandlas?<\/h2><\/div><p class=\"uagb-ifb-desc\">Diodlaser \u00e4r l\u00e4mplig f\u00f6r n\u00e4stan alla delar av kroppen:<br>\u00d6verl\u00e4pp, haka, kinder<br>Armh\u00e5lor<br>Bikini-\/bh-omr\u00e5det<br>Underben, l\u00e5r<br>Rygg, br\u00f6st, mage<br>Vapen<\/p><\/div><\/div>\n\n\n\n<div class=\"wp-block-uagb-info-box uagb-block-e4414226 uagb-infobox__content-wrap  uagb-infobox-icon-above-title uagb-infobox-image-valign-top\"><div class=\"uagb-ifb-content\"><div class=\"uagb-ifb-title-wrap\"><h2 class=\"uagb-ifb-title\">Efter behandling<\/h2><\/div><p class=\"uagb-ifb-desc\"><strong>Huden kan vara n\u00e5got varm eller r\u00f6daktig.<\/strong>, men oftast avtar detta inom n\u00e5gra timmar. Det \u00e4r viktigt:<br><strong>Undvik solen<\/strong> efter behandling (solskyddsfaktor 50+ rekommenderas)<br>Anv\u00e4nd inte exfolierande medel under de f\u00f6rsta 48 timmarna.<br>Undvik bastu, simning och svettningar i 24\u201348 timmar<br>Plocka eller vaxa inte under behandlingsperioden \u2013 endast rakning \u00e4r till\u00e5tet<\/p><\/div><\/div>\n\n\n\n<div class=\"wp-block-uagb-info-box uagb-block-e2934bd1 uagb-infobox__content-wrap  uagb-infobox-icon-above-title uagb-infobox-image-valign-top\"><div class=\"uagb-ifb-content\"><div class=\"uagb-ifb-title-wrap\"><h2 class=\"uagb-ifb-title\">Behandlingsintervall och resultat<\/h2><\/div><p class=\"uagb-ifb-desc\">H\u00e5r v\u00e4xer i olika faser (anagen, katagen, telogen), s\u00e5 diodlasern \u00e4r den mest effektiva <strong>f\u00f6r h\u00e5r i aktiv tillv\u00e4xtfas<\/strong>. Av denna anledning utf\u00f6rs behandlingen i en serie:<br><strong>Behandlingsrekommendation:<\/strong> 6\u20138 g\u00e5nger<br><strong>Behandlingsintervall:<\/strong> 4\u20138 veckor beroende p\u00e5 region<br><strong>De f\u00f6rsta resultaten \u00e4r synliga efter 1\u20132 behandlingar<\/strong><br>Perfekt h\u00e5rl\u00f6shet kr\u00e4ver regelbundenhet<\/p><\/div><\/div>\n<\/div><\/div>\n\n\n\n<div class=\"wp-block-uagb-container uagb-block-9caa1a47 alignfull uagb-is-root-container\"><div class=\"uagb-container-inner-blocks-wrap\">\n<div class=\"wp-block-uagb-advanced-heading uagb-block-1ed0e64e\"><div class=\"uagb-heading-text\">L\u00e5t oss hj\u00e4lpa till.<\/div><\/div>\n\n\n\n<div class=\"wp-block-uagb-advanced-heading uagb-block-3a57683f\"><h2 class=\"uagb-heading-text\">Kontakta oss<\/h2><\/div>\n\n\n\n<div class=\"wp-block-uagb-buttons uagb-buttons__outer-wrap uagb-btn__default-btn uagb-btn-tablet__default-btn uagb-btn-mobile__default-btn uagb-block-9979be0d\"><div class=\"uagb-buttons__wrap uagb-buttons-layout-wrap\">\n<div class=\"wp-block-uagb-buttons-child uagb-buttons__outer-wrap uagb-block-84fd34e5 wp-block-button\"><div class=\"uagb-button__wrapper\"><a class=\"uagb-buttons-repeater wp-block-button__link\" aria-label=\"\" href=\"https:\/\/timma.fi\/yritys\/kauneuskeskus-vitaroma\" rel=\"follow noopener\" target=\"_self\" role=\"button\"><div class=\"uagb-button__link\">Boka en tid<\/div><\/a><\/div><\/div>\n<\/div><\/div>\n\n\n\n<div class=\"wp-block-uagb-buttons uagb-buttons__outer-wrap uagb-btn__default-btn uagb-btn-tablet__default-btn uagb-btn-mobile__default-btn uagb-block-f7add131\"><div class=\"uagb-buttons__wrap uagb-buttons-layout-wrap\">\n<div class=\"wp-block-uagb-buttons-child uagb-buttons__outer-wrap uagb-block-0c11dd62 wp-block-button\"><div class=\"uagb-button__wrapper\"><a class=\"uagb-buttons-repeater wp-block-button__link\" aria-label=\"\" href=\"https:\/\/vitaroma.fi\/sv\/kontakta-oss\/\" rel=\"follow noopener\" target=\"_self\" role=\"button\"><div class=\"uagb-button__link\">Kontakta oss<\/div><\/a><\/div><\/div>\n<\/div><\/div>\n\n\n\n<div class=\"wp-block-uagb-buttons uagb-buttons__outer-wrap uagb-btn__default-btn uagb-btn-tablet__default-btn uagb-btn-mobile__default-btn uagb-block-69da2b3b\"><div class=\"uagb-buttons__wrap uagb-buttons-layout-wrap\">\n<div class=\"wp-block-uagb-buttons-child uagb-buttons__outer-wrap uagb-block-1018754e wp-block-button\"><div class=\"uagb-button__wrapper\"><a class=\"uagb-buttons-repeater wp-block-button__link\" aria-label=\"\" href=\"https:\/\/vitaroma.fi\/sv\/information-om-oss\/\" rel=\"follow noopener\" target=\"_self\" role=\"button\"><div class=\"uagb-button__link\">Om oss<\/div><\/a><\/div><\/div>\n<\/div><\/div>\n\n\n\n<div class=\"wp-block-uagb-advanced-heading uagb-block-838a0a13\"><div class=\"uagb-separator\"><\/div><h3 class=\"uagb-heading-text\">Gratis r\u00e5d? 050 365 2103<\/h3><\/div>\n\n\n\n<!-- Font Awesome CDN -->\n<link rel=\"stylesheet\" href=\"https:\/\/cdnjs.cloudflare.com\/ajax\/libs\/font-awesome\/6.4.0\/css\/all.min.css\">\n\n<div class=\"social-links\">\n  <a href=\"https:\/\/www.instagram.com\/kauneuskeskusvitaroma_clinic\/\" target=\"_blank\" rel=\"noopener\" class=\"instagram\">\n    <i class=\"fab fa-instagram\"><\/i> Sk\u00f6nhetscenter Vitaroma\n  <\/a>\n  <a href=\"https:\/\/www.facebook.com\/61567042467466\/about\/\" target=\"_blank\" rel=\"noopener\" class=\"facebook\">\n    <i class=\"fab fa-facebook\"><\/i> Sk\u00f6nhetscenter Vitaroma\n  <\/a>\n<\/div>\n\n<style>\n  .social-links {\n    display: flex;\n    justify-content: center;\n    gap: 20px;\n    margin-top: 10px;\n  }\n\n  .social-links a {\n    display: flex;\n    align-items: center;\n    gap: 10px;\n    padding: 12px 20px;\n    font-size: 18px;\n    font-weight: 600;\n    text-decoration: none;\n    color: #fff;\n    background: rgba(0, 0, 0, 0.35);\n    border: 2px solid rgba(255, 255, 255, 0.5);\n    border-radius: 8px;\n    transition: all 0.3s ease;\n    box-shadow: 0 3px 8px rgba(0, 0, 0, 0.2);\n    backdrop-filter: blur(5px);\n  }\n\n  .social-links a i {\n    font-size: 22px;\n  }\n\n  \/* Hover efektleri *\/\n  .social-links a.instagram:hover {\n    background: #E1306C;\n    color: #fff;\n    border-color: #E1306C;\n  }\n\n  .social-links a.facebook:hover {\n    background: #1877F2;\n    color: #fff;\n    border-color: #1877F2;\n  }\n<\/style>\n\n<\/div><\/div>","protected":false},"excerpt":{"rendered":"<p>Diodlaserbehandling<\/p>","protected":false},"author":1,"featured_media":0,"parent":0,"menu_order":0,"comment_status":"closed","ping_status":"closed","template":"","meta":{"_surecart_dashboard_logo_width":"180px","_surecart_dashboard_show_logo":true,"_surecart_dashboard_navigation_orders":true,"_surecart_dashboard_navigation_invoices":true,"_surecart_dashboard_navigation_subscriptions":true,"_surecart_dashboard_navigation_downloads":true,"_surecart_dashboard_navigation_billing":true,"_surecart_dashboard_navigation_account":true,"_uag_custom_page_level_css":"","site-sidebar-layout":"default","site-content-layout":"","ast-site-content-layout":"default","site-content-style":"default","site-sidebar-style":"default","ast-global-header-display":"","ast-banner-title-visibility":"","ast-main-header-display":"","ast-hfb-above-header-display":"","ast-hfb-below-header-display":"","ast-hfb-mobile-header-display":"","site-post-title":"disabled","ast-breadcrumbs-content":"","ast-featured-img":"","footer-sml-layout":"","theme-transparent-header-meta":"","adv-header-id-meta":"","stick-header-meta":"","header-above-stick-meta":"","header-main-stick-meta":"","header-below-stick-meta":"","astra-migrate-meta-layouts":"set","ast-page-background-enabled":"default","ast-page-background-meta":{"desktop":{"background-color":"var(--ast-global-color-4)","background-image":"","background-repeat":"repeat","background-position":"center center","background-size":"auto","background-attachment":"scroll","background-type":"","background-media":"","overlay-type":"","overlay-color":"","overlay-opacity":"","overlay-gradient":""},"tablet":{"background-color":"","background-image":"","background-repeat":"repeat","background-position":"center center","background-size":"auto","background-attachment":"scroll","background-type":"","background-media":"","overlay-type":"","overlay-color":"","overlay-opacity":"","overlay-gradient":""},"mobile":{"background-color":"","background-image":"","background-repeat":"repeat","background-position":"center center","background-size":"auto","background-attachment":"scroll","background-type":"","background-media":"","overlay-type":"","overlay-color":"","overlay-opacity":"","overlay-gradient":""}},"ast-content-background-meta":{"desktop":{"background-color":"var(--ast-global-color-5)","background-image":"","background-repeat":"repeat","background-position":"center center","background-size":"auto","background-attachment":"scroll","background-type":"","background-media":"","overlay-type":"","overlay-color":"","overlay-opacity":"","overlay-gradient":""},"tablet":{"background-color":"var(--ast-global-color-5)","background-image":"","background-repeat":"repeat","background-position":"center center","background-size":"auto","background-attachment":"scroll","background-type":"","background-media":"","overlay-type":"","overlay-color":"","overlay-opacity":"","overlay-gradient":""},"mobile":{"background-color":"var(--ast-global-color-5)","background-image":"","background-repeat":"repeat","background-position":"center center","background-size":"auto","background-attachment":"scroll","background-type":"","background-media":"","overlay-type":"","overlay-color":"","overlay-opacity":"","overlay-gradient":""}},"footnotes":""},"class_list":["post-1949","page","type-page","status-publish","hentry"],"uagb_featured_image_src":{"full":false,"thumbnail":false,"medium":false,"medium_large":false,"large":false,"1536x1536":false,"2048x2048":false,"trp-custom-language-flag":false,"woocommerce_thumbnail":false,"woocommerce_single":false,"woocommerce_gallery_thumbnail":false},"uagb_author_info":{"display_name":"emilkemal4@gmail.com","author_link":"https:\/\/vitaroma.fi\/sv\/author\/emilkemal4gmail-com\/"},"uagb_comment_info":0,"uagb_excerpt":"Diode-laser hoito","_links":{"self":[{"href":"https:\/\/vitaroma.fi\/sv\/wp-json\/wp\/v2\/pages\/1949","targetHints":{"allow":["GET"]}}],"collection":[{"href":"https:\/\/vitaroma.fi\/sv\/wp-json\/wp\/v2\/pages"}],"about":[{"href":"https:\/\/vitaroma.fi\/sv\/wp-json\/wp\/v2\/types\/page"}],"author":[{"embeddable":true,"href":"https:\/\/vitaroma.fi\/sv\/wp-json\/wp\/v2\/users\/1"}],"replies":[{"embeddable":true,"href":"https:\/\/vitaroma.fi\/sv\/wp-json\/wp\/v2\/comments?post=1949"}],"version-history":[{"count":8,"href":"https:\/\/vitaroma.fi\/sv\/wp-json\/wp\/v2\/pages\/1949\/revisions"}],"predecessor-version":[{"id":2203,"href":"https:\/\/vitaroma.fi\/sv\/wp-json\/wp\/v2\/pages\/1949\/revisions\/2203"}],"wp:attachment":[{"href":"https:\/\/vitaroma.fi\/sv\/wp-json\/wp\/v2\/media?parent=1949"}],"curies":[{"name":"wp","href":"https:\/\/api.w.org\/{rel}","templated":true}]}}