{"id":1924,"date":"2025-04-25T15:40:31","date_gmt":"2025-04-25T15:40:31","guid":{"rendered":"https:\/\/vitaroma.fi\/?page_id=1924"},"modified":"2025-08-29T10:30:07","modified_gmt":"2025-08-29T08:30:07","slug":"syvapuhdistus","status":"publish","type":"page","link":"https:\/\/vitaroma.fi\/sv\/djuprengoring\/","title":{"rendered":"Djup reng\u00f6ring"},"content":{"rendered":"<div class=\"wp-block-uagb-container uagb-block-5451af51 alignfull uagb-is-root-container\"><div class=\"uagb-container-inner-blocks-wrap\">\n<div class=\"wp-block-uagb-advanced-heading uagb-block-f45ed1f8\"><h1 class=\"uagb-heading-text\">Djup reng\u00f6ring<\/h1><\/div>\n<\/div><\/div>\n\n\n\n<div class=\"wp-block-uagb-container uagb-block-wlmazrwo alignfull uagb-is-root-container\"><div class=\"uagb-container-inner-blocks-wrap\">\n<div class=\"wp-block-uagb-container uagb-block-0btjzulc alignfull uagb-is-root-container\"><div class=\"uagb-container-inner-blocks-wrap\">\n<div class=\"wp-block-uagb-image alignleft uagb-block-6xnwaqpe wp-block-uagb-image--layout-default wp-block-uagb-image--effect-static wp-block-uagb-image--align-left\"><figure class=\"wp-block-uagb-image__figure\"><img decoding=\"async\" srcset=\"https:\/\/vitaroma.fi\/wp-content\/uploads\/2025\/04\/Adsiz2-2-1024x576.png ,https:\/\/vitaroma.fi\/wp-content\/uploads\/2025\/04\/Adsiz2-2.png 780w, https:\/\/vitaroma.fi\/wp-content\/uploads\/2025\/04\/Adsiz2-2.png 360w\" sizes=\"auto, (max-width: 480px) 150px\" src=\"https:\/\/vitaroma.fi\/wp-content\/uploads\/2025\/04\/Adsiz2-2-1024x576.png\" alt=\"Djup reng\u00f6ring\" class=\"uag-image-2077\" width=\"564\" height=\"400\" title=\"Djup reng\u00f6ring\" loading=\"lazy\" role=\"img\"\/><\/figure><\/div>\n\n\n\n<div class=\"wp-block-uagb-container uagb-block-xrkfcv1q\">\n<div class=\"wp-block-uagb-info-box uagb-block-amettuy1 uagb-infobox__content-wrap  uagb-infobox-icon-above-title uagb-infobox-image-valign-top\"><div class=\"uagb-ifb-content\"><div class=\"uagb-ifb-title-wrap\"><h3 class=\"uagb-ifb-title\">Effektiv och djupreng\u00f6rande ansiktsreng\u00f6ring f\u00f6r oren hud<\/h3><\/div><p class=\"uagb-ifb-desc\"><strong>Djup reng\u00f6ring<\/strong> \u00e4r en idealisk behandling speciellt f\u00f6r dig som lider av <strong>fr\u00e5n orenheter, tillt\u00e4ppta porer eller akneben\u00e4gen hud<\/strong>. Denna ansiktsbehandling \u00e4r designad f\u00f6r att effektivt ta bort \u00f6verfl\u00f6digt talg, d\u00f6da hudceller och porer som t\u00e4pper till f\u00f6roreningar, vilket g\u00f6r att huden kan andas fritt och ser ljusare ut.<\/p><\/div><\/div>\n<\/div>\n<\/div><\/div>\n<\/div><\/div>\n\n\n\n<div class=\"wp-block-uagb-container uagb-block-onenjlwh alignfull uagb-is-root-container\"><div class=\"uagb-container-inner-blocks-wrap\">\n<div class=\"wp-block-uagb-info-box uagb-block-kdw4sbfe uagb-infobox__content-wrap  uagb-infobox-icon-above-title uagb-infobox-image-valign-top\"><div class=\"uagb-ifb-content\"><div class=\"uagb-ifb-title-wrap\"><h2 class=\"uagb-ifb-title\"><strong>Vilka f\u00f6rdelar f\u00e5r du?<br><\/strong><\/h2><\/div><p class=\"uagb-ifb-desc\"><strong>Minskat porseende<\/strong> och sl\u00e4tare yta<br><strong>Mindre glans<\/strong> och talgansamling<br><strong>Ljusare nyans<\/strong> och ett mer levande utseende<br><strong>F\u00e4rre pormaskar och komedoner<\/strong> \u2013 f\u00f6rhindrar \u00e4ven bildandet av framtida<br>Hemv\u00e5rdsprodukter <strong>absorberas b\u00e4ttre<\/strong> f\u00f6r rengjord hud<br><br><\/p><\/div><\/div>\n\n\n\n<div class=\"wp-block-uagb-info-box uagb-block-a43f7f11 uagb-infobox__content-wrap  uagb-infobox-icon-above-title uagb-infobox-image-valign-top\"><div class=\"uagb-ifb-content\"><div class=\"uagb-ifb-title-wrap\"><h2 class=\"uagb-ifb-title\">Vem passar djupreng\u00f6ring f\u00f6r?<br><\/h2><\/div><p class=\"uagb-ifb-desc\"><strong>Kombinerad och fet hud<\/strong><br><strong>Akneben\u00e4gen<\/strong> eller l\u00e4tt igensatt hud<br><strong>Vuxen akne<\/strong> och ett &quot;gr\u00e5tt&quot;, grumligt allm\u00e4nt utseende<br>Rik <strong>anv\u00e4ndning av smink<\/strong> eller exponering <strong>f\u00f6r f\u00f6roreningar<\/strong><br><strong>Vi utv\u00e4rderar f\u00f6rst:<\/strong> aktiv <strong>dermatit\/infektion<\/strong>, \u00f6ppna s\u00e5r, <strong>f\u00e4rsk solbr\u00e4nna<\/strong>, isotretinoin under de senaste m\u00e5naderna, sv\u00e5r rosacea i exacerbation. I dessa fall kommer vi att g\u00f6ra en individuell plan eller skjuta upp behandlingen.<\/p><\/div><\/div>\n\n\n\n<div class=\"wp-block-uagb-info-box uagb-block-6f18b7a4 uagb-infobox__content-wrap  uagb-infobox-icon-above-title uagb-infobox-image-valign-top\"><div class=\"uagb-ifb-content\"><div class=\"uagb-ifb-title-wrap\"><h2 class=\"uagb-ifb-title\">Syfte med behandlingen<br><\/h2><\/div><p class=\"uagb-ifb-desc\">De huvudsakliga m\u00e5len med djupreng\u00f6ring \u00e4r: <strong>\u00f6ppnande porer<\/strong>, <strong>balanserar talgsekretionen<\/strong> blandad <strong>minskad k\u00e4nslighet f\u00f6r inflammation<\/strong>. Behandlingen tar inte bara bort synliga orenheter \u2013 den hj\u00e4lper ocks\u00e5 <strong>f\u00f6r att f\u00f6rhindra uppkomsten av nya<\/strong> och <strong>lugna<\/strong> irriterad hud.<\/p><\/div><\/div>\n\n\n\n<div class=\"wp-block-uagb-info-box uagb-block-ffaf723f uagb-infobox__content-wrap  uagb-infobox-icon-above-title uagb-infobox-image-valign-top\"><div class=\"uagb-ifb-content\"><div class=\"uagb-ifb-title-wrap\"><h2 class=\"uagb-ifb-title\">Behandlingsbes\u00f6k \u2013 steg f\u00f6r steg (45\u201375 min)<br><\/h2><\/div><p class=\"uagb-ifb-desc\"><strong>Hudanalys och plan<\/strong><br>Vi kartl\u00e4gger din hudtyp, k\u00e4nslighet och omr\u00e5den med blockeringar. Vi v\u00e4ljer <strong>skalningstyp<\/strong> och borttagningstekniker.<br><strong>F\u00f6rsta reng\u00f6ringen<\/strong><br>K\u00e4rleksfull <strong>dubbel reng\u00f6ring<\/strong> (smink\/solskyddsmedel \u2192 vattenbaserad reng\u00f6ring). Vid behov anv\u00e4nder vi <strong>antibakteriell gel<\/strong>.<br><strong>Exfoliering \u2013 \u00f6ppnar porerna<\/strong><br>L\u00e4mplig f\u00f6r huden <strong>enzym- eller BHA-peeling<\/strong> mjukar upp talgproppar och avl\u00e4gsnar d\u00f6da hudceller.<br><strong>\u00c5ngkokning\/mjukg\u00f6ring<\/strong><br>Kort <strong>\u00e5ngande<\/strong> eller en varm kompress mjukar upp huden och g\u00f6r mekanisk reng\u00f6ring enklare. F\u00f6r k\u00e4nslig hud v\u00e4ljer vi <strong>\u00e5ngfri<\/strong> uppmjukning.<br><strong>Mekanisk reng\u00f6ring<\/strong><br><strong>Pormaskar, milier och komedoner<\/strong> avl\u00e4gsnas hygieniskt f\u00f6r hand\/med verktyg \u2013 endast i den utstr\u00e4ckning huden till\u00e5ter det.<br><strong>Bevarande<\/strong><br><strong>\u00c5terfuktande eller talgbalanserande mask<\/strong> (t.ex. lera + lugnande extrakt). Vid behov, lokal <strong>antiinflammatorisk<\/strong> intensivv\u00e5rd.<br><strong>Efterbehandling och skydd<\/strong><br><strong>Serum + l\u00e4tt \u00e5terfuktande kr\u00e4m<\/strong>, under dagen <strong>SPF<\/strong>. Du kommer att f\u00e5 <strong>instruktioner f\u00f6r hemv\u00e5rd<\/strong> och repetitionsintervallet f\u00f6r den individuella rekommendationen.<\/p><\/div><\/div>\n\n\n\n<div class=\"wp-block-uagb-image uagb-block-dc80057c wp-block-uagb-image--layout-default wp-block-uagb-image--effect-static wp-block-uagb-image--align-none\"><figure class=\"wp-block-uagb-image__figure\"><img decoding=\"async\" srcset=\"https:\/\/vitaroma.fi\/wp-content\/uploads\/2025\/08\/deep-1024x514-1.jpg ,https:\/\/vitaroma.fi\/wp-content\/uploads\/2025\/08\/deep-1024x514-1.jpg 780w, https:\/\/vitaroma.fi\/wp-content\/uploads\/2025\/08\/deep-1024x514-1.jpg 360w\" sizes=\"auto, (max-width: 480px) 150px\" src=\"https:\/\/vitaroma.fi\/wp-content\/uploads\/2025\/08\/deep-1024x514-1.jpg\" alt=\"\" class=\"uag-image-2738\" width=\"1024\" height=\"514\" title=\"djup-1024x514\" loading=\"lazy\" role=\"img\"\/><\/figure><\/div>\n\n\n\n<div class=\"wp-block-uagb-info-box uagb-block-e4414226 uagb-infobox__content-wrap  uagb-infobox-icon-above-title uagb-infobox-image-valign-top\"><div class=\"uagb-ifb-content\"><div class=\"uagb-ifb-title-wrap\"><h2 class=\"uagb-ifb-title\">Resultat och tidslinje<br><\/h2><\/div><p class=\"uagb-ifb-desc\"><strong>Omedelbart:<\/strong> en renare k\u00e4nsla, <strong>t\u00e4ndare<\/strong> och <strong>fr\u00e4schare<\/strong> hud; glansen minskar.<br><strong>1\u20133 dagar:<\/strong> m\u00f6jlig <strong>mild rodnad<\/strong> och individuella orenheter som &quot;stiger upp till ytan&quot; \u00e4r normala (huden reng\u00f6rs inifr\u00e5n).<br><strong>1\u20132 veckor:<\/strong> uppkomsten av porer ofta <strong>reng\u00f6ringsmedel<\/strong>, j\u00e4mnare ton \u2013 b\u00e4sta resultat uppn\u00e5s <strong>med en vanlig serie<\/strong>.<\/p><\/div><\/div>\n\n\n\n<div class=\"wp-block-uagb-info-box uagb-block-e2934bd1 uagb-infobox__content-wrap  uagb-infobox-icon-above-title uagb-infobox-image-valign-top\"><div class=\"uagb-ifb-content\"><div class=\"uagb-ifb-title-wrap\"><h2 class=\"uagb-ifb-title\">Hur ofta ska behandlingen g\u00f6ras?<br><\/h2><\/div><p class=\"uagb-ifb-desc\">Rekommendation: <strong>4\u20136 veckor<\/strong> intervaller.<br>I b\u00f6rjan (m\u00e5nga blockeringar): <strong>2\u20134 veckor<\/strong> N\u00e5gra bes\u00f6k d\u00e5 och d\u00e5 kan vara f\u00f6rdelaktiga.<br>Underh\u00e5ll: s\u00e4songsvis eller <strong>hudens behov<\/strong> av.<\/p><\/div><\/div>\n\n\n\n<div class=\"wp-block-uagb-info-box uagb-block-bb6d2ade uagb-infobox__content-wrap  uagb-infobox-icon-above-title uagb-infobox-image-valign-top\"><div class=\"uagb-ifb-content\"><div class=\"uagb-ifb-title-wrap\"><h2 class=\"uagb-ifb-title\">F\u00f6rberedelse<br><\/h2><\/div><p class=\"uagb-ifb-desc\">Anl\u00e4nda <strong>ren hud<\/strong> Jag f\u00f6redrar (inget tungt smink).<br><strong>Ta en paus fr\u00e5n retinoider\/AHA\/BHA<\/strong> 2\u20133 dagar innan, om inte annat anges.<br>Driva <strong>solarium\/stark sol<\/strong> 48 timmar innan.<br>Ber\u00e4tta <strong>mediciner<\/strong> och tidigare reaktioner (inklusive k\u00e4nslig couperos).<br><br><\/p><\/div><\/div>\n\n\n\n<div class=\"wp-block-uagb-info-box uagb-block-c15e3406 uagb-infobox__content-wrap  uagb-infobox-icon-above-title uagb-infobox-image-valign-top\"><div class=\"uagb-ifb-content\"><div class=\"uagb-ifb-title-wrap\"><h2 class=\"uagb-ifb-title\">Efterv\u00e5rd (f\u00f6rsta 24\u201372 timmarna)<br><\/h2><\/div><p class=\"uagb-ifb-desc\"><strong>Ingen smink och svett<\/strong> 24 timmar; undvik bastu\/varma duschar i 24\u201348 timmar.<br><strong>Skonsam reng\u00f6ring<\/strong> och <strong>\u00e5terfuktande kr\u00e4m<\/strong> morgon och kv\u00e4ll.<br><strong>Inga syror\/retinol\/exfolierande granuler<\/strong> i n\u00e5gra dagar.<br><strong>SPF 30\u201350<\/strong> dagligen \u2013 s\u00e4rskilt viktigt om behandlingen gjordes under dagen.<br><strong>Krama inte.<\/strong> \u2013 l\u00e5t eventuella sm\u00e5 blockeringar l\u00f6sas upp av sig sj\u00e4lva.<br><br><br><\/p><\/div><\/div>\n\n\n\n<div class=\"wp-block-uagb-info-box uagb-block-86ac119c uagb-infobox__content-wrap  uagb-infobox-icon-above-title uagb-infobox-image-valign-top\"><div class=\"uagb-ifb-content\"><div class=\"uagb-ifb-title-wrap\"><h2 class=\"uagb-ifb-title\">Vanliga fr\u00e5gor (FAQ)<br><\/h2><\/div><p class=\"uagb-ifb-desc\"><strong>G\u00f6r mekanisk reng\u00f6ring ont?<\/strong><br>Kunskap \u00e4r kortlivad <strong>tryck\/stickningar<\/strong> Om det beh\u00f6vs l\u00e4ttar vi greppet eller l\u00e4mnar vissa omr\u00e5den till n\u00e4sta g\u00e5ng.<br><strong>\u00c5ngar det varje g\u00e5ng?<\/strong><br>Inte n\u00f6dv\u00e4ndigtvis. F\u00f6r k\u00e4nslig\/reaktiv hud anv\u00e4nder vi <strong>\u00e5ngfri<\/strong> mjukg\u00f6rande medel.<br><strong>Kan jag kombinera med LED-terapi?<\/strong><br>Ja. <strong>Dermalux LED<\/strong> (bl\u00e5\/r\u00f6d) lugnar och st\u00f6djer \u00e5terh\u00e4mtning \u2013 ett utm\u00e4rkt tillskott, s\u00e4rskilt f\u00f6r inflammerad hud.<br><strong>Vad h\u00e4nder om huden &quot;bryter ut&quot; efter behandlingen?<\/strong><br>Kort <strong>reningsreaktion<\/strong> \u00e4r m\u00f6jligt n\u00e4r djupa blockeringar utl\u00f6ses. Det \u00e4r tillf\u00e4lligt och en del av reningsprocessen.<br><br><\/p><\/div><\/div>\n\n\n\n<div class=\"wp-block-uagb-image uagb-block-e66243ee wp-block-uagb-image--layout-default wp-block-uagb-image--effect-static wp-block-uagb-image--align-none\"><figure class=\"wp-block-uagb-image__figure\"><img decoding=\"async\" srcset=\"https:\/\/vitaroma.fi\/wp-content\/uploads\/2025\/08\/Hydration-Boost-Deep-Cleansing-Facial-768x1024.jpg ,https:\/\/vitaroma.fi\/wp-content\/uploads\/2025\/08\/Hydration-Boost-Deep-Cleansing-Facial.jpg 780w, https:\/\/vitaroma.fi\/wp-content\/uploads\/2025\/08\/Hydration-Boost-Deep-Cleansing-Facial.jpg 360w\" sizes=\"auto, (max-width: 480px) 150px\" src=\"https:\/\/vitaroma.fi\/wp-content\/uploads\/2025\/08\/Hydration-Boost-Deep-Cleansing-Facial-768x1024.jpg\" alt=\"\" class=\"uag-image-2739\" width=\"1125\" height=\"1500\" title=\"\u00c5terfuktningsboost-djupreng\u00f6rande-ansiktsbehandling\" loading=\"lazy\" role=\"img\"\/><\/figure><\/div>\n\n\n\n<div class=\"wp-block-uagb-info-box uagb-block-c21a5c8f uagb-infobox__content-wrap  uagb-infobox-icon-above-title uagb-infobox-image-valign-top\"><div class=\"uagb-ifb-content\"><div class=\"uagb-ifb-title-wrap\"><h2 class=\"uagb-ifb-title\">Varf\u00f6r v\u00e4lja Vitaroma f\u00f6r djupreng\u00f6ring?<br><\/h2><\/div><p class=\"uagb-ifb-desc\"><strong>Individuellt protokoll<\/strong>analys, korrekt exfoliering och noggrann reng\u00f6ring<br><strong>Skonsam och hygienisk<\/strong> arbetar \u2013 bara s\u00e5 mycket som din hud till\u00e5ter<br><strong>Tydlig efterv\u00e5rd<\/strong> och realistiskt repetitionsintervall \u2013 resultat som varar<br><strong>Boka en tid f\u00f6r djupreng\u00f6ring \u2192<\/strong><\/p><\/div><\/div>\n<\/div><\/div>\n\n\n\n<div class=\"wp-block-uagb-container uagb-block-9caa1a47 alignfull uagb-is-root-container\"><div class=\"uagb-container-inner-blocks-wrap\">\n<div class=\"wp-block-uagb-advanced-heading uagb-block-1ed0e64e\"><div class=\"uagb-heading-text\">L\u00e5t oss hj\u00e4lpa till.<\/div><\/div>\n\n\n\n<div class=\"wp-block-uagb-advanced-heading uagb-block-3a57683f\"><h2 class=\"uagb-heading-text\">Kontakta oss<\/h2><\/div>\n\n\n\n<div class=\"wp-block-uagb-buttons uagb-buttons__outer-wrap uagb-btn__default-btn uagb-btn-tablet__default-btn uagb-btn-mobile__default-btn uagb-block-9979be0d\"><div class=\"uagb-buttons__wrap uagb-buttons-layout-wrap\">\n<div class=\"wp-block-uagb-buttons-child uagb-buttons__outer-wrap uagb-block-84fd34e5 wp-block-button\"><div class=\"uagb-button__wrapper\"><a class=\"uagb-buttons-repeater wp-block-button__link\" aria-label=\"\" href=\"https:\/\/timma.fi\/yritys\/kauneuskeskus-vitaroma\" rel=\"follow noopener\" target=\"_self\" role=\"button\"><div class=\"uagb-button__link\">Boka en tid<\/div><\/a><\/div><\/div>\n<\/div><\/div>\n\n\n\n<div class=\"wp-block-uagb-buttons uagb-buttons__outer-wrap uagb-btn__default-btn uagb-btn-tablet__default-btn uagb-btn-mobile__default-btn uagb-block-f7add131\"><div class=\"uagb-buttons__wrap uagb-buttons-layout-wrap\">\n<div class=\"wp-block-uagb-buttons-child uagb-buttons__outer-wrap uagb-block-0c11dd62 wp-block-button\"><div class=\"uagb-button__wrapper\"><a class=\"uagb-buttons-repeater wp-block-button__link\" aria-label=\"\" href=\"https:\/\/vitaroma.fi\/sv\/kontakta-oss\/\" rel=\"follow noopener\" target=\"_self\" role=\"button\"><div class=\"uagb-button__link\">Kontakta oss<\/div><\/a><\/div><\/div>\n<\/div><\/div>\n\n\n\n<div class=\"wp-block-uagb-buttons uagb-buttons__outer-wrap uagb-btn__default-btn uagb-btn-tablet__default-btn uagb-btn-mobile__default-btn uagb-block-69da2b3b\"><div class=\"uagb-buttons__wrap uagb-buttons-layout-wrap\">\n<div class=\"wp-block-uagb-buttons-child uagb-buttons__outer-wrap uagb-block-1018754e wp-block-button\"><div class=\"uagb-button__wrapper\"><a class=\"uagb-buttons-repeater wp-block-button__link\" aria-label=\"\" href=\"https:\/\/vitaroma.fi\/sv\/information-om-oss\/\" rel=\"follow noopener\" target=\"_self\" role=\"button\"><div class=\"uagb-button__link\">Om oss<\/div><\/a><\/div><\/div>\n<\/div><\/div>\n\n\n\n<div class=\"wp-block-uagb-advanced-heading uagb-block-838a0a13\"><div class=\"uagb-separator\"><\/div><h3 class=\"uagb-heading-text\">Gratis r\u00e5d? 050 365 2103<\/h3><\/div>\n\n\n\n<!-- Font Awesome CDN -->\n<link rel=\"stylesheet\" href=\"https:\/\/cdnjs.cloudflare.com\/ajax\/libs\/font-awesome\/6.4.0\/css\/all.min.css\">\n\n<div class=\"social-links\">\n  <a href=\"https:\/\/www.instagram.com\/kauneuskeskusvitaroma_clinic\/\" target=\"_blank\" rel=\"noopener\" class=\"instagram\">\n    <i class=\"fab fa-instagram\"><\/i> Sk\u00f6nhetscenter Vitaroma\n  <\/a>\n  <a href=\"https:\/\/www.facebook.com\/61567042467466\/about\/\" target=\"_blank\" rel=\"noopener\" class=\"facebook\">\n    <i class=\"fab fa-facebook\"><\/i> Sk\u00f6nhetscenter Vitaroma\n  <\/a>\n<\/div>\n\n<style>\n  .social-links {\n    display: flex;\n    justify-content: center;\n    gap: 20px;\n    margin-top: 10px;\n  }\n\n  .social-links a {\n    display: flex;\n    align-items: center;\n    gap: 10px;\n    padding: 12px 20px;\n    font-size: 18px;\n    font-weight: 600;\n    text-decoration: none;\n    color: #fff;\n    background: rgba(0, 0, 0, 0.35);\n    border: 2px solid rgba(255, 255, 255, 0.5);\n    border-radius: 8px;\n    transition: all 0.3s ease;\n    box-shadow: 0 3px 8px rgba(0, 0, 0, 0.2);\n    backdrop-filter: blur(5px);\n  }\n\n  .social-links a i {\n    font-size: 22px;\n  }\n\n  \/* Hover efektleri *\/\n  .social-links a.instagram:hover {\n    background: #E1306C;\n    color: #fff;\n    border-color: #E1306C;\n  }\n\n  .social-links a.facebook:hover {\n    background: #1877F2;\n    color: #fff;\n    border-color: #1877F2;\n  }\n<\/style>\n\n<\/div><\/div>","protected":false},"excerpt":{"rendered":"<p>Djup reng\u00f6ring<\/p>","protected":false},"author":1,"featured_media":0,"parent":0,"menu_order":0,"comment_status":"closed","ping_status":"closed","template":"","meta":{"_surecart_dashboard_logo_width":"180px","_surecart_dashboard_show_logo":true,"_surecart_dashboard_navigation_orders":true,"_surecart_dashboard_navigation_invoices":true,"_surecart_dashboard_navigation_subscriptions":true,"_surecart_dashboard_navigation_downloads":true,"_surecart_dashboard_navigation_billing":true,"_surecart_dashboard_navigation_account":true,"_uag_custom_page_level_css":"","site-sidebar-layout":"default","site-content-layout":"","ast-site-content-layout":"default","site-content-style":"default","site-sidebar-style":"default","ast-global-header-display":"","ast-banner-title-visibility":"","ast-main-header-display":"","ast-hfb-above-header-display":"","ast-hfb-below-header-display":"","ast-hfb-mobile-header-display":"","site-post-title":"disabled","ast-breadcrumbs-content":"","ast-featured-img":"","footer-sml-layout":"","theme-transparent-header-meta":"","adv-header-id-meta":"","stick-header-meta":"","header-above-stick-meta":"","header-main-stick-meta":"","header-below-stick-meta":"","astra-migrate-meta-layouts":"set","ast-page-background-enabled":"default","ast-page-background-meta":{"desktop":{"background-color":"var(--ast-global-color-4)","background-image":"","background-repeat":"repeat","background-position":"center center","background-size":"auto","background-attachment":"scroll","background-type":"","background-media":"","overlay-type":"","overlay-color":"","overlay-opacity":"","overlay-gradient":""},"tablet":{"background-color":"","background-image":"","background-repeat":"repeat","background-position":"center center","background-size":"auto","background-attachment":"scroll","background-type":"","background-media":"","overlay-type":"","overlay-color":"","overlay-opacity":"","overlay-gradient":""},"mobile":{"background-color":"","background-image":"","background-repeat":"repeat","background-position":"center center","background-size":"auto","background-attachment":"scroll","background-type":"","background-media":"","overlay-type":"","overlay-color":"","overlay-opacity":"","overlay-gradient":""}},"ast-content-background-meta":{"desktop":{"background-color":"var(--ast-global-color-5)","background-image":"","background-repeat":"repeat","background-position":"center center","background-size":"auto","background-attachment":"scroll","background-type":"","background-media":"","overlay-type":"","overlay-color":"","overlay-opacity":"","overlay-gradient":""},"tablet":{"background-color":"var(--ast-global-color-5)","background-image":"","background-repeat":"repeat","background-position":"center center","background-size":"auto","background-attachment":"scroll","background-type":"","background-media":"","overlay-type":"","overlay-color":"","overlay-opacity":"","overlay-gradient":""},"mobile":{"background-color":"var(--ast-global-color-5)","background-image":"","background-repeat":"repeat","background-position":"center center","background-size":"auto","background-attachment":"scroll","background-type":"","background-media":"","overlay-type":"","overlay-color":"","overlay-opacity":"","overlay-gradient":""}},"footnotes":""},"class_list":["post-1924","page","type-page","status-publish","hentry"],"uagb_featured_image_src":{"full":false,"thumbnail":false,"medium":false,"medium_large":false,"large":false,"1536x1536":false,"2048x2048":false,"trp-custom-language-flag":false,"woocommerce_thumbnail":false,"woocommerce_single":false,"woocommerce_gallery_thumbnail":false},"uagb_author_info":{"display_name":"emilkemal4@gmail.com","author_link":"https:\/\/vitaroma.fi\/sv\/author\/emilkemal4gmail-com\/"},"uagb_comment_info":0,"uagb_excerpt":"Syv\u00e4puhdistus","_links":{"self":[{"href":"https:\/\/vitaroma.fi\/sv\/wp-json\/wp\/v2\/pages\/1924","targetHints":{"allow":["GET"]}}],"collection":[{"href":"https:\/\/vitaroma.fi\/sv\/wp-json\/wp\/v2\/pages"}],"about":[{"href":"https:\/\/vitaroma.fi\/sv\/wp-json\/wp\/v2\/types\/page"}],"author":[{"embeddable":true,"href":"https:\/\/vitaroma.fi\/sv\/wp-json\/wp\/v2\/users\/1"}],"replies":[{"embeddable":true,"href":"https:\/\/vitaroma.fi\/sv\/wp-json\/wp\/v2\/comments?post=1924"}],"version-history":[{"count":11,"href":"https:\/\/vitaroma.fi\/sv\/wp-json\/wp\/v2\/pages\/1924\/revisions"}],"predecessor-version":[{"id":2740,"href":"https:\/\/vitaroma.fi\/sv\/wp-json\/wp\/v2\/pages\/1924\/revisions\/2740"}],"wp:attachment":[{"href":"https:\/\/vitaroma.fi\/sv\/wp-json\/wp\/v2\/media?parent=1924"}],"curies":[{"name":"wp","href":"https:\/\/api.w.org\/{rel}","templated":true}]}}