{"id":1588,"date":"2025-04-24T16:13:45","date_gmt":"2025-04-24T16:13:45","guid":{"rendered":"https:\/\/vitaroma.fi\/?page_id=1588"},"modified":"2025-08-28T18:37:06","modified_gmt":"2025-08-28T16:37:06","slug":"klassinen-kasvohoito","status":"publish","type":"page","link":"https:\/\/vitaroma.fi\/sv\/klassisk-ansiktsbehandling\/","title":{"rendered":"Klassisk ansiktsbehandling"},"content":{"rendered":"<div class=\"wp-block-uagb-container uagb-block-5451af51 alignfull uagb-is-root-container\"><div class=\"uagb-container-inner-blocks-wrap\">\n<div class=\"wp-block-uagb-advanced-heading uagb-block-f45ed1f8\"><h1 class=\"uagb-heading-text\">Klassisk ansiktsbehandling<\/h1><\/div>\n<\/div><\/div>\n\n\n\n<div class=\"wp-block-uagb-container uagb-block-wlmazrwo alignfull uagb-is-root-container\"><div class=\"uagb-container-inner-blocks-wrap\">\n<div class=\"wp-block-uagb-container uagb-block-0btjzulc alignfull uagb-is-root-container\"><div class=\"uagb-container-inner-blocks-wrap\">\n<div class=\"wp-block-uagb-image alignleft uagb-block-6xnwaqpe wp-block-uagb-image--layout-default wp-block-uagb-image--effect-static wp-block-uagb-image--align-left\"><figure class=\"wp-block-uagb-image__figure\"><img decoding=\"async\" srcset=\"https:\/\/vitaroma.fi\/wp-content\/uploads\/2025\/04\/Adsiz-3-1024x576.png ,https:\/\/vitaroma.fi\/wp-content\/uploads\/2025\/04\/Adsiz-3.png 780w, https:\/\/vitaroma.fi\/wp-content\/uploads\/2025\/04\/Adsiz-3.png 360w\" sizes=\"auto, (max-width: 480px) 150px\" src=\"https:\/\/vitaroma.fi\/wp-content\/uploads\/2025\/04\/Adsiz-3-1024x576.png\" alt=\"Klassisk ansiktsbehandling\" class=\"uag-image-2073\" width=\"564\" height=\"400\" title=\"Klassisk ansiktsbehandling\" loading=\"lazy\" role=\"img\"\/><\/figure><\/div>\n\n\n\n<div class=\"wp-block-uagb-container uagb-block-xrkfcv1q\">\n<div class=\"wp-block-uagb-info-box uagb-block-amettuy1 uagb-infobox__content-wrap  uagb-infobox-icon-above-title uagb-infobox-image-valign-top\"><div class=\"uagb-ifb-content\"><div class=\"uagb-ifb-title-wrap\"><h3 class=\"uagb-ifb-title\">Naturlig lyster och balans f\u00f6r din hud<\/h3><\/div><p class=\"uagb-ifb-desc\"><strong>Klassisk ansiktsbehandling<\/strong> \u00e4r en av de mest popul\u00e4ra behandlingsformerna, och av goda sk\u00e4l. Det ger en omfattande behandling f\u00f6r huden, som <strong>reng\u00f6r, exfolierar, \u00e5terfuktar och ger n\u00e4ring \u00e5t huden<\/strong> effektivt, men f\u00f6rsiktigt. Behandlingen \u00e4r speciellt framtagen f\u00f6r dig som vill ha vitalitet och balans f\u00f6r din hud \u2013 utan starka kemikalier eller apparater.<\/p><\/div><\/div>\n<\/div>\n<\/div><\/div>\n<\/div><\/div>\n\n\n\n<div class=\"wp-block-uagb-container uagb-block-onenjlwh alignfull uagb-is-root-container\"><div class=\"uagb-container-inner-blocks-wrap\">\n<div class=\"wp-block-uagb-info-box uagb-block-kdw4sbfe uagb-infobox__content-wrap  uagb-infobox-icon-above-title uagb-infobox-image-valign-top\"><div class=\"uagb-ifb-content\"><div class=\"uagb-ifb-title-wrap\"><h2 class=\"uagb-ifb-title\">Vilka f\u00f6rdelar f\u00e5r du?<br><\/h2><\/div><p class=\"uagb-ifb-desc\"><strong>Omedelbar fr\u00e4sch\u00f6r och lyster<\/strong>: grumligheten minskar, ytan blir j\u00e4mnare.<br><strong>Minskat porseende<\/strong>talgbildning och blockeringar minskar.<br><strong>B\u00e4ttre fuktbalans<\/strong>Huden k\u00e4nns mjuk och smidig.<br><strong>Avslappnad look<\/strong>Massage stimulerar mikrocirkulationen och minskar svullnad.<br><strong>B\u00e4ttre absorption<\/strong>Hemv\u00e5rdsprodukter \u00e4r mer effektiva efter behandling.<\/p><\/div><\/div>\n\n\n\n<div class=\"wp-block-uagb-info-box uagb-block-6f18b7a4 uagb-infobox__content-wrap  uagb-infobox-icon-above-title uagb-infobox-image-valign-top\"><div class=\"uagb-ifb-content\"><div class=\"uagb-ifb-title-wrap\"><h2 class=\"uagb-ifb-title\">Behandlingskur (60 min, anpassad till din hud)<br><\/h2><\/div><p class=\"uagb-ifb-desc\"><strong>Hudanalys och konsultation<\/strong> \u2013 hudtyp, k\u00e4nslighet och m\u00e5l.<br><strong>Dubbel reng\u00f6ring<\/strong> \u2013 smink\/solskyddsmedel och orenheter avl\u00e4gsnas.<br><strong>Peeling<\/strong> \u2013 enzym- eller finkornig\/mekanisk; g\u00f6r ytan ljusare.<br><strong>\u00c5ngkokning<\/strong> \u2013 mjukg\u00f6r talgproduktionen och g\u00f6r reng\u00f6ringen enklare.<br><strong>Mekanisk reng\u00f6ring (vid behov)<\/strong> \u2013 pormaskar\/komedoner tas bort varsamt.<br><strong>Ansiktsvatten<\/strong> \u2013 pH-balanserad, lugnande.<br><strong>Ansiktsmassage<\/strong> \u2013 ansikte\u2013hals\u2013dekolletage; \u00e4mnesoms\u00e4ttning och gl\u00f6d.<br><strong>Mask<\/strong> \u2013 \u00e5terfuktande\/lugnande\/reng\u00f6rande enligt hudens behov.<br><strong>Serum + fuktkr\u00e4m<\/strong> \u2013 l\u00e5s in fukten, om det beh\u00f6vs <strong>SPF<\/strong> p\u00e5 dagen.<br><strong>Ytterligare alternativ:<\/strong> behandling av \u00f6gonomr\u00e5det, l\u00e4ppbehandling, ytterligare nack- och axelmassage.<\/p><\/div><\/div>\n\n\n\n<div class=\"wp-block-uagb-image uagb-block-3a078b50 wp-block-uagb-image--layout-default wp-block-uagb-image--effect-static wp-block-uagb-image--align-none\"><figure class=\"wp-block-uagb-image__figure\"><img decoding=\"async\" srcset=\"https:\/\/vitaroma.fi\/wp-content\/uploads\/2025\/08\/Depositphotos_16233443_S-Copy.webp ,https:\/\/vitaroma.fi\/wp-content\/uploads\/2025\/08\/Depositphotos_16233443_S-Copy.webp 780w, https:\/\/vitaroma.fi\/wp-content\/uploads\/2025\/08\/Depositphotos_16233443_S-Copy.webp 360w\" sizes=\"auto, (max-width: 480px) 150px\" src=\"https:\/\/vitaroma.fi\/wp-content\/uploads\/2025\/08\/Depositphotos_16233443_S-Copy.webp\" alt=\"\" class=\"uag-image-2732\" width=\"800\" height=\"600\" title=\"Depositphotos_16233443_S-Kopia\" loading=\"lazy\" role=\"img\"\/><\/figure><\/div>\n\n\n\n<div class=\"wp-block-uagb-info-box uagb-block-ffaf723f uagb-infobox__content-wrap  uagb-infobox-icon-above-title uagb-infobox-image-valign-top\"><div class=\"uagb-ifb-content\"><div class=\"uagb-ifb-title-wrap\"><h2 class=\"uagb-ifb-title\">Vem \u00e4r behandlingen l\u00e4mplig f\u00f6r?<br><\/h2><\/div><p class=\"uagb-ifb-desc\"><strong>F\u00f6r f\u00f6rstag\u00e5ngsanv\u00e4ndare<\/strong> och de som s\u00f6ker behandling l\u00e4mplig f\u00f6r k\u00e4nslig hud<br><strong>F\u00f6r grumlig, torr eller t\u00e4ppt hud<\/strong> f\u00f6r huden<br><strong>F\u00f6r f\u00f6rstorade porer<\/strong> och p\u00e5 en oj\u00e4mn yta<br>Regelbunden <strong>f\u00f6r underh\u00e5ll<\/strong>: 1\u00d7 \/ 4\u20136 veckor<br><strong>Situationer som ska bed\u00f6mas:<\/strong> aktiv dermatit, \u00f6ppna s\u00e5r, nyligen br\u00e4nd solbr\u00e4nna, starka retinoid-\/syrabehandlingar (uppeh\u00e5ll ska \u00f6verenskommas).<\/p><\/div><\/div>\n\n\n\n<div class=\"wp-block-uagb-info-box uagb-block-e4414226 uagb-infobox__content-wrap  uagb-infobox-icon-above-title uagb-infobox-image-valign-top\"><div class=\"uagb-ifb-content\"><div class=\"uagb-ifb-title-wrap\"><h2 class=\"uagb-ifb-title\">G\u00f6ra<\/h2><\/div><p class=\"uagb-ifb-desc\">Omedelbart efter behandling: <strong>mjukare, sl\u00e4tare och ljusare<\/strong> hud.<br>24\u201348 timmar: l\u00e4tt rodnad m\u00f6jlig efter reng\u00f6ring; avtar av sig sj\u00e4lv.<br>N\u00e4r det g\u00f6rs regelbundet: <strong>balanserad talgsekretion<\/strong>, f\u00e4rre blockeringar och <strong>j\u00e4mnare hudton<\/strong>.<\/p><\/div><\/div>\n\n\n\n<div class=\"wp-block-uagb-info-box uagb-block-e2934bd1 uagb-infobox__content-wrap  uagb-infobox-icon-above-title uagb-infobox-image-valign-top\"><div class=\"uagb-ifb-content\"><div class=\"uagb-ifb-title-wrap\"><h2 class=\"uagb-ifb-title\">Behandlingstid och repetitionsintervall<br><\/h2><\/div><p class=\"uagb-ifb-desc\"><strong>Varaktighet:<\/strong> av. <strong>60 minuter<\/strong> (kan f\u00f6rl\u00e4ngas till 75\u201390 min med till\u00e4gg)<br><strong>Rekommendation:<\/strong> som eng\u00e5ngsbehandling, &quot;akutv\u00e5rd&quot; eller <strong>som en serie var 4\u20136:e vecka<\/strong> f\u00f6r underh\u00e5ll<\/p><\/div><\/div>\n\n\n\n<div class=\"wp-block-uagb-image uagb-block-55dac747 wp-block-uagb-image--layout-default wp-block-uagb-image--effect-static wp-block-uagb-image--align-none\"><figure class=\"wp-block-uagb-image__figure\"><img decoding=\"async\" srcset=\"https:\/\/vitaroma.fi\/wp-content\/uploads\/2025\/08\/Classic-Facial-1024x1024.webp ,https:\/\/vitaroma.fi\/wp-content\/uploads\/2025\/08\/Classic-Facial.webp 780w, https:\/\/vitaroma.fi\/wp-content\/uploads\/2025\/08\/Classic-Facial.webp 360w\" sizes=\"auto, (max-width: 480px) 150px\" src=\"https:\/\/vitaroma.fi\/wp-content\/uploads\/2025\/08\/Classic-Facial-1024x1024.webp\" alt=\"\" class=\"uag-image-2733\" width=\"1200\" height=\"1200\" title=\"Klassisk ansiktsbehandling\" loading=\"lazy\" role=\"img\"\/><\/figure><\/div>\n\n\n\n<div class=\"wp-block-uagb-info-box uagb-block-2bce277d uagb-infobox__content-wrap  uagb-infobox-icon-above-title uagb-infobox-image-valign-top\"><div class=\"uagb-ifb-content\"><div class=\"uagb-ifb-title-wrap\"><h2 class=\"uagb-ifb-title\">F\u00f6rberedelse<br><\/h2><\/div><p class=\"uagb-ifb-desc\">Anl\u00e4nda <strong>med ren hud<\/strong> (utan kraftigt smink, om m\u00f6jligt).<br>Driva <strong>starka syror\/retinoider<\/strong> 48 timmar f\u00f6re behandling.<br>Rapportera <strong>k\u00e4nsligheter\/allergier<\/strong> och eventuella l\u00e4kemedel (t.ex. isotretinoin).<br>Driva <strong>solarium\/stark sol<\/strong> 48 timmar innan.<\/p><\/div><\/div>\n\n\n\n<div class=\"wp-block-uagb-info-box uagb-block-12e1a735 uagb-infobox__content-wrap  uagb-infobox-icon-above-title uagb-infobox-image-valign-top\"><div class=\"uagb-ifb-content\"><div class=\"uagb-ifb-title-wrap\"><h2 class=\"uagb-ifb-title\">Efterv\u00e5rd (24\u201372 timmar)<br><\/h2><\/div><p class=\"uagb-ifb-desc\">Driva <strong>bastu, kraftig svettning och varma duschar<\/strong> dygnet runt.<br><strong>L\u00e4tt \u00e5terfuktande<\/strong> morgon och kv\u00e4ll; undvik syror\/retinoider <strong>2\u20133 dagar<\/strong>.<br><strong>SPF 30\u201350<\/strong> under dagen \u2013 huden \u00e4r mer mottaglig f\u00f6r UV-str\u00e5lning.<br>Du kan ocks\u00e5 sminka dig samma dag, men <strong>huden tackar dig f\u00f6r andetaget<\/strong>.<br><br><\/p><\/div><\/div>\n\n\n\n<div class=\"wp-block-uagb-image uagb-block-6c6e5c57 wp-block-uagb-image--layout-default wp-block-uagb-image--effect-static wp-block-uagb-image--align-none\"><figure class=\"wp-block-uagb-image__figure\"><img decoding=\"async\" srcset=\"https:\/\/vitaroma.fi\/wp-content\/uploads\/2025\/08\/Facials_1024x400.webp ,https:\/\/vitaroma.fi\/wp-content\/uploads\/2025\/08\/Facials_1024x400.webp 780w, https:\/\/vitaroma.fi\/wp-content\/uploads\/2025\/08\/Facials_1024x400.webp 360w\" sizes=\"auto, (max-width: 480px) 150px\" src=\"https:\/\/vitaroma.fi\/wp-content\/uploads\/2025\/08\/Facials_1024x400.webp\" alt=\"\" class=\"uag-image-2735\" width=\"800\" height=\"600\" title=\"Ansiktsbehandlingar_1024x400\" loading=\"lazy\" role=\"img\"\/><\/figure><\/div>\n\n\n\n<div class=\"wp-block-uagb-info-box uagb-block-128170fc uagb-infobox__content-wrap  uagb-infobox-icon-above-title uagb-infobox-image-valign-top\"><div class=\"uagb-ifb-content\"><div class=\"uagb-ifb-title-wrap\"><h2 class=\"uagb-ifb-title\">Vanliga fr\u00e5gor<br><\/h2><\/div><p class=\"uagb-ifb-desc\"><strong>G\u00f6r mekanisk reng\u00f6ring ont?<\/strong><br>Kunskap \u00e4r <strong>mild till m\u00e5ttlig<\/strong>, men kortvarig. Om det beh\u00f6vs hoppar vi \u00f6ver detta steg eller g\u00f6r det delvis.<br><strong>\u00c4r det l\u00e4mpligt f\u00f6r personer som \u00e4r ben\u00e4gna att f\u00e5 akne?<\/strong><br>Ja \u2013 <strong>mild exfoliering + lugnande mask<\/strong> och selektiv reng\u00f6ring fungerar bra. Vid aktiv inflammation skr\u00e4ddarsyr vi protokollet.<br><strong>Kan jag kombinera det med andra behandlingar?<\/strong><br>Ja. Popul\u00e4ra kombinationer inkluderar:. <strong>LED-ljus (Dermalux)<\/strong> att lugna eller <strong>h\u00f6rnformning<\/strong> under bes\u00f6ket.<br><strong>N\u00e4r kommer jag att se skillnad?<\/strong><br><strong>Omedelbart<\/strong>: lyster, lenhet och mjukhet. <strong>B\u00e4st<\/strong> l\u00e5ngsiktiga resultat skapas <strong>med regelbundenhet<\/strong>.<br><\/p><\/div><\/div>\n\n\n\n<div class=\"wp-block-uagb-info-box uagb-block-6df04f2c uagb-infobox__content-wrap  uagb-infobox-icon-above-title uagb-infobox-image-valign-top\"><div class=\"uagb-ifb-content\"><div class=\"uagb-ifb-title-wrap\"><h2 class=\"uagb-ifb-title\">Varf\u00f6r v\u00e4lja Vitaroma?<br><\/h2><\/div><p class=\"uagb-ifb-desc\"><strong>Individuellt protokoll<\/strong> beroende p\u00e5 hudtyp och k\u00e4nslighet<br><strong>Skonsam, effektiv<\/strong> professionella produkter<br><strong>Medicinsk hygien<\/strong>, tydliga instruktioner f\u00f6r efterv\u00e5rd och realistiska f\u00f6rv\u00e4ntningar<br>M\u00f6jlighet <strong>till\u00e4gga<\/strong> LED-behandling, \u00f6gonbehandling eller nack- och axelmassage<br><strong>Boka tid f\u00f6r klassisk ansiktsbehandling \u2192<\/strong><\/p><\/div><\/div>\n<\/div><\/div>\n\n\n\n<div class=\"wp-block-uagb-container uagb-block-9caa1a47 alignfull uagb-is-root-container\"><div class=\"uagb-container-inner-blocks-wrap\">\n<div class=\"wp-block-uagb-advanced-heading uagb-block-1ed0e64e\"><div class=\"uagb-heading-text\">L\u00e5t oss hj\u00e4lpa till.<\/div><\/div>\n\n\n\n<div class=\"wp-block-uagb-advanced-heading uagb-block-3a57683f\"><h2 class=\"uagb-heading-text\">Kontakta oss<\/h2><\/div>\n\n\n\n<div class=\"wp-block-uagb-buttons uagb-buttons__outer-wrap uagb-btn__default-btn uagb-btn-tablet__default-btn uagb-btn-mobile__default-btn uagb-block-9979be0d\"><div class=\"uagb-buttons__wrap uagb-buttons-layout-wrap\">\n<div class=\"wp-block-uagb-buttons-child uagb-buttons__outer-wrap uagb-block-84fd34e5 wp-block-button\"><div class=\"uagb-button__wrapper\"><a class=\"uagb-buttons-repeater wp-block-button__link\" aria-label=\"\" href=\"https:\/\/timma.fi\/yritys\/kauneuskeskus-vitaroma\" rel=\"follow noopener\" target=\"_self\" role=\"button\"><div class=\"uagb-button__link\">Boka en tid<\/div><\/a><\/div><\/div>\n<\/div><\/div>\n\n\n\n<div class=\"wp-block-uagb-buttons uagb-buttons__outer-wrap uagb-btn__default-btn uagb-btn-tablet__default-btn uagb-btn-mobile__default-btn uagb-block-f7add131\"><div class=\"uagb-buttons__wrap uagb-buttons-layout-wrap\">\n<div class=\"wp-block-uagb-buttons-child uagb-buttons__outer-wrap uagb-block-0c11dd62 wp-block-button\"><div class=\"uagb-button__wrapper\"><a class=\"uagb-buttons-repeater wp-block-button__link\" aria-label=\"\" href=\"https:\/\/vitaroma.fi\/sv\/kontakta-oss\/\" rel=\"follow noopener\" target=\"_self\" role=\"button\"><div class=\"uagb-button__link\">Kontakta oss<\/div><\/a><\/div><\/div>\n<\/div><\/div>\n\n\n\n<div class=\"wp-block-uagb-buttons uagb-buttons__outer-wrap uagb-btn__default-btn uagb-btn-tablet__default-btn uagb-btn-mobile__default-btn uagb-block-69da2b3b\"><div class=\"uagb-buttons__wrap uagb-buttons-layout-wrap\">\n<div class=\"wp-block-uagb-buttons-child uagb-buttons__outer-wrap uagb-block-1018754e wp-block-button\"><div class=\"uagb-button__wrapper\"><a class=\"uagb-buttons-repeater wp-block-button__link\" aria-label=\"\" href=\"https:\/\/vitaroma.fi\/sv\/information-om-oss\/\" rel=\"follow noopener\" target=\"_self\" role=\"button\"><div class=\"uagb-button__link\">Om oss<\/div><\/a><\/div><\/div>\n<\/div><\/div>\n\n\n\n<div class=\"wp-block-uagb-advanced-heading uagb-block-838a0a13\"><div class=\"uagb-separator\"><\/div><h3 class=\"uagb-heading-text\">Gratis r\u00e5d? 050 365 2103<\/h3><\/div>\n\n\n\n<!-- Font Awesome CDN -->\n<link rel=\"stylesheet\" href=\"https:\/\/cdnjs.cloudflare.com\/ajax\/libs\/font-awesome\/6.4.0\/css\/all.min.css\">\n\n<div class=\"social-links\">\n  <a href=\"https:\/\/www.instagram.com\/kauneuskeskusvitaroma_clinic\/\" target=\"_blank\" rel=\"noopener\" class=\"instagram\">\n    <i class=\"fab fa-instagram\"><\/i> Sk\u00f6nhetscenter Vitaroma\n  <\/a>\n  <a href=\"https:\/\/www.facebook.com\/61567042467466\/about\/\" target=\"_blank\" rel=\"noopener\" class=\"facebook\">\n    <i class=\"fab fa-facebook\"><\/i> Sk\u00f6nhetscenter Vitaroma\n  <\/a>\n<\/div>\n\n<style>\n  .social-links {\n    display: flex;\n    justify-content: center;\n    gap: 20px;\n    margin-top: 10px;\n  }\n\n  .social-links a {\n    display: flex;\n    align-items: center;\n    gap: 10px;\n    padding: 12px 20px;\n    font-size: 18px;\n    font-weight: 600;\n    text-decoration: none;\n    color: #fff;\n    background: rgba(0, 0, 0, 0.35);\n    border: 2px solid rgba(255, 255, 255, 0.5);\n    border-radius: 8px;\n    transition: all 0.3s ease;\n    box-shadow: 0 3px 8px rgba(0, 0, 0, 0.2);\n    backdrop-filter: blur(5px);\n  }\n\n  .social-links a i {\n    font-size: 22px;\n  }\n\n  \/* Hover efektleri *\/\n  .social-links a.instagram:hover {\n    background: #E1306C;\n    color: #fff;\n    border-color: #E1306C;\n  }\n\n  .social-links a.facebook:hover {\n    background: #1877F2;\n    color: #fff;\n    border-color: #1877F2;\n  }\n<\/style>\n\n<\/div><\/div>","protected":false},"excerpt":{"rendered":"<p>Klassisk ansiktsbehandling<\/p>","protected":false},"author":1,"featured_media":0,"parent":0,"menu_order":0,"comment_status":"closed","ping_status":"closed","template":"","meta":{"_surecart_dashboard_logo_width":"180px","_surecart_dashboard_show_logo":true,"_surecart_dashboard_navigation_orders":true,"_surecart_dashboard_navigation_invoices":true,"_surecart_dashboard_navigation_subscriptions":true,"_surecart_dashboard_navigation_downloads":true,"_surecart_dashboard_navigation_billing":true,"_surecart_dashboard_navigation_account":true,"_uag_custom_page_level_css":"","site-sidebar-layout":"default","site-content-layout":"","ast-site-content-layout":"default","site-content-style":"default","site-sidebar-style":"default","ast-global-header-display":"","ast-banner-title-visibility":"","ast-main-header-display":"","ast-hfb-above-header-display":"","ast-hfb-below-header-display":"","ast-hfb-mobile-header-display":"","site-post-title":"disabled","ast-breadcrumbs-content":"","ast-featured-img":"","footer-sml-layout":"","theme-transparent-header-meta":"","adv-header-id-meta":"","stick-header-meta":"","header-above-stick-meta":"","header-main-stick-meta":"","header-below-stick-meta":"","astra-migrate-meta-layouts":"set","ast-page-background-enabled":"default","ast-page-background-meta":{"desktop":{"background-color":"var(--ast-global-color-4)","background-image":"","background-repeat":"repeat","background-position":"center center","background-size":"auto","background-attachment":"scroll","background-type":"","background-media":"","overlay-type":"","overlay-color":"","overlay-opacity":"","overlay-gradient":""},"tablet":{"background-color":"","background-image":"","background-repeat":"repeat","background-position":"center center","background-size":"auto","background-attachment":"scroll","background-type":"","background-media":"","overlay-type":"","overlay-color":"","overlay-opacity":"","overlay-gradient":""},"mobile":{"background-color":"","background-image":"","background-repeat":"repeat","background-position":"center center","background-size":"auto","background-attachment":"scroll","background-type":"","background-media":"","overlay-type":"","overlay-color":"","overlay-opacity":"","overlay-gradient":""}},"ast-content-background-meta":{"desktop":{"background-color":"var(--ast-global-color-5)","background-image":"","background-repeat":"repeat","background-position":"center center","background-size":"auto","background-attachment":"scroll","background-type":"","background-media":"","overlay-type":"","overlay-color":"","overlay-opacity":"","overlay-gradient":""},"tablet":{"background-color":"var(--ast-global-color-5)","background-image":"","background-repeat":"repeat","background-position":"center center","background-size":"auto","background-attachment":"scroll","background-type":"","background-media":"","overlay-type":"","overlay-color":"","overlay-opacity":"","overlay-gradient":""},"mobile":{"background-color":"var(--ast-global-color-5)","background-image":"","background-repeat":"repeat","background-position":"center center","background-size":"auto","background-attachment":"scroll","background-type":"","background-media":"","overlay-type":"","overlay-color":"","overlay-opacity":"","overlay-gradient":""}},"footnotes":""},"class_list":["post-1588","page","type-page","status-publish","hentry"],"uagb_featured_image_src":{"full":false,"thumbnail":false,"medium":false,"medium_large":false,"large":false,"1536x1536":false,"2048x2048":false,"trp-custom-language-flag":false,"woocommerce_thumbnail":false,"woocommerce_single":false,"woocommerce_gallery_thumbnail":false},"uagb_author_info":{"display_name":"emilkemal4@gmail.com","author_link":"https:\/\/vitaroma.fi\/sv\/author\/emilkemal4gmail-com\/"},"uagb_comment_info":0,"uagb_excerpt":"Klassinen kasvohoito","_links":{"self":[{"href":"https:\/\/vitaroma.fi\/sv\/wp-json\/wp\/v2\/pages\/1588","targetHints":{"allow":["GET"]}}],"collection":[{"href":"https:\/\/vitaroma.fi\/sv\/wp-json\/wp\/v2\/pages"}],"about":[{"href":"https:\/\/vitaroma.fi\/sv\/wp-json\/wp\/v2\/types\/page"}],"author":[{"embeddable":true,"href":"https:\/\/vitaroma.fi\/sv\/wp-json\/wp\/v2\/users\/1"}],"replies":[{"embeddable":true,"href":"https:\/\/vitaroma.fi\/sv\/wp-json\/wp\/v2\/comments?post=1588"}],"version-history":[{"count":36,"href":"https:\/\/vitaroma.fi\/sv\/wp-json\/wp\/v2\/pages\/1588\/revisions"}],"predecessor-version":[{"id":2736,"href":"https:\/\/vitaroma.fi\/sv\/wp-json\/wp\/v2\/pages\/1588\/revisions\/2736"}],"wp:attachment":[{"href":"https:\/\/vitaroma.fi\/sv\/wp-json\/wp\/v2\/media?parent=1588"}],"curies":[{"name":"wp","href":"https:\/\/api.w.org\/{rel}","templated":true}]}}