{"id":2338,"date":"2025-04-26T01:35:43","date_gmt":"2025-04-26T01:35:43","guid":{"rendered":"https:\/\/vitaroma.fi\/?post_type=product&#038;p=2338"},"modified":"2025-11-24T01:26:52","modified_gmt":"2025-11-23T23:26:52","slug":"fusion-meso-repair-cream","status":"publish","type":"product","link":"https:\/\/vitaroma.fi\/ru\/produkt\/fusion-meso-repair-cream\/","title":{"rendered":"\u041a\u0440\u0435\u043c Fusion Meso Repair"},"content":{"rendered":"<p class=\"\" data-start=\"471\" data-end=\"705\"><strong data-start=\"471\" data-end=\"629\">\u041a\u0440\u0435\u043c Fusion Meso Repair \u0441\u043f\u0435\u0446\u0438\u0430\u043b\u044c\u043d\u043e \u0440\u0430\u0437\u0440\u0430\u0431\u043e\u0442\u0430\u043d \u0434\u043b\u044f \u044d\u0444\u0444\u0435\u043a\u0442\u0438\u0432\u043d\u043e\u0433\u043e \u0437\u0430\u0436\u0438\u0432\u043b\u0435\u043d\u0438\u044f \u0438 \u0432\u043e\u0441\u0441\u0442\u0430\u043d\u043e\u0432\u043b\u0435\u043d\u0438\u044f \u043a\u043e\u0436\u0438 \u043f\u043e\u0441\u043b\u0435 \u044d\u0441\u0442\u0435\u0442\u0438\u0447\u0435\u0441\u043a\u0438\u0445 \u043f\u0440\u043e\u0446\u0435\u0434\u0443\u0440, \u0442\u0430\u043a\u0438\u0445 \u043a\u0430\u043a \u043c\u0435\u0437\u043e\u0442\u0435\u0440\u0430\u043f\u0438\u044f.<\/strong><br data-start=\"629\" data-end=\"632\" \/>\u0421\u043e\u0434\u0435\u0440\u0436\u0438\u0442 \u0432\u044b\u0441\u043e\u043a\u043e\u044d\u0444\u0444\u0435\u043a\u0442\u0438\u0432\u043d\u0443\u044e \u043a\u043e\u043c\u0431\u0438\u043d\u0430\u0446\u0438\u044e \u0430\u043a\u0442\u0438\u0432\u043d\u044b\u0445 \u0438\u043d\u0433\u0440\u0435\u0434\u0438\u0435\u043d\u0442\u043e\u0432, \u043a\u043e\u0442\u043e\u0440\u044b\u0435:<\/p>\n<ul data-start=\"707\" data-end=\"878\">\n<li class=\"\" data-start=\"707\" data-end=\"745\">\n<p class=\"\" data-start=\"709\" data-end=\"745\"><strong data-start=\"709\" data-end=\"743\">\u0423\u0441\u043a\u043e\u0440\u044f\u0435\u0442 \u043f\u0440\u043e\u0446\u0435\u0441\u0441 \u0437\u0430\u0436\u0438\u0432\u043b\u0435\u043d\u0438\u044f<\/strong><\/p>\n<\/li>\n<li class=\"\" data-start=\"746\" data-end=\"811\">\n<p class=\"\" data-start=\"748\" data-end=\"811\"><strong data-start=\"748\" data-end=\"809\">\u0423\u043c\u0435\u043d\u044c\u0448\u0430\u0435\u0442 \u043f\u043e\u043a\u0440\u0430\u0441\u043d\u0435\u043d\u0438\u0435 \u0438 \u0432\u043e\u0441\u043f\u0430\u043b\u0435\u043d\u0438\u0435 \u0434\u043e 52% \u0437\u0430 48 \u0447\u0430\u0441\u043e\u0432<\/strong><\/p>\n<\/li>\n<li class=\"\" data-start=\"812\" data-end=\"878\">\n<p class=\"\" data-start=\"814\" data-end=\"878\"><strong data-start=\"814\" data-end=\"841\">\u0423\u0441\u0442\u0440\u0430\u043d\u044f\u0435\u0442 \u043f\u043e\u0432\u0440\u0435\u0436\u0434\u0435\u043d\u0438\u044f \u0414\u041d\u041a<\/strong>, \u043e\u0441\u043e\u0431\u0435\u043d\u043d\u043e \u0442\u0435, \u043a\u043e\u0442\u043e\u0440\u044b\u0435 \u0432\u044b\u0437\u0432\u0430\u043d\u044b \u0423\u0424-\u0438\u0437\u043b\u0443\u0447\u0435\u043d\u0438\u0435\u043c<\/p>\n<\/li>\n<\/ul>\n<p class=\"\" data-start=\"880\" data-end=\"923\"><strong data-start=\"880\" data-end=\"923\">\u041e\u0441\u043d\u043e\u0432\u043d\u044b\u0435 \u043e\u0441\u043e\u0431\u0435\u043d\u043d\u043e\u0441\u0442\u0438 \u0438 \u044d\u0444\u0444\u0435\u043a\u0442\u044b:<\/strong><\/p>\n<ul data-start=\"924\" data-end=\"1282\">\n<li class=\"\" data-start=\"924\" data-end=\"1004\">\n<p class=\"\" data-start=\"926\" data-end=\"1004\"><strong data-start=\"926\" data-end=\"948\">\u041a\u043e\u043c\u043f\u043b\u0435\u043a\u0441 \u0431\u043b\u0430\u0433\u043e\u0443\u0441\u0442\u0440\u043e\u0439\u0441\u0442\u0432\u0430:<\/strong> \u0423\u043c\u0435\u043d\u044c\u0448\u0430\u0435\u0442 \u0432\u043e\u0441\u043f\u0430\u043b\u0438\u0442\u0435\u043b\u044c\u043d\u044b\u0435 \u0440\u0435\u0430\u043a\u0446\u0438\u0438 \u0438 \u0441\u043f\u043e\u0441\u043e\u0431\u0441\u0442\u0432\u0443\u0435\u0442 \u0440\u0435\u0433\u0435\u043d\u0435\u0440\u0430\u0446\u0438\u0438 \u043a\u043e\u0436\u0438<\/p>\n<\/li>\n<li class=\"\" data-start=\"1005\" data-end=\"1110\">\n<p class=\"\" data-start=\"1007\" data-end=\"1110\"><strong data-start=\"1007\" data-end=\"1031\">\u0424\u0443\u043d\u043a\u0446\u0438\u044f \u0440\u0435\u043f\u0430\u0440\u0430\u0446\u0438\u0438 \u0414\u041d\u041a:<\/strong> \u0423\u0441\u0442\u0440\u0430\u043d\u044f\u0435\u0442 \u0432\u0440\u0435\u0434\u043d\u043e\u0435 \u0432\u043e\u0437\u0434\u0435\u0439\u0441\u0442\u0432\u0438\u0435 \u043e\u043a\u0440\u0443\u0436\u0430\u044e\u0449\u0435\u0439 \u0441\u0440\u0435\u0434\u044b, \u043d\u0430\u043f\u0440\u0438\u043c\u0435\u0440, \u0441\u0442\u0430\u0440\u0435\u043d\u0438\u0435, \u0432\u044b\u0437\u0432\u0430\u043d\u043d\u043e\u0435 \u0441\u043e\u043b\u043d\u0446\u0435\u043c<\/p>\n<\/li>\n<li class=\"\" data-start=\"1111\" data-end=\"1193\">\n<p class=\"\" data-start=\"1113\" data-end=\"1193\"><strong data-start=\"1113\" data-end=\"1139\">\u0416\u0438\u0440\u043d\u0430\u044f \u0442\u0435\u043a\u0441\u0442\u0443\u0440\u0430:<\/strong> \u0412\u043f\u0438\u0442\u044b\u0432\u0430\u0435\u0442\u0441\u044f \u0432 \u043a\u043e\u0436\u0443, \u043e\u0445\u043b\u0430\u0436\u0434\u0430\u044f \u0438 \u0443\u0441\u043f\u043e\u043a\u0430\u0438\u0432\u0430\u044f \u0440\u0430\u0437\u0434\u0440\u0430\u0436\u0435\u043d\u0438\u0435.<\/p>\n<\/li>\n<li class=\"\" data-start=\"1194\" data-end=\"1282\">\n<p class=\"\" data-start=\"1196\" data-end=\"1282\"><strong data-start=\"1196\" data-end=\"1216\">\u0417\u0430\u0449\u0438\u0442\u043d\u044b\u0435 \u0432\u043e\u0441\u043a\u0438:<\/strong> \u041e\u0431\u0440\u0430\u0437\u0443\u0435\u0442 \u043d\u0430 \u043f\u043e\u0432\u0435\u0440\u0445\u043d\u043e\u0441\u0442\u0438 \u043a\u043e\u0436\u0438 \u0434\u044b\u0448\u0430\u0449\u0438\u0439, \u0443\u043a\u0440\u0435\u043f\u043b\u044f\u044e\u0449\u0438\u0439 \u0437\u0430\u0449\u0438\u0442\u043d\u044b\u0439 \u0441\u043b\u043e\u0439.<\/p>\n<\/li>\n<\/ul>\n<p class=\"\" data-start=\"1284\" data-end=\"1303\"><strong data-start=\"1284\" data-end=\"1301\">\u0421\u043e\u0432\u0435\u0442 \u043f\u043e \u0438\u0441\u043f\u043e\u043b\u044c\u0437\u043e\u0432\u0430\u043d\u0438\u044e:<\/strong><\/p>\n<ul data-start=\"1304\" data-end=\"1419\">\n<li class=\"\" data-start=\"1304\" data-end=\"1419\">\n<p class=\"\" data-start=\"1306\" data-end=\"1419\">\u041a\u0440\u0435\u043c \u043c\u043e\u0436\u043d\u043e \u0445\u0440\u0430\u043d\u0438\u0442\u044c \u0432 \u043f\u0440\u043e\u0445\u043b\u0430\u0434\u043d\u043e\u043c \u043c\u0435\u0441\u0442\u0435 (7\u201315 \u00b0C) \u0434\u043b\u044f \u0434\u043e\u0441\u0442\u0438\u0436\u0435\u043d\u0438\u044f \u043e\u043f\u0442\u0438\u043c\u0430\u043b\u044c\u043d\u043e\u0433\u043e \u043e\u0445\u043b\u0430\u0436\u0434\u0430\u044e\u0449\u0435\u0433\u043e \u0438 \u0443\u0441\u043f\u043e\u043a\u0430\u0438\u0432\u0430\u044e\u0449\u0435\u0433\u043e \u044d\u0444\u0444\u0435\u043a\u0442\u0430.<\/p>\n<\/li>\n<\/ul>\n<p class=\"\" data-start=\"1421\" data-end=\"1451\"><strong data-start=\"1421\" data-end=\"1449\">\u041f\u0440\u0438 \u0440\u0435\u0433\u0443\u043b\u044f\u0440\u043d\u043e\u043c \u0438\u0441\u043f\u043e\u043b\u044c\u0437\u043e\u0432\u0430\u043d\u0438\u0438:<\/strong><\/p>\n<ul data-start=\"1452\" data-end=\"1580\">\n<li class=\"\" data-start=\"1452\" data-end=\"1477\">\n<p class=\"\" data-start=\"1454\" data-end=\"1477\">\u041a\u043e\u0436\u0430 \u0437\u0430\u0436\u0438\u0432\u0430\u0435\u0442 \u0431\u044b\u0441\u0442\u0440\u0435\u0435<\/p>\n<\/li>\n<li class=\"\" data-start=\"1478\" data-end=\"1521\">\n<p class=\"\" data-start=\"1480\" data-end=\"1521\">\u041f\u043e\u043a\u0440\u0430\u0441\u043d\u0435\u043d\u0438\u0435 \u0438 \u0440\u0430\u0437\u0434\u0440\u0430\u0436\u0435\u043d\u0438\u0435 \u0437\u0430\u043c\u0435\u0442\u043d\u043e \u0443\u043c\u0435\u043d\u044c\u0448\u0430\u044e\u0442\u0441\u044f<\/p>\n<\/li>\n<li class=\"\" data-start=\"1522\" data-end=\"1580\">\n<p class=\"\" data-start=\"1524\" data-end=\"1580\">\u0421\u0442\u0440\u0443\u043a\u0442\u0443\u0440\u0430 \u043a\u043e\u0436\u0438 \u0438 \u0435\u0435 \u0437\u0430\u0449\u0438\u0442\u043d\u044b\u0435 \u0444\u0443\u043d\u043a\u0446\u0438\u0438 \u0437\u043d\u0430\u0447\u0438\u0442\u0435\u043b\u044c\u043d\u043e \u0443\u043a\u0440\u0435\u043f\u043b\u044f\u044e\u0442\u0441\u044f.<\/p>\n<\/li>\n<\/ul>\n<p class=\"\" data-start=\"1582\" data-end=\"1638\">\u0418\u0434\u0435\u0430\u043b\u044c\u043d\u043e \u043f\u043e\u0434\u0445\u043e\u0434\u0438\u0442 \u0434\u043b\u044f \u0438\u0441\u043f\u043e\u043b\u044c\u0437\u043e\u0432\u0430\u043d\u0438\u044f \u0432 \u0442\u0430\u043a\u0438\u0445 \u043f\u0440\u043e\u0446\u0435\u0434\u0443\u0440\u0430\u0445, \u043a\u0430\u043a:<\/p>\n<ul data-start=\"1640\" data-end=\"1712\">\n<li class=\"\" data-start=\"1640\" data-end=\"1655\">\n<p class=\"\" data-start=\"1642\" data-end=\"1655\">\u041c\u0435\u0437\u043e\u0442\u0435\u0440\u0430\u043f\u0438\u044f<\/p>\n<\/li>\n<li class=\"\" data-start=\"1656\" data-end=\"1672\">\n<p class=\"\" data-start=\"1658\" data-end=\"1672\">\u041c\u0438\u043a\u0440\u043e\u043d\u0438\u0434\u043b\u0438\u043d\u0433<\/p>\n<\/li>\n<li class=\"\" data-start=\"1673\" data-end=\"1688\">\n<p class=\"\" data-start=\"1675\" data-end=\"1688\">\u041b\u0430\u0437\u0435\u0440\u043d\u043e\u0435 \u043b\u0435\u0447\u0435\u043d\u0438\u0435<\/p>\n<\/li>\n<li class=\"\" data-start=\"1689\" data-end=\"1712\">\n<p class=\"\" data-start=\"1691\" data-end=\"1712\">\u0425\u0438\u043c\u0438\u0447\u0435\u0441\u043a\u0438\u0435 \u043f\u0438\u043b\u0438\u043d\u0433\u0438<\/p>\n<\/li>\n<\/ul>\n<p class=\"\" data-start=\"1714\" data-end=\"1722\">\u043f\u043e\u0441\u043b\u0435.<\/p>","protected":false},"excerpt":{"rendered":"<p class=\"\" data-start=\"1778\" data-end=\"1930\"><strong data-start=\"1778\" data-end=\"1930\">\u042d\u0444\u0444\u0435\u043a\u0442\u0438\u0432\u043d\u044b\u0439 \u0432\u043e\u0441\u0441\u0442\u0430\u043d\u0430\u0432\u043b\u0438\u0432\u0430\u044e\u0449\u0438\u0439 \u043a\u0440\u0435\u043c, \u043e\u0431\u043e\u0433\u0430\u0449\u0435\u043d\u043d\u044b\u0439 \u0430\u043a\u0442\u0438\u0432\u043d\u044b\u043c\u0438 \u0438\u043d\u0433\u0440\u0435\u0434\u0438\u0435\u043d\u0442\u0430\u043c\u0438 \u043c\u0435\u0437\u043e\u0442\u0435\u0440\u0430\u043f\u0438\u0438, \u043a\u043e\u0442\u043e\u0440\u044b\u0439 \u0443\u0441\u043a\u043e\u0440\u044f\u0435\u0442 \u0437\u0430\u0436\u0438\u0432\u043b\u0435\u043d\u0438\u0435 \u043a\u043e\u0436\u0438, \u0443\u043c\u0435\u043d\u044c\u0448\u0430\u0435\u0442 \u043f\u043e\u043a\u0440\u0430\u0441\u043d\u0435\u043d\u0438\u044f \u0438 \u0432\u043e\u0441\u0441\u0442\u0430\u043d\u0430\u0432\u043b\u0438\u0432\u0430\u0435\u0442 \u043f\u043e\u0432\u0440\u0435\u0436\u0434\u0435\u043d\u0438\u044f \u0414\u041d\u041a.<\/strong><\/p>","protected":false},"featured_media":2339,"comment_status":"open","ping_status":"closed","template":"","meta":{"_surecart_dashboard_logo_width":"180px","_surecart_dashboard_show_logo":true,"_surecart_dashboard_navigation_orders":true,"_surecart_dashboard_navigation_invoices":true,"_surecart_dashboard_navigation_subscriptions":true,"_surecart_dashboard_navigation_downloads":true,"_surecart_dashboard_navigation_billing":true,"_surecart_dashboard_navigation_account":true,"_uag_custom_page_level_css":"","site-sidebar-layout":"default","site-content-layout":"","ast-site-content-layout":"default","site-content-style":"default","site-sidebar-style":"default","ast-global-header-display":"","ast-banner-title-visibility":"","ast-main-header-display":"","ast-hfb-above-header-display":"","ast-hfb-below-header-display":"","ast-hfb-mobile-header-display":"","site-post-title":"","ast-breadcrumbs-content":"","ast-featured-img":"","footer-sml-layout":"","ast-disable-related-posts":"","theme-transparent-header-meta":"default","adv-header-id-meta":"","stick-header-meta":"default","header-above-stick-meta":"","header-main-stick-meta":"","header-below-stick-meta":"","astra-migrate-meta-layouts":"set","ast-page-background-enabled":"default","ast-page-background-meta":{"desktop":{"background-color":"var(--ast-global-color-4)","background-image":"","background-repeat":"repeat","background-position":"center center","background-size":"auto","background-attachment":"scroll","background-type":"","background-media":"","overlay-type":"","overlay-color":"","overlay-opacity":"","overlay-gradient":""},"tablet":{"background-color":"","background-image":"","background-repeat":"repeat","background-position":"center center","background-size":"auto","background-attachment":"scroll","background-type":"","background-media":"","overlay-type":"","overlay-color":"","overlay-opacity":"","overlay-gradient":""},"mobile":{"background-color":"","background-image":"","background-repeat":"repeat","background-position":"center center","background-size":"auto","background-attachment":"scroll","background-type":"","background-media":"","overlay-type":"","overlay-color":"","overlay-opacity":"","overlay-gradient":""}},"ast-content-background-meta":{"desktop":{"background-color":"var(--ast-global-color-5)","background-image":"","background-repeat":"repeat","background-position":"center center","background-size":"auto","background-attachment":"scroll","background-type":"","background-media":"","overlay-type":"","overlay-color":"","overlay-opacity":"","overlay-gradient":""},"tablet":{"background-color":"var(--ast-global-color-5)","background-image":"","background-repeat":"repeat","background-position":"center center","background-size":"auto","background-attachment":"scroll","background-type":"","background-media":"","overlay-type":"","overlay-color":"","overlay-opacity":"","overlay-gradient":""},"mobile":{"background-color":"var(--ast-global-color-5)","background-image":"","background-repeat":"repeat","background-position":"center center","background-size":"auto","background-attachment":"scroll","background-type":"","background-media":"","overlay-type":"","overlay-color":"","overlay-opacity":"","overlay-gradient":""}}},"product_brand":[],"product_cat":[479,97],"product_tag":[483,485,487,480,488,481,482,489,484,486],"class_list":{"0":"post-2338","1":"product","2":"type-product","3":"status-publish","4":"has-post-thumbnail","6":"product_cat-kasvojen-hoito-korjaavat-ja-rauhoittavat-voiteet","7":"product_cat-unkategorisiert","8":"product_tag-dna-vaurioiden-korjaus","9":"product_tag-esteettisten-toimenpiteiden-jalkeinen-voide","10":"product_tag-fusion-meso-repair-cream","11":"product_tag-ihoa-korjaava-voide","12":"product_tag-ihon-paranemisen-nopeuttaminen","13":"product_tag-mesoterapian-jalkihoito","14":"product_tag-punoituksen-vahentaminen","15":"product_tag-suojaava-kasvovoide","16":"product_tag-uv-sateilyn-aiheuttamien-vaurioiden-hoito","17":"product_tag-viilentava-korjausvoide","18":"desktop-align-left","19":"tablet-align-left","20":"mobile-align-left","22":"first","23":"instock","24":"shipping-taxable","25":"purchasable","26":"product-type-simple"},"uagb_featured_image_src":{"full":["https:\/\/vitaroma.fi\/wp-content\/uploads\/2025\/04\/f0c2b5_02a6062f7b8f4427a659215d3b4f2601mv2.png",1080,1080,false],"thumbnail":["https:\/\/vitaroma.fi\/wp-content\/uploads\/2025\/04\/f0c2b5_02a6062f7b8f4427a659215d3b4f2601mv2-150x150.png",150,150,true],"medium":["https:\/\/vitaroma.fi\/wp-content\/uploads\/2025\/04\/f0c2b5_02a6062f7b8f4427a659215d3b4f2601mv2-300x300.png",300,300,true],"medium_large":["https:\/\/vitaroma.fi\/wp-content\/uploads\/2025\/04\/f0c2b5_02a6062f7b8f4427a659215d3b4f2601mv2-768x768.png",768,768,true],"large":["https:\/\/vitaroma.fi\/wp-content\/uploads\/2025\/04\/f0c2b5_02a6062f7b8f4427a659215d3b4f2601mv2-1024x1024.png",1024,1024,true],"1536x1536":["https:\/\/vitaroma.fi\/wp-content\/uploads\/2025\/04\/f0c2b5_02a6062f7b8f4427a659215d3b4f2601mv2.png",1080,1080,false],"2048x2048":["https:\/\/vitaroma.fi\/wp-content\/uploads\/2025\/04\/f0c2b5_02a6062f7b8f4427a659215d3b4f2601mv2.png",1080,1080,false],"trp-custom-language-flag":["https:\/\/vitaroma.fi\/wp-content\/uploads\/2025\/04\/f0c2b5_02a6062f7b8f4427a659215d3b4f2601mv2-12x12.png",12,12,true],"woocommerce_thumbnail":["https:\/\/vitaroma.fi\/wp-content\/uploads\/2025\/04\/f0c2b5_02a6062f7b8f4427a659215d3b4f2601mv2-300x300.png",300,300,true],"woocommerce_single":["https:\/\/vitaroma.fi\/wp-content\/uploads\/2025\/04\/f0c2b5_02a6062f7b8f4427a659215d3b4f2601mv2-600x600.png",600,600,true],"woocommerce_gallery_thumbnail":["https:\/\/vitaroma.fi\/wp-content\/uploads\/2025\/04\/f0c2b5_02a6062f7b8f4427a659215d3b4f2601mv2-100x100.png",100,100,true]},"uagb_author_info":{"display_name":"emilkemal4@gmail.com","author_link":"https:\/\/vitaroma.fi\/ru\/author\/"},"uagb_comment_info":0,"uagb_excerpt":"Mesoterapian aktiivisilla ainesosilla rikastettu tehokas korjausvoide, joka nopeuttaa ihon paranemista, v\u00e4hent\u00e4\u00e4 punoitusta ja korjaa DNA-vaurioita.","_links":{"self":[{"href":"https:\/\/vitaroma.fi\/ru\/wp-json\/wp\/v2\/product\/2338","targetHints":{"allow":["GET"]}}],"collection":[{"href":"https:\/\/vitaroma.fi\/ru\/wp-json\/wp\/v2\/product"}],"about":[{"href":"https:\/\/vitaroma.fi\/ru\/wp-json\/wp\/v2\/types\/product"}],"replies":[{"embeddable":true,"href":"https:\/\/vitaroma.fi\/ru\/wp-json\/wp\/v2\/comments?post=2338"}],"wp:featuredmedia":[{"embeddable":true,"href":"https:\/\/vitaroma.fi\/ru\/wp-json\/wp\/v2\/media\/2339"}],"wp:attachment":[{"href":"https:\/\/vitaroma.fi\/ru\/wp-json\/wp\/v2\/media?parent=2338"}],"wp:term":[{"taxonomy":"product_brand","embeddable":true,"href":"https:\/\/vitaroma.fi\/ru\/wp-json\/wp\/v2\/product_brand?post=2338"},{"taxonomy":"product_cat","embeddable":true,"href":"https:\/\/vitaroma.fi\/ru\/wp-json\/wp\/v2\/product_cat?post=2338"},{"taxonomy":"product_tag","embeddable":true,"href":"https:\/\/vitaroma.fi\/ru\/wp-json\/wp\/v2\/product_tag?post=2338"}],"curies":[{"name":"wp","href":"https:\/\/api.w.org\/{rel}","templated":true}]}}