{"id":2336,"date":"2025-04-26T01:34:03","date_gmt":"2025-04-26T01:34:03","guid":{"rendered":"https:\/\/vitaroma.fi\/?post_type=product&#038;p=2336"},"modified":"2025-12-01T13:25:47","modified_gmt":"2025-12-01T11:25:47","slug":"fusion-ha-deep-filler","status":"publish","type":"product","link":"https:\/\/vitaroma.fi\/ru\/produkt\/fusion-ha-deep-filler\/","title":{"rendered":"Fusion HA Deep Filler"},"content":{"rendered":"<p class=\"\" data-start=\"465\" data-end=\"715\"><strong data-start=\"465\" data-end=\"667\">Fusion HA Deep Filler on edistyksellinen seerumi, joka on suunniteltu pident\u00e4m\u00e4\u00e4n hyaluronihappot\u00e4ytt\u00f6jen vaikutusta sek\u00e4 tarjoamaan tehokasta ryppyjen t\u00e4ytt\u00f6\u00e4 ja ihon kosteutusta ilman injektioita.<\/strong><br data-start=\"667\" data-end=\"670\" \/>Sen kevyt ja silkinpehme\u00e4 koostumus sis\u00e4lt\u00e4\u00e4:<\/p>\n<ul data-start=\"717\" data-end=\"1047\">\n<li class=\"\" data-start=\"717\" data-end=\"882\">\n<p class=\"\" data-start=\"719\" data-end=\"882\"><strong data-start=\"719\" data-end=\"771\">Ristisidottua hyaluronihappoa (cross-linked HA):<\/strong> Samantyyppist\u00e4 kuin l\u00e4\u00e4ketieteellisiss\u00e4 t\u00e4yteaineissa k\u00e4ytetty, vahvistaa ihon kosteustasapainoa ja volyymia<\/p>\n<\/li>\n<li class=\"\" data-start=\"883\" data-end=\"967\">\n<p class=\"\" data-start=\"885\" data-end=\"967\"><strong data-start=\"885\" data-end=\"912\">Soft-focus-teknologiaa:<\/strong> V\u00e4hent\u00e4\u00e4 ryppyjen n\u00e4kyvyytt\u00e4 ja kirkastaa ihon s\u00e4vy\u00e4<\/p>\n<\/li>\n<li class=\"\" data-start=\"968\" data-end=\"1047\">\n<p class=\"\" data-start=\"970\" data-end=\"1047\"><strong data-start=\"970\" data-end=\"1006\">Raikas sitrushedelm\u00e4inen tuoksu:<\/strong> Energisoiva ja miellytt\u00e4v\u00e4 k\u00e4ytt\u00f6kokemus<\/p>\n<\/li>\n<\/ul>\n<p class=\"\" data-start=\"1049\" data-end=\"1076\"><strong data-start=\"1049\" data-end=\"1076\">\u041e\u0441\u043d\u043e\u0432\u043d\u044b\u0435 \u044d\u0444\u0444\u0435\u043a\u0442\u044b:<\/strong><\/p>\n<ul data-start=\"1077\" data-end=\"1331\">\n<li class=\"\" data-start=\"1077\" data-end=\"1120\">\n<p class=\"\" data-start=\"1079\" data-end=\"1120\">Pident\u00e4\u00e4 hyaluronihappot\u00e4ytt\u00f6jen kestoa<\/p>\n<\/li>\n<li class=\"\" data-start=\"1121\" data-end=\"1168\">\n<p class=\"\" data-start=\"1123\" data-end=\"1168\">T\u00e4ytt\u00e4\u00e4 ryppyj\u00e4 ja parantaa ihon tilavuutta<\/p>\n<\/li>\n<li class=\"\" data-start=\"1169\" data-end=\"1257\">\n<p class=\"\" data-start=\"1171\" data-end=\"1257\">V\u00e4hent\u00e4\u00e4 veden haihtumista ja suojaa ihoa ulkoisilta haittatekij\u00f6ilt\u00e4 (UV, saasteet)<\/p>\n<\/li>\n<li class=\"\" data-start=\"1258\" data-end=\"1331\">\n<p class=\"\" data-start=\"1260\" data-end=\"1331\">Muodostaa iholle &#8221;3D hengitt\u00e4v\u00e4n suojakalvon&#8221;, joka yll\u00e4pit\u00e4\u00e4 kosteutta<\/p>\n<\/li>\n<\/ul>\n<p class=\"\" data-start=\"1333\" data-end=\"1364\"><strong data-start=\"1333\" data-end=\"1362\">Mikroreservuaarivaikutus:<\/strong><\/p>\n<ul data-start=\"1365\" data-end=\"1502\">\n<li class=\"\" data-start=\"1365\" data-end=\"1429\">\n<p class=\"\" data-start=\"1367\" data-end=\"1429\">Ristisidottu rakenne sitoo ja vapauttaa kosteutta jatkuvasti<\/p>\n<\/li>\n<li class=\"\" data-start=\"1430\" data-end=\"1502\">\n<p class=\"\" data-start=\"1432\" data-end=\"1502\">Ihon pinta pysyy t\u00e4ytel\u00e4isen\u00e4, kosteutettuna ja suojattuna koko p\u00e4iv\u00e4n<\/p>\n<\/li>\n<\/ul>\n<p class=\"\" data-start=\"1504\" data-end=\"1540\">\u041f\u0440\u0438 \u0440\u0435\u0433\u0443\u043b\u044f\u0440\u043d\u043e\u043c \u0438\u0441\u043f\u043e\u043b\u044c\u0437\u043e\u0432\u0430\u043d\u0438\u0438 \u043a\u043e\u0436\u0430 \u0431\u0443\u0434\u0435\u0442 \u0432\u044b\u0433\u043b\u044f\u0434\u0435\u0442\u044c:<\/p>\n<ul data-start=\"1542\" data-end=\"1650\">\n<li class=\"\" data-start=\"1542\" data-end=\"1574\">\n<p class=\"\" data-start=\"1544\" data-end=\"1574\">Sile\u00e4mm\u00e4lt\u00e4 ja kiinte\u00e4mm\u00e4lt\u00e4<\/p>\n<\/li>\n<li class=\"\" data-start=\"1575\" data-end=\"1614\">\n<p class=\"\" data-start=\"1577\" data-end=\"1614\">T\u00e4ytel\u00e4isemm\u00e4lt\u00e4 ja nuorekkaammalta<\/p>\n<\/li>\n<li class=\"\" data-start=\"1615\" data-end=\"1650\">\n<p class=\"\" data-start=\"1617\" data-end=\"1650\">Kirkkaammalta ja kosteutetummalta<\/p>\n<\/li>\n<\/ul>","protected":false},"excerpt":{"rendered":"<p class=\"\" data-start=\"1706\" data-end=\"1870\"><strong data-start=\"1706\" data-end=\"1870\">Ristisidottua hyaluronihappoa sis\u00e4lt\u00e4v\u00e4 t\u00e4ytt\u00f6seerumi, joka kosteuttaa, t\u00e4ytt\u00e4\u00e4 ryppyj\u00e4 ja suojaa ihoa tehokkaasti, samalla pident\u00e4en t\u00e4ytt\u00f6hoitojen vaikutusta.<\/strong><\/p>","protected":false},"featured_media":2337,"comment_status":"open","ping_status":"closed","template":"","meta":{"_surecart_dashboard_logo_width":"180px","_surecart_dashboard_show_logo":true,"_surecart_dashboard_navigation_orders":true,"_surecart_dashboard_navigation_invoices":true,"_surecart_dashboard_navigation_subscriptions":true,"_surecart_dashboard_navigation_downloads":true,"_surecart_dashboard_navigation_billing":true,"_surecart_dashboard_navigation_account":true,"_uag_custom_page_level_css":"","site-sidebar-layout":"default","site-content-layout":"","ast-site-content-layout":"default","site-content-style":"default","site-sidebar-style":"default","ast-global-header-display":"","ast-banner-title-visibility":"","ast-main-header-display":"","ast-hfb-above-header-display":"","ast-hfb-below-header-display":"","ast-hfb-mobile-header-display":"","site-post-title":"","ast-breadcrumbs-content":"","ast-featured-img":"","footer-sml-layout":"","theme-transparent-header-meta":"default","adv-header-id-meta":"","stick-header-meta":"default","header-above-stick-meta":"","header-main-stick-meta":"","header-below-stick-meta":"","astra-migrate-meta-layouts":"set","ast-page-background-enabled":"default","ast-page-background-meta":{"desktop":{"background-color":"var(--ast-global-color-4)","background-image":"","background-repeat":"repeat","background-position":"center center","background-size":"auto","background-attachment":"scroll","background-type":"","background-media":"","overlay-type":"","overlay-color":"","overlay-opacity":"","overlay-gradient":""},"tablet":{"background-color":"","background-image":"","background-repeat":"repeat","background-position":"center center","background-size":"auto","background-attachment":"scroll","background-type":"","background-media":"","overlay-type":"","overlay-color":"","overlay-opacity":"","overlay-gradient":""},"mobile":{"background-color":"","background-image":"","background-repeat":"repeat","background-position":"center center","background-size":"auto","background-attachment":"scroll","background-type":"","background-media":"","overlay-type":"","overlay-color":"","overlay-opacity":"","overlay-gradient":""}},"ast-content-background-meta":{"desktop":{"background-color":"var(--ast-global-color-5)","background-image":"","background-repeat":"repeat","background-position":"center center","background-size":"auto","background-attachment":"scroll","background-type":"","background-media":"","overlay-type":"","overlay-color":"","overlay-opacity":"","overlay-gradient":""},"tablet":{"background-color":"var(--ast-global-color-5)","background-image":"","background-repeat":"repeat","background-position":"center center","background-size":"auto","background-attachment":"scroll","background-type":"","background-media":"","overlay-type":"","overlay-color":"","overlay-opacity":"","overlay-gradient":""},"mobile":{"background-color":"var(--ast-global-color-5)","background-image":"","background-repeat":"repeat","background-position":"center center","background-size":"auto","background-attachment":"scroll","background-type":"","background-media":"","overlay-type":"","overlay-color":"","overlay-opacity":"","overlay-gradient":""}}},"product_brand":[],"product_cat":[470],"product_tag":[477,471,379,184,476,473,474,475,478,472],"class_list":{"0":"post-2336","1":"product","2":"type-product","3":"status-publish","4":"has-post-thumbnail","6":"product_cat-kasvojen-hoito-seerumit-ja-tayttavat-tuotteet","7":"product_tag-fusion-ha-deep-filler","8":"product_tag-hyaluronihapposeerumi","9":"product_tag-ihon-kosteutuksen-tehostus","10":"product_tag-kosteuttava-seerumi","11":"product_tag-mikroreservuaari-iholle","12":"product_tag-ristisidottu-hyaluronihappo","13":"product_tag-ryppyjen-taytto-ilman-injektioita","14":"product_tag-soft-focus-teknologia","15":"product_tag-taytelaisempi-iho","16":"product_tag-tayttava-seerumi","17":"desktop-align-left","18":"tablet-align-left","19":"mobile-align-left","21":"first","22":"instock","23":"shipping-taxable","24":"purchasable","25":"product-type-simple"},"uagb_featured_image_src":{"full":["https:\/\/vitaroma.fi\/wp-content\/uploads\/2025\/04\/f0c2b5_9a5f253019b4460a90b8123d8123eab0mv2.png",1080,1080,false],"thumbnail":["https:\/\/vitaroma.fi\/wp-content\/uploads\/2025\/04\/f0c2b5_9a5f253019b4460a90b8123d8123eab0mv2-150x150.png",150,150,true],"medium":["https:\/\/vitaroma.fi\/wp-content\/uploads\/2025\/04\/f0c2b5_9a5f253019b4460a90b8123d8123eab0mv2-300x300.png",300,300,true],"medium_large":["https:\/\/vitaroma.fi\/wp-content\/uploads\/2025\/04\/f0c2b5_9a5f253019b4460a90b8123d8123eab0mv2-768x768.png",768,768,true],"large":["https:\/\/vitaroma.fi\/wp-content\/uploads\/2025\/04\/f0c2b5_9a5f253019b4460a90b8123d8123eab0mv2-1024x1024.png",1024,1024,true],"1536x1536":["https:\/\/vitaroma.fi\/wp-content\/uploads\/2025\/04\/f0c2b5_9a5f253019b4460a90b8123d8123eab0mv2.png",1080,1080,false],"2048x2048":["https:\/\/vitaroma.fi\/wp-content\/uploads\/2025\/04\/f0c2b5_9a5f253019b4460a90b8123d8123eab0mv2.png",1080,1080,false],"trp-custom-language-flag":["https:\/\/vitaroma.fi\/wp-content\/uploads\/2025\/04\/f0c2b5_9a5f253019b4460a90b8123d8123eab0mv2-12x12.png",12,12,true],"woocommerce_thumbnail":["https:\/\/vitaroma.fi\/wp-content\/uploads\/2025\/04\/f0c2b5_9a5f253019b4460a90b8123d8123eab0mv2-300x300.png",300,300,true],"woocommerce_single":["https:\/\/vitaroma.fi\/wp-content\/uploads\/2025\/04\/f0c2b5_9a5f253019b4460a90b8123d8123eab0mv2-600x600.png",600,600,true],"woocommerce_gallery_thumbnail":["https:\/\/vitaroma.fi\/wp-content\/uploads\/2025\/04\/f0c2b5_9a5f253019b4460a90b8123d8123eab0mv2-100x100.png",100,100,true]},"uagb_author_info":{"display_name":"emilkemal4@gmail.com","author_link":"https:\/\/vitaroma.fi\/ru\/author\/"},"uagb_comment_info":0,"uagb_excerpt":"Ristisidottua hyaluronihappoa sis\u00e4lt\u00e4v\u00e4 t\u00e4ytt\u00f6seerumi, joka kosteuttaa, t\u00e4ytt\u00e4\u00e4 ryppyj\u00e4 ja suojaa ihoa tehokkaasti, samalla pident\u00e4en t\u00e4ytt\u00f6hoitojen vaikutusta.","_links":{"self":[{"href":"https:\/\/vitaroma.fi\/ru\/wp-json\/wp\/v2\/product\/2336","targetHints":{"allow":["GET"]}}],"collection":[{"href":"https:\/\/vitaroma.fi\/ru\/wp-json\/wp\/v2\/product"}],"about":[{"href":"https:\/\/vitaroma.fi\/ru\/wp-json\/wp\/v2\/types\/product"}],"replies":[{"embeddable":true,"href":"https:\/\/vitaroma.fi\/ru\/wp-json\/wp\/v2\/comments?post=2336"}],"wp:featuredmedia":[{"embeddable":true,"href":"https:\/\/vitaroma.fi\/ru\/wp-json\/wp\/v2\/media\/2337"}],"wp:attachment":[{"href":"https:\/\/vitaroma.fi\/ru\/wp-json\/wp\/v2\/media?parent=2336"}],"wp:term":[{"taxonomy":"product_brand","embeddable":true,"href":"https:\/\/vitaroma.fi\/ru\/wp-json\/wp\/v2\/product_brand?post=2336"},{"taxonomy":"product_cat","embeddable":true,"href":"https:\/\/vitaroma.fi\/ru\/wp-json\/wp\/v2\/product_cat?post=2336"},{"taxonomy":"product_tag","embeddable":true,"href":"https:\/\/vitaroma.fi\/ru\/wp-json\/wp\/v2\/product_tag?post=2336"}],"curies":[{"name":"wp","href":"https:\/\/api.w.org\/{rel}","templated":true}]}}