{"id":2332,"date":"2025-04-26T01:27:52","date_gmt":"2025-04-26T01:27:52","guid":{"rendered":"https:\/\/vitaroma.fi\/?post_type=product&#038;p=2332"},"modified":"2025-11-24T01:22:17","modified_gmt":"2025-11-23T23:22:17","slug":"no75-kollageeni-iholle","status":"publish","type":"product","link":"https:\/\/vitaroma.fi\/ru\/produkt\/no75-kollageeni-iholle\/","title":{"rendered":"\u041a\u043e\u043b\u043b\u0430\u0433\u0435\u043d NO75 \u0434\u043b\u044f \u043a\u043e\u0436\u0438"},"content":{"rendered":"<p class=\"\" data-start=\"484\" data-end=\"730\"><strong data-start=\"484\" data-end=\"690\">\u041a\u043e\u043b\u043b\u0430\u0433\u0435\u043d NO75 \u0434\u043b\u044f \u043a\u043e\u0436\u0438 \u2014 \u044d\u0442\u043e \u043a\u043b\u0438\u043d\u0438\u0447\u0435\u0441\u043a\u0438 \u0438\u0441\u0441\u043b\u0435\u0434\u043e\u0432\u0430\u043d\u043d\u0430\u044f \u0438 \u0434\u043e\u043a\u0430\u0437\u0430\u0432\u0448\u0430\u044f \u0441\u0432\u043e\u044e \u044d\u0444\u0444\u0435\u043a\u0442\u0438\u0432\u043d\u043e\u0441\u0442\u044c \u0434\u043e\u0431\u0430\u0432\u043a\u0430, \u043a\u043e\u0442\u043e\u0440\u0430\u044f \u043f\u043e\u0434\u0434\u0435\u0440\u0436\u0438\u0432\u0430\u0435\u0442 \u044d\u043b\u0430\u0441\u0442\u0438\u0447\u043d\u043e\u0441\u0442\u044c \u043a\u043e\u0436\u0438, \u0435\u0435 \u0443\u0432\u043b\u0430\u0436\u043d\u0435\u043d\u043d\u043e\u0441\u0442\u044c \u0438 \u043c\u043e\u043b\u043e\u0434\u043e\u0439 \u0432\u0438\u0434 \u0435\u0441\u0442\u0435\u0441\u0442\u0432\u0435\u043d\u043d\u044b\u043c \u0438 \u0431\u0438\u043e\u043b\u043e\u0433\u0438\u0447\u0435\u0441\u043a\u0438 \u0430\u043a\u0442\u0438\u0432\u043d\u044b\u043c \u0441\u043f\u043e\u0441\u043e\u0431\u043e\u043c.<\/strong><br data-start=\"690\" data-end=\"693\" \/>\u0415\u0433\u043e \u0432\u044b\u0441\u043e\u043a\u043e\u043a\u0430\u0447\u0435\u0441\u0442\u0432\u0435\u043d\u043d\u044b\u0439 \u0441\u043e\u0441\u0442\u0430\u0432 \u043e\u0431\u0435\u0441\u043f\u0435\u0447\u0438\u0432\u0430\u0435\u0442:<\/p>\n<ul data-start=\"732\" data-end=\"1062\">\n<li class=\"\" data-start=\"732\" data-end=\"874\">\n<p class=\"\" data-start=\"734\" data-end=\"874\"><strong data-start=\"734\" data-end=\"764\">\u0413\u0438\u0434\u0440\u043e\u043b\u0438\u0437\u043e\u0432\u0430\u043d\u043d\u044b\u0439 \u043a\u043e\u043b\u043b\u0430\u0433\u0435\u043d:<\/strong> \u0417\u0430\u043f\u0430\u0442\u0435\u043d\u0442\u043e\u0432\u0430\u043d\u043d\u0430\u044f \u0431\u0438\u043e\u043b\u043e\u0433\u0438\u0447\u0435\u0441\u043a\u0438 \u0430\u043a\u0442\u0438\u0432\u043d\u0430\u044f \u0444\u043e\u0440\u043c\u0430, \u043a\u043e\u0442\u043e\u0440\u0430\u044f \u044d\u0444\u0444\u0435\u043a\u0442\u0438\u0432\u043d\u043e \u0443\u0441\u0432\u0430\u0438\u0432\u0430\u0435\u0442\u0441\u044f \u0438 \u044d\u0444\u0444\u0435\u043a\u0442\u0438\u0432\u043d\u0430 \u043f\u0440\u0438 \u0441\u0443\u0442\u043e\u0447\u043d\u043e\u0439 \u0434\u043e\u0437\u0435 \u0432\u0441\u0435\u0433\u043e 2,5 \u0433.<\/p>\n<\/li>\n<li class=\"\" data-start=\"875\" data-end=\"979\">\n<p class=\"\" data-start=\"877\" data-end=\"979\"><strong data-start=\"877\" data-end=\"894\">\u0412\u0438\u0442\u0430\u043c\u0438\u043d \u0421:<\/strong> \u041f\u043e\u0434\u0434\u0435\u0440\u0436\u0438\u0432\u0430\u0435\u0442 \u0435\u0441\u0442\u0435\u0441\u0442\u0432\u0435\u043d\u043d\u043e\u0435 \u043e\u0431\u0440\u0430\u0437\u043e\u0432\u0430\u043d\u0438\u0435 \u043a\u043e\u043b\u043b\u0430\u0433\u0435\u043d\u0430 \u0438 \u0437\u0430\u0449\u0438\u0449\u0430\u0435\u0442 \u043a\u043e\u0436\u0443 \u043e\u0442 \u0441\u0432\u043e\u0431\u043e\u0434\u043d\u044b\u0445 \u0440\u0430\u0434\u0438\u043a\u0430\u043b\u043e\u0432.<\/p>\n<\/li>\n<li class=\"\" data-start=\"980\" data-end=\"1062\">\n<p class=\"\" data-start=\"982\" data-end=\"1062\"><strong data-start=\"982\" data-end=\"1002\">\u0413\u0438\u0430\u043b\u0443\u0440\u043e\u043d\u043e\u0432\u0430\u044f \u043a\u0438\u0441\u043b\u043e\u0442\u0430:<\/strong> \u0423\u043b\u0443\u0447\u0448\u0430\u0435\u0442 \u0431\u0430\u043b\u0430\u043d\u0441 \u0432\u043b\u0430\u0433\u0438 \u0432 \u043a\u043e\u0436\u0435 \u0438 \u0443\u0432\u0435\u043b\u0438\u0447\u0438\u0432\u0430\u0435\u0442 \u0435\u0435 \u043d\u0430\u043f\u043e\u043b\u043d\u0435\u043d\u043d\u043e\u0441\u0442\u044c<\/p>\n<\/li>\n<\/ul>\n<p class=\"\" data-start=\"1064\" data-end=\"1091\"><strong data-start=\"1064\" data-end=\"1091\">\u041e\u0441\u043d\u043e\u0432\u043d\u044b\u0435 \u044d\u0444\u0444\u0435\u043a\u0442\u044b:<\/strong><\/p>\n<ul data-start=\"1092\" data-end=\"1339\">\n<li class=\"\" data-start=\"1092\" data-end=\"1140\">\n<p class=\"\" data-start=\"1094\" data-end=\"1140\">\u0423\u043b\u0443\u0447\u0448\u0430\u0442\u044c <strong data-start=\"1103\" data-end=\"1138\">\u044d\u043b\u0430\u0441\u0442\u0438\u0447\u043d\u043e\u0441\u0442\u044c \u0438 \u0443\u043f\u0440\u0443\u0433\u043e\u0441\u0442\u044c \u043a\u043e\u0436\u0438<\/strong><\/p>\n<\/li>\n<li class=\"\" data-start=\"1141\" data-end=\"1217\">\n<p class=\"\" data-start=\"1143\" data-end=\"1217\">\u0417\u0430\u043c\u0435\u0442\u043d\u043e \u0443\u043c\u0435\u043d\u044c\u0448\u0430\u0435\u0442 <strong data-start=\"1162\" data-end=\"1188\">\u043b\u0438\u043d\u0438\u0438 \u0438 \u043c\u043e\u0440\u0449\u0438\u043d\u044b<\/strong> \u0441\u0443\u043c\u043c\u0430 \u0434\u043e <strong data-start=\"1201\" data-end=\"1215\">4 \u0432 \u043d\u0435\u0434\u0435\u043b\u044e<\/strong><\/p>\n<\/li>\n<li class=\"\" data-start=\"1218\" data-end=\"1289\">\n<p class=\"\" data-start=\"1220\" data-end=\"1289\">\u0413\u043b\u0443\u0431\u043e\u043a\u043e \u0443\u0432\u043b\u0430\u0436\u043d\u044f\u0435\u0442 \u043a\u043e\u0436\u0443 \u0438 \u0434\u0435\u043b\u0430\u0435\u0442 \u0435\u0435 <strong data-start=\"1259\" data-end=\"1287\">\u0431\u043e\u043b\u0435\u0435 \u0433\u043b\u0430\u0434\u043a\u0430\u044f \u0438 \u0441\u0438\u044f\u044e\u0449\u0430\u044f<\/strong><\/p>\n<\/li>\n<li class=\"\" data-start=\"1290\" data-end=\"1339\">\n<p class=\"\" data-start=\"1292\" data-end=\"1339\">\u041f\u043e\u0434\u0434\u0435\u0440\u0436\u0438\u0432\u0430\u0435\u0442 \u043c\u043e\u043b\u043e\u0434\u043e\u0439 \u0438 \u0437\u0434\u043e\u0440\u043e\u0432\u044b\u0439 \u0432\u0438\u0434 \u043a\u043e\u0436\u0438<\/p>\n<\/li>\n<\/ul>\n<p class=\"\" data-start=\"1341\" data-end=\"1385\"><strong data-start=\"1341\" data-end=\"1383\">\u041f\u0440\u0435\u0438\u043c\u0443\u0449\u0435\u0441\u0442\u0432\u043e \u043f\u0435\u0440\u0435\u0434 \u0434\u0440\u0443\u0433\u0438\u043c\u0438 \u043f\u0440\u043e\u0434\u0443\u043a\u0442\u0430\u043c\u0438 \u043d\u0430 \u0440\u044b\u043d\u043a\u0435:<\/strong><\/p>\n<ul data-start=\"1386\" data-end=\"1513\">\n<li class=\"\" data-start=\"1386\" data-end=\"1436\">\n<p class=\"\" data-start=\"1388\" data-end=\"1436\">\u0412\u043f\u0435\u0447\u0430\u0442\u043b\u044f\u044e\u0449\u0430\u044f \u0441\u0438\u043b\u0430 <strong data-start=\"1404\" data-end=\"1434\">\u0432\u0441\u0435\u0433\u043e 2,5 \u0433 \u0441\u0443\u0442\u043e\u0447\u043d\u0430\u044f \u0434\u043e\u0437\u0430<\/strong><\/p>\n<\/li>\n<li class=\"\" data-start=\"1437\" data-end=\"1513\">\n<p class=\"\" data-start=\"1439\" data-end=\"1513\">\u041d\u0435\u0442 \u043d\u0435\u043e\u0431\u0445\u043e\u0434\u0438\u043c\u043e\u0441\u0442\u0438 \u0432 \u0434\u043e\u0431\u0430\u0432\u043a\u0430\u0445 \u2013 <strong data-start=\"1469\" data-end=\"1513\">\u0438\u0434\u0435\u0430\u043b\u044c\u043d\u0430\u044f \u043a\u043e\u043c\u043f\u043e\u0437\u0438\u0446\u0438\u044f \u0432 \u043e\u0434\u043d\u043e\u043c \u043f\u0440\u043e\u0434\u0443\u043a\u0442\u0435<\/strong><\/p>\n<\/li>\n<\/ul>\n<p class=\"\" data-start=\"1515\" data-end=\"1554\"><strong data-start=\"1515\" data-end=\"1552\">\u041f\u043e\u043b\u043d\u043e\u0441\u0442\u044c\u044e \u043d\u0430\u0442\u0443\u0440\u0430\u043b\u044c\u043d\u043e\u0435 \u0441\u044b\u0440\u044c\u0435:<\/strong><\/p>\n<ul data-start=\"1555\" data-end=\"1627\">\n<li class=\"\" data-start=\"1555\" data-end=\"1604\">\n<p class=\"\" data-start=\"1557\" data-end=\"1604\">\u041d\u0438\u043a\u0430\u043a\u0438\u0445 \u0438\u0441\u043a\u0443\u0441\u0441\u0442\u0432\u0435\u043d\u043d\u044b\u0445 \u043d\u0430\u043f\u043e\u043b\u043d\u0438\u0442\u0435\u043b\u0435\u0439 \u0438 \u0434\u043e\u0431\u0430\u0432\u043e\u043a.<\/p>\n<\/li>\n<li class=\"\" data-start=\"1605\" data-end=\"1627\">\n<p class=\"\" data-start=\"1607\" data-end=\"1627\">\u0421\u0434\u0435\u043b\u0430\u043d\u043e \u0432 \u0424\u0438\u043d\u043b\u044f\u043d\u0434\u0438\u0438<\/p>\n<\/li>\n<\/ul>","protected":false},"excerpt":{"rendered":"<p class=\"\" data-start=\"1683\" data-end=\"1846\"><strong data-start=\"1683\" data-end=\"1846\">\u041a\u043b\u0438\u043d\u0438\u0447\u0435\u0441\u043a\u0438 \u0438\u0441\u0441\u043b\u0435\u0434\u043e\u0432\u0430\u043d\u043d\u0430\u044f \u043a\u043e\u043b\u043b\u0430\u0433\u0435\u043d\u043e\u0432\u0430\u044f \u0434\u043e\u0431\u0430\u0432\u043a\u0430, \u043f\u0440\u043e\u0438\u0437\u0432\u0435\u0434\u0435\u043d\u043d\u0430\u044f \u0432 \u0424\u0438\u043d\u043b\u044f\u043d\u0434\u0438\u0438, \u043a\u043e\u0442\u043e\u0440\u0430\u044f \u0443\u043b\u0443\u0447\u0448\u0430\u0435\u0442 \u044d\u043b\u0430\u0441\u0442\u0438\u0447\u043d\u043e\u0441\u0442\u044c \u043a\u043e\u0436\u0438, \u0435\u0435 \u0443\u0432\u043b\u0430\u0436\u043d\u0435\u043d\u0438\u0435 \u0438 \u044d\u0444\u0444\u0435\u043a\u0442\u0438\u0432\u043d\u043e \u0443\u043c\u0435\u043d\u044c\u0448\u0430\u0435\u0442 \u043c\u043e\u0440\u0449\u0438\u043d\u044b \u043f\u0440\u0438 \u0435\u0436\u0435\u0434\u043d\u0435\u0432\u043d\u043e\u0439 \u0434\u043e\u0437\u0435 2,5 \u0433.<\/strong><\/p>","protected":false},"featured_media":2333,"comment_status":"open","ping_status":"closed","template":"","meta":{"_surecart_dashboard_logo_width":"180px","_surecart_dashboard_show_logo":true,"_surecart_dashboard_navigation_orders":true,"_surecart_dashboard_navigation_invoices":true,"_surecart_dashboard_navigation_subscriptions":true,"_surecart_dashboard_navigation_downloads":true,"_surecart_dashboard_navigation_billing":true,"_surecart_dashboard_navigation_account":true,"_uag_custom_page_level_css":"","site-sidebar-layout":"default","site-content-layout":"","ast-site-content-layout":"default","site-content-style":"default","site-sidebar-style":"default","ast-global-header-display":"","ast-banner-title-visibility":"","ast-main-header-display":"","ast-hfb-above-header-display":"","ast-hfb-below-header-display":"","ast-hfb-mobile-header-display":"","site-post-title":"","ast-breadcrumbs-content":"","ast-featured-img":"","footer-sml-layout":"","ast-disable-related-posts":"","theme-transparent-header-meta":"default","adv-header-id-meta":"","stick-header-meta":"default","header-above-stick-meta":"","header-main-stick-meta":"","header-below-stick-meta":"","astra-migrate-meta-layouts":"set","ast-page-background-enabled":"default","ast-page-background-meta":{"desktop":{"background-color":"var(--ast-global-color-4)","background-image":"","background-repeat":"repeat","background-position":"center center","background-size":"auto","background-attachment":"scroll","background-type":"","background-media":"","overlay-type":"","overlay-color":"","overlay-opacity":"","overlay-gradient":""},"tablet":{"background-color":"","background-image":"","background-repeat":"repeat","background-position":"center center","background-size":"auto","background-attachment":"scroll","background-type":"","background-media":"","overlay-type":"","overlay-color":"","overlay-opacity":"","overlay-gradient":""},"mobile":{"background-color":"","background-image":"","background-repeat":"repeat","background-position":"center center","background-size":"auto","background-attachment":"scroll","background-type":"","background-media":"","overlay-type":"","overlay-color":"","overlay-opacity":"","overlay-gradient":""}},"ast-content-background-meta":{"desktop":{"background-color":"var(--ast-global-color-5)","background-image":"","background-repeat":"repeat","background-position":"center center","background-size":"auto","background-attachment":"scroll","background-type":"","background-media":"","overlay-type":"","overlay-color":"","overlay-opacity":"","overlay-gradient":""},"tablet":{"background-color":"var(--ast-global-color-5)","background-image":"","background-repeat":"repeat","background-position":"center center","background-size":"auto","background-attachment":"scroll","background-type":"","background-media":"","overlay-type":"","overlay-color":"","overlay-opacity":"","overlay-gradient":""},"mobile":{"background-color":"var(--ast-global-color-5)","background-image":"","background-repeat":"repeat","background-position":"center center","background-size":"auto","background-attachment":"scroll","background-type":"","background-media":"","overlay-type":"","overlay-color":"","overlay-opacity":"","overlay-gradient":""}}},"product_brand":[],"product_cat":[450],"product_tag":[456,455,452,453,458,454,457,451,459,460],"class_list":{"0":"post-2332","1":"product","2":"type-product","3":"status-publish","4":"has-post-thumbnail","6":"product_cat-hiukset-ja-kynnet","7":"product_tag-c-vitamiini-ja-kollageeni","8":"product_tag-hyaluronihappo-iholle","9":"product_tag-hydrolysoitu-kollageeni","10":"product_tag-ihon-kimmoisuuden-parantaminen","11":"product_tag-ihon-kosteutuksen-parantaminen","12":"product_tag-juonteiden-vahentaminen","13":"product_tag-kliinisesti-tutkittu-kollageeni","14":"product_tag-kollageenilisa-iholle","15":"product_tag-no75-kollageeni-iholle","16":"product_tag-suomalainen-kollageenituote","17":"desktop-align-left","18":"tablet-align-left","19":"mobile-align-left","21":"first","22":"instock","23":"shipping-taxable","24":"purchasable","25":"product-type-simple"},"uagb_featured_image_src":{"full":["https:\/\/vitaroma.fi\/wp-content\/uploads\/2025\/04\/f0c2b5_7a73f42606a64150b87f6eae9d92cdf1mv2.png",1080,1080,false],"thumbnail":["https:\/\/vitaroma.fi\/wp-content\/uploads\/2025\/04\/f0c2b5_7a73f42606a64150b87f6eae9d92cdf1mv2-150x150.png",150,150,true],"medium":["https:\/\/vitaroma.fi\/wp-content\/uploads\/2025\/04\/f0c2b5_7a73f42606a64150b87f6eae9d92cdf1mv2-300x300.png",300,300,true],"medium_large":["https:\/\/vitaroma.fi\/wp-content\/uploads\/2025\/04\/f0c2b5_7a73f42606a64150b87f6eae9d92cdf1mv2-768x768.png",768,768,true],"large":["https:\/\/vitaroma.fi\/wp-content\/uploads\/2025\/04\/f0c2b5_7a73f42606a64150b87f6eae9d92cdf1mv2-1024x1024.png",1024,1024,true],"1536x1536":["https:\/\/vitaroma.fi\/wp-content\/uploads\/2025\/04\/f0c2b5_7a73f42606a64150b87f6eae9d92cdf1mv2.png",1080,1080,false],"2048x2048":["https:\/\/vitaroma.fi\/wp-content\/uploads\/2025\/04\/f0c2b5_7a73f42606a64150b87f6eae9d92cdf1mv2.png",1080,1080,false],"trp-custom-language-flag":["https:\/\/vitaroma.fi\/wp-content\/uploads\/2025\/04\/f0c2b5_7a73f42606a64150b87f6eae9d92cdf1mv2-12x12.png",12,12,true],"woocommerce_thumbnail":["https:\/\/vitaroma.fi\/wp-content\/uploads\/2025\/04\/f0c2b5_7a73f42606a64150b87f6eae9d92cdf1mv2-300x300.png",300,300,true],"woocommerce_single":["https:\/\/vitaroma.fi\/wp-content\/uploads\/2025\/04\/f0c2b5_7a73f42606a64150b87f6eae9d92cdf1mv2-600x600.png",600,600,true],"woocommerce_gallery_thumbnail":["https:\/\/vitaroma.fi\/wp-content\/uploads\/2025\/04\/f0c2b5_7a73f42606a64150b87f6eae9d92cdf1mv2-100x100.png",100,100,true]},"uagb_author_info":{"display_name":"emilkemal4@gmail.com","author_link":"https:\/\/vitaroma.fi\/ru\/author\/"},"uagb_comment_info":0,"uagb_excerpt":"Suomessa valmistettu kliinisesti tutkittu kollageenilis\u00e4, joka parantaa ihon kimmoisuutta, kosteutusta ja v\u00e4hent\u00e4\u00e4 juonteita tehokkaasti 2,5 g p\u00e4iv\u00e4annoksella.","_links":{"self":[{"href":"https:\/\/vitaroma.fi\/ru\/wp-json\/wp\/v2\/product\/2332","targetHints":{"allow":["GET"]}}],"collection":[{"href":"https:\/\/vitaroma.fi\/ru\/wp-json\/wp\/v2\/product"}],"about":[{"href":"https:\/\/vitaroma.fi\/ru\/wp-json\/wp\/v2\/types\/product"}],"replies":[{"embeddable":true,"href":"https:\/\/vitaroma.fi\/ru\/wp-json\/wp\/v2\/comments?post=2332"}],"wp:featuredmedia":[{"embeddable":true,"href":"https:\/\/vitaroma.fi\/ru\/wp-json\/wp\/v2\/media\/2333"}],"wp:attachment":[{"href":"https:\/\/vitaroma.fi\/ru\/wp-json\/wp\/v2\/media?parent=2332"}],"wp:term":[{"taxonomy":"product_brand","embeddable":true,"href":"https:\/\/vitaroma.fi\/ru\/wp-json\/wp\/v2\/product_brand?post=2332"},{"taxonomy":"product_cat","embeddable":true,"href":"https:\/\/vitaroma.fi\/ru\/wp-json\/wp\/v2\/product_cat?post=2332"},{"taxonomy":"product_tag","embeddable":true,"href":"https:\/\/vitaroma.fi\/ru\/wp-json\/wp\/v2\/product_tag?post=2332"}],"curies":[{"name":"wp","href":"https:\/\/api.w.org\/{rel}","templated":true}]}}