{"id":2320,"date":"2025-04-26T01:09:09","date_gmt":"2025-04-26T01:09:09","guid":{"rendered":"https:\/\/vitaroma.fi\/?post_type=product&#038;p=2320"},"modified":"2026-02-18T12:18:35","modified_gmt":"2026-02-18T10:18:35","slug":"environ-4","status":"publish","type":"product","link":"https:\/\/vitaroma.fi\/ru\/produkt\/\u043e\u043a\u043e\u043b\u043e-4\/","title":{"rendered":"\u041e\u043a\u043e\u043b\u043e 4"},"content":{"rendered":"<p>Saatavilla vain ihokonsultaation j\u00e4lkeen henkil\u00f6kohtaisella koodilla. Ota yhteytt\u00e4 ennen ostoa.<\/p>\n<p class=\"\" data-start=\"534\" data-end=\"815\"><strong data-start=\"534\" data-end=\"760\">\u0423\u0432\u043b\u0430\u0436\u043d\u044f\u044e\u0449\u0438\u0439 \u043a\u0440\u0435\u043c Environ Vita-Antioxidant AVST Moisturiser 4 \u2014 \u044d\u0442\u043e \u0447\u0435\u0442\u0432\u0435\u0440\u0442\u044b\u0439 \u0448\u0430\u0433 \u0432 \u0441\u0438\u0441\u0442\u0435\u043c\u0435 Skin EssentiA Vitamin STEP-UP SYSTEM\u2122, \u043f\u0440\u0435\u0434\u043b\u0430\u0433\u0430\u044e\u0449\u0438\u0439 \u0431\u043e\u043b\u0435\u0435 \u0432\u044b\u0441\u043e\u043a\u0443\u044e \u043a\u043e\u043d\u0446\u0435\u043d\u0442\u0440\u0430\u0446\u0438\u044e \u0432\u0438\u0442\u0430\u043c\u0438\u043d\u0430 \u0410 \u0432 \u0441\u043e\u0447\u0435\u0442\u0430\u043d\u0438\u0438 \u0441 \u0430\u043d\u0442\u0438\u043e\u043a\u0441\u0438\u0434\u0430\u043d\u0442\u0430\u043c\u0438, \u0440\u0430\u0441\u0442\u0438\u0442\u0435\u043b\u044c\u043d\u044b\u043c\u0438 \u044d\u043a\u0441\u0442\u0440\u0430\u043a\u0442\u0430\u043c\u0438 \u0438 \u043f\u0435\u043f\u0442\u0438\u0434\u0430\u043c\u0438.<\/strong><br data-start=\"760\" data-end=\"763\" \/>\u042d\u0442\u043e\u0442 \u0443\u0441\u043e\u0432\u0435\u0440\u0448\u0435\u043d\u0441\u0442\u0432\u043e\u0432\u0430\u043d\u043d\u044b\u0439 \u0443\u0432\u043b\u0430\u0436\u043d\u044f\u044e\u0449\u0438\u0439 \u043a\u0440\u0435\u043c \u0440\u0430\u0437\u0440\u0430\u0431\u043e\u0442\u0430\u043d \u0434\u043b\u044f:<\/p>\n<ul data-start=\"817\" data-end=\"972\">\n<li class=\"\" data-start=\"817\" data-end=\"868\">\n<p class=\"\" data-start=\"819\" data-end=\"868\">\u0414\u043b\u044f \u043f\u043e\u0434\u0434\u0435\u0440\u0436\u043a\u0438 <strong data-start=\"828\" data-end=\"866\">\u043e\u0431\u043d\u043e\u0432\u043b\u0435\u043d\u0438\u0435 \u0438 \u0443\u043a\u0440\u0435\u043f\u043b\u0435\u043d\u0438\u0435 \u043a\u043e\u0436\u0438<\/strong><\/p>\n<\/li>\n<li class=\"\" data-start=\"869\" data-end=\"920\">\n<p class=\"\" data-start=\"871\" data-end=\"920\">\u0427\u0442\u043e\u0431\u044b \u0443\u043b\u0443\u0447\u0448\u0438\u0442\u044c <strong data-start=\"883\" data-end=\"918\">\u0442\u0435\u043a\u0441\u0442\u0443\u0440\u0430 \u0438 \u044d\u043b\u0430\u0441\u0442\u0438\u0447\u043d\u043e\u0441\u0442\u044c \u043a\u043e\u0436\u0438<\/strong><\/p>\n<\/li>\n<li class=\"\" data-start=\"921\" data-end=\"972\">\n<p class=\"\" data-start=\"923\" data-end=\"972\">\u0427\u0442\u043e\u0431\u044b \u0434\u0430\u0442\u044c \u043a\u043e\u0436\u0435 <strong data-start=\"939\" data-end=\"972\">\u043c\u043e\u043b\u043e\u0434\u043e\u0439, \u0441\u0438\u044f\u044e\u0449\u0438\u0439 \u0431\u043b\u0435\u0441\u043a<\/strong><\/p>\n<\/li>\n<\/ul>\n<p class=\"\" data-start=\"974\" data-end=\"1008\"><strong data-start=\"974\" data-end=\"1008\">\u041e\u0441\u043d\u043e\u0432\u043d\u044b\u0435 \u0434\u0435\u0439\u0441\u0442\u0432\u0443\u044e\u0449\u0438\u0435 \u0432\u0435\u0449\u0435\u0441\u0442\u0432\u0430:<\/strong><\/p>\n<ul data-start=\"1009\" data-end=\"1221\">\n<li class=\"\" data-start=\"1009\" data-end=\"1068\">\n<p class=\"\" data-start=\"1011\" data-end=\"1068\"><strong data-start=\"1011\" data-end=\"1027\">\u0412\u0438\u0442\u0430\u043c\u0438\u043d \u0410:<\/strong> \u0421\u043f\u043e\u0441\u043e\u0431\u0441\u0442\u0432\u0443\u0435\u0442 \u043e\u0431\u043d\u043e\u0432\u043b\u0435\u043d\u0438\u044e \u0438 \u0437\u0434\u043e\u0440\u043e\u0432\u044c\u044e \u043a\u043e\u0436\u0438<\/p>\n<\/li>\n<li class=\"\" data-start=\"1069\" data-end=\"1140\">\n<p class=\"\" data-start=\"1071\" data-end=\"1140\"><strong data-start=\"1071\" data-end=\"1105\">\u0412\u0438\u0442\u0430\u043c\u0438\u043d \u0421 \u0438 \u0430\u043d\u0442\u0438\u043e\u043a\u0441\u0438\u0434\u0430\u043d\u0442\u044b:<\/strong> \u0417\u0430\u0449\u0438\u0449\u0430\u0435\u0442 \u043e\u0442 \u0441\u0432\u043e\u0431\u043e\u0434\u043d\u044b\u0445 \u0440\u0430\u0434\u0438\u043a\u0430\u043b\u043e\u0432<\/p>\n<\/li>\n<li class=\"\" data-start=\"1141\" data-end=\"1221\">\n<p class=\"\" data-start=\"1143\" data-end=\"1221\"><strong data-start=\"1143\" data-end=\"1180\">\u0420\u0430\u0441\u0442\u0438\u0442\u0435\u043b\u044c\u043d\u044b\u0435 \u043a\u043e\u043c\u043f\u043e\u043d\u0435\u043d\u0442\u044b \u0438 \u043f\u0435\u043f\u0442\u0438\u0434\u044b:<\/strong> \u0423\u043b\u0443\u0447\u0448\u0430\u0435\u0442 \u0443\u043f\u0440\u0443\u0433\u043e\u0441\u0442\u044c \u0438 \u0442\u0435\u043a\u0441\u0442\u0443\u0440\u0443 \u043a\u043e\u0436\u0438<\/p>\n<\/li>\n<\/ul>\n<p class=\"\" data-start=\"1223\" data-end=\"1261\"><strong data-start=\"1223\" data-end=\"1261\">\u041f\u0440\u0438 \u0440\u0435\u0433\u0443\u043b\u044f\u0440\u043d\u043e\u043c \u0438\u0441\u043f\u043e\u043b\u044c\u0437\u043e\u0432\u0430\u043d\u0438\u0438 Environ 4:<\/strong><\/p>\n<ul data-start=\"1262\" data-end=\"1427\">\n<li class=\"\" data-start=\"1262\" data-end=\"1307\">\n<p class=\"\" data-start=\"1264\" data-end=\"1307\">\u0414\u0435\u043b\u0430\u0435\u0442 \u043a\u043e\u0436\u0443 <strong data-start=\"1277\" data-end=\"1305\">\u0431\u043e\u043b\u0435\u0435 \u0433\u043b\u0430\u0434\u043a\u0438\u0439 \u0438 \u0440\u043e\u0432\u043d\u044b\u0439<\/strong><\/p>\n<\/li>\n<li class=\"\" data-start=\"1308\" data-end=\"1373\">\n<p class=\"\" data-start=\"1310\" data-end=\"1373\">\u0423\u043c\u0435\u043d\u044c\u0448\u0430\u0442\u044c <strong data-start=\"1319\" data-end=\"1344\">\u043f\u0440\u0438\u0437\u043d\u0430\u043a\u0438 \u0441\u0442\u0430\u0440\u0435\u043d\u0438\u044f<\/strong> \u0442\u0430\u043a\u0438\u0435 \u043a\u0430\u043a \u043c\u043e\u0440\u0449\u0438\u043d\u044b \u0438 \u0442\u043e\u043d\u043a\u0438\u0435 \u043b\u0438\u043d\u0438\u0438<\/p>\n<\/li>\n<li class=\"\" data-start=\"1374\" data-end=\"1427\">\n<p class=\"\" data-start=\"1376\" data-end=\"1427\">\u041f\u043e\u0434\u0434\u0435\u0440\u0436\u0438\u0432\u0430\u0435\u0442 <strong data-start=\"1382\" data-end=\"1417\">\u0437\u0434\u043e\u0440\u043e\u0432\u0430\u044f, \u0441\u0438\u044f\u044e\u0449\u0430\u044f \u043a\u043e\u0436\u0430<\/strong> \u043e\u0431\u0441\u043b\u0443\u0436\u0438\u0432\u0430\u043d\u0438\u0435<\/p>\n<\/li>\n<\/ul>\n<p class=\"\" data-start=\"1429\" data-end=\"1450\"><strong data-start=\"1429\" data-end=\"1448\">\u0420\u0435\u043a\u043e\u043c\u0435\u043d\u0434\u0443\u0435\u043c\u043e\u0435 \u043f\u0440\u0438\u043c\u0435\u043d\u0435\u043d\u0438\u0435:<\/strong><\/p>\n<ul data-start=\"1451\" data-end=\"1611\">\n<li class=\"\" data-start=\"1451\" data-end=\"1528\">\n<p class=\"\" data-start=\"1453\" data-end=\"1528\">\u0420\u0435\u043a\u043e\u043c\u0435\u043d\u0434\u0443\u0435\u0442\u0441\u044f \u0438\u0441\u043f\u043e\u043b\u044c\u0437\u043e\u0432\u0430\u0442\u044c \u043f\u0435\u0440\u0435\u0434 \u043f\u0435\u0440\u0435\u0445\u043e\u0434\u043e\u043c \u043d\u0430 \u0443\u0432\u043b\u0430\u0436\u043d\u044f\u044e\u0449\u0438\u0439 \u043a\u0440\u0435\u043c AVST Moisturiser 5 \u0443\u0440\u043e\u0432\u043d\u044f.<\/p>\n<\/li>\n<li class=\"\" data-start=\"1529\" data-end=\"1611\">\n<p class=\"\" data-start=\"1531\" data-end=\"1611\">\u0418\u0441\u043f\u043e\u043b\u044c\u0437\u0443\u0439\u0442\u0435 \u043f\u043e \u043a\u0440\u0430\u0439\u043d\u0435\u0439 \u043c\u0435\u0440\u0435 <strong data-start=\"1547\" data-end=\"1562\">6 \u043c\u0435\u0441\u044f\u0446\u0435\u0432<\/strong> \u0438\u043b\u0438 <strong data-start=\"1567\" data-end=\"1591\">\u0434\u0432\u0435 \u0431\u0443\u0442\u044b\u043b\u043a\u0438 \u0441\u0442\u043e\u0438\u043c\u043e\u0441\u0442\u044c\u044e<\/strong> \u043f\u0440\u0435\u0436\u0434\u0435 \u0447\u0435\u043c \u043f\u043e\u0434\u043d\u044f\u0442\u044c \u0443\u0440\u043e\u0432\u0435\u043d\u044c.<\/p>\n<\/li>\n<\/ul>","protected":false},"excerpt":{"rendered":"<p class=\"\" data-start=\"1667\" data-end=\"1793\"><strong data-start=\"1667\" data-end=\"1793\">\u0423\u0432\u043b\u0430\u0436\u043d\u044f\u044e\u0449\u0438\u0439 \u043a\u0440\u0435\u043c \u0441 \u043f\u043e\u0432\u044b\u0448\u0435\u043d\u043d\u044b\u043c \u0441\u043e\u0434\u0435\u0440\u0436\u0430\u043d\u0438\u0435\u043c \u0432\u0438\u0442\u0430\u043c\u0438\u043d\u0430 \u0410, \u043a\u043e\u0442\u043e\u0440\u044b\u0439 \u0443\u043b\u0443\u0447\u0448\u0430\u0435\u0442 \u0442\u0435\u043a\u0441\u0442\u0443\u0440\u0443 \u043a\u043e\u0436\u0438, \u043f\u043e\u0432\u044b\u0448\u0430\u0435\u0442 \u0435\u0435 \u044d\u043b\u0430\u0441\u0442\u0438\u0447\u043d\u043e\u0441\u0442\u044c \u0438 \u0432\u043e\u0437\u0432\u0440\u0430\u0449\u0430\u0435\u0442 \u0435\u0439 \u043c\u043e\u043b\u043e\u0434\u043e\u0435 \u0441\u0438\u044f\u043d\u0438\u0435.<\/strong><\/p>","protected":false},"featured_media":2321,"comment_status":"open","ping_status":"closed","template":"","meta":{"_surecart_dashboard_logo_width":"180px","_surecart_dashboard_show_logo":true,"_surecart_dashboard_navigation_orders":true,"_surecart_dashboard_navigation_invoices":true,"_surecart_dashboard_navigation_subscriptions":true,"_surecart_dashboard_navigation_downloads":true,"_surecart_dashboard_navigation_billing":true,"_surecart_dashboard_navigation_account":true,"_uag_custom_page_level_css":"","site-sidebar-layout":"default","site-content-layout":"","ast-site-content-layout":"default","site-content-style":"default","site-sidebar-style":"default","ast-global-header-display":"","ast-banner-title-visibility":"","ast-main-header-display":"","ast-hfb-above-header-display":"","ast-hfb-below-header-display":"","ast-hfb-mobile-header-display":"","site-post-title":"","ast-breadcrumbs-content":"","ast-featured-img":"","footer-sml-layout":"","theme-transparent-header-meta":"default","adv-header-id-meta":"","stick-header-meta":"default","header-above-stick-meta":"","header-main-stick-meta":"","header-below-stick-meta":"","astra-migrate-meta-layouts":"set","ast-page-background-enabled":"default","ast-page-background-meta":{"desktop":{"background-color":"var(--ast-global-color-4)","background-image":"","background-repeat":"repeat","background-position":"center center","background-size":"auto","background-attachment":"scroll","background-type":"","background-media":"","overlay-type":"","overlay-color":"","overlay-opacity":"","overlay-gradient":""},"tablet":{"background-color":"","background-image":"","background-repeat":"repeat","background-position":"center center","background-size":"auto","background-attachment":"scroll","background-type":"","background-media":"","overlay-type":"","overlay-color":"","overlay-opacity":"","overlay-gradient":""},"mobile":{"background-color":"","background-image":"","background-repeat":"repeat","background-position":"center center","background-size":"auto","background-attachment":"scroll","background-type":"","background-media":"","overlay-type":"","overlay-color":"","overlay-opacity":"","overlay-gradient":""}},"ast-content-background-meta":{"desktop":{"background-color":"var(--ast-global-color-5)","background-image":"","background-repeat":"repeat","background-position":"center center","background-size":"auto","background-attachment":"scroll","background-type":"","background-media":"","overlay-type":"","overlay-color":"","overlay-opacity":"","overlay-gradient":""},"tablet":{"background-color":"var(--ast-global-color-5)","background-image":"","background-repeat":"repeat","background-position":"center center","background-size":"auto","background-attachment":"scroll","background-type":"","background-media":"","overlay-type":"","overlay-color":"","overlay-opacity":"","overlay-gradient":""},"mobile":{"background-color":"var(--ast-global-color-5)","background-image":"","background-repeat":"repeat","background-position":"center center","background-size":"auto","background-attachment":"scroll","background-type":"","background-media":"","overlay-type":"","overlay-color":"","overlay-opacity":"","overlay-gradient":""}}},"product_brand":[],"product_cat":[396],"product_tag":[397,407,406,413,325,408,410,409,411,412],"class_list":{"0":"post-2320","1":"product","2":"type-product","3":"status-publish","4":"has-post-thumbnail","6":"product_cat-kasvojen-hoito-vitamiinihoidot-ja-anti-age-kosteuttajat","7":"product_tag-a-vitamiinivoide","8":"product_tag-antioksidanttikosteuttaja","9":"product_tag-c-vitamiini-kosteuttaja","10":"product_tag-environ-avst-moisturiser-4","11":"product_tag-ihon-kiinteyttaminen-ja-kirkastaminen","12":"product_tag-kasviuutteita-sisaltava-voide","13":"product_tag-nuorekas-ja-hehkuva-iho","14":"product_tag-peptidi-ihonhoito","15":"product_tag-ryppyja-vahentava-voide","16":"product_tag-skin-essentia-step-up-system","17":"desktop-align-left","18":"tablet-align-left","19":"mobile-align-left","21":"first","22":"outofstock","23":"shipping-taxable","24":"purchasable","25":"product-type-simple"},"uagb_featured_image_src":{"full":["https:\/\/vitaroma.fi\/wp-content\/uploads\/2025\/04\/f0c2b5_37a73b7c233748c4ad37bf8ff6ff0142mv2.png",1080,1080,false],"thumbnail":["https:\/\/vitaroma.fi\/wp-content\/uploads\/2025\/04\/f0c2b5_37a73b7c233748c4ad37bf8ff6ff0142mv2-150x150.png",150,150,true],"medium":["https:\/\/vitaroma.fi\/wp-content\/uploads\/2025\/04\/f0c2b5_37a73b7c233748c4ad37bf8ff6ff0142mv2-300x300.png",300,300,true],"medium_large":["https:\/\/vitaroma.fi\/wp-content\/uploads\/2025\/04\/f0c2b5_37a73b7c233748c4ad37bf8ff6ff0142mv2-768x768.png",768,768,true],"large":["https:\/\/vitaroma.fi\/wp-content\/uploads\/2025\/04\/f0c2b5_37a73b7c233748c4ad37bf8ff6ff0142mv2-1024x1024.png",1024,1024,true],"1536x1536":["https:\/\/vitaroma.fi\/wp-content\/uploads\/2025\/04\/f0c2b5_37a73b7c233748c4ad37bf8ff6ff0142mv2.png",1080,1080,false],"2048x2048":["https:\/\/vitaroma.fi\/wp-content\/uploads\/2025\/04\/f0c2b5_37a73b7c233748c4ad37bf8ff6ff0142mv2.png",1080,1080,false],"trp-custom-language-flag":["https:\/\/vitaroma.fi\/wp-content\/uploads\/2025\/04\/f0c2b5_37a73b7c233748c4ad37bf8ff6ff0142mv2-12x12.png",12,12,true],"woocommerce_thumbnail":["https:\/\/vitaroma.fi\/wp-content\/uploads\/2025\/04\/f0c2b5_37a73b7c233748c4ad37bf8ff6ff0142mv2-300x300.png",300,300,true],"woocommerce_single":["https:\/\/vitaroma.fi\/wp-content\/uploads\/2025\/04\/f0c2b5_37a73b7c233748c4ad37bf8ff6ff0142mv2-600x600.png",600,600,true],"woocommerce_gallery_thumbnail":["https:\/\/vitaroma.fi\/wp-content\/uploads\/2025\/04\/f0c2b5_37a73b7c233748c4ad37bf8ff6ff0142mv2-100x100.png",100,100,true]},"uagb_author_info":{"display_name":"emilkemal4@gmail.com","author_link":"https:\/\/vitaroma.fi\/ru\/author\/"},"uagb_comment_info":0,"uagb_excerpt":"Korkeamman A-vitamiinipitoisuuden kosteuttaja, joka parantaa ihon rakennetta, kimmoisuutta ja palauttaa nuorekkaan hehkun.","_links":{"self":[{"href":"https:\/\/vitaroma.fi\/ru\/wp-json\/wp\/v2\/product\/2320","targetHints":{"allow":["GET"]}}],"collection":[{"href":"https:\/\/vitaroma.fi\/ru\/wp-json\/wp\/v2\/product"}],"about":[{"href":"https:\/\/vitaroma.fi\/ru\/wp-json\/wp\/v2\/types\/product"}],"replies":[{"embeddable":true,"href":"https:\/\/vitaroma.fi\/ru\/wp-json\/wp\/v2\/comments?post=2320"}],"wp:featuredmedia":[{"embeddable":true,"href":"https:\/\/vitaroma.fi\/ru\/wp-json\/wp\/v2\/media\/2321"}],"wp:attachment":[{"href":"https:\/\/vitaroma.fi\/ru\/wp-json\/wp\/v2\/media?parent=2320"}],"wp:term":[{"taxonomy":"product_brand","embeddable":true,"href":"https:\/\/vitaroma.fi\/ru\/wp-json\/wp\/v2\/product_brand?post=2320"},{"taxonomy":"product_cat","embeddable":true,"href":"https:\/\/vitaroma.fi\/ru\/wp-json\/wp\/v2\/product_cat?post=2320"},{"taxonomy":"product_tag","embeddable":true,"href":"https:\/\/vitaroma.fi\/ru\/wp-json\/wp\/v2\/product_tag?post=2320"}],"curies":[{"name":"wp","href":"https:\/\/api.w.org\/{rel}","templated":true}]}}