{"id":2312,"date":"2025-04-26T00:57:42","date_gmt":"2025-04-26T00:57:42","guid":{"rendered":"https:\/\/vitaroma.fi\/?post_type=product&#038;p=2312"},"modified":"2025-12-01T13:38:23","modified_gmt":"2025-12-01T11:38:23","slug":"environ-cleansing-gel","status":"publish","type":"product","link":"https:\/\/vitaroma.fi\/ru\/produkt\/\u0433\u0435\u043b\u044c-\u0434\u043b\u044f-\u043e\u0447\u0438\u0441\u0442\u043a\u0438-\u043e\u043a\u0440\u0443\u0436\u0430\u044e\u0449\u0435\u0439-\u0441\u0440\u0435\u0434\u044b\/","title":{"rendered":"\u041e\u0447\u0438\u0449\u0430\u044e\u0449\u0438\u0439 \u0433\u0435\u043b\u044c Environ"},"content":{"rendered":"<p class=\"\" data-start=\"482\" data-end=\"665\"><strong data-start=\"482\" data-end=\"625\">\u041e\u0447\u0438\u0449\u0430\u044e\u0449\u0438\u0439 \u0433\u0435\u043b\u044c Environ \u2014 \u044d\u0442\u043e \u043c\u044f\u0433\u043a\u043e \u043f\u0435\u043d\u044f\u0449\u0438\u0439\u0441\u044f \u0438 \u043c\u044f\u0433\u043a\u0438\u0439 \u043e\u0447\u0438\u0449\u0430\u044e\u0449\u0438\u0439 \u0433\u0435\u043b\u044c, \u043a\u043e\u0442\u043e\u0440\u044b\u0439 \u044d\u0444\u0444\u0435\u043a\u0442\u0438\u0432\u043d\u043e \u043e\u0447\u0438\u0449\u0430\u0435\u0442 \u043a\u043e\u0436\u0443, \u043d\u0435 \u0432\u044b\u0441\u0443\u0448\u0438\u0432\u0430\u044f \u0435\u0435.<\/strong><br data-start=\"625\" data-end=\"628\" \/>\u0415\u0433\u043e \u0441\u0431\u0430\u043b\u0430\u043d\u0441\u0438\u0440\u043e\u0432\u0430\u043d\u043d\u044b\u0439 \u0441\u043e\u0441\u0442\u0430\u0432 \u0438\u0441\u043a\u043b\u044e\u0447\u0430\u0435\u0442:<\/p>\n<ul data-start=\"667\" data-end=\"728\">\n<li class=\"\" data-start=\"667\" data-end=\"694\">\n<p class=\"\" data-start=\"669\" data-end=\"694\"><strong data-start=\"669\" data-end=\"692\">\u0418\u0437\u0431\u044b\u0442\u043e\u0447\u043d\u044b\u0439 \u0436\u0438\u0440<\/strong><\/p>\n<\/li>\n<li class=\"\" data-start=\"695\" data-end=\"709\">\n<p class=\"\" data-start=\"697\" data-end=\"709\"><strong data-start=\"697\" data-end=\"707\">\u0421\u043e\u0441\u0442\u0430\u0432\u0438\u0442\u044c<\/strong><\/p>\n<\/li>\n<li class=\"\" data-start=\"710\" data-end=\"728\">\n<p class=\"\" data-start=\"712\" data-end=\"728\"><strong data-start=\"712\" data-end=\"728\">\u041f\u0440\u0438\u043c\u0435\u0441\u0438<\/strong><\/p>\n<\/li>\n<\/ul>\n<p class=\"\" data-start=\"730\" data-end=\"758\"><strong data-start=\"730\" data-end=\"758\">\u041e\u0441\u043d\u043e\u0432\u043d\u044b\u0435 \u0445\u0430\u0440\u0430\u043a\u0442\u0435\u0440\u0438\u0441\u0442\u0438\u043a\u0438:<\/strong><\/p>\n<ul data-start=\"759\" data-end=\"983\">\n<li class=\"\" data-start=\"759\" data-end=\"812\">\n<p class=\"\" data-start=\"761\" data-end=\"812\">\u0423\u0434\u0435\u0440\u0436\u0438\u0432\u0430\u0442\u044c <strong data-start=\"771\" data-end=\"810\">\u0435\u0441\u0442\u0435\u0441\u0442\u0432\u0435\u043d\u043d\u044b\u0439 \u0431\u0430\u043b\u0430\u043d\u0441 \u0432\u043b\u0430\u0433\u0438 \u043a\u043e\u0436\u0438<\/strong><\/p>\n<\/li>\n<li class=\"\" data-start=\"813\" data-end=\"873\">\n<p class=\"\" data-start=\"815\" data-end=\"873\">\u041e\u0441\u0442\u0430\u0432\u043b\u044f\u0435\u0442 \u043a\u043e\u0436\u0443 <strong data-start=\"827\" data-end=\"859\">\u0441\u0432\u0435\u0436\u0438\u0439, \u043c\u044f\u0433\u043a\u0438\u0439 \u0438 \u0447\u0438\u0441\u0442\u044b\u0439<\/strong> \u0447\u0443\u0432\u0441\u0442\u0432\u043e\u0432\u0430\u0442\u044c<\/p>\n<\/li>\n<li class=\"\" data-start=\"874\" data-end=\"931\">\n<p class=\"\" data-start=\"876\" data-end=\"931\">\u041f\u043e\u0434\u0445\u043e\u0434\u044f\u0449\u0438\u0439 <strong data-start=\"882\" data-end=\"907\">\u0434\u043b\u044f \u0432\u0441\u0435\u0445 \u0442\u0438\u043f\u043e\u0432 \u043a\u043e\u0436\u0438<\/strong>, \u0442\u0430\u043a\u0436\u0435 \u0434\u043b\u044f \u0447\u0443\u0432\u0441\u0442\u0432\u0438\u0442\u0435\u043b\u044c\u043d\u043e\u0439 \u043a\u043e\u0436\u0438<\/p>\n<\/li>\n<li class=\"\" data-start=\"932\" data-end=\"983\">\n<p class=\"\" data-start=\"934\" data-end=\"983\">\u041b\u0435\u0433\u043a\u0430\u044f, \u043f\u0440\u0438\u044f\u0442\u043d\u0430\u044f \u0438 \u043b\u0435\u0433\u043a\u043e \u0441\u043c\u044b\u0432\u0430\u0435\u043c\u0430\u044f \u043f\u0435\u043d\u0430<\/p>\n<\/li>\n<\/ul>\n<p class=\"\" data-start=\"985\" data-end=\"1023\"><strong data-start=\"985\" data-end=\"1012\">\u041f\u0440\u0438 \u0440\u0435\u0433\u0443\u043b\u044f\u0440\u043d\u043e\u043c \u0438\u0441\u043f\u043e\u043b\u044c\u0437\u043e\u0432\u0430\u043d\u0438\u0438<\/strong> \u043a\u043e\u0436\u0430 \u043e\u0441\u0442\u0430\u0435\u0442\u0441\u044f:<\/p>\n<ul data-start=\"1025\" data-end=\"1156\">\n<li class=\"\" data-start=\"1025\" data-end=\"1054\">\n<p class=\"\" data-start=\"1027\" data-end=\"1054\">\u041e\u0447\u0438\u0449\u0435\u043d\u043e \u043e\u0442 \u0437\u0430\u0441\u043e\u0440\u043e\u0432<\/p>\n<\/li>\n<li class=\"\" data-start=\"1055\" data-end=\"1091\">\n<p class=\"\" data-start=\"1057\" data-end=\"1091\">\u0421\u0431\u0430\u043b\u0430\u043d\u0441\u0438\u0440\u043e\u0432\u0430\u043d\u043d\u044b\u0439 \u0438 \u044f\u0440\u043a\u0438\u0439<\/p>\n<\/li>\n<li class=\"\" data-start=\"1092\" data-end=\"1156\">\n<p class=\"\" data-start=\"1094\" data-end=\"1156\">\u0413\u043e\u0442\u043e\u0432\u043d\u043e\u0441\u0442\u044c \u043a \u0431\u043e\u043b\u0435\u0435 \u044d\u0444\u0444\u0435\u043a\u0442\u0438\u0432\u043d\u043e\u043c\u0443 \u043f\u0440\u0438\u0435\u043c\u0443 \u0434\u0440\u0443\u0433\u0438\u0445 \u0441\u0440\u0435\u0434\u0441\u0442\u0432 \u043f\u043e \u0443\u0445\u043e\u0434\u0443 \u0437\u0430 \u043a\u043e\u0436\u0435\u0439<\/p>\n<\/li>\n<\/ul>\n<p class=\"\" data-start=\"1158\" data-end=\"1296\">\u041e\u0447\u0438\u0449\u0430\u044e\u0449\u0438\u0439 \u0433\u0435\u043b\u044c Environ \u044f\u0432\u043b\u044f\u0435\u0442\u0441\u044f \u043d\u0435\u043e\u0442\u044a\u0435\u043c\u043b\u0435\u043c\u043e\u0439 \u0447\u0430\u0441\u0442\u044c\u044e \u0435\u0436\u0435\u0434\u043d\u0435\u0432\u043d\u043e\u0433\u043e \u0443\u0445\u043e\u0434\u0430 \u0437\u0430 \u043a\u043e\u0436\u0435\u0439, \u043e\u0431\u0435\u0441\u043f\u0435\u0447\u0438\u0432\u0430\u044f \u044d\u0444\u0444\u0435\u043a\u0442\u0438\u0432\u043d\u043e\u0435, \u043d\u043e \u043c\u044f\u0433\u043a\u043e\u0435 \u043e\u0447\u0438\u0449\u0435\u043d\u0438\u0435 \u0443\u0442\u0440\u043e\u043c \u0438 \u0432\u0435\u0447\u0435\u0440\u043e\u043c.<\/p>","protected":false},"excerpt":{"rendered":"<p class=\"\" data-start=\"1352\" data-end=\"1491\"><strong data-start=\"1352\" data-end=\"1491\">\u041c\u044f\u0433\u043a\u043e \u043f\u0435\u043d\u044f\u0449\u0438\u0439\u0441\u044f \u043e\u0447\u0438\u0449\u0430\u044e\u0449\u0438\u0439 \u0433\u0435\u043b\u044c, \u043a\u043e\u0442\u043e\u0440\u044b\u0439 \u0443\u0434\u0430\u043b\u044f\u0435\u0442 \u0436\u0438\u0440, \u043c\u0430\u043a\u0438\u044f\u0436 \u0438 \u0437\u0430\u0433\u0440\u044f\u0437\u043d\u0435\u043d\u0438\u044f, \u0441\u043e\u0445\u0440\u0430\u043d\u044f\u044f \u043f\u0440\u0438 \u044d\u0442\u043e\u043c \u0431\u0430\u043b\u0430\u043d\u0441 \u0432\u043b\u0430\u0436\u043d\u043e\u0441\u0442\u0438 \u0438 \u0441\u0432\u0435\u0436\u0435\u0441\u0442\u044c \u043a\u043e\u0436\u0438.<\/strong><\/p>","protected":false},"featured_media":2313,"comment_status":"open","ping_status":"closed","template":"","meta":{"_surecart_dashboard_logo_width":"180px","_surecart_dashboard_show_logo":true,"_surecart_dashboard_navigation_orders":true,"_surecart_dashboard_navigation_invoices":true,"_surecart_dashboard_navigation_subscriptions":true,"_surecart_dashboard_navigation_downloads":true,"_surecart_dashboard_navigation_billing":true,"_surecart_dashboard_navigation_account":true,"_uag_custom_page_level_css":"","site-sidebar-layout":"default","site-content-layout":"","ast-site-content-layout":"default","site-content-style":"default","site-sidebar-style":"default","ast-global-header-display":"","ast-banner-title-visibility":"","ast-main-header-display":"","ast-hfb-above-header-display":"","ast-hfb-below-header-display":"","ast-hfb-mobile-header-display":"","site-post-title":"","ast-breadcrumbs-content":"","ast-featured-img":"","footer-sml-layout":"","theme-transparent-header-meta":"default","adv-header-id-meta":"","stick-header-meta":"default","header-above-stick-meta":"","header-main-stick-meta":"","header-below-stick-meta":"","astra-migrate-meta-layouts":"set","ast-page-background-enabled":"default","ast-page-background-meta":{"desktop":{"background-color":"var(--ast-global-color-4)","background-image":"","background-repeat":"repeat","background-position":"center center","background-size":"auto","background-attachment":"scroll","background-type":"","background-media":"","overlay-type":"","overlay-color":"","overlay-opacity":"","overlay-gradient":""},"tablet":{"background-color":"","background-image":"","background-repeat":"repeat","background-position":"center center","background-size":"auto","background-attachment":"scroll","background-type":"","background-media":"","overlay-type":"","overlay-color":"","overlay-opacity":"","overlay-gradient":""},"mobile":{"background-color":"","background-image":"","background-repeat":"repeat","background-position":"center center","background-size":"auto","background-attachment":"scroll","background-type":"","background-media":"","overlay-type":"","overlay-color":"","overlay-opacity":"","overlay-gradient":""}},"ast-content-background-meta":{"desktop":{"background-color":"var(--ast-global-color-5)","background-image":"","background-repeat":"repeat","background-position":"center center","background-size":"auto","background-attachment":"scroll","background-type":"","background-media":"","overlay-type":"","overlay-color":"","overlay-opacity":"","overlay-gradient":""},"tablet":{"background-color":"var(--ast-global-color-5)","background-image":"","background-repeat":"repeat","background-position":"center center","background-size":"auto","background-attachment":"scroll","background-type":"","background-media":"","overlay-type":"","overlay-color":"","overlay-opacity":"","overlay-gradient":""},"mobile":{"background-color":"var(--ast-global-color-5)","background-image":"","background-repeat":"repeat","background-position":"center center","background-size":"auto","background-attachment":"scroll","background-type":"","background-media":"","overlay-type":"","overlay-color":"","overlay-opacity":"","overlay-gradient":""}}},"product_brand":[],"product_cat":[252],"product_tag":[374,368,372,371,370,375,366,373,367,369],"class_list":{"0":"post-2312","1":"product","2":"type-product","3":"status-publish","4":"has-post-thumbnail","6":"product_cat-kasvojen-hoito-puhdistusaineet","7":"product_tag-environ-cleansing-gel","8":"product_tag-hellavarainen-kasvojen-puhdistus","9":"product_tag-kaikille-ihotyypeille","10":"product_tag-kosteustasapainon-sailyttaminen","11":"product_tag-meikinpoisto","12":"product_tag-paivittainen-kasvojen-puhdistus","13":"product_tag-puhdistusgeeli","14":"product_tag-raikas-ja-puhdas-iho","15":"product_tag-vaahtoava-puhdistusaine","16":"product_tag-ylimaaraisen-rasvan-poisto","17":"desktop-align-left","18":"tablet-align-left","19":"mobile-align-left","21":"first","22":"instock","23":"shipping-taxable","24":"purchasable","25":"product-type-simple"},"uagb_featured_image_src":{"full":["https:\/\/vitaroma.fi\/wp-content\/uploads\/2025\/04\/f0c2b5_c5a5771d97514500a2da78a60f6aab12mv2.png",1080,1080,false],"thumbnail":["https:\/\/vitaroma.fi\/wp-content\/uploads\/2025\/04\/f0c2b5_c5a5771d97514500a2da78a60f6aab12mv2-150x150.png",150,150,true],"medium":["https:\/\/vitaroma.fi\/wp-content\/uploads\/2025\/04\/f0c2b5_c5a5771d97514500a2da78a60f6aab12mv2-300x300.png",300,300,true],"medium_large":["https:\/\/vitaroma.fi\/wp-content\/uploads\/2025\/04\/f0c2b5_c5a5771d97514500a2da78a60f6aab12mv2-768x768.png",768,768,true],"large":["https:\/\/vitaroma.fi\/wp-content\/uploads\/2025\/04\/f0c2b5_c5a5771d97514500a2da78a60f6aab12mv2-1024x1024.png",1024,1024,true],"1536x1536":["https:\/\/vitaroma.fi\/wp-content\/uploads\/2025\/04\/f0c2b5_c5a5771d97514500a2da78a60f6aab12mv2.png",1080,1080,false],"2048x2048":["https:\/\/vitaroma.fi\/wp-content\/uploads\/2025\/04\/f0c2b5_c5a5771d97514500a2da78a60f6aab12mv2.png",1080,1080,false],"trp-custom-language-flag":["https:\/\/vitaroma.fi\/wp-content\/uploads\/2025\/04\/f0c2b5_c5a5771d97514500a2da78a60f6aab12mv2-12x12.png",12,12,true],"woocommerce_thumbnail":["https:\/\/vitaroma.fi\/wp-content\/uploads\/2025\/04\/f0c2b5_c5a5771d97514500a2da78a60f6aab12mv2-300x300.png",300,300,true],"woocommerce_single":["https:\/\/vitaroma.fi\/wp-content\/uploads\/2025\/04\/f0c2b5_c5a5771d97514500a2da78a60f6aab12mv2-600x600.png",600,600,true],"woocommerce_gallery_thumbnail":["https:\/\/vitaroma.fi\/wp-content\/uploads\/2025\/04\/f0c2b5_c5a5771d97514500a2da78a60f6aab12mv2-100x100.png",100,100,true]},"uagb_author_info":{"display_name":"emilkemal4@gmail.com","author_link":"https:\/\/vitaroma.fi\/ru\/author\/"},"uagb_comment_info":0,"uagb_excerpt":"Miedosti vaahtoava puhdistusgeeli, joka poistaa rasvan, meikin ja ep\u00e4puhtaudet samalla s\u00e4ilytt\u00e4en ihon kosteustasapainon ja raikkauden.","_links":{"self":[{"href":"https:\/\/vitaroma.fi\/ru\/wp-json\/wp\/v2\/product\/2312","targetHints":{"allow":["GET"]}}],"collection":[{"href":"https:\/\/vitaroma.fi\/ru\/wp-json\/wp\/v2\/product"}],"about":[{"href":"https:\/\/vitaroma.fi\/ru\/wp-json\/wp\/v2\/types\/product"}],"replies":[{"embeddable":true,"href":"https:\/\/vitaroma.fi\/ru\/wp-json\/wp\/v2\/comments?post=2312"}],"wp:featuredmedia":[{"embeddable":true,"href":"https:\/\/vitaroma.fi\/ru\/wp-json\/wp\/v2\/media\/2313"}],"wp:attachment":[{"href":"https:\/\/vitaroma.fi\/ru\/wp-json\/wp\/v2\/media?parent=2312"}],"wp:term":[{"taxonomy":"product_brand","embeddable":true,"href":"https:\/\/vitaroma.fi\/ru\/wp-json\/wp\/v2\/product_brand?post=2312"},{"taxonomy":"product_cat","embeddable":true,"href":"https:\/\/vitaroma.fi\/ru\/wp-json\/wp\/v2\/product_cat?post=2312"},{"taxonomy":"product_tag","embeddable":true,"href":"https:\/\/vitaroma.fi\/ru\/wp-json\/wp\/v2\/product_tag?post=2312"}],"curies":[{"name":"wp","href":"https:\/\/api.w.org\/{rel}","templated":true}]}}