{"id":2286,"date":"2025-04-26T00:41:22","date_gmt":"2025-04-26T00:41:22","guid":{"rendered":"https:\/\/vitaroma.fi\/?post_type=product&#038;p=2286"},"modified":"2025-12-01T13:36:44","modified_gmt":"2025-12-01T11:36:44","slug":"environ-revival-masque","status":"publish","type":"product","link":"https:\/\/vitaroma.fi\/ru\/produkt\/\u043c\u0430\u0441\u043a\u0430-\u044d\u043a\u043e\u043b\u043e\u0433\u0438\u0447\u0435\u0441\u043a\u043e\u0433\u043e-\u0432\u043e\u0437\u0440\u043e\u0436\u0434\u0435\u043d\u0438\u044f\/","title":{"rendered":"\u041c\u0430\u0441\u043a\u0430 \u0432\u043e\u0437\u0440\u043e\u0436\u0434\u0435\u043d\u0438\u044f \u043e\u043a\u0440\u0443\u0436\u0430\u044e\u0449\u0435\u0439 \u0441\u0440\u0435\u0434\u044b"},"content":{"rendered":"<p class=\"\" data-start=\"484\" data-end=\"700\"><strong data-start=\"484\" data-end=\"576\">\u041c\u0430\u0441\u043a\u0443 Environ Revival \u043d\u0430\u0437\u044b\u0432\u0430\u044e\u0442 \u201c\u043f\u043e\u0434\u0442\u044f\u0436\u043a\u043e\u0439 \u043b\u0438\u0446\u0430 \u0432 \u0431\u0430\u043d\u043a\u0435\u201d \u2014 \u0438 \u043d\u0430 \u0442\u043e \u0435\u0441\u0442\u044c \u0432\u0435\u0441\u043a\u0438\u0435 \u043f\u0440\u0438\u0447\u0438\u043d\u044b.<\/strong><br data-start=\"576\" data-end=\"579\" \/>\u042d\u0442\u0430 \u0438\u043d\u043d\u043e\u0432\u0430\u0446\u0438\u043e\u043d\u043d\u0430\u044f \u0438 \u044d\u0444\u0444\u0435\u043a\u0442\u0438\u0432\u043d\u0430\u044f \u043c\u0430\u0441\u043a\u0430 \u0434\u043b\u044f \u043b\u0438\u0446\u0430 \u0438\u0441\u043f\u043e\u043b\u044c\u0437\u0443\u0435\u0442 <strong data-start=\"632\" data-end=\"657\">\u043c\u044f\u0433\u043a\u0438\u0435 \u043a\u0438\u0441\u043b\u043e\u0442\u044b<\/strong> \u043f\u0440\u0435\u0434\u043b\u0430\u0433\u0430\u0435\u043c \u0443\u043d\u0438\u043a\u0430\u043b\u044c\u043d\u0443\u044e \u043a\u043e\u043c\u0431\u0438\u043d\u0430\u0446\u0438\u044e, \u043a\u043e\u0442\u043e\u0440\u0430\u044f:<\/p>\n<ul data-start=\"702\" data-end=\"835\">\n<li class=\"\" data-start=\"702\" data-end=\"743\">\n<p class=\"\" data-start=\"704\" data-end=\"743\">\u0411\u043e\u043b\u0435\u0435 <strong data-start=\"710\" data-end=\"741\">\u044f\u0440\u043a\u043e\u0441\u0442\u044c \u0438 \u0441\u0438\u044f\u043d\u0438\u0435 \u043a\u043e\u0436\u0438<\/strong><\/p>\n<\/li>\n<li class=\"\" data-start=\"744\" data-end=\"793\">\n<p class=\"\" data-start=\"746\" data-end=\"793\">\u0423\u043b\u0443\u0447\u0448\u0430\u0442\u044c <strong data-start=\"755\" data-end=\"791\">\u0443\u043f\u0440\u0443\u0433\u043e\u0441\u0442\u044c \u0438 \u044d\u043b\u0430\u0441\u0442\u0438\u0447\u043d\u043e\u0441\u0442\u044c \u043a\u043e\u0436\u0438<\/strong><\/p>\n<\/li>\n<li class=\"\" data-start=\"794\" data-end=\"835\">\n<p class=\"\" data-start=\"796\" data-end=\"835\">\u041f\u043e\u0434\u0442\u0432\u0435\u0440\u0436\u0434\u0430\u0442\u044c <strong data-start=\"806\" data-end=\"835\">\u043c\u043e\u043b\u043e\u0434\u043e\u0439 \u0432\u0438\u0434 \u043a\u043e\u0436\u0438<\/strong><\/p>\n<\/li>\n<\/ul>\n<p class=\"\" data-start=\"837\" data-end=\"867\"><strong data-start=\"837\" data-end=\"865\">\u0412 \u0441\u043e\u0441\u0442\u0430\u0432 Revival Masque \u0432\u0445\u043e\u0434\u044f\u0442:<\/strong><\/p>\n<ul data-start=\"868\" data-end=\"1086\">\n<li class=\"\" data-start=\"868\" data-end=\"939\">\n<p class=\"\" data-start=\"870\" data-end=\"939\"><strong data-start=\"870\" data-end=\"885\">\u041c\u043e\u043b\u043e\u0447\u043d\u0430\u044f \u043a\u0438\u0441\u043b\u043e\u0442\u0430<\/strong> \u2013 \u0421\u043f\u043e\u0441\u043e\u0431\u0441\u0442\u0432\u0443\u0435\u0442 \u0435\u0441\u0442\u0435\u0441\u0442\u0432\u0435\u043d\u043d\u043e\u043c\u0443 \u043e\u0442\u0448\u0435\u043b\u0443\u0448\u0438\u0432\u0430\u043d\u0438\u044e \u0438 \u0443\u0432\u043b\u0430\u0436\u043d\u044f\u0435\u0442 \u043a\u043e\u0436\u0443<\/p>\n<\/li>\n<li class=\"\" data-start=\"940\" data-end=\"1012\">\n<p class=\"\" data-start=\"942\" data-end=\"1012\"><strong data-start=\"942\" data-end=\"960\">\u0410\u0437\u0438\u0430\u0442\u0441\u043a\u0430\u044f \u043a\u0438\u0441\u043b\u043e\u0442\u0430<\/strong> \u2013 \u0421\u043f\u043e\u0441\u043e\u0431\u0441\u0442\u0432\u0443\u0435\u0442 \u043e\u0431\u043d\u043e\u0432\u043b\u0435\u043d\u0438\u044e \u0438 \u0443\u043b\u0443\u0447\u0448\u0435\u043d\u0438\u044e \u0441\u0442\u0440\u0443\u043a\u0442\u0443\u0440\u044b \u043a\u043e\u0436\u0438<\/p>\n<\/li>\n<li class=\"\" data-start=\"1013\" data-end=\"1086\">\n<p class=\"\" data-start=\"1015\" data-end=\"1086\"><strong data-start=\"1015\" data-end=\"1034\">\u041c\u0438\u043d\u0434\u0430\u043b\u044c\u043d\u0430\u044f \u043a\u0438\u0441\u043b\u043e\u0442\u0430<\/strong> \u2013 \u041c\u044f\u0433\u043a\u043e \u0443\u043b\u0443\u0447\u0448\u0430\u0435\u0442 \u0442\u0435\u043a\u0441\u0442\u0443\u0440\u0443 \u0438 \u0442\u043e\u043d \u043a\u043e\u0436\u0438<\/p>\n<\/li>\n<\/ul>\n<p class=\"\" data-start=\"1088\" data-end=\"1115\"><strong data-start=\"1088\" data-end=\"1115\">\u041e\u0441\u043d\u043e\u0432\u043d\u044b\u0435 \u044d\u0444\u0444\u0435\u043a\u0442\u044b:<\/strong><\/p>\n<ul data-start=\"1116\" data-end=\"1321\">\n<li class=\"\" data-start=\"1116\" data-end=\"1166\">\n<p class=\"\" data-start=\"1118\" data-end=\"1166\">\u0412\u044b\u0440\u0430\u0432\u043d\u0438\u0432\u0430\u0435\u0442 \u043f\u043e\u0432\u0435\u0440\u0445\u043d\u043e\u0441\u0442\u044c \u043a\u043e\u0436\u0438 \u0438 \u0434\u0435\u043b\u0430\u0435\u0442 \u0435\u0435 \u0431\u043e\u043b\u0435\u0435 \u0433\u043b\u0430\u0434\u043a\u043e\u0439<\/p>\n<\/li>\n<li class=\"\" data-start=\"1167\" data-end=\"1211\">\n<p class=\"\" data-start=\"1169\" data-end=\"1211\">\u0423\u043b\u0443\u0447\u0448\u0430\u0435\u0442 \u0443\u043f\u0440\u0443\u0433\u043e\u0441\u0442\u044c \u0438 \u044d\u043b\u0430\u0441\u0442\u0438\u0447\u043d\u043e\u0441\u0442\u044c \u043a\u043e\u0436\u0438<\/p>\n<\/li>\n<li class=\"\" data-start=\"1212\" data-end=\"1267\">\n<p class=\"\" data-start=\"1214\" data-end=\"1267\">\u0414\u0435\u043b\u0430\u0435\u0442 \u043a\u043e\u0436\u0443 \u0437\u0430\u043c\u0435\u0442\u043d\u043e \u044f\u0440\u0447\u0435 \u0438 \u043c\u043e\u043b\u043e\u0436\u0435<\/p>\n<\/li>\n<li class=\"\" data-start=\"1268\" data-end=\"1321\">\n<p class=\"\" data-start=\"1270\" data-end=\"1321\">\u041f\u043e\u0434\u0434\u0435\u0440\u0436\u0438\u0432\u0430\u0435\u0442 \u043f\u0440\u043e\u0446\u0435\u0441\u0441 \u0441\u043e\u0431\u0441\u0442\u0432\u0435\u043d\u043d\u043e\u0433\u043e \u043e\u0431\u043d\u043e\u0432\u043b\u0435\u043d\u0438\u044f \u043a\u043e\u0436\u0438, \u043d\u0435 \u0432\u044b\u0437\u044b\u0432\u0430\u044f \u0440\u0430\u0437\u0434\u0440\u0430\u0436\u0435\u043d\u0438\u044f.<\/p>\n<\/li>\n<\/ul>\n<p class=\"\" data-start=\"1323\" data-end=\"1368\"><strong data-start=\"1323\" data-end=\"1366\">\u041f\u0440\u0438 \u0440\u0435\u0433\u0443\u043b\u044f\u0440\u043d\u043e\u043c \u0438\u0441\u043f\u043e\u043b\u044c\u0437\u043e\u0432\u0430\u043d\u0438\u0438 Revival Masque:<\/strong><\/p>\n<ul data-start=\"1369\" data-end=\"1474\">\n<li class=\"\" data-start=\"1369\" data-end=\"1410\">\n<p class=\"\" data-start=\"1371\" data-end=\"1410\">\u041e\u0436\u0438\u0432\u043b\u044f\u0435\u0442 \u0443\u0441\u0442\u0430\u0432\u0448\u0443\u044e \u0438 \u0441\u0442\u0430\u0440\u0435\u044e\u0449\u0443\u044e \u043a\u043e\u0436\u0443<\/p>\n<\/li>\n<li class=\"\" data-start=\"1411\" data-end=\"1474\">\n<p class=\"\" data-start=\"1413\" data-end=\"1474\">\u0423\u043c\u0435\u043d\u044c\u0448\u0430\u0435\u0442 \u043c\u0435\u043b\u043a\u0438\u0435 \u043c\u043e\u0440\u0449\u0438\u043d\u044b \u0438 \u0443\u043b\u0443\u0447\u0448\u0430\u0435\u0442 \u043e\u0431\u0449\u0438\u0439 \u0432\u0438\u0434 \u043a\u043e\u0436\u0438<\/p>\n<\/li>\n<\/ul>","protected":false},"excerpt":{"rendered":"<p class=\"\" data-start=\"1530\" data-end=\"1655\"><strong data-start=\"1530\" data-end=\"1655\">\u042d\u0444\u0444\u0435\u043a\u0442\u0438\u0432\u043d\u0430\u044f \u043c\u0430\u0441\u043a\u0430 \u201c\u043f\u043e\u0434\u0442\u044f\u0436\u043a\u0430 \u043b\u0438\u0446\u0430 \u0432 \u0431\u0430\u043d\u043e\u0447\u043a\u0435\u201d, \u043a\u043e\u0442\u043e\u0440\u0430\u044f \u043e\u0441\u0432\u0435\u0442\u043b\u044f\u0435\u0442, \u0443\u043a\u0440\u0435\u043f\u043b\u044f\u0435\u0442 \u0438 \u043e\u043c\u043e\u043b\u0430\u0436\u0438\u0432\u0430\u0435\u0442 \u043a\u043e\u0436\u0443 \u0441 \u043f\u043e\u043c\u043e\u0449\u044c\u044e \u043c\u044f\u0433\u043a\u0438\u0445 \u043a\u0438\u0441\u043b\u043e\u0442.<\/strong><\/p>","protected":false},"featured_media":2287,"comment_status":"open","ping_status":"closed","template":"","meta":{"_surecart_dashboard_logo_width":"180px","_surecart_dashboard_show_logo":true,"_surecart_dashboard_navigation_orders":true,"_surecart_dashboard_navigation_invoices":true,"_surecart_dashboard_navigation_subscriptions":true,"_surecart_dashboard_navigation_downloads":true,"_surecart_dashboard_navigation_billing":true,"_surecart_dashboard_navigation_account":true,"_uag_custom_page_level_css":"","site-sidebar-layout":"default","site-content-layout":"","ast-site-content-layout":"default","site-content-style":"default","site-sidebar-style":"default","ast-global-header-display":"","ast-banner-title-visibility":"","ast-main-header-display":"","ast-hfb-above-header-display":"","ast-hfb-below-header-display":"","ast-hfb-mobile-header-display":"","site-post-title":"","ast-breadcrumbs-content":"","ast-featured-img":"","footer-sml-layout":"","ast-disable-related-posts":"","theme-transparent-header-meta":"default","adv-header-id-meta":"","stick-header-meta":"default","header-above-stick-meta":"","header-main-stick-meta":"","header-below-stick-meta":"","astra-migrate-meta-layouts":"set","ast-page-background-enabled":"default","ast-page-background-meta":{"desktop":{"background-color":"var(--ast-global-color-4)","background-image":"","background-repeat":"repeat","background-position":"center center","background-size":"auto","background-attachment":"scroll","background-type":"","background-media":"","overlay-type":"","overlay-color":"","overlay-opacity":"","overlay-gradient":""},"tablet":{"background-color":"","background-image":"","background-repeat":"repeat","background-position":"center center","background-size":"auto","background-attachment":"scroll","background-type":"","background-media":"","overlay-type":"","overlay-color":"","overlay-opacity":"","overlay-gradient":""},"mobile":{"background-color":"","background-image":"","background-repeat":"repeat","background-position":"center center","background-size":"auto","background-attachment":"scroll","background-type":"","background-media":"","overlay-type":"","overlay-color":"","overlay-opacity":"","overlay-gradient":""}},"ast-content-background-meta":{"desktop":{"background-color":"var(--ast-global-color-5)","background-image":"","background-repeat":"repeat","background-position":"center center","background-size":"auto","background-attachment":"scroll","background-type":"","background-media":"","overlay-type":"","overlay-color":"","overlay-opacity":"","overlay-gradient":""},"tablet":{"background-color":"var(--ast-global-color-5)","background-image":"","background-repeat":"repeat","background-position":"center center","background-size":"auto","background-attachment":"scroll","background-type":"","background-media":"","overlay-type":"","overlay-color":"","overlay-opacity":"","overlay-gradient":""},"mobile":{"background-color":"var(--ast-global-color-5)","background-image":"","background-repeat":"repeat","background-position":"center center","background-size":"auto","background-attachment":"scroll","background-type":"","background-media":"","overlay-type":"","overlay-color":"","overlay-opacity":"","overlay-gradient":""}}},"product_brand":[],"product_cat":[315],"product_tag":[323,321,324,325,318,316,317,319,320,322],"class_list":{"0":"post-2286","1":"product","2":"type-product","3":"status-publish","4":"has-post-thumbnail","6":"product_cat-kasvojen-hoito-naamiot-ja-erikoishoidot","7":"product_tag-anti-ageing-kasvonaamio","8":"product_tag-asiatic-acid","9":"product_tag-environ-revival-masque","10":"product_tag-ihon-kiinteyttaminen-ja-kirkastaminen","11":"product_tag-ihon-napakoittaminen","12":"product_tag-kasvojenkohotusnaamio","13":"product_tag-kirkastava-kasvonaamio","14":"product_tag-maitohapponaamio","15":"product_tag-mandelihappo-ihohoito","16":"product_tag-nuorekkuutta-lisaava-naamio","17":"desktop-align-left","18":"tablet-align-left","19":"mobile-align-left","21":"first","22":"instock","23":"shipping-taxable","24":"purchasable","25":"product-type-simple"},"uagb_featured_image_src":{"full":["https:\/\/vitaroma.fi\/wp-content\/uploads\/2025\/04\/f0c2b5_dc6e208abe14431790edda3d4d1ddcd2mv2.png",1080,1080,false],"thumbnail":["https:\/\/vitaroma.fi\/wp-content\/uploads\/2025\/04\/f0c2b5_dc6e208abe14431790edda3d4d1ddcd2mv2-150x150.png",150,150,true],"medium":["https:\/\/vitaroma.fi\/wp-content\/uploads\/2025\/04\/f0c2b5_dc6e208abe14431790edda3d4d1ddcd2mv2-300x300.png",300,300,true],"medium_large":["https:\/\/vitaroma.fi\/wp-content\/uploads\/2025\/04\/f0c2b5_dc6e208abe14431790edda3d4d1ddcd2mv2-768x768.png",768,768,true],"large":["https:\/\/vitaroma.fi\/wp-content\/uploads\/2025\/04\/f0c2b5_dc6e208abe14431790edda3d4d1ddcd2mv2-1024x1024.png",1024,1024,true],"1536x1536":["https:\/\/vitaroma.fi\/wp-content\/uploads\/2025\/04\/f0c2b5_dc6e208abe14431790edda3d4d1ddcd2mv2.png",1080,1080,false],"2048x2048":["https:\/\/vitaroma.fi\/wp-content\/uploads\/2025\/04\/f0c2b5_dc6e208abe14431790edda3d4d1ddcd2mv2.png",1080,1080,false],"trp-custom-language-flag":["https:\/\/vitaroma.fi\/wp-content\/uploads\/2025\/04\/f0c2b5_dc6e208abe14431790edda3d4d1ddcd2mv2-12x12.png",12,12,true],"woocommerce_thumbnail":["https:\/\/vitaroma.fi\/wp-content\/uploads\/2025\/04\/f0c2b5_dc6e208abe14431790edda3d4d1ddcd2mv2-300x300.png",300,300,true],"woocommerce_single":["https:\/\/vitaroma.fi\/wp-content\/uploads\/2025\/04\/f0c2b5_dc6e208abe14431790edda3d4d1ddcd2mv2-600x600.png",600,600,true],"woocommerce_gallery_thumbnail":["https:\/\/vitaroma.fi\/wp-content\/uploads\/2025\/04\/f0c2b5_dc6e208abe14431790edda3d4d1ddcd2mv2-100x100.png",100,100,true]},"uagb_author_info":{"display_name":"emilkemal4@gmail.com","author_link":"https:\/\/vitaroma.fi\/ru\/author\/"},"uagb_comment_info":0,"uagb_excerpt":"Tehokas \u201ckasvojenkohotus purkissa\u201d -naamio, joka kirkastaa, kiinteytt\u00e4\u00e4 ja nuorentaa ihoa hell\u00e4varaisten happojen avulla.","_links":{"self":[{"href":"https:\/\/vitaroma.fi\/ru\/wp-json\/wp\/v2\/product\/2286","targetHints":{"allow":["GET"]}}],"collection":[{"href":"https:\/\/vitaroma.fi\/ru\/wp-json\/wp\/v2\/product"}],"about":[{"href":"https:\/\/vitaroma.fi\/ru\/wp-json\/wp\/v2\/types\/product"}],"replies":[{"embeddable":true,"href":"https:\/\/vitaroma.fi\/ru\/wp-json\/wp\/v2\/comments?post=2286"}],"wp:featuredmedia":[{"embeddable":true,"href":"https:\/\/vitaroma.fi\/ru\/wp-json\/wp\/v2\/media\/2287"}],"wp:attachment":[{"href":"https:\/\/vitaroma.fi\/ru\/wp-json\/wp\/v2\/media?parent=2286"}],"wp:term":[{"taxonomy":"product_brand","embeddable":true,"href":"https:\/\/vitaroma.fi\/ru\/wp-json\/wp\/v2\/product_brand?post=2286"},{"taxonomy":"product_cat","embeddable":true,"href":"https:\/\/vitaroma.fi\/ru\/wp-json\/wp\/v2\/product_cat?post=2286"},{"taxonomy":"product_tag","embeddable":true,"href":"https:\/\/vitaroma.fi\/ru\/wp-json\/wp\/v2\/product_tag?post=2286"}],"curies":[{"name":"wp","href":"https:\/\/api.w.org\/{rel}","templated":true}]}}