{"id":2284,"date":"2025-04-26T00:19:42","date_gmt":"2025-04-26T00:19:42","guid":{"rendered":"https:\/\/vitaroma.fi\/?post_type=product&#038;p=2284"},"modified":"2025-12-01T13:35:22","modified_gmt":"2025-12-01T11:35:22","slug":"environ-radiance-mela-even-cream","status":"publish","type":"product","link":"https:\/\/vitaroma.fi\/ru\/produkt\/environ-radiance-mela-even-cream\/","title":{"rendered":"\u041a\u0440\u0435\u043c Environ Radiance+ Mela-Even"},"content":{"rendered":"<p class=\"\" data-start=\"506\" data-end=\"768\"><strong data-start=\"506\" data-end=\"714\">Environ Focus Care Radiance+ Intense C-Boost Mela-Even Cream on edistyksellinen ihoa kirkastava voide, joka auttaa parantamaan ep\u00e4tasaista ihon s\u00e4vy\u00e4 ja v\u00e4hent\u00e4m\u00e4\u00e4n n\u00e4kyvi\u00e4 auringon aiheuttamia vaurioita.<\/strong><br data-start=\"714\" data-end=\"717\" \/>Sen asiantuntevasti suunniteltu koostumus sis\u00e4lt\u00e4\u00e4:<\/p>\n<ul data-start=\"770\" data-end=\"969\">\n<li class=\"\" data-start=\"770\" data-end=\"885\">\n<p class=\"\" data-start=\"772\" data-end=\"885\"><strong data-start=\"772\" data-end=\"808\">C-vitamiinia (askorbiinihappoa):<\/strong> Vahva antioksidantti, joka kirkastaa ihoa ja tukee kollageenin muodostusta<\/p>\n<\/li>\n<li class=\"\" data-start=\"886\" data-end=\"969\">\n<p class=\"\" data-start=\"888\" data-end=\"969\"><strong data-start=\"888\" data-end=\"905\">E-vitamiinia:<\/strong> Suojaa ihoa vapailta radikaaleilta ja edist\u00e4\u00e4 ihon uusiutumista<\/p>\n<\/li>\n<\/ul>\n<p class=\"\" data-start=\"971\" data-end=\"998\"><strong data-start=\"971\" data-end=\"998\">\u041e\u0441\u043d\u043e\u0432\u043d\u044b\u0435 \u044d\u0444\u0444\u0435\u043a\u0442\u044b:<\/strong><\/p>\n<ul data-start=\"999\" data-end=\"1302\">\n<li class=\"\" data-start=\"999\" data-end=\"1047\">\n<p class=\"\" data-start=\"1001\" data-end=\"1047\">\u0417\u0430\u0449\u0438\u0449\u0430\u0435\u0442 \u043a\u043e\u0436\u0443 <strong data-start=\"1013\" data-end=\"1045\">ymp\u00e4rist\u00f6n stressitekij\u00f6ilt\u00e4<\/strong><\/p>\n<\/li>\n<li class=\"\" data-start=\"1048\" data-end=\"1133\">\n<p class=\"\" data-start=\"1050\" data-end=\"1133\">\u041f\u043e\u043c\u043e\u0449\u044c <strong data-start=\"1057\" data-end=\"1092\">est\u00e4m\u00e4\u00e4n tyrosiinin muuttumisen<\/strong>, mik\u00e4 voi ehk\u00e4ist\u00e4 hyperpigmentaatiota<\/p>\n<\/li>\n<li class=\"\" data-start=\"1134\" data-end=\"1187\">\n<p class=\"\" data-start=\"1136\" data-end=\"1187\">\u0423\u043b\u0443\u0447\u0448\u0430\u0442\u044c <strong data-start=\"1145\" data-end=\"1185\">ihon s\u00e4vyn tasaisuutta ja kirkkautta<\/strong><\/p>\n<\/li>\n<li class=\"\" data-start=\"1188\" data-end=\"1248\">\n<p class=\"\" data-start=\"1190\" data-end=\"1248\">\u0423\u043c\u0435\u043d\u044c\u0448\u0430\u0442\u044c <strong data-start=\"1199\" data-end=\"1235\">auringon aiheuttamien vaurioiden<\/strong> \u0432\u0438\u0434\u0438\u043c\u043e\u0441\u0442\u044c<\/p>\n<\/li>\n<li class=\"\" data-start=\"1249\" data-end=\"1302\">\n<p class=\"\" data-start=\"1251\" data-end=\"1302\">Antaa iholle <strong data-start=\"1264\" data-end=\"1302\">terveemm\u00e4n ja hehkuvamman ulkon\u00e4\u00f6n<\/strong><\/p>\n<\/li>\n<\/ul>\n<p class=\"\" data-start=\"1304\" data-end=\"1341\"><strong data-start=\"1304\" data-end=\"1327\">S\u00e4\u00e4nn\u00f6llinen k\u00e4ytt\u00f6<\/strong> tekee ihosta:<\/p>\n<ul data-start=\"1343\" data-end=\"1416\">\n<li class=\"\" data-start=\"1343\" data-end=\"1367\">\n<p class=\"\" data-start=\"1345\" data-end=\"1367\">Tasaisemman s\u00e4vyisen<\/p>\n<\/li>\n<li class=\"\" data-start=\"1368\" data-end=\"1383\">\n<p class=\"\" data-start=\"1370\" data-end=\"1383\">Kirkkaamman<\/p>\n<\/li>\n<li class=\"\" data-start=\"1384\" data-end=\"1416\">\n<p class=\"\" data-start=\"1386\" data-end=\"1416\">Pehme\u00e4mm\u00e4n ja elinvoimaisemman<\/p>\n<\/li>\n<\/ul>","protected":false},"excerpt":{"rendered":"<p class=\"\" data-start=\"1472\" data-end=\"1626\"><strong data-start=\"1472\" data-end=\"1626\">Tehokas C- ja E-vitamiinipitoinen voide, joka parantaa ep\u00e4tasaista ihon s\u00e4vy\u00e4, v\u00e4hent\u00e4\u00e4 auringon vaurioita ja suojaa ihoa ymp\u00e4rist\u00f6n haittatekij\u00f6ilt\u00e4.<\/strong><\/p>","protected":false},"featured_media":2285,"comment_status":"open","ping_status":"closed","template":"","meta":{"_surecart_dashboard_logo_width":"180px","_surecart_dashboard_show_logo":true,"_surecart_dashboard_navigation_orders":true,"_surecart_dashboard_navigation_invoices":true,"_surecart_dashboard_navigation_subscriptions":true,"_surecart_dashboard_navigation_downloads":true,"_surecart_dashboard_navigation_billing":true,"_surecart_dashboard_navigation_account":true,"_uag_custom_page_level_css":"","site-sidebar-layout":"default","site-content-layout":"","ast-site-content-layout":"default","site-content-style":"default","site-sidebar-style":"default","ast-global-header-display":"","ast-banner-title-visibility":"","ast-main-header-display":"","ast-hfb-above-header-display":"","ast-hfb-below-header-display":"","ast-hfb-mobile-header-display":"","site-post-title":"","ast-breadcrumbs-content":"","ast-featured-img":"","footer-sml-layout":"","theme-transparent-header-meta":"default","adv-header-id-meta":"","stick-header-meta":"default","header-above-stick-meta":"","header-main-stick-meta":"","header-below-stick-meta":"","astra-migrate-meta-layouts":"set","ast-page-background-enabled":"default","ast-page-background-meta":{"desktop":{"background-color":"var(--ast-global-color-4)","background-image":"","background-repeat":"repeat","background-position":"center center","background-size":"auto","background-attachment":"scroll","background-type":"","background-media":"","overlay-type":"","overlay-color":"","overlay-opacity":"","overlay-gradient":""},"tablet":{"background-color":"","background-image":"","background-repeat":"repeat","background-position":"center center","background-size":"auto","background-attachment":"scroll","background-type":"","background-media":"","overlay-type":"","overlay-color":"","overlay-opacity":"","overlay-gradient":""},"mobile":{"background-color":"","background-image":"","background-repeat":"repeat","background-position":"center center","background-size":"auto","background-attachment":"scroll","background-type":"","background-media":"","overlay-type":"","overlay-color":"","overlay-opacity":"","overlay-gradient":""}},"ast-content-background-meta":{"desktop":{"background-color":"var(--ast-global-color-5)","background-image":"","background-repeat":"repeat","background-position":"center center","background-size":"auto","background-attachment":"scroll","background-type":"","background-media":"","overlay-type":"","overlay-color":"","overlay-opacity":"","overlay-gradient":""},"tablet":{"background-color":"var(--ast-global-color-5)","background-image":"","background-repeat":"repeat","background-position":"center center","background-size":"auto","background-attachment":"scroll","background-type":"","background-media":"","overlay-type":"","overlay-color":"","overlay-opacity":"","overlay-gradient":""},"mobile":{"background-color":"var(--ast-global-color-5)","background-image":"","background-repeat":"repeat","background-position":"center center","background-size":"auto","background-attachment":"scroll","background-type":"","background-media":"","overlay-type":"","overlay-color":"","overlay-opacity":"","overlay-gradient":""}}},"product_brand":[],"product_cat":[304],"product_tag":[309,306,307,313,308,314,305,311,312,310],"class_list":{"0":"post-2284","1":"product","2":"type-product","3":"status-publish","4":"has-post-thumbnail","6":"product_cat-kasvojen-hoito-kirkastavat-voiteet","7":"product_tag-auringon-vaurioiden-korjaus","8":"product_tag-c-vitamiini-voide","9":"product_tag-e-vitamiini-voide","10":"product_tag-environ-mela-even-cream","11":"product_tag-hyperpigmentaation-ehkaisy","12":"product_tag-ihon-kirkastaminen","13":"product_tag-ihon-savyn-tasoittaja","14":"product_tag-kirkastava-kasvovoide","15":"product_tag-radiance-sarja","16":"product_tag-ympariston-stressitekijoilta-suojaava-voide","17":"desktop-align-left","18":"tablet-align-left","19":"mobile-align-left","21":"first","22":"instock","23":"shipping-taxable","24":"purchasable","25":"product-type-simple"},"uagb_featured_image_src":{"full":["https:\/\/vitaroma.fi\/wp-content\/uploads\/2025\/04\/f0c2b5_f1ac1501d97e4d4cb108172d3e8fadf5mv2.png",1080,1080,false],"thumbnail":["https:\/\/vitaroma.fi\/wp-content\/uploads\/2025\/04\/f0c2b5_f1ac1501d97e4d4cb108172d3e8fadf5mv2-150x150.png",150,150,true],"medium":["https:\/\/vitaroma.fi\/wp-content\/uploads\/2025\/04\/f0c2b5_f1ac1501d97e4d4cb108172d3e8fadf5mv2-300x300.png",300,300,true],"medium_large":["https:\/\/vitaroma.fi\/wp-content\/uploads\/2025\/04\/f0c2b5_f1ac1501d97e4d4cb108172d3e8fadf5mv2-768x768.png",768,768,true],"large":["https:\/\/vitaroma.fi\/wp-content\/uploads\/2025\/04\/f0c2b5_f1ac1501d97e4d4cb108172d3e8fadf5mv2-1024x1024.png",1024,1024,true],"1536x1536":["https:\/\/vitaroma.fi\/wp-content\/uploads\/2025\/04\/f0c2b5_f1ac1501d97e4d4cb108172d3e8fadf5mv2.png",1080,1080,false],"2048x2048":["https:\/\/vitaroma.fi\/wp-content\/uploads\/2025\/04\/f0c2b5_f1ac1501d97e4d4cb108172d3e8fadf5mv2.png",1080,1080,false],"trp-custom-language-flag":["https:\/\/vitaroma.fi\/wp-content\/uploads\/2025\/04\/f0c2b5_f1ac1501d97e4d4cb108172d3e8fadf5mv2-12x12.png",12,12,true],"woocommerce_thumbnail":["https:\/\/vitaroma.fi\/wp-content\/uploads\/2025\/04\/f0c2b5_f1ac1501d97e4d4cb108172d3e8fadf5mv2-300x300.png",300,300,true],"woocommerce_single":["https:\/\/vitaroma.fi\/wp-content\/uploads\/2025\/04\/f0c2b5_f1ac1501d97e4d4cb108172d3e8fadf5mv2-600x600.png",600,600,true],"woocommerce_gallery_thumbnail":["https:\/\/vitaroma.fi\/wp-content\/uploads\/2025\/04\/f0c2b5_f1ac1501d97e4d4cb108172d3e8fadf5mv2-100x100.png",100,100,true]},"uagb_author_info":{"display_name":"emilkemal4@gmail.com","author_link":"https:\/\/vitaroma.fi\/ru\/author\/"},"uagb_comment_info":0,"uagb_excerpt":"Tehokas C- ja E-vitamiinipitoinen voide, joka parantaa ep\u00e4tasaista ihon s\u00e4vy\u00e4, v\u00e4hent\u00e4\u00e4 auringon vaurioita ja suojaa ihoa ymp\u00e4rist\u00f6n haittatekij\u00f6ilt\u00e4.","_links":{"self":[{"href":"https:\/\/vitaroma.fi\/ru\/wp-json\/wp\/v2\/product\/2284","targetHints":{"allow":["GET"]}}],"collection":[{"href":"https:\/\/vitaroma.fi\/ru\/wp-json\/wp\/v2\/product"}],"about":[{"href":"https:\/\/vitaroma.fi\/ru\/wp-json\/wp\/v2\/types\/product"}],"replies":[{"embeddable":true,"href":"https:\/\/vitaroma.fi\/ru\/wp-json\/wp\/v2\/comments?post=2284"}],"wp:featuredmedia":[{"embeddable":true,"href":"https:\/\/vitaroma.fi\/ru\/wp-json\/wp\/v2\/media\/2285"}],"wp:attachment":[{"href":"https:\/\/vitaroma.fi\/ru\/wp-json\/wp\/v2\/media?parent=2284"}],"wp:term":[{"taxonomy":"product_brand","embeddable":true,"href":"https:\/\/vitaroma.fi\/ru\/wp-json\/wp\/v2\/product_brand?post=2284"},{"taxonomy":"product_cat","embeddable":true,"href":"https:\/\/vitaroma.fi\/ru\/wp-json\/wp\/v2\/product_cat?post=2284"},{"taxonomy":"product_tag","embeddable":true,"href":"https:\/\/vitaroma.fi\/ru\/wp-json\/wp\/v2\/product_tag?post=2284"}],"curies":[{"name":"wp","href":"https:\/\/api.w.org\/{rel}","templated":true}]}}