{"id":2282,"date":"2025-04-26T00:16:44","date_gmt":"2025-04-26T00:16:44","guid":{"rendered":"https:\/\/vitaroma.fi\/?post_type=product&#038;p=2282"},"modified":"2025-12-01T13:31:27","modified_gmt":"2025-12-01T11:31:27","slug":"environ-moisturising-toner","status":"publish","type":"product","link":"https:\/\/vitaroma.fi\/ru\/produkt\/\u0443\u0432\u043b\u0430\u0436\u043d\u044f\u044e\u0449\u0438\u0439-\u0442\u043e\u043d\u0438\u043a-\u0434\u043b\u044f-\u043e\u043a\u0440\u0443\u0436\u0430\u044e\u0449\u0435\u0439-\u0441\u0440\u0435\/","title":{"rendered":"\u0423\u0432\u043b\u0430\u0436\u043d\u044f\u044e\u0449\u0438\u0439 \u0442\u043e\u043d\u0438\u043a Environ"},"content":{"rendered":"<p class=\"\" data-start=\"492\" data-end=\"774\"><strong data-start=\"492\" data-end=\"678\">\u0423\u0432\u043b\u0430\u0436\u043d\u044f\u044e\u0449\u0438\u0439 \u0442\u043e\u043d\u0438\u043a Environ \u2014 \u044d\u0442\u043e pH-\u0441\u0431\u0430\u043b\u0430\u043d\u0441\u0438\u0440\u043e\u0432\u0430\u043d\u043d\u044b\u0439, \u043d\u0435 \u0441\u043e\u0434\u0435\u0440\u0436\u0430\u0449\u0438\u0439 \u043c\u0430\u0441\u0435\u043b \u0442\u043e\u043d\u0438\u043a, \u0440\u0430\u0437\u0440\u0430\u0431\u043e\u0442\u0430\u043d\u043d\u044b\u0439 \u0434\u043b\u044f \u0434\u043e\u043f\u043e\u043b\u043d\u0435\u043d\u0438\u044f \u0434\u0435\u0439\u0441\u0442\u0432\u0438\u044f \u0432\u0438\u0442\u0430\u043c\u0438\u043d\u043d\u044b\u0445 \u043a\u0440\u0435\u043c\u043e\u0432 AVST \u0438 \u043f\u043e\u0434\u0434\u0435\u0440\u0436\u0430\u043d\u0438\u044f \u043e\u0431\u0449\u0435\u0433\u043e \u0441\u043e\u0441\u0442\u043e\u044f\u043d\u0438\u044f \u043a\u043e\u0436\u0438.<\/strong><br data-start=\"678\" data-end=\"681\" \/>\u042d\u0442\u043e\u0442 \u043b\u0435\u0433\u043a\u0438\u0439 \u0443\u0432\u043b\u0430\u0436\u043d\u044f\u044e\u0449\u0438\u0439 \u0442\u043e\u043d\u0438\u043a \u0438\u0434\u0435\u0430\u043b\u044c\u043d\u043e \u043f\u043e\u0434\u0445\u043e\u0434\u0438\u0442 \u0434\u043b\u044f \u0432\u0441\u0435\u0445 \u0442\u0438\u043f\u043e\u0432 \u043a\u043e\u0436\u0438, \u043e\u0441\u043e\u0431\u0435\u043d\u043d\u043e:<\/p>\n<ul data-start=\"776\" data-end=\"905\">\n<li class=\"\" data-start=\"776\" data-end=\"810\">\n<p class=\"\" data-start=\"778\" data-end=\"810\"><strong data-start=\"778\" data-end=\"808\">\u0414\u043b\u044f \u043d\u0435\u0440\u043e\u0432\u043d\u043e\u0433\u043e \u0442\u043e\u043d\u0430 \u043a\u043e\u0436\u0438<\/strong><\/p>\n<\/li>\n<li class=\"\" data-start=\"811\" data-end=\"850\">\n<p class=\"\" data-start=\"813\" data-end=\"850\"><strong data-start=\"813\" data-end=\"848\">\u0414\u043b\u044f \u0441\u0443\u0445\u043e\u0439 \u0438\u043b\u0438 \u0431\u0435\u0437\u0436\u0438\u0437\u043d\u0435\u043d\u043d\u043e\u0439 \u043a\u043e\u0436\u0438<\/strong><\/p>\n<\/li>\n<li class=\"\" data-start=\"851\" data-end=\"905\">\n<p class=\"\" data-start=\"853\" data-end=\"905\"><strong data-start=\"853\" data-end=\"905\">\u0414\u043b\u044f \u043a\u043e\u0436\u0438, \u043a\u043e\u0442\u043e\u0440\u043e\u0439 \u0442\u0440\u0435\u0431\u0443\u0435\u0442\u0441\u044f \u0431\u043e\u043b\u044c\u0448\u0435 \u0441\u0438\u044f\u043d\u0438\u044f \u0438 \u0431\u0430\u043b\u0430\u043d\u0441\u0430<\/strong><\/p>\n<\/li>\n<\/ul>\n<p class=\"\" data-start=\"907\" data-end=\"935\"><strong data-start=\"907\" data-end=\"935\">\u041e\u0441\u043d\u043e\u0432\u043d\u044b\u0435 \u0445\u0430\u0440\u0430\u043a\u0442\u0435\u0440\u0438\u0441\u0442\u0438\u043a\u0438:<\/strong><\/p>\n<ul data-start=\"936\" data-end=\"1243\">\n<li class=\"\" data-start=\"936\" data-end=\"975\">\n<p class=\"\" data-start=\"938\" data-end=\"975\">\u0423\u043b\u0443\u0447\u0448\u0430\u0442\u044c <strong data-start=\"947\" data-end=\"973\">\u0440\u043e\u0432\u043d\u044b\u0439 \u0442\u043e\u043d \u043a\u043e\u0436\u0438<\/strong><\/p>\n<\/li>\n<li class=\"\" data-start=\"976\" data-end=\"1012\">\n<p class=\"\" data-start=\"978\" data-end=\"1012\">\u041f\u043e\u0434\u0434\u0435\u0440\u0436\u0438\u0432\u0430\u0435\u0442 <strong data-start=\"984\" data-end=\"1010\">\u0431\u0430\u043b\u0430\u043d\u0441 \u0432\u043b\u0430\u0436\u043d\u043e\u0441\u0442\u0438 \u043a\u043e\u0436\u0438<\/strong><\/p>\n<\/li>\n<li class=\"\" data-start=\"1013\" data-end=\"1090\">\n<p class=\"\" data-start=\"1015\" data-end=\"1090\">\u0421\u043e\u0434\u0435\u0440\u0436\u0430\u0442\u044c <strong data-start=\"1024\" data-end=\"1041\">\u0440\u0430\u0441\u0442\u0438\u0442\u0435\u043b\u044c\u043d\u044b\u0435 \u044d\u043a\u0441\u0442\u0440\u0430\u043a\u0442\u044b<\/strong>, \u043a\u043e\u0442\u043e\u0440\u044b\u0435 \u043f\u043e\u043c\u043e\u0433\u0430\u044e\u0442 \u0437\u0430\u0449\u0438\u0449\u0430\u0442\u044c \u0438 \u043f\u0438\u0442\u0430\u0442\u044c \u043a\u043e\u0436\u0443<\/p>\n<\/li>\n<li class=\"\" data-start=\"1091\" data-end=\"1193\">\n<p class=\"\" data-start=\"1093\" data-end=\"1193\">\u042d\u0444\u0444\u0435\u043a\u0442\u0438\u0432\u043d\u043e \u043f\u043e\u0434\u0433\u043e\u0442\u0430\u0432\u043b\u0438\u0432\u0430\u0435\u0442 \u043a\u043e\u0436\u0443 <strong data-start=\"1120\" data-end=\"1147\">\u0412\u0438\u0442\u0430\u043c\u0438\u043d\u043d\u044b\u0435 \u043a\u0440\u0435\u043c\u044b AVST<\/strong> \u0438 \u0434\u0440\u0443\u0433\u0438\u0435 \u0441\u0440\u0435\u0434\u0441\u0442\u0432\u0430 \u043f\u043e \u0443\u0445\u043e\u0434\u0443<\/p>\n<\/li>\n<li class=\"\" data-start=\"1194\" data-end=\"1243\">\n<p class=\"\" data-start=\"1196\" data-end=\"1243\"><strong data-start=\"1196\" data-end=\"1217\">\u0424\u043e\u0440\u043c\u0443\u043b\u0430 \u0431\u0435\u0437 \u043c\u0430\u0441\u043b\u0430<\/strong>, \u043a\u043e\u0442\u043e\u0440\u044b\u0439 \u043d\u0435 \u0437\u0430\u043a\u0443\u043f\u043e\u0440\u0438\u0432\u0430\u0435\u0442 \u043f\u043e\u0440\u044b \u043a\u043e\u0436\u0438<\/p>\n<\/li>\n<\/ul>\n<p class=\"\" data-start=\"1245\" data-end=\"1281\">\u041f\u0440\u0438 \u0440\u0435\u0433\u0443\u043b\u044f\u0440\u043d\u043e\u043c \u0438\u0441\u043f\u043e\u043b\u044c\u0437\u043e\u0432\u0430\u043d\u0438\u0438 \u043a\u043e\u0436\u0430 \u0431\u0443\u0434\u0435\u0442 \u0432\u044b\u0433\u043b\u044f\u0434\u0435\u0442\u044c:<\/p>\n<ul data-start=\"1283\" data-end=\"1364\">\n<li class=\"\" data-start=\"1283\" data-end=\"1303\">\n<p class=\"\" data-start=\"1285\" data-end=\"1303\"><strong data-start=\"1285\" data-end=\"1301\">\u0417\u0434\u043e\u0440\u043e\u0432\u0435\u0435<\/strong><\/p>\n<\/li>\n<li class=\"\" data-start=\"1304\" data-end=\"1327\">\n<p class=\"\" data-start=\"1306\" data-end=\"1327\"><strong data-start=\"1306\" data-end=\"1325\">\u0411\u043e\u043b\u0435\u0435 \u043c\u043e\u043b\u043e\u0434\u043e\u0439<\/strong><\/p>\n<\/li>\n<li class=\"\" data-start=\"1328\" data-end=\"1364\">\n<p class=\"\" data-start=\"1330\" data-end=\"1364\"><strong data-start=\"1330\" data-end=\"1364\">\u0411\u043e\u043b\u0435\u0435 \u0433\u043b\u0430\u0434\u043a\u0438\u0439 \u0438 \u044f\u0440\u043a\u0438\u0439<\/strong><\/p>\n<\/li>\n<\/ul>","protected":false},"excerpt":{"rendered":"<p class=\"\" data-start=\"1420\" data-end=\"1573\"><strong data-start=\"1420\" data-end=\"1573\">\u041d\u0435 \u0441\u043e\u0434\u0435\u0440\u0436\u0430\u0449\u0438\u0439 \u043c\u0430\u0441\u0435\u043b \u0438 \u0441\u0431\u0430\u043b\u0430\u043d\u0441\u0438\u0440\u043e\u0432\u0430\u043d\u043d\u044b\u0439 \u043f\u043e pH \u0442\u043e\u043d\u0438\u043a \u0443\u0432\u043b\u0430\u0436\u043d\u044f\u0435\u0442, \u0432\u043e\u0441\u0441\u0442\u0430\u043d\u0430\u0432\u043b\u0438\u0432\u0430\u0435\u0442 \u0431\u0430\u043b\u0430\u043d\u0441 \u0438 \u0443\u043b\u0443\u0447\u0448\u0430\u0435\u0442 \u0442\u043e\u043d \u043a\u043e\u0436\u0438, \u0443\u0441\u0438\u043b\u0438\u0432\u0430\u044f \u0434\u0435\u0439\u0441\u0442\u0432\u0438\u0435 \u0432\u0438\u0442\u0430\u043c\u0438\u043d\u043d\u044b\u0445 \u043a\u0440\u0435\u043c\u043e\u0432 AVST.<\/strong><\/p>","protected":false},"featured_media":2283,"comment_status":"open","ping_status":"closed","template":"","meta":{"_surecart_dashboard_logo_width":"180px","_surecart_dashboard_show_logo":true,"_surecart_dashboard_navigation_orders":true,"_surecart_dashboard_navigation_invoices":true,"_surecart_dashboard_navigation_subscriptions":true,"_surecart_dashboard_navigation_downloads":true,"_surecart_dashboard_navigation_billing":true,"_surecart_dashboard_navigation_account":true,"_uag_custom_page_level_css":"","site-sidebar-layout":"default","site-content-layout":"","ast-site-content-layout":"default","site-content-style":"default","site-sidebar-style":"default","ast-global-header-display":"","ast-banner-title-visibility":"","ast-main-header-display":"","ast-hfb-above-header-display":"","ast-hfb-below-header-display":"","ast-hfb-mobile-header-display":"","site-post-title":"","ast-breadcrumbs-content":"","ast-featured-img":"","footer-sml-layout":"","theme-transparent-header-meta":"default","adv-header-id-meta":"","stick-header-meta":"default","header-above-stick-meta":"","header-main-stick-meta":"","header-below-stick-meta":"","astra-migrate-meta-layouts":"set","ast-page-background-enabled":"default","ast-page-background-meta":{"desktop":{"background-color":"var(--ast-global-color-4)","background-image":"","background-repeat":"repeat","background-position":"center center","background-size":"auto","background-attachment":"scroll","background-type":"","background-media":"","overlay-type":"","overlay-color":"","overlay-opacity":"","overlay-gradient":""},"tablet":{"background-color":"","background-image":"","background-repeat":"repeat","background-position":"center center","background-size":"auto","background-attachment":"scroll","background-type":"","background-media":"","overlay-type":"","overlay-color":"","overlay-opacity":"","overlay-gradient":""},"mobile":{"background-color":"","background-image":"","background-repeat":"repeat","background-position":"center center","background-size":"auto","background-attachment":"scroll","background-type":"","background-media":"","overlay-type":"","overlay-color":"","overlay-opacity":"","overlay-gradient":""}},"ast-content-background-meta":{"desktop":{"background-color":"var(--ast-global-color-5)","background-image":"","background-repeat":"repeat","background-position":"center center","background-size":"auto","background-attachment":"scroll","background-type":"","background-media":"","overlay-type":"","overlay-color":"","overlay-opacity":"","overlay-gradient":""},"tablet":{"background-color":"var(--ast-global-color-5)","background-image":"","background-repeat":"repeat","background-position":"center center","background-size":"auto","background-attachment":"scroll","background-type":"","background-media":"","overlay-type":"","overlay-color":"","overlay-opacity":"","overlay-gradient":""},"mobile":{"background-color":"var(--ast-global-color-5)","background-image":"","background-repeat":"repeat","background-position":"center center","background-size":"auto","background-attachment":"scroll","background-type":"","background-media":"","overlay-type":"","overlay-color":"","overlay-opacity":"","overlay-gradient":""}}},"product_brand":[],"product_cat":[293],"product_tag":[298,301,297,299,303,294,300,295,296,302],"class_list":{"0":"post-2282","1":"product","2":"type-product","3":"status-publish","4":"has-post-thumbnail","6":"product_cat-kasvojen-hoito-kasvovedet","7":"product_tag-avst-vitamiinivoiteiden-tuki","8":"product_tag-environ-moisturising-toner","9":"product_tag-epatasaisen-ihon-savyn-parantaminen","10":"product_tag-kasviuutteita-sisaltava-kasvovesi","11":"product_tag-kosteuttava-ihonhoito","12":"product_tag-kosteuttava-kasvovesi","13":"product_tag-nuorekkaampi-iho","14":"product_tag-oljyton-kasvovesi","15":"product_tag-ph-tasapainotettu-kasvovesi","16":"product_tag-tasapainottava-kasvovesi","17":"desktop-align-left","18":"tablet-align-left","19":"mobile-align-left","21":"first","22":"instock","23":"shipping-taxable","24":"purchasable","25":"product-type-simple"},"uagb_featured_image_src":{"full":["https:\/\/vitaroma.fi\/wp-content\/uploads\/2025\/04\/f0c2b5_c7dd3f6cae0b4b7eadf567947ad4d30dmv2.png",1080,1080,false],"thumbnail":["https:\/\/vitaroma.fi\/wp-content\/uploads\/2025\/04\/f0c2b5_c7dd3f6cae0b4b7eadf567947ad4d30dmv2-150x150.png",150,150,true],"medium":["https:\/\/vitaroma.fi\/wp-content\/uploads\/2025\/04\/f0c2b5_c7dd3f6cae0b4b7eadf567947ad4d30dmv2-300x300.png",300,300,true],"medium_large":["https:\/\/vitaroma.fi\/wp-content\/uploads\/2025\/04\/f0c2b5_c7dd3f6cae0b4b7eadf567947ad4d30dmv2-768x768.png",768,768,true],"large":["https:\/\/vitaroma.fi\/wp-content\/uploads\/2025\/04\/f0c2b5_c7dd3f6cae0b4b7eadf567947ad4d30dmv2-1024x1024.png",1024,1024,true],"1536x1536":["https:\/\/vitaroma.fi\/wp-content\/uploads\/2025\/04\/f0c2b5_c7dd3f6cae0b4b7eadf567947ad4d30dmv2.png",1080,1080,false],"2048x2048":["https:\/\/vitaroma.fi\/wp-content\/uploads\/2025\/04\/f0c2b5_c7dd3f6cae0b4b7eadf567947ad4d30dmv2.png",1080,1080,false],"trp-custom-language-flag":["https:\/\/vitaroma.fi\/wp-content\/uploads\/2025\/04\/f0c2b5_c7dd3f6cae0b4b7eadf567947ad4d30dmv2-12x12.png",12,12,true],"woocommerce_thumbnail":["https:\/\/vitaroma.fi\/wp-content\/uploads\/2025\/04\/f0c2b5_c7dd3f6cae0b4b7eadf567947ad4d30dmv2-300x300.png",300,300,true],"woocommerce_single":["https:\/\/vitaroma.fi\/wp-content\/uploads\/2025\/04\/f0c2b5_c7dd3f6cae0b4b7eadf567947ad4d30dmv2-600x600.png",600,600,true],"woocommerce_gallery_thumbnail":["https:\/\/vitaroma.fi\/wp-content\/uploads\/2025\/04\/f0c2b5_c7dd3f6cae0b4b7eadf567947ad4d30dmv2-100x100.png",100,100,true]},"uagb_author_info":{"display_name":"emilkemal4@gmail.com","author_link":"https:\/\/vitaroma.fi\/ru\/author\/"},"uagb_comment_info":0,"uagb_excerpt":"\u00d6ljyt\u00f6n ja pH-tasapainotettu kasvovesi, joka kosteuttaa, tasapainottaa ja parantaa ihon s\u00e4vyn tasaisuutta, tukien AVST-vitamiinivoiteiden vaikutusta.","_links":{"self":[{"href":"https:\/\/vitaroma.fi\/ru\/wp-json\/wp\/v2\/product\/2282","targetHints":{"allow":["GET"]}}],"collection":[{"href":"https:\/\/vitaroma.fi\/ru\/wp-json\/wp\/v2\/product"}],"about":[{"href":"https:\/\/vitaroma.fi\/ru\/wp-json\/wp\/v2\/types\/product"}],"replies":[{"embeddable":true,"href":"https:\/\/vitaroma.fi\/ru\/wp-json\/wp\/v2\/comments?post=2282"}],"wp:featuredmedia":[{"embeddable":true,"href":"https:\/\/vitaroma.fi\/ru\/wp-json\/wp\/v2\/media\/2283"}],"wp:attachment":[{"href":"https:\/\/vitaroma.fi\/ru\/wp-json\/wp\/v2\/media?parent=2282"}],"wp:term":[{"taxonomy":"product_brand","embeddable":true,"href":"https:\/\/vitaroma.fi\/ru\/wp-json\/wp\/v2\/product_brand?post=2282"},{"taxonomy":"product_cat","embeddable":true,"href":"https:\/\/vitaroma.fi\/ru\/wp-json\/wp\/v2\/product_cat?post=2282"},{"taxonomy":"product_tag","embeddable":true,"href":"https:\/\/vitaroma.fi\/ru\/wp-json\/wp\/v2\/product_tag?post=2282"}],"curies":[{"name":"wp","href":"https:\/\/api.w.org\/{rel}","templated":true}]}}