{"id":2280,"date":"2025-04-26T00:14:40","date_gmt":"2025-04-26T00:14:40","guid":{"rendered":"https:\/\/vitaroma.fi\/?post_type=product&#038;p=2280"},"modified":"2025-04-26T00:14:40","modified_gmt":"2025-04-26T00:14:40","slug":"environ-eye-gel","status":"publish","type":"product","link":"https:\/\/vitaroma.fi\/ru\/produkt\/\u044d\u043a\u043e\u043b\u043e\u0433\u0438\u0447\u0435\u0441\u043a\u0438\u0439-\u0433\u0435\u043b\u044c-\u0434\u043b\u044f-\u0433\u043b\u0430\u0437\/","title":{"rendered":"\u0413\u0435\u043b\u044c \u0434\u043b\u044f \u0433\u043b\u0430\u0437 Environ"},"content":{"rendered":"<p class=\"\" data-start=\"467\" data-end=\"670\"><strong data-start=\"467\" data-end=\"628\">\u0413\u0435\u043b\u044c \u0434\u043b\u044f \u0433\u043b\u0430\u0437 Environ Antioxidant &amp; Peptide \u2014 \u043e\u0447\u0435\u043d\u044c \u043c\u044f\u0433\u043a\u0438\u0439, \u043d\u043e \u044d\u0444\u0444\u0435\u043a\u0442\u0438\u0432\u043d\u044b\u0439 \u0433\u0435\u043b\u044c \u0434\u043b\u044f \u0433\u043b\u0430\u0437, \u0441\u043f\u0435\u0446\u0438\u0430\u043b\u044c\u043d\u043e \u0440\u0430\u0437\u0440\u0430\u0431\u043e\u0442\u0430\u043d\u043d\u044b\u0439 \u0434\u043b\u044f \u0447\u0443\u0432\u0441\u0442\u0432\u0438\u0442\u0435\u043b\u044c\u043d\u043e\u0439 \u043a\u043e\u0436\u0438 \u0432\u043e\u043a\u0440\u0443\u0433 \u0433\u043b\u0430\u0437.<\/strong><br data-start=\"628\" data-end=\"631\" \/>\u0412 \u0435\u0433\u043e \u0440\u0430\u0441\u0448\u0438\u0440\u0435\u043d\u043d\u044b\u0439 \u0441\u043e\u0441\u0442\u0430\u0432 \u0432\u0445\u043e\u0434\u044f\u0442:<\/p>\n<ul data-start=\"672\" data-end=\"958\">\n<li class=\"\" data-start=\"672\" data-end=\"751\">\n<p class=\"\" data-start=\"674\" data-end=\"751\"><strong data-start=\"674\" data-end=\"704\">\u0411\u043e\u0433\u0430\u0442 \u0430\u043d\u0442\u0438\u043e\u043a\u0441\u0438\u0434\u0430\u043d\u0442\u0430\u043c\u0438<\/strong>, \u043a\u043e\u0442\u043e\u0440\u044b\u0435 \u0437\u0430\u0449\u0438\u0449\u0430\u044e\u0442 \u043a\u043e\u0436\u0443 \u043e\u0442 \u0441\u0432\u043e\u0431\u043e\u0434\u043d\u044b\u0445 \u0440\u0430\u0434\u0438\u043a\u0430\u043b\u043e\u0432<\/p>\n<\/li>\n<li class=\"\" data-start=\"752\" data-end=\"855\">\n<p class=\"\" data-start=\"754\" data-end=\"855\"><strong data-start=\"754\" data-end=\"784\">\u041c\u044f\u0433\u043a\u0430\u044f \u0444\u043e\u0440\u043c\u0430 \u0432\u0438\u0442\u0430\u043c\u0438\u043d\u0430 \u0410<\/strong> (\u0440\u0435\u0442\u0438\u043d\u0438\u043b\u043f\u0430\u043b\u044c\u043c\u0438\u0442\u0430\u0442), \u043a\u043e\u0442\u043e\u0440\u044b\u0439 \u043c\u044f\u0433\u043a\u043e \u0441\u043f\u043e\u0441\u043e\u0431\u0441\u0442\u0432\u0443\u0435\u0442 \u043e\u0431\u043d\u043e\u0432\u043b\u0435\u043d\u0438\u044e \u043a\u043e\u0436\u0438<\/p>\n<\/li>\n<li class=\"\" data-start=\"856\" data-end=\"958\">\n<p class=\"\" data-start=\"858\" data-end=\"958\"><strong data-start=\"858\" data-end=\"890\">\u041f\u0435\u043f\u0442\u0438\u0434\u044b, \u0443\u043a\u0440\u0435\u043f\u043b\u044f\u044e\u0449\u0438\u0435 \u043a\u043e\u0436\u0443<\/strong>, \u043a\u043e\u0442\u043e\u0440\u044b\u0435 \u0443\u043b\u0443\u0447\u0448\u0430\u044e\u0442 \u044d\u043b\u0430\u0441\u0442\u0438\u0447\u043d\u043e\u0441\u0442\u044c \u043a\u043e\u0436\u0438 \u0438 \u0443\u043c\u0435\u043d\u044c\u0448\u0430\u044e\u0442 \u043c\u0435\u043b\u043a\u0438\u0435 \u043c\u043e\u0440\u0449\u0438\u043d\u044b<\/p>\n<\/li>\n<\/ul>\n<p class=\"\" data-start=\"960\" data-end=\"987\"><strong data-start=\"960\" data-end=\"987\">\u041e\u0441\u043d\u043e\u0432\u043d\u044b\u0435 \u044d\u0444\u0444\u0435\u043a\u0442\u044b:<\/strong><\/p>\n<ul data-start=\"988\" data-end=\"1226\">\n<li class=\"\" data-start=\"988\" data-end=\"1026\">\n<p class=\"\" data-start=\"990\" data-end=\"1026\">\u0417\u0430\u0449\u0438\u0449\u0430\u0435\u0442 \u043a\u043e\u0436\u0443 \u043e\u0442 \u0432\u043d\u0435\u0448\u043d\u0438\u0445 \u0441\u0442\u0440\u0435\u0441\u0441\u043e\u0432<\/p>\n<\/li>\n<li class=\"\" data-start=\"1027\" data-end=\"1071\">\n<p class=\"\" data-start=\"1029\" data-end=\"1071\">\u041f\u043e\u0434\u0434\u0435\u0440\u0436\u0438\u0432\u0430\u0435\u0442 \u0435\u0441\u0442\u0435\u0441\u0442\u0432\u0435\u043d\u043d\u044b\u0439 \u043f\u0440\u043e\u0446\u0435\u0441\u0441 \u0432\u043e\u0441\u0441\u0442\u0430\u043d\u043e\u0432\u043b\u0435\u043d\u0438\u044f \u043a\u043e\u0436\u0438<\/p>\n<\/li>\n<li class=\"\" data-start=\"1072\" data-end=\"1113\">\n<p class=\"\" data-start=\"1074\" data-end=\"1113\">\u0423\u043c\u0435\u043d\u044c\u0448\u0430\u0435\u0442 \u043c\u043e\u0440\u0449\u0438\u043d\u044b \u0438 \u0442\u043e\u043d\u043a\u0438\u0435 \u043b\u0438\u043d\u0438\u0438<\/p>\n<\/li>\n<li class=\"\" data-start=\"1114\" data-end=\"1163\">\n<p class=\"\" data-start=\"1116\" data-end=\"1163\">\u0423\u043a\u0440\u0435\u043f\u043b\u044f\u0435\u0442 \u0438 \u0440\u0430\u0437\u0433\u043b\u0430\u0436\u0438\u0432\u0430\u0435\u0442 \u043a\u043e\u0436\u0443 \u0432\u043e\u043a\u0440\u0443\u0433 \u0433\u043b\u0430\u0437<\/p>\n<\/li>\n<li class=\"\" data-start=\"1164\" data-end=\"1226\">\n<p class=\"\" data-start=\"1166\" data-end=\"1226\">\u041e\u0441\u043e\u0431\u0435\u043d\u043d\u043e \u043f\u043e\u0434\u0445\u043e\u0434\u0438\u0442 \u0434\u043b\u044f \u0447\u0443\u0432\u0441\u0442\u0432\u0438\u0442\u0435\u043b\u044c\u043d\u043e\u0439 \u0438 \u0442\u043e\u043d\u043a\u043e\u0439 \u043a\u043e\u0436\u0438 \u0432\u043e\u043a\u0440\u0443\u0433 \u0433\u043b\u0430\u0437.<\/p>\n<\/li>\n<\/ul>\n<p class=\"\" data-start=\"1228\" data-end=\"1349\">\u0413\u0435\u043b\u0435\u043e\u0431\u0440\u0430\u0437\u043d\u0430\u044f, \u043b\u0435\u0433\u043a\u0430\u044f \u0442\u0435\u043a\u0441\u0442\u0443\u0440\u0430 \u0431\u044b\u0441\u0442\u0440\u043e \u0432\u043f\u0438\u0442\u044b\u0432\u0430\u0435\u0442\u0441\u044f, \u043e\u0441\u0442\u0430\u0432\u043b\u044f\u044f \u043a\u043e\u0436\u0443 \u0441\u0432\u0435\u0436\u0435\u0439 \u0438 \u0443\u0432\u043b\u0430\u0436\u043d\u0435\u043d\u043d\u043e\u0439, \u0431\u0435\u0437 \u043e\u0449\u0443\u0449\u0435\u043d\u0438\u044f \u0436\u0438\u0440\u043d\u043e\u0441\u0442\u0438.<\/p>","protected":false},"excerpt":{"rendered":"<p class=\"\" data-start=\"1405\" data-end=\"1572\"><strong data-start=\"1405\" data-end=\"1572\">\u041c\u044f\u0433\u043a\u0438\u0439 \u0433\u0435\u043b\u044c \u0434\u043b\u044f \u043a\u043e\u0436\u0438 \u0432\u043e\u043a\u0440\u0443\u0433 \u0433\u043b\u0430\u0437, \u043a\u043e\u0442\u043e\u0440\u044b\u0439 \u0437\u0430\u0449\u0438\u0449\u0430\u0435\u0442 \u043a\u043e\u0436\u0443 \u0431\u043b\u0430\u0433\u043e\u0434\u0430\u0440\u044f \u0430\u043d\u0442\u0438\u043e\u043a\u0441\u0438\u0434\u0430\u043d\u0442\u0430\u043c, \u0441\u043f\u043e\u0441\u043e\u0431\u0441\u0442\u0432\u0443\u0435\u0442 \u043e\u0431\u043d\u043e\u0432\u043b\u0435\u043d\u0438\u044e \u0431\u043b\u0430\u0433\u043e\u0434\u0430\u0440\u044f \u043c\u044f\u0433\u043a\u043e\u043c\u0443 \u0432\u0438\u0442\u0430\u043c\u0438\u043d\u0443 \u0410 \u0438 \u0443\u043a\u0440\u0435\u043f\u043b\u044f\u0435\u0442 \u043a\u043e\u0436\u0443 \u0431\u043b\u0430\u0433\u043e\u0434\u0430\u0440\u044f \u043f\u0435\u043f\u0442\u0438\u0434\u0430\u043c. \u041f\u043e\u0434\u0445\u043e\u0434\u0438\u0442 \u0434\u043b\u044f \u0447\u0443\u0432\u0441\u0442\u0432\u0438\u0442\u0435\u043b\u044c\u043d\u043e\u0439 \u043a\u043e\u0436\u0438.<\/strong><\/p>","protected":false},"featured_media":2281,"comment_status":"open","ping_status":"closed","template":"","meta":{"_surecart_dashboard_logo_width":"180px","_surecart_dashboard_show_logo":true,"_surecart_dashboard_navigation_orders":true,"_surecart_dashboard_navigation_invoices":true,"_surecart_dashboard_navigation_subscriptions":true,"_surecart_dashboard_navigation_downloads":true,"_surecart_dashboard_navigation_billing":true,"_surecart_dashboard_navigation_account":true,"_uag_custom_page_level_css":"","site-sidebar-layout":"default","site-content-layout":"","ast-site-content-layout":"default","site-content-style":"default","site-sidebar-style":"default","ast-global-header-display":"","ast-banner-title-visibility":"","ast-main-header-display":"","ast-hfb-above-header-display":"","ast-hfb-below-header-display":"","ast-hfb-mobile-header-display":"","site-post-title":"","ast-breadcrumbs-content":"","ast-featured-img":"","footer-sml-layout":"","theme-transparent-header-meta":"default","adv-header-id-meta":"","stick-header-meta":"default","header-above-stick-meta":"","header-main-stick-meta":"","header-below-stick-meta":"","astra-migrate-meta-layouts":"set","ast-page-background-enabled":"default","ast-page-background-meta":{"desktop":{"background-color":"var(--ast-global-color-4)","background-image":"","background-repeat":"repeat","background-position":"center center","background-size":"auto","background-attachment":"scroll","background-type":"","background-media":"","overlay-type":"","overlay-color":"","overlay-opacity":"","overlay-gradient":""},"tablet":{"background-color":"","background-image":"","background-repeat":"repeat","background-position":"center center","background-size":"auto","background-attachment":"scroll","background-type":"","background-media":"","overlay-type":"","overlay-color":"","overlay-opacity":"","overlay-gradient":""},"mobile":{"background-color":"","background-image":"","background-repeat":"repeat","background-position":"center center","background-size":"auto","background-attachment":"scroll","background-type":"","background-media":"","overlay-type":"","overlay-color":"","overlay-opacity":"","overlay-gradient":""}},"ast-content-background-meta":{"desktop":{"background-color":"var(--ast-global-color-5)","background-image":"","background-repeat":"repeat","background-position":"center center","background-size":"auto","background-attachment":"scroll","background-type":"","background-media":"","overlay-type":"","overlay-color":"","overlay-opacity":"","overlay-gradient":""},"tablet":{"background-color":"var(--ast-global-color-5)","background-image":"","background-repeat":"repeat","background-position":"center center","background-size":"auto","background-attachment":"scroll","background-type":"","background-media":"","overlay-type":"","overlay-color":"","overlay-opacity":"","overlay-gradient":""},"mobile":{"background-color":"var(--ast-global-color-5)","background-image":"","background-repeat":"repeat","background-position":"center center","background-size":"auto","background-attachment":"scroll","background-type":"","background-media":"","overlay-type":"","overlay-color":"","overlay-opacity":"","overlay-gradient":""}}},"product_brand":[],"product_cat":[282],"product_tag":[285,284,291,290,289,292,287,286,288,283],"class_list":{"0":"post-2280","1":"product","2":"type-product","3":"status-publish","4":"has-post-thumbnail","6":"product_cat-silmanymparysihon-hoito-geelit-ja-seerumit","7":"product_tag-a-vitamiini-geeli","8":"product_tag-antioksidanttinen-silmanymparys","9":"product_tag-environ-eye-gel","10":"product_tag-hellavarainen-silmanymparys","11":"product_tag-kiinteyttava-silmanymparysgeeli","12":"product_tag-kosteuttava-silmanymparysgeeli","13":"product_tag-peptidit-silmanymparykselle","14":"product_tag-retinyylipalmitaatti","15":"product_tag-ryppyja-vahentava-geeli","16":"product_tag-silmanymparysgeeli","17":"desktop-align-left","18":"tablet-align-left","19":"mobile-align-left","21":"first","22":"instock","23":"shipping-taxable","24":"purchasable","25":"product-type-simple"},"uagb_featured_image_src":{"full":["https:\/\/vitaroma.fi\/wp-content\/uploads\/2025\/04\/f0c2b5_cc1d2acf3c0f4e3b9962e306314dd00emv2.png",1080,1080,false],"thumbnail":["https:\/\/vitaroma.fi\/wp-content\/uploads\/2025\/04\/f0c2b5_cc1d2acf3c0f4e3b9962e306314dd00emv2-150x150.png",150,150,true],"medium":["https:\/\/vitaroma.fi\/wp-content\/uploads\/2025\/04\/f0c2b5_cc1d2acf3c0f4e3b9962e306314dd00emv2-300x300.png",300,300,true],"medium_large":["https:\/\/vitaroma.fi\/wp-content\/uploads\/2025\/04\/f0c2b5_cc1d2acf3c0f4e3b9962e306314dd00emv2-768x768.png",768,768,true],"large":["https:\/\/vitaroma.fi\/wp-content\/uploads\/2025\/04\/f0c2b5_cc1d2acf3c0f4e3b9962e306314dd00emv2-1024x1024.png",1024,1024,true],"1536x1536":["https:\/\/vitaroma.fi\/wp-content\/uploads\/2025\/04\/f0c2b5_cc1d2acf3c0f4e3b9962e306314dd00emv2.png",1080,1080,false],"2048x2048":["https:\/\/vitaroma.fi\/wp-content\/uploads\/2025\/04\/f0c2b5_cc1d2acf3c0f4e3b9962e306314dd00emv2.png",1080,1080,false],"trp-custom-language-flag":["https:\/\/vitaroma.fi\/wp-content\/uploads\/2025\/04\/f0c2b5_cc1d2acf3c0f4e3b9962e306314dd00emv2-12x12.png",12,12,true],"woocommerce_thumbnail":["https:\/\/vitaroma.fi\/wp-content\/uploads\/2025\/04\/f0c2b5_cc1d2acf3c0f4e3b9962e306314dd00emv2-300x300.png",300,300,true],"woocommerce_single":["https:\/\/vitaroma.fi\/wp-content\/uploads\/2025\/04\/f0c2b5_cc1d2acf3c0f4e3b9962e306314dd00emv2-600x600.png",600,600,true],"woocommerce_gallery_thumbnail":["https:\/\/vitaroma.fi\/wp-content\/uploads\/2025\/04\/f0c2b5_cc1d2acf3c0f4e3b9962e306314dd00emv2-100x100.png",100,100,true]},"uagb_author_info":{"display_name":"emilkemal4@gmail.com","author_link":"https:\/\/vitaroma.fi\/ru\/author\/"},"uagb_comment_info":0,"uagb_excerpt":"Hell\u00e4varainen silm\u00e4nymp\u00e4rysgeeli, joka suojaa ihoa antioksidanteilla, tukee uusiutumista miedolla A-vitamiinilla ja kiinteytt\u00e4\u00e4 peptideill\u00e4. Sopii herk\u00e4lle iholle.","_links":{"self":[{"href":"https:\/\/vitaroma.fi\/ru\/wp-json\/wp\/v2\/product\/2280","targetHints":{"allow":["GET"]}}],"collection":[{"href":"https:\/\/vitaroma.fi\/ru\/wp-json\/wp\/v2\/product"}],"about":[{"href":"https:\/\/vitaroma.fi\/ru\/wp-json\/wp\/v2\/types\/product"}],"replies":[{"embeddable":true,"href":"https:\/\/vitaroma.fi\/ru\/wp-json\/wp\/v2\/comments?post=2280"}],"wp:featuredmedia":[{"embeddable":true,"href":"https:\/\/vitaroma.fi\/ru\/wp-json\/wp\/v2\/media\/2281"}],"wp:attachment":[{"href":"https:\/\/vitaroma.fi\/ru\/wp-json\/wp\/v2\/media?parent=2280"}],"wp:term":[{"taxonomy":"product_brand","embeddable":true,"href":"https:\/\/vitaroma.fi\/ru\/wp-json\/wp\/v2\/product_brand?post=2280"},{"taxonomy":"product_cat","embeddable":true,"href":"https:\/\/vitaroma.fi\/ru\/wp-json\/wp\/v2\/product_cat?post=2280"},{"taxonomy":"product_tag","embeddable":true,"href":"https:\/\/vitaroma.fi\/ru\/wp-json\/wp\/v2\/product_tag?post=2280"}],"curies":[{"name":"wp","href":"https:\/\/api.w.org\/{rel}","templated":true}]}}