{"id":2272,"date":"2025-04-25T23:56:47","date_gmt":"2025-04-25T23:56:47","guid":{"rendered":"https:\/\/vitaroma.fi\/?post_type=product&#038;p=2272"},"modified":"2025-04-25T23:56:47","modified_gmt":"2025-04-25T23:56:47","slug":"fusion-eye-sorbet","status":"publish","type":"product","link":"https:\/\/vitaroma.fi\/ru\/produkt\/\u0441\u043e\u0440\u0431\u0435\u0442-\u0434\u043b\u044f-\u0433\u043b\u0430\u0437-fusion\/","title":{"rendered":"Fusion Eye \u0421\u043e\u0440\u0431\u0435\u0442"},"content":{"rendered":"<p class=\"\" data-start=\"474\" data-end=\"773\"><strong data-start=\"474\" data-end=\"732\">Fusion Eye Sorbet \u2014 \u044d\u0442\u043e \u043e\u0441\u0432\u0435\u0436\u0430\u044e\u0449\u0438\u0439 \u0438 \u0431\u044b\u0441\u0442\u0440\u043e\u0434\u0435\u0439\u0441\u0442\u0432\u0443\u044e\u0449\u0438\u0439 \u043a\u0440\u0435\u043c \u0434\u043b\u044f \u043a\u043e\u0436\u0438 \u0432\u043e\u043a\u0440\u0443\u0433 \u0433\u043b\u0430\u0437, \u0432 \u0441\u043e\u0441\u0442\u0430\u0432 \u043a\u043e\u0442\u043e\u0440\u043e\u0433\u043e \u0432\u0445\u043e\u0434\u044f\u0442 \u0430\u043a\u0442\u0438\u0432\u043d\u044b\u0435 \u0438\u043d\u0433\u0440\u0435\u0434\u0438\u0435\u043d\u0442\u044b \u0438\u0437 \u043e\u0431\u043b\u0430\u0441\u0442\u0438 \u044d\u0441\u0442\u0435\u0442\u0438\u0447\u0435\u0441\u043a\u043e\u0439 \u043c\u0435\u0434\u0438\u0446\u0438\u043d\u044b, \u0440\u0430\u0437\u0433\u043b\u0430\u0436\u0438\u0432\u0430\u044e\u0449\u0438\u0435 \u043c\u043e\u0440\u0449\u0438\u043d\u044b \u0438 \u0442\u043e\u043d\u043a\u0438\u0435 \u043b\u0438\u043d\u0438\u0438 \u0443\u0436\u0435 \u043f\u043e\u0441\u043b\u0435 \u043f\u0435\u0440\u0432\u043e\u0439 \u043c\u0438\u043d\u0443\u0442\u044b \u0438\u0441\u043f\u043e\u043b\u044c\u0437\u043e\u0432\u0430\u043d\u0438\u044f.<\/strong><br data-start=\"732\" data-end=\"735\" \/>\u0412 \u0435\u0433\u043e \u0443\u043d\u0438\u043a\u0430\u043b\u044c\u043d\u044b\u0439 \u0441\u043e\u0441\u0442\u0430\u0432 \u0432\u0445\u043e\u0434\u044f\u0442:<\/p>\n<ul data-start=\"775\" data-end=\"919\">\n<li class=\"\" data-start=\"775\" data-end=\"844\">\n<p class=\"\" data-start=\"777\" data-end=\"844\"><strong data-start=\"777\" data-end=\"803\">\u041e\u043c\u043e\u043b\u0430\u0436\u0438\u0432\u0430\u044e\u0449\u0438\u0439 \u043a\u043e\u043c\u043f\u043b\u0435\u043a\u0441<\/strong>, \u043a\u043e\u0442\u043e\u0440\u044b\u0439 \u0438\u043c\u0435\u0435\u0442 \u0441\u0442\u0440\u0443\u043a\u0442\u0443\u0440\u0443, \u043d\u0430\u043f\u043e\u043c\u0438\u043d\u0430\u044e\u0449\u0443\u044e \u043f\u043b\u0430\u0446\u0435\u043d\u0442\u0443<\/p>\n<\/li>\n<li class=\"\" data-start=\"845\" data-end=\"919\">\n<p class=\"\" data-start=\"847\" data-end=\"919\"><strong data-start=\"847\" data-end=\"875\">\u0411\u043e\u0433\u0430\u0442 \u0444\u0430\u043a\u0442\u043e\u0440\u0430\u043c\u0438 \u0440\u043e\u0441\u0442\u0430<\/strong>, <strong data-start=\"877\" data-end=\"892\">\u0444\u043e\u043b\u0438\u0435\u0432\u0430\u044f \u043a\u0438\u0441\u043b\u043e\u0442\u0430<\/strong> \u0438 <strong data-start=\"896\" data-end=\"919\">\u0430\u0446\u0435\u0442\u0438\u043b\u0433\u043b\u0443\u0442\u0430\u043c\u0438\u043d<\/strong><\/p>\n<\/li>\n<\/ul>\n<p class=\"\" data-start=\"921\" data-end=\"987\"><strong data-start=\"921\" data-end=\"980\">Fusion Eye Sorbet \u043f\u0440\u0435\u0434\u043b\u0430\u0433\u0430\u0435\u0442 \u043a\u043e\u043c\u043f\u043b\u0435\u043a\u0441\u043d\u043e\u0435 \u0440\u0435\u0448\u0435\u043d\u0438\u0435 \u043f\u0440\u043e\u0442\u0438\u0432 \u0441\u0442\u0430\u0440\u0435\u043d\u0438\u044f<\/strong>, \u043a\u043e\u0442\u043e\u0440\u044b\u0439:<\/p>\n<ul data-start=\"989\" data-end=\"1183\">\n<li class=\"\" data-start=\"989\" data-end=\"1039\">\n<p class=\"\" data-start=\"991\" data-end=\"1039\"><strong data-start=\"991\" data-end=\"1006\">\u0412\u043e\u0441\u0441\u0442\u0430\u043d\u0430\u0432\u043b\u0438\u0432\u0430\u0435\u0442 \u043a\u043e\u0436\u0443<\/strong> \u0438 \u0441\u0442\u0438\u043c\u0443\u043b\u0438\u0440\u0443\u0435\u0442 <strong data-start=\"1019\" data-end=\"1037\">\u0440\u043e\u0441\u0442 \u043a\u043b\u0435\u0442\u043e\u043a<\/strong><\/p>\n<\/li>\n<li class=\"\" data-start=\"1040\" data-end=\"1095\">\n<p class=\"\" data-start=\"1042\" data-end=\"1095\"><strong data-start=\"1042\" data-end=\"1093\">\u0417\u0430\u043c\u0435\u0442\u043d\u043e \u0443\u043c\u0435\u043d\u044c\u0448\u0430\u0435\u0442 \u043c\u043e\u0440\u0449\u0438\u043d\u044b \u0438 \u0442\u043e\u043d\u043a\u0438\u0435 \u043b\u0438\u043d\u0438\u0438<\/strong><\/p>\n<\/li>\n<li class=\"\" data-start=\"1096\" data-end=\"1138\">\n<p class=\"\" data-start=\"1098\" data-end=\"1138\"><strong data-start=\"1098\" data-end=\"1118\">\u0423\u043a\u0440\u0435\u043f\u043b\u044f\u0435\u0442 \u043a\u043e\u0436\u0443<\/strong> \u0432\u043e\u043a\u0440\u0443\u0433 \u0433\u043b\u0430\u0437<\/p>\n<\/li>\n<li class=\"\" data-start=\"1139\" data-end=\"1183\">\n<p class=\"\" data-start=\"1141\" data-end=\"1183\"><strong data-start=\"1141\" data-end=\"1183\">\u0423\u0432\u043b\u0430\u0436\u043d\u044f\u0435\u0442 \u0433\u043b\u0443\u0431\u043e\u043a\u043e \u0438 \u043d\u0430\u0434\u043e\u043b\u0433\u043e<\/strong><\/p>\n<\/li>\n<\/ul>\n<p class=\"\" data-start=\"1185\" data-end=\"1225\">\u041a\u0440\u043e\u043c\u0435 \u0442\u043e\u0433\u043e, \u044d\u0442\u043e\u0442 \u044d\u0444\u0444\u0435\u043a\u0442\u0438\u0432\u043d\u044b\u0439 \u043a\u0440\u0435\u043c \u0434\u043b\u044f \u043a\u043e\u0436\u0438 \u0432\u043e\u043a\u0440\u0443\u0433 \u0433\u043b\u0430\u0437:<\/p>\n<ul data-start=\"1227\" data-end=\"1374\">\n<li class=\"\" data-start=\"1227\" data-end=\"1261\">\n<p class=\"\" data-start=\"1229\" data-end=\"1261\"><strong data-start=\"1229\" data-end=\"1259\">\u0423\u043b\u0443\u0447\u0448\u0430\u0435\u0442 \u043c\u0438\u043a\u0440\u043e\u0446\u0438\u0440\u043a\u0443\u043b\u044f\u0446\u0438\u044e<\/strong><\/p>\n<\/li>\n<li class=\"\" data-start=\"1262\" data-end=\"1298\">\n<p class=\"\" data-start=\"1264\" data-end=\"1298\"><strong data-start=\"1264\" data-end=\"1296\">\u0423\u043c\u0435\u043d\u044c\u0448\u0430\u0435\u0442 \u0442\u0435\u043c\u043d\u044b\u0435 \u043a\u0440\u0443\u0433\u0438 \u043f\u043e\u0434 \u0433\u043b\u0430\u0437\u0430\u043c\u0438<\/strong><\/p>\n<\/li>\n<li class=\"\" data-start=\"1299\" data-end=\"1374\">\n<p class=\"\" data-start=\"1301\" data-end=\"1374\"><strong data-start=\"1301\" data-end=\"1332\">\u041f\u0440\u0435\u0434\u043e\u0442\u0432\u0440\u0430\u0449\u0430\u0435\u0442 \u0437\u0430\u0434\u0435\u0440\u0436\u043a\u0443 \u0436\u0438\u0434\u043a\u043e\u0441\u0442\u0438<\/strong> \u0438 \u0443\u043c\u0435\u043d\u044c\u0448\u0438\u0442\u044c <strong data-start=\"1345\" data-end=\"1361\">\u0436\u0438\u0440\u043e\u0432\u044b\u0435 \u043c\u0435\u0448\u043a\u0438<\/strong> \u043f\u043e\u0434 \u0433\u043b\u0430\u0437\u0430\u043c\u0438<\/p>\n<\/li>\n<\/ul>\n<p class=\"\" data-start=\"1376\" data-end=\"1485\">\u041b\u0435\u0433\u043a\u0430\u044f \u0438 \u0441\u0432\u0435\u0436\u0430\u044f \u0433\u0435\u043b\u0435\u0432\u0430\u044f \u0442\u0435\u043a\u0441\u0442\u0443\u0440\u0430 \u0434\u0435\u043b\u0430\u0435\u0442 \u0435\u0433\u043e \u0438\u0434\u0435\u0430\u043b\u044c\u043d\u044b\u043c \u0434\u043b\u044f \u0435\u0436\u0435\u0434\u043d\u0435\u0432\u043d\u043e\u0433\u043e \u0438\u0441\u043f\u043e\u043b\u044c\u0437\u043e\u0432\u0430\u043d\u0438\u044f, \u043d\u0435 \u043e\u0441\u0442\u0430\u0432\u043b\u044f\u044f \u043e\u0449\u0443\u0449\u0435\u043d\u0438\u044f \u0442\u044f\u0436\u0435\u0441\u0442\u0438.<\/p>","protected":false},"excerpt":{"rendered":"<p class=\"\" data-start=\"1541\" data-end=\"1679\"><strong data-start=\"1541\" data-end=\"1679\">\u042d\u0444\u0444\u0435\u043a\u0442\u0438\u0432\u043d\u044b\u0439 \u0438 \u043e\u0441\u0432\u0435\u0436\u0430\u044e\u0449\u0438\u0439 \u043a\u0440\u0435\u043c \u0434\u043b\u044f \u0433\u043b\u0430\u0437, \u043a\u043e\u0442\u043e\u0440\u044b\u0439 \u0440\u0430\u0437\u0433\u043b\u0430\u0436\u0438\u0432\u0430\u0435\u0442 \u043c\u043e\u0440\u0449\u0438\u043d\u044b, \u043e\u0441\u0432\u0435\u0442\u043b\u044f\u0435\u0442 \u0442\u0435\u043c\u043d\u044b\u0435 \u043a\u0440\u0443\u0433\u0438 \u0438 \u0443\u043c\u0435\u043d\u044c\u0448\u0430\u0435\u0442 \u043e\u0442\u0435\u0447\u043d\u043e\u0441\u0442\u044c \u0432\u0441\u0435\u0433\u043e \u0437\u0430 \u043c\u0438\u043d\u0443\u0442\u0443.<\/strong><\/p>","protected":false},"featured_media":2273,"comment_status":"open","ping_status":"closed","template":"","meta":{"_surecart_dashboard_logo_width":"180px","_surecart_dashboard_show_logo":true,"_surecart_dashboard_navigation_orders":true,"_surecart_dashboard_navigation_invoices":true,"_surecart_dashboard_navigation_subscriptions":true,"_surecart_dashboard_navigation_downloads":true,"_surecart_dashboard_navigation_billing":true,"_surecart_dashboard_navigation_account":true,"_uag_custom_page_level_css":"","site-sidebar-layout":"default","site-content-layout":"","ast-site-content-layout":"default","site-content-style":"default","site-sidebar-style":"default","ast-global-header-display":"","ast-banner-title-visibility":"","ast-main-header-display":"","ast-hfb-above-header-display":"","ast-hfb-below-header-display":"","ast-hfb-mobile-header-display":"","site-post-title":"","ast-breadcrumbs-content":"","ast-featured-img":"","footer-sml-layout":"","theme-transparent-header-meta":"default","adv-header-id-meta":"","stick-header-meta":"default","header-above-stick-meta":"","header-main-stick-meta":"","header-below-stick-meta":"","astra-migrate-meta-layouts":"set","ast-page-background-enabled":"default","ast-page-background-meta":{"desktop":{"background-color":"var(--ast-global-color-4)","background-image":"","background-repeat":"repeat","background-position":"center center","background-size":"auto","background-attachment":"scroll","background-type":"","background-media":"","overlay-type":"","overlay-color":"","overlay-opacity":"","overlay-gradient":""},"tablet":{"background-color":"","background-image":"","background-repeat":"repeat","background-position":"center center","background-size":"auto","background-attachment":"scroll","background-type":"","background-media":"","overlay-type":"","overlay-color":"","overlay-opacity":"","overlay-gradient":""},"mobile":{"background-color":"","background-image":"","background-repeat":"repeat","background-position":"center center","background-size":"auto","background-attachment":"scroll","background-type":"","background-media":"","overlay-type":"","overlay-color":"","overlay-opacity":"","overlay-gradient":""}},"ast-content-background-meta":{"desktop":{"background-color":"var(--ast-global-color-5)","background-image":"","background-repeat":"repeat","background-position":"center center","background-size":"auto","background-attachment":"scroll","background-type":"","background-media":"","overlay-type":"","overlay-color":"","overlay-opacity":"","overlay-gradient":""},"tablet":{"background-color":"var(--ast-global-color-5)","background-image":"","background-repeat":"repeat","background-position":"center center","background-size":"auto","background-attachment":"scroll","background-type":"","background-media":"","overlay-type":"","overlay-color":"","overlay-opacity":"","overlay-gradient":""},"mobile":{"background-color":"var(--ast-global-color-5)","background-image":"","background-repeat":"repeat","background-position":"center center","background-size":"auto","background-attachment":"scroll","background-type":"","background-media":"","overlay-type":"","overlay-color":"","overlay-opacity":"","overlay-gradient":""}}},"product_brand":[120],"product_cat":[263],"product_tag":[268,267,266,270,265,269,264,122,223,222],"class_list":{"0":"post-2272","1":"product","2":"type-product","3":"status-publish","4":"has-post-thumbnail","6":"product_brand-ekseption","7":"product_cat-silmanymparysihon-hoito-voiteet-ja-geelit","8":"product_tag-anti-age-silmanymparys","9":"product_tag-asetyyliglutamiini","10":"product_tag-foolihappovoide","11":"product_tag-fusion-eye-sorbet","12":"product_tag-kasvutekijoita-sisaltava-voide","13":"product_tag-pitkakestoinen-kosteutus","14":"product_tag-ryppyja-vahentava-silmanymparys","15":"product_tag-silmanymparysvoide","16":"product_tag-silmapussien-vahentaminen","17":"product_tag-tummien-silmanalusten-hoito","18":"desktop-align-left","19":"tablet-align-left","20":"mobile-align-left","22":"first","23":"instock","24":"shipping-taxable","25":"purchasable","26":"product-type-simple"},"uagb_featured_image_src":{"full":["https:\/\/vitaroma.fi\/wp-content\/uploads\/2025\/04\/f0c2b5_39f39cdefeb746caa3f243217495f001mv2.png",1080,1080,false],"thumbnail":["https:\/\/vitaroma.fi\/wp-content\/uploads\/2025\/04\/f0c2b5_39f39cdefeb746caa3f243217495f001mv2-150x150.png",150,150,true],"medium":["https:\/\/vitaroma.fi\/wp-content\/uploads\/2025\/04\/f0c2b5_39f39cdefeb746caa3f243217495f001mv2-300x300.png",300,300,true],"medium_large":["https:\/\/vitaroma.fi\/wp-content\/uploads\/2025\/04\/f0c2b5_39f39cdefeb746caa3f243217495f001mv2-768x768.png",768,768,true],"large":["https:\/\/vitaroma.fi\/wp-content\/uploads\/2025\/04\/f0c2b5_39f39cdefeb746caa3f243217495f001mv2-1024x1024.png",1024,1024,true],"1536x1536":["https:\/\/vitaroma.fi\/wp-content\/uploads\/2025\/04\/f0c2b5_39f39cdefeb746caa3f243217495f001mv2.png",1080,1080,false],"2048x2048":["https:\/\/vitaroma.fi\/wp-content\/uploads\/2025\/04\/f0c2b5_39f39cdefeb746caa3f243217495f001mv2.png",1080,1080,false],"trp-custom-language-flag":["https:\/\/vitaroma.fi\/wp-content\/uploads\/2025\/04\/f0c2b5_39f39cdefeb746caa3f243217495f001mv2-12x12.png",12,12,true],"woocommerce_thumbnail":["https:\/\/vitaroma.fi\/wp-content\/uploads\/2025\/04\/f0c2b5_39f39cdefeb746caa3f243217495f001mv2-300x300.png",300,300,true],"woocommerce_single":["https:\/\/vitaroma.fi\/wp-content\/uploads\/2025\/04\/f0c2b5_39f39cdefeb746caa3f243217495f001mv2-600x600.png",600,600,true],"woocommerce_gallery_thumbnail":["https:\/\/vitaroma.fi\/wp-content\/uploads\/2025\/04\/f0c2b5_39f39cdefeb746caa3f243217495f001mv2-100x100.png",100,100,true]},"uagb_author_info":{"display_name":"emilkemal4@gmail.com","author_link":"https:\/\/vitaroma.fi\/ru\/author\/"},"uagb_comment_info":0,"uagb_excerpt":"Tehokas ja virkist\u00e4v\u00e4 silm\u00e4nymp\u00e4rysvoide, joka silottaa ryppyj\u00e4, kirkastaa tummia silm\u00e4nalusia ja v\u00e4hent\u00e4\u00e4 turvotusta vain minuutissa.","_links":{"self":[{"href":"https:\/\/vitaroma.fi\/ru\/wp-json\/wp\/v2\/product\/2272","targetHints":{"allow":["GET"]}}],"collection":[{"href":"https:\/\/vitaroma.fi\/ru\/wp-json\/wp\/v2\/product"}],"about":[{"href":"https:\/\/vitaroma.fi\/ru\/wp-json\/wp\/v2\/types\/product"}],"replies":[{"embeddable":true,"href":"https:\/\/vitaroma.fi\/ru\/wp-json\/wp\/v2\/comments?post=2272"}],"wp:featuredmedia":[{"embeddable":true,"href":"https:\/\/vitaroma.fi\/ru\/wp-json\/wp\/v2\/media\/2273"}],"wp:attachment":[{"href":"https:\/\/vitaroma.fi\/ru\/wp-json\/wp\/v2\/media?parent=2272"}],"wp:term":[{"taxonomy":"product_brand","embeddable":true,"href":"https:\/\/vitaroma.fi\/ru\/wp-json\/wp\/v2\/product_brand?post=2272"},{"taxonomy":"product_cat","embeddable":true,"href":"https:\/\/vitaroma.fi\/ru\/wp-json\/wp\/v2\/product_cat?post=2272"},{"taxonomy":"product_tag","embeddable":true,"href":"https:\/\/vitaroma.fi\/ru\/wp-json\/wp\/v2\/product_tag?post=2272"}],"curies":[{"name":"wp","href":"https:\/\/api.w.org\/{rel}","templated":true}]}}