{"id":2270,"date":"2025-04-25T23:53:50","date_gmt":"2025-04-25T23:53:50","guid":{"rendered":"https:\/\/vitaroma.fi\/?post_type=product&#038;p=2270"},"modified":"2025-04-25T23:53:50","modified_gmt":"2025-04-25T23:53:50","slug":"fusion-deep-cleanser","status":"publish","type":"product","link":"https:\/\/vitaroma.fi\/ru\/produkt\/\u0433\u043b\u0443\u0431\u043e\u043a\u043e\u0435-\u043e\u0447\u0438\u0449\u0430\u044e\u0449\u0435\u0435-\u0441\u0440\u0435\u0434\u0441\u0442\u0432\u043e-fusion\/","title":{"rendered":"Fusion \u0413\u043b\u0443\u0431\u043e\u043a\u043e\u0435 \u043e\u0447\u0438\u0449\u0430\u044e\u0449\u0435\u0435 \u0441\u0440\u0435\u0434\u0441\u0442\u0432\u043e"},"content":{"rendered":"<p class=\"\" data-start=\"480\" data-end=\"791\"><strong data-start=\"480\" data-end=\"629\">Fusion Deep Cleanser \u2014 \u044d\u0442\u043e \u0442\u0430\u044e\u0449\u0430\u044f \u043c\u0438\u043a\u0440\u043e\u044d\u043c\u0443\u043b\u044c\u0441\u0438\u044f, \u0441\u043f\u0435\u0446\u0438\u0430\u043b\u044c\u043d\u043e \u0440\u0430\u0437\u0440\u0430\u0431\u043e\u0442\u0430\u043d\u043d\u0430\u044f \u0434\u043b\u044f \u044d\u0444\u0444\u0435\u043a\u0442\u0438\u0432\u043d\u043e\u0433\u043e \u0443\u0434\u0430\u043b\u0435\u043d\u0438\u044f \u043c\u0430\u043a\u0438\u044f\u0436\u0430 \u0438 \u0437\u0430\u0433\u0440\u044f\u0437\u043d\u0435\u043d\u0438\u0439 \u0441\u043e \u0432\u0441\u0435\u0445 \u0442\u0438\u043f\u043e\u0432 \u043a\u043e\u0436\u0438.<\/strong><br data-start=\"629\" data-end=\"632\" \/>\u0415\u0433\u043e <strong data-start=\"636\" data-end=\"674\">\u043f\u0438\u0442\u0430\u0442\u0435\u043b\u044c\u043d\u0430\u044f \u0438 \u0443\u0432\u043b\u0430\u0436\u043d\u044f\u044e\u0449\u0430\u044f \u0444\u043e\u0440\u043c\u0443\u043b\u0430<\/strong> \u0434\u0435\u043b\u0430\u0435\u0442 \u043f\u0440\u043e\u0434\u0443\u043a\u0442 \u0438\u0434\u0435\u0430\u043b\u044c\u043d\u044b\u043c \u0434\u043b\u044f \u043e\u0431\u043e\u0438\u0445 <strong data-start=\"711\" data-end=\"755\">\u0434\u043b\u044f \u043b\u0435\u0447\u0435\u043d\u0438\u044f, \u043f\u0440\u043e\u0432\u043e\u0434\u0438\u043c\u043e\u0433\u043e \u0432 \u0434\u043e\u043c\u0430\u0445 \u043f\u0440\u0435\u0441\u0442\u0430\u0440\u0435\u043b\u044b\u0445<\/strong> \u0447\u0442\u043e <strong data-start=\"761\" data-end=\"790\">\u0434\u043b\u044f \u0435\u0436\u0435\u0434\u043d\u0435\u0432\u043d\u043e\u0433\u043e \u0434\u043e\u043c\u0430\u0448\u043d\u0435\u0433\u043e \u0443\u0445\u043e\u0434\u0430<\/strong>.<\/p>\n<p class=\"\" data-start=\"793\" data-end=\"821\"><strong data-start=\"793\" data-end=\"821\">\u041e\u0441\u043d\u043e\u0432\u043d\u044b\u0435 \u0445\u0430\u0440\u0430\u043a\u0442\u0435\u0440\u0438\u0441\u0442\u0438\u043a\u0438:<\/strong><\/p>\n<ul data-start=\"822\" data-end=\"1121\">\n<li class=\"\" data-start=\"822\" data-end=\"875\">\n<p class=\"\" data-start=\"824\" data-end=\"875\">\u0412 \u0440\u0443\u043a\u0435 <strong data-start=\"838\" data-end=\"873\">\u043d\u0430 \u043b\u0438\u0446\u0435, \u0433\u043b\u0430\u0437\u0430\u0445 \u0438 \u0433\u0443\u0431\u0430\u0445<\/strong><\/p>\n<\/li>\n<li class=\"\" data-start=\"876\" data-end=\"979\">\n<p class=\"\" data-start=\"878\" data-end=\"979\"><strong data-start=\"878\" data-end=\"921\">\u041d\u0438\u0437\u043a\u043e\u043c\u043e\u043b\u0435\u043a\u0443\u043b\u044f\u0440\u043d\u0430\u044f \u0433\u0438\u0430\u043b\u0443\u0440\u043e\u043d\u043e\u0432\u0430\u044f \u043a\u0438\u0441\u043b\u043e\u0442\u0430<\/strong> \u0433\u043b\u0443\u0431\u043e\u043a\u043e \u0443\u0432\u043b\u0430\u0436\u043d\u044f\u0435\u0442 \u043a\u043e\u0436\u0443 \u0438 \u0443\u043c\u0435\u043d\u044c\u0448\u0430\u0435\u0442 \u043f\u043e\u044f\u0432\u043b\u0435\u043d\u0438\u0435 \u043c\u043e\u0440\u0449\u0438\u043d<\/p>\n<\/li>\n<li class=\"\" data-start=\"980\" data-end=\"1042\">\n<p class=\"\" data-start=\"982\" data-end=\"1042\">\u0421\u0432\u0435\u0442, <strong data-start=\"989\" data-end=\"1019\">\u043e\u0449\u0443\u0449\u0435\u043d\u0438\u0435 \u043e\u0445\u043b\u0430\u0436\u0434\u0435\u043d\u0438\u044f \u0438 \u0442\u0430\u044f\u043d\u0438\u044f<\/strong> \u043f\u0440\u0438 \u043d\u0430\u043d\u0435\u0441\u0435\u043d\u0438\u0438 \u043d\u0430 \u043a\u043e\u0436\u0443<\/p>\n<\/li>\n<li class=\"\" data-start=\"1043\" data-end=\"1121\">\n<p class=\"\" data-start=\"1045\" data-end=\"1121\">\u041b\u0438\u0441\u0442\u044c\u044f \u043d\u0430 \u043a\u043e\u0436\u0435 <strong data-start=\"1059\" data-end=\"1086\">\u0442\u043e\u043d\u043a\u0430\u044f \u0437\u0430\u0449\u0438\u0442\u043d\u0430\u044f \u043f\u043b\u0435\u043d\u043a\u0430<\/strong>, \u043a\u043e\u0442\u043e\u0440\u044b\u0439 \u043d\u0435 \u044f\u0432\u043b\u044f\u0435\u0442\u0441\u044f \u043d\u0438 \u0436\u0438\u0440\u043d\u044b\u043c, \u043d\u0438 \u043b\u0438\u043f\u043a\u0438\u043c<\/p>\n<\/li>\n<\/ul>\n<p class=\"\" data-start=\"1123\" data-end=\"1270\"><strong data-start=\"1123\" data-end=\"1141\">\u0413\u0438\u0430\u043b\u0443\u0440\u043e\u043d\u043e\u0432\u0430\u044f \u043a\u0438\u0441\u043b\u043e\u0442\u0430<\/strong>, \u0441\u0430\u043c\u044b\u0439 \u0443\u0432\u043b\u0430\u0436\u043d\u044f\u044e\u0449\u0438\u0439 \u0438\u0437 \u0438\u0437\u0432\u0435\u0441\u0442\u043d\u044b\u0445 \u0431\u0438\u043e\u043f\u043e\u043b\u0438\u043c\u0435\u0440\u043e\u0432, \u0440\u0430\u0431\u043e\u0442\u0430\u0435\u0442 \u0432 \u0436\u0438\u0432\u044b\u0445 \u0442\u043a\u0430\u043d\u044f\u0445 <strong data-start=\"1206\" data-end=\"1269\">\u043a\u0430\u043a \u043e\u0440\u0433\u0430\u043d\u0438\u0437\u0430\u0442\u043e\u0440 \u0441\u043e\u0435\u0434\u0438\u043d\u0438\u0442\u0435\u043b\u044c\u043d\u043e\u0439 \u0442\u043a\u0430\u043d\u0438 \u0438 \u044d\u0444\u0444\u0435\u043a\u0442\u0438\u0432\u043d\u044b\u0439 \u0430\u0433\u0435\u043d\u0442, \u0443\u0434\u0435\u0440\u0436\u0438\u0432\u0430\u044e\u0449\u0438\u0439 \u0432\u043e\u0434\u0443<\/strong>.<\/p>\n<p class=\"\" data-start=\"1272\" data-end=\"1507\"><strong data-start=\"1272\" data-end=\"1305\">\u0413\u0438\u0430\u043b\u0443\u0440\u043e\u043d\u0430\u0442 \u043d\u0430\u0442\u0440\u0438\u044f \u0438\u0441\u043f\u043e\u043b\u044c\u0437\u0443\u0435\u0442\u0441\u044f<\/strong> \u043f\u043e\u043b\u0443\u0447\u0435\u043d\u043d\u044b\u0439 <strong data-start=\"1314\" data-end=\"1374\">\u0441 \u0431\u0438\u043e\u0442\u0435\u0445\u043d\u043e\u043b\u043e\u0433\u0438\u0447\u0435\u0441\u043a\u0438 \u0431\u0435\u0437\u043e\u043f\u0430\u0441\u043d\u044b\u043c \u0438 \u0447\u0438\u0441\u0442\u044b\u043c \u043f\u0440\u043e\u0446\u0435\u0441\u0441\u043e\u043c<\/strong>, \u043a\u043e\u0442\u043e\u0440\u044b\u0439 \u044f\u0432\u043b\u044f\u0435\u0442\u0441\u044f <strong data-start=\"1384\" data-end=\"1397\">\u0431\u0435\u0437 \u0413\u041c\u041e<\/strong>.<br data-start=\"1398\" data-end=\"1401\" \/><strong data-start=\"1401\" data-end=\"1455\">XS \u0433\u0438\u0430\u043b\u0443\u0440\u043e\u043d\u043e\u0432\u0430\u044f \u043a\u0438\u0441\u043b\u043e\u0442\u0430 \u0443\u043b\u044c\u0442\u0440\u0430\u043d\u0438\u0437\u043a\u043e\u0439 \u043c\u043e\u043b\u0435\u043a\u0443\u043b\u044f\u0440\u043d\u043e\u0439 \u043c\u0430\u0441\u0441\u044b<\/strong> \u043e\u0431\u0435\u0441\u043f\u0435\u0447\u0438\u0432\u0430\u0435\u0442 \u0431\u043e\u043b\u0435\u0435 \u0433\u043b\u0443\u0431\u043e\u043a\u043e\u0435 \u0432\u043f\u0438\u0442\u044b\u0432\u0430\u043d\u0438\u0435 \u0432 \u043a\u043e\u0436\u0443, \u0443\u043b\u0443\u0447\u0448\u0430\u044f:<\/p>\n<ul data-start=\"1509\" data-end=\"1599\">\n<li class=\"\" data-start=\"1509\" data-end=\"1546\">\n<p class=\"\" data-start=\"1511\" data-end=\"1546\">\u0412\u044f\u0437\u043a\u043e\u0443\u043f\u0440\u0443\u0433\u0438\u0435 \u0441\u0432\u043e\u0439\u0441\u0442\u0432\u0430 \u043a\u043e\u0436\u0438<\/p>\n<\/li>\n<li class=\"\" data-start=\"1547\" data-end=\"1599\">\n<p class=\"\" data-start=\"1549\" data-end=\"1599\">\u0417\u043d\u0430\u0447\u0438\u0442\u0435\u043b\u044c\u043d\u043e\u0435 \u0443\u043c\u0435\u043d\u044c\u0448\u0435\u043d\u0438\u0435 \u043f\u043e\u044f\u0432\u043b\u0435\u043d\u0438\u044f \u0433\u043b\u0443\u0431\u043e\u043a\u0438\u0445 \u043c\u043e\u0440\u0449\u0438\u043d<\/p>\n<\/li>\n<\/ul>\n<p class=\"\" data-start=\"1601\" data-end=\"1707\">Fusion Deep Cleanser \u043f\u0440\u0435\u0434\u043b\u0430\u0433\u0430\u0435\u0442 <strong data-start=\"1630\" data-end=\"1680\">\u0434\u043b\u044f \u0441\u0432\u0435\u0436\u0435\u0433\u043e, \u0443\u0432\u043b\u0430\u0436\u043d\u0435\u043d\u043d\u043e\u0433\u043e \u0438 \u043c\u044f\u0433\u043a\u043e\u0433\u043e \u0440\u0435\u0437\u0443\u043b\u044c\u0442\u0430\u0442\u0430<\/strong> \u043f\u0440\u0438 \u043a\u0430\u0436\u0434\u043e\u043c \u0438\u0441\u043f\u043e\u043b\u044c\u0437\u043e\u0432\u0430\u043d\u0438\u0438.<\/p>","protected":false},"excerpt":{"rendered":"<p class=\"\" data-start=\"1763\" data-end=\"1929\"><strong data-start=\"1763\" data-end=\"1929\">\u0422\u0430\u044e\u0449\u0430\u044f \u0438 \u043e\u0445\u043b\u0430\u0436\u0434\u0430\u044e\u0449\u0430\u044f \u043c\u0438\u043a\u0440\u043e\u044d\u043c\u0443\u043b\u044c\u0441\u0438\u044f, \u043a\u043e\u0442\u043e\u0440\u0430\u044f \u044d\u0444\u0444\u0435\u043a\u0442\u0438\u0432\u043d\u043e \u0443\u0434\u0430\u043b\u044f\u0435\u0442 \u043c\u0430\u043a\u0438\u044f\u0436 \u0438 \u0437\u0430\u0433\u0440\u044f\u0437\u043d\u0435\u043d\u0438\u044f, \u0433\u043b\u0443\u0431\u043e\u043a\u043e \u0443\u0432\u043b\u0430\u0436\u043d\u044f\u044f \u043a\u043e\u0436\u0443 \u043d\u0438\u0437\u043a\u043e\u043c\u043e\u043b\u0435\u043a\u0443\u043b\u044f\u0440\u043d\u043e\u0439 \u0433\u0438\u0430\u043b\u0443\u0440\u043e\u043d\u043e\u0432\u043e\u0439 \u043a\u0438\u0441\u043b\u043e\u0442\u043e\u0439.<\/strong><\/p>","protected":false},"featured_media":2271,"comment_status":"open","ping_status":"closed","template":"","meta":{"_surecart_dashboard_logo_width":"180px","_surecart_dashboard_show_logo":true,"_surecart_dashboard_navigation_orders":true,"_surecart_dashboard_navigation_invoices":true,"_surecart_dashboard_navigation_subscriptions":true,"_surecart_dashboard_navigation_downloads":true,"_surecart_dashboard_navigation_billing":true,"_surecart_dashboard_navigation_account":true,"_uag_custom_page_level_css":"","site-sidebar-layout":"default","site-content-layout":"","ast-site-content-layout":"default","site-content-style":"default","site-sidebar-style":"default","ast-global-header-display":"","ast-banner-title-visibility":"","ast-main-header-display":"","ast-hfb-above-header-display":"","ast-hfb-below-header-display":"","ast-hfb-mobile-header-display":"","site-post-title":"","ast-breadcrumbs-content":"","ast-featured-img":"","footer-sml-layout":"","ast-disable-related-posts":"","theme-transparent-header-meta":"default","adv-header-id-meta":"","stick-header-meta":"default","header-above-stick-meta":"","header-main-stick-meta":"","header-below-stick-meta":"","astra-migrate-meta-layouts":"set","ast-page-background-enabled":"default","ast-page-background-meta":{"desktop":{"background-color":"var(--ast-global-color-4)","background-image":"","background-repeat":"repeat","background-position":"center center","background-size":"auto","background-attachment":"scroll","background-type":"","background-media":"","overlay-type":"","overlay-color":"","overlay-opacity":"","overlay-gradient":""},"tablet":{"background-color":"","background-image":"","background-repeat":"repeat","background-position":"center center","background-size":"auto","background-attachment":"scroll","background-type":"","background-media":"","overlay-type":"","overlay-color":"","overlay-opacity":"","overlay-gradient":""},"mobile":{"background-color":"","background-image":"","background-repeat":"repeat","background-position":"center center","background-size":"auto","background-attachment":"scroll","background-type":"","background-media":"","overlay-type":"","overlay-color":"","overlay-opacity":"","overlay-gradient":""}},"ast-content-background-meta":{"desktop":{"background-color":"var(--ast-global-color-5)","background-image":"","background-repeat":"repeat","background-position":"center center","background-size":"auto","background-attachment":"scroll","background-type":"","background-media":"","overlay-type":"","overlay-color":"","overlay-opacity":"","overlay-gradient":""},"tablet":{"background-color":"var(--ast-global-color-5)","background-image":"","background-repeat":"repeat","background-position":"center center","background-size":"auto","background-attachment":"scroll","background-type":"","background-media":"","overlay-type":"","overlay-color":"","overlay-opacity":"","overlay-gradient":""},"mobile":{"background-color":"var(--ast-global-color-5)","background-image":"","background-repeat":"repeat","background-position":"center center","background-size":"auto","background-attachment":"scroll","background-type":"","background-media":"","overlay-type":"","overlay-color":"","overlay-opacity":"","overlay-gradient":""}}},"product_brand":[120],"product_cat":[252],"product_tag":[262,259,255,256,253,254,261,257,258,260],"class_list":{"0":"post-2270","1":"product","2":"type-product","3":"status-publish","4":"has-post-thumbnail","6":"product_brand-ekseption","7":"product_cat-kasvojen-hoito-puhdistusaineet","8":"product_tag-fusion-deep-cleanser","9":"product_tag-gmo-vapaa-hyaluronihappo","10":"product_tag-hyaluronihappo-puhdistusaine","11":"product_tag-kosteuttava-kasvojen-puhdistus","12":"product_tag-meikinpoistoaine","13":"product_tag-mikro-emulsio-puhdistaja","14":"product_tag-ryppyja-vahentava-puhdistusaine","15":"product_tag-sulava-puhdistaja","16":"product_tag-viilentava-kasvojen-puhdistus","17":"product_tag-xs-hyaluronihappo","18":"desktop-align-left","19":"tablet-align-left","20":"mobile-align-left","22":"first","23":"instock","24":"shipping-taxable","25":"purchasable","26":"product-type-simple"},"uagb_featured_image_src":{"full":["https:\/\/vitaroma.fi\/wp-content\/uploads\/2025\/04\/f0c2b5_88e692fac59a455ba7114871eaf5b73fmv2.png",1080,1080,false],"thumbnail":["https:\/\/vitaroma.fi\/wp-content\/uploads\/2025\/04\/f0c2b5_88e692fac59a455ba7114871eaf5b73fmv2-150x150.png",150,150,true],"medium":["https:\/\/vitaroma.fi\/wp-content\/uploads\/2025\/04\/f0c2b5_88e692fac59a455ba7114871eaf5b73fmv2-300x300.png",300,300,true],"medium_large":["https:\/\/vitaroma.fi\/wp-content\/uploads\/2025\/04\/f0c2b5_88e692fac59a455ba7114871eaf5b73fmv2-768x768.png",768,768,true],"large":["https:\/\/vitaroma.fi\/wp-content\/uploads\/2025\/04\/f0c2b5_88e692fac59a455ba7114871eaf5b73fmv2-1024x1024.png",1024,1024,true],"1536x1536":["https:\/\/vitaroma.fi\/wp-content\/uploads\/2025\/04\/f0c2b5_88e692fac59a455ba7114871eaf5b73fmv2.png",1080,1080,false],"2048x2048":["https:\/\/vitaroma.fi\/wp-content\/uploads\/2025\/04\/f0c2b5_88e692fac59a455ba7114871eaf5b73fmv2.png",1080,1080,false],"trp-custom-language-flag":["https:\/\/vitaroma.fi\/wp-content\/uploads\/2025\/04\/f0c2b5_88e692fac59a455ba7114871eaf5b73fmv2-12x12.png",12,12,true],"woocommerce_thumbnail":["https:\/\/vitaroma.fi\/wp-content\/uploads\/2025\/04\/f0c2b5_88e692fac59a455ba7114871eaf5b73fmv2-300x300.png",300,300,true],"woocommerce_single":["https:\/\/vitaroma.fi\/wp-content\/uploads\/2025\/04\/f0c2b5_88e692fac59a455ba7114871eaf5b73fmv2-600x600.png",600,600,true],"woocommerce_gallery_thumbnail":["https:\/\/vitaroma.fi\/wp-content\/uploads\/2025\/04\/f0c2b5_88e692fac59a455ba7114871eaf5b73fmv2-100x100.png",100,100,true]},"uagb_author_info":{"display_name":"emilkemal4@gmail.com","author_link":"https:\/\/vitaroma.fi\/ru\/author\/"},"uagb_comment_info":0,"uagb_excerpt":"Sulava ja viilent\u00e4v\u00e4 mikro-emulsio, joka poistaa meikin ja ep\u00e4puhtaudet tehokkaasti, samalla kosteuttaen ihoa syv\u00e4lt\u00e4 matalamolekyylipainoisella hyaluronihapolla.","_links":{"self":[{"href":"https:\/\/vitaroma.fi\/ru\/wp-json\/wp\/v2\/product\/2270","targetHints":{"allow":["GET"]}}],"collection":[{"href":"https:\/\/vitaroma.fi\/ru\/wp-json\/wp\/v2\/product"}],"about":[{"href":"https:\/\/vitaroma.fi\/ru\/wp-json\/wp\/v2\/types\/product"}],"replies":[{"embeddable":true,"href":"https:\/\/vitaroma.fi\/ru\/wp-json\/wp\/v2\/comments?post=2270"}],"wp:featuredmedia":[{"embeddable":true,"href":"https:\/\/vitaroma.fi\/ru\/wp-json\/wp\/v2\/media\/2271"}],"wp:attachment":[{"href":"https:\/\/vitaroma.fi\/ru\/wp-json\/wp\/v2\/media?parent=2270"}],"wp:term":[{"taxonomy":"product_brand","embeddable":true,"href":"https:\/\/vitaroma.fi\/ru\/wp-json\/wp\/v2\/product_brand?post=2270"},{"taxonomy":"product_cat","embeddable":true,"href":"https:\/\/vitaroma.fi\/ru\/wp-json\/wp\/v2\/product_cat?post=2270"},{"taxonomy":"product_tag","embeddable":true,"href":"https:\/\/vitaroma.fi\/ru\/wp-json\/wp\/v2\/product_tag?post=2270"}],"curies":[{"name":"wp","href":"https:\/\/api.w.org\/{rel}","templated":true}]}}